{"id":22663,"date":"2020-03-05T11:24:11","date_gmt":"2020-03-05T11:24:11","guid":{"rendered":"https:\/\/www.eliassen.nl\/?product=glas-presse-papier-driehoek-rood"},"modified":"2026-03-13T10:33:37","modified_gmt":"2026-03-13T09:33:37","slug":"briefbeschwerer-aus-kristallglas-dreieck-rot","status":"publish","type":"product","link":"https:\/\/www.eliassen.nl\/de\/briefbeschwerer-aus-kristallglas-dreieck-rot\/","title":{"rendered":"Glas Briefbeschwerer Dreieck rot 10cm"},"content":{"rendered":"<p data-path-to-node=\"1\">Verleihen Sie Ihrer Einrichtung einen warmen und kraftvollen Touch mit diesem einzigartigen dreieckigen Briefbeschwerer der Marke Loranto. Dieses besondere Objekt ist aus massivem Kristallglas gefertigt und von handwerklichen Glasbl\u00e4sern in B\u00f6hmen mundgeblasen. Die schlanke dreieckige Form wird durch die intensive rote Farbe im Kern des klaren Glases spielerisch durchbrochen, wodurch eine sch\u00f6ne Tiefenwirkung entsteht.<\/p>\n<p data-path-to-node=\"2\">Dieses solide Glasobjekt ist nicht nur eine Augenweide, sondern auch \u00e4u\u00dferst funktionell. Dank seines Gewichts h\u00e4lt er Ihre Papiere ordentlich auf Ihrem Schreibtisch an Ort und Stelle. Es sieht auch als dekoratives Kunstwerk auf einer Anrichte, auf der Fensterbank oder in einem offenen Schrank gro\u00dfartig aus, wo das Licht die rote Farbe f\u00fcr sich sprechen l\u00e4sst. Da jeder Briefbeschwerer handgefertigt ist, gleicht kein Exemplar dem anderen, so dass Sie immer ein Unikat besitzen.<\/p>\n","protected":false},"excerpt":{"rendered":"<p>Dieser Briefbeschwerer aus massivem Glas in dreieckiger Form kombiniert klares Kristallglas mit einem intensiv roten Muster. Lorantos mundgeblasenes Objekt ist sowohl ein funktionelles Schreibtisch-Accessoire als auch ein attraktives Dekorationsst\u00fcck. Da es handgefertigt ist, ist jedes St\u00fcck einzigartig.<\/p>\n","protected":false},"featured_media":22654,"template":"","meta":{"_acf_changed":false,"_genesis_title":"","_genesis_description":""},"product_brand":[6958],"product_cat":[830,800,815],"product_tag":[],"class_list":{"0":"post-22663","1":"product","2":"type-product","3":"status-publish","4":"has-post-thumbnail","6":"product_brand-loranto-de","7":"product_cat-briefbeschwerer","8":"product_cat-glaskunst","9":"product_cat-kristallglas","11":"first","12":"instock","13":"taxable","14":"shipping-taxable","15":"purchasable","16":"product-type-simple"},"acf":[],"meta_all":{"total_sales":"2","wcml_sync_hash":{"postmeta_fields":"88f6b9d1ad78caab6116755f31ab2856"},"attr_label_translations":[],"cor_restricted_countries":[]},"meta_all_flat":{"total_sales":"2","wcml_sync_hash.postmeta_fields":"88f6b9d1ad78caab6116755f31ab2856"},"yoast_head":"<!-- This site is optimized with the Yoast SEO Premium plugin v26.2 (Yoast SEO v27.2) - https:\/\/yoast.com\/product\/yoast-seo-premium-wordpress\/ -->\n<title>Kristallglas Briefbeschwerer Triangle rot | Eliassen<\/title>\n<meta name=\"description\" content=\"Einzigartiger dreieckiger Briefbeschwerer aus Kristallglas in Rot. Handgefertigtes Design von Loranto. Perfekt als Schreibtisch-Accessoire oder Dekoration. Sehen Sie es sich jetzt an!\" \/>\n<meta name=\"robots\" content=\"index, follow, max-snippet:-1, max-image-preview:large, max-video-preview:-1\" \/>\n<link rel=\"canonical\" href=\"https:\/\/www.eliassen.nl\/de\/briefbeschwerer-aus-kristallglas-dreieck-rot\/\" \/>\n<meta property=\"og:locale\" content=\"de_DE\" \/>\n<meta property=\"og:type\" content=\"article\" \/>\n<meta property=\"og:title\" content=\"Loranto Glas Briefbeschwerer Dreieck rot 10cm - Eliassen.nl\" \/>\n<meta property=\"og:description\" content=\"Einzigartiger dreieckiger Briefbeschwerer aus Kristallglas in Rot. Handgefertigtes Design von Loranto. Perfekt als Schreibtisch-Accessoire oder Dekoration. Sehen Sie es sich jetzt an!\" \/>\n<meta property=\"og:url\" content=\"https:\/\/www.eliassen.nl\/de\/briefbeschwerer-aus-kristallglas-dreieck-rot\/\" \/>\n<meta property=\"og:site_name\" content=\"Eliassen.nl\" \/>\n<meta property=\"article:publisher\" content=\"https:\/\/www.facebook.com\/TuincentrumEliassenAmmerzoden\" \/>\n<meta property=\"article:modified_time\" content=\"2026-03-13T09:33:37+00:00\" \/>\n<meta property=\"og:image\" content=\"https:\/\/www.eliassen.nl\/wp-content\/uploads\/2024\/01\/mijnproject_113nd.png\" \/>\n\t<meta property=\"og:image:width\" content=\"750\" \/>\n\t<meta property=\"og:image:height\" content=\"1000\" \/>\n\t<meta property=\"og:image:type\" content=\"image\/png\" \/>\n<meta name=\"twitter:card\" content=\"summary_large_image\" \/>\n<script type=\"application\/ld+json\" class=\"yoast-schema-graph\">{\"@context\":\"https:\/\/schema.org\",\"@graph\":[{\"@type\":\"WebPage\",\"@id\":\"https:\/\/www.eliassen.nl\/de\/briefbeschwerer-aus-kristallglas-dreieck-rot\/\",\"url\":\"https:\/\/www.eliassen.nl\/de\/briefbeschwerer-aus-kristallglas-dreieck-rot\/\",\"name\":\"Kristallglas Briefbeschwerer Triangle rot | Eliassen\",\"isPartOf\":{\"@id\":\"https:\/\/www.eliassen.nl\/de\/#website\"},\"primaryImageOfPage\":{\"@id\":\"https:\/\/www.eliassen.nl\/de\/briefbeschwerer-aus-kristallglas-dreieck-rot\/#primaryimage\"},\"image\":{\"@id\":\"https:\/\/www.eliassen.nl\/de\/briefbeschwerer-aus-kristallglas-dreieck-rot\/#primaryimage\"},\"thumbnailUrl\":\"https:\/\/www.eliassen.nl\/wp-content\/uploads\/2024\/01\/mijnproject_113nd.png\",\"datePublished\":\"2020-03-05T11:24:11+00:00\",\"dateModified\":\"2026-03-13T09:33:37+00:00\",\"description\":\"Einzigartiger dreieckiger Briefbeschwerer aus Kristallglas in Rot. Handgefertigtes Design von Loranto. Perfekt als Schreibtisch-Accessoire oder Dekoration. Sehen Sie es sich jetzt an!\",\"breadcrumb\":{\"@id\":\"https:\/\/www.eliassen.nl\/de\/briefbeschwerer-aus-kristallglas-dreieck-rot\/#breadcrumb\"},\"inLanguage\":\"de\",\"potentialAction\":[{\"@type\":\"ReadAction\",\"target\":[\"https:\/\/www.eliassen.nl\/de\/briefbeschwerer-aus-kristallglas-dreieck-rot\/\"]}]},{\"@type\":\"ImageObject\",\"inLanguage\":\"de\",\"@id\":\"https:\/\/www.eliassen.nl\/de\/briefbeschwerer-aus-kristallglas-dreieck-rot\/#primaryimage\",\"url\":\"https:\/\/www.eliassen.nl\/wp-content\/uploads\/2024\/01\/mijnproject_113nd.png\",\"contentUrl\":\"https:\/\/www.eliassen.nl\/wp-content\/uploads\/2024\/01\/mijnproject_113nd.png\",\"width\":750,\"height\":1000,\"caption\":\"Mein Projekt\"},{\"@type\":\"BreadcrumbList\",\"@id\":\"https:\/\/www.eliassen.nl\/de\/briefbeschwerer-aus-kristallglas-dreieck-rot\/#breadcrumb\",\"itemListElement\":[{\"@type\":\"ListItem\",\"position\":1,\"name\":\"Home\",\"item\":\"https:\/\/www.eliassen.nl\/de\/\"},{\"@type\":\"ListItem\",\"position\":2,\"name\":\"Shop\",\"item\":\"https:\/\/www.eliassen.nl\/de\/shop\/\"},{\"@type\":\"ListItem\",\"position\":3,\"name\":\"Glaskunst\",\"item\":\"https:\/\/www.eliassen.nl\/de\/glaskunst\/\"},{\"@type\":\"ListItem\",\"position\":4,\"name\":\"Briefbeschwerer\",\"item\":\"https:\/\/www.eliassen.nl\/de\/glaskunst\/briefbeschwerer\/\"},{\"@type\":\"ListItem\",\"position\":5,\"name\":\"Glas Briefbeschwerer Dreieck rot 10cm\"}]},{\"@type\":\"WebSite\",\"@id\":\"https:\/\/www.eliassen.nl\/de\/#website\",\"url\":\"https:\/\/www.eliassen.nl\/de\/\",\"name\":\"Eliassen Home & Garden Pleasure\",\"description\":\"\",\"publisher\":{\"@id\":\"https:\/\/www.eliassen.nl\/de\/#organization\"},\"alternateName\":\"Eliassen.nl\",\"potentialAction\":[{\"@type\":\"SearchAction\",\"target\":{\"@type\":\"EntryPoint\",\"urlTemplate\":\"https:\/\/www.eliassen.nl\/de\/?s={search_term_string}\"},\"query-input\":{\"@type\":\"PropertyValueSpecification\",\"valueRequired\":true,\"valueName\":\"search_term_string\"}}],\"inLanguage\":\"de\"},{\"@type\":[\"Organization\",\"Place\"],\"@id\":\"https:\/\/www.eliassen.nl\/de\/#organization\",\"name\":\"Eliassen Home & Garden Pleasure\",\"url\":\"https:\/\/www.eliassen.nl\/de\/\",\"logo\":{\"@id\":\"https:\/\/www.eliassen.nl\/de\/briefbeschwerer-aus-kristallglas-dreieck-rot\/#local-main-organization-logo\"},\"image\":{\"@id\":\"https:\/\/www.eliassen.nl\/de\/briefbeschwerer-aus-kristallglas-dreieck-rot\/#local-main-organization-logo\"},\"sameAs\":[\"https:\/\/www.facebook.com\/TuincentrumEliassenAmmerzoden\",\"https:\/\/www.instagram.com\/eliassenhomeandgarden\/\",\"https:\/\/nl.pinterest.com\/eliassenhomeandgarden\/\",\"https:\/\/www.youtube.com\/@eliassenhomegardenpleasure4558\"],\"telephone\":[],\"openingHoursSpecification\":[{\"@type\":\"OpeningHoursSpecification\",\"dayOfWeek\":[\"Monday\",\"Tuesday\",\"Wednesday\",\"Thursday\",\"Friday\",\"Saturday\",\"Sunday\"],\"opens\":\"09:00\",\"closes\":\"17:00\"}]},{\"@type\":\"ImageObject\",\"inLanguage\":\"de\",\"@id\":\"https:\/\/www.eliassen.nl\/de\/briefbeschwerer-aus-kristallglas-dreieck-rot\/#local-main-organization-logo\",\"url\":\"https:\/\/www.eliassen.nl\/wp-content\/uploads\/2024\/01\/logo_4nd.jpg\",\"contentUrl\":\"https:\/\/www.eliassen.nl\/wp-content\/uploads\/2024\/01\/logo_4nd.jpg\",\"width\":500,\"height\":500,\"caption\":\"Eliassen Home & Garden Pleasure\"}]}<\/script>\n<meta property=\"product:price:amount\" content=\"29.50\" \/>\n<meta property=\"product:price:currency\" content=\"EUR\" \/>\n<meta property=\"og:availability\" content=\"instock\" \/>\n<meta property=\"product:availability\" content=\"instock\" \/>\n<meta property=\"product:retailer_item_id\" content=\"9160.r\" \/>\n<meta property=\"product:condition\" content=\"new\" \/>\n<!-- \/ Yoast SEO Premium plugin. -->","yoast_head_json":{"title":"Kristallglas Briefbeschwerer Triangle rot | Eliassen","description":"Einzigartiger dreieckiger Briefbeschwerer aus Kristallglas in Rot. Handgefertigtes Design von Loranto. Perfekt als Schreibtisch-Accessoire oder Dekoration. Sehen Sie es sich jetzt an!","robots":{"index":"index","follow":"follow","max-snippet":"max-snippet:-1","max-image-preview":"max-image-preview:large","max-video-preview":"max-video-preview:-1"},"canonical":"https:\/\/www.eliassen.nl\/de\/briefbeschwerer-aus-kristallglas-dreieck-rot\/","og_locale":"de_DE","og_type":"article","og_title":"Loranto Glas Briefbeschwerer Dreieck rot 10cm - Eliassen.nl","og_description":"Einzigartiger dreieckiger Briefbeschwerer aus Kristallglas in Rot. Handgefertigtes Design von Loranto. Perfekt als Schreibtisch-Accessoire oder Dekoration. Sehen Sie es sich jetzt an!","og_url":"https:\/\/www.eliassen.nl\/de\/briefbeschwerer-aus-kristallglas-dreieck-rot\/","og_site_name":"Eliassen.nl","article_publisher":"https:\/\/www.facebook.com\/TuincentrumEliassenAmmerzoden","article_modified_time":"2026-03-13T09:33:37+00:00","og_image":[{"width":750,"height":1000,"url":"https:\/\/www.eliassen.nl\/wp-content\/uploads\/2024\/01\/mijnproject_113nd.png","type":"image\/png"}],"twitter_card":"summary_large_image","schema":{"@context":"https:\/\/schema.org","@graph":[{"@type":"WebPage","@id":"https:\/\/www.eliassen.nl\/de\/briefbeschwerer-aus-kristallglas-dreieck-rot\/","url":"https:\/\/www.eliassen.nl\/de\/briefbeschwerer-aus-kristallglas-dreieck-rot\/","name":"Kristallglas Briefbeschwerer Triangle rot | Eliassen","isPartOf":{"@id":"https:\/\/www.eliassen.nl\/de\/#website"},"primaryImageOfPage":{"@id":"https:\/\/www.eliassen.nl\/de\/briefbeschwerer-aus-kristallglas-dreieck-rot\/#primaryimage"},"image":{"@id":"https:\/\/www.eliassen.nl\/de\/briefbeschwerer-aus-kristallglas-dreieck-rot\/#primaryimage"},"thumbnailUrl":"https:\/\/www.eliassen.nl\/wp-content\/uploads\/2024\/01\/mijnproject_113nd.png","datePublished":"2020-03-05T11:24:11+00:00","dateModified":"2026-03-13T09:33:37+00:00","description":"Einzigartiger dreieckiger Briefbeschwerer aus Kristallglas in Rot. Handgefertigtes Design von Loranto. Perfekt als Schreibtisch-Accessoire oder Dekoration. Sehen Sie es sich jetzt an!","breadcrumb":{"@id":"https:\/\/www.eliassen.nl\/de\/briefbeschwerer-aus-kristallglas-dreieck-rot\/#breadcrumb"},"inLanguage":"de","potentialAction":[{"@type":"ReadAction","target":["https:\/\/www.eliassen.nl\/de\/briefbeschwerer-aus-kristallglas-dreieck-rot\/"]}]},{"@type":"ImageObject","inLanguage":"de","@id":"https:\/\/www.eliassen.nl\/de\/briefbeschwerer-aus-kristallglas-dreieck-rot\/#primaryimage","url":"https:\/\/www.eliassen.nl\/wp-content\/uploads\/2024\/01\/mijnproject_113nd.png","contentUrl":"https:\/\/www.eliassen.nl\/wp-content\/uploads\/2024\/01\/mijnproject_113nd.png","width":750,"height":1000,"caption":"Mein Projekt"},{"@type":"BreadcrumbList","@id":"https:\/\/www.eliassen.nl\/de\/briefbeschwerer-aus-kristallglas-dreieck-rot\/#breadcrumb","itemListElement":[{"@type":"ListItem","position":1,"name":"Home","item":"https:\/\/www.eliassen.nl\/de\/"},{"@type":"ListItem","position":2,"name":"Shop","item":"https:\/\/www.eliassen.nl\/de\/shop\/"},{"@type":"ListItem","position":3,"name":"Glaskunst","item":"https:\/\/www.eliassen.nl\/de\/glaskunst\/"},{"@type":"ListItem","position":4,"name":"Briefbeschwerer","item":"https:\/\/www.eliassen.nl\/de\/glaskunst\/briefbeschwerer\/"},{"@type":"ListItem","position":5,"name":"Glas Briefbeschwerer Dreieck rot 10cm"}]},{"@type":"WebSite","@id":"https:\/\/www.eliassen.nl\/de\/#website","url":"https:\/\/www.eliassen.nl\/de\/","name":"Eliassen Home & Garden Pleasure","description":"","publisher":{"@id":"https:\/\/www.eliassen.nl\/de\/#organization"},"alternateName":"Eliassen.nl","potentialAction":[{"@type":"SearchAction","target":{"@type":"EntryPoint","urlTemplate":"https:\/\/www.eliassen.nl\/de\/?s={search_term_string}"},"query-input":{"@type":"PropertyValueSpecification","valueRequired":true,"valueName":"search_term_string"}}],"inLanguage":"de"},{"@type":["Organization","Place"],"@id":"https:\/\/www.eliassen.nl\/de\/#organization","name":"Eliassen Home & Garden Pleasure","url":"https:\/\/www.eliassen.nl\/de\/","logo":{"@id":"https:\/\/www.eliassen.nl\/de\/briefbeschwerer-aus-kristallglas-dreieck-rot\/#local-main-organization-logo"},"image":{"@id":"https:\/\/www.eliassen.nl\/de\/briefbeschwerer-aus-kristallglas-dreieck-rot\/#local-main-organization-logo"},"sameAs":["https:\/\/www.facebook.com\/TuincentrumEliassenAmmerzoden","https:\/\/www.instagram.com\/eliassenhomeandgarden\/","https:\/\/nl.pinterest.com\/eliassenhomeandgarden\/","https:\/\/www.youtube.com\/@eliassenhomegardenpleasure4558"],"telephone":[],"openingHoursSpecification":[{"@type":"OpeningHoursSpecification","dayOfWeek":["Monday","Tuesday","Wednesday","Thursday","Friday","Saturday","Sunday"],"opens":"09:00","closes":"17:00"}]},{"@type":"ImageObject","inLanguage":"de","@id":"https:\/\/www.eliassen.nl\/de\/briefbeschwerer-aus-kristallglas-dreieck-rot\/#local-main-organization-logo","url":"https:\/\/www.eliassen.nl\/wp-content\/uploads\/2024\/01\/logo_4nd.jpg","contentUrl":"https:\/\/www.eliassen.nl\/wp-content\/uploads\/2024\/01\/logo_4nd.jpg","width":500,"height":500,"caption":"Eliassen Home & Garden Pleasure"}]},"product_price_amount":"29.50","product_price_currency":"EUR","og_availability":"instock","product_availability":"instock","product_retailer_item_id":"9160.r","product_condition":"new"},"df_price":29.5,"df_sale_price":"","df_regular_price":29.5,"df_image_link":"https:\/\/www.eliassen.nl\/wp-content\/uploads\/2024\/01\/mijnproject_113nd.png","image":"https:\/\/www.eliassen.nl\/wp-content\/uploads\/2024\/01\/mijnproject_113nd.png","price_search":"<span class=\"woocommerce-Price-amount amount\"><bdi><span class=\"woocommerce-Price-currencySymbol\">&euro;<\/span>&nbsp;29,50<\/bdi><\/span>","category":"Briefbeschwerer","global_unique_id":"6013802396381","_links":{"self":[{"href":"https:\/\/www.eliassen.nl\/de\/wp-json\/wp\/v2\/product\/22663","targetHints":{"allow":["GET"]}}],"collection":[{"href":"https:\/\/www.eliassen.nl\/de\/wp-json\/wp\/v2\/product"}],"about":[{"href":"https:\/\/www.eliassen.nl\/de\/wp-json\/wp\/v2\/types\/product"}],"wp:featuredmedia":[{"embeddable":true,"href":"https:\/\/www.eliassen.nl\/de\/wp-json\/wp\/v2\/media\/22654"}],"wp:attachment":[{"href":"https:\/\/www.eliassen.nl\/de\/wp-json\/wp\/v2\/media?parent=22663"}],"wp:term":[{"taxonomy":"product_brand","embeddable":true,"href":"https:\/\/www.eliassen.nl\/de\/wp-json\/wp\/v2\/product_brand?post=22663"},{"taxonomy":"product_cat","embeddable":true,"href":"https:\/\/www.eliassen.nl\/de\/wp-json\/wp\/v2\/product_cat?post=22663"},{"taxonomy":"product_tag","embeddable":true,"href":"https:\/\/www.eliassen.nl\/de\/wp-json\/wp\/v2\/product_tag?post=22663"}],"curies":[{"name":"wp","href":"https:\/\/api.w.org\/{rel}","templated":true}]}}