{"id":22360,"date":"2020-02-28T12:32:52","date_gmt":"2020-02-28T12:32:52","guid":{"rendered":"https:\/\/www.eliassen.nl\/?product=object-kristalglazen-hart-multi-2-12cm"},"modified":"2026-03-07T15:53:13","modified_gmt":"2026-03-07T14:53:13","slug":"objekt-kristallglaser-herz-multi-2-12cm","status":"publish","type":"product","link":"https:\/\/www.eliassen.nl\/de\/objekt-kristallglaser-herz-multi-2-12cm\/","title":{"rendered":"Glasskulptur Objekt Herz multi 12cm"},"content":{"rendered":"<p data-path-to-node=\"1\">\u00dcberraschen Sie einen lieben Menschen oder bereichern Sie Ihr eigenes Interieur mit diesem wundersch\u00f6nen Herz aus Kristallglas der Marke Loranto. Dieses massive Kunstobjekt wird von handwerklichen Glasbl\u00e4sern in B\u00f6hmen, der ber\u00fchmten Glasregion Europas, mundgeblasen. Die fr\u00f6hliche Kombination verschiedener Farben in dem klaren Glas macht dieses Herz zu einem echten Blickfang, der in jedem Licht anders aussieht.<\/p>\n<p data-path-to-node=\"2\">Mit einer Gr\u00f6\u00dfe von 12 cm ist dieses Objekt gro\u00df genug, um auf einem Sideboard oder einer Fensterbank zu stehen, aber auch kompakt genug, um als luxuri\u00f6ser Briefbeschwerer auf einem Schreibtisch zu dienen. Das massive Glas verleiht dem Herz ein wertvolles und solides Gewicht. Da jedes St\u00fcck handgefertigt ist, unterscheiden sich die Farbt\u00f6ne und die Form bei jedem St\u00fcck geringf\u00fcgig, so dass Sie immer ein einzigartiges St\u00fcck in H\u00e4nden halten werden.<\/p>\n","protected":false},"excerpt":{"rendered":"<p>Dieses 12 cm gro\u00dfe Herz aus massivem Glas hat ein lebhaftes, mehrfarbiges Muster. Das von Kunsthandwerkern aus B\u00f6hmen mundgeblasene Objekt eignet sich perfekt als farbenfrohes Dekorationsst\u00fcck oder symbolisches Geschenk. Da es handgefertigt ist, ist jedes Herz einzigartig.<\/p>\n","protected":false},"featured_media":22357,"template":"","meta":{"_acf_changed":false,"_genesis_title":"","_genesis_description":""},"product_brand":[6958],"product_cat":[830,800,815],"product_tag":[],"class_list":{"0":"post-22360","1":"product","2":"type-product","3":"status-publish","4":"has-post-thumbnail","6":"product_brand-loranto-de","7":"product_cat-briefbeschwerer","8":"product_cat-glaskunst","9":"product_cat-kristallglas","11":"first","12":"outofstock","13":"taxable","14":"shipping-taxable","15":"purchasable","16":"product-type-simple"},"acf":[],"meta_all":{"total_sales":"3","wcml_sync_hash":{"postmeta_fields":"1ee2fdc2326cf5975a010ecb9e434c4a"},"attr_label_translations":[],"cor_restricted_countries":[]},"meta_all_flat":{"total_sales":"3","wcml_sync_hash.postmeta_fields":"1ee2fdc2326cf5975a010ecb9e434c4a"},"yoast_head":"<!-- This site is optimized with the Yoast SEO Premium plugin v26.2 (Yoast SEO v27.2) - https:\/\/yoast.com\/product\/yoast-seo-premium-wordpress\/ -->\n<title>Objekt Kristallglas Herz multi 12cm - Eliassen<\/title>\n<meta name=\"description\" content=\"Einzigartiges Herz aus Kristallglas (12cm) in mehrfarbigem Design. Mundgeblasenes massives Glas von Loranto, perfekt als Geschenk oder Dekoration. Sehen Sie sich das bei Eliassen an!\" \/>\n<meta name=\"robots\" content=\"index, follow, max-snippet:-1, max-image-preview:large, max-video-preview:-1\" \/>\n<link rel=\"canonical\" href=\"https:\/\/www.eliassen.nl\/de\/objekt-kristallglaser-herz-multi-2-12cm\/\" \/>\n<meta property=\"og:locale\" content=\"de_DE\" \/>\n<meta property=\"og:type\" content=\"article\" \/>\n<meta property=\"og:title\" content=\"Loranto Glasskulptur Objekt Herz multi 12cm - Eliassen.nl\" \/>\n<meta property=\"og:description\" content=\"Einzigartiges Herz aus Kristallglas (12cm) in mehrfarbigem Design. Mundgeblasenes massives Glas von Loranto, perfekt als Geschenk oder Dekoration. Sehen Sie sich das bei Eliassen an!\" \/>\n<meta property=\"og:url\" content=\"https:\/\/www.eliassen.nl\/de\/objekt-kristallglaser-herz-multi-2-12cm\/\" \/>\n<meta property=\"og:site_name\" content=\"Eliassen.nl\" \/>\n<meta property=\"article:publisher\" content=\"https:\/\/www.facebook.com\/TuincentrumEliassenAmmerzoden\" \/>\n<meta property=\"article:modified_time\" content=\"2026-03-07T14:53:13+00:00\" \/>\n<meta property=\"og:image\" content=\"https:\/\/www.eliassen.nl\/wp-content\/uploads\/2024\/01\/eliassenobjectkristalglazenhartmulti212cm.jpg\" \/>\n\t<meta property=\"og:image:width\" content=\"1400\" \/>\n\t<meta property=\"og:image:height\" content=\"933\" \/>\n\t<meta property=\"og:image:type\" content=\"image\/jpeg\" \/>\n<meta name=\"twitter:card\" content=\"summary_large_image\" \/>\n<script type=\"application\/ld+json\" class=\"yoast-schema-graph\">{\"@context\":\"https:\/\/schema.org\",\"@graph\":[{\"@type\":\"WebPage\",\"@id\":\"https:\/\/www.eliassen.nl\/de\/objekt-kristallglaser-herz-multi-2-12cm\/\",\"url\":\"https:\/\/www.eliassen.nl\/de\/objekt-kristallglaser-herz-multi-2-12cm\/\",\"name\":\"Objekt Kristallglas Herz multi 12cm - Eliassen\",\"isPartOf\":{\"@id\":\"https:\/\/www.eliassen.nl\/de\/#website\"},\"primaryImageOfPage\":{\"@id\":\"https:\/\/www.eliassen.nl\/de\/objekt-kristallglaser-herz-multi-2-12cm\/#primaryimage\"},\"image\":{\"@id\":\"https:\/\/www.eliassen.nl\/de\/objekt-kristallglaser-herz-multi-2-12cm\/#primaryimage\"},\"thumbnailUrl\":\"https:\/\/www.eliassen.nl\/wp-content\/uploads\/2024\/01\/eliassenobjectkristalglazenhartmulti212cm.jpg\",\"datePublished\":\"2020-02-28T12:32:52+00:00\",\"dateModified\":\"2026-03-07T14:53:13+00:00\",\"description\":\"Einzigartiges Herz aus Kristallglas (12cm) in mehrfarbigem Design. Mundgeblasenes massives Glas von Loranto, perfekt als Geschenk oder Dekoration. Sehen Sie sich das bei Eliassen an!\",\"breadcrumb\":{\"@id\":\"https:\/\/www.eliassen.nl\/de\/objekt-kristallglaser-herz-multi-2-12cm\/#breadcrumb\"},\"inLanguage\":\"de\",\"potentialAction\":[{\"@type\":\"ReadAction\",\"target\":[\"https:\/\/www.eliassen.nl\/de\/objekt-kristallglaser-herz-multi-2-12cm\/\"]}]},{\"@type\":\"ImageObject\",\"inLanguage\":\"de\",\"@id\":\"https:\/\/www.eliassen.nl\/de\/objekt-kristallglaser-herz-multi-2-12cm\/#primaryimage\",\"url\":\"https:\/\/www.eliassen.nl\/wp-content\/uploads\/2024\/01\/eliassenobjectkristalglazenhartmulti212cm.jpg\",\"contentUrl\":\"https:\/\/www.eliassen.nl\/wp-content\/uploads\/2024\/01\/eliassenobjectkristalglazenhartmulti212cm.jpg\",\"width\":1400,\"height\":933,\"caption\":\"Eliassen Object Kristallglas Herz multi 2 12cm\"},{\"@type\":\"BreadcrumbList\",\"@id\":\"https:\/\/www.eliassen.nl\/de\/objekt-kristallglaser-herz-multi-2-12cm\/#breadcrumb\",\"itemListElement\":[{\"@type\":\"ListItem\",\"position\":1,\"name\":\"Home\",\"item\":\"https:\/\/www.eliassen.nl\/de\/\"},{\"@type\":\"ListItem\",\"position\":2,\"name\":\"Shop\",\"item\":\"https:\/\/www.eliassen.nl\/de\/shop\/\"},{\"@type\":\"ListItem\",\"position\":3,\"name\":\"Glaskunst\",\"item\":\"https:\/\/www.eliassen.nl\/de\/glaskunst\/\"},{\"@type\":\"ListItem\",\"position\":4,\"name\":\"Briefbeschwerer\",\"item\":\"https:\/\/www.eliassen.nl\/de\/glaskunst\/briefbeschwerer\/\"},{\"@type\":\"ListItem\",\"position\":5,\"name\":\"Glasskulptur Objekt Herz multi 12cm\"}]},{\"@type\":\"WebSite\",\"@id\":\"https:\/\/www.eliassen.nl\/de\/#website\",\"url\":\"https:\/\/www.eliassen.nl\/de\/\",\"name\":\"Eliassen Home & Garden Pleasure\",\"description\":\"\",\"publisher\":{\"@id\":\"https:\/\/www.eliassen.nl\/de\/#organization\"},\"alternateName\":\"Eliassen.nl\",\"potentialAction\":[{\"@type\":\"SearchAction\",\"target\":{\"@type\":\"EntryPoint\",\"urlTemplate\":\"https:\/\/www.eliassen.nl\/de\/?s={search_term_string}\"},\"query-input\":{\"@type\":\"PropertyValueSpecification\",\"valueRequired\":true,\"valueName\":\"search_term_string\"}}],\"inLanguage\":\"de\"},{\"@type\":[\"Organization\",\"Place\"],\"@id\":\"https:\/\/www.eliassen.nl\/de\/#organization\",\"name\":\"Eliassen Home & Garden Pleasure\",\"url\":\"https:\/\/www.eliassen.nl\/de\/\",\"logo\":{\"@id\":\"https:\/\/www.eliassen.nl\/de\/objekt-kristallglaser-herz-multi-2-12cm\/#local-main-organization-logo\"},\"image\":{\"@id\":\"https:\/\/www.eliassen.nl\/de\/objekt-kristallglaser-herz-multi-2-12cm\/#local-main-organization-logo\"},\"sameAs\":[\"https:\/\/www.facebook.com\/TuincentrumEliassenAmmerzoden\",\"https:\/\/www.instagram.com\/eliassenhomeandgarden\/\",\"https:\/\/nl.pinterest.com\/eliassenhomeandgarden\/\",\"https:\/\/www.youtube.com\/@eliassenhomegardenpleasure4558\"],\"telephone\":[],\"openingHoursSpecification\":[{\"@type\":\"OpeningHoursSpecification\",\"dayOfWeek\":[\"Monday\",\"Tuesday\",\"Wednesday\",\"Thursday\",\"Friday\",\"Saturday\",\"Sunday\"],\"opens\":\"09:00\",\"closes\":\"17:00\"}]},{\"@type\":\"ImageObject\",\"inLanguage\":\"de\",\"@id\":\"https:\/\/www.eliassen.nl\/de\/objekt-kristallglaser-herz-multi-2-12cm\/#local-main-organization-logo\",\"url\":\"https:\/\/www.eliassen.nl\/wp-content\/uploads\/2024\/01\/logo_4nd.jpg\",\"contentUrl\":\"https:\/\/www.eliassen.nl\/wp-content\/uploads\/2024\/01\/logo_4nd.jpg\",\"width\":500,\"height\":500,\"caption\":\"Eliassen Home & Garden Pleasure\"}]}<\/script>\n<meta property=\"product:price:amount\" content=\"29.50\" \/>\n<meta property=\"product:price:currency\" content=\"EUR\" \/>\n<meta property=\"og:availability\" content=\"out of stock\" \/>\n<meta property=\"product:availability\" content=\"out of stock\" \/>\n<meta property=\"product:retailer_item_id\" content=\"Jr.12.04\" \/>\n<meta property=\"product:condition\" content=\"new\" \/>\n<!-- \/ Yoast SEO Premium plugin. -->","yoast_head_json":{"title":"Objekt Kristallglas Herz multi 12cm - Eliassen","description":"Einzigartiges Herz aus Kristallglas (12cm) in mehrfarbigem Design. Mundgeblasenes massives Glas von Loranto, perfekt als Geschenk oder Dekoration. Sehen Sie sich das bei Eliassen an!","robots":{"index":"index","follow":"follow","max-snippet":"max-snippet:-1","max-image-preview":"max-image-preview:large","max-video-preview":"max-video-preview:-1"},"canonical":"https:\/\/www.eliassen.nl\/de\/objekt-kristallglaser-herz-multi-2-12cm\/","og_locale":"de_DE","og_type":"article","og_title":"Loranto Glasskulptur Objekt Herz multi 12cm - Eliassen.nl","og_description":"Einzigartiges Herz aus Kristallglas (12cm) in mehrfarbigem Design. Mundgeblasenes massives Glas von Loranto, perfekt als Geschenk oder Dekoration. Sehen Sie sich das bei Eliassen an!","og_url":"https:\/\/www.eliassen.nl\/de\/objekt-kristallglaser-herz-multi-2-12cm\/","og_site_name":"Eliassen.nl","article_publisher":"https:\/\/www.facebook.com\/TuincentrumEliassenAmmerzoden","article_modified_time":"2026-03-07T14:53:13+00:00","og_image":[{"width":1400,"height":933,"url":"https:\/\/www.eliassen.nl\/wp-content\/uploads\/2024\/01\/eliassenobjectkristalglazenhartmulti212cm.jpg","type":"image\/jpeg"}],"twitter_card":"summary_large_image","schema":{"@context":"https:\/\/schema.org","@graph":[{"@type":"WebPage","@id":"https:\/\/www.eliassen.nl\/de\/objekt-kristallglaser-herz-multi-2-12cm\/","url":"https:\/\/www.eliassen.nl\/de\/objekt-kristallglaser-herz-multi-2-12cm\/","name":"Objekt Kristallglas Herz multi 12cm - Eliassen","isPartOf":{"@id":"https:\/\/www.eliassen.nl\/de\/#website"},"primaryImageOfPage":{"@id":"https:\/\/www.eliassen.nl\/de\/objekt-kristallglaser-herz-multi-2-12cm\/#primaryimage"},"image":{"@id":"https:\/\/www.eliassen.nl\/de\/objekt-kristallglaser-herz-multi-2-12cm\/#primaryimage"},"thumbnailUrl":"https:\/\/www.eliassen.nl\/wp-content\/uploads\/2024\/01\/eliassenobjectkristalglazenhartmulti212cm.jpg","datePublished":"2020-02-28T12:32:52+00:00","dateModified":"2026-03-07T14:53:13+00:00","description":"Einzigartiges Herz aus Kristallglas (12cm) in mehrfarbigem Design. Mundgeblasenes massives Glas von Loranto, perfekt als Geschenk oder Dekoration. Sehen Sie sich das bei Eliassen an!","breadcrumb":{"@id":"https:\/\/www.eliassen.nl\/de\/objekt-kristallglaser-herz-multi-2-12cm\/#breadcrumb"},"inLanguage":"de","potentialAction":[{"@type":"ReadAction","target":["https:\/\/www.eliassen.nl\/de\/objekt-kristallglaser-herz-multi-2-12cm\/"]}]},{"@type":"ImageObject","inLanguage":"de","@id":"https:\/\/www.eliassen.nl\/de\/objekt-kristallglaser-herz-multi-2-12cm\/#primaryimage","url":"https:\/\/www.eliassen.nl\/wp-content\/uploads\/2024\/01\/eliassenobjectkristalglazenhartmulti212cm.jpg","contentUrl":"https:\/\/www.eliassen.nl\/wp-content\/uploads\/2024\/01\/eliassenobjectkristalglazenhartmulti212cm.jpg","width":1400,"height":933,"caption":"Eliassen Object Kristallglas Herz multi 2 12cm"},{"@type":"BreadcrumbList","@id":"https:\/\/www.eliassen.nl\/de\/objekt-kristallglaser-herz-multi-2-12cm\/#breadcrumb","itemListElement":[{"@type":"ListItem","position":1,"name":"Home","item":"https:\/\/www.eliassen.nl\/de\/"},{"@type":"ListItem","position":2,"name":"Shop","item":"https:\/\/www.eliassen.nl\/de\/shop\/"},{"@type":"ListItem","position":3,"name":"Glaskunst","item":"https:\/\/www.eliassen.nl\/de\/glaskunst\/"},{"@type":"ListItem","position":4,"name":"Briefbeschwerer","item":"https:\/\/www.eliassen.nl\/de\/glaskunst\/briefbeschwerer\/"},{"@type":"ListItem","position":5,"name":"Glasskulptur Objekt Herz multi 12cm"}]},{"@type":"WebSite","@id":"https:\/\/www.eliassen.nl\/de\/#website","url":"https:\/\/www.eliassen.nl\/de\/","name":"Eliassen Home & Garden Pleasure","description":"","publisher":{"@id":"https:\/\/www.eliassen.nl\/de\/#organization"},"alternateName":"Eliassen.nl","potentialAction":[{"@type":"SearchAction","target":{"@type":"EntryPoint","urlTemplate":"https:\/\/www.eliassen.nl\/de\/?s={search_term_string}"},"query-input":{"@type":"PropertyValueSpecification","valueRequired":true,"valueName":"search_term_string"}}],"inLanguage":"de"},{"@type":["Organization","Place"],"@id":"https:\/\/www.eliassen.nl\/de\/#organization","name":"Eliassen Home & Garden Pleasure","url":"https:\/\/www.eliassen.nl\/de\/","logo":{"@id":"https:\/\/www.eliassen.nl\/de\/objekt-kristallglaser-herz-multi-2-12cm\/#local-main-organization-logo"},"image":{"@id":"https:\/\/www.eliassen.nl\/de\/objekt-kristallglaser-herz-multi-2-12cm\/#local-main-organization-logo"},"sameAs":["https:\/\/www.facebook.com\/TuincentrumEliassenAmmerzoden","https:\/\/www.instagram.com\/eliassenhomeandgarden\/","https:\/\/nl.pinterest.com\/eliassenhomeandgarden\/","https:\/\/www.youtube.com\/@eliassenhomegardenpleasure4558"],"telephone":[],"openingHoursSpecification":[{"@type":"OpeningHoursSpecification","dayOfWeek":["Monday","Tuesday","Wednesday","Thursday","Friday","Saturday","Sunday"],"opens":"09:00","closes":"17:00"}]},{"@type":"ImageObject","inLanguage":"de","@id":"https:\/\/www.eliassen.nl\/de\/objekt-kristallglaser-herz-multi-2-12cm\/#local-main-organization-logo","url":"https:\/\/www.eliassen.nl\/wp-content\/uploads\/2024\/01\/logo_4nd.jpg","contentUrl":"https:\/\/www.eliassen.nl\/wp-content\/uploads\/2024\/01\/logo_4nd.jpg","width":500,"height":500,"caption":"Eliassen Home & Garden Pleasure"}]},"product_price_amount":"29.50","product_price_currency":"EUR","og_availability":"out of stock","product_availability":"out of stock","product_retailer_item_id":"Jr.12.04","product_condition":"new"},"df_price":29.5,"df_sale_price":"","df_regular_price":29.5,"df_image_link":"https:\/\/www.eliassen.nl\/wp-content\/uploads\/2024\/01\/eliassenobjectkristalglazenhartmulti212cm.jpg","image":"https:\/\/www.eliassen.nl\/wp-content\/uploads\/2024\/01\/eliassenobjectkristalglazenhartmulti212cm.jpg","price_search":"<span class=\"woocommerce-Price-amount amount\"><bdi><span class=\"woocommerce-Price-currencySymbol\">&euro;<\/span>&nbsp;29,50<\/bdi><\/span>","category":"Briefbeschwerer","global_unique_id":"6013815998961","_links":{"self":[{"href":"https:\/\/www.eliassen.nl\/de\/wp-json\/wp\/v2\/product\/22360","targetHints":{"allow":["GET"]}}],"collection":[{"href":"https:\/\/www.eliassen.nl\/de\/wp-json\/wp\/v2\/product"}],"about":[{"href":"https:\/\/www.eliassen.nl\/de\/wp-json\/wp\/v2\/types\/product"}],"wp:featuredmedia":[{"embeddable":true,"href":"https:\/\/www.eliassen.nl\/de\/wp-json\/wp\/v2\/media\/22357"}],"wp:attachment":[{"href":"https:\/\/www.eliassen.nl\/de\/wp-json\/wp\/v2\/media?parent=22360"}],"wp:term":[{"taxonomy":"product_brand","embeddable":true,"href":"https:\/\/www.eliassen.nl\/de\/wp-json\/wp\/v2\/product_brand?post=22360"},{"taxonomy":"product_cat","embeddable":true,"href":"https:\/\/www.eliassen.nl\/de\/wp-json\/wp\/v2\/product_cat?post=22360"},{"taxonomy":"product_tag","embeddable":true,"href":"https:\/\/www.eliassen.nl\/de\/wp-json\/wp\/v2\/product_tag?post=22360"}],"curies":[{"name":"wp","href":"https:\/\/api.w.org\/{rel}","templated":true}]}}