{"id":21406,"date":"2020-02-26T16:00:44","date_gmt":"2020-02-26T16:00:44","guid":{"rendered":"https:\/\/www.eliassen.nl\/?product=glaslamp-gold-34cm"},"modified":"2026-02-06T13:39:44","modified_gmt":"2026-02-06T12:39:44","slug":"glaslampe-gold-34cm","status":"publish","type":"product","link":"https:\/\/www.eliassen.nl\/de\/glaslampe-gold-34cm\/","title":{"rendered":"Glaslampe &#8218;Gold&#8216; 34cm"},"content":{"rendered":"<p data-path-to-node=\"1\">Verleihen Sie Ihrer Einrichtung einen Hauch von Luxus und W\u00e4rme mit der atemberaubenden Glaslampe &#8218;Gold&#8216;. Mit einer H\u00f6he von 34 cm und einem Durchmesser von 26 cm ist dieses Modell ein einzigartiges Kunstwerk der Marke Loranto. Die Lampe ist aus hochwertigem, dickem b\u00f6hmischen Glas mundgeblasen. Die sch\u00f6nen Goldt\u00f6ne in Kombination mit wei\u00dfem Glas erzeugen einen atemberaubenden Lichteffekt, der jedem Raum sofort Atmosph\u00e4re verleiht.<\/p>\n<p data-path-to-node=\"2\">Da jede Lampe handgefertigt wird, ist keine in Form und Schirm identisch, so dass Sie sich wirklich ein einzigartiges Objekt nach Hause holen. Bitte beachten Sie, dass bei mundgeblasenen Glasartikeln immer Unebenheiten wie z.B. ein Minipunkt oder eine Luftblase auftreten k\u00f6nnen; dies ist der Handarbeit geschuldet und kann nicht reklamiert werden. Die Lampe hat eine E27 Fassung und ein 1,5 Meter langes Kabel mit Schalter. Bitte beachten Sie: Verwenden Sie in dieser Lampe nur LED-Leuchten, da diese Art von Lampe kaum W\u00e4rme erzeugt und Hitze im Glas vermieden werden sollte. M\u00f6chten Sie den warmen Look lieber erst selbst erleben? Sie sind herzlich eingeladen, unseren Ausstellungsraum zu besuchen.<\/p>\n","protected":false},"excerpt":{"rendered":"<p>Diese einzigartige Lampe aus mundgeblasenem Glas &#8218;Gold&#8216; von Loranto (34cm) kombiniert luxuri\u00f6se Goldt\u00f6ne mit wei\u00dfem Glas f\u00fcr ein stimmungsvolles Lichtspiel. Das handgefertigte b\u00f6hmische Glas macht jedes Exemplar einzigartig und zu einer Bereicherung f\u00fcr Ihr Interieur.<\/p>\n","protected":false},"featured_media":21397,"template":"","meta":{"_acf_changed":false,"_genesis_title":"","_genesis_description":""},"product_brand":[6958],"product_cat":[800,749,809,746],"product_tag":[],"class_list":{"0":"post-21406","1":"product","2":"type-product","3":"status-publish","4":"has-post-thumbnail","6":"product_brand-loranto-de","7":"product_cat-glaskunst","8":"product_cat-glaslampen","10":"product_cat-stimmungsvolle-beleuchtung","12":"first","13":"instock","14":"taxable","15":"shipping-taxable","16":"purchasable","17":"product-type-simple"},"acf":[],"meta_all":{"total_sales":"0","wcml_sync_hash":{"postmeta_fields":"0eb86ce27eacf8bd82d7c0e45bbfe765"},"attr_label_translations":[],"cor_restricted_countries":[]},"meta_all_flat":{"total_sales":"0","wcml_sync_hash.postmeta_fields":"0eb86ce27eacf8bd82d7c0e45bbfe765"},"yoast_head":"<!-- This site is optimized with the Yoast SEO Premium plugin v26.2 (Yoast SEO v27.2) - https:\/\/yoast.com\/product\/yoast-seo-premium-wordpress\/ -->\n<title>Glasleuchte &#039;Gold&#039; 34cm - Eliassen<\/title>\n<meta name=\"description\" content=\"Stimmungsvolle Loranto-Glaslampe &#039;Gold&#039; (34cm) aus mundgeblasenem b\u00f6hmischem Glas. Einzigartiges Design mit warmen Goldt\u00f6nen. Bestellen Sie dieses Kunstwerk direkt online!\" \/>\n<meta name=\"robots\" content=\"index, follow, max-snippet:-1, max-image-preview:large, max-video-preview:-1\" \/>\n<link rel=\"canonical\" href=\"https:\/\/www.eliassen.nl\/de\/glaslampe-gold-34cm\/\" \/>\n<meta property=\"og:locale\" content=\"de_DE\" \/>\n<meta property=\"og:type\" content=\"article\" \/>\n<meta property=\"og:title\" content=\"Loranto Glaslampe &#039;Gold&#039; 34cm - Eliassen.nl\" \/>\n<meta property=\"og:description\" content=\"Stimmungsvolle Loranto-Glaslampe &#039;Gold&#039; (34cm) aus mundgeblasenem b\u00f6hmischem Glas. Einzigartiges Design mit warmen Goldt\u00f6nen. Bestellen Sie dieses Kunstwerk direkt online!\" \/>\n<meta property=\"og:url\" content=\"https:\/\/www.eliassen.nl\/de\/glaslampe-gold-34cm\/\" \/>\n<meta property=\"og:site_name\" content=\"Eliassen.nl\" \/>\n<meta property=\"article:publisher\" content=\"https:\/\/www.facebook.com\/TuincentrumEliassenAmmerzoden\" \/>\n<meta property=\"article:modified_time\" content=\"2026-02-06T12:39:44+00:00\" \/>\n<meta property=\"og:image\" content=\"https:\/\/www.eliassen.nl\/wp-content\/uploads\/2024\/01\/eliassenglaslampgold34cm.jpg\" \/>\n\t<meta property=\"og:image:width\" content=\"1900\" \/>\n\t<meta property=\"og:image:height\" content=\"1267\" \/>\n\t<meta property=\"og:image:type\" content=\"image\/jpeg\" \/>\n<meta name=\"twitter:card\" content=\"summary_large_image\" \/>\n<script type=\"application\/ld+json\" class=\"yoast-schema-graph\">{\"@context\":\"https:\/\/schema.org\",\"@graph\":[{\"@type\":\"WebPage\",\"@id\":\"https:\/\/www.eliassen.nl\/de\/glaslampe-gold-34cm\/\",\"url\":\"https:\/\/www.eliassen.nl\/de\/glaslampe-gold-34cm\/\",\"name\":\"Glasleuchte 'Gold' 34cm - Eliassen\",\"isPartOf\":{\"@id\":\"https:\/\/www.eliassen.nl\/de\/#website\"},\"primaryImageOfPage\":{\"@id\":\"https:\/\/www.eliassen.nl\/de\/glaslampe-gold-34cm\/#primaryimage\"},\"image\":{\"@id\":\"https:\/\/www.eliassen.nl\/de\/glaslampe-gold-34cm\/#primaryimage\"},\"thumbnailUrl\":\"https:\/\/www.eliassen.nl\/wp-content\/uploads\/2024\/01\/eliassenglaslampgold34cm.jpg\",\"datePublished\":\"2020-02-26T16:00:44+00:00\",\"dateModified\":\"2026-02-06T12:39:44+00:00\",\"description\":\"Stimmungsvolle Loranto-Glaslampe 'Gold' (34cm) aus mundgeblasenem b\u00f6hmischem Glas. Einzigartiges Design mit warmen Goldt\u00f6nen. Bestellen Sie dieses Kunstwerk direkt online!\",\"breadcrumb\":{\"@id\":\"https:\/\/www.eliassen.nl\/de\/glaslampe-gold-34cm\/#breadcrumb\"},\"inLanguage\":\"de\",\"potentialAction\":[{\"@type\":\"ReadAction\",\"target\":[\"https:\/\/www.eliassen.nl\/de\/glaslampe-gold-34cm\/\"]}]},{\"@type\":\"ImageObject\",\"inLanguage\":\"de\",\"@id\":\"https:\/\/www.eliassen.nl\/de\/glaslampe-gold-34cm\/#primaryimage\",\"url\":\"https:\/\/www.eliassen.nl\/wp-content\/uploads\/2024\/01\/eliassenglaslampgold34cm.jpg\",\"contentUrl\":\"https:\/\/www.eliassen.nl\/wp-content\/uploads\/2024\/01\/eliassenglaslampgold34cm.jpg\",\"width\":1900,\"height\":1267,\"caption\":\"Eliassen Glas Lampe 'Gold' 34cm\"},{\"@type\":\"BreadcrumbList\",\"@id\":\"https:\/\/www.eliassen.nl\/de\/glaslampe-gold-34cm\/#breadcrumb\",\"itemListElement\":[{\"@type\":\"ListItem\",\"position\":1,\"name\":\"Home\",\"item\":\"https:\/\/www.eliassen.nl\/de\/\"},{\"@type\":\"ListItem\",\"position\":2,\"name\":\"Shop\",\"item\":\"https:\/\/www.eliassen.nl\/de\/shop\/\"},{\"@type\":\"ListItem\",\"position\":3,\"name\":\"Stimmungsvolle Beleuchtung\",\"item\":\"https:\/\/www.eliassen.nl\/de\/stimmungsvolle-beleuchtung\/\"},{\"@type\":\"ListItem\",\"position\":4,\"name\":\"Glaslampen\",\"item\":\"https:\/\/www.eliassen.nl\/de\/stimmungsvolle-beleuchtung\/glaslampen\/\"},{\"@type\":\"ListItem\",\"position\":5,\"name\":\"Glaslampe &#8216;Gold&#8217; 34cm\"}]},{\"@type\":\"WebSite\",\"@id\":\"https:\/\/www.eliassen.nl\/de\/#website\",\"url\":\"https:\/\/www.eliassen.nl\/de\/\",\"name\":\"Eliassen Home & Garden Pleasure\",\"description\":\"\",\"publisher\":{\"@id\":\"https:\/\/www.eliassen.nl\/de\/#organization\"},\"alternateName\":\"Eliassen.nl\",\"potentialAction\":[{\"@type\":\"SearchAction\",\"target\":{\"@type\":\"EntryPoint\",\"urlTemplate\":\"https:\/\/www.eliassen.nl\/de\/?s={search_term_string}\"},\"query-input\":{\"@type\":\"PropertyValueSpecification\",\"valueRequired\":true,\"valueName\":\"search_term_string\"}}],\"inLanguage\":\"de\"},{\"@type\":[\"Organization\",\"Place\"],\"@id\":\"https:\/\/www.eliassen.nl\/de\/#organization\",\"name\":\"Eliassen Home & Garden Pleasure\",\"url\":\"https:\/\/www.eliassen.nl\/de\/\",\"logo\":{\"@id\":\"https:\/\/www.eliassen.nl\/de\/glaslampe-gold-34cm\/#local-main-organization-logo\"},\"image\":{\"@id\":\"https:\/\/www.eliassen.nl\/de\/glaslampe-gold-34cm\/#local-main-organization-logo\"},\"sameAs\":[\"https:\/\/www.facebook.com\/TuincentrumEliassenAmmerzoden\",\"https:\/\/www.instagram.com\/eliassenhomeandgarden\/\",\"https:\/\/nl.pinterest.com\/eliassenhomeandgarden\/\",\"https:\/\/www.youtube.com\/@eliassenhomegardenpleasure4558\"],\"telephone\":[],\"openingHoursSpecification\":[{\"@type\":\"OpeningHoursSpecification\",\"dayOfWeek\":[\"Monday\",\"Tuesday\",\"Wednesday\",\"Thursday\",\"Friday\",\"Saturday\",\"Sunday\"],\"opens\":\"09:00\",\"closes\":\"17:00\"}]},{\"@type\":\"ImageObject\",\"inLanguage\":\"de\",\"@id\":\"https:\/\/www.eliassen.nl\/de\/glaslampe-gold-34cm\/#local-main-organization-logo\",\"url\":\"https:\/\/www.eliassen.nl\/wp-content\/uploads\/2024\/01\/logo_4nd.jpg\",\"contentUrl\":\"https:\/\/www.eliassen.nl\/wp-content\/uploads\/2024\/01\/logo_4nd.jpg\",\"width\":500,\"height\":500,\"caption\":\"Eliassen Home & Garden Pleasure\"}]}<\/script>\n<meta property=\"product:price:amount\" content=\"183.00\" \/>\n<meta property=\"product:price:currency\" content=\"EUR\" \/>\n<meta property=\"og:availability\" content=\"instock\" \/>\n<meta property=\"product:availability\" content=\"instock\" \/>\n<meta property=\"product:retailer_item_id\" content=\"05.36.59\" \/>\n<meta property=\"product:condition\" content=\"new\" \/>\n<!-- \/ Yoast SEO Premium plugin. -->","yoast_head_json":{"title":"Glasleuchte 'Gold' 34cm - Eliassen","description":"Stimmungsvolle Loranto-Glaslampe 'Gold' (34cm) aus mundgeblasenem b\u00f6hmischem Glas. Einzigartiges Design mit warmen Goldt\u00f6nen. Bestellen Sie dieses Kunstwerk direkt online!","robots":{"index":"index","follow":"follow","max-snippet":"max-snippet:-1","max-image-preview":"max-image-preview:large","max-video-preview":"max-video-preview:-1"},"canonical":"https:\/\/www.eliassen.nl\/de\/glaslampe-gold-34cm\/","og_locale":"de_DE","og_type":"article","og_title":"Loranto Glaslampe 'Gold' 34cm - Eliassen.nl","og_description":"Stimmungsvolle Loranto-Glaslampe 'Gold' (34cm) aus mundgeblasenem b\u00f6hmischem Glas. Einzigartiges Design mit warmen Goldt\u00f6nen. Bestellen Sie dieses Kunstwerk direkt online!","og_url":"https:\/\/www.eliassen.nl\/de\/glaslampe-gold-34cm\/","og_site_name":"Eliassen.nl","article_publisher":"https:\/\/www.facebook.com\/TuincentrumEliassenAmmerzoden","article_modified_time":"2026-02-06T12:39:44+00:00","og_image":[{"width":1900,"height":1267,"url":"https:\/\/www.eliassen.nl\/wp-content\/uploads\/2024\/01\/eliassenglaslampgold34cm.jpg","type":"image\/jpeg"}],"twitter_card":"summary_large_image","schema":{"@context":"https:\/\/schema.org","@graph":[{"@type":"WebPage","@id":"https:\/\/www.eliassen.nl\/de\/glaslampe-gold-34cm\/","url":"https:\/\/www.eliassen.nl\/de\/glaslampe-gold-34cm\/","name":"Glasleuchte 'Gold' 34cm - Eliassen","isPartOf":{"@id":"https:\/\/www.eliassen.nl\/de\/#website"},"primaryImageOfPage":{"@id":"https:\/\/www.eliassen.nl\/de\/glaslampe-gold-34cm\/#primaryimage"},"image":{"@id":"https:\/\/www.eliassen.nl\/de\/glaslampe-gold-34cm\/#primaryimage"},"thumbnailUrl":"https:\/\/www.eliassen.nl\/wp-content\/uploads\/2024\/01\/eliassenglaslampgold34cm.jpg","datePublished":"2020-02-26T16:00:44+00:00","dateModified":"2026-02-06T12:39:44+00:00","description":"Stimmungsvolle Loranto-Glaslampe 'Gold' (34cm) aus mundgeblasenem b\u00f6hmischem Glas. Einzigartiges Design mit warmen Goldt\u00f6nen. Bestellen Sie dieses Kunstwerk direkt online!","breadcrumb":{"@id":"https:\/\/www.eliassen.nl\/de\/glaslampe-gold-34cm\/#breadcrumb"},"inLanguage":"de","potentialAction":[{"@type":"ReadAction","target":["https:\/\/www.eliassen.nl\/de\/glaslampe-gold-34cm\/"]}]},{"@type":"ImageObject","inLanguage":"de","@id":"https:\/\/www.eliassen.nl\/de\/glaslampe-gold-34cm\/#primaryimage","url":"https:\/\/www.eliassen.nl\/wp-content\/uploads\/2024\/01\/eliassenglaslampgold34cm.jpg","contentUrl":"https:\/\/www.eliassen.nl\/wp-content\/uploads\/2024\/01\/eliassenglaslampgold34cm.jpg","width":1900,"height":1267,"caption":"Eliassen Glas Lampe 'Gold' 34cm"},{"@type":"BreadcrumbList","@id":"https:\/\/www.eliassen.nl\/de\/glaslampe-gold-34cm\/#breadcrumb","itemListElement":[{"@type":"ListItem","position":1,"name":"Home","item":"https:\/\/www.eliassen.nl\/de\/"},{"@type":"ListItem","position":2,"name":"Shop","item":"https:\/\/www.eliassen.nl\/de\/shop\/"},{"@type":"ListItem","position":3,"name":"Stimmungsvolle Beleuchtung","item":"https:\/\/www.eliassen.nl\/de\/stimmungsvolle-beleuchtung\/"},{"@type":"ListItem","position":4,"name":"Glaslampen","item":"https:\/\/www.eliassen.nl\/de\/stimmungsvolle-beleuchtung\/glaslampen\/"},{"@type":"ListItem","position":5,"name":"Glaslampe &#8216;Gold&#8217; 34cm"}]},{"@type":"WebSite","@id":"https:\/\/www.eliassen.nl\/de\/#website","url":"https:\/\/www.eliassen.nl\/de\/","name":"Eliassen Home & Garden Pleasure","description":"","publisher":{"@id":"https:\/\/www.eliassen.nl\/de\/#organization"},"alternateName":"Eliassen.nl","potentialAction":[{"@type":"SearchAction","target":{"@type":"EntryPoint","urlTemplate":"https:\/\/www.eliassen.nl\/de\/?s={search_term_string}"},"query-input":{"@type":"PropertyValueSpecification","valueRequired":true,"valueName":"search_term_string"}}],"inLanguage":"de"},{"@type":["Organization","Place"],"@id":"https:\/\/www.eliassen.nl\/de\/#organization","name":"Eliassen Home & Garden Pleasure","url":"https:\/\/www.eliassen.nl\/de\/","logo":{"@id":"https:\/\/www.eliassen.nl\/de\/glaslampe-gold-34cm\/#local-main-organization-logo"},"image":{"@id":"https:\/\/www.eliassen.nl\/de\/glaslampe-gold-34cm\/#local-main-organization-logo"},"sameAs":["https:\/\/www.facebook.com\/TuincentrumEliassenAmmerzoden","https:\/\/www.instagram.com\/eliassenhomeandgarden\/","https:\/\/nl.pinterest.com\/eliassenhomeandgarden\/","https:\/\/www.youtube.com\/@eliassenhomegardenpleasure4558"],"telephone":[],"openingHoursSpecification":[{"@type":"OpeningHoursSpecification","dayOfWeek":["Monday","Tuesday","Wednesday","Thursday","Friday","Saturday","Sunday"],"opens":"09:00","closes":"17:00"}]},{"@type":"ImageObject","inLanguage":"de","@id":"https:\/\/www.eliassen.nl\/de\/glaslampe-gold-34cm\/#local-main-organization-logo","url":"https:\/\/www.eliassen.nl\/wp-content\/uploads\/2024\/01\/logo_4nd.jpg","contentUrl":"https:\/\/www.eliassen.nl\/wp-content\/uploads\/2024\/01\/logo_4nd.jpg","width":500,"height":500,"caption":"Eliassen Home & Garden Pleasure"}]},"product_price_amount":"183.00","product_price_currency":"EUR","og_availability":"instock","product_availability":"instock","product_retailer_item_id":"05.36.59","product_condition":"new"},"df_price":183,"df_sale_price":"","df_regular_price":183,"df_image_link":"https:\/\/www.eliassen.nl\/wp-content\/uploads\/2024\/01\/eliassenglaslampgold34cm.jpg","image":"https:\/\/www.eliassen.nl\/wp-content\/uploads\/2024\/01\/eliassenglaslampgold34cm.jpg","price_search":"<span class=\"woocommerce-Price-amount amount\"><bdi><span class=\"woocommerce-Price-currencySymbol\">&euro;<\/span>&nbsp;183,00<\/bdi><\/span>","category":"Glaskunst","global_unique_id":"6013800808800","_links":{"self":[{"href":"https:\/\/www.eliassen.nl\/de\/wp-json\/wp\/v2\/product\/21406","targetHints":{"allow":["GET"]}}],"collection":[{"href":"https:\/\/www.eliassen.nl\/de\/wp-json\/wp\/v2\/product"}],"about":[{"href":"https:\/\/www.eliassen.nl\/de\/wp-json\/wp\/v2\/types\/product"}],"wp:featuredmedia":[{"embeddable":true,"href":"https:\/\/www.eliassen.nl\/de\/wp-json\/wp\/v2\/media\/21397"}],"wp:attachment":[{"href":"https:\/\/www.eliassen.nl\/de\/wp-json\/wp\/v2\/media?parent=21406"}],"wp:term":[{"taxonomy":"product_brand","embeddable":true,"href":"https:\/\/www.eliassen.nl\/de\/wp-json\/wp\/v2\/product_brand?post=21406"},{"taxonomy":"product_cat","embeddable":true,"href":"https:\/\/www.eliassen.nl\/de\/wp-json\/wp\/v2\/product_cat?post=21406"},{"taxonomy":"product_tag","embeddable":true,"href":"https:\/\/www.eliassen.nl\/de\/wp-json\/wp\/v2\/product_tag?post=21406"}],"curies":[{"name":"wp","href":"https:\/\/api.w.org\/{rel}","templated":true}]}}