{"id":21364,"date":"2020-02-26T15:47:14","date_gmt":"2020-02-26T15:47:14","guid":{"rendered":"https:\/\/www.eliassen.nl\/?product=glaslamp-murrina-laag-doorsnede-34-36cm"},"modified":"2026-02-06T13:40:01","modified_gmt":"2026-02-06T12:40:01","slug":"glaslampe-murrina-niedriger-durchmesser-34-36cm","status":"publish","type":"product","link":"https:\/\/www.eliassen.nl\/de\/glaslampe-murrina-niedriger-durchmesser-34-36cm\/","title":{"rendered":"Glaslampe &#8218;Murrina&#8216; niedriger Durchmesser 34-36cm"},"content":{"rendered":"<p data-path-to-node=\"2\">Bringen Sie Farbe und k\u00fcnstlerisches Flair in Ihr Interieur mit dieser atemberaubenden Glaslampe &#8218;Murrina&#8216;. Dieses niedrige Modell mit einem gro\u00dfz\u00fcgigen Durchmesser von etwa 34-36 cm und einer H\u00f6he von 25 cm ist ein wahres Kunstwerk der Marke Loranto. Die Leuchte ist mundgeblasen und aus hochwertigem b\u00f6hmischen Glas gefertigt. Durch die charakteristische Murrina-Technik entsteht ein wundersch\u00f6nes, mosaikartiges Muster aus fr\u00f6hlichen Farben auf einem wei\u00dfen Sockel.<\/p>\n<p data-path-to-node=\"3\">Da jedes St\u00fcck von Hand geformt wird, erhalten Sie immer ein einzigartiges Objekt in Ihrem Zuhause, das sich leicht von den anderen unterscheidet. Bitte beachten Sie, dass bei mundgeblasenen Glasartikeln immer Unvollkommenheiten wie z.B. ein Minipunkt oder eine Luftblase vorkommen k\u00f6nnen; dies ist der Handarbeit inh\u00e4rent und kann nicht Gegenstand von Reklamationen sein. Die Lampe hat eine E27 Fassung und ein 1,5 Meter langes Kabel mit Schalter. Hinweis: Verwenden Sie in dieser Lampe nur LED-Lampen, um einen Hitzestau zu vermeiden. M\u00f6chten Sie dieses besondere Kunstobjekt lieber erst einmal in natura bewundern? Dann kommen Sie doch einfach in unserem Ausstellungsraum vorbei.<\/p>\n","protected":false},"excerpt":{"rendered":"<p data-path-to-node=\"5\">Diese einzigartige Lampe aus mundgeblasenem Glas von Loranto ist im farbenfrohen Murrina-Stil gehalten. Mit einem Durchmesser von 34-36 cm und einer H\u00f6he von 25 cm schafft dieses handgefertigte Kunstobjekt ein besonderes und stimmungsvolles Lichtspiel in Ihrem Zuhause.<\/p>\n","protected":false},"featured_media":21355,"template":"","meta":{"_acf_changed":false,"_genesis_title":"","_genesis_description":""},"product_brand":[6958],"product_cat":[800,749,809,746],"product_tag":[],"class_list":{"0":"post-21364","1":"product","2":"type-product","3":"status-publish","4":"has-post-thumbnail","6":"product_brand-loranto-de","7":"product_cat-glaskunst","8":"product_cat-glaslampen","10":"product_cat-stimmungsvolle-beleuchtung","12":"first","13":"instock","14":"taxable","15":"shipping-taxable","16":"purchasable","17":"product-type-simple"},"acf":[],"meta_all":{"total_sales":"0","wcml_sync_hash":{"postmeta_fields":"63d230390e6475a470aadac556b41f00"},"attr_label_translations":[],"cor_restricted_countries":[]},"meta_all_flat":{"total_sales":"0","wcml_sync_hash.postmeta_fields":"63d230390e6475a470aadac556b41f00"},"yoast_head":"<!-- This site is optimized with the Yoast SEO Premium plugin v26.2 (Yoast SEO v27.2) - https:\/\/yoast.com\/product\/yoast-seo-premium-wordpress\/ -->\n<title>Glasleuchte &#039;Murrina&#039; niedriger Durchmesser 34-36cm - Eliassen<\/title>\n<meta name=\"description\" content=\"Sch\u00f6ne Loranto Glaslampe &#039;Murrina&#039; (\u00d835cm) aus mundgeblasenem Glas. Einzigartiges farbenfrohes Design f\u00fcr stimmungsvolle Beleuchtung. Bestellen Sie dieses Kunstwerk sofort!\" \/>\n<meta name=\"robots\" content=\"index, follow, max-snippet:-1, max-image-preview:large, max-video-preview:-1\" \/>\n<link rel=\"canonical\" href=\"https:\/\/www.eliassen.nl\/de\/glaslampe-murrina-niedriger-durchmesser-34-36cm\/\" \/>\n<meta property=\"og:locale\" content=\"de_DE\" \/>\n<meta property=\"og:type\" content=\"article\" \/>\n<meta property=\"og:title\" content=\"Loranto Glaslampe &#039;Murrina&#039; niedriger Durchmesser 34-36cm - Eliassen.nl\" \/>\n<meta property=\"og:description\" content=\"Sch\u00f6ne Loranto Glaslampe &#039;Murrina&#039; (\u00d835cm) aus mundgeblasenem Glas. Einzigartiges farbenfrohes Design f\u00fcr stimmungsvolle Beleuchtung. Bestellen Sie dieses Kunstwerk sofort!\" \/>\n<meta property=\"og:url\" content=\"https:\/\/www.eliassen.nl\/de\/glaslampe-murrina-niedriger-durchmesser-34-36cm\/\" \/>\n<meta property=\"og:site_name\" content=\"Eliassen.nl\" \/>\n<meta property=\"article:publisher\" content=\"https:\/\/www.facebook.com\/TuincentrumEliassenAmmerzoden\" \/>\n<meta property=\"article:modified_time\" content=\"2026-02-06T12:40:01+00:00\" \/>\n<meta property=\"og:image\" content=\"https:\/\/www.eliassen.nl\/wp-content\/uploads\/2024\/01\/eliassenglaslampmurrinalaagdoorsnede3436cm.jpg\" \/>\n\t<meta property=\"og:image:width\" content=\"1900\" \/>\n\t<meta property=\"og:image:height\" content=\"1267\" \/>\n\t<meta property=\"og:image:type\" content=\"image\/jpeg\" \/>\n<meta name=\"twitter:card\" content=\"summary_large_image\" \/>\n<script type=\"application\/ld+json\" class=\"yoast-schema-graph\">{\"@context\":\"https:\/\/schema.org\",\"@graph\":[{\"@type\":\"WebPage\",\"@id\":\"https:\/\/www.eliassen.nl\/de\/glaslampe-murrina-niedriger-durchmesser-34-36cm\/\",\"url\":\"https:\/\/www.eliassen.nl\/de\/glaslampe-murrina-niedriger-durchmesser-34-36cm\/\",\"name\":\"Glasleuchte 'Murrina' niedriger Durchmesser 34-36cm - Eliassen\",\"isPartOf\":{\"@id\":\"https:\/\/www.eliassen.nl\/de\/#website\"},\"primaryImageOfPage\":{\"@id\":\"https:\/\/www.eliassen.nl\/de\/glaslampe-murrina-niedriger-durchmesser-34-36cm\/#primaryimage\"},\"image\":{\"@id\":\"https:\/\/www.eliassen.nl\/de\/glaslampe-murrina-niedriger-durchmesser-34-36cm\/#primaryimage\"},\"thumbnailUrl\":\"https:\/\/www.eliassen.nl\/wp-content\/uploads\/2024\/01\/eliassenglaslampmurrinalaagdoorsnede3436cm.jpg\",\"datePublished\":\"2020-02-26T15:47:14+00:00\",\"dateModified\":\"2026-02-06T12:40:01+00:00\",\"description\":\"Sch\u00f6ne Loranto Glaslampe 'Murrina' (\u00d835cm) aus mundgeblasenem Glas. Einzigartiges farbenfrohes Design f\u00fcr stimmungsvolle Beleuchtung. Bestellen Sie dieses Kunstwerk sofort!\",\"breadcrumb\":{\"@id\":\"https:\/\/www.eliassen.nl\/de\/glaslampe-murrina-niedriger-durchmesser-34-36cm\/#breadcrumb\"},\"inLanguage\":\"de\",\"potentialAction\":[{\"@type\":\"ReadAction\",\"target\":[\"https:\/\/www.eliassen.nl\/de\/glaslampe-murrina-niedriger-durchmesser-34-36cm\/\"]}]},{\"@type\":\"ImageObject\",\"inLanguage\":\"de\",\"@id\":\"https:\/\/www.eliassen.nl\/de\/glaslampe-murrina-niedriger-durchmesser-34-36cm\/#primaryimage\",\"url\":\"https:\/\/www.eliassen.nl\/wp-content\/uploads\/2024\/01\/eliassenglaslampmurrinalaagdoorsnede3436cm.jpg\",\"contentUrl\":\"https:\/\/www.eliassen.nl\/wp-content\/uploads\/2024\/01\/eliassenglaslampmurrinalaagdoorsnede3436cm.jpg\",\"width\":1900,\"height\":1267,\"caption\":\"Eliassen Glaslampe 'Murrina' niedriger Durchmesser 34-36cm\"},{\"@type\":\"BreadcrumbList\",\"@id\":\"https:\/\/www.eliassen.nl\/de\/glaslampe-murrina-niedriger-durchmesser-34-36cm\/#breadcrumb\",\"itemListElement\":[{\"@type\":\"ListItem\",\"position\":1,\"name\":\"Home\",\"item\":\"https:\/\/www.eliassen.nl\/de\/\"},{\"@type\":\"ListItem\",\"position\":2,\"name\":\"Shop\",\"item\":\"https:\/\/www.eliassen.nl\/de\/shop\/\"},{\"@type\":\"ListItem\",\"position\":3,\"name\":\"Stimmungsvolle Beleuchtung\",\"item\":\"https:\/\/www.eliassen.nl\/de\/stimmungsvolle-beleuchtung\/\"},{\"@type\":\"ListItem\",\"position\":4,\"name\":\"Glaslampen\",\"item\":\"https:\/\/www.eliassen.nl\/de\/stimmungsvolle-beleuchtung\/glaslampen\/\"},{\"@type\":\"ListItem\",\"position\":5,\"name\":\"Glaslampe &#8216;Murrina&#8217; niedriger Durchmesser 34-36cm\"}]},{\"@type\":\"WebSite\",\"@id\":\"https:\/\/www.eliassen.nl\/de\/#website\",\"url\":\"https:\/\/www.eliassen.nl\/de\/\",\"name\":\"Eliassen Home & Garden Pleasure\",\"description\":\"\",\"publisher\":{\"@id\":\"https:\/\/www.eliassen.nl\/de\/#organization\"},\"alternateName\":\"Eliassen.nl\",\"potentialAction\":[{\"@type\":\"SearchAction\",\"target\":{\"@type\":\"EntryPoint\",\"urlTemplate\":\"https:\/\/www.eliassen.nl\/de\/?s={search_term_string}\"},\"query-input\":{\"@type\":\"PropertyValueSpecification\",\"valueRequired\":true,\"valueName\":\"search_term_string\"}}],\"inLanguage\":\"de\"},{\"@type\":[\"Organization\",\"Place\"],\"@id\":\"https:\/\/www.eliassen.nl\/de\/#organization\",\"name\":\"Eliassen Home & Garden Pleasure\",\"url\":\"https:\/\/www.eliassen.nl\/de\/\",\"logo\":{\"@id\":\"https:\/\/www.eliassen.nl\/de\/glaslampe-murrina-niedriger-durchmesser-34-36cm\/#local-main-organization-logo\"},\"image\":{\"@id\":\"https:\/\/www.eliassen.nl\/de\/glaslampe-murrina-niedriger-durchmesser-34-36cm\/#local-main-organization-logo\"},\"sameAs\":[\"https:\/\/www.facebook.com\/TuincentrumEliassenAmmerzoden\",\"https:\/\/www.instagram.com\/eliassenhomeandgarden\/\",\"https:\/\/nl.pinterest.com\/eliassenhomeandgarden\/\",\"https:\/\/www.youtube.com\/@eliassenhomegardenpleasure4558\"],\"telephone\":[],\"openingHoursSpecification\":[{\"@type\":\"OpeningHoursSpecification\",\"dayOfWeek\":[\"Monday\",\"Tuesday\",\"Wednesday\",\"Thursday\",\"Friday\",\"Saturday\",\"Sunday\"],\"opens\":\"09:00\",\"closes\":\"17:00\"}]},{\"@type\":\"ImageObject\",\"inLanguage\":\"de\",\"@id\":\"https:\/\/www.eliassen.nl\/de\/glaslampe-murrina-niedriger-durchmesser-34-36cm\/#local-main-organization-logo\",\"url\":\"https:\/\/www.eliassen.nl\/wp-content\/uploads\/2024\/01\/logo_4nd.jpg\",\"contentUrl\":\"https:\/\/www.eliassen.nl\/wp-content\/uploads\/2024\/01\/logo_4nd.jpg\",\"width\":500,\"height\":500,\"caption\":\"Eliassen Home & Garden Pleasure\"}]}<\/script>\n<meta property=\"product:price:amount\" content=\"137.00\" \/>\n<meta property=\"product:price:currency\" content=\"EUR\" \/>\n<meta property=\"og:availability\" content=\"instock\" \/>\n<meta property=\"product:availability\" content=\"instock\" \/>\n<meta property=\"product:retailer_item_id\" content=\"06.32.58\" \/>\n<meta property=\"product:condition\" content=\"new\" \/>\n<!-- \/ Yoast SEO Premium plugin. -->","yoast_head_json":{"title":"Glasleuchte 'Murrina' niedriger Durchmesser 34-36cm - Eliassen","description":"Sch\u00f6ne Loranto Glaslampe 'Murrina' (\u00d835cm) aus mundgeblasenem Glas. Einzigartiges farbenfrohes Design f\u00fcr stimmungsvolle Beleuchtung. Bestellen Sie dieses Kunstwerk sofort!","robots":{"index":"index","follow":"follow","max-snippet":"max-snippet:-1","max-image-preview":"max-image-preview:large","max-video-preview":"max-video-preview:-1"},"canonical":"https:\/\/www.eliassen.nl\/de\/glaslampe-murrina-niedriger-durchmesser-34-36cm\/","og_locale":"de_DE","og_type":"article","og_title":"Loranto Glaslampe 'Murrina' niedriger Durchmesser 34-36cm - Eliassen.nl","og_description":"Sch\u00f6ne Loranto Glaslampe 'Murrina' (\u00d835cm) aus mundgeblasenem Glas. Einzigartiges farbenfrohes Design f\u00fcr stimmungsvolle Beleuchtung. Bestellen Sie dieses Kunstwerk sofort!","og_url":"https:\/\/www.eliassen.nl\/de\/glaslampe-murrina-niedriger-durchmesser-34-36cm\/","og_site_name":"Eliassen.nl","article_publisher":"https:\/\/www.facebook.com\/TuincentrumEliassenAmmerzoden","article_modified_time":"2026-02-06T12:40:01+00:00","og_image":[{"width":1900,"height":1267,"url":"https:\/\/www.eliassen.nl\/wp-content\/uploads\/2024\/01\/eliassenglaslampmurrinalaagdoorsnede3436cm.jpg","type":"image\/jpeg"}],"twitter_card":"summary_large_image","schema":{"@context":"https:\/\/schema.org","@graph":[{"@type":"WebPage","@id":"https:\/\/www.eliassen.nl\/de\/glaslampe-murrina-niedriger-durchmesser-34-36cm\/","url":"https:\/\/www.eliassen.nl\/de\/glaslampe-murrina-niedriger-durchmesser-34-36cm\/","name":"Glasleuchte 'Murrina' niedriger Durchmesser 34-36cm - Eliassen","isPartOf":{"@id":"https:\/\/www.eliassen.nl\/de\/#website"},"primaryImageOfPage":{"@id":"https:\/\/www.eliassen.nl\/de\/glaslampe-murrina-niedriger-durchmesser-34-36cm\/#primaryimage"},"image":{"@id":"https:\/\/www.eliassen.nl\/de\/glaslampe-murrina-niedriger-durchmesser-34-36cm\/#primaryimage"},"thumbnailUrl":"https:\/\/www.eliassen.nl\/wp-content\/uploads\/2024\/01\/eliassenglaslampmurrinalaagdoorsnede3436cm.jpg","datePublished":"2020-02-26T15:47:14+00:00","dateModified":"2026-02-06T12:40:01+00:00","description":"Sch\u00f6ne Loranto Glaslampe 'Murrina' (\u00d835cm) aus mundgeblasenem Glas. Einzigartiges farbenfrohes Design f\u00fcr stimmungsvolle Beleuchtung. Bestellen Sie dieses Kunstwerk sofort!","breadcrumb":{"@id":"https:\/\/www.eliassen.nl\/de\/glaslampe-murrina-niedriger-durchmesser-34-36cm\/#breadcrumb"},"inLanguage":"de","potentialAction":[{"@type":"ReadAction","target":["https:\/\/www.eliassen.nl\/de\/glaslampe-murrina-niedriger-durchmesser-34-36cm\/"]}]},{"@type":"ImageObject","inLanguage":"de","@id":"https:\/\/www.eliassen.nl\/de\/glaslampe-murrina-niedriger-durchmesser-34-36cm\/#primaryimage","url":"https:\/\/www.eliassen.nl\/wp-content\/uploads\/2024\/01\/eliassenglaslampmurrinalaagdoorsnede3436cm.jpg","contentUrl":"https:\/\/www.eliassen.nl\/wp-content\/uploads\/2024\/01\/eliassenglaslampmurrinalaagdoorsnede3436cm.jpg","width":1900,"height":1267,"caption":"Eliassen Glaslampe 'Murrina' niedriger Durchmesser 34-36cm"},{"@type":"BreadcrumbList","@id":"https:\/\/www.eliassen.nl\/de\/glaslampe-murrina-niedriger-durchmesser-34-36cm\/#breadcrumb","itemListElement":[{"@type":"ListItem","position":1,"name":"Home","item":"https:\/\/www.eliassen.nl\/de\/"},{"@type":"ListItem","position":2,"name":"Shop","item":"https:\/\/www.eliassen.nl\/de\/shop\/"},{"@type":"ListItem","position":3,"name":"Stimmungsvolle Beleuchtung","item":"https:\/\/www.eliassen.nl\/de\/stimmungsvolle-beleuchtung\/"},{"@type":"ListItem","position":4,"name":"Glaslampen","item":"https:\/\/www.eliassen.nl\/de\/stimmungsvolle-beleuchtung\/glaslampen\/"},{"@type":"ListItem","position":5,"name":"Glaslampe &#8216;Murrina&#8217; niedriger Durchmesser 34-36cm"}]},{"@type":"WebSite","@id":"https:\/\/www.eliassen.nl\/de\/#website","url":"https:\/\/www.eliassen.nl\/de\/","name":"Eliassen Home & Garden Pleasure","description":"","publisher":{"@id":"https:\/\/www.eliassen.nl\/de\/#organization"},"alternateName":"Eliassen.nl","potentialAction":[{"@type":"SearchAction","target":{"@type":"EntryPoint","urlTemplate":"https:\/\/www.eliassen.nl\/de\/?s={search_term_string}"},"query-input":{"@type":"PropertyValueSpecification","valueRequired":true,"valueName":"search_term_string"}}],"inLanguage":"de"},{"@type":["Organization","Place"],"@id":"https:\/\/www.eliassen.nl\/de\/#organization","name":"Eliassen Home & Garden Pleasure","url":"https:\/\/www.eliassen.nl\/de\/","logo":{"@id":"https:\/\/www.eliassen.nl\/de\/glaslampe-murrina-niedriger-durchmesser-34-36cm\/#local-main-organization-logo"},"image":{"@id":"https:\/\/www.eliassen.nl\/de\/glaslampe-murrina-niedriger-durchmesser-34-36cm\/#local-main-organization-logo"},"sameAs":["https:\/\/www.facebook.com\/TuincentrumEliassenAmmerzoden","https:\/\/www.instagram.com\/eliassenhomeandgarden\/","https:\/\/nl.pinterest.com\/eliassenhomeandgarden\/","https:\/\/www.youtube.com\/@eliassenhomegardenpleasure4558"],"telephone":[],"openingHoursSpecification":[{"@type":"OpeningHoursSpecification","dayOfWeek":["Monday","Tuesday","Wednesday","Thursday","Friday","Saturday","Sunday"],"opens":"09:00","closes":"17:00"}]},{"@type":"ImageObject","inLanguage":"de","@id":"https:\/\/www.eliassen.nl\/de\/glaslampe-murrina-niedriger-durchmesser-34-36cm\/#local-main-organization-logo","url":"https:\/\/www.eliassen.nl\/wp-content\/uploads\/2024\/01\/logo_4nd.jpg","contentUrl":"https:\/\/www.eliassen.nl\/wp-content\/uploads\/2024\/01\/logo_4nd.jpg","width":500,"height":500,"caption":"Eliassen Home & Garden Pleasure"}]},"product_price_amount":"137.00","product_price_currency":"EUR","og_availability":"instock","product_availability":"instock","product_retailer_item_id":"06.32.58","product_condition":"new"},"df_price":137,"df_sale_price":"","df_regular_price":137,"df_image_link":"https:\/\/www.eliassen.nl\/wp-content\/uploads\/2024\/01\/eliassenglaslampmurrinalaagdoorsnede3436cm.jpg","image":"https:\/\/www.eliassen.nl\/wp-content\/uploads\/2024\/01\/eliassenglaslampmurrinalaagdoorsnede3436cm.jpg","price_search":"<span class=\"woocommerce-Price-amount amount\"><bdi><span class=\"woocommerce-Price-currencySymbol\">&euro;<\/span>&nbsp;137,00<\/bdi><\/span>","category":"Glaskunst","global_unique_id":"6013800502500","_links":{"self":[{"href":"https:\/\/www.eliassen.nl\/de\/wp-json\/wp\/v2\/product\/21364","targetHints":{"allow":["GET"]}}],"collection":[{"href":"https:\/\/www.eliassen.nl\/de\/wp-json\/wp\/v2\/product"}],"about":[{"href":"https:\/\/www.eliassen.nl\/de\/wp-json\/wp\/v2\/types\/product"}],"wp:featuredmedia":[{"embeddable":true,"href":"https:\/\/www.eliassen.nl\/de\/wp-json\/wp\/v2\/media\/21355"}],"wp:attachment":[{"href":"https:\/\/www.eliassen.nl\/de\/wp-json\/wp\/v2\/media?parent=21364"}],"wp:term":[{"taxonomy":"product_brand","embeddable":true,"href":"https:\/\/www.eliassen.nl\/de\/wp-json\/wp\/v2\/product_brand?post=21364"},{"taxonomy":"product_cat","embeddable":true,"href":"https:\/\/www.eliassen.nl\/de\/wp-json\/wp\/v2\/product_cat?post=21364"},{"taxonomy":"product_tag","embeddable":true,"href":"https:\/\/www.eliassen.nl\/de\/wp-json\/wp\/v2\/product_tag?post=21364"}],"curies":[{"name":"wp","href":"https:\/\/api.w.org\/{rel}","templated":true}]}}