{"id":212630,"date":"2026-04-24T12:15:07","date_gmt":"2026-04-24T10:15:07","guid":{"rendered":"https:\/\/www.eliassen.nl\/product\/gartenstab-mehrfarbige-glaskugel-am-haken-120cm-hoch\/"},"modified":"2026-04-24T12:15:07","modified_gmt":"2026-04-24T10:15:07","slug":"gartenstab-mehrfarbige-glaskugel-am-haken-120cm-hoch","status":"publish","type":"product","link":"https:\/\/www.eliassen.nl\/de\/gartenstab-mehrfarbige-glaskugel-am-haken-120cm-hoch\/","title":{"rendered":"Gartenstab mehrfarbige Glaskugel am Haken 120cm hoch"},"content":{"rendered":"<p>Bringen Sie Leben und einen verspielten Farbakzent in Ihren Garten mit dieser sch\u00f6nen Gartenkirsche mit Glaskugel. Mit einer beeindruckenden H\u00f6he von 120 Zentimetern ist diese Dekoration ein anmutiger und auff\u00e4lliger Blickfang zwischen Beetpflanzen, in einem Blumenkasten oder auf dem Rasen. Was diese Gartenkirsche so besonders macht, ist die wundersch\u00f6ne transparente Glaskugel, die mit einem fr\u00f6hlichen und lebhaften Muster aus u.a. Blau-, Gelb-, Rot- und Gr\u00fcnt\u00f6nen verziert ist. Sobald das Sonnenlicht auf sie f\u00e4llt, entsteht ein wundersch\u00f6nes Lichtspiel in Ihrem Au\u00dfenbereich. Der farbenfrohe Globus h\u00e4ngt anmutig an einem stabilen Metallhaken mit einer authentischen rostfarbenen Oberfl\u00e4che. Dank seines robusten Stifts k\u00f6nnen Sie ihn einfach und stabil in die Gartenerde stecken. Geben Sie diesem einzigartigen St\u00fcck einen sch\u00f6nen Platz und genie\u00dfen Sie jeden Tag eine gem\u00fctliche und nat\u00fcrliche Atmosph\u00e4re. Nat\u00fcrlich sind Sie auch jederzeit in unserem ger\u00e4umigen Ausstellungsraum in Ammerzoden willkommen, um diesen gl\u00e4sernen Gartenstab und unsere gro\u00dfe Kollektion an Glaskunst und Gartendekorationen in natura zu bewundern.<\/p>\n","protected":false},"excerpt":{"rendered":"<p>Dieser verschn\u00f6rkelte, 120 Zentimeter hohe Gartenstab verf\u00fcgt \u00fcber einen stabilen rostfarbenen Haken, an dem eine schillernde, mehrfarbig gemusterte Glaskugel h\u00e4ngt. Dank des stabilen Metallstifts k\u00f6nnen Sie diesen auff\u00e4lligen Blickfang ganz einfach in die Gartenerde stellen, wo das Glas in der Sonne ein sch\u00f6nes Lichtspiel erzeugt. Ein hochwertiges Kunstwerk, das Ihrem Au\u00dfenbereich sofort eine lebendige, fr\u00f6hliche Atmosph\u00e4re verleiht.<\/p>\n","protected":false},"featured_media":212623,"template":"","meta":{"_acf_changed":false,"_genesis_title":"","_genesis_description":""},"product_brand":[7505],"product_cat":[851,836],"product_tag":[],"class_list":{"0":"post-212630","1":"product","2":"type-product","3":"status-publish","4":"has-post-thumbnail","6":"product_brand-sonstige","7":"product_cat-gartenpfaehle-aus-still","8":"product_cat-gartenstecker","10":"first","11":"instock","12":"taxable","13":"shipping-taxable","14":"purchasable","15":"product-type-simple"},"acf":[],"meta_all":{"cor_restricted_countries":[],"total_sales":"1"},"meta_all_flat":{"total_sales":"1"},"yoast_head":"<!-- This site is optimized with the Yoast SEO Premium plugin v26.2 (Yoast SEO v27.2) - https:\/\/yoast.com\/product\/yoast-seo-premium-wordpress\/ -->\n<title>Sonstige Gartenstab mehrfarbige Glaskugel am Haken 120cm hoch - Eliassen.nl<\/title>\n<meta name=\"description\" content=\"Sch\u00f6ner Gartenst\u00e4ngel (120cm) mit einem rostfarbenen Haken und einer fr\u00f6hlichen mehrfarbigen Glaskugel. Bringen Sie sofort Atmosph\u00e4re und Farbe in Ihren Garten. Bestellen Sie jetzt!\" \/>\n<meta name=\"robots\" content=\"index, follow, max-snippet:-1, max-image-preview:large, max-video-preview:-1\" \/>\n<link rel=\"canonical\" href=\"https:\/\/www.eliassen.nl\/de\/gartenstab-mehrfarbige-glaskugel-am-haken-120cm-hoch\/\" \/>\n<meta property=\"og:locale\" content=\"de_DE\" \/>\n<meta property=\"og:type\" content=\"article\" \/>\n<meta property=\"og:title\" content=\"Sonstige Gartenstab mehrfarbige Glaskugel am Haken 120cm hoch - Eliassen.nl\" \/>\n<meta property=\"og:description\" content=\"Sch\u00f6ner Gartenst\u00e4ngel (120cm) mit einem rostfarbenen Haken und einer fr\u00f6hlichen mehrfarbigen Glaskugel. Bringen Sie sofort Atmosph\u00e4re und Farbe in Ihren Garten. Bestellen Sie jetzt!\" \/>\n<meta property=\"og:url\" content=\"https:\/\/www.eliassen.nl\/de\/gartenstab-mehrfarbige-glaskugel-am-haken-120cm-hoch\/\" \/>\n<meta property=\"og:site_name\" content=\"Eliassen.nl\" \/>\n<meta property=\"article:publisher\" content=\"https:\/\/www.facebook.com\/TuincentrumEliassenAmmerzoden\" \/>\n<meta property=\"og:image\" content=\"https:\/\/www.eliassen.nl\/wp-content\/uploads\/2026\/04\/GD30046-1.jpg\" \/>\n\t<meta property=\"og:image:width\" content=\"1200\" \/>\n\t<meta property=\"og:image:height\" content=\"900\" \/>\n\t<meta property=\"og:image:type\" content=\"image\/jpeg\" \/>\n<meta name=\"twitter:card\" content=\"summary_large_image\" \/>\n<script type=\"application\/ld+json\" class=\"yoast-schema-graph\">{\"@context\":\"https:\/\/schema.org\",\"@graph\":[{\"@type\":\"WebPage\",\"@id\":\"https:\/\/www.eliassen.nl\/de\/gartenstab-mehrfarbige-glaskugel-am-haken-120cm-hoch\/\",\"url\":\"https:\/\/www.eliassen.nl\/de\/gartenstab-mehrfarbige-glaskugel-am-haken-120cm-hoch\/\",\"name\":\"Sonstige Gartenstab mehrfarbige Glaskugel am Haken 120cm hoch - Eliassen.nl\",\"isPartOf\":{\"@id\":\"https:\/\/www.eliassen.nl\/de\/#website\"},\"primaryImageOfPage\":{\"@id\":\"https:\/\/www.eliassen.nl\/de\/gartenstab-mehrfarbige-glaskugel-am-haken-120cm-hoch\/#primaryimage\"},\"image\":{\"@id\":\"https:\/\/www.eliassen.nl\/de\/gartenstab-mehrfarbige-glaskugel-am-haken-120cm-hoch\/#primaryimage\"},\"thumbnailUrl\":\"https:\/\/www.eliassen.nl\/wp-content\/uploads\/2026\/04\/GD30046-1.jpg\",\"datePublished\":\"2026-04-24T10:15:07+00:00\",\"description\":\"Sch\u00f6ner Gartenst\u00e4ngel (120cm) mit einem rostfarbenen Haken und einer fr\u00f6hlichen mehrfarbigen Glaskugel. Bringen Sie sofort Atmosph\u00e4re und Farbe in Ihren Garten. Bestellen Sie jetzt!\",\"breadcrumb\":{\"@id\":\"https:\/\/www.eliassen.nl\/de\/gartenstab-mehrfarbige-glaskugel-am-haken-120cm-hoch\/#breadcrumb\"},\"inLanguage\":\"de\",\"potentialAction\":[{\"@type\":\"ReadAction\",\"target\":[\"https:\/\/www.eliassen.nl\/de\/gartenstab-mehrfarbige-glaskugel-am-haken-120cm-hoch\/\"]}]},{\"@type\":\"ImageObject\",\"inLanguage\":\"de\",\"@id\":\"https:\/\/www.eliassen.nl\/de\/gartenstab-mehrfarbige-glaskugel-am-haken-120cm-hoch\/#primaryimage\",\"url\":\"https:\/\/www.eliassen.nl\/wp-content\/uploads\/2026\/04\/GD30046-1.jpg\",\"contentUrl\":\"https:\/\/www.eliassen.nl\/wp-content\/uploads\/2026\/04\/GD30046-1.jpg\",\"width\":1200,\"height\":900,\"caption\":\"OLYMPUS DIGITALKAMERA\"},{\"@type\":\"BreadcrumbList\",\"@id\":\"https:\/\/www.eliassen.nl\/de\/gartenstab-mehrfarbige-glaskugel-am-haken-120cm-hoch\/#breadcrumb\",\"itemListElement\":[{\"@type\":\"ListItem\",\"position\":1,\"name\":\"Home\",\"item\":\"https:\/\/www.eliassen.nl\/de\/\"},{\"@type\":\"ListItem\",\"position\":2,\"name\":\"Shop\",\"item\":\"https:\/\/www.eliassen.nl\/de\/shop\/\"},{\"@type\":\"ListItem\",\"position\":3,\"name\":\"Gartenstab mehrfarbige Glaskugel am Haken 120cm hoch\"}]},{\"@type\":\"WebSite\",\"@id\":\"https:\/\/www.eliassen.nl\/de\/#website\",\"url\":\"https:\/\/www.eliassen.nl\/de\/\",\"name\":\"Eliassen Home & Garden Pleasure\",\"description\":\"\",\"publisher\":{\"@id\":\"https:\/\/www.eliassen.nl\/de\/#organization\"},\"alternateName\":\"Eliassen.nl\",\"potentialAction\":[{\"@type\":\"SearchAction\",\"target\":{\"@type\":\"EntryPoint\",\"urlTemplate\":\"https:\/\/www.eliassen.nl\/de\/?s={search_term_string}\"},\"query-input\":{\"@type\":\"PropertyValueSpecification\",\"valueRequired\":true,\"valueName\":\"search_term_string\"}}],\"inLanguage\":\"de\"},{\"@type\":[\"Organization\",\"Place\"],\"@id\":\"https:\/\/www.eliassen.nl\/de\/#organization\",\"name\":\"Eliassen Home & Garden Pleasure\",\"url\":\"https:\/\/www.eliassen.nl\/de\/\",\"logo\":{\"@id\":\"https:\/\/www.eliassen.nl\/de\/gartenstab-mehrfarbige-glaskugel-am-haken-120cm-hoch\/#local-main-organization-logo\"},\"image\":{\"@id\":\"https:\/\/www.eliassen.nl\/de\/gartenstab-mehrfarbige-glaskugel-am-haken-120cm-hoch\/#local-main-organization-logo\"},\"sameAs\":[\"https:\/\/www.facebook.com\/TuincentrumEliassenAmmerzoden\",\"https:\/\/www.instagram.com\/eliassenhomeandgarden\/\",\"https:\/\/nl.pinterest.com\/eliassenhomeandgarden\/\",\"https:\/\/www.youtube.com\/@eliassenhomegardenpleasure4558\"],\"telephone\":[],\"openingHoursSpecification\":[{\"@type\":\"OpeningHoursSpecification\",\"dayOfWeek\":[\"Monday\",\"Tuesday\",\"Wednesday\",\"Thursday\",\"Friday\",\"Saturday\",\"Sunday\"],\"opens\":\"09:00\",\"closes\":\"17:00\"}]},{\"@type\":\"ImageObject\",\"inLanguage\":\"de\",\"@id\":\"https:\/\/www.eliassen.nl\/de\/gartenstab-mehrfarbige-glaskugel-am-haken-120cm-hoch\/#local-main-organization-logo\",\"url\":\"https:\/\/www.eliassen.nl\/wp-content\/uploads\/2024\/01\/logo_4nd.jpg\",\"contentUrl\":\"https:\/\/www.eliassen.nl\/wp-content\/uploads\/2024\/01\/logo_4nd.jpg\",\"width\":500,\"height\":500,\"caption\":\"Eliassen Home & Garden Pleasure\"}]}<\/script>\n<meta property=\"product:price:amount\" content=\"47.50\" \/>\n<meta property=\"product:price:currency\" content=\"EUR\" \/>\n<meta property=\"og:availability\" content=\"instock\" \/>\n<meta property=\"product:availability\" content=\"instock\" \/>\n<meta property=\"product:retailer_item_id\" content=\"GD30046\" \/>\n<meta property=\"product:condition\" content=\"new\" \/>\n<!-- \/ Yoast SEO Premium plugin. -->","yoast_head_json":{"title":"Sonstige Gartenstab mehrfarbige Glaskugel am Haken 120cm hoch - Eliassen.nl","description":"Sch\u00f6ner Gartenst\u00e4ngel (120cm) mit einem rostfarbenen Haken und einer fr\u00f6hlichen mehrfarbigen Glaskugel. Bringen Sie sofort Atmosph\u00e4re und Farbe in Ihren Garten. Bestellen Sie jetzt!","robots":{"index":"index","follow":"follow","max-snippet":"max-snippet:-1","max-image-preview":"max-image-preview:large","max-video-preview":"max-video-preview:-1"},"canonical":"https:\/\/www.eliassen.nl\/de\/gartenstab-mehrfarbige-glaskugel-am-haken-120cm-hoch\/","og_locale":"de_DE","og_type":"article","og_title":"Sonstige Gartenstab mehrfarbige Glaskugel am Haken 120cm hoch - Eliassen.nl","og_description":"Sch\u00f6ner Gartenst\u00e4ngel (120cm) mit einem rostfarbenen Haken und einer fr\u00f6hlichen mehrfarbigen Glaskugel. Bringen Sie sofort Atmosph\u00e4re und Farbe in Ihren Garten. Bestellen Sie jetzt!","og_url":"https:\/\/www.eliassen.nl\/de\/gartenstab-mehrfarbige-glaskugel-am-haken-120cm-hoch\/","og_site_name":"Eliassen.nl","article_publisher":"https:\/\/www.facebook.com\/TuincentrumEliassenAmmerzoden","og_image":[{"width":1200,"height":900,"url":"https:\/\/www.eliassen.nl\/wp-content\/uploads\/2026\/04\/GD30046-1.jpg","type":"image\/jpeg"}],"twitter_card":"summary_large_image","schema":{"@context":"https:\/\/schema.org","@graph":[{"@type":"WebPage","@id":"https:\/\/www.eliassen.nl\/de\/gartenstab-mehrfarbige-glaskugel-am-haken-120cm-hoch\/","url":"https:\/\/www.eliassen.nl\/de\/gartenstab-mehrfarbige-glaskugel-am-haken-120cm-hoch\/","name":"Sonstige Gartenstab mehrfarbige Glaskugel am Haken 120cm hoch - Eliassen.nl","isPartOf":{"@id":"https:\/\/www.eliassen.nl\/de\/#website"},"primaryImageOfPage":{"@id":"https:\/\/www.eliassen.nl\/de\/gartenstab-mehrfarbige-glaskugel-am-haken-120cm-hoch\/#primaryimage"},"image":{"@id":"https:\/\/www.eliassen.nl\/de\/gartenstab-mehrfarbige-glaskugel-am-haken-120cm-hoch\/#primaryimage"},"thumbnailUrl":"https:\/\/www.eliassen.nl\/wp-content\/uploads\/2026\/04\/GD30046-1.jpg","datePublished":"2026-04-24T10:15:07+00:00","description":"Sch\u00f6ner Gartenst\u00e4ngel (120cm) mit einem rostfarbenen Haken und einer fr\u00f6hlichen mehrfarbigen Glaskugel. Bringen Sie sofort Atmosph\u00e4re und Farbe in Ihren Garten. Bestellen Sie jetzt!","breadcrumb":{"@id":"https:\/\/www.eliassen.nl\/de\/gartenstab-mehrfarbige-glaskugel-am-haken-120cm-hoch\/#breadcrumb"},"inLanguage":"de","potentialAction":[{"@type":"ReadAction","target":["https:\/\/www.eliassen.nl\/de\/gartenstab-mehrfarbige-glaskugel-am-haken-120cm-hoch\/"]}]},{"@type":"ImageObject","inLanguage":"de","@id":"https:\/\/www.eliassen.nl\/de\/gartenstab-mehrfarbige-glaskugel-am-haken-120cm-hoch\/#primaryimage","url":"https:\/\/www.eliassen.nl\/wp-content\/uploads\/2026\/04\/GD30046-1.jpg","contentUrl":"https:\/\/www.eliassen.nl\/wp-content\/uploads\/2026\/04\/GD30046-1.jpg","width":1200,"height":900,"caption":"OLYMPUS DIGITALKAMERA"},{"@type":"BreadcrumbList","@id":"https:\/\/www.eliassen.nl\/de\/gartenstab-mehrfarbige-glaskugel-am-haken-120cm-hoch\/#breadcrumb","itemListElement":[{"@type":"ListItem","position":1,"name":"Home","item":"https:\/\/www.eliassen.nl\/de\/"},{"@type":"ListItem","position":2,"name":"Shop","item":"https:\/\/www.eliassen.nl\/de\/shop\/"},{"@type":"ListItem","position":3,"name":"Gartenstab mehrfarbige Glaskugel am Haken 120cm hoch"}]},{"@type":"WebSite","@id":"https:\/\/www.eliassen.nl\/de\/#website","url":"https:\/\/www.eliassen.nl\/de\/","name":"Eliassen Home & Garden Pleasure","description":"","publisher":{"@id":"https:\/\/www.eliassen.nl\/de\/#organization"},"alternateName":"Eliassen.nl","potentialAction":[{"@type":"SearchAction","target":{"@type":"EntryPoint","urlTemplate":"https:\/\/www.eliassen.nl\/de\/?s={search_term_string}"},"query-input":{"@type":"PropertyValueSpecification","valueRequired":true,"valueName":"search_term_string"}}],"inLanguage":"de"},{"@type":["Organization","Place"],"@id":"https:\/\/www.eliassen.nl\/de\/#organization","name":"Eliassen Home & Garden Pleasure","url":"https:\/\/www.eliassen.nl\/de\/","logo":{"@id":"https:\/\/www.eliassen.nl\/de\/gartenstab-mehrfarbige-glaskugel-am-haken-120cm-hoch\/#local-main-organization-logo"},"image":{"@id":"https:\/\/www.eliassen.nl\/de\/gartenstab-mehrfarbige-glaskugel-am-haken-120cm-hoch\/#local-main-organization-logo"},"sameAs":["https:\/\/www.facebook.com\/TuincentrumEliassenAmmerzoden","https:\/\/www.instagram.com\/eliassenhomeandgarden\/","https:\/\/nl.pinterest.com\/eliassenhomeandgarden\/","https:\/\/www.youtube.com\/@eliassenhomegardenpleasure4558"],"telephone":[],"openingHoursSpecification":[{"@type":"OpeningHoursSpecification","dayOfWeek":["Monday","Tuesday","Wednesday","Thursday","Friday","Saturday","Sunday"],"opens":"09:00","closes":"17:00"}]},{"@type":"ImageObject","inLanguage":"de","@id":"https:\/\/www.eliassen.nl\/de\/gartenstab-mehrfarbige-glaskugel-am-haken-120cm-hoch\/#local-main-organization-logo","url":"https:\/\/www.eliassen.nl\/wp-content\/uploads\/2024\/01\/logo_4nd.jpg","contentUrl":"https:\/\/www.eliassen.nl\/wp-content\/uploads\/2024\/01\/logo_4nd.jpg","width":500,"height":500,"caption":"Eliassen Home & Garden Pleasure"}]},"product_price_amount":"47.50","product_price_currency":"EUR","og_availability":"instock","product_availability":"instock","product_retailer_item_id":"GD30046","product_condition":"new"},"df_price":47.5,"df_sale_price":"","df_regular_price":47.5,"df_image_link":"https:\/\/www.eliassen.nl\/wp-content\/uploads\/2026\/04\/GD30046-1-300x225.jpg","image":"https:\/\/www.eliassen.nl\/wp-content\/uploads\/2026\/04\/GD30046-1-150x150.jpg","price_search":"<span class=\"woocommerce-Price-amount amount\"><bdi><span class=\"woocommerce-Price-currencySymbol\">&euro;<\/span>&nbsp;47,50<\/bdi><\/span>","category":"Gartenpf\u00e4hle aus still","global_unique_id":"5410807300466","_links":{"self":[{"href":"https:\/\/www.eliassen.nl\/de\/wp-json\/wp\/v2\/product\/212630","targetHints":{"allow":["GET"]}}],"collection":[{"href":"https:\/\/www.eliassen.nl\/de\/wp-json\/wp\/v2\/product"}],"about":[{"href":"https:\/\/www.eliassen.nl\/de\/wp-json\/wp\/v2\/types\/product"}],"wp:featuredmedia":[{"embeddable":true,"href":"https:\/\/www.eliassen.nl\/de\/wp-json\/wp\/v2\/media\/212623"}],"wp:attachment":[{"href":"https:\/\/www.eliassen.nl\/de\/wp-json\/wp\/v2\/media?parent=212630"}],"wp:term":[{"taxonomy":"product_brand","embeddable":true,"href":"https:\/\/www.eliassen.nl\/de\/wp-json\/wp\/v2\/product_brand?post=212630"},{"taxonomy":"product_cat","embeddable":true,"href":"https:\/\/www.eliassen.nl\/de\/wp-json\/wp\/v2\/product_cat?post=212630"},{"taxonomy":"product_tag","embeddable":true,"href":"https:\/\/www.eliassen.nl\/de\/wp-json\/wp\/v2\/product_tag?post=212630"}],"curies":[{"name":"wp","href":"https:\/\/api.w.org\/{rel}","templated":true}]}}