{"id":212620,"date":"2026-04-24T12:07:57","date_gmt":"2026-04-24T10:07:57","guid":{"rendered":"https:\/\/www.eliassen.nl\/product\/metall-vogelfutterspender-am-aufhaengehaken-57cm\/"},"modified":"2026-04-24T12:07:57","modified_gmt":"2026-04-24T10:07:57","slug":"metall-vogelfutterspender-am-aufhaengehaken-57cm","status":"publish","type":"product","link":"https:\/\/www.eliassen.nl\/de\/metall-vogelfutterspender-am-aufhaengehaken-57cm\/","title":{"rendered":"Metall-Vogelfutterspender am Aufh\u00e4ngehaken 57cm"},"content":{"rendered":"<p>Schaffen Sie eine warme und rustikale Atmosph\u00e4re in Ihrem Garten mit diesem stimmungsvollen Vogelfutterhaus aus Metall. Mit einer Gr\u00f6\u00dfe von 21x21x57 Zentimetern ist diese Dekoration eine sch\u00f6ne und zugleich funktionelle Erg\u00e4nzung f\u00fcr Ihren Au\u00dfenbereich. Was dieses Futterhaus so besonders macht, ist sein authentisches, turmf\u00f6rmiges Design, komplett mit einer spitzen Haube und charmant geschnitzten runden und bogenf\u00f6rmigen Fenstern. Die robuste rostfarbene Oberfl\u00e4che verleiht ihm einen sch\u00f6n verwitterten und antiken Charakter, der sich perfekt in die nat\u00fcrliche Umgebung einf\u00fcgt. Dank des stabilen Aufh\u00e4ngehakens an der Oberseite k\u00f6nnen Sie dieses H\u00e4uschen ganz einfach an einem Ast, einer Pergola oder einer Wandhalterung befestigen. Er ist ein wundersch\u00f6nes Kunstwerk und bietet auch Gartenv\u00f6geln einen zug\u00e4nglichen Platz zum gesch\u00fctzten F\u00fcttern. Geben Sie diesem einzigartigen St\u00fcck einen sch\u00f6nen Platz und genie\u00dfen Sie jeden Tag eine lebendige, nat\u00fcrliche Atmosph\u00e4re. Nat\u00fcrlich sind Sie auch jederzeit in unserem ger\u00e4umigen Ausstellungsraum in Ammerzoden willkommen, um diesen Metalltrog und unsere gro\u00dfe Kollektion an Gartendekorationen in natura zu bewundern.<\/p>\n","protected":false},"excerpt":{"rendered":"<p>Mit einer Gr\u00f6\u00dfe von 21x21x57 Zentimetern ist dieses rustikale Vogelfutterhaus aus Metall ein attraktiver und funktioneller Blickfang f\u00fcr Ihren Garten. Das authentische rostfarbene Finish und das charmante Design mit spitzem Schirm und geschnitzten Fenstern verleihen dieser Dekoration einen sch\u00f6nen antiken Charakter. Mit dem praktischen Aufh\u00e4ngehaken k\u00f6nnen Sie ganz einfach einen einladenden Platz f\u00fcr Gartenv\u00f6gel schaffen.<\/p>\n","protected":false},"featured_media":212615,"template":"","meta":{"_acf_changed":false,"_genesis_title":"","_genesis_description":""},"product_brand":[7505],"product_cat":[665,659,707],"product_tag":[],"class_list":{"0":"post-212620","1":"product","2":"type-product","3":"status-publish","4":"has-post-thumbnail","6":"product_brand-sonstige","7":"product_cat-dekofiguren-aus-metall","8":"product_cat-dekoration-aus-metall","9":"product_cat-vogeltraenken","11":"first","12":"instock","13":"taxable","14":"shipping-taxable","15":"purchasable","16":"product-type-simple"},"acf":[],"meta_all":{"cor_restricted_countries":[],"total_sales":"0"},"meta_all_flat":{"total_sales":"0"},"yoast_head":"<!-- This site is optimized with the Yoast SEO Premium plugin v26.2 (Yoast SEO v27.2) - https:\/\/yoast.com\/product\/yoast-seo-premium-wordpress\/ -->\n<title>Sonstige Metall-Vogelfutterspender am Aufh\u00e4ngehaken 57cm - Eliassen.nl<\/title>\n<meta name=\"description\" content=\"Attraktives rostfarbenes Metall-Vogelfutterhaus (21x21x57cm) mit Aufh\u00e4ngehaken und ausgeschnittenen Fenstern. Sie locken V\u00f6gel an und bringen Atmosph\u00e4re in Ihren Garten. Bestellen Sie jetzt!\" \/>\n<meta name=\"robots\" content=\"index, follow, max-snippet:-1, max-image-preview:large, max-video-preview:-1\" \/>\n<link rel=\"canonical\" href=\"https:\/\/www.eliassen.nl\/de\/metall-vogelfutterspender-am-aufhaengehaken-57cm\/\" \/>\n<meta property=\"og:locale\" content=\"de_DE\" \/>\n<meta property=\"og:type\" content=\"article\" \/>\n<meta property=\"og:title\" content=\"Sonstige Metall-Vogelfutterspender am Aufh\u00e4ngehaken 57cm - Eliassen.nl\" \/>\n<meta property=\"og:description\" content=\"Attraktives rostfarbenes Metall-Vogelfutterhaus (21x21x57cm) mit Aufh\u00e4ngehaken und ausgeschnittenen Fenstern. Sie locken V\u00f6gel an und bringen Atmosph\u00e4re in Ihren Garten. Bestellen Sie jetzt!\" \/>\n<meta property=\"og:url\" content=\"https:\/\/www.eliassen.nl\/de\/metall-vogelfutterspender-am-aufhaengehaken-57cm\/\" \/>\n<meta property=\"og:site_name\" content=\"Eliassen.nl\" \/>\n<meta property=\"article:publisher\" content=\"https:\/\/www.facebook.com\/TuincentrumEliassenAmmerzoden\" \/>\n<meta property=\"og:image\" content=\"https:\/\/www.eliassen.nl\/wp-content\/uploads\/2026\/04\/MD70128_01.webp\" \/>\n\t<meta property=\"og:image:width\" content=\"1200\" \/>\n\t<meta property=\"og:image:height\" content=\"1800\" \/>\n\t<meta property=\"og:image:type\" content=\"image\/webp\" \/>\n<meta name=\"twitter:card\" content=\"summary_large_image\" \/>\n<script type=\"application\/ld+json\" class=\"yoast-schema-graph\">{\"@context\":\"https:\/\/schema.org\",\"@graph\":[{\"@type\":\"WebPage\",\"@id\":\"https:\/\/www.eliassen.nl\/de\/metall-vogelfutterspender-am-aufhaengehaken-57cm\/\",\"url\":\"https:\/\/www.eliassen.nl\/de\/metall-vogelfutterspender-am-aufhaengehaken-57cm\/\",\"name\":\"Sonstige Metall-Vogelfutterspender am Aufh\u00e4ngehaken 57cm - Eliassen.nl\",\"isPartOf\":{\"@id\":\"https:\/\/www.eliassen.nl\/de\/#website\"},\"primaryImageOfPage\":{\"@id\":\"https:\/\/www.eliassen.nl\/de\/metall-vogelfutterspender-am-aufhaengehaken-57cm\/#primaryimage\"},\"image\":{\"@id\":\"https:\/\/www.eliassen.nl\/de\/metall-vogelfutterspender-am-aufhaengehaken-57cm\/#primaryimage\"},\"thumbnailUrl\":\"https:\/\/www.eliassen.nl\/wp-content\/uploads\/2026\/04\/MD70128_01.webp\",\"datePublished\":\"2026-04-24T10:07:57+00:00\",\"description\":\"Attraktives rostfarbenes Metall-Vogelfutterhaus (21x21x57cm) mit Aufh\u00e4ngehaken und ausgeschnittenen Fenstern. Sie locken V\u00f6gel an und bringen Atmosph\u00e4re in Ihren Garten. Bestellen Sie jetzt!\",\"breadcrumb\":{\"@id\":\"https:\/\/www.eliassen.nl\/de\/metall-vogelfutterspender-am-aufhaengehaken-57cm\/#breadcrumb\"},\"inLanguage\":\"de\",\"potentialAction\":[{\"@type\":\"ReadAction\",\"target\":[\"https:\/\/www.eliassen.nl\/de\/metall-vogelfutterspender-am-aufhaengehaken-57cm\/\"]}]},{\"@type\":\"ImageObject\",\"inLanguage\":\"de\",\"@id\":\"https:\/\/www.eliassen.nl\/de\/metall-vogelfutterspender-am-aufhaengehaken-57cm\/#primaryimage\",\"url\":\"https:\/\/www.eliassen.nl\/wp-content\/uploads\/2026\/04\/MD70128_01.webp\",\"contentUrl\":\"https:\/\/www.eliassen.nl\/wp-content\/uploads\/2026\/04\/MD70128_01.webp\",\"width\":1200,\"height\":1800,\"caption\":\"Vogelfutterautomat aus Metall mit Aufh\u00e4ngehaken - Eliassen.de\"},{\"@type\":\"BreadcrumbList\",\"@id\":\"https:\/\/www.eliassen.nl\/de\/metall-vogelfutterspender-am-aufhaengehaken-57cm\/#breadcrumb\",\"itemListElement\":[{\"@type\":\"ListItem\",\"position\":1,\"name\":\"Home\",\"item\":\"https:\/\/www.eliassen.nl\/de\/\"},{\"@type\":\"ListItem\",\"position\":2,\"name\":\"Shop\",\"item\":\"https:\/\/www.eliassen.nl\/de\/shop\/\"},{\"@type\":\"ListItem\",\"position\":3,\"name\":\"Metall-Vogelfutterspender am Aufh\u00e4ngehaken 57cm\"}]},{\"@type\":\"WebSite\",\"@id\":\"https:\/\/www.eliassen.nl\/de\/#website\",\"url\":\"https:\/\/www.eliassen.nl\/de\/\",\"name\":\"Eliassen Home & Garden Pleasure\",\"description\":\"\",\"publisher\":{\"@id\":\"https:\/\/www.eliassen.nl\/de\/#organization\"},\"alternateName\":\"Eliassen.nl\",\"potentialAction\":[{\"@type\":\"SearchAction\",\"target\":{\"@type\":\"EntryPoint\",\"urlTemplate\":\"https:\/\/www.eliassen.nl\/de\/?s={search_term_string}\"},\"query-input\":{\"@type\":\"PropertyValueSpecification\",\"valueRequired\":true,\"valueName\":\"search_term_string\"}}],\"inLanguage\":\"de\"},{\"@type\":[\"Organization\",\"Place\"],\"@id\":\"https:\/\/www.eliassen.nl\/de\/#organization\",\"name\":\"Eliassen Home & Garden Pleasure\",\"url\":\"https:\/\/www.eliassen.nl\/de\/\",\"logo\":{\"@id\":\"https:\/\/www.eliassen.nl\/de\/metall-vogelfutterspender-am-aufhaengehaken-57cm\/#local-main-organization-logo\"},\"image\":{\"@id\":\"https:\/\/www.eliassen.nl\/de\/metall-vogelfutterspender-am-aufhaengehaken-57cm\/#local-main-organization-logo\"},\"sameAs\":[\"https:\/\/www.facebook.com\/TuincentrumEliassenAmmerzoden\",\"https:\/\/www.instagram.com\/eliassenhomeandgarden\/\",\"https:\/\/nl.pinterest.com\/eliassenhomeandgarden\/\",\"https:\/\/www.youtube.com\/@eliassenhomegardenpleasure4558\"],\"telephone\":[],\"openingHoursSpecification\":[{\"@type\":\"OpeningHoursSpecification\",\"dayOfWeek\":[\"Monday\",\"Tuesday\",\"Wednesday\",\"Thursday\",\"Friday\",\"Saturday\",\"Sunday\"],\"opens\":\"09:00\",\"closes\":\"17:00\"}]},{\"@type\":\"ImageObject\",\"inLanguage\":\"de\",\"@id\":\"https:\/\/www.eliassen.nl\/de\/metall-vogelfutterspender-am-aufhaengehaken-57cm\/#local-main-organization-logo\",\"url\":\"https:\/\/www.eliassen.nl\/wp-content\/uploads\/2024\/01\/logo_4nd.jpg\",\"contentUrl\":\"https:\/\/www.eliassen.nl\/wp-content\/uploads\/2024\/01\/logo_4nd.jpg\",\"width\":500,\"height\":500,\"caption\":\"Eliassen Home & Garden Pleasure\"}]}<\/script>\n<meta property=\"product:price:amount\" content=\"49.50\" \/>\n<meta property=\"product:price:currency\" content=\"EUR\" \/>\n<meta property=\"og:availability\" content=\"instock\" \/>\n<meta property=\"product:availability\" content=\"instock\" \/>\n<meta property=\"product:retailer_item_id\" content=\"MD70128\" \/>\n<meta property=\"product:condition\" content=\"new\" \/>\n<!-- \/ Yoast SEO Premium plugin. -->","yoast_head_json":{"title":"Sonstige Metall-Vogelfutterspender am Aufh\u00e4ngehaken 57cm - Eliassen.nl","description":"Attraktives rostfarbenes Metall-Vogelfutterhaus (21x21x57cm) mit Aufh\u00e4ngehaken und ausgeschnittenen Fenstern. Sie locken V\u00f6gel an und bringen Atmosph\u00e4re in Ihren Garten. Bestellen Sie jetzt!","robots":{"index":"index","follow":"follow","max-snippet":"max-snippet:-1","max-image-preview":"max-image-preview:large","max-video-preview":"max-video-preview:-1"},"canonical":"https:\/\/www.eliassen.nl\/de\/metall-vogelfutterspender-am-aufhaengehaken-57cm\/","og_locale":"de_DE","og_type":"article","og_title":"Sonstige Metall-Vogelfutterspender am Aufh\u00e4ngehaken 57cm - Eliassen.nl","og_description":"Attraktives rostfarbenes Metall-Vogelfutterhaus (21x21x57cm) mit Aufh\u00e4ngehaken und ausgeschnittenen Fenstern. Sie locken V\u00f6gel an und bringen Atmosph\u00e4re in Ihren Garten. Bestellen Sie jetzt!","og_url":"https:\/\/www.eliassen.nl\/de\/metall-vogelfutterspender-am-aufhaengehaken-57cm\/","og_site_name":"Eliassen.nl","article_publisher":"https:\/\/www.facebook.com\/TuincentrumEliassenAmmerzoden","og_image":[{"width":1200,"height":1800,"url":"https:\/\/www.eliassen.nl\/wp-content\/uploads\/2026\/04\/MD70128_01.webp","type":"image\/webp"}],"twitter_card":"summary_large_image","schema":{"@context":"https:\/\/schema.org","@graph":[{"@type":"WebPage","@id":"https:\/\/www.eliassen.nl\/de\/metall-vogelfutterspender-am-aufhaengehaken-57cm\/","url":"https:\/\/www.eliassen.nl\/de\/metall-vogelfutterspender-am-aufhaengehaken-57cm\/","name":"Sonstige Metall-Vogelfutterspender am Aufh\u00e4ngehaken 57cm - Eliassen.nl","isPartOf":{"@id":"https:\/\/www.eliassen.nl\/de\/#website"},"primaryImageOfPage":{"@id":"https:\/\/www.eliassen.nl\/de\/metall-vogelfutterspender-am-aufhaengehaken-57cm\/#primaryimage"},"image":{"@id":"https:\/\/www.eliassen.nl\/de\/metall-vogelfutterspender-am-aufhaengehaken-57cm\/#primaryimage"},"thumbnailUrl":"https:\/\/www.eliassen.nl\/wp-content\/uploads\/2026\/04\/MD70128_01.webp","datePublished":"2026-04-24T10:07:57+00:00","description":"Attraktives rostfarbenes Metall-Vogelfutterhaus (21x21x57cm) mit Aufh\u00e4ngehaken und ausgeschnittenen Fenstern. Sie locken V\u00f6gel an und bringen Atmosph\u00e4re in Ihren Garten. Bestellen Sie jetzt!","breadcrumb":{"@id":"https:\/\/www.eliassen.nl\/de\/metall-vogelfutterspender-am-aufhaengehaken-57cm\/#breadcrumb"},"inLanguage":"de","potentialAction":[{"@type":"ReadAction","target":["https:\/\/www.eliassen.nl\/de\/metall-vogelfutterspender-am-aufhaengehaken-57cm\/"]}]},{"@type":"ImageObject","inLanguage":"de","@id":"https:\/\/www.eliassen.nl\/de\/metall-vogelfutterspender-am-aufhaengehaken-57cm\/#primaryimage","url":"https:\/\/www.eliassen.nl\/wp-content\/uploads\/2026\/04\/MD70128_01.webp","contentUrl":"https:\/\/www.eliassen.nl\/wp-content\/uploads\/2026\/04\/MD70128_01.webp","width":1200,"height":1800,"caption":"Vogelfutterautomat aus Metall mit Aufh\u00e4ngehaken - Eliassen.de"},{"@type":"BreadcrumbList","@id":"https:\/\/www.eliassen.nl\/de\/metall-vogelfutterspender-am-aufhaengehaken-57cm\/#breadcrumb","itemListElement":[{"@type":"ListItem","position":1,"name":"Home","item":"https:\/\/www.eliassen.nl\/de\/"},{"@type":"ListItem","position":2,"name":"Shop","item":"https:\/\/www.eliassen.nl\/de\/shop\/"},{"@type":"ListItem","position":3,"name":"Metall-Vogelfutterspender am Aufh\u00e4ngehaken 57cm"}]},{"@type":"WebSite","@id":"https:\/\/www.eliassen.nl\/de\/#website","url":"https:\/\/www.eliassen.nl\/de\/","name":"Eliassen Home & Garden Pleasure","description":"","publisher":{"@id":"https:\/\/www.eliassen.nl\/de\/#organization"},"alternateName":"Eliassen.nl","potentialAction":[{"@type":"SearchAction","target":{"@type":"EntryPoint","urlTemplate":"https:\/\/www.eliassen.nl\/de\/?s={search_term_string}"},"query-input":{"@type":"PropertyValueSpecification","valueRequired":true,"valueName":"search_term_string"}}],"inLanguage":"de"},{"@type":["Organization","Place"],"@id":"https:\/\/www.eliassen.nl\/de\/#organization","name":"Eliassen Home & Garden Pleasure","url":"https:\/\/www.eliassen.nl\/de\/","logo":{"@id":"https:\/\/www.eliassen.nl\/de\/metall-vogelfutterspender-am-aufhaengehaken-57cm\/#local-main-organization-logo"},"image":{"@id":"https:\/\/www.eliassen.nl\/de\/metall-vogelfutterspender-am-aufhaengehaken-57cm\/#local-main-organization-logo"},"sameAs":["https:\/\/www.facebook.com\/TuincentrumEliassenAmmerzoden","https:\/\/www.instagram.com\/eliassenhomeandgarden\/","https:\/\/nl.pinterest.com\/eliassenhomeandgarden\/","https:\/\/www.youtube.com\/@eliassenhomegardenpleasure4558"],"telephone":[],"openingHoursSpecification":[{"@type":"OpeningHoursSpecification","dayOfWeek":["Monday","Tuesday","Wednesday","Thursday","Friday","Saturday","Sunday"],"opens":"09:00","closes":"17:00"}]},{"@type":"ImageObject","inLanguage":"de","@id":"https:\/\/www.eliassen.nl\/de\/metall-vogelfutterspender-am-aufhaengehaken-57cm\/#local-main-organization-logo","url":"https:\/\/www.eliassen.nl\/wp-content\/uploads\/2024\/01\/logo_4nd.jpg","contentUrl":"https:\/\/www.eliassen.nl\/wp-content\/uploads\/2024\/01\/logo_4nd.jpg","width":500,"height":500,"caption":"Eliassen Home & Garden Pleasure"}]},"product_price_amount":"49.50","product_price_currency":"EUR","og_availability":"instock","product_availability":"instock","product_retailer_item_id":"MD70128","product_condition":"new"},"df_price":49.5,"df_sale_price":"","df_regular_price":49.5,"df_image_link":"https:\/\/www.eliassen.nl\/wp-content\/uploads\/2026\/04\/MD70128_01-200x300.webp","image":"https:\/\/www.eliassen.nl\/wp-content\/uploads\/2026\/04\/MD70128_01-150x150.webp","price_search":"<span class=\"woocommerce-Price-amount amount\"><bdi><span class=\"woocommerce-Price-currencySymbol\">&euro;<\/span>&nbsp;49,50<\/bdi><\/span>","category":"Dekofiguren aus Metall","global_unique_id":"5410807701287","_links":{"self":[{"href":"https:\/\/www.eliassen.nl\/de\/wp-json\/wp\/v2\/product\/212620","targetHints":{"allow":["GET"]}}],"collection":[{"href":"https:\/\/www.eliassen.nl\/de\/wp-json\/wp\/v2\/product"}],"about":[{"href":"https:\/\/www.eliassen.nl\/de\/wp-json\/wp\/v2\/types\/product"}],"wp:featuredmedia":[{"embeddable":true,"href":"https:\/\/www.eliassen.nl\/de\/wp-json\/wp\/v2\/media\/212615"}],"wp:attachment":[{"href":"https:\/\/www.eliassen.nl\/de\/wp-json\/wp\/v2\/media?parent=212620"}],"wp:term":[{"taxonomy":"product_brand","embeddable":true,"href":"https:\/\/www.eliassen.nl\/de\/wp-json\/wp\/v2\/product_brand?post=212620"},{"taxonomy":"product_cat","embeddable":true,"href":"https:\/\/www.eliassen.nl\/de\/wp-json\/wp\/v2\/product_cat?post=212620"},{"taxonomy":"product_tag","embeddable":true,"href":"https:\/\/www.eliassen.nl\/de\/wp-json\/wp\/v2\/product_tag?post=212620"}],"curies":[{"name":"wp","href":"https:\/\/api.w.org\/{rel}","templated":true}]}}