{"id":212610,"date":"2026-04-24T11:52:36","date_gmt":"2026-04-24T09:52:36","guid":{"rendered":"https:\/\/www.eliassen.nl\/product\/vogeltraenke-mehrfarbig-transparentes-glas-auf-stift-110cm\/"},"modified":"2026-04-24T11:52:36","modified_gmt":"2026-04-24T09:52:36","slug":"vogeltraenke-mehrfarbig-transparentes-glas-auf-stift-110cm","status":"publish","type":"product","link":"https:\/\/www.eliassen.nl\/de\/vogeltraenke-mehrfarbig-transparentes-glas-auf-stift-110cm\/","title":{"rendered":"Vogeltr\u00e4nke mehrfarbig transparentes Glas auf Stift 110cm"},"content":{"rendered":"<p>Bringen Sie Leben und Farbe in Ihren Garten mit dieser sch\u00f6nen Vogeltr\u00e4nke aus Glas auf Pf\u00e4hlen. Mit einem Durchmesser von 27 cm und einer H\u00f6he von 110 cm ist diese Dekoration ein anmutiger und auff\u00e4lliger Blickfang zwischen Pflanzen oder auf dem Rasen. Was dieses Vogelbad so besonders macht, ist die wundersch\u00f6ne Schale aus transparentem Glas, in die ein fr\u00f6hliches und farbenfrohes Muster aus u.a. Blau-, Gelb-, Rot- und Gr\u00fcnt\u00f6nen eingelegt ist. Sobald die Sonne darauf scheint, entsteht ein sch\u00f6nes Lichtspiel in Ihrem Garten. Die Glasschale ruht fest in einer Metallhalterung auf einem robusten Stift, so dass Sie sie einfach und stabil in den Boden stecken k\u00f6nnen. Dieses funktionale Kunstwerk ist nicht nur eine Augenweide, sondern bietet auch Gartenv\u00f6geln einen sch\u00f6nen Platz zum Trinken und Baden. Geben Sie diesem einzigartigen St\u00fcck einen sch\u00f6nen Platz und genie\u00dfen Sie jeden Tag eine lebendige und nat\u00fcrliche Atmosph\u00e4re. Nat\u00fcrlich sind Sie auch jederzeit in unserem ger\u00e4umigen Ausstellungsraum in Ammerzoden willkommen, um diese Glasvogeltr\u00e4nke und unsere gro\u00dfe Kollektion an Glaskunst und Gartendekorationen in natura zu bewundern.<\/p>\n","protected":false},"excerpt":{"rendered":"<p>Diese kunstvolle, 110 cm hohe Vogeltr\u00e4nke verf\u00fcgt \u00fcber eine atemberaubende, transparente Glasschale mit einem lebhaften, mehrfarbigen Muster. Dank des stabilen Metallstifts k\u00f6nnen Sie diesen farbenfrohen Blickfang ganz einfach in die Gartenerde stecken, wo er sofort einen einladenden Platz f\u00fcr Gartenv\u00f6gel schafft. Ein hochwertiges und funktionelles Kunstwerk, das Ihrem Au\u00dfenbereich eine fr\u00f6hliche, nat\u00fcrliche Atmosph\u00e4re verleiht.<\/p>\n","protected":false},"featured_media":212605,"template":"","meta":{"_acf_changed":false,"_genesis_title":"","_genesis_description":""},"product_brand":[7505],"product_cat":[851,836,707],"product_tag":[],"class_list":{"0":"post-212610","1":"product","2":"type-product","3":"status-publish","4":"has-post-thumbnail","6":"product_brand-sonstige","7":"product_cat-gartenpfaehle-aus-still","8":"product_cat-gartenstecker","9":"product_cat-vogeltraenken","11":"first","12":"instock","13":"taxable","14":"shipping-taxable","15":"purchasable","16":"product-type-simple"},"acf":[],"meta_all":{"cor_restricted_countries":[],"total_sales":"1"},"meta_all_flat":{"total_sales":"1"},"yoast_head":"<!-- This site is optimized with the Yoast SEO Premium plugin v26.2 (Yoast SEO v27.2) - https:\/\/yoast.com\/product\/yoast-seo-premium-wordpress\/ -->\n<title>Sonstige Vogeltr\u00e4nke mehrfarbig transparentes Glas auf Stift 110cm - Eliassen.nl<\/title>\n<meta name=\"description\" content=\"Bunte Vogeltr\u00e4nke aus Glas (110 cm) auf stabilem Metallstift. Mit transparentem, mehrfarbigem Design. Ziehen Sie V\u00f6gel an und bringen Sie sofort Atmosph\u00e4re in Ihren Garten!\" \/>\n<meta name=\"robots\" content=\"index, follow, max-snippet:-1, max-image-preview:large, max-video-preview:-1\" \/>\n<link rel=\"canonical\" href=\"https:\/\/www.eliassen.nl\/de\/vogeltraenke-mehrfarbig-transparentes-glas-auf-stift-110cm\/\" \/>\n<meta property=\"og:locale\" content=\"de_DE\" \/>\n<meta property=\"og:type\" content=\"article\" \/>\n<meta property=\"og:title\" content=\"Sonstige Vogeltr\u00e4nke mehrfarbig transparentes Glas auf Stift 110cm - Eliassen.nl\" \/>\n<meta property=\"og:description\" content=\"Bunte Vogeltr\u00e4nke aus Glas (110 cm) auf stabilem Metallstift. Mit transparentem, mehrfarbigem Design. Ziehen Sie V\u00f6gel an und bringen Sie sofort Atmosph\u00e4re in Ihren Garten!\" \/>\n<meta property=\"og:url\" content=\"https:\/\/www.eliassen.nl\/de\/vogeltraenke-mehrfarbig-transparentes-glas-auf-stift-110cm\/\" \/>\n<meta property=\"og:site_name\" content=\"Eliassen.nl\" \/>\n<meta property=\"article:publisher\" content=\"https:\/\/www.facebook.com\/TuincentrumEliassenAmmerzoden\" \/>\n<meta property=\"og:image\" content=\"https:\/\/www.eliassen.nl\/wp-content\/uploads\/2026\/04\/GD30005.jpg\" \/>\n\t<meta property=\"og:image:width\" content=\"1200\" \/>\n\t<meta property=\"og:image:height\" content=\"900\" \/>\n\t<meta property=\"og:image:type\" content=\"image\/jpeg\" \/>\n<meta name=\"twitter:card\" content=\"summary_large_image\" \/>\n<script type=\"application\/ld+json\" class=\"yoast-schema-graph\">{\"@context\":\"https:\/\/schema.org\",\"@graph\":[{\"@type\":\"WebPage\",\"@id\":\"https:\/\/www.eliassen.nl\/de\/vogeltraenke-mehrfarbig-transparentes-glas-auf-stift-110cm\/\",\"url\":\"https:\/\/www.eliassen.nl\/de\/vogeltraenke-mehrfarbig-transparentes-glas-auf-stift-110cm\/\",\"name\":\"Sonstige Vogeltr\u00e4nke mehrfarbig transparentes Glas auf Stift 110cm - Eliassen.nl\",\"isPartOf\":{\"@id\":\"https:\/\/www.eliassen.nl\/de\/#website\"},\"primaryImageOfPage\":{\"@id\":\"https:\/\/www.eliassen.nl\/de\/vogeltraenke-mehrfarbig-transparentes-glas-auf-stift-110cm\/#primaryimage\"},\"image\":{\"@id\":\"https:\/\/www.eliassen.nl\/de\/vogeltraenke-mehrfarbig-transparentes-glas-auf-stift-110cm\/#primaryimage\"},\"thumbnailUrl\":\"https:\/\/www.eliassen.nl\/wp-content\/uploads\/2026\/04\/GD30005.jpg\",\"datePublished\":\"2026-04-24T09:52:36+00:00\",\"description\":\"Bunte Vogeltr\u00e4nke aus Glas (110 cm) auf stabilem Metallstift. Mit transparentem, mehrfarbigem Design. Ziehen Sie V\u00f6gel an und bringen Sie sofort Atmosph\u00e4re in Ihren Garten!\",\"breadcrumb\":{\"@id\":\"https:\/\/www.eliassen.nl\/de\/vogeltraenke-mehrfarbig-transparentes-glas-auf-stift-110cm\/#breadcrumb\"},\"inLanguage\":\"de\",\"potentialAction\":[{\"@type\":\"ReadAction\",\"target\":[\"https:\/\/www.eliassen.nl\/de\/vogeltraenke-mehrfarbig-transparentes-glas-auf-stift-110cm\/\"]}]},{\"@type\":\"ImageObject\",\"inLanguage\":\"de\",\"@id\":\"https:\/\/www.eliassen.nl\/de\/vogeltraenke-mehrfarbig-transparentes-glas-auf-stift-110cm\/#primaryimage\",\"url\":\"https:\/\/www.eliassen.nl\/wp-content\/uploads\/2026\/04\/GD30005.jpg\",\"contentUrl\":\"https:\/\/www.eliassen.nl\/wp-content\/uploads\/2026\/04\/GD30005.jpg\",\"width\":1200,\"height\":900,\"caption\":\"OLYMPUS DIGITALKAMERA\"},{\"@type\":\"BreadcrumbList\",\"@id\":\"https:\/\/www.eliassen.nl\/de\/vogeltraenke-mehrfarbig-transparentes-glas-auf-stift-110cm\/#breadcrumb\",\"itemListElement\":[{\"@type\":\"ListItem\",\"position\":1,\"name\":\"Home\",\"item\":\"https:\/\/www.eliassen.nl\/de\/\"},{\"@type\":\"ListItem\",\"position\":2,\"name\":\"Shop\",\"item\":\"https:\/\/www.eliassen.nl\/de\/shop\/\"},{\"@type\":\"ListItem\",\"position\":3,\"name\":\"Vogeltr\u00e4nke mehrfarbig transparentes Glas auf Stift 110cm\"}]},{\"@type\":\"WebSite\",\"@id\":\"https:\/\/www.eliassen.nl\/de\/#website\",\"url\":\"https:\/\/www.eliassen.nl\/de\/\",\"name\":\"Eliassen Home & Garden Pleasure\",\"description\":\"\",\"publisher\":{\"@id\":\"https:\/\/www.eliassen.nl\/de\/#organization\"},\"alternateName\":\"Eliassen.nl\",\"potentialAction\":[{\"@type\":\"SearchAction\",\"target\":{\"@type\":\"EntryPoint\",\"urlTemplate\":\"https:\/\/www.eliassen.nl\/de\/?s={search_term_string}\"},\"query-input\":{\"@type\":\"PropertyValueSpecification\",\"valueRequired\":true,\"valueName\":\"search_term_string\"}}],\"inLanguage\":\"de\"},{\"@type\":[\"Organization\",\"Place\"],\"@id\":\"https:\/\/www.eliassen.nl\/de\/#organization\",\"name\":\"Eliassen Home & Garden Pleasure\",\"url\":\"https:\/\/www.eliassen.nl\/de\/\",\"logo\":{\"@id\":\"https:\/\/www.eliassen.nl\/de\/vogeltraenke-mehrfarbig-transparentes-glas-auf-stift-110cm\/#local-main-organization-logo\"},\"image\":{\"@id\":\"https:\/\/www.eliassen.nl\/de\/vogeltraenke-mehrfarbig-transparentes-glas-auf-stift-110cm\/#local-main-organization-logo\"},\"sameAs\":[\"https:\/\/www.facebook.com\/TuincentrumEliassenAmmerzoden\",\"https:\/\/www.instagram.com\/eliassenhomeandgarden\/\",\"https:\/\/nl.pinterest.com\/eliassenhomeandgarden\/\",\"https:\/\/www.youtube.com\/@eliassenhomegardenpleasure4558\"],\"telephone\":[],\"openingHoursSpecification\":[{\"@type\":\"OpeningHoursSpecification\",\"dayOfWeek\":[\"Monday\",\"Tuesday\",\"Wednesday\",\"Thursday\",\"Friday\",\"Saturday\",\"Sunday\"],\"opens\":\"09:00\",\"closes\":\"17:00\"}]},{\"@type\":\"ImageObject\",\"inLanguage\":\"de\",\"@id\":\"https:\/\/www.eliassen.nl\/de\/vogeltraenke-mehrfarbig-transparentes-glas-auf-stift-110cm\/#local-main-organization-logo\",\"url\":\"https:\/\/www.eliassen.nl\/wp-content\/uploads\/2024\/01\/logo_4nd.jpg\",\"contentUrl\":\"https:\/\/www.eliassen.nl\/wp-content\/uploads\/2024\/01\/logo_4nd.jpg\",\"width\":500,\"height\":500,\"caption\":\"Eliassen Home & Garden Pleasure\"}]}<\/script>\n<meta property=\"product:price:amount\" content=\"62.50\" \/>\n<meta property=\"product:price:currency\" content=\"EUR\" \/>\n<meta property=\"og:availability\" content=\"instock\" \/>\n<meta property=\"product:availability\" content=\"instock\" \/>\n<meta property=\"product:retailer_item_id\" content=\"GD30005\" \/>\n<meta property=\"product:condition\" content=\"new\" \/>\n<!-- \/ Yoast SEO Premium plugin. -->","yoast_head_json":{"title":"Sonstige Vogeltr\u00e4nke mehrfarbig transparentes Glas auf Stift 110cm - Eliassen.nl","description":"Bunte Vogeltr\u00e4nke aus Glas (110 cm) auf stabilem Metallstift. Mit transparentem, mehrfarbigem Design. Ziehen Sie V\u00f6gel an und bringen Sie sofort Atmosph\u00e4re in Ihren Garten!","robots":{"index":"index","follow":"follow","max-snippet":"max-snippet:-1","max-image-preview":"max-image-preview:large","max-video-preview":"max-video-preview:-1"},"canonical":"https:\/\/www.eliassen.nl\/de\/vogeltraenke-mehrfarbig-transparentes-glas-auf-stift-110cm\/","og_locale":"de_DE","og_type":"article","og_title":"Sonstige Vogeltr\u00e4nke mehrfarbig transparentes Glas auf Stift 110cm - Eliassen.nl","og_description":"Bunte Vogeltr\u00e4nke aus Glas (110 cm) auf stabilem Metallstift. Mit transparentem, mehrfarbigem Design. Ziehen Sie V\u00f6gel an und bringen Sie sofort Atmosph\u00e4re in Ihren Garten!","og_url":"https:\/\/www.eliassen.nl\/de\/vogeltraenke-mehrfarbig-transparentes-glas-auf-stift-110cm\/","og_site_name":"Eliassen.nl","article_publisher":"https:\/\/www.facebook.com\/TuincentrumEliassenAmmerzoden","og_image":[{"width":1200,"height":900,"url":"https:\/\/www.eliassen.nl\/wp-content\/uploads\/2026\/04\/GD30005.jpg","type":"image\/jpeg"}],"twitter_card":"summary_large_image","schema":{"@context":"https:\/\/schema.org","@graph":[{"@type":"WebPage","@id":"https:\/\/www.eliassen.nl\/de\/vogeltraenke-mehrfarbig-transparentes-glas-auf-stift-110cm\/","url":"https:\/\/www.eliassen.nl\/de\/vogeltraenke-mehrfarbig-transparentes-glas-auf-stift-110cm\/","name":"Sonstige Vogeltr\u00e4nke mehrfarbig transparentes Glas auf Stift 110cm - Eliassen.nl","isPartOf":{"@id":"https:\/\/www.eliassen.nl\/de\/#website"},"primaryImageOfPage":{"@id":"https:\/\/www.eliassen.nl\/de\/vogeltraenke-mehrfarbig-transparentes-glas-auf-stift-110cm\/#primaryimage"},"image":{"@id":"https:\/\/www.eliassen.nl\/de\/vogeltraenke-mehrfarbig-transparentes-glas-auf-stift-110cm\/#primaryimage"},"thumbnailUrl":"https:\/\/www.eliassen.nl\/wp-content\/uploads\/2026\/04\/GD30005.jpg","datePublished":"2026-04-24T09:52:36+00:00","description":"Bunte Vogeltr\u00e4nke aus Glas (110 cm) auf stabilem Metallstift. Mit transparentem, mehrfarbigem Design. Ziehen Sie V\u00f6gel an und bringen Sie sofort Atmosph\u00e4re in Ihren Garten!","breadcrumb":{"@id":"https:\/\/www.eliassen.nl\/de\/vogeltraenke-mehrfarbig-transparentes-glas-auf-stift-110cm\/#breadcrumb"},"inLanguage":"de","potentialAction":[{"@type":"ReadAction","target":["https:\/\/www.eliassen.nl\/de\/vogeltraenke-mehrfarbig-transparentes-glas-auf-stift-110cm\/"]}]},{"@type":"ImageObject","inLanguage":"de","@id":"https:\/\/www.eliassen.nl\/de\/vogeltraenke-mehrfarbig-transparentes-glas-auf-stift-110cm\/#primaryimage","url":"https:\/\/www.eliassen.nl\/wp-content\/uploads\/2026\/04\/GD30005.jpg","contentUrl":"https:\/\/www.eliassen.nl\/wp-content\/uploads\/2026\/04\/GD30005.jpg","width":1200,"height":900,"caption":"OLYMPUS DIGITALKAMERA"},{"@type":"BreadcrumbList","@id":"https:\/\/www.eliassen.nl\/de\/vogeltraenke-mehrfarbig-transparentes-glas-auf-stift-110cm\/#breadcrumb","itemListElement":[{"@type":"ListItem","position":1,"name":"Home","item":"https:\/\/www.eliassen.nl\/de\/"},{"@type":"ListItem","position":2,"name":"Shop","item":"https:\/\/www.eliassen.nl\/de\/shop\/"},{"@type":"ListItem","position":3,"name":"Vogeltr\u00e4nke mehrfarbig transparentes Glas auf Stift 110cm"}]},{"@type":"WebSite","@id":"https:\/\/www.eliassen.nl\/de\/#website","url":"https:\/\/www.eliassen.nl\/de\/","name":"Eliassen Home & Garden Pleasure","description":"","publisher":{"@id":"https:\/\/www.eliassen.nl\/de\/#organization"},"alternateName":"Eliassen.nl","potentialAction":[{"@type":"SearchAction","target":{"@type":"EntryPoint","urlTemplate":"https:\/\/www.eliassen.nl\/de\/?s={search_term_string}"},"query-input":{"@type":"PropertyValueSpecification","valueRequired":true,"valueName":"search_term_string"}}],"inLanguage":"de"},{"@type":["Organization","Place"],"@id":"https:\/\/www.eliassen.nl\/de\/#organization","name":"Eliassen Home & Garden Pleasure","url":"https:\/\/www.eliassen.nl\/de\/","logo":{"@id":"https:\/\/www.eliassen.nl\/de\/vogeltraenke-mehrfarbig-transparentes-glas-auf-stift-110cm\/#local-main-organization-logo"},"image":{"@id":"https:\/\/www.eliassen.nl\/de\/vogeltraenke-mehrfarbig-transparentes-glas-auf-stift-110cm\/#local-main-organization-logo"},"sameAs":["https:\/\/www.facebook.com\/TuincentrumEliassenAmmerzoden","https:\/\/www.instagram.com\/eliassenhomeandgarden\/","https:\/\/nl.pinterest.com\/eliassenhomeandgarden\/","https:\/\/www.youtube.com\/@eliassenhomegardenpleasure4558"],"telephone":[],"openingHoursSpecification":[{"@type":"OpeningHoursSpecification","dayOfWeek":["Monday","Tuesday","Wednesday","Thursday","Friday","Saturday","Sunday"],"opens":"09:00","closes":"17:00"}]},{"@type":"ImageObject","inLanguage":"de","@id":"https:\/\/www.eliassen.nl\/de\/vogeltraenke-mehrfarbig-transparentes-glas-auf-stift-110cm\/#local-main-organization-logo","url":"https:\/\/www.eliassen.nl\/wp-content\/uploads\/2024\/01\/logo_4nd.jpg","contentUrl":"https:\/\/www.eliassen.nl\/wp-content\/uploads\/2024\/01\/logo_4nd.jpg","width":500,"height":500,"caption":"Eliassen Home & Garden Pleasure"}]},"product_price_amount":"62.50","product_price_currency":"EUR","og_availability":"instock","product_availability":"instock","product_retailer_item_id":"GD30005","product_condition":"new"},"df_price":62.5,"df_sale_price":"","df_regular_price":62.5,"df_image_link":"https:\/\/www.eliassen.nl\/wp-content\/uploads\/2026\/04\/GD30005-300x225.jpg","image":"https:\/\/www.eliassen.nl\/wp-content\/uploads\/2026\/04\/GD30005-150x150.jpg","price_search":"<span class=\"woocommerce-Price-amount amount\"><bdi><span class=\"woocommerce-Price-currencySymbol\">&euro;<\/span>&nbsp;62,50<\/bdi><\/span>","category":"Gartenpf\u00e4hle aus still","global_unique_id":"5410807300053","_links":{"self":[{"href":"https:\/\/www.eliassen.nl\/de\/wp-json\/wp\/v2\/product\/212610","targetHints":{"allow":["GET"]}}],"collection":[{"href":"https:\/\/www.eliassen.nl\/de\/wp-json\/wp\/v2\/product"}],"about":[{"href":"https:\/\/www.eliassen.nl\/de\/wp-json\/wp\/v2\/types\/product"}],"wp:featuredmedia":[{"embeddable":true,"href":"https:\/\/www.eliassen.nl\/de\/wp-json\/wp\/v2\/media\/212605"}],"wp:attachment":[{"href":"https:\/\/www.eliassen.nl\/de\/wp-json\/wp\/v2\/media?parent=212610"}],"wp:term":[{"taxonomy":"product_brand","embeddable":true,"href":"https:\/\/www.eliassen.nl\/de\/wp-json\/wp\/v2\/product_brand?post=212610"},{"taxonomy":"product_cat","embeddable":true,"href":"https:\/\/www.eliassen.nl\/de\/wp-json\/wp\/v2\/product_cat?post=212610"},{"taxonomy":"product_tag","embeddable":true,"href":"https:\/\/www.eliassen.nl\/de\/wp-json\/wp\/v2\/product_tag?post=212610"}],"curies":[{"name":"wp","href":"https:\/\/api.w.org\/{rel}","templated":true}]}}