{"id":212600,"date":"2026-04-24T11:41:41","date_gmt":"2026-04-24T09:41:41","guid":{"rendered":"https:\/\/www.eliassen.nl\/product\/metall-huhn-weiss-40cm\/"},"modified":"2026-04-24T11:41:59","modified_gmt":"2026-04-24T09:41:59","slug":"metall-huhn-weiss-40cm","status":"publish","type":"product","link":"https:\/\/www.eliassen.nl\/de\/metall-huhn-weiss-40cm\/","title":{"rendered":"Metall Huhn wei\u00df 40cm"},"content":{"rendered":"<p>Bringen Sie eine gem\u00fctliche und rustikale Atmosph\u00e4re in Ihr Haus oder Ihren Garten mit dieser sch\u00f6nen Metalldekoration einer wei\u00dfen Henne. Mit einer H\u00f6he von 40 Zentimetern ist diese Skulptur ein charmanter und auff\u00e4lliger Blickfang. Was dieses Kunstwerk so besonders macht, ist die detaillierte Ausf\u00fchrung mit \u00fcberlappenden Metallteilen, die spielerisch das Federkleid nachahmen. Die strahlend wei\u00dfe Farbe der Henne bildet einen brillanten Kontrast zu dem leuchtend roten Kamm und Kehllappen und dem gelben Schnabel. Da die Skulptur aus robustem Metall gefertigt ist, k\u00f6nnen Sie sicher sein, dass Sie ein langlebiges Ausstellungsst\u00fcck erhalten, das sowohl im Wohnzimmer als auch auf der Terrasse eine gute Figur macht. Geben Sie diesem einzigartigen St\u00fcck einen sch\u00f6nen Platz und genie\u00dfen Sie jeden Tag eine rustikale, gem\u00fctliche Atmosph\u00e4re. Nat\u00fcrlich sind Sie jederzeit in unserem ger\u00e4umigen Ausstellungsraum in Ammerzoden willkommen, um diese Metallh\u00fchner und unsere gro\u00dfe Kollektion an Metalldekorationen in natura zu bewundern.<\/p>\n","protected":false},"excerpt":{"rendered":"<p>Diese charmante 40 Zentimeter gro\u00dfe Henne aus Metall ist eine sch\u00f6ne Erg\u00e4nzung f\u00fcr Ihr Interieur oder Ihren Garten. Detaillierte wei\u00dfe Federn und leuchtend rote Akzente verleihen dieser robusten Skulptur einen lebendigen und rustikalen Look. Ein einzigartiges und hochwertiges Kunstwerk, das jedem Raum sofort Atmosph\u00e4re und Charakter verleiht.<\/p>\n","protected":false},"featured_media":212528,"template":"","meta":{"_acf_changed":false,"_genesis_title":"","_genesis_description":""},"product_brand":[7505],"product_cat":[665,659],"product_tag":[],"class_list":{"0":"post-212600","1":"product","2":"type-product","3":"status-publish","4":"has-post-thumbnail","6":"product_brand-sonstige","7":"product_cat-dekofiguren-aus-metall","8":"product_cat-dekoration-aus-metall","10":"first","11":"instock","12":"taxable","13":"shipping-taxable","14":"purchasable","15":"product-type-simple"},"acf":[],"meta_all":{"cor_restricted_countries":[],"total_sales":"0"},"meta_all_flat":{"total_sales":"0"},"yoast_head":"<!-- This site is optimized with the Yoast SEO Premium plugin v26.2 (Yoast SEO v27.2) - https:\/\/yoast.com\/product\/yoast-seo-premium-wordpress\/ -->\n<title>Sonstige Metall Huhn wei\u00df 40cm - Eliassen.nl<\/title>\n<meta name=\"description\" content=\"Sch\u00f6ne wei\u00dfe Metallhenne (40cm) mit roten Akzenten. Verleihen Sie Ihrer Inneneinrichtung oder Ihrem Garten sofort eine rustikale und gem\u00fctliche Atmosph\u00e4re. Bestellen Sie sofort!\" \/>\n<meta name=\"robots\" content=\"index, follow, max-snippet:-1, max-image-preview:large, max-video-preview:-1\" \/>\n<link rel=\"canonical\" href=\"https:\/\/www.eliassen.nl\/de\/metall-huhn-weiss-40cm\/\" \/>\n<meta property=\"og:locale\" content=\"de_DE\" \/>\n<meta property=\"og:type\" content=\"article\" \/>\n<meta property=\"og:title\" content=\"Sonstige Metall Huhn wei\u00df 40cm - Eliassen.nl\" \/>\n<meta property=\"og:description\" content=\"Sch\u00f6ne wei\u00dfe Metallhenne (40cm) mit roten Akzenten. Verleihen Sie Ihrer Inneneinrichtung oder Ihrem Garten sofort eine rustikale und gem\u00fctliche Atmosph\u00e4re. Bestellen Sie sofort!\" \/>\n<meta property=\"og:url\" content=\"https:\/\/www.eliassen.nl\/de\/metall-huhn-weiss-40cm\/\" \/>\n<meta property=\"og:site_name\" content=\"Eliassen.nl\" \/>\n<meta property=\"article:publisher\" content=\"https:\/\/www.facebook.com\/TuincentrumEliassenAmmerzoden\" \/>\n<meta property=\"article:modified_time\" content=\"2026-04-24T09:41:59+00:00\" \/>\n<meta property=\"og:image\" content=\"https:\/\/www.eliassen.nl\/wp-content\/uploads\/2026\/04\/Schermafbeelding-2026-04-22-194937.png\" \/>\n\t<meta property=\"og:image:width\" content=\"456\" \/>\n\t<meta property=\"og:image:height\" content=\"612\" \/>\n\t<meta property=\"og:image:type\" content=\"image\/png\" \/>\n<meta name=\"twitter:card\" content=\"summary_large_image\" \/>\n<script type=\"application\/ld+json\" class=\"yoast-schema-graph\">{\"@context\":\"https:\/\/schema.org\",\"@graph\":[{\"@type\":\"WebPage\",\"@id\":\"https:\/\/www.eliassen.nl\/de\/metall-huhn-weiss-40cm\/\",\"url\":\"https:\/\/www.eliassen.nl\/de\/metall-huhn-weiss-40cm\/\",\"name\":\"Sonstige Metall Huhn wei\u00df 40cm - Eliassen.nl\",\"isPartOf\":{\"@id\":\"https:\/\/www.eliassen.nl\/de\/#website\"},\"primaryImageOfPage\":{\"@id\":\"https:\/\/www.eliassen.nl\/de\/metall-huhn-weiss-40cm\/#primaryimage\"},\"image\":{\"@id\":\"https:\/\/www.eliassen.nl\/de\/metall-huhn-weiss-40cm\/#primaryimage\"},\"thumbnailUrl\":\"https:\/\/www.eliassen.nl\/wp-content\/uploads\/2026\/04\/Schermafbeelding-2026-04-22-194937.png\",\"datePublished\":\"2026-04-24T09:41:41+00:00\",\"dateModified\":\"2026-04-24T09:41:59+00:00\",\"description\":\"Sch\u00f6ne wei\u00dfe Metallhenne (40cm) mit roten Akzenten. Verleihen Sie Ihrer Inneneinrichtung oder Ihrem Garten sofort eine rustikale und gem\u00fctliche Atmosph\u00e4re. Bestellen Sie sofort!\",\"breadcrumb\":{\"@id\":\"https:\/\/www.eliassen.nl\/de\/metall-huhn-weiss-40cm\/#breadcrumb\"},\"inLanguage\":\"de\",\"potentialAction\":[{\"@type\":\"ReadAction\",\"target\":[\"https:\/\/www.eliassen.nl\/de\/metall-huhn-weiss-40cm\/\"]}]},{\"@type\":\"ImageObject\",\"inLanguage\":\"de\",\"@id\":\"https:\/\/www.eliassen.nl\/de\/metall-huhn-weiss-40cm\/#primaryimage\",\"url\":\"https:\/\/www.eliassen.nl\/wp-content\/uploads\/2026\/04\/Schermafbeelding-2026-04-22-194937.png\",\"contentUrl\":\"https:\/\/www.eliassen.nl\/wp-content\/uploads\/2026\/04\/Schermafbeelding-2026-04-22-194937.png\",\"width\":456,\"height\":612,\"caption\":\"Wei\u00dfes Huhn aus Metall 40cm - Eliassen.nl\"},{\"@type\":\"BreadcrumbList\",\"@id\":\"https:\/\/www.eliassen.nl\/de\/metall-huhn-weiss-40cm\/#breadcrumb\",\"itemListElement\":[{\"@type\":\"ListItem\",\"position\":1,\"name\":\"Home\",\"item\":\"https:\/\/www.eliassen.nl\/de\/\"},{\"@type\":\"ListItem\",\"position\":2,\"name\":\"Shop\",\"item\":\"https:\/\/www.eliassen.nl\/de\/shop\/\"},{\"@type\":\"ListItem\",\"position\":3,\"name\":\"Dekoration aus Metall\",\"item\":\"https:\/\/www.eliassen.nl\/de\/dekoration-aus-metall\/\"},{\"@type\":\"ListItem\",\"position\":4,\"name\":\"Metall Huhn wei\u00df 40cm\"}]},{\"@type\":\"WebSite\",\"@id\":\"https:\/\/www.eliassen.nl\/de\/#website\",\"url\":\"https:\/\/www.eliassen.nl\/de\/\",\"name\":\"Eliassen Home & Garden Pleasure\",\"description\":\"\",\"publisher\":{\"@id\":\"https:\/\/www.eliassen.nl\/de\/#organization\"},\"alternateName\":\"Eliassen.nl\",\"potentialAction\":[{\"@type\":\"SearchAction\",\"target\":{\"@type\":\"EntryPoint\",\"urlTemplate\":\"https:\/\/www.eliassen.nl\/de\/?s={search_term_string}\"},\"query-input\":{\"@type\":\"PropertyValueSpecification\",\"valueRequired\":true,\"valueName\":\"search_term_string\"}}],\"inLanguage\":\"de\"},{\"@type\":[\"Organization\",\"Place\"],\"@id\":\"https:\/\/www.eliassen.nl\/de\/#organization\",\"name\":\"Eliassen Home & Garden Pleasure\",\"url\":\"https:\/\/www.eliassen.nl\/de\/\",\"logo\":{\"@id\":\"https:\/\/www.eliassen.nl\/de\/metall-huhn-weiss-40cm\/#local-main-organization-logo\"},\"image\":{\"@id\":\"https:\/\/www.eliassen.nl\/de\/metall-huhn-weiss-40cm\/#local-main-organization-logo\"},\"sameAs\":[\"https:\/\/www.facebook.com\/TuincentrumEliassenAmmerzoden\",\"https:\/\/www.instagram.com\/eliassenhomeandgarden\/\",\"https:\/\/nl.pinterest.com\/eliassenhomeandgarden\/\",\"https:\/\/www.youtube.com\/@eliassenhomegardenpleasure4558\"],\"telephone\":[],\"openingHoursSpecification\":[{\"@type\":\"OpeningHoursSpecification\",\"dayOfWeek\":[\"Monday\",\"Tuesday\",\"Wednesday\",\"Thursday\",\"Friday\",\"Saturday\",\"Sunday\"],\"opens\":\"09:00\",\"closes\":\"17:00\"}]},{\"@type\":\"ImageObject\",\"inLanguage\":\"de\",\"@id\":\"https:\/\/www.eliassen.nl\/de\/metall-huhn-weiss-40cm\/#local-main-organization-logo\",\"url\":\"https:\/\/www.eliassen.nl\/wp-content\/uploads\/2024\/01\/logo_4nd.jpg\",\"contentUrl\":\"https:\/\/www.eliassen.nl\/wp-content\/uploads\/2024\/01\/logo_4nd.jpg\",\"width\":500,\"height\":500,\"caption\":\"Eliassen Home & Garden Pleasure\"}]}<\/script>\n<meta property=\"product:price:amount\" content=\"45.00\" \/>\n<meta property=\"product:price:currency\" content=\"EUR\" \/>\n<meta property=\"og:availability\" content=\"instock\" \/>\n<meta property=\"product:availability\" content=\"instock\" \/>\n<meta property=\"product:retailer_item_id\" content=\"MD19157\" \/>\n<meta property=\"product:condition\" content=\"new\" \/>\n<!-- \/ Yoast SEO Premium plugin. -->","yoast_head_json":{"title":"Sonstige Metall Huhn wei\u00df 40cm - Eliassen.nl","description":"Sch\u00f6ne wei\u00dfe Metallhenne (40cm) mit roten Akzenten. Verleihen Sie Ihrer Inneneinrichtung oder Ihrem Garten sofort eine rustikale und gem\u00fctliche Atmosph\u00e4re. Bestellen Sie sofort!","robots":{"index":"index","follow":"follow","max-snippet":"max-snippet:-1","max-image-preview":"max-image-preview:large","max-video-preview":"max-video-preview:-1"},"canonical":"https:\/\/www.eliassen.nl\/de\/metall-huhn-weiss-40cm\/","og_locale":"de_DE","og_type":"article","og_title":"Sonstige Metall Huhn wei\u00df 40cm - Eliassen.nl","og_description":"Sch\u00f6ne wei\u00dfe Metallhenne (40cm) mit roten Akzenten. Verleihen Sie Ihrer Inneneinrichtung oder Ihrem Garten sofort eine rustikale und gem\u00fctliche Atmosph\u00e4re. Bestellen Sie sofort!","og_url":"https:\/\/www.eliassen.nl\/de\/metall-huhn-weiss-40cm\/","og_site_name":"Eliassen.nl","article_publisher":"https:\/\/www.facebook.com\/TuincentrumEliassenAmmerzoden","article_modified_time":"2026-04-24T09:41:59+00:00","og_image":[{"width":456,"height":612,"url":"https:\/\/www.eliassen.nl\/wp-content\/uploads\/2026\/04\/Schermafbeelding-2026-04-22-194937.png","type":"image\/png"}],"twitter_card":"summary_large_image","schema":{"@context":"https:\/\/schema.org","@graph":[{"@type":"WebPage","@id":"https:\/\/www.eliassen.nl\/de\/metall-huhn-weiss-40cm\/","url":"https:\/\/www.eliassen.nl\/de\/metall-huhn-weiss-40cm\/","name":"Sonstige Metall Huhn wei\u00df 40cm - Eliassen.nl","isPartOf":{"@id":"https:\/\/www.eliassen.nl\/de\/#website"},"primaryImageOfPage":{"@id":"https:\/\/www.eliassen.nl\/de\/metall-huhn-weiss-40cm\/#primaryimage"},"image":{"@id":"https:\/\/www.eliassen.nl\/de\/metall-huhn-weiss-40cm\/#primaryimage"},"thumbnailUrl":"https:\/\/www.eliassen.nl\/wp-content\/uploads\/2026\/04\/Schermafbeelding-2026-04-22-194937.png","datePublished":"2026-04-24T09:41:41+00:00","dateModified":"2026-04-24T09:41:59+00:00","description":"Sch\u00f6ne wei\u00dfe Metallhenne (40cm) mit roten Akzenten. Verleihen Sie Ihrer Inneneinrichtung oder Ihrem Garten sofort eine rustikale und gem\u00fctliche Atmosph\u00e4re. Bestellen Sie sofort!","breadcrumb":{"@id":"https:\/\/www.eliassen.nl\/de\/metall-huhn-weiss-40cm\/#breadcrumb"},"inLanguage":"de","potentialAction":[{"@type":"ReadAction","target":["https:\/\/www.eliassen.nl\/de\/metall-huhn-weiss-40cm\/"]}]},{"@type":"ImageObject","inLanguage":"de","@id":"https:\/\/www.eliassen.nl\/de\/metall-huhn-weiss-40cm\/#primaryimage","url":"https:\/\/www.eliassen.nl\/wp-content\/uploads\/2026\/04\/Schermafbeelding-2026-04-22-194937.png","contentUrl":"https:\/\/www.eliassen.nl\/wp-content\/uploads\/2026\/04\/Schermafbeelding-2026-04-22-194937.png","width":456,"height":612,"caption":"Wei\u00dfes Huhn aus Metall 40cm - Eliassen.nl"},{"@type":"BreadcrumbList","@id":"https:\/\/www.eliassen.nl\/de\/metall-huhn-weiss-40cm\/#breadcrumb","itemListElement":[{"@type":"ListItem","position":1,"name":"Home","item":"https:\/\/www.eliassen.nl\/de\/"},{"@type":"ListItem","position":2,"name":"Shop","item":"https:\/\/www.eliassen.nl\/de\/shop\/"},{"@type":"ListItem","position":3,"name":"Dekoration aus Metall","item":"https:\/\/www.eliassen.nl\/de\/dekoration-aus-metall\/"},{"@type":"ListItem","position":4,"name":"Metall Huhn wei\u00df 40cm"}]},{"@type":"WebSite","@id":"https:\/\/www.eliassen.nl\/de\/#website","url":"https:\/\/www.eliassen.nl\/de\/","name":"Eliassen Home & Garden Pleasure","description":"","publisher":{"@id":"https:\/\/www.eliassen.nl\/de\/#organization"},"alternateName":"Eliassen.nl","potentialAction":[{"@type":"SearchAction","target":{"@type":"EntryPoint","urlTemplate":"https:\/\/www.eliassen.nl\/de\/?s={search_term_string}"},"query-input":{"@type":"PropertyValueSpecification","valueRequired":true,"valueName":"search_term_string"}}],"inLanguage":"de"},{"@type":["Organization","Place"],"@id":"https:\/\/www.eliassen.nl\/de\/#organization","name":"Eliassen Home & Garden Pleasure","url":"https:\/\/www.eliassen.nl\/de\/","logo":{"@id":"https:\/\/www.eliassen.nl\/de\/metall-huhn-weiss-40cm\/#local-main-organization-logo"},"image":{"@id":"https:\/\/www.eliassen.nl\/de\/metall-huhn-weiss-40cm\/#local-main-organization-logo"},"sameAs":["https:\/\/www.facebook.com\/TuincentrumEliassenAmmerzoden","https:\/\/www.instagram.com\/eliassenhomeandgarden\/","https:\/\/nl.pinterest.com\/eliassenhomeandgarden\/","https:\/\/www.youtube.com\/@eliassenhomegardenpleasure4558"],"telephone":[],"openingHoursSpecification":[{"@type":"OpeningHoursSpecification","dayOfWeek":["Monday","Tuesday","Wednesday","Thursday","Friday","Saturday","Sunday"],"opens":"09:00","closes":"17:00"}]},{"@type":"ImageObject","inLanguage":"de","@id":"https:\/\/www.eliassen.nl\/de\/metall-huhn-weiss-40cm\/#local-main-organization-logo","url":"https:\/\/www.eliassen.nl\/wp-content\/uploads\/2024\/01\/logo_4nd.jpg","contentUrl":"https:\/\/www.eliassen.nl\/wp-content\/uploads\/2024\/01\/logo_4nd.jpg","width":500,"height":500,"caption":"Eliassen Home & Garden Pleasure"}]},"product_price_amount":"45.00","product_price_currency":"EUR","og_availability":"instock","product_availability":"instock","product_retailer_item_id":"MD19157","product_condition":"new"},"df_price":45,"df_sale_price":"","df_regular_price":45,"df_image_link":"https:\/\/www.eliassen.nl\/wp-content\/uploads\/2026\/04\/Schermafbeelding-2026-04-22-194937-224x300.png","image":"https:\/\/www.eliassen.nl\/wp-content\/uploads\/2026\/04\/Schermafbeelding-2026-04-22-194937-150x150.png","price_search":"<span class=\"woocommerce-Price-amount amount\"><bdi><span class=\"woocommerce-Price-currencySymbol\">&euro;<\/span>&nbsp;45,00<\/bdi><\/span>","category":"Dekofiguren aus Metall","global_unique_id":"5410807191576","_links":{"self":[{"href":"https:\/\/www.eliassen.nl\/de\/wp-json\/wp\/v2\/product\/212600","targetHints":{"allow":["GET"]}}],"collection":[{"href":"https:\/\/www.eliassen.nl\/de\/wp-json\/wp\/v2\/product"}],"about":[{"href":"https:\/\/www.eliassen.nl\/de\/wp-json\/wp\/v2\/types\/product"}],"wp:featuredmedia":[{"embeddable":true,"href":"https:\/\/www.eliassen.nl\/de\/wp-json\/wp\/v2\/media\/212528"}],"wp:attachment":[{"href":"https:\/\/www.eliassen.nl\/de\/wp-json\/wp\/v2\/media?parent=212600"}],"wp:term":[{"taxonomy":"product_brand","embeddable":true,"href":"https:\/\/www.eliassen.nl\/de\/wp-json\/wp\/v2\/product_brand?post=212600"},{"taxonomy":"product_cat","embeddable":true,"href":"https:\/\/www.eliassen.nl\/de\/wp-json\/wp\/v2\/product_cat?post=212600"},{"taxonomy":"product_tag","embeddable":true,"href":"https:\/\/www.eliassen.nl\/de\/wp-json\/wp\/v2\/product_tag?post=212600"}],"curies":[{"name":"wp","href":"https:\/\/api.w.org\/{rel}","templated":true}]}}