{"id":212113,"date":"2026-04-17T16:38:13","date_gmt":"2026-04-17T14:38:13","guid":{"rendered":"https:\/\/www.eliassen.nl\/product\/beistelltisch-elefant-50cm\/"},"modified":"2026-04-17T16:38:13","modified_gmt":"2026-04-17T14:38:13","slug":"beistelltisch-elefant-50cm","status":"publish","type":"product","link":"https:\/\/www.eliassen.nl\/de\/beistelltisch-elefant-50cm\/","title":{"rendered":"Beistelltisch Elefant 50cm"},"content":{"rendered":"<p>Wenn Sie auf der Suche nach einem einzigartigen und exotischen Element f\u00fcr Ihr Interieur, Ihr Vordach oder Ihren Wintergarten sind, ist dieser atemberaubende Beistelltisch in Form eines Elefanten eine fantastische Wahl. Mit einer L\u00e4nge von 53 Zentimetern, einer Breite von 37 Zentimetern und einer H\u00f6he von 50 Zentimetern erhalten Sie ein auff\u00e4lliges und zugleich hochfunktionales M\u00f6belst\u00fcck f\u00fcr Ihr Zuhause. Der Tisch ist vollst\u00e4ndig aus hochwertigem Polyresin gefertigt, einem robusten Material, das eine \u00e4u\u00dferst realistische und raffinierte Wiedergabe kleinster Details erm\u00f6glicht, wie z.B. die Textur der Hautfalten und den ausdrucksstarken Blick des Elefanten. Die warme, braune Farbe verleiht ihm einen authentischen Charakter, der m\u00fchelos in verschiedene Wohnstile passt. Auf dem R\u00fccken des Elefanten befindet sich ein stabiles, rundes Tablett, das perfekt als Beistelltisch f\u00fcr Ihr Getr\u00e4nk, ein sch\u00f6nes Buch oder eine stimmungsvolle Pflanze dient. Machen wir es uns gem\u00fctlich! Neben unseren bekannten Wasserornamenten haben wir auch eine wunderbare, gro\u00dfe Auswahl an ungew\u00f6hnlichen Statuen und M\u00f6beln. Sie sind daher herzlich eingeladen, unseren Ausstellungsraum in Ammerzoden zu besuchen, um diesen Elefantentisch und den Rest unserer Kollektion selbst zu erleben. Setzen Sie sich bitte im Voraus mit uns in Verbindung, um zu erfahren, ob dieses bestimmte Modell derzeit auf Lager ist, damit wir Entt\u00e4uschungen bei Ihrem Besuch vermeiden k\u00f6nnen.<\/p>\n","protected":false},"excerpt":{"rendered":"<p>Bringen Sie eine exotische und warme Atmosph\u00e4re in Ihren Wohnbereich mit diesem ungew\u00f6hnlichen Beistelltisch in Form eines detailreichen Elefanten. Dieses funktionelle Prunkst\u00fcck misst 53 x 37 x 50 Zentimeter und ist aus robustem Polyresin gefertigt und in einem nat\u00fcrlichen Braunton gehalten. Das runde Tablett auf der R\u00fcckseite bietet den perfekten, stabilen Platz f\u00fcr ein Getr\u00e4nk oder eine Dekoration und macht dieses Design sowohl zu einem praktischen M\u00f6belst\u00fcck als auch zu einem einzigartigen Kunstwerk.<\/p>\n","protected":false},"featured_media":212116,"template":"","meta":{"_acf_changed":false,"_genesis_title":"","_genesis_description":""},"product_brand":[7505],"product_cat":[761,1379,752,7239],"product_tag":[],"class_list":{"0":"post-212113","1":"product","2":"type-product","3":"status-publish","4":"has-post-thumbnail","6":"product_brand-sonstige","7":"product_cat-gartenmoebel","8":"product_cat-polyresin-bilder","9":"product_cat-weitere-artikel","10":"product_cat-bilder","12":"first","13":"instock","14":"taxable","15":"shipping-taxable","16":"purchasable","17":"product-type-simple"},"acf":[],"meta_all":{"cor_restricted_countries":[],"total_sales":"0"},"meta_all_flat":{"total_sales":"0"},"yoast_head":"<!-- This site is optimized with the Yoast SEO Premium plugin v26.2 (Yoast SEO v27.2) - https:\/\/yoast.com\/product\/yoast-seo-premium-wordpress\/ -->\n<title>Sonstige Beistelltisch Elefant 50cm - Eliassen.nl<\/title>\n<meta name=\"description\" content=\"Holen Sie sich einen exotischen Stimmungsmacher in Ihr Zuhause mit diesem braunen Beistelltisch Elefant aus Polyresin (53x37x50cm). Ein praktisches und einmalig detailliertes Ausstellungsst\u00fcck.\" \/>\n<meta name=\"robots\" content=\"index, follow, max-snippet:-1, max-image-preview:large, max-video-preview:-1\" \/>\n<link rel=\"canonical\" href=\"https:\/\/www.eliassen.nl\/de\/beistelltisch-elefant-50cm\/\" \/>\n<meta property=\"og:locale\" content=\"de_DE\" \/>\n<meta property=\"og:type\" content=\"article\" \/>\n<meta property=\"og:title\" content=\"Sonstige Beistelltisch Elefant 50cm - Eliassen.nl\" \/>\n<meta property=\"og:description\" content=\"Holen Sie sich einen exotischen Stimmungsmacher in Ihr Zuhause mit diesem braunen Beistelltisch Elefant aus Polyresin (53x37x50cm). Ein praktisches und einmalig detailliertes Ausstellungsst\u00fcck.\" \/>\n<meta property=\"og:url\" content=\"https:\/\/www.eliassen.nl\/de\/beistelltisch-elefant-50cm\/\" \/>\n<meta property=\"og:site_name\" content=\"Eliassen.nl\" \/>\n<meta property=\"article:publisher\" content=\"https:\/\/www.facebook.com\/TuincentrumEliassenAmmerzoden\" \/>\n<meta name=\"twitter:card\" content=\"summary_large_image\" \/>\n<script type=\"application\/ld+json\" class=\"yoast-schema-graph\">{\"@context\":\"https:\/\/schema.org\",\"@graph\":[{\"@type\":\"WebPage\",\"@id\":\"https:\/\/www.eliassen.nl\/de\/beistelltisch-elefant-50cm\/\",\"url\":\"https:\/\/www.eliassen.nl\/de\/beistelltisch-elefant-50cm\/\",\"name\":\"Sonstige Beistelltisch Elefant 50cm - Eliassen.nl\",\"isPartOf\":{\"@id\":\"https:\/\/www.eliassen.nl\/de\/#website\"},\"primaryImageOfPage\":{\"@id\":\"https:\/\/www.eliassen.nl\/de\/beistelltisch-elefant-50cm\/#primaryimage\"},\"image\":{\"@id\":\"https:\/\/www.eliassen.nl\/de\/beistelltisch-elefant-50cm\/#primaryimage\"},\"thumbnailUrl\":\"https:\/\/www.eliassen.nl\/wp-content\/uploads\/2026\/04\/Bijzet-tafel-Olifant-Nina-50cm-eliassen.nl-4-scaled.jpg\",\"datePublished\":\"2026-04-17T14:38:13+00:00\",\"description\":\"Holen Sie sich einen exotischen Stimmungsmacher in Ihr Zuhause mit diesem braunen Beistelltisch Elefant aus Polyresin (53x37x50cm). Ein praktisches und einmalig detailliertes Ausstellungsst\u00fcck.\",\"breadcrumb\":{\"@id\":\"https:\/\/www.eliassen.nl\/de\/beistelltisch-elefant-50cm\/#breadcrumb\"},\"inLanguage\":\"de\",\"potentialAction\":[{\"@type\":\"ReadAction\",\"target\":[\"https:\/\/www.eliassen.nl\/de\/beistelltisch-elefant-50cm\/\"]}]},{\"@type\":\"ImageObject\",\"inLanguage\":\"de\",\"@id\":\"https:\/\/www.eliassen.nl\/de\/beistelltisch-elefant-50cm\/#primaryimage\",\"url\":\"https:\/\/www.eliassen.nl\/wp-content\/uploads\/2026\/04\/Bijzet-tafel-Olifant-Nina-50cm-eliassen.nl-4-scaled.jpg\",\"contentUrl\":\"https:\/\/www.eliassen.nl\/wp-content\/uploads\/2026\/04\/Bijzet-tafel-Olifant-Nina-50cm-eliassen.nl-4-scaled.jpg\",\"width\":2560,\"height\":1928,\"caption\":\"Bijzet tafel Olifant Nina 50cm eliassen.nl 4\"},{\"@type\":\"BreadcrumbList\",\"@id\":\"https:\/\/www.eliassen.nl\/de\/beistelltisch-elefant-50cm\/#breadcrumb\",\"itemListElement\":[{\"@type\":\"ListItem\",\"position\":1,\"name\":\"Home\",\"item\":\"https:\/\/www.eliassen.nl\/de\/\"},{\"@type\":\"ListItem\",\"position\":2,\"name\":\"Shop\",\"item\":\"https:\/\/www.eliassen.nl\/de\/shop\/\"},{\"@type\":\"ListItem\",\"position\":3,\"name\":\"Weitere Artikel\",\"item\":\"https:\/\/www.eliassen.nl\/de\/weitere-artikel\/\"},{\"@type\":\"ListItem\",\"position\":4,\"name\":\"Gartenm\u00f6bel\",\"item\":\"https:\/\/www.eliassen.nl\/de\/garten-andere\/gartenmoebel\/\"},{\"@type\":\"ListItem\",\"position\":5,\"name\":\"Beistelltisch Elefant 50cm\"}]},{\"@type\":\"WebSite\",\"@id\":\"https:\/\/www.eliassen.nl\/de\/#website\",\"url\":\"https:\/\/www.eliassen.nl\/de\/\",\"name\":\"Eliassen Home & Garden Pleasure\",\"description\":\"\",\"publisher\":{\"@id\":\"https:\/\/www.eliassen.nl\/de\/#organization\"},\"alternateName\":\"Eliassen.nl\",\"potentialAction\":[{\"@type\":\"SearchAction\",\"target\":{\"@type\":\"EntryPoint\",\"urlTemplate\":\"https:\/\/www.eliassen.nl\/de\/?s={search_term_string}\"},\"query-input\":{\"@type\":\"PropertyValueSpecification\",\"valueRequired\":true,\"valueName\":\"search_term_string\"}}],\"inLanguage\":\"de\"},{\"@type\":[\"Organization\",\"Place\"],\"@id\":\"https:\/\/www.eliassen.nl\/de\/#organization\",\"name\":\"Eliassen Home & Garden Pleasure\",\"url\":\"https:\/\/www.eliassen.nl\/de\/\",\"logo\":{\"@id\":\"https:\/\/www.eliassen.nl\/de\/beistelltisch-elefant-50cm\/#local-main-organization-logo\"},\"image\":{\"@id\":\"https:\/\/www.eliassen.nl\/de\/beistelltisch-elefant-50cm\/#local-main-organization-logo\"},\"sameAs\":[\"https:\/\/www.facebook.com\/TuincentrumEliassenAmmerzoden\",\"https:\/\/www.instagram.com\/eliassenhomeandgarden\/\",\"https:\/\/nl.pinterest.com\/eliassenhomeandgarden\/\",\"https:\/\/www.youtube.com\/@eliassenhomegardenpleasure4558\"],\"telephone\":[],\"openingHoursSpecification\":[{\"@type\":\"OpeningHoursSpecification\",\"dayOfWeek\":[\"Monday\",\"Tuesday\",\"Wednesday\",\"Thursday\",\"Friday\",\"Saturday\",\"Sunday\"],\"opens\":\"09:00\",\"closes\":\"17:00\"}]},{\"@type\":\"ImageObject\",\"inLanguage\":\"de\",\"@id\":\"https:\/\/www.eliassen.nl\/de\/beistelltisch-elefant-50cm\/#local-main-organization-logo\",\"url\":\"https:\/\/www.eliassen.nl\/wp-content\/uploads\/2024\/01\/logo_4nd.jpg\",\"contentUrl\":\"https:\/\/www.eliassen.nl\/wp-content\/uploads\/2024\/01\/logo_4nd.jpg\",\"width\":500,\"height\":500,\"caption\":\"Eliassen Home & Garden Pleasure\"}]}<\/script>\n<meta property=\"product:price:amount\" content=\"134.50\" \/>\n<meta property=\"product:price:currency\" content=\"EUR\" \/>\n<meta property=\"og:availability\" content=\"instock\" \/>\n<meta property=\"product:availability\" content=\"instock\" \/>\n<meta property=\"product:retailer_item_id\" content=\"2051406\" \/>\n<meta property=\"product:condition\" content=\"new\" \/>\n<!-- \/ Yoast SEO Premium plugin. -->","yoast_head_json":{"title":"Sonstige Beistelltisch Elefant 50cm - Eliassen.nl","description":"Holen Sie sich einen exotischen Stimmungsmacher in Ihr Zuhause mit diesem braunen Beistelltisch Elefant aus Polyresin (53x37x50cm). Ein praktisches und einmalig detailliertes Ausstellungsst\u00fcck.","robots":{"index":"index","follow":"follow","max-snippet":"max-snippet:-1","max-image-preview":"max-image-preview:large","max-video-preview":"max-video-preview:-1"},"canonical":"https:\/\/www.eliassen.nl\/de\/beistelltisch-elefant-50cm\/","og_locale":"de_DE","og_type":"article","og_title":"Sonstige Beistelltisch Elefant 50cm - Eliassen.nl","og_description":"Holen Sie sich einen exotischen Stimmungsmacher in Ihr Zuhause mit diesem braunen Beistelltisch Elefant aus Polyresin (53x37x50cm). Ein praktisches und einmalig detailliertes Ausstellungsst\u00fcck.","og_url":"https:\/\/www.eliassen.nl\/de\/beistelltisch-elefant-50cm\/","og_site_name":"Eliassen.nl","article_publisher":"https:\/\/www.facebook.com\/TuincentrumEliassenAmmerzoden","twitter_card":"summary_large_image","schema":{"@context":"https:\/\/schema.org","@graph":[{"@type":"WebPage","@id":"https:\/\/www.eliassen.nl\/de\/beistelltisch-elefant-50cm\/","url":"https:\/\/www.eliassen.nl\/de\/beistelltisch-elefant-50cm\/","name":"Sonstige Beistelltisch Elefant 50cm - Eliassen.nl","isPartOf":{"@id":"https:\/\/www.eliassen.nl\/de\/#website"},"primaryImageOfPage":{"@id":"https:\/\/www.eliassen.nl\/de\/beistelltisch-elefant-50cm\/#primaryimage"},"image":{"@id":"https:\/\/www.eliassen.nl\/de\/beistelltisch-elefant-50cm\/#primaryimage"},"thumbnailUrl":"https:\/\/www.eliassen.nl\/wp-content\/uploads\/2026\/04\/Bijzet-tafel-Olifant-Nina-50cm-eliassen.nl-4-scaled.jpg","datePublished":"2026-04-17T14:38:13+00:00","description":"Holen Sie sich einen exotischen Stimmungsmacher in Ihr Zuhause mit diesem braunen Beistelltisch Elefant aus Polyresin (53x37x50cm). Ein praktisches und einmalig detailliertes Ausstellungsst\u00fcck.","breadcrumb":{"@id":"https:\/\/www.eliassen.nl\/de\/beistelltisch-elefant-50cm\/#breadcrumb"},"inLanguage":"de","potentialAction":[{"@type":"ReadAction","target":["https:\/\/www.eliassen.nl\/de\/beistelltisch-elefant-50cm\/"]}]},{"@type":"ImageObject","inLanguage":"de","@id":"https:\/\/www.eliassen.nl\/de\/beistelltisch-elefant-50cm\/#primaryimage","url":"https:\/\/www.eliassen.nl\/wp-content\/uploads\/2026\/04\/Bijzet-tafel-Olifant-Nina-50cm-eliassen.nl-4-scaled.jpg","contentUrl":"https:\/\/www.eliassen.nl\/wp-content\/uploads\/2026\/04\/Bijzet-tafel-Olifant-Nina-50cm-eliassen.nl-4-scaled.jpg","width":2560,"height":1928,"caption":"Bijzet tafel Olifant Nina 50cm eliassen.nl 4"},{"@type":"BreadcrumbList","@id":"https:\/\/www.eliassen.nl\/de\/beistelltisch-elefant-50cm\/#breadcrumb","itemListElement":[{"@type":"ListItem","position":1,"name":"Home","item":"https:\/\/www.eliassen.nl\/de\/"},{"@type":"ListItem","position":2,"name":"Shop","item":"https:\/\/www.eliassen.nl\/de\/shop\/"},{"@type":"ListItem","position":3,"name":"Weitere Artikel","item":"https:\/\/www.eliassen.nl\/de\/weitere-artikel\/"},{"@type":"ListItem","position":4,"name":"Gartenm\u00f6bel","item":"https:\/\/www.eliassen.nl\/de\/garten-andere\/gartenmoebel\/"},{"@type":"ListItem","position":5,"name":"Beistelltisch Elefant 50cm"}]},{"@type":"WebSite","@id":"https:\/\/www.eliassen.nl\/de\/#website","url":"https:\/\/www.eliassen.nl\/de\/","name":"Eliassen Home & Garden Pleasure","description":"","publisher":{"@id":"https:\/\/www.eliassen.nl\/de\/#organization"},"alternateName":"Eliassen.nl","potentialAction":[{"@type":"SearchAction","target":{"@type":"EntryPoint","urlTemplate":"https:\/\/www.eliassen.nl\/de\/?s={search_term_string}"},"query-input":{"@type":"PropertyValueSpecification","valueRequired":true,"valueName":"search_term_string"}}],"inLanguage":"de"},{"@type":["Organization","Place"],"@id":"https:\/\/www.eliassen.nl\/de\/#organization","name":"Eliassen Home & Garden Pleasure","url":"https:\/\/www.eliassen.nl\/de\/","logo":{"@id":"https:\/\/www.eliassen.nl\/de\/beistelltisch-elefant-50cm\/#local-main-organization-logo"},"image":{"@id":"https:\/\/www.eliassen.nl\/de\/beistelltisch-elefant-50cm\/#local-main-organization-logo"},"sameAs":["https:\/\/www.facebook.com\/TuincentrumEliassenAmmerzoden","https:\/\/www.instagram.com\/eliassenhomeandgarden\/","https:\/\/nl.pinterest.com\/eliassenhomeandgarden\/","https:\/\/www.youtube.com\/@eliassenhomegardenpleasure4558"],"telephone":[],"openingHoursSpecification":[{"@type":"OpeningHoursSpecification","dayOfWeek":["Monday","Tuesday","Wednesday","Thursday","Friday","Saturday","Sunday"],"opens":"09:00","closes":"17:00"}]},{"@type":"ImageObject","inLanguage":"de","@id":"https:\/\/www.eliassen.nl\/de\/beistelltisch-elefant-50cm\/#local-main-organization-logo","url":"https:\/\/www.eliassen.nl\/wp-content\/uploads\/2024\/01\/logo_4nd.jpg","contentUrl":"https:\/\/www.eliassen.nl\/wp-content\/uploads\/2024\/01\/logo_4nd.jpg","width":500,"height":500,"caption":"Eliassen Home & Garden Pleasure"}]},"product_price_amount":"134.50","product_price_currency":"EUR","og_availability":"instock","product_availability":"instock","product_retailer_item_id":"2051406","product_condition":"new"},"df_price":134.5,"df_sale_price":"","df_regular_price":134.5,"df_image_link":"https:\/\/www.eliassen.nl\/wp-content\/uploads\/2026\/04\/Bijzet-tafel-Olifant-Nina-50cm-eliassen.nl-4-300x226.jpg","image":"https:\/\/www.eliassen.nl\/wp-content\/uploads\/2026\/04\/Bijzet-tafel-Olifant-Nina-50cm-eliassen.nl-4-150x150.jpg","price_search":"<span class=\"woocommerce-Price-amount amount\"><bdi><span class=\"woocommerce-Price-currencySymbol\">&euro;<\/span>&nbsp;134,50<\/bdi><\/span>","category":"Gartenm\u00f6bel","global_unique_id":"4066076425310","_links":{"self":[{"href":"https:\/\/www.eliassen.nl\/de\/wp-json\/wp\/v2\/product\/212113","targetHints":{"allow":["GET"]}}],"collection":[{"href":"https:\/\/www.eliassen.nl\/de\/wp-json\/wp\/v2\/product"}],"about":[{"href":"https:\/\/www.eliassen.nl\/de\/wp-json\/wp\/v2\/types\/product"}],"wp:featuredmedia":[{"embeddable":true,"href":"https:\/\/www.eliassen.nl\/de\/wp-json\/wp\/v2\/media\/212116"}],"wp:attachment":[{"href":"https:\/\/www.eliassen.nl\/de\/wp-json\/wp\/v2\/media?parent=212113"}],"wp:term":[{"taxonomy":"product_brand","embeddable":true,"href":"https:\/\/www.eliassen.nl\/de\/wp-json\/wp\/v2\/product_brand?post=212113"},{"taxonomy":"product_cat","embeddable":true,"href":"https:\/\/www.eliassen.nl\/de\/wp-json\/wp\/v2\/product_cat?post=212113"},{"taxonomy":"product_tag","embeddable":true,"href":"https:\/\/www.eliassen.nl\/de\/wp-json\/wp\/v2\/product_tag?post=212113"}],"curies":[{"name":"wp","href":"https:\/\/api.w.org\/{rel}","templated":true}]}}