{"id":212110,"date":"2026-04-17T16:27:24","date_gmt":"2026-04-17T14:27:24","guid":{"rendered":"https:\/\/www.eliassen.nl\/product\/bar-set-komplett-mit-zwei-hockern-teak-190cm-hoch\/"},"modified":"2026-04-17T16:27:24","modified_gmt":"2026-04-17T14:27:24","slug":"bar-set-komplett-mit-zwei-hockern-teak-190cm-hoch","status":"publish","type":"product","link":"https:\/\/www.eliassen.nl\/de\/bar-set-komplett-mit-zwei-hockern-teak-190cm-hoch\/","title":{"rendered":"Bar-Set komplett mit zwei Hockern Teak 190cm hoch"},"content":{"rendered":"<p data-path-to-node=\"1\">Wenn Sie auf der Suche nach einer stimmungsvollen und funktionellen Erg\u00e4nzung f\u00fcr den Garten oder eine gem\u00fctliche M\u00e4nnerh\u00f6hle sind, ist dieses komplette Bar-Set aus Teakholz eine fantastische Wahl. Mit einer beeindruckenden Gesamth\u00f6he von 190 Zentimetern bietet dieses M\u00f6belst\u00fcck ein komplettes Barerlebnis in Ihrer vertrauten Umgebung. Das Set ist aus hochwertigem Teakholz gefertigt. Denken Sie daran, dass das Holz bei der Verwendung im Freien nat\u00fcrlich sch\u00f6n altert und leicht arbeitet, was seinen authentischen, rustikalen Look noch verst\u00e4rkt. Der Bartisch hat eine praktische und zug\u00e4ngliche Gr\u00f6\u00dfe von 100 Zentimetern Breite, 40 Zentimetern Tiefe und 92 Zentimetern H\u00f6he. Die passenden Hocker haben einen Durchmesser von 35 Zentimetern und eine komfortable Sitzh\u00f6he von 65 Zentimetern. Was dieses Bar-Set besonders einzigartig macht, sind die sch\u00f6nen und cleveren Details: Das M\u00f6belst\u00fcck verf\u00fcgt \u00fcber eine praktische Ablage f\u00fcr Gl\u00e4ser und einen Halter f\u00fcr drei Flaschen. Oben befindet sich au\u00dferdem ein dekorativer Lampenschirm. Obwohl er nur zur Dekoration gedacht ist, k\u00f6nnen Sie hier problemlos eine sch\u00f6ne batteriebetriebene Lampe aufstellen, die in den sp\u00e4ten Stunden f\u00fcr zus\u00e4tzliche Atmosph\u00e4re sorgt. Machen wir es uns gem\u00fctlich! Neben Dekoration haben wir auch ein spezielles Angebot an M\u00f6beln. Sie sind herzlich eingeladen, in unseren Ausstellungsraum zu kommen, um dieses Bar-Set und unser weiteres Sortiment selbst zu erleben.<\/p>\n<p data-path-to-node=\"1\">\n","protected":false},"excerpt":{"rendered":"<p>Schaffen Sie den ultimativen Ort der Geselligkeit in Ihrem Garten oder in Ihrer Gartenlaube mit diesem kompletten Bar-Set aus Teakholz mit einer H\u00f6he von 190 Zentimetern. Das stimmungsvolle Set ist mit einem bequemen Tisch, passenden Hockern, einer Glasablage, einem Flaschenhalter und einem dekorativen Lampenschirm f\u00fcr ein optimales Erlebnis konzipiert. Bei der Verwendung im Freien altert das robuste Teakholz auf nat\u00fcrliche Weise und erh\u00e4lt so einen sch\u00f6nen und authentischen Charakter.<\/p>\n","protected":false},"featured_media":211460,"template":"","meta":{"_acf_changed":false,"_genesis_title":"","_genesis_description":""},"product_brand":[7505],"product_cat":[761,752],"product_tag":[],"class_list":{"0":"post-212110","1":"product","2":"type-product","3":"status-publish","4":"has-post-thumbnail","6":"product_brand-sonstige","7":"product_cat-gartenmoebel","8":"product_cat-weitere-artikel","10":"first","11":"instock","12":"taxable","13":"shipping-taxable","14":"purchasable","15":"product-type-simple"},"acf":[],"meta_all":{"cor_restricted_countries":[],"total_sales":"0"},"meta_all_flat":{"total_sales":"0"},"yoast_head":"<!-- This site is optimized with the Yoast SEO Premium plugin v26.2 (Yoast SEO v27.2) - https:\/\/yoast.com\/product\/yoast-seo-premium-wordpress\/ -->\n<title>Sonstige Bar-Set komplett mit zwei Hockern Teak 190cm hoch - Eliassen.nl<\/title>\n<meta name=\"description\" content=\"Vervollst\u00e4ndigen Sie Ihren Garten oder Ihre Mancave mit diesem stimmungsvollen Bar-Set aus Teakholz (190 cm). Ausgestattet mit Hockern, Glasregal und Flaschenhalter. Sehen Sie sich das Set an!\" \/>\n<meta name=\"robots\" content=\"index, follow, max-snippet:-1, max-image-preview:large, max-video-preview:-1\" \/>\n<link rel=\"canonical\" href=\"https:\/\/www.eliassen.nl\/de\/bar-set-komplett-mit-zwei-hockern-teak-190cm-hoch\/\" \/>\n<meta property=\"og:locale\" content=\"de_DE\" \/>\n<meta property=\"og:type\" content=\"article\" \/>\n<meta property=\"og:title\" content=\"Sonstige Bar-Set komplett mit zwei Hockern Teak 190cm hoch - Eliassen.nl\" \/>\n<meta property=\"og:description\" content=\"Vervollst\u00e4ndigen Sie Ihren Garten oder Ihre Mancave mit diesem stimmungsvollen Bar-Set aus Teakholz (190 cm). Ausgestattet mit Hockern, Glasregal und Flaschenhalter. Sehen Sie sich das Set an!\" \/>\n<meta property=\"og:url\" content=\"https:\/\/www.eliassen.nl\/de\/bar-set-komplett-mit-zwei-hockern-teak-190cm-hoch\/\" \/>\n<meta property=\"og:site_name\" content=\"Eliassen.nl\" \/>\n<meta property=\"article:publisher\" content=\"https:\/\/www.facebook.com\/TuincentrumEliassenAmmerzoden\" \/>\n<meta property=\"og:image\" content=\"https:\/\/www.eliassen.nl\/wp-content\/uploads\/2026\/04\/Bartafel-compleet-teak-Eliassen.nl-306209.png\" \/>\n\t<meta property=\"og:image:width\" content=\"461\" \/>\n\t<meta property=\"og:image:height\" content=\"546\" \/>\n\t<meta property=\"og:image:type\" content=\"image\/png\" \/>\n<meta name=\"twitter:card\" content=\"summary_large_image\" \/>\n<script type=\"application\/ld+json\" class=\"yoast-schema-graph\">{\"@context\":\"https:\/\/schema.org\",\"@graph\":[{\"@type\":\"WebPage\",\"@id\":\"https:\/\/www.eliassen.nl\/de\/bar-set-komplett-mit-zwei-hockern-teak-190cm-hoch\/\",\"url\":\"https:\/\/www.eliassen.nl\/de\/bar-set-komplett-mit-zwei-hockern-teak-190cm-hoch\/\",\"name\":\"Sonstige Bar-Set komplett mit zwei Hockern Teak 190cm hoch - Eliassen.nl\",\"isPartOf\":{\"@id\":\"https:\/\/www.eliassen.nl\/de\/#website\"},\"primaryImageOfPage\":{\"@id\":\"https:\/\/www.eliassen.nl\/de\/bar-set-komplett-mit-zwei-hockern-teak-190cm-hoch\/#primaryimage\"},\"image\":{\"@id\":\"https:\/\/www.eliassen.nl\/de\/bar-set-komplett-mit-zwei-hockern-teak-190cm-hoch\/#primaryimage\"},\"thumbnailUrl\":\"https:\/\/www.eliassen.nl\/wp-content\/uploads\/2026\/04\/Bartafel-compleet-teak-Eliassen.nl-306209.png\",\"datePublished\":\"2026-04-17T14:27:24+00:00\",\"description\":\"Vervollst\u00e4ndigen Sie Ihren Garten oder Ihre Mancave mit diesem stimmungsvollen Bar-Set aus Teakholz (190 cm). Ausgestattet mit Hockern, Glasregal und Flaschenhalter. Sehen Sie sich das Set an!\",\"breadcrumb\":{\"@id\":\"https:\/\/www.eliassen.nl\/de\/bar-set-komplett-mit-zwei-hockern-teak-190cm-hoch\/#breadcrumb\"},\"inLanguage\":\"de\",\"potentialAction\":[{\"@type\":\"ReadAction\",\"target\":[\"https:\/\/www.eliassen.nl\/de\/bar-set-komplett-mit-zwei-hockern-teak-190cm-hoch\/\"]}]},{\"@type\":\"ImageObject\",\"inLanguage\":\"de\",\"@id\":\"https:\/\/www.eliassen.nl\/de\/bar-set-komplett-mit-zwei-hockern-teak-190cm-hoch\/#primaryimage\",\"url\":\"https:\/\/www.eliassen.nl\/wp-content\/uploads\/2026\/04\/Bartafel-compleet-teak-Eliassen.nl-306209.png\",\"contentUrl\":\"https:\/\/www.eliassen.nl\/wp-content\/uploads\/2026\/04\/Bartafel-compleet-teak-Eliassen.nl-306209.png\",\"width\":461,\"height\":546,\"caption\":\"Bar-Set aus Teakholz mit 2 Hockern - Eliassen.de\"},{\"@type\":\"BreadcrumbList\",\"@id\":\"https:\/\/www.eliassen.nl\/de\/bar-set-komplett-mit-zwei-hockern-teak-190cm-hoch\/#breadcrumb\",\"itemListElement\":[{\"@type\":\"ListItem\",\"position\":1,\"name\":\"Home\",\"item\":\"https:\/\/www.eliassen.nl\/de\/\"},{\"@type\":\"ListItem\",\"position\":2,\"name\":\"Shop\",\"item\":\"https:\/\/www.eliassen.nl\/de\/shop\/\"},{\"@type\":\"ListItem\",\"position\":3,\"name\":\"Bar-Set komplett mit zwei Hockern Teak 190cm hoch\"}]},{\"@type\":\"WebSite\",\"@id\":\"https:\/\/www.eliassen.nl\/de\/#website\",\"url\":\"https:\/\/www.eliassen.nl\/de\/\",\"name\":\"Eliassen Home & Garden Pleasure\",\"description\":\"\",\"publisher\":{\"@id\":\"https:\/\/www.eliassen.nl\/de\/#organization\"},\"alternateName\":\"Eliassen.nl\",\"potentialAction\":[{\"@type\":\"SearchAction\",\"target\":{\"@type\":\"EntryPoint\",\"urlTemplate\":\"https:\/\/www.eliassen.nl\/de\/?s={search_term_string}\"},\"query-input\":{\"@type\":\"PropertyValueSpecification\",\"valueRequired\":true,\"valueName\":\"search_term_string\"}}],\"inLanguage\":\"de\"},{\"@type\":[\"Organization\",\"Place\"],\"@id\":\"https:\/\/www.eliassen.nl\/de\/#organization\",\"name\":\"Eliassen Home & Garden Pleasure\",\"url\":\"https:\/\/www.eliassen.nl\/de\/\",\"logo\":{\"@id\":\"https:\/\/www.eliassen.nl\/de\/bar-set-komplett-mit-zwei-hockern-teak-190cm-hoch\/#local-main-organization-logo\"},\"image\":{\"@id\":\"https:\/\/www.eliassen.nl\/de\/bar-set-komplett-mit-zwei-hockern-teak-190cm-hoch\/#local-main-organization-logo\"},\"sameAs\":[\"https:\/\/www.facebook.com\/TuincentrumEliassenAmmerzoden\",\"https:\/\/www.instagram.com\/eliassenhomeandgarden\/\",\"https:\/\/nl.pinterest.com\/eliassenhomeandgarden\/\",\"https:\/\/www.youtube.com\/@eliassenhomegardenpleasure4558\"],\"telephone\":[],\"openingHoursSpecification\":[{\"@type\":\"OpeningHoursSpecification\",\"dayOfWeek\":[\"Monday\",\"Tuesday\",\"Wednesday\",\"Thursday\",\"Friday\",\"Saturday\",\"Sunday\"],\"opens\":\"09:00\",\"closes\":\"17:00\"}]},{\"@type\":\"ImageObject\",\"inLanguage\":\"de\",\"@id\":\"https:\/\/www.eliassen.nl\/de\/bar-set-komplett-mit-zwei-hockern-teak-190cm-hoch\/#local-main-organization-logo\",\"url\":\"https:\/\/www.eliassen.nl\/wp-content\/uploads\/2024\/01\/logo_4nd.jpg\",\"contentUrl\":\"https:\/\/www.eliassen.nl\/wp-content\/uploads\/2024\/01\/logo_4nd.jpg\",\"width\":500,\"height\":500,\"caption\":\"Eliassen Home & Garden Pleasure\"}]}<\/script>\n<meta property=\"product:price:amount\" content=\"239.00\" \/>\n<meta property=\"product:price:currency\" content=\"EUR\" \/>\n<meta property=\"og:availability\" content=\"instock\" \/>\n<meta property=\"product:availability\" content=\"instock\" \/>\n<meta property=\"product:retailer_item_id\" content=\"306209\" \/>\n<meta property=\"product:condition\" content=\"new\" \/>\n<!-- \/ Yoast SEO Premium plugin. -->","yoast_head_json":{"title":"Sonstige Bar-Set komplett mit zwei Hockern Teak 190cm hoch - Eliassen.nl","description":"Vervollst\u00e4ndigen Sie Ihren Garten oder Ihre Mancave mit diesem stimmungsvollen Bar-Set aus Teakholz (190 cm). Ausgestattet mit Hockern, Glasregal und Flaschenhalter. Sehen Sie sich das Set an!","robots":{"index":"index","follow":"follow","max-snippet":"max-snippet:-1","max-image-preview":"max-image-preview:large","max-video-preview":"max-video-preview:-1"},"canonical":"https:\/\/www.eliassen.nl\/de\/bar-set-komplett-mit-zwei-hockern-teak-190cm-hoch\/","og_locale":"de_DE","og_type":"article","og_title":"Sonstige Bar-Set komplett mit zwei Hockern Teak 190cm hoch - Eliassen.nl","og_description":"Vervollst\u00e4ndigen Sie Ihren Garten oder Ihre Mancave mit diesem stimmungsvollen Bar-Set aus Teakholz (190 cm). Ausgestattet mit Hockern, Glasregal und Flaschenhalter. Sehen Sie sich das Set an!","og_url":"https:\/\/www.eliassen.nl\/de\/bar-set-komplett-mit-zwei-hockern-teak-190cm-hoch\/","og_site_name":"Eliassen.nl","article_publisher":"https:\/\/www.facebook.com\/TuincentrumEliassenAmmerzoden","og_image":[{"width":461,"height":546,"url":"https:\/\/www.eliassen.nl\/wp-content\/uploads\/2026\/04\/Bartafel-compleet-teak-Eliassen.nl-306209.png","type":"image\/png"}],"twitter_card":"summary_large_image","schema":{"@context":"https:\/\/schema.org","@graph":[{"@type":"WebPage","@id":"https:\/\/www.eliassen.nl\/de\/bar-set-komplett-mit-zwei-hockern-teak-190cm-hoch\/","url":"https:\/\/www.eliassen.nl\/de\/bar-set-komplett-mit-zwei-hockern-teak-190cm-hoch\/","name":"Sonstige Bar-Set komplett mit zwei Hockern Teak 190cm hoch - Eliassen.nl","isPartOf":{"@id":"https:\/\/www.eliassen.nl\/de\/#website"},"primaryImageOfPage":{"@id":"https:\/\/www.eliassen.nl\/de\/bar-set-komplett-mit-zwei-hockern-teak-190cm-hoch\/#primaryimage"},"image":{"@id":"https:\/\/www.eliassen.nl\/de\/bar-set-komplett-mit-zwei-hockern-teak-190cm-hoch\/#primaryimage"},"thumbnailUrl":"https:\/\/www.eliassen.nl\/wp-content\/uploads\/2026\/04\/Bartafel-compleet-teak-Eliassen.nl-306209.png","datePublished":"2026-04-17T14:27:24+00:00","description":"Vervollst\u00e4ndigen Sie Ihren Garten oder Ihre Mancave mit diesem stimmungsvollen Bar-Set aus Teakholz (190 cm). Ausgestattet mit Hockern, Glasregal und Flaschenhalter. Sehen Sie sich das Set an!","breadcrumb":{"@id":"https:\/\/www.eliassen.nl\/de\/bar-set-komplett-mit-zwei-hockern-teak-190cm-hoch\/#breadcrumb"},"inLanguage":"de","potentialAction":[{"@type":"ReadAction","target":["https:\/\/www.eliassen.nl\/de\/bar-set-komplett-mit-zwei-hockern-teak-190cm-hoch\/"]}]},{"@type":"ImageObject","inLanguage":"de","@id":"https:\/\/www.eliassen.nl\/de\/bar-set-komplett-mit-zwei-hockern-teak-190cm-hoch\/#primaryimage","url":"https:\/\/www.eliassen.nl\/wp-content\/uploads\/2026\/04\/Bartafel-compleet-teak-Eliassen.nl-306209.png","contentUrl":"https:\/\/www.eliassen.nl\/wp-content\/uploads\/2026\/04\/Bartafel-compleet-teak-Eliassen.nl-306209.png","width":461,"height":546,"caption":"Bar-Set aus Teakholz mit 2 Hockern - Eliassen.de"},{"@type":"BreadcrumbList","@id":"https:\/\/www.eliassen.nl\/de\/bar-set-komplett-mit-zwei-hockern-teak-190cm-hoch\/#breadcrumb","itemListElement":[{"@type":"ListItem","position":1,"name":"Home","item":"https:\/\/www.eliassen.nl\/de\/"},{"@type":"ListItem","position":2,"name":"Shop","item":"https:\/\/www.eliassen.nl\/de\/shop\/"},{"@type":"ListItem","position":3,"name":"Bar-Set komplett mit zwei Hockern Teak 190cm hoch"}]},{"@type":"WebSite","@id":"https:\/\/www.eliassen.nl\/de\/#website","url":"https:\/\/www.eliassen.nl\/de\/","name":"Eliassen Home & Garden Pleasure","description":"","publisher":{"@id":"https:\/\/www.eliassen.nl\/de\/#organization"},"alternateName":"Eliassen.nl","potentialAction":[{"@type":"SearchAction","target":{"@type":"EntryPoint","urlTemplate":"https:\/\/www.eliassen.nl\/de\/?s={search_term_string}"},"query-input":{"@type":"PropertyValueSpecification","valueRequired":true,"valueName":"search_term_string"}}],"inLanguage":"de"},{"@type":["Organization","Place"],"@id":"https:\/\/www.eliassen.nl\/de\/#organization","name":"Eliassen Home & Garden Pleasure","url":"https:\/\/www.eliassen.nl\/de\/","logo":{"@id":"https:\/\/www.eliassen.nl\/de\/bar-set-komplett-mit-zwei-hockern-teak-190cm-hoch\/#local-main-organization-logo"},"image":{"@id":"https:\/\/www.eliassen.nl\/de\/bar-set-komplett-mit-zwei-hockern-teak-190cm-hoch\/#local-main-organization-logo"},"sameAs":["https:\/\/www.facebook.com\/TuincentrumEliassenAmmerzoden","https:\/\/www.instagram.com\/eliassenhomeandgarden\/","https:\/\/nl.pinterest.com\/eliassenhomeandgarden\/","https:\/\/www.youtube.com\/@eliassenhomegardenpleasure4558"],"telephone":[],"openingHoursSpecification":[{"@type":"OpeningHoursSpecification","dayOfWeek":["Monday","Tuesday","Wednesday","Thursday","Friday","Saturday","Sunday"],"opens":"09:00","closes":"17:00"}]},{"@type":"ImageObject","inLanguage":"de","@id":"https:\/\/www.eliassen.nl\/de\/bar-set-komplett-mit-zwei-hockern-teak-190cm-hoch\/#local-main-organization-logo","url":"https:\/\/www.eliassen.nl\/wp-content\/uploads\/2024\/01\/logo_4nd.jpg","contentUrl":"https:\/\/www.eliassen.nl\/wp-content\/uploads\/2024\/01\/logo_4nd.jpg","width":500,"height":500,"caption":"Eliassen Home & Garden Pleasure"}]},"product_price_amount":"239.00","product_price_currency":"EUR","og_availability":"instock","product_availability":"instock","product_retailer_item_id":"306209","product_condition":"new"},"df_price":239,"df_sale_price":"","df_regular_price":239,"df_image_link":"https:\/\/www.eliassen.nl\/wp-content\/uploads\/2026\/04\/Bartafel-compleet-teak-Eliassen.nl-306209-253x300.png","image":"https:\/\/www.eliassen.nl\/wp-content\/uploads\/2026\/04\/Bartafel-compleet-teak-Eliassen.nl-306209-150x150.png","price_search":"<span class=\"woocommerce-Price-amount amount\"><bdi><span class=\"woocommerce-Price-currencySymbol\">&euro;<\/span>&nbsp;239,00<\/bdi><\/span>","category":"Gartenm\u00f6bel","global_unique_id":"8714763349529","_links":{"self":[{"href":"https:\/\/www.eliassen.nl\/de\/wp-json\/wp\/v2\/product\/212110","targetHints":{"allow":["GET"]}}],"collection":[{"href":"https:\/\/www.eliassen.nl\/de\/wp-json\/wp\/v2\/product"}],"about":[{"href":"https:\/\/www.eliassen.nl\/de\/wp-json\/wp\/v2\/types\/product"}],"wp:featuredmedia":[{"embeddable":true,"href":"https:\/\/www.eliassen.nl\/de\/wp-json\/wp\/v2\/media\/211460"}],"wp:attachment":[{"href":"https:\/\/www.eliassen.nl\/de\/wp-json\/wp\/v2\/media?parent=212110"}],"wp:term":[{"taxonomy":"product_brand","embeddable":true,"href":"https:\/\/www.eliassen.nl\/de\/wp-json\/wp\/v2\/product_brand?post=212110"},{"taxonomy":"product_cat","embeddable":true,"href":"https:\/\/www.eliassen.nl\/de\/wp-json\/wp\/v2\/product_cat?post=212110"},{"taxonomy":"product_tag","embeddable":true,"href":"https:\/\/www.eliassen.nl\/de\/wp-json\/wp\/v2\/product_tag?post=212110"}],"curies":[{"name":"wp","href":"https:\/\/api.w.org\/{rel}","templated":true}]}}