{"id":212107,"date":"2026-04-17T16:12:53","date_gmt":"2026-04-17T14:12:53","guid":{"rendered":"https:\/\/www.eliassen.nl\/product\/wasser-ornament-gebende-haende-54cm\/"},"modified":"2026-04-17T16:12:53","modified_gmt":"2026-04-17T14:12:53","slug":"wasser-ornament-gebende-haende-54cm","status":"publish","type":"product","link":"https:\/\/www.eliassen.nl\/de\/wasser-ornament-gebende-haende-54cm\/","title":{"rendered":"Wasser-Ornament Gebende H\u00e4nde 54cm"},"content":{"rendered":"<p data-path-to-node=\"1\">Wenn Sie auf der Suche nach einem bedeutungsvollen und heiteren Element f\u00fcr Ihren Garten sind, ist dieses besondere Wasserornament in Form von zwei ruhenden, gefalteten H\u00e4nden eine wunderbare Wahl. Mit 54 cm Breite und 33 cm H\u00f6he ist dies ein kompaktes, aber ausdrucksstarkes Kunstwerk f\u00fcr fast jeden Au\u00dfenbereich. Das Ornament wiegt 80 Kilo und ist komplett aus massivem Beton gefertigt, was f\u00fcr robuste Qualit\u00e4t, Stabilit\u00e4t und Langlebigkeit sorgt. Wie Sie an den feinen Details erkennen k\u00f6nnen, hat der Beton eine authentische, nat\u00fcrliche Textur und einen hellgrauen Farbton, der sich m\u00fchelos in eine gr\u00fcne Gartenumgebung oder auf eine attraktive Terrasse einf\u00fcgt. Das Wasser sammelt sich auf beruhigende Weise in den Palmen, was nicht nur Sicherheit symbolisiert, sondern auch ein entspannendes und subtiles Pl\u00e4tschern in Ihrem Garten verbreitet. Machen wir es uns gem\u00fctlich! Wasserornamente geh\u00f6ren seit vielen Jahren zu unseren absoluten Spezialit\u00e4ten. Sie sind daher herzlich eingeladen, unseren Ausstellungsraum zu besuchen, um dieses symbolische Prunkst\u00fcck und den Rest unseres breiten Sortiments selbst zu erleben. Setzen Sie sich bitte im Voraus mit uns in Verbindung, um zu erfahren, ob dieses bestimmte Modell derzeit auf Lager ist, damit wir Entt\u00e4uschungen bei Ihrem Besuch vermeiden k\u00f6nnen.<\/p>\n","protected":false},"excerpt":{"rendered":"<p>Bringen Sie eine symbolische und beruhigende Atmosph\u00e4re in Ihren Garten mit diesem ungew\u00f6hnlichen Wasserornament aus Beton in Form von zwei gefalteten H\u00e4nden. Mit einer Breite von 54 Zentimetern und einer H\u00f6he von 33 Zentimetern wiegt dieses robuste und doch elegante Prunkst\u00fcck 80 Kilo und passt dank seiner nat\u00fcrlichen Oberfl\u00e4che perfekt in jeden Au\u00dfenbereich. Das Wasser sammelt sich anmutig in den H\u00e4nden und sorgt f\u00fcr einen entspannenden und stimmungsvollen Effekt auf Ihrer Terrasse oder im Garten.<\/p>\n","protected":false},"featured_media":211332,"template":"","meta":{"_acf_changed":false,"_genesis_title":"","_genesis_description":""},"product_brand":[7505],"product_cat":[584,539,551,536],"product_tag":[],"class_list":{"0":"post-212107","1":"product","2":"type-product","3":"status-publish","4":"has-post-thumbnail","6":"product_brand-sonstige","7":"product_cat-brunnen-aus-beton","8":"product_cat-einzigartige-eigene-modelle-von-losen-wasserspiele","9":"product_cat-lose-wasserspiele","10":"product_cat-wassereigenschaften","12":"first","13":"instock","14":"taxable","15":"shipping-taxable","16":"purchasable","17":"product-type-simple"},"acf":[],"meta_all":{"cor_restricted_countries":[],"total_sales":"0"},"meta_all_flat":{"total_sales":"0"},"yoast_head":"<!-- This site is optimized with the Yoast SEO Premium plugin v26.2 (Yoast SEO v27.2) - https:\/\/yoast.com\/product\/yoast-seo-premium-wordpress\/ -->\n<title>Sonstige Wasser-Ornament Gebende H\u00e4nde 54cm - Eliassen.nl<\/title>\n<meta name=\"description\" content=\"Schaffen Sie eine beruhigende Atmosph\u00e4re in Ihrem Garten mit dem Beton-Wasserornament Folded Hands (54x33cm, 80kg). Ein einzigartiges und symboltr\u00e4chtiges Prunkst\u00fcck.\" \/>\n<meta name=\"robots\" content=\"index, follow, max-snippet:-1, max-image-preview:large, max-video-preview:-1\" \/>\n<link rel=\"canonical\" href=\"https:\/\/www.eliassen.nl\/de\/wasser-ornament-gebende-haende-54cm\/\" \/>\n<meta property=\"og:locale\" content=\"de_DE\" \/>\n<meta property=\"og:type\" content=\"article\" \/>\n<meta property=\"og:title\" content=\"Sonstige Wasser-Ornament Gebende H\u00e4nde 54cm - Eliassen.nl\" \/>\n<meta property=\"og:description\" content=\"Schaffen Sie eine beruhigende Atmosph\u00e4re in Ihrem Garten mit dem Beton-Wasserornament Folded Hands (54x33cm, 80kg). Ein einzigartiges und symboltr\u00e4chtiges Prunkst\u00fcck.\" \/>\n<meta property=\"og:url\" content=\"https:\/\/www.eliassen.nl\/de\/wasser-ornament-gebende-haende-54cm\/\" \/>\n<meta property=\"og:site_name\" content=\"Eliassen.nl\" \/>\n<meta property=\"article:publisher\" content=\"https:\/\/www.facebook.com\/TuincentrumEliassenAmmerzoden\" \/>\n<meta property=\"og:image\" content=\"https:\/\/www.eliassen.nl\/wp-content\/uploads\/2026\/04\/pro-9CLLmvbR.jpeg\" \/>\n\t<meta property=\"og:image:width\" content=\"2160\" \/>\n\t<meta property=\"og:image:height\" content=\"1761\" \/>\n\t<meta property=\"og:image:type\" content=\"image\/jpeg\" \/>\n<meta name=\"twitter:card\" content=\"summary_large_image\" \/>\n<script type=\"application\/ld+json\" class=\"yoast-schema-graph\">{\"@context\":\"https:\/\/schema.org\",\"@graph\":[{\"@type\":\"WebPage\",\"@id\":\"https:\/\/www.eliassen.nl\/de\/wasser-ornament-gebende-haende-54cm\/\",\"url\":\"https:\/\/www.eliassen.nl\/de\/wasser-ornament-gebende-haende-54cm\/\",\"name\":\"Sonstige Wasser-Ornament Gebende H\u00e4nde 54cm - Eliassen.nl\",\"isPartOf\":{\"@id\":\"https:\/\/www.eliassen.nl\/de\/#website\"},\"primaryImageOfPage\":{\"@id\":\"https:\/\/www.eliassen.nl\/de\/wasser-ornament-gebende-haende-54cm\/#primaryimage\"},\"image\":{\"@id\":\"https:\/\/www.eliassen.nl\/de\/wasser-ornament-gebende-haende-54cm\/#primaryimage\"},\"thumbnailUrl\":\"https:\/\/www.eliassen.nl\/wp-content\/uploads\/2026\/04\/pro-9CLLmvbR.jpeg\",\"datePublished\":\"2026-04-17T14:12:53+00:00\",\"description\":\"Schaffen Sie eine beruhigende Atmosph\u00e4re in Ihrem Garten mit dem Beton-Wasserornament Folded Hands (54x33cm, 80kg). Ein einzigartiges und symboltr\u00e4chtiges Prunkst\u00fcck.\",\"breadcrumb\":{\"@id\":\"https:\/\/www.eliassen.nl\/de\/wasser-ornament-gebende-haende-54cm\/#breadcrumb\"},\"inLanguage\":\"de\",\"potentialAction\":[{\"@type\":\"ReadAction\",\"target\":[\"https:\/\/www.eliassen.nl\/de\/wasser-ornament-gebende-haende-54cm\/\"]}]},{\"@type\":\"ImageObject\",\"inLanguage\":\"de\",\"@id\":\"https:\/\/www.eliassen.nl\/de\/wasser-ornament-gebende-haende-54cm\/#primaryimage\",\"url\":\"https:\/\/www.eliassen.nl\/wp-content\/uploads\/2026\/04\/pro-9CLLmvbR.jpeg\",\"contentUrl\":\"https:\/\/www.eliassen.nl\/wp-content\/uploads\/2026\/04\/pro-9CLLmvbR.jpeg\",\"width\":2160,\"height\":1761,\"caption\":\"Wasser Ornament gefaltete H\u00e4nde Beton - Eliassen.de\"},{\"@type\":\"BreadcrumbList\",\"@id\":\"https:\/\/www.eliassen.nl\/de\/wasser-ornament-gebende-haende-54cm\/#breadcrumb\",\"itemListElement\":[{\"@type\":\"ListItem\",\"position\":1,\"name\":\"Home\",\"item\":\"https:\/\/www.eliassen.nl\/de\/\"},{\"@type\":\"ListItem\",\"position\":2,\"name\":\"Shop\",\"item\":\"https:\/\/www.eliassen.nl\/de\/shop\/\"},{\"@type\":\"ListItem\",\"position\":3,\"name\":\"Wasserspiele\",\"item\":\"https:\/\/www.eliassen.nl\/de\/wassereigenschaften\/\"},{\"@type\":\"ListItem\",\"position\":4,\"name\":\"Brunnen aus Beton\",\"item\":\"https:\/\/www.eliassen.nl\/de\/wassereigenschaften\/brunnen-aus-beton\/\"},{\"@type\":\"ListItem\",\"position\":5,\"name\":\"Wasser-Ornament Gebende H\u00e4nde 54cm\"}]},{\"@type\":\"WebSite\",\"@id\":\"https:\/\/www.eliassen.nl\/de\/#website\",\"url\":\"https:\/\/www.eliassen.nl\/de\/\",\"name\":\"Eliassen Home & Garden Pleasure\",\"description\":\"\",\"publisher\":{\"@id\":\"https:\/\/www.eliassen.nl\/de\/#organization\"},\"alternateName\":\"Eliassen.nl\",\"potentialAction\":[{\"@type\":\"SearchAction\",\"target\":{\"@type\":\"EntryPoint\",\"urlTemplate\":\"https:\/\/www.eliassen.nl\/de\/?s={search_term_string}\"},\"query-input\":{\"@type\":\"PropertyValueSpecification\",\"valueRequired\":true,\"valueName\":\"search_term_string\"}}],\"inLanguage\":\"de\"},{\"@type\":[\"Organization\",\"Place\"],\"@id\":\"https:\/\/www.eliassen.nl\/de\/#organization\",\"name\":\"Eliassen Home & Garden Pleasure\",\"url\":\"https:\/\/www.eliassen.nl\/de\/\",\"logo\":{\"@id\":\"https:\/\/www.eliassen.nl\/de\/wasser-ornament-gebende-haende-54cm\/#local-main-organization-logo\"},\"image\":{\"@id\":\"https:\/\/www.eliassen.nl\/de\/wasser-ornament-gebende-haende-54cm\/#local-main-organization-logo\"},\"sameAs\":[\"https:\/\/www.facebook.com\/TuincentrumEliassenAmmerzoden\",\"https:\/\/www.instagram.com\/eliassenhomeandgarden\/\",\"https:\/\/nl.pinterest.com\/eliassenhomeandgarden\/\",\"https:\/\/www.youtube.com\/@eliassenhomegardenpleasure4558\"],\"telephone\":[],\"openingHoursSpecification\":[{\"@type\":\"OpeningHoursSpecification\",\"dayOfWeek\":[\"Monday\",\"Tuesday\",\"Wednesday\",\"Thursday\",\"Friday\",\"Saturday\",\"Sunday\"],\"opens\":\"09:00\",\"closes\":\"17:00\"}]},{\"@type\":\"ImageObject\",\"inLanguage\":\"de\",\"@id\":\"https:\/\/www.eliassen.nl\/de\/wasser-ornament-gebende-haende-54cm\/#local-main-organization-logo\",\"url\":\"https:\/\/www.eliassen.nl\/wp-content\/uploads\/2024\/01\/logo_4nd.jpg\",\"contentUrl\":\"https:\/\/www.eliassen.nl\/wp-content\/uploads\/2024\/01\/logo_4nd.jpg\",\"width\":500,\"height\":500,\"caption\":\"Eliassen Home & Garden Pleasure\"}]}<\/script>\n<meta property=\"product:price:amount\" content=\"330.00\" \/>\n<meta property=\"product:price:currency\" content=\"EUR\" \/>\n<meta property=\"og:availability\" content=\"instock\" \/>\n<meta property=\"product:availability\" content=\"instock\" \/>\n<meta property=\"product:retailer_item_id\" content=\"c5711\" \/>\n<meta property=\"product:condition\" content=\"new\" \/>\n<!-- \/ Yoast SEO Premium plugin. -->","yoast_head_json":{"title":"Sonstige Wasser-Ornament Gebende H\u00e4nde 54cm - Eliassen.nl","description":"Schaffen Sie eine beruhigende Atmosph\u00e4re in Ihrem Garten mit dem Beton-Wasserornament Folded Hands (54x33cm, 80kg). Ein einzigartiges und symboltr\u00e4chtiges Prunkst\u00fcck.","robots":{"index":"index","follow":"follow","max-snippet":"max-snippet:-1","max-image-preview":"max-image-preview:large","max-video-preview":"max-video-preview:-1"},"canonical":"https:\/\/www.eliassen.nl\/de\/wasser-ornament-gebende-haende-54cm\/","og_locale":"de_DE","og_type":"article","og_title":"Sonstige Wasser-Ornament Gebende H\u00e4nde 54cm - Eliassen.nl","og_description":"Schaffen Sie eine beruhigende Atmosph\u00e4re in Ihrem Garten mit dem Beton-Wasserornament Folded Hands (54x33cm, 80kg). Ein einzigartiges und symboltr\u00e4chtiges Prunkst\u00fcck.","og_url":"https:\/\/www.eliassen.nl\/de\/wasser-ornament-gebende-haende-54cm\/","og_site_name":"Eliassen.nl","article_publisher":"https:\/\/www.facebook.com\/TuincentrumEliassenAmmerzoden","og_image":[{"width":2160,"height":1761,"url":"https:\/\/www.eliassen.nl\/wp-content\/uploads\/2026\/04\/pro-9CLLmvbR.jpeg","type":"image\/jpeg"}],"twitter_card":"summary_large_image","schema":{"@context":"https:\/\/schema.org","@graph":[{"@type":"WebPage","@id":"https:\/\/www.eliassen.nl\/de\/wasser-ornament-gebende-haende-54cm\/","url":"https:\/\/www.eliassen.nl\/de\/wasser-ornament-gebende-haende-54cm\/","name":"Sonstige Wasser-Ornament Gebende H\u00e4nde 54cm - Eliassen.nl","isPartOf":{"@id":"https:\/\/www.eliassen.nl\/de\/#website"},"primaryImageOfPage":{"@id":"https:\/\/www.eliassen.nl\/de\/wasser-ornament-gebende-haende-54cm\/#primaryimage"},"image":{"@id":"https:\/\/www.eliassen.nl\/de\/wasser-ornament-gebende-haende-54cm\/#primaryimage"},"thumbnailUrl":"https:\/\/www.eliassen.nl\/wp-content\/uploads\/2026\/04\/pro-9CLLmvbR.jpeg","datePublished":"2026-04-17T14:12:53+00:00","description":"Schaffen Sie eine beruhigende Atmosph\u00e4re in Ihrem Garten mit dem Beton-Wasserornament Folded Hands (54x33cm, 80kg). Ein einzigartiges und symboltr\u00e4chtiges Prunkst\u00fcck.","breadcrumb":{"@id":"https:\/\/www.eliassen.nl\/de\/wasser-ornament-gebende-haende-54cm\/#breadcrumb"},"inLanguage":"de","potentialAction":[{"@type":"ReadAction","target":["https:\/\/www.eliassen.nl\/de\/wasser-ornament-gebende-haende-54cm\/"]}]},{"@type":"ImageObject","inLanguage":"de","@id":"https:\/\/www.eliassen.nl\/de\/wasser-ornament-gebende-haende-54cm\/#primaryimage","url":"https:\/\/www.eliassen.nl\/wp-content\/uploads\/2026\/04\/pro-9CLLmvbR.jpeg","contentUrl":"https:\/\/www.eliassen.nl\/wp-content\/uploads\/2026\/04\/pro-9CLLmvbR.jpeg","width":2160,"height":1761,"caption":"Wasser Ornament gefaltete H\u00e4nde Beton - Eliassen.de"},{"@type":"BreadcrumbList","@id":"https:\/\/www.eliassen.nl\/de\/wasser-ornament-gebende-haende-54cm\/#breadcrumb","itemListElement":[{"@type":"ListItem","position":1,"name":"Home","item":"https:\/\/www.eliassen.nl\/de\/"},{"@type":"ListItem","position":2,"name":"Shop","item":"https:\/\/www.eliassen.nl\/de\/shop\/"},{"@type":"ListItem","position":3,"name":"Wasserspiele","item":"https:\/\/www.eliassen.nl\/de\/wassereigenschaften\/"},{"@type":"ListItem","position":4,"name":"Brunnen aus Beton","item":"https:\/\/www.eliassen.nl\/de\/wassereigenschaften\/brunnen-aus-beton\/"},{"@type":"ListItem","position":5,"name":"Wasser-Ornament Gebende H\u00e4nde 54cm"}]},{"@type":"WebSite","@id":"https:\/\/www.eliassen.nl\/de\/#website","url":"https:\/\/www.eliassen.nl\/de\/","name":"Eliassen Home & Garden Pleasure","description":"","publisher":{"@id":"https:\/\/www.eliassen.nl\/de\/#organization"},"alternateName":"Eliassen.nl","potentialAction":[{"@type":"SearchAction","target":{"@type":"EntryPoint","urlTemplate":"https:\/\/www.eliassen.nl\/de\/?s={search_term_string}"},"query-input":{"@type":"PropertyValueSpecification","valueRequired":true,"valueName":"search_term_string"}}],"inLanguage":"de"},{"@type":["Organization","Place"],"@id":"https:\/\/www.eliassen.nl\/de\/#organization","name":"Eliassen Home & Garden Pleasure","url":"https:\/\/www.eliassen.nl\/de\/","logo":{"@id":"https:\/\/www.eliassen.nl\/de\/wasser-ornament-gebende-haende-54cm\/#local-main-organization-logo"},"image":{"@id":"https:\/\/www.eliassen.nl\/de\/wasser-ornament-gebende-haende-54cm\/#local-main-organization-logo"},"sameAs":["https:\/\/www.facebook.com\/TuincentrumEliassenAmmerzoden","https:\/\/www.instagram.com\/eliassenhomeandgarden\/","https:\/\/nl.pinterest.com\/eliassenhomeandgarden\/","https:\/\/www.youtube.com\/@eliassenhomegardenpleasure4558"],"telephone":[],"openingHoursSpecification":[{"@type":"OpeningHoursSpecification","dayOfWeek":["Monday","Tuesday","Wednesday","Thursday","Friday","Saturday","Sunday"],"opens":"09:00","closes":"17:00"}]},{"@type":"ImageObject","inLanguage":"de","@id":"https:\/\/www.eliassen.nl\/de\/wasser-ornament-gebende-haende-54cm\/#local-main-organization-logo","url":"https:\/\/www.eliassen.nl\/wp-content\/uploads\/2024\/01\/logo_4nd.jpg","contentUrl":"https:\/\/www.eliassen.nl\/wp-content\/uploads\/2024\/01\/logo_4nd.jpg","width":500,"height":500,"caption":"Eliassen Home & Garden Pleasure"}]},"product_price_amount":"330.00","product_price_currency":"EUR","og_availability":"instock","product_availability":"instock","product_retailer_item_id":"c5711","product_condition":"new"},"df_price":330,"df_sale_price":"","df_regular_price":330,"df_image_link":"https:\/\/www.eliassen.nl\/wp-content\/uploads\/2026\/04\/pro-9CLLmvbR-300x245.jpeg","image":"https:\/\/www.eliassen.nl\/wp-content\/uploads\/2026\/04\/pro-9CLLmvbR-150x150.jpeg","price_search":"<span class=\"woocommerce-Price-amount amount\"><bdi><span class=\"woocommerce-Price-currencySymbol\">&euro;<\/span>&nbsp;330,00<\/bdi><\/span>","category":"Brunnen aus Beton","global_unique_id":"6096525833807","_links":{"self":[{"href":"https:\/\/www.eliassen.nl\/de\/wp-json\/wp\/v2\/product\/212107","targetHints":{"allow":["GET"]}}],"collection":[{"href":"https:\/\/www.eliassen.nl\/de\/wp-json\/wp\/v2\/product"}],"about":[{"href":"https:\/\/www.eliassen.nl\/de\/wp-json\/wp\/v2\/types\/product"}],"wp:featuredmedia":[{"embeddable":true,"href":"https:\/\/www.eliassen.nl\/de\/wp-json\/wp\/v2\/media\/211332"}],"wp:attachment":[{"href":"https:\/\/www.eliassen.nl\/de\/wp-json\/wp\/v2\/media?parent=212107"}],"wp:term":[{"taxonomy":"product_brand","embeddable":true,"href":"https:\/\/www.eliassen.nl\/de\/wp-json\/wp\/v2\/product_brand?post=212107"},{"taxonomy":"product_cat","embeddable":true,"href":"https:\/\/www.eliassen.nl\/de\/wp-json\/wp\/v2\/product_cat?post=212107"},{"taxonomy":"product_tag","embeddable":true,"href":"https:\/\/www.eliassen.nl\/de\/wp-json\/wp\/v2\/product_tag?post=212107"}],"curies":[{"name":"wp","href":"https:\/\/api.w.org\/{rel}","templated":true}]}}