{"id":212092,"date":"2026-04-17T15:37:29","date_gmt":"2026-04-17T13:37:29","guid":{"rendered":"https:\/\/www.eliassen.nl\/product\/wasserkugel-rustikal-50cm\/"},"modified":"2026-04-17T15:37:29","modified_gmt":"2026-04-17T13:37:29","slug":"wasserkugel-rustikal-50cm","status":"publish","type":"product","link":"https:\/\/www.eliassen.nl\/de\/product\/wasserkugel-rustikal-50cm\/","title":{"rendered":"Wasserkugel rustikal 50cm"},"content":{"rendered":"<p>Wenn Sie auf der Suche nach einem eindrucksvollen und stimmungsvollen Element f\u00fcr Ihren Garten sind, ist dieses robuste Wasserornament in Form einer gro\u00dfen Wasserkugel eine ausgezeichnete Wahl. Mit einem beeindruckenden Durchmesser von 50 Zentimetern und einem Gewicht von etwa 25 Kilo holen Sie sich ein massives und langlebiges Prunkst\u00fcck nach Hause, das sofort die Aufmerksamkeit auf sich zieht. Das Ornament ist aus hochwertigem Beton gefertigt und hat ein wundersch\u00f6nes rustikales Finish. Wie die Textur zeigt, hat er einen authentischen und nat\u00fcrlichen Charakter, der ihn sowohl in moderne als auch in ruhige, klassische Au\u00dfenbereiche nahtlos einf\u00fcgt. Das Wasser flie\u00dft auf beruhigende Weise von oben \u00fcber die kugelf\u00f6rmige Struktur und schafft ein entspannendes Ambiente. Dieses besondere Modell ist optional in zwei stilvollen Farben erh\u00e4ltlich: in einem warmen Rostton und einem k\u00fchlen Schwarzton. Machen wir es uns gem\u00fctlich! Wasserornamente sind seit vielen Jahren eine unserer gro\u00dfen Spezialit\u00e4ten. Wir laden Sie daher herzlich in unseren Ausstellungsraum ein, um dieses Wasserornament und unser breites Sortiment mit eigenen Augen zu sehen. Bitte setzen Sie sich vorab mit uns in Verbindung, um zu pr\u00fcfen, ob dieses bestimmte Modell vorr\u00e4tig ist, damit wir Entt\u00e4uschungen im Gesch\u00e4ft vermeiden k\u00f6nnen.<\/p>\n","protected":false},"excerpt":{"rendered":"<p>Dieses robuste Wasserornament aus Beton in Form einer Kugel mit einem gro\u00dfz\u00fcgigen Durchmesser von 100 Zentimetern bringt sofort eine rustikale Atmosph\u00e4re in Ihren Garten. Das Prunkst\u00fcck wiegt etwa 25 Kilo und ist in einer warmen Rostfarbe oder einer modernen schwarzen Version erh\u00e4ltlich. Mit ihrem authentischen Design und dem beruhigenden Klang des pl\u00e4tschernden Wassers ist diese Wasserkugel eine perfekte, stimmungsvolle Erg\u00e4nzung f\u00fcr jeden Au\u00dfenbereich.<\/p>\n","protected":false},"featured_media":210602,"template":"","meta":{"_acf_changed":false,"_genesis_title":"","_genesis_description":""},"product_brand":[7505],"product_cat":[569,536],"product_tag":[],"class_list":{"0":"post-212092","1":"product","2":"type-product","3":"status-publish","4":"has-post-thumbnail","6":"product_brand-sonstige","7":"product_cat-wasserbaelle","8":"product_cat-wassereigenschaften","10":"first","11":"instock","12":"taxable","13":"shipping-taxable","14":"purchasable","15":"product-type-simple"},"acf":[],"meta_all":{"cor_restricted_countries":[],"total_sales":"0"},"meta_all_flat":{"total_sales":"0"},"yoast_head":"<!-- This site is optimized with the Yoast SEO Premium plugin v26.2 (Yoast SEO v27.2) - https:\/\/yoast.com\/product\/yoast-seo-premium-wordpress\/ -->\n<title>Sonstige Wasserkugel rustikal 50cm - Eliassen.nl<\/title>\n<meta name=\"description\" content=\"Holen Sie sich einen robusten Stimmungsmacher in Ihren Garten mit diesem Beton-Wasserornament Wasserkugel rustikal (50cm, ca. 25kg). Erh\u00e4ltlich in Rostfarbe und Schwarz.\" \/>\n<meta name=\"robots\" content=\"index, follow, max-snippet:-1, max-image-preview:large, max-video-preview:-1\" \/>\n<link rel=\"canonical\" href=\"https:\/\/www.eliassen.nl\/de\/product\/wasserkugel-rustikal-50cm\/\" \/>\n<meta property=\"og:locale\" content=\"de_DE\" \/>\n<meta property=\"og:type\" content=\"article\" \/>\n<meta property=\"og:title\" content=\"Sonstige Wasserkugel rustikal 50cm - Eliassen.nl\" \/>\n<meta property=\"og:description\" content=\"Holen Sie sich einen robusten Stimmungsmacher in Ihren Garten mit diesem Beton-Wasserornament Wasserkugel rustikal (50cm, ca. 25kg). Erh\u00e4ltlich in Rostfarbe und Schwarz.\" \/>\n<meta property=\"og:url\" content=\"https:\/\/www.eliassen.nl\/de\/product\/wasserkugel-rustikal-50cm\/\" \/>\n<meta property=\"og:site_name\" content=\"Eliassen.nl\" \/>\n<meta property=\"article:publisher\" content=\"https:\/\/www.facebook.com\/TuincentrumEliassenAmmerzoden\" \/>\n<meta property=\"og:image\" content=\"https:\/\/www.eliassen.nl\/wp-content\/uploads\/2026\/03\/waterbal-rustiek-Eliassen.nl-brbaf50.jpg\" \/>\n\t<meta property=\"og:image:width\" content=\"899\" \/>\n\t<meta property=\"og:image:height\" content=\"1599\" \/>\n\t<meta property=\"og:image:type\" content=\"image\/jpeg\" \/>\n<meta name=\"twitter:card\" content=\"summary_large_image\" \/>\n<script type=\"application\/ld+json\" class=\"yoast-schema-graph\">{\"@context\":\"https:\/\/schema.org\",\"@graph\":[{\"@type\":\"WebPage\",\"@id\":\"https:\/\/www.eliassen.nl\/de\/product\/wasserkugel-rustikal-50cm\/\",\"url\":\"https:\/\/www.eliassen.nl\/de\/product\/wasserkugel-rustikal-50cm\/\",\"name\":\"Sonstige Wasserkugel rustikal 50cm - Eliassen.nl\",\"isPartOf\":{\"@id\":\"https:\/\/www.eliassen.nl\/de\/#website\"},\"primaryImageOfPage\":{\"@id\":\"https:\/\/www.eliassen.nl\/de\/product\/wasserkugel-rustikal-50cm\/#primaryimage\"},\"image\":{\"@id\":\"https:\/\/www.eliassen.nl\/de\/product\/wasserkugel-rustikal-50cm\/#primaryimage\"},\"thumbnailUrl\":\"https:\/\/www.eliassen.nl\/wp-content\/uploads\/2026\/03\/waterbal-rustiek-Eliassen.nl-brbaf50.jpg\",\"datePublished\":\"2026-04-17T13:37:29+00:00\",\"description\":\"Holen Sie sich einen robusten Stimmungsmacher in Ihren Garten mit diesem Beton-Wasserornament Wasserkugel rustikal (50cm, ca. 25kg). Erh\u00e4ltlich in Rostfarbe und Schwarz.\",\"breadcrumb\":{\"@id\":\"https:\/\/www.eliassen.nl\/de\/product\/wasserkugel-rustikal-50cm\/#breadcrumb\"},\"inLanguage\":\"de\",\"potentialAction\":[{\"@type\":\"ReadAction\",\"target\":[\"https:\/\/www.eliassen.nl\/de\/product\/wasserkugel-rustikal-50cm\/\"]}]},{\"@type\":\"ImageObject\",\"inLanguage\":\"de\",\"@id\":\"https:\/\/www.eliassen.nl\/de\/product\/wasserkugel-rustikal-50cm\/#primaryimage\",\"url\":\"https:\/\/www.eliassen.nl\/wp-content\/uploads\/2026\/03\/waterbal-rustiek-Eliassen.nl-brbaf50.jpg\",\"contentUrl\":\"https:\/\/www.eliassen.nl\/wp-content\/uploads\/2026\/03\/waterbal-rustiek-Eliassen.nl-brbaf50.jpg\",\"width\":899,\"height\":1599,\"caption\":\"Wasserdekoration Wasserkugel rustikaler Beton 100cm - Eliassen.nl\"},{\"@type\":\"BreadcrumbList\",\"@id\":\"https:\/\/www.eliassen.nl\/de\/product\/wasserkugel-rustikal-50cm\/#breadcrumb\",\"itemListElement\":[{\"@type\":\"ListItem\",\"position\":1,\"name\":\"Home\",\"item\":\"https:\/\/www.eliassen.nl\/de\/\"},{\"@type\":\"ListItem\",\"position\":2,\"name\":\"Shop\",\"item\":\"https:\/\/www.eliassen.nl\/de\/shop\/\"},{\"@type\":\"ListItem\",\"position\":3,\"name\":\"Wasserspiele\",\"item\":\"https:\/\/www.eliassen.nl\/de\/wassereigenschaften\/\"},{\"@type\":\"ListItem\",\"position\":4,\"name\":\"Wasserkugel rustikal 50cm\"}]},{\"@type\":\"WebSite\",\"@id\":\"https:\/\/www.eliassen.nl\/de\/#website\",\"url\":\"https:\/\/www.eliassen.nl\/de\/\",\"name\":\"Eliassen Home & Garden Pleasure\",\"description\":\"\",\"publisher\":{\"@id\":\"https:\/\/www.eliassen.nl\/de\/#organization\"},\"alternateName\":\"Eliassen.nl\",\"potentialAction\":[{\"@type\":\"SearchAction\",\"target\":{\"@type\":\"EntryPoint\",\"urlTemplate\":\"https:\/\/www.eliassen.nl\/de\/?s={search_term_string}\"},\"query-input\":{\"@type\":\"PropertyValueSpecification\",\"valueRequired\":true,\"valueName\":\"search_term_string\"}}],\"inLanguage\":\"de\"},{\"@type\":[\"Organization\",\"Place\"],\"@id\":\"https:\/\/www.eliassen.nl\/de\/#organization\",\"name\":\"Eliassen Home & Garden Pleasure\",\"url\":\"https:\/\/www.eliassen.nl\/de\/\",\"logo\":{\"@id\":\"https:\/\/www.eliassen.nl\/de\/product\/wasserkugel-rustikal-50cm\/#local-main-organization-logo\"},\"image\":{\"@id\":\"https:\/\/www.eliassen.nl\/de\/product\/wasserkugel-rustikal-50cm\/#local-main-organization-logo\"},\"sameAs\":[\"https:\/\/www.facebook.com\/TuincentrumEliassenAmmerzoden\",\"https:\/\/www.instagram.com\/eliassenhomeandgarden\/\",\"https:\/\/nl.pinterest.com\/eliassenhomeandgarden\/\",\"https:\/\/www.youtube.com\/@eliassenhomegardenpleasure4558\"],\"telephone\":[],\"openingHoursSpecification\":[{\"@type\":\"OpeningHoursSpecification\",\"dayOfWeek\":[\"Monday\",\"Tuesday\",\"Wednesday\",\"Thursday\",\"Friday\",\"Saturday\",\"Sunday\"],\"opens\":\"09:00\",\"closes\":\"17:00\"}]},{\"@type\":\"ImageObject\",\"inLanguage\":\"de\",\"@id\":\"https:\/\/www.eliassen.nl\/de\/product\/wasserkugel-rustikal-50cm\/#local-main-organization-logo\",\"url\":\"https:\/\/www.eliassen.nl\/wp-content\/uploads\/2024\/01\/logo_4nd.jpg\",\"contentUrl\":\"https:\/\/www.eliassen.nl\/wp-content\/uploads\/2024\/01\/logo_4nd.jpg\",\"width\":500,\"height\":500,\"caption\":\"Eliassen Home & Garden Pleasure\"}]}<\/script>\n<meta property=\"product:price:amount\" content=\"199.00\" \/>\n<meta property=\"product:price:currency\" content=\"EUR\" \/>\n<meta property=\"og:availability\" content=\"instock\" \/>\n<meta property=\"product:availability\" content=\"instock\" \/>\n<meta property=\"product:retailer_item_id\" content=\"brbaf50\" \/>\n<meta property=\"product:condition\" content=\"new\" \/>\n<!-- \/ Yoast SEO Premium plugin. -->","yoast_head_json":{"title":"Sonstige Wasserkugel rustikal 50cm - Eliassen.nl","description":"Holen Sie sich einen robusten Stimmungsmacher in Ihren Garten mit diesem Beton-Wasserornament Wasserkugel rustikal (50cm, ca. 25kg). Erh\u00e4ltlich in Rostfarbe und Schwarz.","robots":{"index":"index","follow":"follow","max-snippet":"max-snippet:-1","max-image-preview":"max-image-preview:large","max-video-preview":"max-video-preview:-1"},"canonical":"https:\/\/www.eliassen.nl\/de\/product\/wasserkugel-rustikal-50cm\/","og_locale":"de_DE","og_type":"article","og_title":"Sonstige Wasserkugel rustikal 50cm - Eliassen.nl","og_description":"Holen Sie sich einen robusten Stimmungsmacher in Ihren Garten mit diesem Beton-Wasserornament Wasserkugel rustikal (50cm, ca. 25kg). Erh\u00e4ltlich in Rostfarbe und Schwarz.","og_url":"https:\/\/www.eliassen.nl\/de\/product\/wasserkugel-rustikal-50cm\/","og_site_name":"Eliassen.nl","article_publisher":"https:\/\/www.facebook.com\/TuincentrumEliassenAmmerzoden","og_image":[{"width":899,"height":1599,"url":"https:\/\/www.eliassen.nl\/wp-content\/uploads\/2026\/03\/waterbal-rustiek-Eliassen.nl-brbaf50.jpg","type":"image\/jpeg"}],"twitter_card":"summary_large_image","schema":{"@context":"https:\/\/schema.org","@graph":[{"@type":"WebPage","@id":"https:\/\/www.eliassen.nl\/de\/product\/wasserkugel-rustikal-50cm\/","url":"https:\/\/www.eliassen.nl\/de\/product\/wasserkugel-rustikal-50cm\/","name":"Sonstige Wasserkugel rustikal 50cm - Eliassen.nl","isPartOf":{"@id":"https:\/\/www.eliassen.nl\/de\/#website"},"primaryImageOfPage":{"@id":"https:\/\/www.eliassen.nl\/de\/product\/wasserkugel-rustikal-50cm\/#primaryimage"},"image":{"@id":"https:\/\/www.eliassen.nl\/de\/product\/wasserkugel-rustikal-50cm\/#primaryimage"},"thumbnailUrl":"https:\/\/www.eliassen.nl\/wp-content\/uploads\/2026\/03\/waterbal-rustiek-Eliassen.nl-brbaf50.jpg","datePublished":"2026-04-17T13:37:29+00:00","description":"Holen Sie sich einen robusten Stimmungsmacher in Ihren Garten mit diesem Beton-Wasserornament Wasserkugel rustikal (50cm, ca. 25kg). Erh\u00e4ltlich in Rostfarbe und Schwarz.","breadcrumb":{"@id":"https:\/\/www.eliassen.nl\/de\/product\/wasserkugel-rustikal-50cm\/#breadcrumb"},"inLanguage":"de","potentialAction":[{"@type":"ReadAction","target":["https:\/\/www.eliassen.nl\/de\/product\/wasserkugel-rustikal-50cm\/"]}]},{"@type":"ImageObject","inLanguage":"de","@id":"https:\/\/www.eliassen.nl\/de\/product\/wasserkugel-rustikal-50cm\/#primaryimage","url":"https:\/\/www.eliassen.nl\/wp-content\/uploads\/2026\/03\/waterbal-rustiek-Eliassen.nl-brbaf50.jpg","contentUrl":"https:\/\/www.eliassen.nl\/wp-content\/uploads\/2026\/03\/waterbal-rustiek-Eliassen.nl-brbaf50.jpg","width":899,"height":1599,"caption":"Wasserdekoration Wasserkugel rustikaler Beton 100cm - Eliassen.nl"},{"@type":"BreadcrumbList","@id":"https:\/\/www.eliassen.nl\/de\/product\/wasserkugel-rustikal-50cm\/#breadcrumb","itemListElement":[{"@type":"ListItem","position":1,"name":"Home","item":"https:\/\/www.eliassen.nl\/de\/"},{"@type":"ListItem","position":2,"name":"Shop","item":"https:\/\/www.eliassen.nl\/de\/shop\/"},{"@type":"ListItem","position":3,"name":"Wasserspiele","item":"https:\/\/www.eliassen.nl\/de\/wassereigenschaften\/"},{"@type":"ListItem","position":4,"name":"Wasserkugel rustikal 50cm"}]},{"@type":"WebSite","@id":"https:\/\/www.eliassen.nl\/de\/#website","url":"https:\/\/www.eliassen.nl\/de\/","name":"Eliassen Home & Garden Pleasure","description":"","publisher":{"@id":"https:\/\/www.eliassen.nl\/de\/#organization"},"alternateName":"Eliassen.nl","potentialAction":[{"@type":"SearchAction","target":{"@type":"EntryPoint","urlTemplate":"https:\/\/www.eliassen.nl\/de\/?s={search_term_string}"},"query-input":{"@type":"PropertyValueSpecification","valueRequired":true,"valueName":"search_term_string"}}],"inLanguage":"de"},{"@type":["Organization","Place"],"@id":"https:\/\/www.eliassen.nl\/de\/#organization","name":"Eliassen Home & Garden Pleasure","url":"https:\/\/www.eliassen.nl\/de\/","logo":{"@id":"https:\/\/www.eliassen.nl\/de\/product\/wasserkugel-rustikal-50cm\/#local-main-organization-logo"},"image":{"@id":"https:\/\/www.eliassen.nl\/de\/product\/wasserkugel-rustikal-50cm\/#local-main-organization-logo"},"sameAs":["https:\/\/www.facebook.com\/TuincentrumEliassenAmmerzoden","https:\/\/www.instagram.com\/eliassenhomeandgarden\/","https:\/\/nl.pinterest.com\/eliassenhomeandgarden\/","https:\/\/www.youtube.com\/@eliassenhomegardenpleasure4558"],"telephone":[],"openingHoursSpecification":[{"@type":"OpeningHoursSpecification","dayOfWeek":["Monday","Tuesday","Wednesday","Thursday","Friday","Saturday","Sunday"],"opens":"09:00","closes":"17:00"}]},{"@type":"ImageObject","inLanguage":"de","@id":"https:\/\/www.eliassen.nl\/de\/product\/wasserkugel-rustikal-50cm\/#local-main-organization-logo","url":"https:\/\/www.eliassen.nl\/wp-content\/uploads\/2024\/01\/logo_4nd.jpg","contentUrl":"https:\/\/www.eliassen.nl\/wp-content\/uploads\/2024\/01\/logo_4nd.jpg","width":500,"height":500,"caption":"Eliassen Home & Garden Pleasure"}]},"product_price_amount":"199.00","product_price_currency":"EUR","og_availability":"instock","product_availability":"instock","product_retailer_item_id":"brbaf50","product_condition":"new"},"df_price":199,"df_sale_price":"","df_regular_price":199,"df_image_link":"https:\/\/www.eliassen.nl\/wp-content\/uploads\/2026\/03\/waterbal-rustiek-Eliassen.nl-brbaf50-169x300.jpg","image":"https:\/\/www.eliassen.nl\/wp-content\/uploads\/2026\/03\/waterbal-rustiek-Eliassen.nl-brbaf50-150x150.jpg","price_search":"<span class=\"woocommerce-Price-amount amount\"><bdi><span class=\"woocommerce-Price-currencySymbol\">&euro;<\/span>&nbsp;199,00<\/bdi><\/span>","category":"Wasserb\u00e4lle","global_unique_id":"6096529395370","_links":{"self":[{"href":"https:\/\/www.eliassen.nl\/de\/wp-json\/wp\/v2\/product\/212092","targetHints":{"allow":["GET"]}}],"collection":[{"href":"https:\/\/www.eliassen.nl\/de\/wp-json\/wp\/v2\/product"}],"about":[{"href":"https:\/\/www.eliassen.nl\/de\/wp-json\/wp\/v2\/types\/product"}],"wp:featuredmedia":[{"embeddable":true,"href":"https:\/\/www.eliassen.nl\/de\/wp-json\/wp\/v2\/media\/210602"}],"wp:attachment":[{"href":"https:\/\/www.eliassen.nl\/de\/wp-json\/wp\/v2\/media?parent=212092"}],"wp:term":[{"taxonomy":"product_brand","embeddable":true,"href":"https:\/\/www.eliassen.nl\/de\/wp-json\/wp\/v2\/product_brand?post=212092"},{"taxonomy":"product_cat","embeddable":true,"href":"https:\/\/www.eliassen.nl\/de\/wp-json\/wp\/v2\/product_cat?post=212092"},{"taxonomy":"product_tag","embeddable":true,"href":"https:\/\/www.eliassen.nl\/de\/wp-json\/wp\/v2\/product_tag?post=212092"}],"curies":[{"name":"wp","href":"https:\/\/api.w.org\/{rel}","templated":true}]}}