{"id":212085,"date":"2026-04-17T14:37:04","date_gmt":"2026-04-17T12:37:04","guid":{"rendered":"https:\/\/www.eliassen.nl\/product\/topfset-cote-azure-gruen-38-32-23cm\/"},"modified":"2026-04-17T14:37:04","modified_gmt":"2026-04-17T12:37:04","slug":"topfset-cote-azure-gruen-38-32-23cm","status":"publish","type":"product","link":"https:\/\/www.eliassen.nl\/de\/topfset-cote-azure-gruen-38-32-23cm\/","title":{"rendered":"Topfset C\u00f4te Azure gr\u00fcn 38-32-23cm"},"content":{"rendered":"<p>Sind Sie auf der Suche nach einer sch\u00f6nen und robusten Erg\u00e4nzung f\u00fcr Ihre Pflanzen? Dieses wundersch\u00f6ne Topfset in der stimmungsvollen Farbe Cote Azure gr\u00fcn ist eine wahre Bereicherung f\u00fcr jedes Interieur, jeden Baldachin und jede Terrasse. Das Set besteht aus drei T\u00f6pfen aus dicker, authentischer vietnamesischer Keramik, die eine hochwertige und langlebige Verarbeitung mit einem einzigartigen, nat\u00fcrlichen Look gew\u00e4hrleistet. Die T\u00f6pfe sind unterschiedlich gro\u00df, mit Durchmessern von 38, 32 und 23 Zentimetern und entsprechenden H\u00f6hen von 32, 24 bzw. 19 Zentimetern. So ist es einfach, ein spielerisches und harmonisches Ganzes zu schaffen, indem Sie sie zusammen aufstellen oder alternativ einzeln im Raum verteilen. Die sch\u00f6n glasierte Oberfl\u00e4che mit subtilen Farbvariationen verleiht diesem Komplettset einen luxuri\u00f6sen und modernen Charakter. Schenken Sie Ihren Lieblingspflanzen die Aufmerksamkeit, die sie verdienen, in diesen pr\u00e4chtigen T\u00f6pfen. Machen wir es uns gem\u00fctlich!<\/p>\n","protected":false},"excerpt":{"rendered":"<p>Dieses komplette Set aus drei Blument\u00f6pfen in der sch\u00f6nen Farbe Cote Azure gr\u00fcn ist solide aus dicker, hochwertiger vietnamesischer Keramik gefertigt. Mit zunehmenden Durchmessern von 23, 32 und 38 Zentimetern und H\u00f6hen von 19, 24 und 32 Zentimetern bieten diese T\u00f6pfe eine vielseitige und attraktive Basis f\u00fcr Ihre sch\u00f6nsten Pflanzen. Eine robuste und stilvolle Erg\u00e4nzung, die Ihrer Einrichtung sofort W\u00e4rme und Charakter verleiht.<\/p>\n","protected":false},"featured_media":210034,"template":"","meta":{"_acf_changed":false,"_genesis_title":"","_genesis_description":""},"product_brand":[7505],"product_cat":[722,7058],"product_tag":[],"class_list":{"0":"post-212085","1":"product","2":"type-product","3":"status-publish","4":"has-post-thumbnail","6":"product_brand-sonstige","7":"product_cat-blumentoepfe-und-pflanzgefaesse","8":"product_cat-chinesische-toepfe","10":"first","11":"instock","12":"taxable","13":"shipping-taxable","14":"purchasable","15":"product-type-simple"},"acf":[],"meta_all":{"cor_restricted_countries":[],"total_sales":"0"},"meta_all_flat":{"total_sales":"0"},"yoast_head":"<!-- This site is optimized with the Yoast SEO Premium plugin v26.2 (Yoast SEO v27.2) - https:\/\/yoast.com\/product\/yoast-seo-premium-wordpress\/ -->\n<title>Sonstige Topfset C\u00f4te Azure gr\u00fcn 38-32-23cm - Eliassen.nl<\/title>\n<meta name=\"description\" content=\"Bereichern Sie Ihr Interieur mit diesem dreiteiligen T\u00f6pferset aus dicker vietnamesischer Keramik in Cote Azure gr\u00fcn. Unterschiedliche Gr\u00f6\u00dfen f\u00fcr eine stilvolle Pr\u00e4sentation.\" \/>\n<meta name=\"robots\" content=\"index, follow, max-snippet:-1, max-image-preview:large, max-video-preview:-1\" \/>\n<link rel=\"canonical\" href=\"https:\/\/www.eliassen.nl\/de\/topfset-cote-azure-gruen-38-32-23cm\/\" \/>\n<meta property=\"og:locale\" content=\"de_DE\" \/>\n<meta property=\"og:type\" content=\"article\" \/>\n<meta property=\"og:title\" content=\"Sonstige Topfset C\u00f4te Azure gr\u00fcn 38-32-23cm - Eliassen.nl\" \/>\n<meta property=\"og:description\" content=\"Bereichern Sie Ihr Interieur mit diesem dreiteiligen T\u00f6pferset aus dicker vietnamesischer Keramik in Cote Azure gr\u00fcn. Unterschiedliche Gr\u00f6\u00dfen f\u00fcr eine stilvolle Pr\u00e4sentation.\" \/>\n<meta property=\"og:url\" content=\"https:\/\/www.eliassen.nl\/de\/topfset-cote-azure-gruen-38-32-23cm\/\" \/>\n<meta property=\"og:site_name\" content=\"Eliassen.nl\" \/>\n<meta property=\"article:publisher\" content=\"https:\/\/www.facebook.com\/TuincentrumEliassenAmmerzoden\" \/>\n<meta property=\"og:image\" content=\"https:\/\/www.eliassen.nl\/wp-content\/uploads\/2026\/03\/Aktie-pottenset-Cote-azure-Eliassen.nl-117426.jpg\" \/>\n\t<meta property=\"og:image:width\" content=\"1920\" \/>\n\t<meta property=\"og:image:height\" content=\"794\" \/>\n\t<meta property=\"og:image:type\" content=\"image\/jpeg\" \/>\n<meta name=\"twitter:card\" content=\"summary_large_image\" \/>\n<script type=\"application\/ld+json\" class=\"yoast-schema-graph\">{\"@context\":\"https:\/\/schema.org\",\"@graph\":[{\"@type\":\"WebPage\",\"@id\":\"https:\/\/www.eliassen.nl\/de\/topfset-cote-azure-gruen-38-32-23cm\/\",\"url\":\"https:\/\/www.eliassen.nl\/de\/topfset-cote-azure-gruen-38-32-23cm\/\",\"name\":\"Sonstige Topfset C\u00f4te Azure gr\u00fcn 38-32-23cm - Eliassen.nl\",\"isPartOf\":{\"@id\":\"https:\/\/www.eliassen.nl\/de\/#website\"},\"primaryImageOfPage\":{\"@id\":\"https:\/\/www.eliassen.nl\/de\/topfset-cote-azure-gruen-38-32-23cm\/#primaryimage\"},\"image\":{\"@id\":\"https:\/\/www.eliassen.nl\/de\/topfset-cote-azure-gruen-38-32-23cm\/#primaryimage\"},\"thumbnailUrl\":\"https:\/\/www.eliassen.nl\/wp-content\/uploads\/2026\/03\/Aktie-pottenset-Cote-azure-Eliassen.nl-117426.jpg\",\"datePublished\":\"2026-04-17T12:37:04+00:00\",\"description\":\"Bereichern Sie Ihr Interieur mit diesem dreiteiligen T\u00f6pferset aus dicker vietnamesischer Keramik in Cote Azure gr\u00fcn. Unterschiedliche Gr\u00f6\u00dfen f\u00fcr eine stilvolle Pr\u00e4sentation.\",\"breadcrumb\":{\"@id\":\"https:\/\/www.eliassen.nl\/de\/topfset-cote-azure-gruen-38-32-23cm\/#breadcrumb\"},\"inLanguage\":\"de\",\"potentialAction\":[{\"@type\":\"ReadAction\",\"target\":[\"https:\/\/www.eliassen.nl\/de\/topfset-cote-azure-gruen-38-32-23cm\/\"]}]},{\"@type\":\"ImageObject\",\"inLanguage\":\"de\",\"@id\":\"https:\/\/www.eliassen.nl\/de\/topfset-cote-azure-gruen-38-32-23cm\/#primaryimage\",\"url\":\"https:\/\/www.eliassen.nl\/wp-content\/uploads\/2026\/03\/Aktie-pottenset-Cote-azure-Eliassen.nl-117426.jpg\",\"contentUrl\":\"https:\/\/www.eliassen.nl\/wp-content\/uploads\/2026\/03\/Aktie-pottenset-Cote-azure-Eliassen.nl-117426.jpg\",\"width\":1920,\"height\":794,\"caption\":\"3-teiliges T\u00f6pferei-Set - Eliassen.nl\"},{\"@type\":\"BreadcrumbList\",\"@id\":\"https:\/\/www.eliassen.nl\/de\/topfset-cote-azure-gruen-38-32-23cm\/#breadcrumb\",\"itemListElement\":[{\"@type\":\"ListItem\",\"position\":1,\"name\":\"Home\",\"item\":\"https:\/\/www.eliassen.nl\/de\/\"},{\"@type\":\"ListItem\",\"position\":2,\"name\":\"Shop\",\"item\":\"https:\/\/www.eliassen.nl\/de\/shop\/\"},{\"@type\":\"ListItem\",\"position\":3,\"name\":\"Blument\u00f6pfe und Pflanzgef\u00e4\u00dfe\",\"item\":\"https:\/\/www.eliassen.nl\/de\/blumentoepfe-und-pflanzgefaesse\/\"},{\"@type\":\"ListItem\",\"position\":4,\"name\":\"Topfset C\u00f4te Azure gr\u00fcn 38-32-23cm\"}]},{\"@type\":\"WebSite\",\"@id\":\"https:\/\/www.eliassen.nl\/de\/#website\",\"url\":\"https:\/\/www.eliassen.nl\/de\/\",\"name\":\"Eliassen Home & Garden Pleasure\",\"description\":\"\",\"publisher\":{\"@id\":\"https:\/\/www.eliassen.nl\/de\/#organization\"},\"alternateName\":\"Eliassen.nl\",\"potentialAction\":[{\"@type\":\"SearchAction\",\"target\":{\"@type\":\"EntryPoint\",\"urlTemplate\":\"https:\/\/www.eliassen.nl\/de\/?s={search_term_string}\"},\"query-input\":{\"@type\":\"PropertyValueSpecification\",\"valueRequired\":true,\"valueName\":\"search_term_string\"}}],\"inLanguage\":\"de\"},{\"@type\":[\"Organization\",\"Place\"],\"@id\":\"https:\/\/www.eliassen.nl\/de\/#organization\",\"name\":\"Eliassen Home & Garden Pleasure\",\"url\":\"https:\/\/www.eliassen.nl\/de\/\",\"logo\":{\"@id\":\"https:\/\/www.eliassen.nl\/de\/topfset-cote-azure-gruen-38-32-23cm\/#local-main-organization-logo\"},\"image\":{\"@id\":\"https:\/\/www.eliassen.nl\/de\/topfset-cote-azure-gruen-38-32-23cm\/#local-main-organization-logo\"},\"sameAs\":[\"https:\/\/www.facebook.com\/TuincentrumEliassenAmmerzoden\",\"https:\/\/www.instagram.com\/eliassenhomeandgarden\/\",\"https:\/\/nl.pinterest.com\/eliassenhomeandgarden\/\",\"https:\/\/www.youtube.com\/@eliassenhomegardenpleasure4558\"],\"telephone\":[],\"openingHoursSpecification\":[{\"@type\":\"OpeningHoursSpecification\",\"dayOfWeek\":[\"Monday\",\"Tuesday\",\"Wednesday\",\"Thursday\",\"Friday\",\"Saturday\",\"Sunday\"],\"opens\":\"09:00\",\"closes\":\"17:00\"}]},{\"@type\":\"ImageObject\",\"inLanguage\":\"de\",\"@id\":\"https:\/\/www.eliassen.nl\/de\/topfset-cote-azure-gruen-38-32-23cm\/#local-main-organization-logo\",\"url\":\"https:\/\/www.eliassen.nl\/wp-content\/uploads\/2024\/01\/logo_4nd.jpg\",\"contentUrl\":\"https:\/\/www.eliassen.nl\/wp-content\/uploads\/2024\/01\/logo_4nd.jpg\",\"width\":500,\"height\":500,\"caption\":\"Eliassen Home & Garden Pleasure\"}]}<\/script>\n<meta property=\"product:price:amount\" content=\"27.50\" \/>\n<meta property=\"product:price:currency\" content=\"EUR\" \/>\n<meta property=\"og:availability\" content=\"instock\" \/>\n<meta property=\"product:availability\" content=\"instock\" \/>\n<meta property=\"product:retailer_item_id\" content=\"117426\" \/>\n<meta property=\"product:condition\" content=\"new\" \/>\n<!-- \/ Yoast SEO Premium plugin. -->","yoast_head_json":{"title":"Sonstige Topfset C\u00f4te Azure gr\u00fcn 38-32-23cm - Eliassen.nl","description":"Bereichern Sie Ihr Interieur mit diesem dreiteiligen T\u00f6pferset aus dicker vietnamesischer Keramik in Cote Azure gr\u00fcn. Unterschiedliche Gr\u00f6\u00dfen f\u00fcr eine stilvolle Pr\u00e4sentation.","robots":{"index":"index","follow":"follow","max-snippet":"max-snippet:-1","max-image-preview":"max-image-preview:large","max-video-preview":"max-video-preview:-1"},"canonical":"https:\/\/www.eliassen.nl\/de\/topfset-cote-azure-gruen-38-32-23cm\/","og_locale":"de_DE","og_type":"article","og_title":"Sonstige Topfset C\u00f4te Azure gr\u00fcn 38-32-23cm - Eliassen.nl","og_description":"Bereichern Sie Ihr Interieur mit diesem dreiteiligen T\u00f6pferset aus dicker vietnamesischer Keramik in Cote Azure gr\u00fcn. Unterschiedliche Gr\u00f6\u00dfen f\u00fcr eine stilvolle Pr\u00e4sentation.","og_url":"https:\/\/www.eliassen.nl\/de\/topfset-cote-azure-gruen-38-32-23cm\/","og_site_name":"Eliassen.nl","article_publisher":"https:\/\/www.facebook.com\/TuincentrumEliassenAmmerzoden","og_image":[{"width":1920,"height":794,"url":"https:\/\/www.eliassen.nl\/wp-content\/uploads\/2026\/03\/Aktie-pottenset-Cote-azure-Eliassen.nl-117426.jpg","type":"image\/jpeg"}],"twitter_card":"summary_large_image","schema":{"@context":"https:\/\/schema.org","@graph":[{"@type":"WebPage","@id":"https:\/\/www.eliassen.nl\/de\/topfset-cote-azure-gruen-38-32-23cm\/","url":"https:\/\/www.eliassen.nl\/de\/topfset-cote-azure-gruen-38-32-23cm\/","name":"Sonstige Topfset C\u00f4te Azure gr\u00fcn 38-32-23cm - Eliassen.nl","isPartOf":{"@id":"https:\/\/www.eliassen.nl\/de\/#website"},"primaryImageOfPage":{"@id":"https:\/\/www.eliassen.nl\/de\/topfset-cote-azure-gruen-38-32-23cm\/#primaryimage"},"image":{"@id":"https:\/\/www.eliassen.nl\/de\/topfset-cote-azure-gruen-38-32-23cm\/#primaryimage"},"thumbnailUrl":"https:\/\/www.eliassen.nl\/wp-content\/uploads\/2026\/03\/Aktie-pottenset-Cote-azure-Eliassen.nl-117426.jpg","datePublished":"2026-04-17T12:37:04+00:00","description":"Bereichern Sie Ihr Interieur mit diesem dreiteiligen T\u00f6pferset aus dicker vietnamesischer Keramik in Cote Azure gr\u00fcn. Unterschiedliche Gr\u00f6\u00dfen f\u00fcr eine stilvolle Pr\u00e4sentation.","breadcrumb":{"@id":"https:\/\/www.eliassen.nl\/de\/topfset-cote-azure-gruen-38-32-23cm\/#breadcrumb"},"inLanguage":"de","potentialAction":[{"@type":"ReadAction","target":["https:\/\/www.eliassen.nl\/de\/topfset-cote-azure-gruen-38-32-23cm\/"]}]},{"@type":"ImageObject","inLanguage":"de","@id":"https:\/\/www.eliassen.nl\/de\/topfset-cote-azure-gruen-38-32-23cm\/#primaryimage","url":"https:\/\/www.eliassen.nl\/wp-content\/uploads\/2026\/03\/Aktie-pottenset-Cote-azure-Eliassen.nl-117426.jpg","contentUrl":"https:\/\/www.eliassen.nl\/wp-content\/uploads\/2026\/03\/Aktie-pottenset-Cote-azure-Eliassen.nl-117426.jpg","width":1920,"height":794,"caption":"3-teiliges T\u00f6pferei-Set - Eliassen.nl"},{"@type":"BreadcrumbList","@id":"https:\/\/www.eliassen.nl\/de\/topfset-cote-azure-gruen-38-32-23cm\/#breadcrumb","itemListElement":[{"@type":"ListItem","position":1,"name":"Home","item":"https:\/\/www.eliassen.nl\/de\/"},{"@type":"ListItem","position":2,"name":"Shop","item":"https:\/\/www.eliassen.nl\/de\/shop\/"},{"@type":"ListItem","position":3,"name":"Blument\u00f6pfe und Pflanzgef\u00e4\u00dfe","item":"https:\/\/www.eliassen.nl\/de\/blumentoepfe-und-pflanzgefaesse\/"},{"@type":"ListItem","position":4,"name":"Topfset C\u00f4te Azure gr\u00fcn 38-32-23cm"}]},{"@type":"WebSite","@id":"https:\/\/www.eliassen.nl\/de\/#website","url":"https:\/\/www.eliassen.nl\/de\/","name":"Eliassen Home & Garden Pleasure","description":"","publisher":{"@id":"https:\/\/www.eliassen.nl\/de\/#organization"},"alternateName":"Eliassen.nl","potentialAction":[{"@type":"SearchAction","target":{"@type":"EntryPoint","urlTemplate":"https:\/\/www.eliassen.nl\/de\/?s={search_term_string}"},"query-input":{"@type":"PropertyValueSpecification","valueRequired":true,"valueName":"search_term_string"}}],"inLanguage":"de"},{"@type":["Organization","Place"],"@id":"https:\/\/www.eliassen.nl\/de\/#organization","name":"Eliassen Home & Garden Pleasure","url":"https:\/\/www.eliassen.nl\/de\/","logo":{"@id":"https:\/\/www.eliassen.nl\/de\/topfset-cote-azure-gruen-38-32-23cm\/#local-main-organization-logo"},"image":{"@id":"https:\/\/www.eliassen.nl\/de\/topfset-cote-azure-gruen-38-32-23cm\/#local-main-organization-logo"},"sameAs":["https:\/\/www.facebook.com\/TuincentrumEliassenAmmerzoden","https:\/\/www.instagram.com\/eliassenhomeandgarden\/","https:\/\/nl.pinterest.com\/eliassenhomeandgarden\/","https:\/\/www.youtube.com\/@eliassenhomegardenpleasure4558"],"telephone":[],"openingHoursSpecification":[{"@type":"OpeningHoursSpecification","dayOfWeek":["Monday","Tuesday","Wednesday","Thursday","Friday","Saturday","Sunday"],"opens":"09:00","closes":"17:00"}]},{"@type":"ImageObject","inLanguage":"de","@id":"https:\/\/www.eliassen.nl\/de\/topfset-cote-azure-gruen-38-32-23cm\/#local-main-organization-logo","url":"https:\/\/www.eliassen.nl\/wp-content\/uploads\/2024\/01\/logo_4nd.jpg","contentUrl":"https:\/\/www.eliassen.nl\/wp-content\/uploads\/2024\/01\/logo_4nd.jpg","width":500,"height":500,"caption":"Eliassen Home & Garden Pleasure"}]},"product_price_amount":"27.50","product_price_currency":"EUR","og_availability":"instock","product_availability":"instock","product_retailer_item_id":"117426","product_condition":"new"},"df_price":27.5,"df_sale_price":"","df_regular_price":27.5,"df_image_link":"https:\/\/www.eliassen.nl\/wp-content\/uploads\/2026\/03\/Aktie-pottenset-Cote-azure-Eliassen.nl-117426-300x124.jpg","image":"https:\/\/www.eliassen.nl\/wp-content\/uploads\/2026\/03\/Aktie-pottenset-Cote-azure-Eliassen.nl-117426-150x150.jpg","price_search":"<span class=\"woocommerce-Price-amount amount\"><bdi><span class=\"woocommerce-Price-currencySymbol\">&euro;<\/span>&nbsp;27,50<\/bdi><\/span>","category":"Blument\u00f6pfe und Pflanzgef\u00e4\u00dfe","global_unique_id":"8714075818942","_links":{"self":[{"href":"https:\/\/www.eliassen.nl\/de\/wp-json\/wp\/v2\/product\/212085","targetHints":{"allow":["GET"]}}],"collection":[{"href":"https:\/\/www.eliassen.nl\/de\/wp-json\/wp\/v2\/product"}],"about":[{"href":"https:\/\/www.eliassen.nl\/de\/wp-json\/wp\/v2\/types\/product"}],"wp:featuredmedia":[{"embeddable":true,"href":"https:\/\/www.eliassen.nl\/de\/wp-json\/wp\/v2\/media\/210034"}],"wp:attachment":[{"href":"https:\/\/www.eliassen.nl\/de\/wp-json\/wp\/v2\/media?parent=212085"}],"wp:term":[{"taxonomy":"product_brand","embeddable":true,"href":"https:\/\/www.eliassen.nl\/de\/wp-json\/wp\/v2\/product_brand?post=212085"},{"taxonomy":"product_cat","embeddable":true,"href":"https:\/\/www.eliassen.nl\/de\/wp-json\/wp\/v2\/product_cat?post=212085"},{"taxonomy":"product_tag","embeddable":true,"href":"https:\/\/www.eliassen.nl\/de\/wp-json\/wp\/v2\/product_tag?post=212085"}],"curies":[{"name":"wp","href":"https:\/\/api.w.org\/{rel}","templated":true}]}}