{"id":212068,"date":"2026-03-31T15:58:37","date_gmt":"2026-03-31T13:58:37","guid":{"rendered":"https:\/\/www.eliassen.nl\/product\/metall-wanddekoration-set-schmetterlinge-blau-und-rosa-38cm\/"},"modified":"2026-03-31T15:58:37","modified_gmt":"2026-03-31T13:58:37","slug":"metall-wanddekoration-set-schmetterlinge-blau-und-rosa-38cm","status":"publish","type":"product","link":"https:\/\/www.eliassen.nl\/de\/metall-wanddekoration-set-schmetterlinge-blau-und-rosa-38cm\/","title":{"rendered":"Metall Wanddekoration Set Schmetterlinge blau und rosa 38cm"},"content":{"rendered":"<p>Suchen Sie nach einer farbenfrohen und fr\u00f6hlichen Erg\u00e4nzung f\u00fcr Ihre Wand? Dieses wundersch\u00f6ne Set aus zwei Metallschmetterlingen ist ein echter Blickfang f\u00fcr Ihre Einrichtung. Das Set besteht aus zwei einzigartig gestalteten Schmetterlingen mit den Ma\u00dfen 25&#215;38 Zentimeter. Ein Schmetterling ist in leuchtenden Blaut\u00f6nen gehalten, w\u00e4hrend der andere mit seinen orangefarbenen und rotbraunen Farben W\u00e4rme ausstrahlt. Beide Wanddekorationen sind mit sch\u00f6nen, verschn\u00f6rkelten Blumenmustern und verspielten F\u00fchlern versehen. Da sie aus Metall gefertigt sind, holen Sie sich nicht nur ein attraktives, sondern auch ein langlebiges Kunstwerk in Ihr Zuhause. H\u00e4ngen Sie sie zusammen f\u00fcr ein sch\u00f6nes Ganzes auf oder geben Sie jedem einen eigenen Platz an der Wand. Machen wir es uns gem\u00fctlich!<\/p>\n","protected":false},"excerpt":{"rendered":"<p>Dieses Set aus zwei 38 Zentimeter breiten Metallschmetterlingen bringt sofort Farbe und Atmosph\u00e4re an Ihre Wand. Die Wanddekorationen haben eine wundersch\u00f6n detaillierte Verarbeitung mit floralen Mustern, wobei ein Schmetterling blau und ein anderer in warmen Oranget\u00f6nen gef\u00e4rbt ist. Eine fr\u00f6hliche und langlebige Erg\u00e4nzung f\u00fcr jeden Wohnraum.<\/p>\n","protected":false},"featured_media":210679,"template":"","meta":{"_acf_changed":false,"_genesis_title":"","_genesis_description":""},"product_brand":[7505],"product_cat":[512,509],"product_tag":[],"class_list":{"0":"post-212068","1":"product","2":"type-product","3":"status-publish","4":"has-post-thumbnail","6":"product_brand-sonstige","7":"product_cat-3d-wanddekoration-ohne-rahmen","8":"product_cat-wanddekoration","10":"first","11":"instock","12":"taxable","13":"shipping-taxable","14":"purchasable","15":"product-type-simple"},"acf":[],"meta_all":{"cor_restricted_countries":[],"total_sales":"0"},"meta_all_flat":{"total_sales":"0"},"yoast_head":"<!-- This site is optimized with the Yoast SEO Premium plugin v26.2 (Yoast SEO v27.2) - https:\/\/yoast.com\/product\/yoast-seo-premium-wordpress\/ -->\n<title>Sonstige Metall Wanddekoration Set Schmetterlinge blau und rosa 38cm - Eliassen.nl<\/title>\n<meta name=\"description\" content=\"Bringen Sie Farbe an Ihre Wand mit diesem Set aus zwei Metallschmetterlingen (38 cm). Sch\u00f6ne Wanddekoration in Blau und Orange mit detaillierten Blumenmustern.\" \/>\n<meta name=\"robots\" content=\"index, follow, max-snippet:-1, max-image-preview:large, max-video-preview:-1\" \/>\n<link rel=\"canonical\" href=\"https:\/\/www.eliassen.nl\/de\/metall-wanddekoration-set-schmetterlinge-blau-und-rosa-38cm\/\" \/>\n<meta property=\"og:locale\" content=\"de_DE\" \/>\n<meta property=\"og:type\" content=\"article\" \/>\n<meta property=\"og:title\" content=\"Sonstige Metall Wanddekoration Set Schmetterlinge blau und rosa 38cm - Eliassen.nl\" \/>\n<meta property=\"og:description\" content=\"Bringen Sie Farbe an Ihre Wand mit diesem Set aus zwei Metallschmetterlingen (38 cm). Sch\u00f6ne Wanddekoration in Blau und Orange mit detaillierten Blumenmustern.\" \/>\n<meta property=\"og:url\" content=\"https:\/\/www.eliassen.nl\/de\/metall-wanddekoration-set-schmetterlinge-blau-und-rosa-38cm\/\" \/>\n<meta property=\"og:site_name\" content=\"Eliassen.nl\" \/>\n<meta property=\"article:publisher\" content=\"https:\/\/www.facebook.com\/TuincentrumEliassenAmmerzoden\" \/>\n<meta property=\"og:image\" content=\"https:\/\/www.eliassen.nl\/wp-content\/uploads\/2026\/03\/0551610-scaled.jpg\" \/>\n\t<meta property=\"og:image:width\" content=\"2560\" \/>\n\t<meta property=\"og:image:height\" content=\"1919\" \/>\n\t<meta property=\"og:image:type\" content=\"image\/jpeg\" \/>\n<meta name=\"twitter:card\" content=\"summary_large_image\" \/>\n<script type=\"application\/ld+json\" class=\"yoast-schema-graph\">{\"@context\":\"https:\/\/schema.org\",\"@graph\":[{\"@type\":\"WebPage\",\"@id\":\"https:\/\/www.eliassen.nl\/de\/metall-wanddekoration-set-schmetterlinge-blau-und-rosa-38cm\/\",\"url\":\"https:\/\/www.eliassen.nl\/de\/metall-wanddekoration-set-schmetterlinge-blau-und-rosa-38cm\/\",\"name\":\"Sonstige Metall Wanddekoration Set Schmetterlinge blau und rosa 38cm - Eliassen.nl\",\"isPartOf\":{\"@id\":\"https:\/\/www.eliassen.nl\/de\/#website\"},\"primaryImageOfPage\":{\"@id\":\"https:\/\/www.eliassen.nl\/de\/metall-wanddekoration-set-schmetterlinge-blau-und-rosa-38cm\/#primaryimage\"},\"image\":{\"@id\":\"https:\/\/www.eliassen.nl\/de\/metall-wanddekoration-set-schmetterlinge-blau-und-rosa-38cm\/#primaryimage\"},\"thumbnailUrl\":\"https:\/\/www.eliassen.nl\/wp-content\/uploads\/2026\/03\/0551610-scaled.jpg\",\"datePublished\":\"2026-03-31T13:58:37+00:00\",\"description\":\"Bringen Sie Farbe an Ihre Wand mit diesem Set aus zwei Metallschmetterlingen (38 cm). Sch\u00f6ne Wanddekoration in Blau und Orange mit detaillierten Blumenmustern.\",\"breadcrumb\":{\"@id\":\"https:\/\/www.eliassen.nl\/de\/metall-wanddekoration-set-schmetterlinge-blau-und-rosa-38cm\/#breadcrumb\"},\"inLanguage\":\"de\",\"potentialAction\":[{\"@type\":\"ReadAction\",\"target\":[\"https:\/\/www.eliassen.nl\/de\/metall-wanddekoration-set-schmetterlinge-blau-und-rosa-38cm\/\"]}]},{\"@type\":\"ImageObject\",\"inLanguage\":\"de\",\"@id\":\"https:\/\/www.eliassen.nl\/de\/metall-wanddekoration-set-schmetterlinge-blau-und-rosa-38cm\/#primaryimage\",\"url\":\"https:\/\/www.eliassen.nl\/wp-content\/uploads\/2026\/03\/0551610-scaled.jpg\",\"contentUrl\":\"https:\/\/www.eliassen.nl\/wp-content\/uploads\/2026\/03\/0551610-scaled.jpg\",\"width\":2560,\"height\":1919,\"caption\":\"Metall Wanddekoration Set Schmetterlinge blau und orange 38cm - Eliassen.nl\"},{\"@type\":\"BreadcrumbList\",\"@id\":\"https:\/\/www.eliassen.nl\/de\/metall-wanddekoration-set-schmetterlinge-blau-und-rosa-38cm\/#breadcrumb\",\"itemListElement\":[{\"@type\":\"ListItem\",\"position\":1,\"name\":\"Home\",\"item\":\"https:\/\/www.eliassen.nl\/de\/\"},{\"@type\":\"ListItem\",\"position\":2,\"name\":\"Shop\",\"item\":\"https:\/\/www.eliassen.nl\/de\/shop\/\"},{\"@type\":\"ListItem\",\"position\":3,\"name\":\"Wanddekoration\",\"item\":\"https:\/\/www.eliassen.nl\/de\/wanddekoration\/\"},{\"@type\":\"ListItem\",\"position\":4,\"name\":\"Metall Wanddekoration Set Schmetterlinge blau und rosa 38cm\"}]},{\"@type\":\"WebSite\",\"@id\":\"https:\/\/www.eliassen.nl\/de\/#website\",\"url\":\"https:\/\/www.eliassen.nl\/de\/\",\"name\":\"Eliassen Home & Garden Pleasure\",\"description\":\"\",\"publisher\":{\"@id\":\"https:\/\/www.eliassen.nl\/de\/#organization\"},\"alternateName\":\"Eliassen.nl\",\"potentialAction\":[{\"@type\":\"SearchAction\",\"target\":{\"@type\":\"EntryPoint\",\"urlTemplate\":\"https:\/\/www.eliassen.nl\/de\/?s={search_term_string}\"},\"query-input\":{\"@type\":\"PropertyValueSpecification\",\"valueRequired\":true,\"valueName\":\"search_term_string\"}}],\"inLanguage\":\"de\"},{\"@type\":[\"Organization\",\"Place\"],\"@id\":\"https:\/\/www.eliassen.nl\/de\/#organization\",\"name\":\"Eliassen Home & Garden Pleasure\",\"url\":\"https:\/\/www.eliassen.nl\/de\/\",\"logo\":{\"@id\":\"https:\/\/www.eliassen.nl\/de\/metall-wanddekoration-set-schmetterlinge-blau-und-rosa-38cm\/#local-main-organization-logo\"},\"image\":{\"@id\":\"https:\/\/www.eliassen.nl\/de\/metall-wanddekoration-set-schmetterlinge-blau-und-rosa-38cm\/#local-main-organization-logo\"},\"sameAs\":[\"https:\/\/www.facebook.com\/TuincentrumEliassenAmmerzoden\",\"https:\/\/www.instagram.com\/eliassenhomeandgarden\/\",\"https:\/\/nl.pinterest.com\/eliassenhomeandgarden\/\",\"https:\/\/www.youtube.com\/@eliassenhomegardenpleasure4558\"],\"telephone\":[],\"openingHoursSpecification\":[{\"@type\":\"OpeningHoursSpecification\",\"dayOfWeek\":[\"Monday\",\"Tuesday\",\"Wednesday\",\"Thursday\",\"Friday\",\"Saturday\",\"Sunday\"],\"opens\":\"09:00\",\"closes\":\"17:00\"}]},{\"@type\":\"ImageObject\",\"inLanguage\":\"de\",\"@id\":\"https:\/\/www.eliassen.nl\/de\/metall-wanddekoration-set-schmetterlinge-blau-und-rosa-38cm\/#local-main-organization-logo\",\"url\":\"https:\/\/www.eliassen.nl\/wp-content\/uploads\/2024\/01\/logo_4nd.jpg\",\"contentUrl\":\"https:\/\/www.eliassen.nl\/wp-content\/uploads\/2024\/01\/logo_4nd.jpg\",\"width\":500,\"height\":500,\"caption\":\"Eliassen Home & Garden Pleasure\"}]}<\/script>\n<meta property=\"product:price:amount\" content=\"20.00\" \/>\n<meta property=\"product:price:currency\" content=\"EUR\" \/>\n<meta property=\"og:availability\" content=\"instock\" \/>\n<meta property=\"product:availability\" content=\"instock\" \/>\n<meta property=\"product:retailer_item_id\" content=\"551610-set\" \/>\n<meta property=\"product:condition\" content=\"new\" \/>\n<!-- \/ Yoast SEO Premium plugin. -->","yoast_head_json":{"title":"Sonstige Metall Wanddekoration Set Schmetterlinge blau und rosa 38cm - Eliassen.nl","description":"Bringen Sie Farbe an Ihre Wand mit diesem Set aus zwei Metallschmetterlingen (38 cm). Sch\u00f6ne Wanddekoration in Blau und Orange mit detaillierten Blumenmustern.","robots":{"index":"index","follow":"follow","max-snippet":"max-snippet:-1","max-image-preview":"max-image-preview:large","max-video-preview":"max-video-preview:-1"},"canonical":"https:\/\/www.eliassen.nl\/de\/metall-wanddekoration-set-schmetterlinge-blau-und-rosa-38cm\/","og_locale":"de_DE","og_type":"article","og_title":"Sonstige Metall Wanddekoration Set Schmetterlinge blau und rosa 38cm - Eliassen.nl","og_description":"Bringen Sie Farbe an Ihre Wand mit diesem Set aus zwei Metallschmetterlingen (38 cm). Sch\u00f6ne Wanddekoration in Blau und Orange mit detaillierten Blumenmustern.","og_url":"https:\/\/www.eliassen.nl\/de\/metall-wanddekoration-set-schmetterlinge-blau-und-rosa-38cm\/","og_site_name":"Eliassen.nl","article_publisher":"https:\/\/www.facebook.com\/TuincentrumEliassenAmmerzoden","og_image":[{"width":2560,"height":1919,"url":"https:\/\/www.eliassen.nl\/wp-content\/uploads\/2026\/03\/0551610-scaled.jpg","type":"image\/jpeg"}],"twitter_card":"summary_large_image","schema":{"@context":"https:\/\/schema.org","@graph":[{"@type":"WebPage","@id":"https:\/\/www.eliassen.nl\/de\/metall-wanddekoration-set-schmetterlinge-blau-und-rosa-38cm\/","url":"https:\/\/www.eliassen.nl\/de\/metall-wanddekoration-set-schmetterlinge-blau-und-rosa-38cm\/","name":"Sonstige Metall Wanddekoration Set Schmetterlinge blau und rosa 38cm - Eliassen.nl","isPartOf":{"@id":"https:\/\/www.eliassen.nl\/de\/#website"},"primaryImageOfPage":{"@id":"https:\/\/www.eliassen.nl\/de\/metall-wanddekoration-set-schmetterlinge-blau-und-rosa-38cm\/#primaryimage"},"image":{"@id":"https:\/\/www.eliassen.nl\/de\/metall-wanddekoration-set-schmetterlinge-blau-und-rosa-38cm\/#primaryimage"},"thumbnailUrl":"https:\/\/www.eliassen.nl\/wp-content\/uploads\/2026\/03\/0551610-scaled.jpg","datePublished":"2026-03-31T13:58:37+00:00","description":"Bringen Sie Farbe an Ihre Wand mit diesem Set aus zwei Metallschmetterlingen (38 cm). Sch\u00f6ne Wanddekoration in Blau und Orange mit detaillierten Blumenmustern.","breadcrumb":{"@id":"https:\/\/www.eliassen.nl\/de\/metall-wanddekoration-set-schmetterlinge-blau-und-rosa-38cm\/#breadcrumb"},"inLanguage":"de","potentialAction":[{"@type":"ReadAction","target":["https:\/\/www.eliassen.nl\/de\/metall-wanddekoration-set-schmetterlinge-blau-und-rosa-38cm\/"]}]},{"@type":"ImageObject","inLanguage":"de","@id":"https:\/\/www.eliassen.nl\/de\/metall-wanddekoration-set-schmetterlinge-blau-und-rosa-38cm\/#primaryimage","url":"https:\/\/www.eliassen.nl\/wp-content\/uploads\/2026\/03\/0551610-scaled.jpg","contentUrl":"https:\/\/www.eliassen.nl\/wp-content\/uploads\/2026\/03\/0551610-scaled.jpg","width":2560,"height":1919,"caption":"Metall Wanddekoration Set Schmetterlinge blau und orange 38cm - Eliassen.nl"},{"@type":"BreadcrumbList","@id":"https:\/\/www.eliassen.nl\/de\/metall-wanddekoration-set-schmetterlinge-blau-und-rosa-38cm\/#breadcrumb","itemListElement":[{"@type":"ListItem","position":1,"name":"Home","item":"https:\/\/www.eliassen.nl\/de\/"},{"@type":"ListItem","position":2,"name":"Shop","item":"https:\/\/www.eliassen.nl\/de\/shop\/"},{"@type":"ListItem","position":3,"name":"Wanddekoration","item":"https:\/\/www.eliassen.nl\/de\/wanddekoration\/"},{"@type":"ListItem","position":4,"name":"Metall Wanddekoration Set Schmetterlinge blau und rosa 38cm"}]},{"@type":"WebSite","@id":"https:\/\/www.eliassen.nl\/de\/#website","url":"https:\/\/www.eliassen.nl\/de\/","name":"Eliassen Home & Garden Pleasure","description":"","publisher":{"@id":"https:\/\/www.eliassen.nl\/de\/#organization"},"alternateName":"Eliassen.nl","potentialAction":[{"@type":"SearchAction","target":{"@type":"EntryPoint","urlTemplate":"https:\/\/www.eliassen.nl\/de\/?s={search_term_string}"},"query-input":{"@type":"PropertyValueSpecification","valueRequired":true,"valueName":"search_term_string"}}],"inLanguage":"de"},{"@type":["Organization","Place"],"@id":"https:\/\/www.eliassen.nl\/de\/#organization","name":"Eliassen Home & Garden Pleasure","url":"https:\/\/www.eliassen.nl\/de\/","logo":{"@id":"https:\/\/www.eliassen.nl\/de\/metall-wanddekoration-set-schmetterlinge-blau-und-rosa-38cm\/#local-main-organization-logo"},"image":{"@id":"https:\/\/www.eliassen.nl\/de\/metall-wanddekoration-set-schmetterlinge-blau-und-rosa-38cm\/#local-main-organization-logo"},"sameAs":["https:\/\/www.facebook.com\/TuincentrumEliassenAmmerzoden","https:\/\/www.instagram.com\/eliassenhomeandgarden\/","https:\/\/nl.pinterest.com\/eliassenhomeandgarden\/","https:\/\/www.youtube.com\/@eliassenhomegardenpleasure4558"],"telephone":[],"openingHoursSpecification":[{"@type":"OpeningHoursSpecification","dayOfWeek":["Monday","Tuesday","Wednesday","Thursday","Friday","Saturday","Sunday"],"opens":"09:00","closes":"17:00"}]},{"@type":"ImageObject","inLanguage":"de","@id":"https:\/\/www.eliassen.nl\/de\/metall-wanddekoration-set-schmetterlinge-blau-und-rosa-38cm\/#local-main-organization-logo","url":"https:\/\/www.eliassen.nl\/wp-content\/uploads\/2024\/01\/logo_4nd.jpg","contentUrl":"https:\/\/www.eliassen.nl\/wp-content\/uploads\/2024\/01\/logo_4nd.jpg","width":500,"height":500,"caption":"Eliassen Home & Garden Pleasure"}]},"product_price_amount":"20.00","product_price_currency":"EUR","og_availability":"instock","product_availability":"instock","product_retailer_item_id":"551610-set","product_condition":"new"},"df_price":20,"df_sale_price":"","df_regular_price":20,"df_image_link":"https:\/\/www.eliassen.nl\/wp-content\/uploads\/2026\/03\/0551610-300x225.jpg","image":"https:\/\/www.eliassen.nl\/wp-content\/uploads\/2026\/03\/0551610-150x150.jpg","price_search":"<span class=\"woocommerce-Price-amount amount\"><bdi><span class=\"woocommerce-Price-currencySymbol\">&euro;<\/span>&nbsp;20,00<\/bdi><\/span>","category":"3D-Wanddekoration ohne Rahmen","global_unique_id":"4025809154576","_links":{"self":[{"href":"https:\/\/www.eliassen.nl\/de\/wp-json\/wp\/v2\/product\/212068","targetHints":{"allow":["GET"]}}],"collection":[{"href":"https:\/\/www.eliassen.nl\/de\/wp-json\/wp\/v2\/product"}],"about":[{"href":"https:\/\/www.eliassen.nl\/de\/wp-json\/wp\/v2\/types\/product"}],"wp:featuredmedia":[{"embeddable":true,"href":"https:\/\/www.eliassen.nl\/de\/wp-json\/wp\/v2\/media\/210679"}],"wp:attachment":[{"href":"https:\/\/www.eliassen.nl\/de\/wp-json\/wp\/v2\/media?parent=212068"}],"wp:term":[{"taxonomy":"product_brand","embeddable":true,"href":"https:\/\/www.eliassen.nl\/de\/wp-json\/wp\/v2\/product_brand?post=212068"},{"taxonomy":"product_cat","embeddable":true,"href":"https:\/\/www.eliassen.nl\/de\/wp-json\/wp\/v2\/product_cat?post=212068"},{"taxonomy":"product_tag","embeddable":true,"href":"https:\/\/www.eliassen.nl\/de\/wp-json\/wp\/v2\/product_tag?post=212068"}],"curies":[{"name":"wp","href":"https:\/\/api.w.org\/{rel}","templated":true}]}}