{"id":212066,"date":"2026-04-17T14:08:07","date_gmt":"2026-04-17T12:08:07","guid":{"rendered":"https:\/\/www.eliassen.nl\/product\/rattansaeule-mit-plattform-aus-grauem-stein-70cm\/"},"modified":"2026-04-17T14:08:07","modified_gmt":"2026-04-17T12:08:07","slug":"rattansaeule-mit-plattform-aus-grauem-stein-70cm","status":"publish","type":"product","link":"https:\/\/www.eliassen.nl\/de\/product\/rattansaeule-mit-plattform-aus-grauem-stein-70cm\/","title":{"rendered":"Rattans\u00e4ule mit Plattform aus grauem Stein 70cm"},"content":{"rendered":"<p>Sind Sie auf der Suche nach einer nat\u00fcrlichen und stimmungsvollen Unterlage f\u00fcr Ihre Lieblingsdekoration? Diese sch\u00f6ne Rattans\u00e4ule mit einer H\u00f6he von 70 Zentimetern bietet die perfekte L\u00f6sung f\u00fcr Ihre Inneneinrichtung oder Ihr Vordach. Der Sockel besteht aus einem robusten und langlebigen Rattangestell, das einen warmen, friedlichen Look erzeugt, der sowohl zum Landhausstil als auch zum modernen Wohnstil passt. Oben ist die S\u00e4ule solide mit einer attraktiven Plattform aus grauem Blaustein abgeschlossen. Die glatte Steinoberfl\u00e4che bildet einen atemberaubenden Kontrast zu dem geflochtenen Rattan und bietet eine \u00e4u\u00dferst stabile Basis f\u00fcr eine sch\u00f6ne Statue, eine Vase oder eine auff\u00e4llige Pflanze. Mit einer Grundgr\u00f6\u00dfe von 35 mal 35 Zentimetern ist diese kompakte S\u00e4ule einfach zu platzieren und zieht dennoch auf stilvolle Weise die Aufmerksamkeit auf sich. Schaffen Sie ganz einfach eine sch\u00f6ne Pr\u00e4sentation in Ihrem Zuhause. Machen wir es uns gem\u00fctlich!<\/p>\n","protected":false},"excerpt":{"rendered":"<p>Diese robuste 70 Zentimeter hohe Rattans\u00e4ule ist die ideale Basis, um Ihre Lieblingspflanzen oder Statuen stilvoll zu pr\u00e4sentieren. Das robuste, nat\u00fcrliche Korbgeflecht harmoniert wunderbar mit der glatten, grauen Blausteinplattform oben. Mit einer Gr\u00f6\u00dfe von 35 x 35 Zentimetern verleiht dieser zeitlose Sockel fast jeder Einrichtung m\u00fchelos Atmosph\u00e4re und W\u00e4rme.<\/p>\n","protected":false},"featured_media":211444,"template":"","meta":{"_acf_changed":false,"_genesis_title":"","_genesis_description":""},"product_brand":[7505],"product_cat":[794,782],"product_tag":[],"class_list":{"0":"post-212066","1":"product","2":"type-product","3":"status-publish","4":"has-post-thumbnail","6":"product_brand-sonstige","7":"product_cat-holzsockel","8":"product_cat-sockel","10":"first","11":"instock","12":"taxable","13":"shipping-taxable","14":"purchasable","15":"product-type-simple"},"acf":[],"meta_all":{"cor_restricted_countries":[],"total_sales":"0"},"meta_all_flat":{"total_sales":"0"},"yoast_head":"<!-- This site is optimized with the Yoast SEO Premium plugin v26.2 (Yoast SEO v27.2) - https:\/\/yoast.com\/product\/yoast-seo-premium-wordpress\/ -->\n<title>Sonstige Rattans\u00e4ule mit Plattform aus grauem Stein 70cm - Eliassen.nl<\/title>\n<meta name=\"description\" content=\"Pr\u00e4sentieren Sie Ihre Skulpturen stilvoll auf dieser robusten Rattans\u00e4ule (70cm) mit grauer Steinplattform. Ein sch\u00f6ner, nat\u00fcrlicher Sockel f\u00fcr Ihr Interieur.\" \/>\n<meta name=\"robots\" content=\"index, follow, max-snippet:-1, max-image-preview:large, max-video-preview:-1\" \/>\n<link rel=\"canonical\" href=\"https:\/\/www.eliassen.nl\/de\/product\/rattansaeule-mit-plattform-aus-grauem-stein-70cm\/\" \/>\n<meta property=\"og:locale\" content=\"de_DE\" \/>\n<meta property=\"og:type\" content=\"article\" \/>\n<meta property=\"og:title\" content=\"Sonstige Rattans\u00e4ule mit Plattform aus grauem Stein 70cm - Eliassen.nl\" \/>\n<meta property=\"og:description\" content=\"Pr\u00e4sentieren Sie Ihre Skulpturen stilvoll auf dieser robusten Rattans\u00e4ule (70cm) mit grauer Steinplattform. Ein sch\u00f6ner, nat\u00fcrlicher Sockel f\u00fcr Ihr Interieur.\" \/>\n<meta property=\"og:url\" content=\"https:\/\/www.eliassen.nl\/de\/product\/rattansaeule-mit-plattform-aus-grauem-stein-70cm\/\" \/>\n<meta property=\"og:site_name\" content=\"Eliassen.nl\" \/>\n<meta property=\"article:publisher\" content=\"https:\/\/www.facebook.com\/TuincentrumEliassenAmmerzoden\" \/>\n<meta property=\"og:image\" content=\"https:\/\/www.eliassen.nl\/wp-content\/uploads\/2026\/04\/pro-5qeRXMBI.jpeg\" \/>\n\t<meta property=\"og:image:width\" content=\"1035\" \/>\n\t<meta property=\"og:image:height\" content=\"1624\" \/>\n\t<meta property=\"og:image:type\" content=\"image\/jpeg\" \/>\n<meta name=\"twitter:card\" content=\"summary_large_image\" \/>\n<script type=\"application\/ld+json\" class=\"yoast-schema-graph\">{\"@context\":\"https:\/\/schema.org\",\"@graph\":[{\"@type\":\"WebPage\",\"@id\":\"https:\/\/www.eliassen.nl\/de\/product\/rattansaeule-mit-plattform-aus-grauem-stein-70cm\/\",\"url\":\"https:\/\/www.eliassen.nl\/de\/product\/rattansaeule-mit-plattform-aus-grauem-stein-70cm\/\",\"name\":\"Sonstige Rattans\u00e4ule mit Plattform aus grauem Stein 70cm - Eliassen.nl\",\"isPartOf\":{\"@id\":\"https:\/\/www.eliassen.nl\/de\/#website\"},\"primaryImageOfPage\":{\"@id\":\"https:\/\/www.eliassen.nl\/de\/product\/rattansaeule-mit-plattform-aus-grauem-stein-70cm\/#primaryimage\"},\"image\":{\"@id\":\"https:\/\/www.eliassen.nl\/de\/product\/rattansaeule-mit-plattform-aus-grauem-stein-70cm\/#primaryimage\"},\"thumbnailUrl\":\"https:\/\/www.eliassen.nl\/wp-content\/uploads\/2026\/04\/pro-5qeRXMBI.jpeg\",\"datePublished\":\"2026-04-17T12:08:07+00:00\",\"description\":\"Pr\u00e4sentieren Sie Ihre Skulpturen stilvoll auf dieser robusten Rattans\u00e4ule (70cm) mit grauer Steinplattform. Ein sch\u00f6ner, nat\u00fcrlicher Sockel f\u00fcr Ihr Interieur.\",\"breadcrumb\":{\"@id\":\"https:\/\/www.eliassen.nl\/de\/product\/rattansaeule-mit-plattform-aus-grauem-stein-70cm\/#breadcrumb\"},\"inLanguage\":\"de\",\"potentialAction\":[{\"@type\":\"ReadAction\",\"target\":[\"https:\/\/www.eliassen.nl\/de\/product\/rattansaeule-mit-plattform-aus-grauem-stein-70cm\/\"]}]},{\"@type\":\"ImageObject\",\"inLanguage\":\"de\",\"@id\":\"https:\/\/www.eliassen.nl\/de\/product\/rattansaeule-mit-plattform-aus-grauem-stein-70cm\/#primaryimage\",\"url\":\"https:\/\/www.eliassen.nl\/wp-content\/uploads\/2026\/04\/pro-5qeRXMBI.jpeg\",\"contentUrl\":\"https:\/\/www.eliassen.nl\/wp-content\/uploads\/2026\/04\/pro-5qeRXMBI.jpeg\",\"width\":1035,\"height\":1624,\"caption\":\"Rattans\u00e4ule mit Blaustein-Plattform 70cm hoch - Eliassen.nl\"},{\"@type\":\"BreadcrumbList\",\"@id\":\"https:\/\/www.eliassen.nl\/de\/product\/rattansaeule-mit-plattform-aus-grauem-stein-70cm\/#breadcrumb\",\"itemListElement\":[{\"@type\":\"ListItem\",\"position\":1,\"name\":\"Home\",\"item\":\"https:\/\/www.eliassen.nl\/de\/\"},{\"@type\":\"ListItem\",\"position\":2,\"name\":\"Shop\",\"item\":\"https:\/\/www.eliassen.nl\/de\/shop\/\"},{\"@type\":\"ListItem\",\"position\":3,\"name\":\"Sockel\",\"item\":\"https:\/\/www.eliassen.nl\/de\/sockel\/\"},{\"@type\":\"ListItem\",\"position\":4,\"name\":\"Holzsockel\",\"item\":\"https:\/\/www.eliassen.nl\/de\/sockel\/holzsockel\/\"},{\"@type\":\"ListItem\",\"position\":5,\"name\":\"Rattans\u00e4ule mit Plattform aus grauem Stein 70cm\"}]},{\"@type\":\"WebSite\",\"@id\":\"https:\/\/www.eliassen.nl\/de\/#website\",\"url\":\"https:\/\/www.eliassen.nl\/de\/\",\"name\":\"Eliassen Home & Garden Pleasure\",\"description\":\"\",\"publisher\":{\"@id\":\"https:\/\/www.eliassen.nl\/de\/#organization\"},\"alternateName\":\"Eliassen.nl\",\"potentialAction\":[{\"@type\":\"SearchAction\",\"target\":{\"@type\":\"EntryPoint\",\"urlTemplate\":\"https:\/\/www.eliassen.nl\/de\/?s={search_term_string}\"},\"query-input\":{\"@type\":\"PropertyValueSpecification\",\"valueRequired\":true,\"valueName\":\"search_term_string\"}}],\"inLanguage\":\"de\"},{\"@type\":[\"Organization\",\"Place\"],\"@id\":\"https:\/\/www.eliassen.nl\/de\/#organization\",\"name\":\"Eliassen Home & Garden Pleasure\",\"url\":\"https:\/\/www.eliassen.nl\/de\/\",\"logo\":{\"@id\":\"https:\/\/www.eliassen.nl\/de\/product\/rattansaeule-mit-plattform-aus-grauem-stein-70cm\/#local-main-organization-logo\"},\"image\":{\"@id\":\"https:\/\/www.eliassen.nl\/de\/product\/rattansaeule-mit-plattform-aus-grauem-stein-70cm\/#local-main-organization-logo\"},\"sameAs\":[\"https:\/\/www.facebook.com\/TuincentrumEliassenAmmerzoden\",\"https:\/\/www.instagram.com\/eliassenhomeandgarden\/\",\"https:\/\/nl.pinterest.com\/eliassenhomeandgarden\/\",\"https:\/\/www.youtube.com\/@eliassenhomegardenpleasure4558\"],\"telephone\":[],\"openingHoursSpecification\":[{\"@type\":\"OpeningHoursSpecification\",\"dayOfWeek\":[\"Monday\",\"Tuesday\",\"Wednesday\",\"Thursday\",\"Friday\",\"Saturday\",\"Sunday\"],\"opens\":\"09:00\",\"closes\":\"17:00\"}]},{\"@type\":\"ImageObject\",\"inLanguage\":\"de\",\"@id\":\"https:\/\/www.eliassen.nl\/de\/product\/rattansaeule-mit-plattform-aus-grauem-stein-70cm\/#local-main-organization-logo\",\"url\":\"https:\/\/www.eliassen.nl\/wp-content\/uploads\/2024\/01\/logo_4nd.jpg\",\"contentUrl\":\"https:\/\/www.eliassen.nl\/wp-content\/uploads\/2024\/01\/logo_4nd.jpg\",\"width\":500,\"height\":500,\"caption\":\"Eliassen Home & Garden Pleasure\"}]}<\/script>\n<meta property=\"product:price:amount\" content=\"99.00\" \/>\n<meta property=\"product:price:currency\" content=\"EUR\" \/>\n<meta property=\"og:availability\" content=\"instock\" \/>\n<meta property=\"product:availability\" content=\"instock\" \/>\n<meta property=\"product:retailer_item_id\" content=\"900067\" \/>\n<meta property=\"product:condition\" content=\"new\" \/>\n<!-- \/ Yoast SEO Premium plugin. -->","yoast_head_json":{"title":"Sonstige Rattans\u00e4ule mit Plattform aus grauem Stein 70cm - Eliassen.nl","description":"Pr\u00e4sentieren Sie Ihre Skulpturen stilvoll auf dieser robusten Rattans\u00e4ule (70cm) mit grauer Steinplattform. Ein sch\u00f6ner, nat\u00fcrlicher Sockel f\u00fcr Ihr Interieur.","robots":{"index":"index","follow":"follow","max-snippet":"max-snippet:-1","max-image-preview":"max-image-preview:large","max-video-preview":"max-video-preview:-1"},"canonical":"https:\/\/www.eliassen.nl\/de\/product\/rattansaeule-mit-plattform-aus-grauem-stein-70cm\/","og_locale":"de_DE","og_type":"article","og_title":"Sonstige Rattans\u00e4ule mit Plattform aus grauem Stein 70cm - Eliassen.nl","og_description":"Pr\u00e4sentieren Sie Ihre Skulpturen stilvoll auf dieser robusten Rattans\u00e4ule (70cm) mit grauer Steinplattform. Ein sch\u00f6ner, nat\u00fcrlicher Sockel f\u00fcr Ihr Interieur.","og_url":"https:\/\/www.eliassen.nl\/de\/product\/rattansaeule-mit-plattform-aus-grauem-stein-70cm\/","og_site_name":"Eliassen.nl","article_publisher":"https:\/\/www.facebook.com\/TuincentrumEliassenAmmerzoden","og_image":[{"width":1035,"height":1624,"url":"https:\/\/www.eliassen.nl\/wp-content\/uploads\/2026\/04\/pro-5qeRXMBI.jpeg","type":"image\/jpeg"}],"twitter_card":"summary_large_image","schema":{"@context":"https:\/\/schema.org","@graph":[{"@type":"WebPage","@id":"https:\/\/www.eliassen.nl\/de\/product\/rattansaeule-mit-plattform-aus-grauem-stein-70cm\/","url":"https:\/\/www.eliassen.nl\/de\/product\/rattansaeule-mit-plattform-aus-grauem-stein-70cm\/","name":"Sonstige Rattans\u00e4ule mit Plattform aus grauem Stein 70cm - Eliassen.nl","isPartOf":{"@id":"https:\/\/www.eliassen.nl\/de\/#website"},"primaryImageOfPage":{"@id":"https:\/\/www.eliassen.nl\/de\/product\/rattansaeule-mit-plattform-aus-grauem-stein-70cm\/#primaryimage"},"image":{"@id":"https:\/\/www.eliassen.nl\/de\/product\/rattansaeule-mit-plattform-aus-grauem-stein-70cm\/#primaryimage"},"thumbnailUrl":"https:\/\/www.eliassen.nl\/wp-content\/uploads\/2026\/04\/pro-5qeRXMBI.jpeg","datePublished":"2026-04-17T12:08:07+00:00","description":"Pr\u00e4sentieren Sie Ihre Skulpturen stilvoll auf dieser robusten Rattans\u00e4ule (70cm) mit grauer Steinplattform. Ein sch\u00f6ner, nat\u00fcrlicher Sockel f\u00fcr Ihr Interieur.","breadcrumb":{"@id":"https:\/\/www.eliassen.nl\/de\/product\/rattansaeule-mit-plattform-aus-grauem-stein-70cm\/#breadcrumb"},"inLanguage":"de","potentialAction":[{"@type":"ReadAction","target":["https:\/\/www.eliassen.nl\/de\/product\/rattansaeule-mit-plattform-aus-grauem-stein-70cm\/"]}]},{"@type":"ImageObject","inLanguage":"de","@id":"https:\/\/www.eliassen.nl\/de\/product\/rattansaeule-mit-plattform-aus-grauem-stein-70cm\/#primaryimage","url":"https:\/\/www.eliassen.nl\/wp-content\/uploads\/2026\/04\/pro-5qeRXMBI.jpeg","contentUrl":"https:\/\/www.eliassen.nl\/wp-content\/uploads\/2026\/04\/pro-5qeRXMBI.jpeg","width":1035,"height":1624,"caption":"Rattans\u00e4ule mit Blaustein-Plattform 70cm hoch - Eliassen.nl"},{"@type":"BreadcrumbList","@id":"https:\/\/www.eliassen.nl\/de\/product\/rattansaeule-mit-plattform-aus-grauem-stein-70cm\/#breadcrumb","itemListElement":[{"@type":"ListItem","position":1,"name":"Home","item":"https:\/\/www.eliassen.nl\/de\/"},{"@type":"ListItem","position":2,"name":"Shop","item":"https:\/\/www.eliassen.nl\/de\/shop\/"},{"@type":"ListItem","position":3,"name":"Sockel","item":"https:\/\/www.eliassen.nl\/de\/sockel\/"},{"@type":"ListItem","position":4,"name":"Holzsockel","item":"https:\/\/www.eliassen.nl\/de\/sockel\/holzsockel\/"},{"@type":"ListItem","position":5,"name":"Rattans\u00e4ule mit Plattform aus grauem Stein 70cm"}]},{"@type":"WebSite","@id":"https:\/\/www.eliassen.nl\/de\/#website","url":"https:\/\/www.eliassen.nl\/de\/","name":"Eliassen Home & Garden Pleasure","description":"","publisher":{"@id":"https:\/\/www.eliassen.nl\/de\/#organization"},"alternateName":"Eliassen.nl","potentialAction":[{"@type":"SearchAction","target":{"@type":"EntryPoint","urlTemplate":"https:\/\/www.eliassen.nl\/de\/?s={search_term_string}"},"query-input":{"@type":"PropertyValueSpecification","valueRequired":true,"valueName":"search_term_string"}}],"inLanguage":"de"},{"@type":["Organization","Place"],"@id":"https:\/\/www.eliassen.nl\/de\/#organization","name":"Eliassen Home & Garden Pleasure","url":"https:\/\/www.eliassen.nl\/de\/","logo":{"@id":"https:\/\/www.eliassen.nl\/de\/product\/rattansaeule-mit-plattform-aus-grauem-stein-70cm\/#local-main-organization-logo"},"image":{"@id":"https:\/\/www.eliassen.nl\/de\/product\/rattansaeule-mit-plattform-aus-grauem-stein-70cm\/#local-main-organization-logo"},"sameAs":["https:\/\/www.facebook.com\/TuincentrumEliassenAmmerzoden","https:\/\/www.instagram.com\/eliassenhomeandgarden\/","https:\/\/nl.pinterest.com\/eliassenhomeandgarden\/","https:\/\/www.youtube.com\/@eliassenhomegardenpleasure4558"],"telephone":[],"openingHoursSpecification":[{"@type":"OpeningHoursSpecification","dayOfWeek":["Monday","Tuesday","Wednesday","Thursday","Friday","Saturday","Sunday"],"opens":"09:00","closes":"17:00"}]},{"@type":"ImageObject","inLanguage":"de","@id":"https:\/\/www.eliassen.nl\/de\/product\/rattansaeule-mit-plattform-aus-grauem-stein-70cm\/#local-main-organization-logo","url":"https:\/\/www.eliassen.nl\/wp-content\/uploads\/2024\/01\/logo_4nd.jpg","contentUrl":"https:\/\/www.eliassen.nl\/wp-content\/uploads\/2024\/01\/logo_4nd.jpg","width":500,"height":500,"caption":"Eliassen Home & Garden Pleasure"}]},"product_price_amount":"99.00","product_price_currency":"EUR","og_availability":"instock","product_availability":"instock","product_retailer_item_id":"900067","product_condition":"new"},"df_price":99,"df_sale_price":"","df_regular_price":99,"df_image_link":"https:\/\/www.eliassen.nl\/wp-content\/uploads\/2026\/04\/pro-5qeRXMBI-191x300.jpeg","image":"https:\/\/www.eliassen.nl\/wp-content\/uploads\/2026\/04\/pro-5qeRXMBI-150x150.jpeg","price_search":"<span class=\"woocommerce-Price-amount amount\"><bdi><span class=\"woocommerce-Price-currencySymbol\">&euro;<\/span>&nbsp;99,00<\/bdi><\/span>","category":"Holzsockel","global_unique_id":"8714763353984","_links":{"self":[{"href":"https:\/\/www.eliassen.nl\/de\/wp-json\/wp\/v2\/product\/212066","targetHints":{"allow":["GET"]}}],"collection":[{"href":"https:\/\/www.eliassen.nl\/de\/wp-json\/wp\/v2\/product"}],"about":[{"href":"https:\/\/www.eliassen.nl\/de\/wp-json\/wp\/v2\/types\/product"}],"wp:featuredmedia":[{"embeddable":true,"href":"https:\/\/www.eliassen.nl\/de\/wp-json\/wp\/v2\/media\/211444"}],"wp:attachment":[{"href":"https:\/\/www.eliassen.nl\/de\/wp-json\/wp\/v2\/media?parent=212066"}],"wp:term":[{"taxonomy":"product_brand","embeddable":true,"href":"https:\/\/www.eliassen.nl\/de\/wp-json\/wp\/v2\/product_brand?post=212066"},{"taxonomy":"product_cat","embeddable":true,"href":"https:\/\/www.eliassen.nl\/de\/wp-json\/wp\/v2\/product_cat?post=212066"},{"taxonomy":"product_tag","embeddable":true,"href":"https:\/\/www.eliassen.nl\/de\/wp-json\/wp\/v2\/product_tag?post=212066"}],"curies":[{"name":"wp","href":"https:\/\/api.w.org\/{rel}","templated":true}]}}