{"id":212064,"date":"2026-04-17T14:05:39","date_gmt":"2026-04-17T12:05:39","guid":{"rendered":"https:\/\/www.eliassen.nl\/product\/rattansaeule-mit-steingrauer-plattform-105cm\/"},"modified":"2026-04-17T14:05:39","modified_gmt":"2026-04-17T12:05:39","slug":"rattansaeule-mit-steingrauer-plattform-105cm","status":"publish","type":"product","link":"https:\/\/www.eliassen.nl\/de\/product\/rattansaeule-mit-steingrauer-plattform-105cm\/","title":{"rendered":"Rattans\u00e4ule mit steingrauer Plattform 105cm"},"content":{"rendered":"<p>Suchen Sie nach einer nat\u00fcrlichen und stilvollen M\u00f6glichkeit, Ihre Lieblingsstatue, -pflanze oder -vase zu pr\u00e4sentieren? Diese sch\u00f6ne Rattans\u00e4ule mit einer beeindruckenden H\u00f6he von 105 Zentimetern ist die perfekte Erg\u00e4nzung f\u00fcr Ihr Interieur oder Ihren Baldachin. Die S\u00e4ule ist sorgf\u00e4ltig aus einem starken und langlebigen Rattanrahmen gefertigt, der ihr einen warmen, rustikalen und dennoch modernen Look verleiht. Oben ist der Sockel mit einer massiven, grauen Blausteinplattform von etwa 13 Millimetern Dicke wundersch\u00f6n verarbeitet. Die glatte Steinoberfl\u00e4che bildet einen sch\u00f6nen Kontrast zu dem handgeflochtenen Rattan und bietet eine \u00e4u\u00dferst stabile Basis f\u00fcr Ihre wertvollen Dekorationsgegenst\u00e4nde. Mit einer Grundgr\u00f6\u00dfe von 35 mal 35 Zentimetern nimmt diese S\u00e4ule nicht zu viel Platz ein, aber sie zieht auf subtile Weise die Aufmerksamkeit auf sich. Bringen Sie mit dieser einzigartigen Kombination von Materialien Atmosph\u00e4re in Ihr Zuhause. Machen wir es uns gem\u00fctlich!<\/p>\n","protected":false},"excerpt":{"rendered":"<p>Diese robuste 105 Zentimeter hohe Rattans\u00e4ule bietet eine stilvolle und stabile Basis f\u00fcr Ihre sch\u00f6nsten Statuen oder Pflanzen. Das kr\u00e4ftige, nat\u00fcrliche Geflecht bietet einen sch\u00f6nen Kontrast zu der grauen, 13 Millimeter dicken Blausteinplattform an der Spitze. Mit einer Gr\u00f6\u00dfe von 35 x 35 Zentimetern passt dieser zeitlose Sockel perfekt zu fast jeder Einrichtung.<\/p>\n","protected":false},"featured_media":211434,"template":"","meta":{"_acf_changed":false,"_genesis_title":"","_genesis_description":""},"product_brand":[7505],"product_cat":[794,782],"product_tag":[],"class_list":{"0":"post-212064","1":"product","2":"type-product","3":"status-publish","4":"has-post-thumbnail","6":"product_brand-sonstige","7":"product_cat-holzsockel","8":"product_cat-sockel","10":"first","11":"instock","12":"taxable","13":"shipping-taxable","14":"purchasable","15":"product-type-simple"},"acf":[],"meta_all":{"cor_restricted_countries":[],"total_sales":"0"},"meta_all_flat":{"total_sales":"0"},"yoast_head":"<!-- This site is optimized with the Yoast SEO Premium plugin v26.2 (Yoast SEO v27.2) - https:\/\/yoast.com\/product\/yoast-seo-premium-wordpress\/ -->\n<title>Sonstige Rattans\u00e4ule mit steingrauer Plattform 105cm - Eliassen.nl<\/title>\n<meta name=\"description\" content=\"Pr\u00e4sentieren Sie Ihre Skulpturen stilvoll auf dieser robusten Rattans\u00e4ule (105cm) mit grauer Steinplattform. Ein sch\u00f6ner, nat\u00fcrlicher Sockel f\u00fcr Ihr Interieur.\" \/>\n<meta name=\"robots\" content=\"index, follow, max-snippet:-1, max-image-preview:large, max-video-preview:-1\" \/>\n<link rel=\"canonical\" href=\"https:\/\/www.eliassen.nl\/de\/product\/rattansaeule-mit-steingrauer-plattform-105cm\/\" \/>\n<meta property=\"og:locale\" content=\"de_DE\" \/>\n<meta property=\"og:type\" content=\"article\" \/>\n<meta property=\"og:title\" content=\"Sonstige Rattans\u00e4ule mit steingrauer Plattform 105cm - Eliassen.nl\" \/>\n<meta property=\"og:description\" content=\"Pr\u00e4sentieren Sie Ihre Skulpturen stilvoll auf dieser robusten Rattans\u00e4ule (105cm) mit grauer Steinplattform. Ein sch\u00f6ner, nat\u00fcrlicher Sockel f\u00fcr Ihr Interieur.\" \/>\n<meta property=\"og:url\" content=\"https:\/\/www.eliassen.nl\/de\/product\/rattansaeule-mit-steingrauer-plattform-105cm\/\" \/>\n<meta property=\"og:site_name\" content=\"Eliassen.nl\" \/>\n<meta property=\"article:publisher\" content=\"https:\/\/www.facebook.com\/TuincentrumEliassenAmmerzoden\" \/>\n<meta property=\"og:image\" content=\"https:\/\/www.eliassen.nl\/wp-content\/uploads\/2026\/04\/pro-RVzd8Hb1.jpeg\" \/>\n\t<meta property=\"og:image:width\" content=\"1334\" \/>\n\t<meta property=\"og:image:height\" content=\"2287\" \/>\n\t<meta property=\"og:image:type\" content=\"image\/jpeg\" \/>\n<meta name=\"twitter:card\" content=\"summary_large_image\" \/>\n<script type=\"application\/ld+json\" class=\"yoast-schema-graph\">{\"@context\":\"https:\/\/schema.org\",\"@graph\":[{\"@type\":\"WebPage\",\"@id\":\"https:\/\/www.eliassen.nl\/de\/product\/rattansaeule-mit-steingrauer-plattform-105cm\/\",\"url\":\"https:\/\/www.eliassen.nl\/de\/product\/rattansaeule-mit-steingrauer-plattform-105cm\/\",\"name\":\"Sonstige Rattans\u00e4ule mit steingrauer Plattform 105cm - Eliassen.nl\",\"isPartOf\":{\"@id\":\"https:\/\/www.eliassen.nl\/de\/#website\"},\"primaryImageOfPage\":{\"@id\":\"https:\/\/www.eliassen.nl\/de\/product\/rattansaeule-mit-steingrauer-plattform-105cm\/#primaryimage\"},\"image\":{\"@id\":\"https:\/\/www.eliassen.nl\/de\/product\/rattansaeule-mit-steingrauer-plattform-105cm\/#primaryimage\"},\"thumbnailUrl\":\"https:\/\/www.eliassen.nl\/wp-content\/uploads\/2026\/04\/pro-RVzd8Hb1.jpeg\",\"datePublished\":\"2026-04-17T12:05:39+00:00\",\"description\":\"Pr\u00e4sentieren Sie Ihre Skulpturen stilvoll auf dieser robusten Rattans\u00e4ule (105cm) mit grauer Steinplattform. Ein sch\u00f6ner, nat\u00fcrlicher Sockel f\u00fcr Ihr Interieur.\",\"breadcrumb\":{\"@id\":\"https:\/\/www.eliassen.nl\/de\/product\/rattansaeule-mit-steingrauer-plattform-105cm\/#breadcrumb\"},\"inLanguage\":\"de\",\"potentialAction\":[{\"@type\":\"ReadAction\",\"target\":[\"https:\/\/www.eliassen.nl\/de\/product\/rattansaeule-mit-steingrauer-plattform-105cm\/\"]}]},{\"@type\":\"ImageObject\",\"inLanguage\":\"de\",\"@id\":\"https:\/\/www.eliassen.nl\/de\/product\/rattansaeule-mit-steingrauer-plattform-105cm\/#primaryimage\",\"url\":\"https:\/\/www.eliassen.nl\/wp-content\/uploads\/2026\/04\/pro-RVzd8Hb1.jpeg\",\"contentUrl\":\"https:\/\/www.eliassen.nl\/wp-content\/uploads\/2026\/04\/pro-RVzd8Hb1.jpeg\",\"width\":1334,\"height\":2287,\"caption\":\"Rattans\u00e4ule mit Hartsteinplattform 105cm hoch - Eliassen.nl\"},{\"@type\":\"BreadcrumbList\",\"@id\":\"https:\/\/www.eliassen.nl\/de\/product\/rattansaeule-mit-steingrauer-plattform-105cm\/#breadcrumb\",\"itemListElement\":[{\"@type\":\"ListItem\",\"position\":1,\"name\":\"Home\",\"item\":\"https:\/\/www.eliassen.nl\/de\/\"},{\"@type\":\"ListItem\",\"position\":2,\"name\":\"Shop\",\"item\":\"https:\/\/www.eliassen.nl\/de\/shop\/\"},{\"@type\":\"ListItem\",\"position\":3,\"name\":\"Sockel\",\"item\":\"https:\/\/www.eliassen.nl\/de\/sockel\/\"},{\"@type\":\"ListItem\",\"position\":4,\"name\":\"Rattans\u00e4ule mit steingrauer Plattform 105cm\"}]},{\"@type\":\"WebSite\",\"@id\":\"https:\/\/www.eliassen.nl\/de\/#website\",\"url\":\"https:\/\/www.eliassen.nl\/de\/\",\"name\":\"Eliassen Home & Garden Pleasure\",\"description\":\"\",\"publisher\":{\"@id\":\"https:\/\/www.eliassen.nl\/de\/#organization\"},\"alternateName\":\"Eliassen.nl\",\"potentialAction\":[{\"@type\":\"SearchAction\",\"target\":{\"@type\":\"EntryPoint\",\"urlTemplate\":\"https:\/\/www.eliassen.nl\/de\/?s={search_term_string}\"},\"query-input\":{\"@type\":\"PropertyValueSpecification\",\"valueRequired\":true,\"valueName\":\"search_term_string\"}}],\"inLanguage\":\"de\"},{\"@type\":[\"Organization\",\"Place\"],\"@id\":\"https:\/\/www.eliassen.nl\/de\/#organization\",\"name\":\"Eliassen Home & Garden Pleasure\",\"url\":\"https:\/\/www.eliassen.nl\/de\/\",\"logo\":{\"@id\":\"https:\/\/www.eliassen.nl\/de\/product\/rattansaeule-mit-steingrauer-plattform-105cm\/#local-main-organization-logo\"},\"image\":{\"@id\":\"https:\/\/www.eliassen.nl\/de\/product\/rattansaeule-mit-steingrauer-plattform-105cm\/#local-main-organization-logo\"},\"sameAs\":[\"https:\/\/www.facebook.com\/TuincentrumEliassenAmmerzoden\",\"https:\/\/www.instagram.com\/eliassenhomeandgarden\/\",\"https:\/\/nl.pinterest.com\/eliassenhomeandgarden\/\",\"https:\/\/www.youtube.com\/@eliassenhomegardenpleasure4558\"],\"telephone\":[],\"openingHoursSpecification\":[{\"@type\":\"OpeningHoursSpecification\",\"dayOfWeek\":[\"Monday\",\"Tuesday\",\"Wednesday\",\"Thursday\",\"Friday\",\"Saturday\",\"Sunday\"],\"opens\":\"09:00\",\"closes\":\"17:00\"}]},{\"@type\":\"ImageObject\",\"inLanguage\":\"de\",\"@id\":\"https:\/\/www.eliassen.nl\/de\/product\/rattansaeule-mit-steingrauer-plattform-105cm\/#local-main-organization-logo\",\"url\":\"https:\/\/www.eliassen.nl\/wp-content\/uploads\/2024\/01\/logo_4nd.jpg\",\"contentUrl\":\"https:\/\/www.eliassen.nl\/wp-content\/uploads\/2024\/01\/logo_4nd.jpg\",\"width\":500,\"height\":500,\"caption\":\"Eliassen Home & Garden Pleasure\"}]}<\/script>\n<meta property=\"product:price:amount\" content=\"129.00\" \/>\n<meta property=\"product:price:currency\" content=\"EUR\" \/>\n<meta property=\"og:availability\" content=\"instock\" \/>\n<meta property=\"product:availability\" content=\"instock\" \/>\n<meta property=\"product:retailer_item_id\" content=\"900066\" \/>\n<meta property=\"product:condition\" content=\"new\" \/>\n<!-- \/ Yoast SEO Premium plugin. -->","yoast_head_json":{"title":"Sonstige Rattans\u00e4ule mit steingrauer Plattform 105cm - Eliassen.nl","description":"Pr\u00e4sentieren Sie Ihre Skulpturen stilvoll auf dieser robusten Rattans\u00e4ule (105cm) mit grauer Steinplattform. Ein sch\u00f6ner, nat\u00fcrlicher Sockel f\u00fcr Ihr Interieur.","robots":{"index":"index","follow":"follow","max-snippet":"max-snippet:-1","max-image-preview":"max-image-preview:large","max-video-preview":"max-video-preview:-1"},"canonical":"https:\/\/www.eliassen.nl\/de\/product\/rattansaeule-mit-steingrauer-plattform-105cm\/","og_locale":"de_DE","og_type":"article","og_title":"Sonstige Rattans\u00e4ule mit steingrauer Plattform 105cm - Eliassen.nl","og_description":"Pr\u00e4sentieren Sie Ihre Skulpturen stilvoll auf dieser robusten Rattans\u00e4ule (105cm) mit grauer Steinplattform. Ein sch\u00f6ner, nat\u00fcrlicher Sockel f\u00fcr Ihr Interieur.","og_url":"https:\/\/www.eliassen.nl\/de\/product\/rattansaeule-mit-steingrauer-plattform-105cm\/","og_site_name":"Eliassen.nl","article_publisher":"https:\/\/www.facebook.com\/TuincentrumEliassenAmmerzoden","og_image":[{"width":1334,"height":2287,"url":"https:\/\/www.eliassen.nl\/wp-content\/uploads\/2026\/04\/pro-RVzd8Hb1.jpeg","type":"image\/jpeg"}],"twitter_card":"summary_large_image","schema":{"@context":"https:\/\/schema.org","@graph":[{"@type":"WebPage","@id":"https:\/\/www.eliassen.nl\/de\/product\/rattansaeule-mit-steingrauer-plattform-105cm\/","url":"https:\/\/www.eliassen.nl\/de\/product\/rattansaeule-mit-steingrauer-plattform-105cm\/","name":"Sonstige Rattans\u00e4ule mit steingrauer Plattform 105cm - Eliassen.nl","isPartOf":{"@id":"https:\/\/www.eliassen.nl\/de\/#website"},"primaryImageOfPage":{"@id":"https:\/\/www.eliassen.nl\/de\/product\/rattansaeule-mit-steingrauer-plattform-105cm\/#primaryimage"},"image":{"@id":"https:\/\/www.eliassen.nl\/de\/product\/rattansaeule-mit-steingrauer-plattform-105cm\/#primaryimage"},"thumbnailUrl":"https:\/\/www.eliassen.nl\/wp-content\/uploads\/2026\/04\/pro-RVzd8Hb1.jpeg","datePublished":"2026-04-17T12:05:39+00:00","description":"Pr\u00e4sentieren Sie Ihre Skulpturen stilvoll auf dieser robusten Rattans\u00e4ule (105cm) mit grauer Steinplattform. Ein sch\u00f6ner, nat\u00fcrlicher Sockel f\u00fcr Ihr Interieur.","breadcrumb":{"@id":"https:\/\/www.eliassen.nl\/de\/product\/rattansaeule-mit-steingrauer-plattform-105cm\/#breadcrumb"},"inLanguage":"de","potentialAction":[{"@type":"ReadAction","target":["https:\/\/www.eliassen.nl\/de\/product\/rattansaeule-mit-steingrauer-plattform-105cm\/"]}]},{"@type":"ImageObject","inLanguage":"de","@id":"https:\/\/www.eliassen.nl\/de\/product\/rattansaeule-mit-steingrauer-plattform-105cm\/#primaryimage","url":"https:\/\/www.eliassen.nl\/wp-content\/uploads\/2026\/04\/pro-RVzd8Hb1.jpeg","contentUrl":"https:\/\/www.eliassen.nl\/wp-content\/uploads\/2026\/04\/pro-RVzd8Hb1.jpeg","width":1334,"height":2287,"caption":"Rattans\u00e4ule mit Hartsteinplattform 105cm hoch - Eliassen.nl"},{"@type":"BreadcrumbList","@id":"https:\/\/www.eliassen.nl\/de\/product\/rattansaeule-mit-steingrauer-plattform-105cm\/#breadcrumb","itemListElement":[{"@type":"ListItem","position":1,"name":"Home","item":"https:\/\/www.eliassen.nl\/de\/"},{"@type":"ListItem","position":2,"name":"Shop","item":"https:\/\/www.eliassen.nl\/de\/shop\/"},{"@type":"ListItem","position":3,"name":"Sockel","item":"https:\/\/www.eliassen.nl\/de\/sockel\/"},{"@type":"ListItem","position":4,"name":"Rattans\u00e4ule mit steingrauer Plattform 105cm"}]},{"@type":"WebSite","@id":"https:\/\/www.eliassen.nl\/de\/#website","url":"https:\/\/www.eliassen.nl\/de\/","name":"Eliassen Home & Garden Pleasure","description":"","publisher":{"@id":"https:\/\/www.eliassen.nl\/de\/#organization"},"alternateName":"Eliassen.nl","potentialAction":[{"@type":"SearchAction","target":{"@type":"EntryPoint","urlTemplate":"https:\/\/www.eliassen.nl\/de\/?s={search_term_string}"},"query-input":{"@type":"PropertyValueSpecification","valueRequired":true,"valueName":"search_term_string"}}],"inLanguage":"de"},{"@type":["Organization","Place"],"@id":"https:\/\/www.eliassen.nl\/de\/#organization","name":"Eliassen Home & Garden Pleasure","url":"https:\/\/www.eliassen.nl\/de\/","logo":{"@id":"https:\/\/www.eliassen.nl\/de\/product\/rattansaeule-mit-steingrauer-plattform-105cm\/#local-main-organization-logo"},"image":{"@id":"https:\/\/www.eliassen.nl\/de\/product\/rattansaeule-mit-steingrauer-plattform-105cm\/#local-main-organization-logo"},"sameAs":["https:\/\/www.facebook.com\/TuincentrumEliassenAmmerzoden","https:\/\/www.instagram.com\/eliassenhomeandgarden\/","https:\/\/nl.pinterest.com\/eliassenhomeandgarden\/","https:\/\/www.youtube.com\/@eliassenhomegardenpleasure4558"],"telephone":[],"openingHoursSpecification":[{"@type":"OpeningHoursSpecification","dayOfWeek":["Monday","Tuesday","Wednesday","Thursday","Friday","Saturday","Sunday"],"opens":"09:00","closes":"17:00"}]},{"@type":"ImageObject","inLanguage":"de","@id":"https:\/\/www.eliassen.nl\/de\/product\/rattansaeule-mit-steingrauer-plattform-105cm\/#local-main-organization-logo","url":"https:\/\/www.eliassen.nl\/wp-content\/uploads\/2024\/01\/logo_4nd.jpg","contentUrl":"https:\/\/www.eliassen.nl\/wp-content\/uploads\/2024\/01\/logo_4nd.jpg","width":500,"height":500,"caption":"Eliassen Home & Garden Pleasure"}]},"product_price_amount":"129.00","product_price_currency":"EUR","og_availability":"instock","product_availability":"instock","product_retailer_item_id":"900066","product_condition":"new"},"df_price":129,"df_sale_price":"","df_regular_price":129,"df_image_link":"https:\/\/www.eliassen.nl\/wp-content\/uploads\/2026\/04\/pro-RVzd8Hb1-175x300.jpeg","image":"https:\/\/www.eliassen.nl\/wp-content\/uploads\/2026\/04\/pro-RVzd8Hb1-150x150.jpeg","price_search":"<span class=\"woocommerce-Price-amount amount\"><bdi><span class=\"woocommerce-Price-currencySymbol\">&euro;<\/span>&nbsp;129,00<\/bdi><\/span>","category":"Holzsockel","global_unique_id":"8714763353977","_links":{"self":[{"href":"https:\/\/www.eliassen.nl\/de\/wp-json\/wp\/v2\/product\/212064","targetHints":{"allow":["GET"]}}],"collection":[{"href":"https:\/\/www.eliassen.nl\/de\/wp-json\/wp\/v2\/product"}],"about":[{"href":"https:\/\/www.eliassen.nl\/de\/wp-json\/wp\/v2\/types\/product"}],"wp:featuredmedia":[{"embeddable":true,"href":"https:\/\/www.eliassen.nl\/de\/wp-json\/wp\/v2\/media\/211434"}],"wp:attachment":[{"href":"https:\/\/www.eliassen.nl\/de\/wp-json\/wp\/v2\/media?parent=212064"}],"wp:term":[{"taxonomy":"product_brand","embeddable":true,"href":"https:\/\/www.eliassen.nl\/de\/wp-json\/wp\/v2\/product_brand?post=212064"},{"taxonomy":"product_cat","embeddable":true,"href":"https:\/\/www.eliassen.nl\/de\/wp-json\/wp\/v2\/product_cat?post=212064"},{"taxonomy":"product_tag","embeddable":true,"href":"https:\/\/www.eliassen.nl\/de\/wp-json\/wp\/v2\/product_tag?post=212064"}],"curies":[{"name":"wp","href":"https:\/\/api.w.org\/{rel}","templated":true}]}}