{"id":212059,"date":"2026-04-17T13:51:16","date_gmt":"2026-04-17T11:51:16","guid":{"rendered":"https:\/\/www.eliassen.nl\/product\/bienenwachs-klar-fuer-die-pflege-von-bronzeskulpturen\/"},"modified":"2026-04-17T13:54:35","modified_gmt":"2026-04-17T11:54:35","slug":"bienenwachs-klar-fuer-die-pflege-von-bronzeskulpturen","status":"publish","type":"product","link":"https:\/\/www.eliassen.nl\/de\/bienenwachs-klar-fuer-die-pflege-von-bronzeskulpturen\/","title":{"rendered":"Bienenwachs klar f\u00fcr die Pflege von Bronzeskulpturen"},"content":{"rendered":"<p>Pflegen Sie Ihre sch\u00f6nen Bronzeskulpturen mit diesem hochwertigen, klaren Bienenwachs der bew\u00e4hrten Marke Wiertz, einem Spezialisten seit 1946, in Topform. Diese Dose enth\u00e4lt 175 ccm antikes Wachs, angereichert mit nat\u00fcrlichem Bienenwachs, und eignet sich besonders f\u00fcr die optimale Pflege und den Schutz von Bronze. Seine Verwendung ist sehr einfach. Reinigen Sie das Bild zun\u00e4chst gr\u00fcndlich und entfernen Sie mit einer alten Zahnb\u00fcrste oder einem Tuch vorsichtig alle l\u00e4stigen Schmutzflecken. Dann reiben Sie das Bronzeobjekt mit einer Schicht dieses Bienenwachses ein. Lassen Sie es eine Weile einweichen und trocknen. Nach etwa 10 Minuten reiben Sie es vorsichtig mit einem sauberen, weichen Tuch aus. Auf diese Weise beh\u00e4lt Ihr Bild seinen authentischen Glanz und das Material bleibt gut gesch\u00fctzt. Ein unverzichtbares Produkt f\u00fcr die Pflege der Bronzeskulpturen in unserer Sammlung.<\/p>\n","protected":false},"excerpt":{"rendered":"<p>Dieses klare Wiertz Antikwachs mit nat\u00fcrlichem Bienenwachs in einer 175cc-Dose ist die perfekte Wahl f\u00fcr die Pflege Ihrer Bronzestatuen. Sie tragen das Wachs einfach auf ein gereinigtes Bild auf und reiben es nach zehn Minuten Trocknung aus, um einen sch\u00fctzenden Glanz zu erhalten. So bleiben Ihre Bronzekunstwerke m\u00fchelos \u00fcber Jahre hinweg in bestm\u00f6glichem Zustand.<\/p>\n","protected":false},"featured_media":210615,"template":"","meta":{"_acf_changed":false,"_genesis_title":"","_genesis_description":""},"product_brand":[7505],"product_cat":[803,1373,644,632,650,617,647,626,613,833,839,836,623,620,629,635,656,638,641],"product_tag":[],"class_list":{"0":"post-212059","1":"product","2":"type-product","3":"status-publish","4":"has-post-thumbnail","6":"product_brand-sonstige","7":"product_cat-abstrakte-statuen-aus-bronze","8":"product_cat-afrikanische-bronzestatuen","9":"product_cat-andere-bronzestatuen","10":"product_cat-bilder-von-dicken-frauen","11":"product_cat-bronze-toepfe-und-vasen","12":"product_cat-gartenstecker-bronze","13":"product_cat-bronzene-sonnenuhren","14":"product_cat-bronzestatue-von-kindern","15":"product_cat-bronzestatuen","16":"product_cat-bronzetiere-auf-stein","17":"product_cat-gartenpfaehle-aus-bronze","18":"product_cat-gartenstecker","19":"product_cat-klassische-bronzestatuen","20":"product_cat-moderne-bronzestatuen","21":"product_cat-nackte-bilder","22":"product_cat-tierstatuen-aus-bronze","23":"product_cat-urnen-und-grabschmuck","24":"product_cat-wanddekoration-aus-bronze","25":"product_cat-windspiele","27":"first","28":"instock","29":"taxable","30":"shipping-taxable","31":"purchasable","32":"product-type-simple"},"acf":[],"meta_all":{"cor_restricted_countries":[],"total_sales":"2"},"meta_all_flat":{"total_sales":"2"},"yoast_head":"<!-- This site is optimized with the Yoast SEO Premium plugin v26.2 (Yoast SEO v27.2) - https:\/\/yoast.com\/product\/yoast-seo-premium-wordpress\/ -->\n<title>Sonstige Bienenwachs klar f\u00fcr die Pflege von Bronzeskulpturen - Eliassen.nl<\/title>\n<meta name=\"description\" content=\"Pflegen Sie Ihre Bronzen optimal mit klarem Wiertz Bienenwachs (175cc). Einfach aufzutragen f\u00fcr einen sch\u00f6nen Glanz und Schutz.\" \/>\n<meta name=\"robots\" content=\"index, follow, max-snippet:-1, max-image-preview:large, max-video-preview:-1\" \/>\n<link rel=\"canonical\" href=\"https:\/\/www.eliassen.nl\/de\/bienenwachs-klar-fuer-die-pflege-von-bronzeskulpturen\/\" \/>\n<meta property=\"og:locale\" content=\"de_DE\" \/>\n<meta property=\"og:type\" content=\"article\" \/>\n<meta property=\"og:title\" content=\"Sonstige Bienenwachs klar f\u00fcr die Pflege von Bronzeskulpturen - Eliassen.nl\" \/>\n<meta property=\"og:description\" content=\"Pflegen Sie Ihre Bronzen optimal mit klarem Wiertz Bienenwachs (175cc). Einfach aufzutragen f\u00fcr einen sch\u00f6nen Glanz und Schutz.\" \/>\n<meta property=\"og:url\" content=\"https:\/\/www.eliassen.nl\/de\/bienenwachs-klar-fuer-die-pflege-von-bronzeskulpturen\/\" \/>\n<meta property=\"og:site_name\" content=\"Eliassen.nl\" \/>\n<meta property=\"article:publisher\" content=\"https:\/\/www.facebook.com\/TuincentrumEliassenAmmerzoden\" \/>\n<meta property=\"article:modified_time\" content=\"2026-04-17T11:54:35+00:00\" \/>\n<meta property=\"og:image\" content=\"https:\/\/www.eliassen.nl\/wp-content\/uploads\/2026\/03\/pro-9Bv8Q3GS.jpeg\" \/>\n\t<meta property=\"og:image:width\" content=\"2160\" \/>\n\t<meta property=\"og:image:height\" content=\"2374\" \/>\n\t<meta property=\"og:image:type\" content=\"image\/jpeg\" \/>\n<meta name=\"twitter:card\" content=\"summary_large_image\" \/>\n<script type=\"application\/ld+json\" class=\"yoast-schema-graph\">{\"@context\":\"https:\/\/schema.org\",\"@graph\":[{\"@type\":\"WebPage\",\"@id\":\"https:\/\/www.eliassen.nl\/de\/bienenwachs-klar-fuer-die-pflege-von-bronzeskulpturen\/\",\"url\":\"https:\/\/www.eliassen.nl\/de\/bienenwachs-klar-fuer-die-pflege-von-bronzeskulpturen\/\",\"name\":\"Sonstige Bienenwachs klar f\u00fcr die Pflege von Bronzeskulpturen - Eliassen.nl\",\"isPartOf\":{\"@id\":\"https:\/\/www.eliassen.nl\/de\/#website\"},\"primaryImageOfPage\":{\"@id\":\"https:\/\/www.eliassen.nl\/de\/bienenwachs-klar-fuer-die-pflege-von-bronzeskulpturen\/#primaryimage\"},\"image\":{\"@id\":\"https:\/\/www.eliassen.nl\/de\/bienenwachs-klar-fuer-die-pflege-von-bronzeskulpturen\/#primaryimage\"},\"thumbnailUrl\":\"https:\/\/www.eliassen.nl\/wp-content\/uploads\/2026\/03\/pro-9Bv8Q3GS.jpeg\",\"datePublished\":\"2026-04-17T11:51:16+00:00\",\"dateModified\":\"2026-04-17T11:54:35+00:00\",\"description\":\"Pflegen Sie Ihre Bronzen optimal mit klarem Wiertz Bienenwachs (175cc). Einfach aufzutragen f\u00fcr einen sch\u00f6nen Glanz und Schutz.\",\"breadcrumb\":{\"@id\":\"https:\/\/www.eliassen.nl\/de\/bienenwachs-klar-fuer-die-pflege-von-bronzeskulpturen\/#breadcrumb\"},\"inLanguage\":\"de\",\"potentialAction\":[{\"@type\":\"ReadAction\",\"target\":[\"https:\/\/www.eliassen.nl\/de\/bienenwachs-klar-fuer-die-pflege-von-bronzeskulpturen\/\"]}]},{\"@type\":\"ImageObject\",\"inLanguage\":\"de\",\"@id\":\"https:\/\/www.eliassen.nl\/de\/bienenwachs-klar-fuer-die-pflege-von-bronzeskulpturen\/#primaryimage\",\"url\":\"https:\/\/www.eliassen.nl\/wp-content\/uploads\/2026\/03\/pro-9Bv8Q3GS.jpeg\",\"contentUrl\":\"https:\/\/www.eliassen.nl\/wp-content\/uploads\/2026\/03\/pro-9Bv8Q3GS.jpeg\",\"width\":2160,\"height\":2374,\"caption\":\"Bienenwachs f\u00fcr die Reinigung von Bronze - Eliassen.nl\"},{\"@type\":\"BreadcrumbList\",\"@id\":\"https:\/\/www.eliassen.nl\/de\/bienenwachs-klar-fuer-die-pflege-von-bronzeskulpturen\/#breadcrumb\",\"itemListElement\":[{\"@type\":\"ListItem\",\"position\":1,\"name\":\"Home\",\"item\":\"https:\/\/www.eliassen.nl\/de\/\"},{\"@type\":\"ListItem\",\"position\":2,\"name\":\"Shop\",\"item\":\"https:\/\/www.eliassen.nl\/de\/shop\/\"},{\"@type\":\"ListItem\",\"position\":3,\"name\":\"Bronzestatuen\",\"item\":\"https:\/\/www.eliassen.nl\/de\/bronzestatuen\/\"},{\"@type\":\"ListItem\",\"position\":4,\"name\":\"Bienenwachs klar f\u00fcr die Pflege von Bronzeskulpturen\"}]},{\"@type\":\"WebSite\",\"@id\":\"https:\/\/www.eliassen.nl\/de\/#website\",\"url\":\"https:\/\/www.eliassen.nl\/de\/\",\"name\":\"Eliassen Home & Garden Pleasure\",\"description\":\"\",\"publisher\":{\"@id\":\"https:\/\/www.eliassen.nl\/de\/#organization\"},\"alternateName\":\"Eliassen.nl\",\"potentialAction\":[{\"@type\":\"SearchAction\",\"target\":{\"@type\":\"EntryPoint\",\"urlTemplate\":\"https:\/\/www.eliassen.nl\/de\/?s={search_term_string}\"},\"query-input\":{\"@type\":\"PropertyValueSpecification\",\"valueRequired\":true,\"valueName\":\"search_term_string\"}}],\"inLanguage\":\"de\"},{\"@type\":[\"Organization\",\"Place\"],\"@id\":\"https:\/\/www.eliassen.nl\/de\/#organization\",\"name\":\"Eliassen Home & Garden Pleasure\",\"url\":\"https:\/\/www.eliassen.nl\/de\/\",\"logo\":{\"@id\":\"https:\/\/www.eliassen.nl\/de\/bienenwachs-klar-fuer-die-pflege-von-bronzeskulpturen\/#local-main-organization-logo\"},\"image\":{\"@id\":\"https:\/\/www.eliassen.nl\/de\/bienenwachs-klar-fuer-die-pflege-von-bronzeskulpturen\/#local-main-organization-logo\"},\"sameAs\":[\"https:\/\/www.facebook.com\/TuincentrumEliassenAmmerzoden\",\"https:\/\/www.instagram.com\/eliassenhomeandgarden\/\",\"https:\/\/nl.pinterest.com\/eliassenhomeandgarden\/\",\"https:\/\/www.youtube.com\/@eliassenhomegardenpleasure4558\"],\"telephone\":[],\"openingHoursSpecification\":[{\"@type\":\"OpeningHoursSpecification\",\"dayOfWeek\":[\"Monday\",\"Tuesday\",\"Wednesday\",\"Thursday\",\"Friday\",\"Saturday\",\"Sunday\"],\"opens\":\"09:00\",\"closes\":\"17:00\"}]},{\"@type\":\"ImageObject\",\"inLanguage\":\"de\",\"@id\":\"https:\/\/www.eliassen.nl\/de\/bienenwachs-klar-fuer-die-pflege-von-bronzeskulpturen\/#local-main-organization-logo\",\"url\":\"https:\/\/www.eliassen.nl\/wp-content\/uploads\/2024\/01\/logo_4nd.jpg\",\"contentUrl\":\"https:\/\/www.eliassen.nl\/wp-content\/uploads\/2024\/01\/logo_4nd.jpg\",\"width\":500,\"height\":500,\"caption\":\"Eliassen Home & Garden Pleasure\"}]}<\/script>\n<meta property=\"product:price:amount\" content=\"6.95\" \/>\n<meta property=\"product:price:currency\" content=\"EUR\" \/>\n<meta property=\"og:availability\" content=\"instock\" \/>\n<meta property=\"product:availability\" content=\"instock\" \/>\n<meta property=\"product:retailer_item_id\" content=\"1010010\" \/>\n<meta property=\"product:condition\" content=\"new\" \/>\n<!-- \/ Yoast SEO Premium plugin. -->","yoast_head_json":{"title":"Sonstige Bienenwachs klar f\u00fcr die Pflege von Bronzeskulpturen - Eliassen.nl","description":"Pflegen Sie Ihre Bronzen optimal mit klarem Wiertz Bienenwachs (175cc). Einfach aufzutragen f\u00fcr einen sch\u00f6nen Glanz und Schutz.","robots":{"index":"index","follow":"follow","max-snippet":"max-snippet:-1","max-image-preview":"max-image-preview:large","max-video-preview":"max-video-preview:-1"},"canonical":"https:\/\/www.eliassen.nl\/de\/bienenwachs-klar-fuer-die-pflege-von-bronzeskulpturen\/","og_locale":"de_DE","og_type":"article","og_title":"Sonstige Bienenwachs klar f\u00fcr die Pflege von Bronzeskulpturen - Eliassen.nl","og_description":"Pflegen Sie Ihre Bronzen optimal mit klarem Wiertz Bienenwachs (175cc). Einfach aufzutragen f\u00fcr einen sch\u00f6nen Glanz und Schutz.","og_url":"https:\/\/www.eliassen.nl\/de\/bienenwachs-klar-fuer-die-pflege-von-bronzeskulpturen\/","og_site_name":"Eliassen.nl","article_publisher":"https:\/\/www.facebook.com\/TuincentrumEliassenAmmerzoden","article_modified_time":"2026-04-17T11:54:35+00:00","og_image":[{"width":2160,"height":2374,"url":"https:\/\/www.eliassen.nl\/wp-content\/uploads\/2026\/03\/pro-9Bv8Q3GS.jpeg","type":"image\/jpeg"}],"twitter_card":"summary_large_image","schema":{"@context":"https:\/\/schema.org","@graph":[{"@type":"WebPage","@id":"https:\/\/www.eliassen.nl\/de\/bienenwachs-klar-fuer-die-pflege-von-bronzeskulpturen\/","url":"https:\/\/www.eliassen.nl\/de\/bienenwachs-klar-fuer-die-pflege-von-bronzeskulpturen\/","name":"Sonstige Bienenwachs klar f\u00fcr die Pflege von Bronzeskulpturen - Eliassen.nl","isPartOf":{"@id":"https:\/\/www.eliassen.nl\/de\/#website"},"primaryImageOfPage":{"@id":"https:\/\/www.eliassen.nl\/de\/bienenwachs-klar-fuer-die-pflege-von-bronzeskulpturen\/#primaryimage"},"image":{"@id":"https:\/\/www.eliassen.nl\/de\/bienenwachs-klar-fuer-die-pflege-von-bronzeskulpturen\/#primaryimage"},"thumbnailUrl":"https:\/\/www.eliassen.nl\/wp-content\/uploads\/2026\/03\/pro-9Bv8Q3GS.jpeg","datePublished":"2026-04-17T11:51:16+00:00","dateModified":"2026-04-17T11:54:35+00:00","description":"Pflegen Sie Ihre Bronzen optimal mit klarem Wiertz Bienenwachs (175cc). Einfach aufzutragen f\u00fcr einen sch\u00f6nen Glanz und Schutz.","breadcrumb":{"@id":"https:\/\/www.eliassen.nl\/de\/bienenwachs-klar-fuer-die-pflege-von-bronzeskulpturen\/#breadcrumb"},"inLanguage":"de","potentialAction":[{"@type":"ReadAction","target":["https:\/\/www.eliassen.nl\/de\/bienenwachs-klar-fuer-die-pflege-von-bronzeskulpturen\/"]}]},{"@type":"ImageObject","inLanguage":"de","@id":"https:\/\/www.eliassen.nl\/de\/bienenwachs-klar-fuer-die-pflege-von-bronzeskulpturen\/#primaryimage","url":"https:\/\/www.eliassen.nl\/wp-content\/uploads\/2026\/03\/pro-9Bv8Q3GS.jpeg","contentUrl":"https:\/\/www.eliassen.nl\/wp-content\/uploads\/2026\/03\/pro-9Bv8Q3GS.jpeg","width":2160,"height":2374,"caption":"Bienenwachs f\u00fcr die Reinigung von Bronze - Eliassen.nl"},{"@type":"BreadcrumbList","@id":"https:\/\/www.eliassen.nl\/de\/bienenwachs-klar-fuer-die-pflege-von-bronzeskulpturen\/#breadcrumb","itemListElement":[{"@type":"ListItem","position":1,"name":"Home","item":"https:\/\/www.eliassen.nl\/de\/"},{"@type":"ListItem","position":2,"name":"Shop","item":"https:\/\/www.eliassen.nl\/de\/shop\/"},{"@type":"ListItem","position":3,"name":"Bronzestatuen","item":"https:\/\/www.eliassen.nl\/de\/bronzestatuen\/"},{"@type":"ListItem","position":4,"name":"Bienenwachs klar f\u00fcr die Pflege von Bronzeskulpturen"}]},{"@type":"WebSite","@id":"https:\/\/www.eliassen.nl\/de\/#website","url":"https:\/\/www.eliassen.nl\/de\/","name":"Eliassen Home & Garden Pleasure","description":"","publisher":{"@id":"https:\/\/www.eliassen.nl\/de\/#organization"},"alternateName":"Eliassen.nl","potentialAction":[{"@type":"SearchAction","target":{"@type":"EntryPoint","urlTemplate":"https:\/\/www.eliassen.nl\/de\/?s={search_term_string}"},"query-input":{"@type":"PropertyValueSpecification","valueRequired":true,"valueName":"search_term_string"}}],"inLanguage":"de"},{"@type":["Organization","Place"],"@id":"https:\/\/www.eliassen.nl\/de\/#organization","name":"Eliassen Home & Garden Pleasure","url":"https:\/\/www.eliassen.nl\/de\/","logo":{"@id":"https:\/\/www.eliassen.nl\/de\/bienenwachs-klar-fuer-die-pflege-von-bronzeskulpturen\/#local-main-organization-logo"},"image":{"@id":"https:\/\/www.eliassen.nl\/de\/bienenwachs-klar-fuer-die-pflege-von-bronzeskulpturen\/#local-main-organization-logo"},"sameAs":["https:\/\/www.facebook.com\/TuincentrumEliassenAmmerzoden","https:\/\/www.instagram.com\/eliassenhomeandgarden\/","https:\/\/nl.pinterest.com\/eliassenhomeandgarden\/","https:\/\/www.youtube.com\/@eliassenhomegardenpleasure4558"],"telephone":[],"openingHoursSpecification":[{"@type":"OpeningHoursSpecification","dayOfWeek":["Monday","Tuesday","Wednesday","Thursday","Friday","Saturday","Sunday"],"opens":"09:00","closes":"17:00"}]},{"@type":"ImageObject","inLanguage":"de","@id":"https:\/\/www.eliassen.nl\/de\/bienenwachs-klar-fuer-die-pflege-von-bronzeskulpturen\/#local-main-organization-logo","url":"https:\/\/www.eliassen.nl\/wp-content\/uploads\/2024\/01\/logo_4nd.jpg","contentUrl":"https:\/\/www.eliassen.nl\/wp-content\/uploads\/2024\/01\/logo_4nd.jpg","width":500,"height":500,"caption":"Eliassen Home & Garden Pleasure"}]},"product_price_amount":"6.95","product_price_currency":"EUR","og_availability":"instock","product_availability":"instock","product_retailer_item_id":"1010010","product_condition":"new"},"df_price":6.95,"df_sale_price":"","df_regular_price":6.95,"df_image_link":"https:\/\/www.eliassen.nl\/wp-content\/uploads\/2026\/03\/pro-9Bv8Q3GS-273x300.jpeg","image":"https:\/\/www.eliassen.nl\/wp-content\/uploads\/2026\/03\/pro-9Bv8Q3GS-150x150.jpeg","price_search":"<span class=\"woocommerce-Price-amount amount\"><bdi><span class=\"woocommerce-Price-currencySymbol\">&euro;<\/span>&nbsp;6,95<\/bdi><\/span>","category":"Abstrakte Bronzestatuen","global_unique_id":"6096515867867","_links":{"self":[{"href":"https:\/\/www.eliassen.nl\/de\/wp-json\/wp\/v2\/product\/212059","targetHints":{"allow":["GET"]}}],"collection":[{"href":"https:\/\/www.eliassen.nl\/de\/wp-json\/wp\/v2\/product"}],"about":[{"href":"https:\/\/www.eliassen.nl\/de\/wp-json\/wp\/v2\/types\/product"}],"wp:featuredmedia":[{"embeddable":true,"href":"https:\/\/www.eliassen.nl\/de\/wp-json\/wp\/v2\/media\/210615"}],"wp:attachment":[{"href":"https:\/\/www.eliassen.nl\/de\/wp-json\/wp\/v2\/media?parent=212059"}],"wp:term":[{"taxonomy":"product_brand","embeddable":true,"href":"https:\/\/www.eliassen.nl\/de\/wp-json\/wp\/v2\/product_brand?post=212059"},{"taxonomy":"product_cat","embeddable":true,"href":"https:\/\/www.eliassen.nl\/de\/wp-json\/wp\/v2\/product_cat?post=212059"},{"taxonomy":"product_tag","embeddable":true,"href":"https:\/\/www.eliassen.nl\/de\/wp-json\/wp\/v2\/product_tag?post=212059"}],"curies":[{"name":"wp","href":"https:\/\/api.w.org\/{rel}","templated":true}]}}