{"id":212055,"date":"2026-04-17T13:41:22","date_gmt":"2026-04-17T11:41:22","guid":{"rendered":"https:\/\/www.eliassen.nl\/product\/sockel-eiche-massiv-gehobelt-24x24x100cm\/"},"modified":"2026-04-17T13:41:22","modified_gmt":"2026-04-17T11:41:22","slug":"sockel-eiche-massiv-gehobelt-24x24x100cm","status":"publish","type":"product","link":"https:\/\/www.eliassen.nl\/de\/product\/sockel-eiche-massiv-gehobelt-24x24x100cm\/","title":{"rendered":"Sockel Eiche massiv gehobelt 24x24x100cm"},"content":{"rendered":"<p data-path-to-node=\"1\">Neu in unserem bereits gigantischen Sortiment an S\u00e4ulen und Sockeln ist dieser sch\u00f6ne, robuste Sockel aus massiver Eiche. Das Besondere an dieser S\u00e4ule ist, dass das Holz rundum sch\u00f6n glatt gehobelt wurde. Dies verleiht dem Sockel ein schlankeres und moderneres Aussehen, w\u00e4hrend der nat\u00fcrliche, robuste Charakter des Holzes vollst\u00e4ndig erhalten bleibt. Mit einer sehr gro\u00dfz\u00fcgigen Gr\u00f6\u00dfe von 29 mal 29 Zentimetern und einer H\u00f6he von 80 Zentimetern bietet diese extrabreite und schwere S\u00e4ule eine \u00e4u\u00dferst stabile und stilvolle Basis, um Ihre Lieblingsstatuen, Pflanzen oder andere Kunstwerke sch\u00f6n zu pr\u00e4sentieren. Das Eichenholz wird sorgf\u00e4ltig im Ofen auf maximal 20% Feuchtigkeit getrocknet.<\/p>\n<p data-path-to-node=\"2\">Da Eiche ein sch\u00f6nes, lebendiges und nat\u00fcrliches Material ist, k\u00f6nnen Risse, \u00c4ste oder andere Unvollkommenheiten in der S\u00e4ule vorhanden sein oder sich im Laufe der Zeit entwickeln. Dies ist keineswegs ein Mangel, sondern vielmehr eine einzigartige und charakteristische Eigenschaft dieses soliden Materials. Um sicherzugehen, dass Sie genau den Sockel finden, der Ihrem pers\u00f6nlichen Geschmack entspricht, empfehlen wir Ihnen, sich in unserem Gesch\u00e4ft einen Sockel nach Ihrem Geschmack auszusuchen. Da Anspr\u00fcche auf diese nat\u00fcrlichen Merkmale nicht m\u00f6glich sind, dienen alle Fotos nur als Beispiele. Sie k\u00f6nnen diese Sockel bei Bedarf auch leicht selbst einf\u00e4rben oder beizen. Die S\u00e4ule ist bereits mit Filzen an der Unterseite ausgestattet, um Ihren Boden zu sch\u00fctzen, und kann im Innen- oder Au\u00dfenbereich aufgestellt werden. Denken Sie daran, dass Holz im Freien nat\u00fcrlich altert, wenn es nicht behandelt wird. Dieser Artikel ist direkt aus unserem eigenen Lager verf\u00fcgbar. Machen wir es uns gem\u00fctlich!<\/p>\n<p data-path-to-node=\"3\">Sie sind nat\u00fcrlich herzlich eingeladen, sich diese massiven Eichensockel und viele andere Dekorationen in natura anzusehen. Besuchen Sie den ger\u00e4umigen Showroom von Eliassen Home &amp; Garden Pleasure in Ammerzoden, wo wir ein au\u00dfergew\u00f6hnlich breites Sortiment anbieten, um Ihr Haus und Ihren Garten perfekt zu gestalten.<\/p>\n","protected":false},"excerpt":{"rendered":"<p>Dieser robuste und schlichte Sockel aus massiver, rundum gehobelter Eiche (29x29x80 cm) bietet eine \u00e4u\u00dferst stabile Basis f\u00fcr Ihre schwersten Statuen oder Pflanzen. Das nat\u00fcrliche Material beh\u00e4lt durch einzigartige Risse und \u00c4ste seinen authentischen Charakter, ist f\u00fcr den Innen- und Au\u00dfenbereich geeignet und wird direkt mit bodenschonenden Filzen versehen. Da jedes Eichenholzst\u00fcck ein Unikat ist, laden wir Sie ein, Ihre perfekte S\u00e4ule pers\u00f6nlich in unserem Gesch\u00e4ft auszusuchen.<\/p>\n","protected":false},"featured_media":211571,"template":"","meta":{"_acf_changed":false,"_genesis_title":"","_genesis_description":""},"product_brand":[7505],"product_cat":[794,782],"product_tag":[],"class_list":{"0":"post-212055","1":"product","2":"type-product","3":"status-publish","4":"has-post-thumbnail","6":"product_brand-sonstige","7":"product_cat-holzsockel","8":"product_cat-sockel","10":"first","11":"instock","12":"taxable","13":"shipping-taxable","14":"purchasable","15":"product-type-simple"},"acf":[],"meta_all":{"cor_restricted_countries":[],"total_sales":"0"},"meta_all_flat":{"total_sales":"0"},"yoast_head":"<!-- This site is optimized with the Yoast SEO Premium plugin v26.2 (Yoast SEO v27.2) - https:\/\/yoast.com\/product\/yoast-seo-premium-wordpress\/ -->\n<title>Sonstige Sockel Eiche massiv gehobelt 24x24x100cm - Eliassen.nl<\/title>\n<meta name=\"description\" content=\"Pr\u00e4sentieren Sie schwere Skulpturen stilvoll auf diesem breiten Sockel aus massiver gehobelter Eiche (29x29x80 cm). Einzigartig, nat\u00fcrlich und leicht erh\u00e4ltlich.\" \/>\n<meta name=\"robots\" content=\"index, follow, max-snippet:-1, max-image-preview:large, max-video-preview:-1\" \/>\n<link rel=\"canonical\" href=\"https:\/\/www.eliassen.nl\/de\/product\/sockel-eiche-massiv-gehobelt-24x24x100cm\/\" \/>\n<meta property=\"og:locale\" content=\"de_DE\" \/>\n<meta property=\"og:type\" content=\"article\" \/>\n<meta property=\"og:title\" content=\"Sonstige Sockel Eiche massiv gehobelt 24x24x100cm - Eliassen.nl\" \/>\n<meta property=\"og:description\" content=\"Pr\u00e4sentieren Sie schwere Skulpturen stilvoll auf diesem breiten Sockel aus massiver gehobelter Eiche (29x29x80 cm). Einzigartig, nat\u00fcrlich und leicht erh\u00e4ltlich.\" \/>\n<meta property=\"og:url\" content=\"https:\/\/www.eliassen.nl\/de\/product\/sockel-eiche-massiv-gehobelt-24x24x100cm\/\" \/>\n<meta property=\"og:site_name\" content=\"Eliassen.nl\" \/>\n<meta property=\"article:publisher\" content=\"https:\/\/www.facebook.com\/TuincentrumEliassenAmmerzoden\" \/>\n<meta property=\"og:image\" content=\"https:\/\/www.eliassen.nl\/wp-content\/uploads\/2026\/04\/Sokkel-eiken-geschaafd-24x24x80cm-Eliassen.nl_.jpg\" \/>\n\t<meta property=\"og:image:width\" content=\"1080\" \/>\n\t<meta property=\"og:image:height\" content=\"1920\" \/>\n\t<meta property=\"og:image:type\" content=\"image\/jpeg\" \/>\n<meta name=\"twitter:card\" content=\"summary_large_image\" \/>\n<script type=\"application\/ld+json\" class=\"yoast-schema-graph\">{\"@context\":\"https:\/\/schema.org\",\"@graph\":[{\"@type\":\"WebPage\",\"@id\":\"https:\/\/www.eliassen.nl\/de\/product\/sockel-eiche-massiv-gehobelt-24x24x100cm\/\",\"url\":\"https:\/\/www.eliassen.nl\/de\/product\/sockel-eiche-massiv-gehobelt-24x24x100cm\/\",\"name\":\"Sonstige Sockel Eiche massiv gehobelt 24x24x100cm - Eliassen.nl\",\"isPartOf\":{\"@id\":\"https:\/\/www.eliassen.nl\/de\/#website\"},\"primaryImageOfPage\":{\"@id\":\"https:\/\/www.eliassen.nl\/de\/product\/sockel-eiche-massiv-gehobelt-24x24x100cm\/#primaryimage\"},\"image\":{\"@id\":\"https:\/\/www.eliassen.nl\/de\/product\/sockel-eiche-massiv-gehobelt-24x24x100cm\/#primaryimage\"},\"thumbnailUrl\":\"https:\/\/www.eliassen.nl\/wp-content\/uploads\/2026\/04\/Sokkel-eiken-geschaafd-24x24x80cm-Eliassen.nl_.jpg\",\"datePublished\":\"2026-04-17T11:41:22+00:00\",\"description\":\"Pr\u00e4sentieren Sie schwere Skulpturen stilvoll auf diesem breiten Sockel aus massiver gehobelter Eiche (29x29x80 cm). Einzigartig, nat\u00fcrlich und leicht erh\u00e4ltlich.\",\"breadcrumb\":{\"@id\":\"https:\/\/www.eliassen.nl\/de\/product\/sockel-eiche-massiv-gehobelt-24x24x100cm\/#breadcrumb\"},\"inLanguage\":\"de\",\"potentialAction\":[{\"@type\":\"ReadAction\",\"target\":[\"https:\/\/www.eliassen.nl\/de\/product\/sockel-eiche-massiv-gehobelt-24x24x100cm\/\"]}]},{\"@type\":\"ImageObject\",\"inLanguage\":\"de\",\"@id\":\"https:\/\/www.eliassen.nl\/de\/product\/sockel-eiche-massiv-gehobelt-24x24x100cm\/#primaryimage\",\"url\":\"https:\/\/www.eliassen.nl\/wp-content\/uploads\/2026\/04\/Sokkel-eiken-geschaafd-24x24x80cm-Eliassen.nl_.jpg\",\"contentUrl\":\"https:\/\/www.eliassen.nl\/wp-content\/uploads\/2026\/04\/Sokkel-eiken-geschaafd-24x24x80cm-Eliassen.nl_.jpg\",\"width\":1080,\"height\":1920,\"caption\":\"Sockel Eiche gehobelt 24x24x80cm - Eliassen.nl\"},{\"@type\":\"BreadcrumbList\",\"@id\":\"https:\/\/www.eliassen.nl\/de\/product\/sockel-eiche-massiv-gehobelt-24x24x100cm\/#breadcrumb\",\"itemListElement\":[{\"@type\":\"ListItem\",\"position\":1,\"name\":\"Home\",\"item\":\"https:\/\/www.eliassen.nl\/de\/\"},{\"@type\":\"ListItem\",\"position\":2,\"name\":\"Shop\",\"item\":\"https:\/\/www.eliassen.nl\/de\/shop\/\"},{\"@type\":\"ListItem\",\"position\":3,\"name\":\"Sockel Eiche massiv gehobelt 24x24x100cm\"}]},{\"@type\":\"WebSite\",\"@id\":\"https:\/\/www.eliassen.nl\/de\/#website\",\"url\":\"https:\/\/www.eliassen.nl\/de\/\",\"name\":\"Eliassen Home & Garden Pleasure\",\"description\":\"\",\"publisher\":{\"@id\":\"https:\/\/www.eliassen.nl\/de\/#organization\"},\"alternateName\":\"Eliassen.nl\",\"potentialAction\":[{\"@type\":\"SearchAction\",\"target\":{\"@type\":\"EntryPoint\",\"urlTemplate\":\"https:\/\/www.eliassen.nl\/de\/?s={search_term_string}\"},\"query-input\":{\"@type\":\"PropertyValueSpecification\",\"valueRequired\":true,\"valueName\":\"search_term_string\"}}],\"inLanguage\":\"de\"},{\"@type\":[\"Organization\",\"Place\"],\"@id\":\"https:\/\/www.eliassen.nl\/de\/#organization\",\"name\":\"Eliassen Home & Garden Pleasure\",\"url\":\"https:\/\/www.eliassen.nl\/de\/\",\"logo\":{\"@id\":\"https:\/\/www.eliassen.nl\/de\/product\/sockel-eiche-massiv-gehobelt-24x24x100cm\/#local-main-organization-logo\"},\"image\":{\"@id\":\"https:\/\/www.eliassen.nl\/de\/product\/sockel-eiche-massiv-gehobelt-24x24x100cm\/#local-main-organization-logo\"},\"sameAs\":[\"https:\/\/www.facebook.com\/TuincentrumEliassenAmmerzoden\",\"https:\/\/www.instagram.com\/eliassenhomeandgarden\/\",\"https:\/\/nl.pinterest.com\/eliassenhomeandgarden\/\",\"https:\/\/www.youtube.com\/@eliassenhomegardenpleasure4558\"],\"telephone\":[],\"openingHoursSpecification\":[{\"@type\":\"OpeningHoursSpecification\",\"dayOfWeek\":[\"Monday\",\"Tuesday\",\"Wednesday\",\"Thursday\",\"Friday\",\"Saturday\",\"Sunday\"],\"opens\":\"09:00\",\"closes\":\"17:00\"}]},{\"@type\":\"ImageObject\",\"inLanguage\":\"de\",\"@id\":\"https:\/\/www.eliassen.nl\/de\/product\/sockel-eiche-massiv-gehobelt-24x24x100cm\/#local-main-organization-logo\",\"url\":\"https:\/\/www.eliassen.nl\/wp-content\/uploads\/2024\/01\/logo_4nd.jpg\",\"contentUrl\":\"https:\/\/www.eliassen.nl\/wp-content\/uploads\/2024\/01\/logo_4nd.jpg\",\"width\":500,\"height\":500,\"caption\":\"Eliassen Home & Garden Pleasure\"}]}<\/script>\n<meta property=\"product:price:amount\" content=\"310.00\" \/>\n<meta property=\"product:price:currency\" content=\"EUR\" \/>\n<meta property=\"og:availability\" content=\"instock\" \/>\n<meta property=\"product:availability\" content=\"instock\" \/>\n<meta property=\"product:retailer_item_id\" content=\"2424100gs\" \/>\n<meta property=\"product:condition\" content=\"new\" \/>\n<!-- \/ Yoast SEO Premium plugin. -->","yoast_head_json":{"title":"Sonstige Sockel Eiche massiv gehobelt 24x24x100cm - Eliassen.nl","description":"Pr\u00e4sentieren Sie schwere Skulpturen stilvoll auf diesem breiten Sockel aus massiver gehobelter Eiche (29x29x80 cm). Einzigartig, nat\u00fcrlich und leicht erh\u00e4ltlich.","robots":{"index":"index","follow":"follow","max-snippet":"max-snippet:-1","max-image-preview":"max-image-preview:large","max-video-preview":"max-video-preview:-1"},"canonical":"https:\/\/www.eliassen.nl\/de\/product\/sockel-eiche-massiv-gehobelt-24x24x100cm\/","og_locale":"de_DE","og_type":"article","og_title":"Sonstige Sockel Eiche massiv gehobelt 24x24x100cm - Eliassen.nl","og_description":"Pr\u00e4sentieren Sie schwere Skulpturen stilvoll auf diesem breiten Sockel aus massiver gehobelter Eiche (29x29x80 cm). Einzigartig, nat\u00fcrlich und leicht erh\u00e4ltlich.","og_url":"https:\/\/www.eliassen.nl\/de\/product\/sockel-eiche-massiv-gehobelt-24x24x100cm\/","og_site_name":"Eliassen.nl","article_publisher":"https:\/\/www.facebook.com\/TuincentrumEliassenAmmerzoden","og_image":[{"width":1080,"height":1920,"url":"https:\/\/www.eliassen.nl\/wp-content\/uploads\/2026\/04\/Sokkel-eiken-geschaafd-24x24x80cm-Eliassen.nl_.jpg","type":"image\/jpeg"}],"twitter_card":"summary_large_image","schema":{"@context":"https:\/\/schema.org","@graph":[{"@type":"WebPage","@id":"https:\/\/www.eliassen.nl\/de\/product\/sockel-eiche-massiv-gehobelt-24x24x100cm\/","url":"https:\/\/www.eliassen.nl\/de\/product\/sockel-eiche-massiv-gehobelt-24x24x100cm\/","name":"Sonstige Sockel Eiche massiv gehobelt 24x24x100cm - Eliassen.nl","isPartOf":{"@id":"https:\/\/www.eliassen.nl\/de\/#website"},"primaryImageOfPage":{"@id":"https:\/\/www.eliassen.nl\/de\/product\/sockel-eiche-massiv-gehobelt-24x24x100cm\/#primaryimage"},"image":{"@id":"https:\/\/www.eliassen.nl\/de\/product\/sockel-eiche-massiv-gehobelt-24x24x100cm\/#primaryimage"},"thumbnailUrl":"https:\/\/www.eliassen.nl\/wp-content\/uploads\/2026\/04\/Sokkel-eiken-geschaafd-24x24x80cm-Eliassen.nl_.jpg","datePublished":"2026-04-17T11:41:22+00:00","description":"Pr\u00e4sentieren Sie schwere Skulpturen stilvoll auf diesem breiten Sockel aus massiver gehobelter Eiche (29x29x80 cm). Einzigartig, nat\u00fcrlich und leicht erh\u00e4ltlich.","breadcrumb":{"@id":"https:\/\/www.eliassen.nl\/de\/product\/sockel-eiche-massiv-gehobelt-24x24x100cm\/#breadcrumb"},"inLanguage":"de","potentialAction":[{"@type":"ReadAction","target":["https:\/\/www.eliassen.nl\/de\/product\/sockel-eiche-massiv-gehobelt-24x24x100cm\/"]}]},{"@type":"ImageObject","inLanguage":"de","@id":"https:\/\/www.eliassen.nl\/de\/product\/sockel-eiche-massiv-gehobelt-24x24x100cm\/#primaryimage","url":"https:\/\/www.eliassen.nl\/wp-content\/uploads\/2026\/04\/Sokkel-eiken-geschaafd-24x24x80cm-Eliassen.nl_.jpg","contentUrl":"https:\/\/www.eliassen.nl\/wp-content\/uploads\/2026\/04\/Sokkel-eiken-geschaafd-24x24x80cm-Eliassen.nl_.jpg","width":1080,"height":1920,"caption":"Sockel Eiche gehobelt 24x24x80cm - Eliassen.nl"},{"@type":"BreadcrumbList","@id":"https:\/\/www.eliassen.nl\/de\/product\/sockel-eiche-massiv-gehobelt-24x24x100cm\/#breadcrumb","itemListElement":[{"@type":"ListItem","position":1,"name":"Home","item":"https:\/\/www.eliassen.nl\/de\/"},{"@type":"ListItem","position":2,"name":"Shop","item":"https:\/\/www.eliassen.nl\/de\/shop\/"},{"@type":"ListItem","position":3,"name":"Sockel Eiche massiv gehobelt 24x24x100cm"}]},{"@type":"WebSite","@id":"https:\/\/www.eliassen.nl\/de\/#website","url":"https:\/\/www.eliassen.nl\/de\/","name":"Eliassen Home & Garden Pleasure","description":"","publisher":{"@id":"https:\/\/www.eliassen.nl\/de\/#organization"},"alternateName":"Eliassen.nl","potentialAction":[{"@type":"SearchAction","target":{"@type":"EntryPoint","urlTemplate":"https:\/\/www.eliassen.nl\/de\/?s={search_term_string}"},"query-input":{"@type":"PropertyValueSpecification","valueRequired":true,"valueName":"search_term_string"}}],"inLanguage":"de"},{"@type":["Organization","Place"],"@id":"https:\/\/www.eliassen.nl\/de\/#organization","name":"Eliassen Home & Garden Pleasure","url":"https:\/\/www.eliassen.nl\/de\/","logo":{"@id":"https:\/\/www.eliassen.nl\/de\/product\/sockel-eiche-massiv-gehobelt-24x24x100cm\/#local-main-organization-logo"},"image":{"@id":"https:\/\/www.eliassen.nl\/de\/product\/sockel-eiche-massiv-gehobelt-24x24x100cm\/#local-main-organization-logo"},"sameAs":["https:\/\/www.facebook.com\/TuincentrumEliassenAmmerzoden","https:\/\/www.instagram.com\/eliassenhomeandgarden\/","https:\/\/nl.pinterest.com\/eliassenhomeandgarden\/","https:\/\/www.youtube.com\/@eliassenhomegardenpleasure4558"],"telephone":[],"openingHoursSpecification":[{"@type":"OpeningHoursSpecification","dayOfWeek":["Monday","Tuesday","Wednesday","Thursday","Friday","Saturday","Sunday"],"opens":"09:00","closes":"17:00"}]},{"@type":"ImageObject","inLanguage":"de","@id":"https:\/\/www.eliassen.nl\/de\/product\/sockel-eiche-massiv-gehobelt-24x24x100cm\/#local-main-organization-logo","url":"https:\/\/www.eliassen.nl\/wp-content\/uploads\/2024\/01\/logo_4nd.jpg","contentUrl":"https:\/\/www.eliassen.nl\/wp-content\/uploads\/2024\/01\/logo_4nd.jpg","width":500,"height":500,"caption":"Eliassen Home & Garden Pleasure"}]},"product_price_amount":"310.00","product_price_currency":"EUR","og_availability":"instock","product_availability":"instock","product_retailer_item_id":"2424100gs","product_condition":"new"},"df_price":310,"df_sale_price":"","df_regular_price":310,"df_image_link":"https:\/\/www.eliassen.nl\/wp-content\/uploads\/2026\/04\/Sokkel-eiken-geschaafd-24x24x80cm-Eliassen.nl_-169x300.jpg","image":"https:\/\/www.eliassen.nl\/wp-content\/uploads\/2026\/04\/Sokkel-eiken-geschaafd-24x24x80cm-Eliassen.nl_-150x150.jpg","price_search":"<span class=\"woocommerce-Price-amount amount\"><bdi><span class=\"woocommerce-Price-currencySymbol\">&euro;<\/span>&nbsp;310,00<\/bdi><\/span>","category":"Holzsockel","global_unique_id":"6096539023072","_links":{"self":[{"href":"https:\/\/www.eliassen.nl\/de\/wp-json\/wp\/v2\/product\/212055","targetHints":{"allow":["GET"]}}],"collection":[{"href":"https:\/\/www.eliassen.nl\/de\/wp-json\/wp\/v2\/product"}],"about":[{"href":"https:\/\/www.eliassen.nl\/de\/wp-json\/wp\/v2\/types\/product"}],"wp:featuredmedia":[{"embeddable":true,"href":"https:\/\/www.eliassen.nl\/de\/wp-json\/wp\/v2\/media\/211571"}],"wp:attachment":[{"href":"https:\/\/www.eliassen.nl\/de\/wp-json\/wp\/v2\/media?parent=212055"}],"wp:term":[{"taxonomy":"product_brand","embeddable":true,"href":"https:\/\/www.eliassen.nl\/de\/wp-json\/wp\/v2\/product_brand?post=212055"},{"taxonomy":"product_cat","embeddable":true,"href":"https:\/\/www.eliassen.nl\/de\/wp-json\/wp\/v2\/product_cat?post=212055"},{"taxonomy":"product_tag","embeddable":true,"href":"https:\/\/www.eliassen.nl\/de\/wp-json\/wp\/v2\/product_tag?post=212055"}],"curies":[{"name":"wp","href":"https:\/\/api.w.org\/{rel}","templated":true}]}}