{"id":211762,"date":"2026-03-31T16:14:13","date_gmt":"2026-03-31T14:14:13","guid":{"rendered":"https:\/\/www.eliassen.nl\/product\/dekorative-glasskulptur-spirale-bunt-30cm\/"},"modified":"2026-03-31T16:14:13","modified_gmt":"2026-03-31T14:14:13","slug":"dekorative-glasskulptur-spirale-bunt-30cm","status":"publish","type":"product","link":"https:\/\/www.eliassen.nl\/de\/dekorative-glasskulptur-spirale-bunt-30cm\/","title":{"rendered":"Dekorative Glasskulptur Spirale bunt 30cm"},"content":{"rendered":"<p data-path-to-node=\"1\">Verleihen Sie Ihrem Interieur einen Hauch von moderner Eleganz mit dieser atemberaubenden Glasskulptur. Dieses abstrakte Kunstwerk ist als doppelte, anmutige Spirale gestaltet, die sich wundersch\u00f6n verschlingt und sofort die Aufmerksamkeit auf sich zieht. Das massive Glas ist auf der Innenseite mit einem spektakul\u00e4ren und lebendigen Farbmuster aus u.a. tiefem Blau, warmem Rot, frischem Gr\u00fcn und Goldgelb verziert. Dieses dynamische Zusammenspiel der Linien erzeugt ein faszinierendes Schauspiel und sch\u00f6ne Reflexionen, wenn nat\u00fcrliches oder k\u00fcnstliches Licht hindurchscheint. Die elegante Skulptur ist sicher auf einem klaren, quadratischen Sockel aus massivem Glas montiert, der f\u00fcr ein luxuri\u00f6ses Aussehen und eine stabile Basis sorgt.<\/p>\n<p data-path-to-node=\"2\">Mit einer H\u00f6he von 30 Zentimetern ist dieses stilvolle Objekt ein raffinierter Blickfang. Die Gr\u00f6\u00dfe ist perfekt f\u00fcr einen prominenten Platz auf einem Sideboard, in einem offenen Regal, auf einer S\u00e4ule oder auf der Fensterbank. Es ist auch ein gro\u00dfartiges Geschenk f\u00fcr einen Liebhaber moderner Glaskunst. Machen wir es uns gem\u00fctlich!<\/p>\n<p data-path-to-node=\"3\">Sie sind nat\u00fcrlich herzlich eingeladen, dieses einzigartige Glaskunstwerk und viele andere Dekorationen in natura zu bewundern. Besuchen Sie den ger\u00e4umigen Showroom von Eliassen Home &amp; Garden Pleasure in Ammerzoden, wo wir ein au\u00dfergew\u00f6hnlich breites Sortiment anbieten, um Ihr Haus und Ihren Garten perfekt zu gestalten.<\/p>\n","protected":false},"excerpt":{"rendered":"<p>Bereichern Sie Ihr Interieur mit dieser modernen 30 Zentimeter hohen Glasskulptur, die als doppelte und anmutige Spirale gestaltet ist. Das massive Glas zeichnet sich durch ein sch\u00f6nes inneres Linienspiel voller lebendiger Farben aus, das stilvoll auf einem Sockel aus Klarglas pr\u00e4sentiert wird. Ein luxuri\u00f6ser und farbenfroher Blickfang, der jedem Raum sofort eine besondere und k\u00fcnstlerische Atmosph\u00e4re verleiht.<\/p>\n","protected":false},"featured_media":210700,"template":"","meta":{"_acf_changed":false,"_genesis_title":"","_genesis_description":""},"product_brand":[7505],"product_cat":[800,821],"product_tag":[7429],"class_list":{"0":"post-211762","1":"product","2":"type-product","3":"status-publish","4":"has-post-thumbnail","6":"product_brand-sonstige","7":"product_cat-glaskunst","8":"product_cat-glasskulpturen","9":"product_tag-uhr-gros","11":"first","12":"instock","13":"taxable","14":"shipping-taxable","15":"purchasable","16":"product-type-simple"},"acf":[],"meta_all":{"cor_restricted_countries":[],"total_sales":"0"},"meta_all_flat":{"total_sales":"0"},"yoast_head":"<!-- This site is optimized with the Yoast SEO Premium plugin v26.2 (Yoast SEO v27.2) - https:\/\/yoast.com\/product\/yoast-seo-premium-wordpress\/ -->\n<title>Sonstige Dekorative Glasskulptur Spirale bunt 30cm - Eliassen.nl<\/title>\n<meta name=\"description\" content=\"Verleihen Sie Ihrer Einrichtung einen modernen Touch mit dieser abstrakten Glasskulptur (30 cm). Eine verschn\u00f6rkelte, farbenfrohe Spirale auf einem stabilen Glassockel.\" \/>\n<meta name=\"robots\" content=\"index, follow, max-snippet:-1, max-image-preview:large, max-video-preview:-1\" \/>\n<link rel=\"canonical\" href=\"https:\/\/www.eliassen.nl\/de\/dekorative-glasskulptur-spirale-bunt-30cm\/\" \/>\n<meta property=\"og:locale\" content=\"de_DE\" \/>\n<meta property=\"og:type\" content=\"article\" \/>\n<meta property=\"og:title\" content=\"Sonstige Dekorative Glasskulptur Spirale bunt 30cm - Eliassen.nl\" \/>\n<meta property=\"og:description\" content=\"Verleihen Sie Ihrer Einrichtung einen modernen Touch mit dieser abstrakten Glasskulptur (30 cm). Eine verschn\u00f6rkelte, farbenfrohe Spirale auf einem stabilen Glassockel.\" \/>\n<meta property=\"og:url\" content=\"https:\/\/www.eliassen.nl\/de\/dekorative-glasskulptur-spirale-bunt-30cm\/\" \/>\n<meta property=\"og:site_name\" content=\"Eliassen.nl\" \/>\n<meta property=\"article:publisher\" content=\"https:\/\/www.facebook.com\/TuincentrumEliassenAmmerzoden\" \/>\n<meta property=\"og:image\" content=\"https:\/\/www.eliassen.nl\/wp-content\/uploads\/2026\/03\/0809438-scaled.jpg\" \/>\n\t<meta property=\"og:image:width\" content=\"2560\" \/>\n\t<meta property=\"og:image:height\" content=\"1920\" \/>\n\t<meta property=\"og:image:type\" content=\"image\/jpeg\" \/>\n<meta name=\"twitter:card\" content=\"summary_large_image\" \/>\n<script type=\"application\/ld+json\" class=\"yoast-schema-graph\">{\"@context\":\"https:\/\/schema.org\",\"@graph\":[{\"@type\":\"WebPage\",\"@id\":\"https:\/\/www.eliassen.nl\/de\/dekorative-glasskulptur-spirale-bunt-30cm\/\",\"url\":\"https:\/\/www.eliassen.nl\/de\/dekorative-glasskulptur-spirale-bunt-30cm\/\",\"name\":\"Sonstige Dekorative Glasskulptur Spirale bunt 30cm - Eliassen.nl\",\"isPartOf\":{\"@id\":\"https:\/\/www.eliassen.nl\/de\/#website\"},\"primaryImageOfPage\":{\"@id\":\"https:\/\/www.eliassen.nl\/de\/dekorative-glasskulptur-spirale-bunt-30cm\/#primaryimage\"},\"image\":{\"@id\":\"https:\/\/www.eliassen.nl\/de\/dekorative-glasskulptur-spirale-bunt-30cm\/#primaryimage\"},\"thumbnailUrl\":\"https:\/\/www.eliassen.nl\/wp-content\/uploads\/2026\/03\/0809438-scaled.jpg\",\"datePublished\":\"2026-03-31T14:14:13+00:00\",\"description\":\"Verleihen Sie Ihrer Einrichtung einen modernen Touch mit dieser abstrakten Glasskulptur (30 cm). Eine verschn\u00f6rkelte, farbenfrohe Spirale auf einem stabilen Glassockel.\",\"breadcrumb\":{\"@id\":\"https:\/\/www.eliassen.nl\/de\/dekorative-glasskulptur-spirale-bunt-30cm\/#breadcrumb\"},\"inLanguage\":\"de\",\"potentialAction\":[{\"@type\":\"ReadAction\",\"target\":[\"https:\/\/www.eliassen.nl\/de\/dekorative-glasskulptur-spirale-bunt-30cm\/\"]}]},{\"@type\":\"ImageObject\",\"inLanguage\":\"de\",\"@id\":\"https:\/\/www.eliassen.nl\/de\/dekorative-glasskulptur-spirale-bunt-30cm\/#primaryimage\",\"url\":\"https:\/\/www.eliassen.nl\/wp-content\/uploads\/2026\/03\/0809438-scaled.jpg\",\"contentUrl\":\"https:\/\/www.eliassen.nl\/wp-content\/uploads\/2026\/03\/0809438-scaled.jpg\",\"width\":2560,\"height\":1920,\"caption\":\"Statue Glasskulptur dekorative Spirale mit dunklen Farben 30cm - Eliassen.nl\"},{\"@type\":\"BreadcrumbList\",\"@id\":\"https:\/\/www.eliassen.nl\/de\/dekorative-glasskulptur-spirale-bunt-30cm\/#breadcrumb\",\"itemListElement\":[{\"@type\":\"ListItem\",\"position\":1,\"name\":\"Home\",\"item\":\"https:\/\/www.eliassen.nl\/de\/\"},{\"@type\":\"ListItem\",\"position\":2,\"name\":\"Shop\",\"item\":\"https:\/\/www.eliassen.nl\/de\/shop\/\"},{\"@type\":\"ListItem\",\"position\":3,\"name\":\"Dekorative Glasskulptur Spirale bunt 30cm\"}]},{\"@type\":\"WebSite\",\"@id\":\"https:\/\/www.eliassen.nl\/de\/#website\",\"url\":\"https:\/\/www.eliassen.nl\/de\/\",\"name\":\"Eliassen Home & Garden Pleasure\",\"description\":\"\",\"publisher\":{\"@id\":\"https:\/\/www.eliassen.nl\/de\/#organization\"},\"alternateName\":\"Eliassen.nl\",\"potentialAction\":[{\"@type\":\"SearchAction\",\"target\":{\"@type\":\"EntryPoint\",\"urlTemplate\":\"https:\/\/www.eliassen.nl\/de\/?s={search_term_string}\"},\"query-input\":{\"@type\":\"PropertyValueSpecification\",\"valueRequired\":true,\"valueName\":\"search_term_string\"}}],\"inLanguage\":\"de\"},{\"@type\":[\"Organization\",\"Place\"],\"@id\":\"https:\/\/www.eliassen.nl\/de\/#organization\",\"name\":\"Eliassen Home & Garden Pleasure\",\"url\":\"https:\/\/www.eliassen.nl\/de\/\",\"logo\":{\"@id\":\"https:\/\/www.eliassen.nl\/de\/dekorative-glasskulptur-spirale-bunt-30cm\/#local-main-organization-logo\"},\"image\":{\"@id\":\"https:\/\/www.eliassen.nl\/de\/dekorative-glasskulptur-spirale-bunt-30cm\/#local-main-organization-logo\"},\"sameAs\":[\"https:\/\/www.facebook.com\/TuincentrumEliassenAmmerzoden\",\"https:\/\/www.instagram.com\/eliassenhomeandgarden\/\",\"https:\/\/nl.pinterest.com\/eliassenhomeandgarden\/\",\"https:\/\/www.youtube.com\/@eliassenhomegardenpleasure4558\"],\"telephone\":[],\"openingHoursSpecification\":[{\"@type\":\"OpeningHoursSpecification\",\"dayOfWeek\":[\"Monday\",\"Tuesday\",\"Wednesday\",\"Thursday\",\"Friday\",\"Saturday\",\"Sunday\"],\"opens\":\"09:00\",\"closes\":\"17:00\"}]},{\"@type\":\"ImageObject\",\"inLanguage\":\"de\",\"@id\":\"https:\/\/www.eliassen.nl\/de\/dekorative-glasskulptur-spirale-bunt-30cm\/#local-main-organization-logo\",\"url\":\"https:\/\/www.eliassen.nl\/wp-content\/uploads\/2024\/01\/logo_4nd.jpg\",\"contentUrl\":\"https:\/\/www.eliassen.nl\/wp-content\/uploads\/2024\/01\/logo_4nd.jpg\",\"width\":500,\"height\":500,\"caption\":\"Eliassen Home & Garden Pleasure\"}]}<\/script>\n<meta property=\"product:price:amount\" content=\"49.50\" \/>\n<meta property=\"product:price:currency\" content=\"EUR\" \/>\n<meta property=\"og:availability\" content=\"instock\" \/>\n<meta property=\"product:availability\" content=\"instock\" \/>\n<meta property=\"product:retailer_item_id\" content=\"809438\" \/>\n<meta property=\"product:condition\" content=\"new\" \/>\n<!-- \/ Yoast SEO Premium plugin. -->","yoast_head_json":{"title":"Sonstige Dekorative Glasskulptur Spirale bunt 30cm - Eliassen.nl","description":"Verleihen Sie Ihrer Einrichtung einen modernen Touch mit dieser abstrakten Glasskulptur (30 cm). Eine verschn\u00f6rkelte, farbenfrohe Spirale auf einem stabilen Glassockel.","robots":{"index":"index","follow":"follow","max-snippet":"max-snippet:-1","max-image-preview":"max-image-preview:large","max-video-preview":"max-video-preview:-1"},"canonical":"https:\/\/www.eliassen.nl\/de\/dekorative-glasskulptur-spirale-bunt-30cm\/","og_locale":"de_DE","og_type":"article","og_title":"Sonstige Dekorative Glasskulptur Spirale bunt 30cm - Eliassen.nl","og_description":"Verleihen Sie Ihrer Einrichtung einen modernen Touch mit dieser abstrakten Glasskulptur (30 cm). Eine verschn\u00f6rkelte, farbenfrohe Spirale auf einem stabilen Glassockel.","og_url":"https:\/\/www.eliassen.nl\/de\/dekorative-glasskulptur-spirale-bunt-30cm\/","og_site_name":"Eliassen.nl","article_publisher":"https:\/\/www.facebook.com\/TuincentrumEliassenAmmerzoden","og_image":[{"width":2560,"height":1920,"url":"https:\/\/www.eliassen.nl\/wp-content\/uploads\/2026\/03\/0809438-scaled.jpg","type":"image\/jpeg"}],"twitter_card":"summary_large_image","schema":{"@context":"https:\/\/schema.org","@graph":[{"@type":"WebPage","@id":"https:\/\/www.eliassen.nl\/de\/dekorative-glasskulptur-spirale-bunt-30cm\/","url":"https:\/\/www.eliassen.nl\/de\/dekorative-glasskulptur-spirale-bunt-30cm\/","name":"Sonstige Dekorative Glasskulptur Spirale bunt 30cm - Eliassen.nl","isPartOf":{"@id":"https:\/\/www.eliassen.nl\/de\/#website"},"primaryImageOfPage":{"@id":"https:\/\/www.eliassen.nl\/de\/dekorative-glasskulptur-spirale-bunt-30cm\/#primaryimage"},"image":{"@id":"https:\/\/www.eliassen.nl\/de\/dekorative-glasskulptur-spirale-bunt-30cm\/#primaryimage"},"thumbnailUrl":"https:\/\/www.eliassen.nl\/wp-content\/uploads\/2026\/03\/0809438-scaled.jpg","datePublished":"2026-03-31T14:14:13+00:00","description":"Verleihen Sie Ihrer Einrichtung einen modernen Touch mit dieser abstrakten Glasskulptur (30 cm). Eine verschn\u00f6rkelte, farbenfrohe Spirale auf einem stabilen Glassockel.","breadcrumb":{"@id":"https:\/\/www.eliassen.nl\/de\/dekorative-glasskulptur-spirale-bunt-30cm\/#breadcrumb"},"inLanguage":"de","potentialAction":[{"@type":"ReadAction","target":["https:\/\/www.eliassen.nl\/de\/dekorative-glasskulptur-spirale-bunt-30cm\/"]}]},{"@type":"ImageObject","inLanguage":"de","@id":"https:\/\/www.eliassen.nl\/de\/dekorative-glasskulptur-spirale-bunt-30cm\/#primaryimage","url":"https:\/\/www.eliassen.nl\/wp-content\/uploads\/2026\/03\/0809438-scaled.jpg","contentUrl":"https:\/\/www.eliassen.nl\/wp-content\/uploads\/2026\/03\/0809438-scaled.jpg","width":2560,"height":1920,"caption":"Statue Glasskulptur dekorative Spirale mit dunklen Farben 30cm - Eliassen.nl"},{"@type":"BreadcrumbList","@id":"https:\/\/www.eliassen.nl\/de\/dekorative-glasskulptur-spirale-bunt-30cm\/#breadcrumb","itemListElement":[{"@type":"ListItem","position":1,"name":"Home","item":"https:\/\/www.eliassen.nl\/de\/"},{"@type":"ListItem","position":2,"name":"Shop","item":"https:\/\/www.eliassen.nl\/de\/shop\/"},{"@type":"ListItem","position":3,"name":"Dekorative Glasskulptur Spirale bunt 30cm"}]},{"@type":"WebSite","@id":"https:\/\/www.eliassen.nl\/de\/#website","url":"https:\/\/www.eliassen.nl\/de\/","name":"Eliassen Home & Garden Pleasure","description":"","publisher":{"@id":"https:\/\/www.eliassen.nl\/de\/#organization"},"alternateName":"Eliassen.nl","potentialAction":[{"@type":"SearchAction","target":{"@type":"EntryPoint","urlTemplate":"https:\/\/www.eliassen.nl\/de\/?s={search_term_string}"},"query-input":{"@type":"PropertyValueSpecification","valueRequired":true,"valueName":"search_term_string"}}],"inLanguage":"de"},{"@type":["Organization","Place"],"@id":"https:\/\/www.eliassen.nl\/de\/#organization","name":"Eliassen Home & Garden Pleasure","url":"https:\/\/www.eliassen.nl\/de\/","logo":{"@id":"https:\/\/www.eliassen.nl\/de\/dekorative-glasskulptur-spirale-bunt-30cm\/#local-main-organization-logo"},"image":{"@id":"https:\/\/www.eliassen.nl\/de\/dekorative-glasskulptur-spirale-bunt-30cm\/#local-main-organization-logo"},"sameAs":["https:\/\/www.facebook.com\/TuincentrumEliassenAmmerzoden","https:\/\/www.instagram.com\/eliassenhomeandgarden\/","https:\/\/nl.pinterest.com\/eliassenhomeandgarden\/","https:\/\/www.youtube.com\/@eliassenhomegardenpleasure4558"],"telephone":[],"openingHoursSpecification":[{"@type":"OpeningHoursSpecification","dayOfWeek":["Monday","Tuesday","Wednesday","Thursday","Friday","Saturday","Sunday"],"opens":"09:00","closes":"17:00"}]},{"@type":"ImageObject","inLanguage":"de","@id":"https:\/\/www.eliassen.nl\/de\/dekorative-glasskulptur-spirale-bunt-30cm\/#local-main-organization-logo","url":"https:\/\/www.eliassen.nl\/wp-content\/uploads\/2024\/01\/logo_4nd.jpg","contentUrl":"https:\/\/www.eliassen.nl\/wp-content\/uploads\/2024\/01\/logo_4nd.jpg","width":500,"height":500,"caption":"Eliassen Home & Garden Pleasure"}]},"product_price_amount":"49.50","product_price_currency":"EUR","og_availability":"instock","product_availability":"instock","product_retailer_item_id":"809438","product_condition":"new"},"df_price":49.5,"df_sale_price":"","df_regular_price":49.5,"df_image_link":"https:\/\/www.eliassen.nl\/wp-content\/uploads\/2026\/03\/0809438-300x225.jpg","image":"https:\/\/www.eliassen.nl\/wp-content\/uploads\/2026\/03\/0809438-150x150.jpg","price_search":"<span class=\"woocommerce-Price-amount amount\"><bdi><span class=\"woocommerce-Price-currencySymbol\">&euro;<\/span>&nbsp;49,50<\/bdi><\/span>","category":"Glaskunst","global_unique_id":"4025809148162","_links":{"self":[{"href":"https:\/\/www.eliassen.nl\/de\/wp-json\/wp\/v2\/product\/211762","targetHints":{"allow":["GET"]}}],"collection":[{"href":"https:\/\/www.eliassen.nl\/de\/wp-json\/wp\/v2\/product"}],"about":[{"href":"https:\/\/www.eliassen.nl\/de\/wp-json\/wp\/v2\/types\/product"}],"wp:featuredmedia":[{"embeddable":true,"href":"https:\/\/www.eliassen.nl\/de\/wp-json\/wp\/v2\/media\/210700"}],"wp:attachment":[{"href":"https:\/\/www.eliassen.nl\/de\/wp-json\/wp\/v2\/media?parent=211762"}],"wp:term":[{"taxonomy":"product_brand","embeddable":true,"href":"https:\/\/www.eliassen.nl\/de\/wp-json\/wp\/v2\/product_brand?post=211762"},{"taxonomy":"product_cat","embeddable":true,"href":"https:\/\/www.eliassen.nl\/de\/wp-json\/wp\/v2\/product_cat?post=211762"},{"taxonomy":"product_tag","embeddable":true,"href":"https:\/\/www.eliassen.nl\/de\/wp-json\/wp\/v2\/product_tag?post=211762"}],"curies":[{"name":"wp","href":"https:\/\/api.w.org\/{rel}","templated":true}]}}