{"id":211756,"date":"2026-03-31T16:04:07","date_gmt":"2026-03-31T14:04:07","guid":{"rendered":"https:\/\/www.eliassen.nl\/product\/metall-figur-fasan-vogel-55cm\/"},"modified":"2026-03-31T16:04:07","modified_gmt":"2026-03-31T14:04:07","slug":"metall-figur-fasan-vogel-55cm","status":"publish","type":"product","link":"https:\/\/www.eliassen.nl\/de\/metall-figur-fasan-vogel-55cm\/","title":{"rendered":"Metall Figur Fasan Vogel 55cm"},"content":{"rendered":"<p data-path-to-node=\"1\">Bringen Sie die Atmosph\u00e4re des Landlebens in Ihren Garten oder Ihr Interieur mit diesem sch\u00f6nen Metallfasan. Diese beeindruckende Dekofigur wurde mit gro\u00dfer Handwerkskunst entworfen und ist eine atemberaubende Erg\u00e4nzung f\u00fcr Ihren Au\u00dfen- oder Innenbereich. Der Vogel ist aus hochwertigem Metall gefertigt und f\u00e4llt sofort durch seine reiche und realistische Farbpalette auf. Der markante rote Kopf mit dunkelgr\u00fcnem Hals und wei\u00dfem Kragen geht flie\u00dfend in ein wundersch\u00f6n detailliertes Gefieder \u00fcber. Die sich \u00fcberlappenden Metallfedern in warmen Schattierungen von Rostbraun, Burgunderrot, Grau und subtilen Andeutungen von Gr\u00fcn und Blau verleihen dem Bild eine beeindruckende Textur und Tiefe. Die langen, ausladenden Schwanzfedern und der ge\u00f6ffnete Schnabel sorgen f\u00fcr ein sehr lebendiges und authentisches Aussehen.<\/p>\n<p data-path-to-node=\"2\">Mit einer H\u00f6he von 55 Zentimetern hat dieser Fasan die perfekte Gr\u00f6\u00dfe, um im Beet, auf der Terrasse oder als l\u00e4ndlicher Akzent im Wohnzimmer oder Wintergarten aufzufallen. Dank der stabilen Beine und des zus\u00e4tzlichen Metallst\u00fctzbogens am R\u00fccken steht die Figur besonders stabil auf fast jedem Untergrund. Machen wir es uns gem\u00fctlich!<\/p>\n<p data-path-to-node=\"3\">Sie sind nat\u00fcrlich herzlich eingeladen, diesen atemberaubenden Metallfasan und viele andere einzigartige Dekorationen in natura zu bewundern. Besuchen Sie den gro\u00dfz\u00fcgigen Ausstellungsraum von Eliassen Home &amp; Garden Pleasure in Ammerzoden, wo wir ein au\u00dfergew\u00f6hnlich breites Sortiment anbieten und Sie gerne beraten.<\/p>\n","protected":false},"excerpt":{"rendered":"<p>Bringen Sie die Atmosph\u00e4re der Natur in Ihr Haus oder Ihren Garten mit diesem 55 cm hohen Fasan aus Metall. Diese kunstvolle Dekofigur besticht durch ihre realistischen Farben, wie den markanten roten Kopf und das mehrschichtige Gefieder in warmen Erdt\u00f6nen, und ist dank des zus\u00e4tzlichen St\u00fctzb\u00fcgels \u00e4u\u00dferst stabil. Ein lebendiger und farbenfroher Blickfang, der jedem Raum sofort einen besonderen Charakter verleiht.<\/p>\n","protected":false},"featured_media":210685,"template":"","meta":{"_acf_changed":false,"_genesis_title":"","_genesis_description":""},"product_brand":[7505],"product_cat":[665,659],"product_tag":[],"class_list":{"0":"post-211756","1":"product","2":"type-product","3":"status-publish","4":"has-post-thumbnail","6":"product_brand-sonstige","7":"product_cat-dekofiguren-aus-metall","8":"product_cat-dekoration-aus-metall","10":"first","11":"instock","12":"taxable","13":"shipping-taxable","14":"purchasable","15":"product-type-simple"},"acf":[],"meta_all":{"cor_restricted_countries":[],"total_sales":"0"},"meta_all_flat":{"total_sales":"0"},"yoast_head":"<!-- This site is optimized with the Yoast SEO Premium plugin v26.2 (Yoast SEO v27.2) - https:\/\/yoast.com\/product\/yoast-seo-premium-wordpress\/ -->\n<title>Sonstige Metall Figur Fasan Vogel 55cm - Eliassen.nl<\/title>\n<meta name=\"description\" content=\"Bereichern Sie Ihren Garten oder Ihr Interieur mit diesem sch\u00f6nen Metallfasan (55 cm). Detailliertes Finish mit warmen Erdt\u00f6nen und einem roten Kopf.\" \/>\n<meta name=\"robots\" content=\"index, follow, max-snippet:-1, max-image-preview:large, max-video-preview:-1\" \/>\n<link rel=\"canonical\" href=\"https:\/\/www.eliassen.nl\/de\/metall-figur-fasan-vogel-55cm\/\" \/>\n<meta property=\"og:locale\" content=\"de_DE\" \/>\n<meta property=\"og:type\" content=\"article\" \/>\n<meta property=\"og:title\" content=\"Sonstige Metall Figur Fasan Vogel 55cm - Eliassen.nl\" \/>\n<meta property=\"og:description\" content=\"Bereichern Sie Ihren Garten oder Ihr Interieur mit diesem sch\u00f6nen Metallfasan (55 cm). Detailliertes Finish mit warmen Erdt\u00f6nen und einem roten Kopf.\" \/>\n<meta property=\"og:url\" content=\"https:\/\/www.eliassen.nl\/de\/metall-figur-fasan-vogel-55cm\/\" \/>\n<meta property=\"og:site_name\" content=\"Eliassen.nl\" \/>\n<meta property=\"article:publisher\" content=\"https:\/\/www.facebook.com\/TuincentrumEliassenAmmerzoden\" \/>\n<meta property=\"og:image\" content=\"https:\/\/www.eliassen.nl\/wp-content\/uploads\/2026\/03\/0556448-scaled.jpg\" \/>\n\t<meta property=\"og:image:width\" content=\"2560\" \/>\n\t<meta property=\"og:image:height\" content=\"1920\" \/>\n\t<meta property=\"og:image:type\" content=\"image\/jpeg\" \/>\n<meta name=\"twitter:card\" content=\"summary_large_image\" \/>\n<script type=\"application\/ld+json\" class=\"yoast-schema-graph\">{\"@context\":\"https:\/\/schema.org\",\"@graph\":[{\"@type\":\"WebPage\",\"@id\":\"https:\/\/www.eliassen.nl\/de\/metall-figur-fasan-vogel-55cm\/\",\"url\":\"https:\/\/www.eliassen.nl\/de\/metall-figur-fasan-vogel-55cm\/\",\"name\":\"Sonstige Metall Figur Fasan Vogel 55cm - Eliassen.nl\",\"isPartOf\":{\"@id\":\"https:\/\/www.eliassen.nl\/de\/#website\"},\"primaryImageOfPage\":{\"@id\":\"https:\/\/www.eliassen.nl\/de\/metall-figur-fasan-vogel-55cm\/#primaryimage\"},\"image\":{\"@id\":\"https:\/\/www.eliassen.nl\/de\/metall-figur-fasan-vogel-55cm\/#primaryimage\"},\"thumbnailUrl\":\"https:\/\/www.eliassen.nl\/wp-content\/uploads\/2026\/03\/0556448-scaled.jpg\",\"datePublished\":\"2026-03-31T14:04:07+00:00\",\"description\":\"Bereichern Sie Ihren Garten oder Ihr Interieur mit diesem sch\u00f6nen Metallfasan (55 cm). Detailliertes Finish mit warmen Erdt\u00f6nen und einem roten Kopf.\",\"breadcrumb\":{\"@id\":\"https:\/\/www.eliassen.nl\/de\/metall-figur-fasan-vogel-55cm\/#breadcrumb\"},\"inLanguage\":\"de\",\"potentialAction\":[{\"@type\":\"ReadAction\",\"target\":[\"https:\/\/www.eliassen.nl\/de\/metall-figur-fasan-vogel-55cm\/\"]}]},{\"@type\":\"ImageObject\",\"inLanguage\":\"de\",\"@id\":\"https:\/\/www.eliassen.nl\/de\/metall-figur-fasan-vogel-55cm\/#primaryimage\",\"url\":\"https:\/\/www.eliassen.nl\/wp-content\/uploads\/2026\/03\/0556448-scaled.jpg\",\"contentUrl\":\"https:\/\/www.eliassen.nl\/wp-content\/uploads\/2026\/03\/0556448-scaled.jpg\",\"width\":2560,\"height\":1920,\"caption\":\"Metallfigur Fasan Vogel 55cm - Eliassen.nl\"},{\"@type\":\"BreadcrumbList\",\"@id\":\"https:\/\/www.eliassen.nl\/de\/metall-figur-fasan-vogel-55cm\/#breadcrumb\",\"itemListElement\":[{\"@type\":\"ListItem\",\"position\":1,\"name\":\"Home\",\"item\":\"https:\/\/www.eliassen.nl\/de\/\"},{\"@type\":\"ListItem\",\"position\":2,\"name\":\"Shop\",\"item\":\"https:\/\/www.eliassen.nl\/de\/shop\/\"},{\"@type\":\"ListItem\",\"position\":3,\"name\":\"Metall Figur Fasan Vogel 55cm\"}]},{\"@type\":\"WebSite\",\"@id\":\"https:\/\/www.eliassen.nl\/de\/#website\",\"url\":\"https:\/\/www.eliassen.nl\/de\/\",\"name\":\"Eliassen Home & Garden Pleasure\",\"description\":\"\",\"publisher\":{\"@id\":\"https:\/\/www.eliassen.nl\/de\/#organization\"},\"alternateName\":\"Eliassen.nl\",\"potentialAction\":[{\"@type\":\"SearchAction\",\"target\":{\"@type\":\"EntryPoint\",\"urlTemplate\":\"https:\/\/www.eliassen.nl\/de\/?s={search_term_string}\"},\"query-input\":{\"@type\":\"PropertyValueSpecification\",\"valueRequired\":true,\"valueName\":\"search_term_string\"}}],\"inLanguage\":\"de\"},{\"@type\":[\"Organization\",\"Place\"],\"@id\":\"https:\/\/www.eliassen.nl\/de\/#organization\",\"name\":\"Eliassen Home & Garden Pleasure\",\"url\":\"https:\/\/www.eliassen.nl\/de\/\",\"logo\":{\"@id\":\"https:\/\/www.eliassen.nl\/de\/metall-figur-fasan-vogel-55cm\/#local-main-organization-logo\"},\"image\":{\"@id\":\"https:\/\/www.eliassen.nl\/de\/metall-figur-fasan-vogel-55cm\/#local-main-organization-logo\"},\"sameAs\":[\"https:\/\/www.facebook.com\/TuincentrumEliassenAmmerzoden\",\"https:\/\/www.instagram.com\/eliassenhomeandgarden\/\",\"https:\/\/nl.pinterest.com\/eliassenhomeandgarden\/\",\"https:\/\/www.youtube.com\/@eliassenhomegardenpleasure4558\"],\"telephone\":[],\"openingHoursSpecification\":[{\"@type\":\"OpeningHoursSpecification\",\"dayOfWeek\":[\"Monday\",\"Tuesday\",\"Wednesday\",\"Thursday\",\"Friday\",\"Saturday\",\"Sunday\"],\"opens\":\"09:00\",\"closes\":\"17:00\"}]},{\"@type\":\"ImageObject\",\"inLanguage\":\"de\",\"@id\":\"https:\/\/www.eliassen.nl\/de\/metall-figur-fasan-vogel-55cm\/#local-main-organization-logo\",\"url\":\"https:\/\/www.eliassen.nl\/wp-content\/uploads\/2024\/01\/logo_4nd.jpg\",\"contentUrl\":\"https:\/\/www.eliassen.nl\/wp-content\/uploads\/2024\/01\/logo_4nd.jpg\",\"width\":500,\"height\":500,\"caption\":\"Eliassen Home & Garden Pleasure\"}]}<\/script>\n<meta property=\"product:price:amount\" content=\"44.50\" \/>\n<meta property=\"product:price:currency\" content=\"EUR\" \/>\n<meta property=\"og:availability\" content=\"instock\" \/>\n<meta property=\"product:availability\" content=\"instock\" \/>\n<meta property=\"product:retailer_item_id\" content=\"556448\" \/>\n<meta property=\"product:condition\" content=\"new\" \/>\n<!-- \/ Yoast SEO Premium plugin. -->","yoast_head_json":{"title":"Sonstige Metall Figur Fasan Vogel 55cm - Eliassen.nl","description":"Bereichern Sie Ihren Garten oder Ihr Interieur mit diesem sch\u00f6nen Metallfasan (55 cm). Detailliertes Finish mit warmen Erdt\u00f6nen und einem roten Kopf.","robots":{"index":"index","follow":"follow","max-snippet":"max-snippet:-1","max-image-preview":"max-image-preview:large","max-video-preview":"max-video-preview:-1"},"canonical":"https:\/\/www.eliassen.nl\/de\/metall-figur-fasan-vogel-55cm\/","og_locale":"de_DE","og_type":"article","og_title":"Sonstige Metall Figur Fasan Vogel 55cm - Eliassen.nl","og_description":"Bereichern Sie Ihren Garten oder Ihr Interieur mit diesem sch\u00f6nen Metallfasan (55 cm). Detailliertes Finish mit warmen Erdt\u00f6nen und einem roten Kopf.","og_url":"https:\/\/www.eliassen.nl\/de\/metall-figur-fasan-vogel-55cm\/","og_site_name":"Eliassen.nl","article_publisher":"https:\/\/www.facebook.com\/TuincentrumEliassenAmmerzoden","og_image":[{"width":2560,"height":1920,"url":"https:\/\/www.eliassen.nl\/wp-content\/uploads\/2026\/03\/0556448-scaled.jpg","type":"image\/jpeg"}],"twitter_card":"summary_large_image","schema":{"@context":"https:\/\/schema.org","@graph":[{"@type":"WebPage","@id":"https:\/\/www.eliassen.nl\/de\/metall-figur-fasan-vogel-55cm\/","url":"https:\/\/www.eliassen.nl\/de\/metall-figur-fasan-vogel-55cm\/","name":"Sonstige Metall Figur Fasan Vogel 55cm - Eliassen.nl","isPartOf":{"@id":"https:\/\/www.eliassen.nl\/de\/#website"},"primaryImageOfPage":{"@id":"https:\/\/www.eliassen.nl\/de\/metall-figur-fasan-vogel-55cm\/#primaryimage"},"image":{"@id":"https:\/\/www.eliassen.nl\/de\/metall-figur-fasan-vogel-55cm\/#primaryimage"},"thumbnailUrl":"https:\/\/www.eliassen.nl\/wp-content\/uploads\/2026\/03\/0556448-scaled.jpg","datePublished":"2026-03-31T14:04:07+00:00","description":"Bereichern Sie Ihren Garten oder Ihr Interieur mit diesem sch\u00f6nen Metallfasan (55 cm). Detailliertes Finish mit warmen Erdt\u00f6nen und einem roten Kopf.","breadcrumb":{"@id":"https:\/\/www.eliassen.nl\/de\/metall-figur-fasan-vogel-55cm\/#breadcrumb"},"inLanguage":"de","potentialAction":[{"@type":"ReadAction","target":["https:\/\/www.eliassen.nl\/de\/metall-figur-fasan-vogel-55cm\/"]}]},{"@type":"ImageObject","inLanguage":"de","@id":"https:\/\/www.eliassen.nl\/de\/metall-figur-fasan-vogel-55cm\/#primaryimage","url":"https:\/\/www.eliassen.nl\/wp-content\/uploads\/2026\/03\/0556448-scaled.jpg","contentUrl":"https:\/\/www.eliassen.nl\/wp-content\/uploads\/2026\/03\/0556448-scaled.jpg","width":2560,"height":1920,"caption":"Metallfigur Fasan Vogel 55cm - Eliassen.nl"},{"@type":"BreadcrumbList","@id":"https:\/\/www.eliassen.nl\/de\/metall-figur-fasan-vogel-55cm\/#breadcrumb","itemListElement":[{"@type":"ListItem","position":1,"name":"Home","item":"https:\/\/www.eliassen.nl\/de\/"},{"@type":"ListItem","position":2,"name":"Shop","item":"https:\/\/www.eliassen.nl\/de\/shop\/"},{"@type":"ListItem","position":3,"name":"Metall Figur Fasan Vogel 55cm"}]},{"@type":"WebSite","@id":"https:\/\/www.eliassen.nl\/de\/#website","url":"https:\/\/www.eliassen.nl\/de\/","name":"Eliassen Home & Garden Pleasure","description":"","publisher":{"@id":"https:\/\/www.eliassen.nl\/de\/#organization"},"alternateName":"Eliassen.nl","potentialAction":[{"@type":"SearchAction","target":{"@type":"EntryPoint","urlTemplate":"https:\/\/www.eliassen.nl\/de\/?s={search_term_string}"},"query-input":{"@type":"PropertyValueSpecification","valueRequired":true,"valueName":"search_term_string"}}],"inLanguage":"de"},{"@type":["Organization","Place"],"@id":"https:\/\/www.eliassen.nl\/de\/#organization","name":"Eliassen Home & Garden Pleasure","url":"https:\/\/www.eliassen.nl\/de\/","logo":{"@id":"https:\/\/www.eliassen.nl\/de\/metall-figur-fasan-vogel-55cm\/#local-main-organization-logo"},"image":{"@id":"https:\/\/www.eliassen.nl\/de\/metall-figur-fasan-vogel-55cm\/#local-main-organization-logo"},"sameAs":["https:\/\/www.facebook.com\/TuincentrumEliassenAmmerzoden","https:\/\/www.instagram.com\/eliassenhomeandgarden\/","https:\/\/nl.pinterest.com\/eliassenhomeandgarden\/","https:\/\/www.youtube.com\/@eliassenhomegardenpleasure4558"],"telephone":[],"openingHoursSpecification":[{"@type":"OpeningHoursSpecification","dayOfWeek":["Monday","Tuesday","Wednesday","Thursday","Friday","Saturday","Sunday"],"opens":"09:00","closes":"17:00"}]},{"@type":"ImageObject","inLanguage":"de","@id":"https:\/\/www.eliassen.nl\/de\/metall-figur-fasan-vogel-55cm\/#local-main-organization-logo","url":"https:\/\/www.eliassen.nl\/wp-content\/uploads\/2024\/01\/logo_4nd.jpg","contentUrl":"https:\/\/www.eliassen.nl\/wp-content\/uploads\/2024\/01\/logo_4nd.jpg","width":500,"height":500,"caption":"Eliassen Home & Garden Pleasure"}]},"product_price_amount":"44.50","product_price_currency":"EUR","og_availability":"instock","product_availability":"instock","product_retailer_item_id":"556448","product_condition":"new"},"df_price":44.5,"df_sale_price":"","df_regular_price":44.5,"df_image_link":"https:\/\/www.eliassen.nl\/wp-content\/uploads\/2026\/03\/0556448-300x225.jpg","image":"https:\/\/www.eliassen.nl\/wp-content\/uploads\/2026\/03\/0556448-150x150.jpg","price_search":"<span class=\"woocommerce-Price-amount amount\"><bdi><span class=\"woocommerce-Price-currencySymbol\">&euro;<\/span>&nbsp;44,50<\/bdi><\/span>","category":"Dekofiguren aus Metall","global_unique_id":"4025809182937","_links":{"self":[{"href":"https:\/\/www.eliassen.nl\/de\/wp-json\/wp\/v2\/product\/211756","targetHints":{"allow":["GET"]}}],"collection":[{"href":"https:\/\/www.eliassen.nl\/de\/wp-json\/wp\/v2\/product"}],"about":[{"href":"https:\/\/www.eliassen.nl\/de\/wp-json\/wp\/v2\/types\/product"}],"wp:featuredmedia":[{"embeddable":true,"href":"https:\/\/www.eliassen.nl\/de\/wp-json\/wp\/v2\/media\/210685"}],"wp:attachment":[{"href":"https:\/\/www.eliassen.nl\/de\/wp-json\/wp\/v2\/media?parent=211756"}],"wp:term":[{"taxonomy":"product_brand","embeddable":true,"href":"https:\/\/www.eliassen.nl\/de\/wp-json\/wp\/v2\/product_brand?post=211756"},{"taxonomy":"product_cat","embeddable":true,"href":"https:\/\/www.eliassen.nl\/de\/wp-json\/wp\/v2\/product_cat?post=211756"},{"taxonomy":"product_tag","embeddable":true,"href":"https:\/\/www.eliassen.nl\/de\/wp-json\/wp\/v2\/product_tag?post=211756"}],"curies":[{"name":"wp","href":"https:\/\/api.w.org\/{rel}","templated":true}]}}