{"id":211751,"date":"2026-03-31T16:05:48","date_gmt":"2026-03-31T14:05:48","guid":{"rendered":"https:\/\/www.eliassen.nl\/product\/metall-figurenset-strandraeuber-voegel-53cm\/"},"modified":"2026-03-31T16:05:48","modified_gmt":"2026-03-31T14:05:48","slug":"metall-figurenset-strandraeuber-voegel-53cm","status":"publish","type":"product","link":"https:\/\/www.eliassen.nl\/de\/metall-figurenset-strandraeuber-voegel-53cm\/","title":{"rendered":"Metall Figurenset Strandr\u00e4uber V\u00f6gel 53cm"},"content":{"rendered":"<p data-path-to-node=\"1\">Bringen Sie den Charme der Natur in Ihren Garten oder Ihr Interieur mit diesem sch\u00f6nen Set aus zwei Strandl\u00e4ufern aus Metall. Diese mit viel Liebe zum Detail gestalteten dekorativen Figuren sind eine atemberaubende Erg\u00e4nzung f\u00fcr Ihren Au\u00dfen- oder Innenbereich. Das Set besteht aus zwei einzigartigen, einander zugewandten V\u00f6geln, die einen lebendigen und charmanten Look erzeugen. Sie sind aus hochwertigem Metall gefertigt und haben ein sch\u00f6nes Federkleid. Die sich \u00fcberlappenden Metallfedern sind sorgf\u00e4ltig in harmonischen Schattierungen von frischem Wei\u00df, warmem Goldgelb und nat\u00fcrlichem Braun gefertigt. Zusammen mit den langen, schlanken Beinen und den charakteristischen spitzen Schn\u00e4beln verleiht dies den Skulpturen ein sehr realistisches und dennoch k\u00fcnstlerisches Aussehen.<\/p>\n<p data-path-to-node=\"2\">Mit 53 Zentimetern H\u00f6he haben diese Strandl\u00e4ufer die perfekte Gr\u00f6\u00dfe, um aufzufallen, ohne die Umgebung zu dominieren. Besonders sch\u00f6n sehen sie am Rande eines Teiches, versteckt im Gr\u00fcn auf der Terrasse oder als stilvoller Akzent im Wohnzimmer oder Wintergarten aus. Dank der breiten Basis der Zehen sind die Figuren sehr stabil. Machen wir es uns gem\u00fctlich!<\/p>\n<p data-path-to-node=\"3\">Sie sind jederzeit willkommen, um diese stimmungsvollen Metallv\u00f6gel und viele andere Dekorationen in natura zu bewundern. Besuchen Sie den gro\u00dfz\u00fcgigen Ausstellungsraum von Eliassen Home &amp; Garden Pleasure in Ammerzoden. Wir bieten eine au\u00dfergew\u00f6hnlich gro\u00dfe Auswahl und helfen Ihnen gerne weiter.<\/p>\n","protected":false},"excerpt":{"rendered":"<p>Dieses stimmungsvolle Set aus zwei Strandl\u00e4ufern aus Metall bringt einen Hauch von nat\u00fcrlicher Eleganz in Ihr Haus oder Ihren Garten. Mit einer H\u00f6he von 53 cm haben die detaillierten V\u00f6gel eine sch\u00f6ne Textur durch die geschichteten Metallfedern in warmen Wei\u00df-, Goldgelb- und Braunt\u00f6nen. Eine anmutige und stabile Dekoration, die jedem Raum sofort einen einzigartigen und lebendigen Charakter verleiht.<\/p>\n","protected":false},"featured_media":210688,"template":"","meta":{"_acf_changed":false,"_genesis_title":"","_genesis_description":""},"product_brand":[7505],"product_cat":[665,659],"product_tag":[],"class_list":{"0":"post-211751","1":"product","2":"type-product","3":"status-publish","4":"has-post-thumbnail","6":"product_brand-sonstige","7":"product_cat-dekofiguren-aus-metall","8":"product_cat-dekoration-aus-metall","10":"first","11":"instock","12":"taxable","13":"shipping-taxable","14":"purchasable","15":"product-type-simple"},"acf":[],"meta_all":{"cor_restricted_countries":[],"total_sales":"0"},"meta_all_flat":{"total_sales":"0"},"yoast_head":"<!-- This site is optimized with the Yoast SEO Premium plugin v26.2 (Yoast SEO v27.2) - https:\/\/yoast.com\/product\/yoast-seo-premium-wordpress\/ -->\n<title>Sonstige Metall Figurenset Strandr\u00e4uber V\u00f6gel 53cm - Eliassen.nl<\/title>\n<meta name=\"description\" content=\"Bringen Sie die Natur in Ihr Haus oder Ihren Garten mit diesem Set aus zwei Strandl\u00e4ufern aus Metall (53 cm). Wundersch\u00f6nes, detailreiches Finish in Wei\u00df, Goldgelb und Braun.\" \/>\n<meta name=\"robots\" content=\"index, follow, max-snippet:-1, max-image-preview:large, max-video-preview:-1\" \/>\n<link rel=\"canonical\" href=\"https:\/\/www.eliassen.nl\/de\/metall-figurenset-strandraeuber-voegel-53cm\/\" \/>\n<meta property=\"og:locale\" content=\"de_DE\" \/>\n<meta property=\"og:type\" content=\"article\" \/>\n<meta property=\"og:title\" content=\"Sonstige Metall Figurenset Strandr\u00e4uber V\u00f6gel 53cm - Eliassen.nl\" \/>\n<meta property=\"og:description\" content=\"Bringen Sie die Natur in Ihr Haus oder Ihren Garten mit diesem Set aus zwei Strandl\u00e4ufern aus Metall (53 cm). Wundersch\u00f6nes, detailreiches Finish in Wei\u00df, Goldgelb und Braun.\" \/>\n<meta property=\"og:url\" content=\"https:\/\/www.eliassen.nl\/de\/metall-figurenset-strandraeuber-voegel-53cm\/\" \/>\n<meta property=\"og:site_name\" content=\"Eliassen.nl\" \/>\n<meta property=\"article:publisher\" content=\"https:\/\/www.facebook.com\/TuincentrumEliassenAmmerzoden\" \/>\n<meta property=\"og:image\" content=\"https:\/\/www.eliassen.nl\/wp-content\/uploads\/2026\/03\/0556714-scaled.jpg\" \/>\n\t<meta property=\"og:image:width\" content=\"2560\" \/>\n\t<meta property=\"og:image:height\" content=\"1920\" \/>\n\t<meta property=\"og:image:type\" content=\"image\/jpeg\" \/>\n<meta name=\"twitter:card\" content=\"summary_large_image\" \/>\n<script type=\"application\/ld+json\" class=\"yoast-schema-graph\">{\"@context\":\"https:\/\/schema.org\",\"@graph\":[{\"@type\":\"WebPage\",\"@id\":\"https:\/\/www.eliassen.nl\/de\/metall-figurenset-strandraeuber-voegel-53cm\/\",\"url\":\"https:\/\/www.eliassen.nl\/de\/metall-figurenset-strandraeuber-voegel-53cm\/\",\"name\":\"Sonstige Metall Figurenset Strandr\u00e4uber V\u00f6gel 53cm - Eliassen.nl\",\"isPartOf\":{\"@id\":\"https:\/\/www.eliassen.nl\/de\/#website\"},\"primaryImageOfPage\":{\"@id\":\"https:\/\/www.eliassen.nl\/de\/metall-figurenset-strandraeuber-voegel-53cm\/#primaryimage\"},\"image\":{\"@id\":\"https:\/\/www.eliassen.nl\/de\/metall-figurenset-strandraeuber-voegel-53cm\/#primaryimage\"},\"thumbnailUrl\":\"https:\/\/www.eliassen.nl\/wp-content\/uploads\/2026\/03\/0556714-scaled.jpg\",\"datePublished\":\"2026-03-31T14:05:48+00:00\",\"description\":\"Bringen Sie die Natur in Ihr Haus oder Ihren Garten mit diesem Set aus zwei Strandl\u00e4ufern aus Metall (53 cm). Wundersch\u00f6nes, detailreiches Finish in Wei\u00df, Goldgelb und Braun.\",\"breadcrumb\":{\"@id\":\"https:\/\/www.eliassen.nl\/de\/metall-figurenset-strandraeuber-voegel-53cm\/#breadcrumb\"},\"inLanguage\":\"de\",\"potentialAction\":[{\"@type\":\"ReadAction\",\"target\":[\"https:\/\/www.eliassen.nl\/de\/metall-figurenset-strandraeuber-voegel-53cm\/\"]}]},{\"@type\":\"ImageObject\",\"inLanguage\":\"de\",\"@id\":\"https:\/\/www.eliassen.nl\/de\/metall-figurenset-strandraeuber-voegel-53cm\/#primaryimage\",\"url\":\"https:\/\/www.eliassen.nl\/wp-content\/uploads\/2026\/03\/0556714-scaled.jpg\",\"contentUrl\":\"https:\/\/www.eliassen.nl\/wp-content\/uploads\/2026\/03\/0556714-scaled.jpg\",\"width\":2560,\"height\":1920,\"caption\":\"Metall-Figurenset Beachcombers V\u00f6gel 53cm - Eliassen.nl\"},{\"@type\":\"BreadcrumbList\",\"@id\":\"https:\/\/www.eliassen.nl\/de\/metall-figurenset-strandraeuber-voegel-53cm\/#breadcrumb\",\"itemListElement\":[{\"@type\":\"ListItem\",\"position\":1,\"name\":\"Home\",\"item\":\"https:\/\/www.eliassen.nl\/de\/\"},{\"@type\":\"ListItem\",\"position\":2,\"name\":\"Shop\",\"item\":\"https:\/\/www.eliassen.nl\/de\/shop\/\"},{\"@type\":\"ListItem\",\"position\":3,\"name\":\"Metall Figurenset Strandr\u00e4uber V\u00f6gel 53cm\"}]},{\"@type\":\"WebSite\",\"@id\":\"https:\/\/www.eliassen.nl\/de\/#website\",\"url\":\"https:\/\/www.eliassen.nl\/de\/\",\"name\":\"Eliassen Home & Garden Pleasure\",\"description\":\"\",\"publisher\":{\"@id\":\"https:\/\/www.eliassen.nl\/de\/#organization\"},\"alternateName\":\"Eliassen.nl\",\"potentialAction\":[{\"@type\":\"SearchAction\",\"target\":{\"@type\":\"EntryPoint\",\"urlTemplate\":\"https:\/\/www.eliassen.nl\/de\/?s={search_term_string}\"},\"query-input\":{\"@type\":\"PropertyValueSpecification\",\"valueRequired\":true,\"valueName\":\"search_term_string\"}}],\"inLanguage\":\"de\"},{\"@type\":[\"Organization\",\"Place\"],\"@id\":\"https:\/\/www.eliassen.nl\/de\/#organization\",\"name\":\"Eliassen Home & Garden Pleasure\",\"url\":\"https:\/\/www.eliassen.nl\/de\/\",\"logo\":{\"@id\":\"https:\/\/www.eliassen.nl\/de\/metall-figurenset-strandraeuber-voegel-53cm\/#local-main-organization-logo\"},\"image\":{\"@id\":\"https:\/\/www.eliassen.nl\/de\/metall-figurenset-strandraeuber-voegel-53cm\/#local-main-organization-logo\"},\"sameAs\":[\"https:\/\/www.facebook.com\/TuincentrumEliassenAmmerzoden\",\"https:\/\/www.instagram.com\/eliassenhomeandgarden\/\",\"https:\/\/nl.pinterest.com\/eliassenhomeandgarden\/\",\"https:\/\/www.youtube.com\/@eliassenhomegardenpleasure4558\"],\"telephone\":[],\"openingHoursSpecification\":[{\"@type\":\"OpeningHoursSpecification\",\"dayOfWeek\":[\"Monday\",\"Tuesday\",\"Wednesday\",\"Thursday\",\"Friday\",\"Saturday\",\"Sunday\"],\"opens\":\"09:00\",\"closes\":\"17:00\"}]},{\"@type\":\"ImageObject\",\"inLanguage\":\"de\",\"@id\":\"https:\/\/www.eliassen.nl\/de\/metall-figurenset-strandraeuber-voegel-53cm\/#local-main-organization-logo\",\"url\":\"https:\/\/www.eliassen.nl\/wp-content\/uploads\/2024\/01\/logo_4nd.jpg\",\"contentUrl\":\"https:\/\/www.eliassen.nl\/wp-content\/uploads\/2024\/01\/logo_4nd.jpg\",\"width\":500,\"height\":500,\"caption\":\"Eliassen Home & Garden Pleasure\"}]}<\/script>\n<meta property=\"product:price:amount\" content=\"78.50\" \/>\n<meta property=\"product:price:currency\" content=\"EUR\" \/>\n<meta property=\"og:availability\" content=\"instock\" \/>\n<meta property=\"product:availability\" content=\"instock\" \/>\n<meta property=\"product:retailer_item_id\" content=\"556714-set\" \/>\n<meta property=\"product:condition\" content=\"new\" \/>\n<!-- \/ Yoast SEO Premium plugin. -->","yoast_head_json":{"title":"Sonstige Metall Figurenset Strandr\u00e4uber V\u00f6gel 53cm - Eliassen.nl","description":"Bringen Sie die Natur in Ihr Haus oder Ihren Garten mit diesem Set aus zwei Strandl\u00e4ufern aus Metall (53 cm). Wundersch\u00f6nes, detailreiches Finish in Wei\u00df, Goldgelb und Braun.","robots":{"index":"index","follow":"follow","max-snippet":"max-snippet:-1","max-image-preview":"max-image-preview:large","max-video-preview":"max-video-preview:-1"},"canonical":"https:\/\/www.eliassen.nl\/de\/metall-figurenset-strandraeuber-voegel-53cm\/","og_locale":"de_DE","og_type":"article","og_title":"Sonstige Metall Figurenset Strandr\u00e4uber V\u00f6gel 53cm - Eliassen.nl","og_description":"Bringen Sie die Natur in Ihr Haus oder Ihren Garten mit diesem Set aus zwei Strandl\u00e4ufern aus Metall (53 cm). Wundersch\u00f6nes, detailreiches Finish in Wei\u00df, Goldgelb und Braun.","og_url":"https:\/\/www.eliassen.nl\/de\/metall-figurenset-strandraeuber-voegel-53cm\/","og_site_name":"Eliassen.nl","article_publisher":"https:\/\/www.facebook.com\/TuincentrumEliassenAmmerzoden","og_image":[{"width":2560,"height":1920,"url":"https:\/\/www.eliassen.nl\/wp-content\/uploads\/2026\/03\/0556714-scaled.jpg","type":"image\/jpeg"}],"twitter_card":"summary_large_image","schema":{"@context":"https:\/\/schema.org","@graph":[{"@type":"WebPage","@id":"https:\/\/www.eliassen.nl\/de\/metall-figurenset-strandraeuber-voegel-53cm\/","url":"https:\/\/www.eliassen.nl\/de\/metall-figurenset-strandraeuber-voegel-53cm\/","name":"Sonstige Metall Figurenset Strandr\u00e4uber V\u00f6gel 53cm - Eliassen.nl","isPartOf":{"@id":"https:\/\/www.eliassen.nl\/de\/#website"},"primaryImageOfPage":{"@id":"https:\/\/www.eliassen.nl\/de\/metall-figurenset-strandraeuber-voegel-53cm\/#primaryimage"},"image":{"@id":"https:\/\/www.eliassen.nl\/de\/metall-figurenset-strandraeuber-voegel-53cm\/#primaryimage"},"thumbnailUrl":"https:\/\/www.eliassen.nl\/wp-content\/uploads\/2026\/03\/0556714-scaled.jpg","datePublished":"2026-03-31T14:05:48+00:00","description":"Bringen Sie die Natur in Ihr Haus oder Ihren Garten mit diesem Set aus zwei Strandl\u00e4ufern aus Metall (53 cm). Wundersch\u00f6nes, detailreiches Finish in Wei\u00df, Goldgelb und Braun.","breadcrumb":{"@id":"https:\/\/www.eliassen.nl\/de\/metall-figurenset-strandraeuber-voegel-53cm\/#breadcrumb"},"inLanguage":"de","potentialAction":[{"@type":"ReadAction","target":["https:\/\/www.eliassen.nl\/de\/metall-figurenset-strandraeuber-voegel-53cm\/"]}]},{"@type":"ImageObject","inLanguage":"de","@id":"https:\/\/www.eliassen.nl\/de\/metall-figurenset-strandraeuber-voegel-53cm\/#primaryimage","url":"https:\/\/www.eliassen.nl\/wp-content\/uploads\/2026\/03\/0556714-scaled.jpg","contentUrl":"https:\/\/www.eliassen.nl\/wp-content\/uploads\/2026\/03\/0556714-scaled.jpg","width":2560,"height":1920,"caption":"Metall-Figurenset Beachcombers V\u00f6gel 53cm - Eliassen.nl"},{"@type":"BreadcrumbList","@id":"https:\/\/www.eliassen.nl\/de\/metall-figurenset-strandraeuber-voegel-53cm\/#breadcrumb","itemListElement":[{"@type":"ListItem","position":1,"name":"Home","item":"https:\/\/www.eliassen.nl\/de\/"},{"@type":"ListItem","position":2,"name":"Shop","item":"https:\/\/www.eliassen.nl\/de\/shop\/"},{"@type":"ListItem","position":3,"name":"Metall Figurenset Strandr\u00e4uber V\u00f6gel 53cm"}]},{"@type":"WebSite","@id":"https:\/\/www.eliassen.nl\/de\/#website","url":"https:\/\/www.eliassen.nl\/de\/","name":"Eliassen Home & Garden Pleasure","description":"","publisher":{"@id":"https:\/\/www.eliassen.nl\/de\/#organization"},"alternateName":"Eliassen.nl","potentialAction":[{"@type":"SearchAction","target":{"@type":"EntryPoint","urlTemplate":"https:\/\/www.eliassen.nl\/de\/?s={search_term_string}"},"query-input":{"@type":"PropertyValueSpecification","valueRequired":true,"valueName":"search_term_string"}}],"inLanguage":"de"},{"@type":["Organization","Place"],"@id":"https:\/\/www.eliassen.nl\/de\/#organization","name":"Eliassen Home & Garden Pleasure","url":"https:\/\/www.eliassen.nl\/de\/","logo":{"@id":"https:\/\/www.eliassen.nl\/de\/metall-figurenset-strandraeuber-voegel-53cm\/#local-main-organization-logo"},"image":{"@id":"https:\/\/www.eliassen.nl\/de\/metall-figurenset-strandraeuber-voegel-53cm\/#local-main-organization-logo"},"sameAs":["https:\/\/www.facebook.com\/TuincentrumEliassenAmmerzoden","https:\/\/www.instagram.com\/eliassenhomeandgarden\/","https:\/\/nl.pinterest.com\/eliassenhomeandgarden\/","https:\/\/www.youtube.com\/@eliassenhomegardenpleasure4558"],"telephone":[],"openingHoursSpecification":[{"@type":"OpeningHoursSpecification","dayOfWeek":["Monday","Tuesday","Wednesday","Thursday","Friday","Saturday","Sunday"],"opens":"09:00","closes":"17:00"}]},{"@type":"ImageObject","inLanguage":"de","@id":"https:\/\/www.eliassen.nl\/de\/metall-figurenset-strandraeuber-voegel-53cm\/#local-main-organization-logo","url":"https:\/\/www.eliassen.nl\/wp-content\/uploads\/2024\/01\/logo_4nd.jpg","contentUrl":"https:\/\/www.eliassen.nl\/wp-content\/uploads\/2024\/01\/logo_4nd.jpg","width":500,"height":500,"caption":"Eliassen Home & Garden Pleasure"}]},"product_price_amount":"78.50","product_price_currency":"EUR","og_availability":"instock","product_availability":"instock","product_retailer_item_id":"556714-set","product_condition":"new"},"df_price":78.5,"df_sale_price":"","df_regular_price":78.5,"df_image_link":"https:\/\/www.eliassen.nl\/wp-content\/uploads\/2026\/03\/0556714-300x225.jpg","image":"https:\/\/www.eliassen.nl\/wp-content\/uploads\/2026\/03\/0556714-150x150.jpg","price_search":"<span class=\"woocommerce-Price-amount amount\"><bdi><span class=\"woocommerce-Price-currencySymbol\">&euro;<\/span>&nbsp;78,50<\/bdi><\/span>","category":"Dekofiguren aus Metall","global_unique_id":"4025809182982","_links":{"self":[{"href":"https:\/\/www.eliassen.nl\/de\/wp-json\/wp\/v2\/product\/211751","targetHints":{"allow":["GET"]}}],"collection":[{"href":"https:\/\/www.eliassen.nl\/de\/wp-json\/wp\/v2\/product"}],"about":[{"href":"https:\/\/www.eliassen.nl\/de\/wp-json\/wp\/v2\/types\/product"}],"wp:featuredmedia":[{"embeddable":true,"href":"https:\/\/www.eliassen.nl\/de\/wp-json\/wp\/v2\/media\/210688"}],"wp:attachment":[{"href":"https:\/\/www.eliassen.nl\/de\/wp-json\/wp\/v2\/media?parent=211751"}],"wp:term":[{"taxonomy":"product_brand","embeddable":true,"href":"https:\/\/www.eliassen.nl\/de\/wp-json\/wp\/v2\/product_brand?post=211751"},{"taxonomy":"product_cat","embeddable":true,"href":"https:\/\/www.eliassen.nl\/de\/wp-json\/wp\/v2\/product_cat?post=211751"},{"taxonomy":"product_tag","embeddable":true,"href":"https:\/\/www.eliassen.nl\/de\/wp-json\/wp\/v2\/product_tag?post=211751"}],"curies":[{"name":"wp","href":"https:\/\/api.w.org\/{rel}","templated":true}]}}