{"id":211286,"date":"2026-04-09T11:01:03","date_gmt":"2026-04-09T09:01:03","guid":{"rendered":"https:\/\/www.eliassen.nl\/product\/statue-frosch-meditierend-90cm\/"},"modified":"2026-04-09T11:01:03","modified_gmt":"2026-04-09T09:01:03","slug":"statue-frosch-meditierend-90cm","status":"publish","type":"product","link":"https:\/\/www.eliassen.nl\/de\/statue-frosch-meditierend-90cm\/","title":{"rendered":"Statue Frosch meditierend 90cm"},"content":{"rendered":"<p>Sind Sie auf der Suche nach einem beruhigenden und doch verspielten Kunstwerk f\u00fcr Ihren Garten oder Ihr Interieur? Diese besondere Skulptur eines meditierenden Frosches ist ein absoluter Blickfang, der sofort eine entspannende Atmosph\u00e4re schafft. Mit einer beeindruckenden H\u00f6he von 90 Zentimetern zaubert diese einzigartige Skulptur garantiert ein L\u00e4cheln auf Ihr Gesicht. Der stilisierte Frosch sitzt in der klassischen Lotus-Position und sorgt in jeder Umgebung f\u00fcr ein beruhigendes, zen-\u00e4hnliches Aussehen. Um sich nahtlos in Ihre pers\u00f6nliche Einrichtung einzuf\u00fcgen, ist diese charmante Skulptur in zwei stimmungsvollen Ausf\u00fchrungen erh\u00e4ltlich: in elegantem Schwarz und in einer warmen Rostfarbe. Das Kunstwerk ist aus robustem und widerstandsf\u00e4higem Material gefertigt, was zu einem beachtlichen Gewicht von 60 Kilogramm f\u00fchrt. Dies sorgt f\u00fcr eine extrem stabile Aufstellung und l\u00e4sst diese Statue allen Wetterbedingungen mit Leichtigkeit trotzen. Ganz gleich, ob Sie diesem beruhigenden Frosch einen prominenten Platz auf der Terrasse oder am Teich einr\u00e4umen oder ob er sich sch\u00f6n in die Bepflanzung einf\u00fcgt, er wird Ihrem Au\u00dfenbereich eine einzigartige und harmonische Atmosph\u00e4re verleihen. Nat\u00fcrlich sind Sie jederzeit herzlich eingeladen, unseren gro\u00dfen Ausstellungsraum in Ammerzoden zu besuchen, um diesen meditierenden Frosch und unsere gro\u00dfe Kollektion anderer besonderer Skulpturen in aller Ruhe mit eigenen Augen zu bewundern.<\/p>\n","protected":false},"excerpt":{"rendered":"<p>Verleihen Sie Ihrem Au\u00dfenbereich eine entspannte und verspielte Atmosph\u00e4re mit dieser gro\u00dfen, robusten Skulptur eines meditierenden Frosches. Diese robuste 90 Zentimeter hohe Skulptur wiegt 60 Kilogramm, steht \u00e4u\u00dferst stabil und ist wahlweise in elegantem Schwarz oder einer warmen Rostfarbe erh\u00e4ltlich. Es ist ein einzigartiges und wetterfestes Dekorationsst\u00fcck, das Ihrem Garten oder Teichrand sofort einen fr\u00f6hlichen, zenartigen Look verleiht.<\/p>\n","protected":false},"featured_media":210578,"template":"","meta":{"_acf_changed":false,"_genesis_title":"","_genesis_description":""},"product_brand":[7484],"product_cat":[677,698,7239],"product_tag":[],"class_list":{"0":"post-211286","1":"product","2":"type-product","3":"status-publish","4":"has-post-thumbnail","6":"product_brand-karmakami","7":"product_cat-betonstatuen","8":"product_cat-tierbilder","9":"product_cat-bilder","11":"first","12":"instock","13":"taxable","14":"shipping-taxable","15":"purchasable","16":"product-type-simple"},"acf":[],"meta_all":{"cor_restricted_countries":[],"total_sales":"0"},"meta_all_flat":{"total_sales":"0"},"yoast_head":"<!-- This site is optimized with the Yoast SEO Premium plugin v26.2 (Yoast SEO v27.2) - https:\/\/yoast.com\/product\/yoast-seo-premium-wordpress\/ -->\n<title>Karmakami Statue Frosch meditierend 90cm - Eliassen.nl<\/title>\n<meta name=\"description\" content=\"Schaffen Sie eine Zen-Atmosph\u00e4re in Ihrem Garten mit dieser gro\u00dfen Skulptur eines meditierenden Frosches. Diese robuste 90 cm (60 kg) gro\u00dfe Skulptur ist in den Farben Schwarz und Rost erh\u00e4ltlich.\" \/>\n<meta name=\"robots\" content=\"index, follow, max-snippet:-1, max-image-preview:large, max-video-preview:-1\" \/>\n<link rel=\"canonical\" href=\"https:\/\/www.eliassen.nl\/de\/statue-frosch-meditierend-90cm\/\" \/>\n<meta property=\"og:locale\" content=\"de_DE\" \/>\n<meta property=\"og:type\" content=\"article\" \/>\n<meta property=\"og:title\" content=\"Karmakami Statue Frosch meditierend 90cm - Eliassen.nl\" \/>\n<meta property=\"og:description\" content=\"Schaffen Sie eine Zen-Atmosph\u00e4re in Ihrem Garten mit dieser gro\u00dfen Skulptur eines meditierenden Frosches. Diese robuste 90 cm (60 kg) gro\u00dfe Skulptur ist in den Farben Schwarz und Rost erh\u00e4ltlich.\" \/>\n<meta property=\"og:url\" content=\"https:\/\/www.eliassen.nl\/de\/statue-frosch-meditierend-90cm\/\" \/>\n<meta property=\"og:site_name\" content=\"Eliassen.nl\" \/>\n<meta property=\"article:publisher\" content=\"https:\/\/www.facebook.com\/TuincentrumEliassenAmmerzoden\" \/>\n<meta property=\"og:image\" content=\"https:\/\/www.eliassen.nl\/wp-content\/uploads\/2026\/03\/Kikker-mediterend-90cm-Eliassen.nl-brmf90.jpg\" \/>\n\t<meta property=\"og:image:width\" content=\"179\" \/>\n\t<meta property=\"og:image:height\" content=\"249\" \/>\n\t<meta property=\"og:image:type\" content=\"image\/jpeg\" \/>\n<meta name=\"twitter:card\" content=\"summary_large_image\" \/>\n<script type=\"application\/ld+json\" class=\"yoast-schema-graph\">{\"@context\":\"https:\/\/schema.org\",\"@graph\":[{\"@type\":\"WebPage\",\"@id\":\"https:\/\/www.eliassen.nl\/de\/statue-frosch-meditierend-90cm\/\",\"url\":\"https:\/\/www.eliassen.nl\/de\/statue-frosch-meditierend-90cm\/\",\"name\":\"Karmakami Statue Frosch meditierend 90cm - Eliassen.nl\",\"isPartOf\":{\"@id\":\"https:\/\/www.eliassen.nl\/de\/#website\"},\"primaryImageOfPage\":{\"@id\":\"https:\/\/www.eliassen.nl\/de\/statue-frosch-meditierend-90cm\/#primaryimage\"},\"image\":{\"@id\":\"https:\/\/www.eliassen.nl\/de\/statue-frosch-meditierend-90cm\/#primaryimage\"},\"thumbnailUrl\":\"https:\/\/www.eliassen.nl\/wp-content\/uploads\/2026\/03\/Kikker-mediterend-90cm-Eliassen.nl-brmf90.jpg\",\"datePublished\":\"2026-04-09T09:01:03+00:00\",\"description\":\"Schaffen Sie eine Zen-Atmosph\u00e4re in Ihrem Garten mit dieser gro\u00dfen Skulptur eines meditierenden Frosches. Diese robuste 90 cm (60 kg) gro\u00dfe Skulptur ist in den Farben Schwarz und Rost erh\u00e4ltlich.\",\"breadcrumb\":{\"@id\":\"https:\/\/www.eliassen.nl\/de\/statue-frosch-meditierend-90cm\/#breadcrumb\"},\"inLanguage\":\"de\",\"potentialAction\":[{\"@type\":\"ReadAction\",\"target\":[\"https:\/\/www.eliassen.nl\/de\/statue-frosch-meditierend-90cm\/\"]}]},{\"@type\":\"ImageObject\",\"inLanguage\":\"de\",\"@id\":\"https:\/\/www.eliassen.nl\/de\/statue-frosch-meditierend-90cm\/#primaryimage\",\"url\":\"https:\/\/www.eliassen.nl\/wp-content\/uploads\/2026\/03\/Kikker-mediterend-90cm-Eliassen.nl-brmf90.jpg\",\"contentUrl\":\"https:\/\/www.eliassen.nl\/wp-content\/uploads\/2026\/03\/Kikker-mediterend-90cm-Eliassen.nl-brmf90.jpg\",\"width\":179,\"height\":249,\"caption\":\"Gartenstatue Frosch meditierend 90cm - Eliassen.nl\"},{\"@type\":\"BreadcrumbList\",\"@id\":\"https:\/\/www.eliassen.nl\/de\/statue-frosch-meditierend-90cm\/#breadcrumb\",\"itemListElement\":[{\"@type\":\"ListItem\",\"position\":1,\"name\":\"Home\",\"item\":\"https:\/\/www.eliassen.nl\/de\/\"},{\"@type\":\"ListItem\",\"position\":2,\"name\":\"Shop\",\"item\":\"https:\/\/www.eliassen.nl\/de\/shop\/\"},{\"@type\":\"ListItem\",\"position\":3,\"name\":\"Bilder\",\"item\":\"https:\/\/www.eliassen.nl\/de\/bilder\/\"},{\"@type\":\"ListItem\",\"position\":4,\"name\":\"Statue Frosch meditierend 90cm\"}]},{\"@type\":\"WebSite\",\"@id\":\"https:\/\/www.eliassen.nl\/de\/#website\",\"url\":\"https:\/\/www.eliassen.nl\/de\/\",\"name\":\"Eliassen Home & Garden Pleasure\",\"description\":\"\",\"publisher\":{\"@id\":\"https:\/\/www.eliassen.nl\/de\/#organization\"},\"alternateName\":\"Eliassen.nl\",\"potentialAction\":[{\"@type\":\"SearchAction\",\"target\":{\"@type\":\"EntryPoint\",\"urlTemplate\":\"https:\/\/www.eliassen.nl\/de\/?s={search_term_string}\"},\"query-input\":{\"@type\":\"PropertyValueSpecification\",\"valueRequired\":true,\"valueName\":\"search_term_string\"}}],\"inLanguage\":\"de\"},{\"@type\":[\"Organization\",\"Place\"],\"@id\":\"https:\/\/www.eliassen.nl\/de\/#organization\",\"name\":\"Eliassen Home & Garden Pleasure\",\"url\":\"https:\/\/www.eliassen.nl\/de\/\",\"logo\":{\"@id\":\"https:\/\/www.eliassen.nl\/de\/statue-frosch-meditierend-90cm\/#local-main-organization-logo\"},\"image\":{\"@id\":\"https:\/\/www.eliassen.nl\/de\/statue-frosch-meditierend-90cm\/#local-main-organization-logo\"},\"sameAs\":[\"https:\/\/www.facebook.com\/TuincentrumEliassenAmmerzoden\",\"https:\/\/www.instagram.com\/eliassenhomeandgarden\/\",\"https:\/\/nl.pinterest.com\/eliassenhomeandgarden\/\",\"https:\/\/www.youtube.com\/@eliassenhomegardenpleasure4558\"],\"telephone\":[],\"openingHoursSpecification\":[{\"@type\":\"OpeningHoursSpecification\",\"dayOfWeek\":[\"Monday\",\"Tuesday\",\"Wednesday\",\"Thursday\",\"Friday\",\"Saturday\",\"Sunday\"],\"opens\":\"09:00\",\"closes\":\"17:00\"}]},{\"@type\":\"ImageObject\",\"inLanguage\":\"de\",\"@id\":\"https:\/\/www.eliassen.nl\/de\/statue-frosch-meditierend-90cm\/#local-main-organization-logo\",\"url\":\"https:\/\/www.eliassen.nl\/wp-content\/uploads\/2024\/01\/logo_4nd.jpg\",\"contentUrl\":\"https:\/\/www.eliassen.nl\/wp-content\/uploads\/2024\/01\/logo_4nd.jpg\",\"width\":500,\"height\":500,\"caption\":\"Eliassen Home & Garden Pleasure\"}]}<\/script>\n<meta property=\"product:price:amount\" content=\"159.00\" \/>\n<meta property=\"product:price:currency\" content=\"EUR\" \/>\n<meta property=\"og:availability\" content=\"instock\" \/>\n<meta property=\"product:availability\" content=\"instock\" \/>\n<meta property=\"product:condition\" content=\"new\" \/>\n<!-- \/ Yoast SEO Premium plugin. -->","yoast_head_json":{"title":"Karmakami Statue Frosch meditierend 90cm - Eliassen.nl","description":"Schaffen Sie eine Zen-Atmosph\u00e4re in Ihrem Garten mit dieser gro\u00dfen Skulptur eines meditierenden Frosches. Diese robuste 90 cm (60 kg) gro\u00dfe Skulptur ist in den Farben Schwarz und Rost erh\u00e4ltlich.","robots":{"index":"index","follow":"follow","max-snippet":"max-snippet:-1","max-image-preview":"max-image-preview:large","max-video-preview":"max-video-preview:-1"},"canonical":"https:\/\/www.eliassen.nl\/de\/statue-frosch-meditierend-90cm\/","og_locale":"de_DE","og_type":"article","og_title":"Karmakami Statue Frosch meditierend 90cm - Eliassen.nl","og_description":"Schaffen Sie eine Zen-Atmosph\u00e4re in Ihrem Garten mit dieser gro\u00dfen Skulptur eines meditierenden Frosches. Diese robuste 90 cm (60 kg) gro\u00dfe Skulptur ist in den Farben Schwarz und Rost erh\u00e4ltlich.","og_url":"https:\/\/www.eliassen.nl\/de\/statue-frosch-meditierend-90cm\/","og_site_name":"Eliassen.nl","article_publisher":"https:\/\/www.facebook.com\/TuincentrumEliassenAmmerzoden","og_image":[{"width":179,"height":249,"url":"https:\/\/www.eliassen.nl\/wp-content\/uploads\/2026\/03\/Kikker-mediterend-90cm-Eliassen.nl-brmf90.jpg","type":"image\/jpeg"}],"twitter_card":"summary_large_image","schema":{"@context":"https:\/\/schema.org","@graph":[{"@type":"WebPage","@id":"https:\/\/www.eliassen.nl\/de\/statue-frosch-meditierend-90cm\/","url":"https:\/\/www.eliassen.nl\/de\/statue-frosch-meditierend-90cm\/","name":"Karmakami Statue Frosch meditierend 90cm - Eliassen.nl","isPartOf":{"@id":"https:\/\/www.eliassen.nl\/de\/#website"},"primaryImageOfPage":{"@id":"https:\/\/www.eliassen.nl\/de\/statue-frosch-meditierend-90cm\/#primaryimage"},"image":{"@id":"https:\/\/www.eliassen.nl\/de\/statue-frosch-meditierend-90cm\/#primaryimage"},"thumbnailUrl":"https:\/\/www.eliassen.nl\/wp-content\/uploads\/2026\/03\/Kikker-mediterend-90cm-Eliassen.nl-brmf90.jpg","datePublished":"2026-04-09T09:01:03+00:00","description":"Schaffen Sie eine Zen-Atmosph\u00e4re in Ihrem Garten mit dieser gro\u00dfen Skulptur eines meditierenden Frosches. Diese robuste 90 cm (60 kg) gro\u00dfe Skulptur ist in den Farben Schwarz und Rost erh\u00e4ltlich.","breadcrumb":{"@id":"https:\/\/www.eliassen.nl\/de\/statue-frosch-meditierend-90cm\/#breadcrumb"},"inLanguage":"de","potentialAction":[{"@type":"ReadAction","target":["https:\/\/www.eliassen.nl\/de\/statue-frosch-meditierend-90cm\/"]}]},{"@type":"ImageObject","inLanguage":"de","@id":"https:\/\/www.eliassen.nl\/de\/statue-frosch-meditierend-90cm\/#primaryimage","url":"https:\/\/www.eliassen.nl\/wp-content\/uploads\/2026\/03\/Kikker-mediterend-90cm-Eliassen.nl-brmf90.jpg","contentUrl":"https:\/\/www.eliassen.nl\/wp-content\/uploads\/2026\/03\/Kikker-mediterend-90cm-Eliassen.nl-brmf90.jpg","width":179,"height":249,"caption":"Gartenstatue Frosch meditierend 90cm - Eliassen.nl"},{"@type":"BreadcrumbList","@id":"https:\/\/www.eliassen.nl\/de\/statue-frosch-meditierend-90cm\/#breadcrumb","itemListElement":[{"@type":"ListItem","position":1,"name":"Home","item":"https:\/\/www.eliassen.nl\/de\/"},{"@type":"ListItem","position":2,"name":"Shop","item":"https:\/\/www.eliassen.nl\/de\/shop\/"},{"@type":"ListItem","position":3,"name":"Bilder","item":"https:\/\/www.eliassen.nl\/de\/bilder\/"},{"@type":"ListItem","position":4,"name":"Statue Frosch meditierend 90cm"}]},{"@type":"WebSite","@id":"https:\/\/www.eliassen.nl\/de\/#website","url":"https:\/\/www.eliassen.nl\/de\/","name":"Eliassen Home & Garden Pleasure","description":"","publisher":{"@id":"https:\/\/www.eliassen.nl\/de\/#organization"},"alternateName":"Eliassen.nl","potentialAction":[{"@type":"SearchAction","target":{"@type":"EntryPoint","urlTemplate":"https:\/\/www.eliassen.nl\/de\/?s={search_term_string}"},"query-input":{"@type":"PropertyValueSpecification","valueRequired":true,"valueName":"search_term_string"}}],"inLanguage":"de"},{"@type":["Organization","Place"],"@id":"https:\/\/www.eliassen.nl\/de\/#organization","name":"Eliassen Home & Garden Pleasure","url":"https:\/\/www.eliassen.nl\/de\/","logo":{"@id":"https:\/\/www.eliassen.nl\/de\/statue-frosch-meditierend-90cm\/#local-main-organization-logo"},"image":{"@id":"https:\/\/www.eliassen.nl\/de\/statue-frosch-meditierend-90cm\/#local-main-organization-logo"},"sameAs":["https:\/\/www.facebook.com\/TuincentrumEliassenAmmerzoden","https:\/\/www.instagram.com\/eliassenhomeandgarden\/","https:\/\/nl.pinterest.com\/eliassenhomeandgarden\/","https:\/\/www.youtube.com\/@eliassenhomegardenpleasure4558"],"telephone":[],"openingHoursSpecification":[{"@type":"OpeningHoursSpecification","dayOfWeek":["Monday","Tuesday","Wednesday","Thursday","Friday","Saturday","Sunday"],"opens":"09:00","closes":"17:00"}]},{"@type":"ImageObject","inLanguage":"de","@id":"https:\/\/www.eliassen.nl\/de\/statue-frosch-meditierend-90cm\/#local-main-organization-logo","url":"https:\/\/www.eliassen.nl\/wp-content\/uploads\/2024\/01\/logo_4nd.jpg","contentUrl":"https:\/\/www.eliassen.nl\/wp-content\/uploads\/2024\/01\/logo_4nd.jpg","width":500,"height":500,"caption":"Eliassen Home & Garden Pleasure"}]},"product_price_amount":"159.00","product_price_currency":"EUR","og_availability":"instock","product_availability":"instock","product_condition":"new"},"df_price":159,"df_sale_price":"","df_regular_price":159,"df_image_link":"https:\/\/www.eliassen.nl\/wp-content\/uploads\/2026\/03\/Kikker-mediterend-90cm-Eliassen.nl-brmf90.jpg","image":"https:\/\/www.eliassen.nl\/wp-content\/uploads\/2026\/03\/Kikker-mediterend-90cm-Eliassen.nl-brmf90-150x150.jpg","price_search":"<span class=\"woocommerce-Price-amount amount\"><bdi><span class=\"woocommerce-Price-currencySymbol\">&euro;<\/span>&nbsp;159,00<\/bdi><\/span>","category":"Betonstatuen","global_unique_id":"6096530054051","_links":{"self":[{"href":"https:\/\/www.eliassen.nl\/de\/wp-json\/wp\/v2\/product\/211286","targetHints":{"allow":["GET"]}}],"collection":[{"href":"https:\/\/www.eliassen.nl\/de\/wp-json\/wp\/v2\/product"}],"about":[{"href":"https:\/\/www.eliassen.nl\/de\/wp-json\/wp\/v2\/types\/product"}],"wp:featuredmedia":[{"embeddable":true,"href":"https:\/\/www.eliassen.nl\/de\/wp-json\/wp\/v2\/media\/210578"}],"wp:attachment":[{"href":"https:\/\/www.eliassen.nl\/de\/wp-json\/wp\/v2\/media?parent=211286"}],"wp:term":[{"taxonomy":"product_brand","embeddable":true,"href":"https:\/\/www.eliassen.nl\/de\/wp-json\/wp\/v2\/product_brand?post=211286"},{"taxonomy":"product_cat","embeddable":true,"href":"https:\/\/www.eliassen.nl\/de\/wp-json\/wp\/v2\/product_cat?post=211286"},{"taxonomy":"product_tag","embeddable":true,"href":"https:\/\/www.eliassen.nl\/de\/wp-json\/wp\/v2\/product_tag?post=211286"}],"curies":[{"name":"wp","href":"https:\/\/api.w.org\/{rel}","templated":true}]}}