{"id":211283,"date":"2026-04-09T10:58:26","date_gmt":"2026-04-09T08:58:26","guid":{"rendered":"https:\/\/www.eliassen.nl\/product\/statue-skulptur-meeting-haende-50cm\/"},"modified":"2026-04-09T10:58:26","modified_gmt":"2026-04-09T08:58:26","slug":"statue-skulptur-meeting-haende-50cm","status":"publish","type":"product","link":"https:\/\/www.eliassen.nl\/de\/product\/statue-skulptur-meeting-haende-50cm\/","title":{"rendered":"Statue Skulptur Meeting H\u00e4nde 50cm"},"content":{"rendered":"<p>Sind Sie auf der Suche nach einem bedeutungsvollen und kunstvollen Kunstwerk f\u00fcr Ihren Garten oder Ihr Interieur? Diese wundersch\u00f6ne Skulptur zweier sich treffender H\u00e4nde ist ein \u00e4u\u00dferst eleganter Blickfang, der sofort ein Gef\u00fchl von Verbindung, Kontakt und Harmonie symbolisiert. Die Skulptur zeigt zwei detaillierte H\u00e4nde, die sich subtil ausstrecken und an den Fingerspitzen sanft ber\u00fchren, montiert auf einem schlanken, dunklen Sockel. Mit einer H\u00f6he von 50 Zentimetern hat dieses Kunstwerk die perfekte Gr\u00f6\u00dfe, um auf einem Sideboard, einem Tisch, einer S\u00e4ule oder an einem prominenten Platz auf Ihrer Terrasse atemberaubend auszusehen. Die Skulptur ist in einer hellen Natursteinoptik gehalten, die einen sch\u00f6nen und stilvollen Kontrast zu dem dunklen, robusten Sockel bildet. Da es aus hochwertigem und wetterfestem Material gefertigt ist, k\u00f6nnen Sie dieses ausdrucksstarke Kunstwerk das ganze Jahr \u00fcber im Freien aufstellen, wo es m\u00fchelos allen Wetterbedingungen trotzt. Sie sind nat\u00fcrlich jederzeit herzlich eingeladen, unseren ger\u00e4umigen und stimmungsvollen Ausstellungsraum in Ammerzoden zu besuchen, um diese besondere Skulptur der sich begegnenden H\u00e4nde und unsere umfangreiche Kollektion anderer Skulpturen in aller Ruhe mit eigenen Augen zu bewundern.<\/p>\n","protected":false},"excerpt":{"rendered":"<p>Verleihen Sie Ihrem Innen- oder Au\u00dfenbereich mit dieser eleganten Skulptur von sich begegnenden H\u00e4nden Bedeutung. Dieses raffinierte, 50 Zentimeter hohe Kunstwerk zeigt zwei H\u00e4nde, die sich auf einem glatten, dunklen Sockel die H\u00e4nde reichen und damit pure Verbundenheit symbolisieren. Aus robustem und witterungsbest\u00e4ndigem Material gefertigt, ist er ein sch\u00f6nes Dekorationsst\u00fcck, das jeder Umgebung sofort eine harmonische Atmosph\u00e4re verleiht.<\/p>\n","protected":false},"featured_media":210570,"template":"","meta":{"_acf_changed":false,"_genesis_title":"","_genesis_description":""},"product_brand":[7484],"product_cat":[704,677,7239],"product_tag":[],"class_list":{"0":"post-211283","1":"product","2":"type-product","3":"status-publish","4":"has-post-thumbnail","6":"product_brand-karmakami","7":"product_cat-andere-modelle-gartenstatuen","8":"product_cat-betonstatuen","9":"product_cat-bilder","11":"first","12":"outofstock","13":"taxable","14":"shipping-taxable","15":"purchasable","16":"product-type-simple"},"acf":[],"meta_all":{"cor_restricted_countries":[],"total_sales":"1"},"meta_all_flat":{"total_sales":"1"},"yoast_head":"<!-- This site is optimized with the Yoast SEO Premium plugin v26.2 (Yoast SEO v27.2) - https:\/\/yoast.com\/product\/yoast-seo-premium-wordpress\/ -->\n<title>Karmakami Statue Skulptur Meeting H\u00e4nde 50cm - Eliassen.nl<\/title>\n<meta name=\"description\" content=\"Bringen Sie Verbundenheit in Ihren Garten mit dieser eleganten Skulptur von sich begegnenden H\u00e4nden. Diese anspruchsvolle und wetterfeste Skulptur ist 50 cm hoch.\" \/>\n<meta name=\"robots\" content=\"index, follow, max-snippet:-1, max-image-preview:large, max-video-preview:-1\" \/>\n<link rel=\"canonical\" href=\"https:\/\/www.eliassen.nl\/de\/product\/statue-skulptur-meeting-haende-50cm\/\" \/>\n<meta property=\"og:locale\" content=\"de_DE\" \/>\n<meta property=\"og:type\" content=\"article\" \/>\n<meta property=\"og:title\" content=\"Karmakami Statue Skulptur Meeting H\u00e4nde 50cm - Eliassen.nl\" \/>\n<meta property=\"og:description\" content=\"Bringen Sie Verbundenheit in Ihren Garten mit dieser eleganten Skulptur von sich begegnenden H\u00e4nden. Diese anspruchsvolle und wetterfeste Skulptur ist 50 cm hoch.\" \/>\n<meta property=\"og:url\" content=\"https:\/\/www.eliassen.nl\/de\/product\/statue-skulptur-meeting-haende-50cm\/\" \/>\n<meta property=\"og:site_name\" content=\"Eliassen.nl\" \/>\n<meta property=\"article:publisher\" content=\"https:\/\/www.facebook.com\/TuincentrumEliassenAmmerzoden\" \/>\n<meta property=\"og:image\" content=\"https:\/\/www.eliassen.nl\/wp-content\/uploads\/2026\/03\/Sculptuur-ontmoetende-handen-eLIASSEN.NL-BRUH50.jpg\" \/>\n\t<meta property=\"og:image:width\" content=\"195\" \/>\n\t<meta property=\"og:image:height\" content=\"329\" \/>\n\t<meta property=\"og:image:type\" content=\"image\/jpeg\" \/>\n<meta name=\"twitter:card\" content=\"summary_large_image\" \/>\n<script type=\"application\/ld+json\" class=\"yoast-schema-graph\">{\"@context\":\"https:\/\/schema.org\",\"@graph\":[{\"@type\":\"WebPage\",\"@id\":\"https:\/\/www.eliassen.nl\/de\/product\/statue-skulptur-meeting-haende-50cm\/\",\"url\":\"https:\/\/www.eliassen.nl\/de\/product\/statue-skulptur-meeting-haende-50cm\/\",\"name\":\"Karmakami Statue Skulptur Meeting H\u00e4nde 50cm - Eliassen.nl\",\"isPartOf\":{\"@id\":\"https:\/\/www.eliassen.nl\/de\/#website\"},\"primaryImageOfPage\":{\"@id\":\"https:\/\/www.eliassen.nl\/de\/product\/statue-skulptur-meeting-haende-50cm\/#primaryimage\"},\"image\":{\"@id\":\"https:\/\/www.eliassen.nl\/de\/product\/statue-skulptur-meeting-haende-50cm\/#primaryimage\"},\"thumbnailUrl\":\"https:\/\/www.eliassen.nl\/wp-content\/uploads\/2026\/03\/Sculptuur-ontmoetende-handen-eLIASSEN.NL-BRUH50.jpg\",\"datePublished\":\"2026-04-09T08:58:26+00:00\",\"description\":\"Bringen Sie Verbundenheit in Ihren Garten mit dieser eleganten Skulptur von sich begegnenden H\u00e4nden. Diese anspruchsvolle und wetterfeste Skulptur ist 50 cm hoch.\",\"breadcrumb\":{\"@id\":\"https:\/\/www.eliassen.nl\/de\/product\/statue-skulptur-meeting-haende-50cm\/#breadcrumb\"},\"inLanguage\":\"de\",\"potentialAction\":[{\"@type\":\"ReadAction\",\"target\":[\"https:\/\/www.eliassen.nl\/de\/product\/statue-skulptur-meeting-haende-50cm\/\"]}]},{\"@type\":\"ImageObject\",\"inLanguage\":\"de\",\"@id\":\"https:\/\/www.eliassen.nl\/de\/product\/statue-skulptur-meeting-haende-50cm\/#primaryimage\",\"url\":\"https:\/\/www.eliassen.nl\/wp-content\/uploads\/2026\/03\/Sculptuur-ontmoetende-handen-eLIASSEN.NL-BRUH50.jpg\",\"contentUrl\":\"https:\/\/www.eliassen.nl\/wp-content\/uploads\/2026\/03\/Sculptuur-ontmoetende-handen-eLIASSEN.NL-BRUH50.jpg\",\"width\":195,\"height\":329,\"caption\":\"Skulptur Skulptur trifft H\u00e4nde - Eliassen.de\"},{\"@type\":\"BreadcrumbList\",\"@id\":\"https:\/\/www.eliassen.nl\/de\/product\/statue-skulptur-meeting-haende-50cm\/#breadcrumb\",\"itemListElement\":[{\"@type\":\"ListItem\",\"position\":1,\"name\":\"Home\",\"item\":\"https:\/\/www.eliassen.nl\/de\/\"},{\"@type\":\"ListItem\",\"position\":2,\"name\":\"Shop\",\"item\":\"https:\/\/www.eliassen.nl\/de\/shop\/\"},{\"@type\":\"ListItem\",\"position\":3,\"name\":\"Bilder\",\"item\":\"https:\/\/www.eliassen.nl\/de\/bilder\/\"},{\"@type\":\"ListItem\",\"position\":4,\"name\":\"Statue Skulptur Meeting H\u00e4nde 50cm\"}]},{\"@type\":\"WebSite\",\"@id\":\"https:\/\/www.eliassen.nl\/de\/#website\",\"url\":\"https:\/\/www.eliassen.nl\/de\/\",\"name\":\"Eliassen Home & Garden Pleasure\",\"description\":\"\",\"publisher\":{\"@id\":\"https:\/\/www.eliassen.nl\/de\/#organization\"},\"alternateName\":\"Eliassen.nl\",\"potentialAction\":[{\"@type\":\"SearchAction\",\"target\":{\"@type\":\"EntryPoint\",\"urlTemplate\":\"https:\/\/www.eliassen.nl\/de\/?s={search_term_string}\"},\"query-input\":{\"@type\":\"PropertyValueSpecification\",\"valueRequired\":true,\"valueName\":\"search_term_string\"}}],\"inLanguage\":\"de\"},{\"@type\":[\"Organization\",\"Place\"],\"@id\":\"https:\/\/www.eliassen.nl\/de\/#organization\",\"name\":\"Eliassen Home & Garden Pleasure\",\"url\":\"https:\/\/www.eliassen.nl\/de\/\",\"logo\":{\"@id\":\"https:\/\/www.eliassen.nl\/de\/product\/statue-skulptur-meeting-haende-50cm\/#local-main-organization-logo\"},\"image\":{\"@id\":\"https:\/\/www.eliassen.nl\/de\/product\/statue-skulptur-meeting-haende-50cm\/#local-main-organization-logo\"},\"sameAs\":[\"https:\/\/www.facebook.com\/TuincentrumEliassenAmmerzoden\",\"https:\/\/www.instagram.com\/eliassenhomeandgarden\/\",\"https:\/\/nl.pinterest.com\/eliassenhomeandgarden\/\",\"https:\/\/www.youtube.com\/@eliassenhomegardenpleasure4558\"],\"telephone\":[],\"openingHoursSpecification\":[{\"@type\":\"OpeningHoursSpecification\",\"dayOfWeek\":[\"Monday\",\"Tuesday\",\"Wednesday\",\"Thursday\",\"Friday\",\"Saturday\",\"Sunday\"],\"opens\":\"09:00\",\"closes\":\"17:00\"}]},{\"@type\":\"ImageObject\",\"inLanguage\":\"de\",\"@id\":\"https:\/\/www.eliassen.nl\/de\/product\/statue-skulptur-meeting-haende-50cm\/#local-main-organization-logo\",\"url\":\"https:\/\/www.eliassen.nl\/wp-content\/uploads\/2024\/01\/logo_4nd.jpg\",\"contentUrl\":\"https:\/\/www.eliassen.nl\/wp-content\/uploads\/2024\/01\/logo_4nd.jpg\",\"width\":500,\"height\":500,\"caption\":\"Eliassen Home & Garden Pleasure\"}]}<\/script>\n<meta property=\"product:price:amount\" content=\"149.00\" \/>\n<meta property=\"product:price:currency\" content=\"EUR\" \/>\n<meta property=\"og:availability\" content=\"out of stock\" \/>\n<meta property=\"product:availability\" content=\"out of stock\" \/>\n<meta property=\"product:retailer_item_id\" content=\"bruh50\" \/>\n<meta property=\"product:condition\" content=\"new\" \/>\n<!-- \/ Yoast SEO Premium plugin. -->","yoast_head_json":{"title":"Karmakami Statue Skulptur Meeting H\u00e4nde 50cm - Eliassen.nl","description":"Bringen Sie Verbundenheit in Ihren Garten mit dieser eleganten Skulptur von sich begegnenden H\u00e4nden. Diese anspruchsvolle und wetterfeste Skulptur ist 50 cm hoch.","robots":{"index":"index","follow":"follow","max-snippet":"max-snippet:-1","max-image-preview":"max-image-preview:large","max-video-preview":"max-video-preview:-1"},"canonical":"https:\/\/www.eliassen.nl\/de\/product\/statue-skulptur-meeting-haende-50cm\/","og_locale":"de_DE","og_type":"article","og_title":"Karmakami Statue Skulptur Meeting H\u00e4nde 50cm - Eliassen.nl","og_description":"Bringen Sie Verbundenheit in Ihren Garten mit dieser eleganten Skulptur von sich begegnenden H\u00e4nden. Diese anspruchsvolle und wetterfeste Skulptur ist 50 cm hoch.","og_url":"https:\/\/www.eliassen.nl\/de\/product\/statue-skulptur-meeting-haende-50cm\/","og_site_name":"Eliassen.nl","article_publisher":"https:\/\/www.facebook.com\/TuincentrumEliassenAmmerzoden","og_image":[{"width":195,"height":329,"url":"https:\/\/www.eliassen.nl\/wp-content\/uploads\/2026\/03\/Sculptuur-ontmoetende-handen-eLIASSEN.NL-BRUH50.jpg","type":"image\/jpeg"}],"twitter_card":"summary_large_image","schema":{"@context":"https:\/\/schema.org","@graph":[{"@type":"WebPage","@id":"https:\/\/www.eliassen.nl\/de\/product\/statue-skulptur-meeting-haende-50cm\/","url":"https:\/\/www.eliassen.nl\/de\/product\/statue-skulptur-meeting-haende-50cm\/","name":"Karmakami Statue Skulptur Meeting H\u00e4nde 50cm - Eliassen.nl","isPartOf":{"@id":"https:\/\/www.eliassen.nl\/de\/#website"},"primaryImageOfPage":{"@id":"https:\/\/www.eliassen.nl\/de\/product\/statue-skulptur-meeting-haende-50cm\/#primaryimage"},"image":{"@id":"https:\/\/www.eliassen.nl\/de\/product\/statue-skulptur-meeting-haende-50cm\/#primaryimage"},"thumbnailUrl":"https:\/\/www.eliassen.nl\/wp-content\/uploads\/2026\/03\/Sculptuur-ontmoetende-handen-eLIASSEN.NL-BRUH50.jpg","datePublished":"2026-04-09T08:58:26+00:00","description":"Bringen Sie Verbundenheit in Ihren Garten mit dieser eleganten Skulptur von sich begegnenden H\u00e4nden. Diese anspruchsvolle und wetterfeste Skulptur ist 50 cm hoch.","breadcrumb":{"@id":"https:\/\/www.eliassen.nl\/de\/product\/statue-skulptur-meeting-haende-50cm\/#breadcrumb"},"inLanguage":"de","potentialAction":[{"@type":"ReadAction","target":["https:\/\/www.eliassen.nl\/de\/product\/statue-skulptur-meeting-haende-50cm\/"]}]},{"@type":"ImageObject","inLanguage":"de","@id":"https:\/\/www.eliassen.nl\/de\/product\/statue-skulptur-meeting-haende-50cm\/#primaryimage","url":"https:\/\/www.eliassen.nl\/wp-content\/uploads\/2026\/03\/Sculptuur-ontmoetende-handen-eLIASSEN.NL-BRUH50.jpg","contentUrl":"https:\/\/www.eliassen.nl\/wp-content\/uploads\/2026\/03\/Sculptuur-ontmoetende-handen-eLIASSEN.NL-BRUH50.jpg","width":195,"height":329,"caption":"Skulptur Skulptur trifft H\u00e4nde - Eliassen.de"},{"@type":"BreadcrumbList","@id":"https:\/\/www.eliassen.nl\/de\/product\/statue-skulptur-meeting-haende-50cm\/#breadcrumb","itemListElement":[{"@type":"ListItem","position":1,"name":"Home","item":"https:\/\/www.eliassen.nl\/de\/"},{"@type":"ListItem","position":2,"name":"Shop","item":"https:\/\/www.eliassen.nl\/de\/shop\/"},{"@type":"ListItem","position":3,"name":"Bilder","item":"https:\/\/www.eliassen.nl\/de\/bilder\/"},{"@type":"ListItem","position":4,"name":"Statue Skulptur Meeting H\u00e4nde 50cm"}]},{"@type":"WebSite","@id":"https:\/\/www.eliassen.nl\/de\/#website","url":"https:\/\/www.eliassen.nl\/de\/","name":"Eliassen Home & Garden Pleasure","description":"","publisher":{"@id":"https:\/\/www.eliassen.nl\/de\/#organization"},"alternateName":"Eliassen.nl","potentialAction":[{"@type":"SearchAction","target":{"@type":"EntryPoint","urlTemplate":"https:\/\/www.eliassen.nl\/de\/?s={search_term_string}"},"query-input":{"@type":"PropertyValueSpecification","valueRequired":true,"valueName":"search_term_string"}}],"inLanguage":"de"},{"@type":["Organization","Place"],"@id":"https:\/\/www.eliassen.nl\/de\/#organization","name":"Eliassen Home & Garden Pleasure","url":"https:\/\/www.eliassen.nl\/de\/","logo":{"@id":"https:\/\/www.eliassen.nl\/de\/product\/statue-skulptur-meeting-haende-50cm\/#local-main-organization-logo"},"image":{"@id":"https:\/\/www.eliassen.nl\/de\/product\/statue-skulptur-meeting-haende-50cm\/#local-main-organization-logo"},"sameAs":["https:\/\/www.facebook.com\/TuincentrumEliassenAmmerzoden","https:\/\/www.instagram.com\/eliassenhomeandgarden\/","https:\/\/nl.pinterest.com\/eliassenhomeandgarden\/","https:\/\/www.youtube.com\/@eliassenhomegardenpleasure4558"],"telephone":[],"openingHoursSpecification":[{"@type":"OpeningHoursSpecification","dayOfWeek":["Monday","Tuesday","Wednesday","Thursday","Friday","Saturday","Sunday"],"opens":"09:00","closes":"17:00"}]},{"@type":"ImageObject","inLanguage":"de","@id":"https:\/\/www.eliassen.nl\/de\/product\/statue-skulptur-meeting-haende-50cm\/#local-main-organization-logo","url":"https:\/\/www.eliassen.nl\/wp-content\/uploads\/2024\/01\/logo_4nd.jpg","contentUrl":"https:\/\/www.eliassen.nl\/wp-content\/uploads\/2024\/01\/logo_4nd.jpg","width":500,"height":500,"caption":"Eliassen Home & Garden Pleasure"}]},"product_price_amount":"149.00","product_price_currency":"EUR","og_availability":"out of stock","product_availability":"out of stock","product_retailer_item_id":"bruh50","product_condition":"new"},"df_price":149,"df_sale_price":"","df_regular_price":149,"df_image_link":"https:\/\/www.eliassen.nl\/wp-content\/uploads\/2026\/03\/Sculptuur-ontmoetende-handen-eLIASSEN.NL-BRUH50-178x300.jpg","image":"https:\/\/www.eliassen.nl\/wp-content\/uploads\/2026\/03\/Sculptuur-ontmoetende-handen-eLIASSEN.NL-BRUH50-150x150.jpg","price_search":"<span class=\"woocommerce-Price-amount amount\"><bdi><span class=\"woocommerce-Price-currencySymbol\">&euro;<\/span>&nbsp;149,00<\/bdi><\/span>","category":"Andere Modelle Gartenstatuen","global_unique_id":"6096538212217","_links":{"self":[{"href":"https:\/\/www.eliassen.nl\/de\/wp-json\/wp\/v2\/product\/211283","targetHints":{"allow":["GET"]}}],"collection":[{"href":"https:\/\/www.eliassen.nl\/de\/wp-json\/wp\/v2\/product"}],"about":[{"href":"https:\/\/www.eliassen.nl\/de\/wp-json\/wp\/v2\/types\/product"}],"wp:featuredmedia":[{"embeddable":true,"href":"https:\/\/www.eliassen.nl\/de\/wp-json\/wp\/v2\/media\/210570"}],"wp:attachment":[{"href":"https:\/\/www.eliassen.nl\/de\/wp-json\/wp\/v2\/media?parent=211283"}],"wp:term":[{"taxonomy":"product_brand","embeddable":true,"href":"https:\/\/www.eliassen.nl\/de\/wp-json\/wp\/v2\/product_brand?post=211283"},{"taxonomy":"product_cat","embeddable":true,"href":"https:\/\/www.eliassen.nl\/de\/wp-json\/wp\/v2\/product_cat?post=211283"},{"taxonomy":"product_tag","embeddable":true,"href":"https:\/\/www.eliassen.nl\/de\/wp-json\/wp\/v2\/product_tag?post=211283"}],"curies":[{"name":"wp","href":"https:\/\/api.w.org\/{rel}","templated":true}]}}