{"id":21106,"date":"2020-02-05T16:55:21","date_gmt":"2020-02-05T16:55:21","guid":{"rendered":"https:\/\/www.eliassen.nl\/?product=terrasfontein-graniet-linda"},"modified":"2026-01-16T13:48:10","modified_gmt":"2026-01-16T12:48:10","slug":"terrassenbrunnen-granit-linda","status":"publish","type":"product","link":"https:\/\/www.eliassen.nl\/de\/terrassenbrunnen-granit-linda\/","title":{"rendered":"Terrassenbrunnen Granit Linda"},"content":{"rendered":"<p>Ein wundersch\u00f6ner, eleganter Terrassenbrunnen f\u00fcr Ihren Garten oder Ihre Terrasse, der von uns selbst entwickelt wurde und nirgendwo anders erh\u00e4ltlich ist. Das Wasserbecken ist aus einfachem, pechschwarzem, poliertem Granit gefertigt, w\u00e4hrend die Wassers\u00e4ulen aus grauem, poliertem Granit bestehen, der teilweise einges\u00e4gt wurde, so dass das Relief sehr sch\u00f6n funkelt, besonders im Dunkeln, wenn ein Scheinwerfer darauf gerichtet ist.<\/p>\n<p>Das Wasser flie\u00dft durch die Glaskugeln und sorgt f\u00fcr einen sehr sch\u00f6nen spielerischen Effekt. Die Glaskugeln haben eine Gr\u00f6\u00dfe von 8 cm. Bei diesem Modell muss nicht gegraben werden, da sich die Wasserversorgung im Inneren des Tanks befindet. Die Bodenplatte hat eine gro\u00dfe \u00d6ffnung mit Edelstahlabdeckung, die einen einfachen Zugang zur Pumpe erm\u00f6glicht.<\/p>\n<p>Wird komplett mit Pumpe, Schlauch, Wasserverteiler, LEDs, Anleitung und schwarzen Kieselsteinen geliefert. F\u00fcr den vollst\u00e4ndigen Betrieb ben\u00f6tigen Sie 2 Steckdosen.<\/p>\n<p><strong>Besuchen Sie unseren Ausstellungsraum und bewundern Sie viele Modelle live!!!  <\/strong><\/p>\n<ul>\n<li>Gr\u00f6\u00dfe 55x55x85cm hoch  <\/li>\n<li>Material: Granit poliert\/ges\u00e4gt, schwarz\/grau<\/li>\n<li>Inklusive Pumpe, Schlauch, Verteiler, LEDs, Anleitung und schwarzen Kieselsteinen<\/li>\n<li><strong>Mit Wasserstandsanzeige<\/strong><\/li>\n<li>Kabell\u00e4nge Pumpe 10 Meter und f\u00fcr die LEDs 7,5 Meter<\/li>\n<li>Mit Ablassschraube  <\/li>\n<li>Garantie 1 Jahr (Trockenlaufsch\u00e4den der Pumpe und Frostsch\u00e4den ausgeschlossen)<\/li>\n<li>In Holzkiste verpackt<\/li>\n<li>Schnelle Lieferung<\/li>\n<li>Nirgendwo sonst zu verkaufen.<\/li>\n<\/ul>\n","protected":false},"excerpt":{"rendered":"<p>Ein wundersch\u00f6ner, eleganter Terrassenbrunnen f\u00fcr Ihren Garten oder Ihre Terrasse, der von uns selbst entwickelt wurde und nirgendwo anders erh\u00e4ltlich ist. Das Wasserbecken ist aus einfachem, pechschwarzem, poliertem Granit gefertigt, w\u00e4hrend die Wassers\u00e4ulen aus grauem, poliertem Granit bestehen, der teilweise einges\u00e4gt wurde, so dass das Relief sehr sch\u00f6n funkelt, besonders im Dunkeln, wenn ein Scheinwerfer &hellip;<\/p>\n","protected":false},"featured_media":21088,"template":"","meta":{"_acf_changed":false,"_genesis_title":"","_genesis_description":""},"product_brand":[7505],"product_cat":[539,548,536],"product_tag":[],"class_list":{"0":"post-21106","1":"product","2":"type-product","3":"status-publish","4":"has-post-thumbnail","6":"product_brand-sonstige","7":"product_cat-einzigartige-eigene-modelle-von-losen-wasserspiele","8":"product_cat-terrassenbrunnen","9":"product_cat-wassereigenschaften","11":"first","12":"instock","13":"taxable","14":"shipping-taxable","15":"purchasable","16":"product-type-simple"},"acf":[],"meta_all":{"total_sales":"6","wcml_sync_hash":{"postmeta_fields":"4223759eb806242d7a09e34a6195d2fe"},"attr_label_translations":[]},"meta_all_flat":{"total_sales":"6","wcml_sync_hash.postmeta_fields":"4223759eb806242d7a09e34a6195d2fe"},"yoast_head":"<!-- This site is optimized with the Yoast SEO Premium plugin v26.2 (Yoast SEO v27.2) - https:\/\/yoast.com\/product\/yoast-seo-premium-wordpress\/ -->\n<title>Terrassenbrunnen Granit Linda | Nirgendwo sonst zu kaufen! | Eliassen.co.uk<\/title>\n<meta name=\"description\" content=\"Sie m\u00f6chten einen schwarz-grauen Terrassenbrunnen kaufen? Achten Sie auf diese Kopie. NUR BEI UNS ZU VERKAUFEN! Dieses Exemplar k\u00f6nnen Sie auch in unserem Showroom besichtigen!\" \/>\n<meta name=\"robots\" content=\"index, follow, max-snippet:-1, max-image-preview:large, max-video-preview:-1\" \/>\n<link rel=\"canonical\" href=\"https:\/\/www.eliassen.nl\/de\/terrassenbrunnen-granit-linda\/\" \/>\n<meta property=\"og:locale\" content=\"de_DE\" \/>\n<meta property=\"og:type\" content=\"article\" \/>\n<meta property=\"og:title\" content=\"Sonstige Terrassenbrunnen Granit Linda - Eliassen.nl\" \/>\n<meta property=\"og:description\" content=\"Sie m\u00f6chten einen schwarz-grauen Terrassenbrunnen kaufen? Achten Sie auf diese Kopie. NUR BEI UNS ZU VERKAUFEN! Dieses Exemplar k\u00f6nnen Sie auch in unserem Showroom besichtigen!\" \/>\n<meta property=\"og:url\" content=\"https:\/\/www.eliassen.nl\/de\/terrassenbrunnen-granit-linda\/\" \/>\n<meta property=\"og:site_name\" content=\"Eliassen.nl\" \/>\n<meta property=\"article:publisher\" content=\"https:\/\/www.facebook.com\/TuincentrumEliassenAmmerzoden\" \/>\n<meta property=\"article:modified_time\" content=\"2026-01-16T12:48:10+00:00\" \/>\n<meta property=\"og:image\" content=\"https:\/\/www.eliassen.nl\/wp-content\/uploads\/2024\/01\/terrasfonteingranietlindaeliassennl.png\" \/>\n\t<meta property=\"og:image:width\" content=\"387\" \/>\n\t<meta property=\"og:image:height\" content=\"539\" \/>\n\t<meta property=\"og:image:type\" content=\"image\/png\" \/>\n<meta name=\"twitter:card\" content=\"summary_large_image\" \/>\n<script type=\"application\/ld+json\" class=\"yoast-schema-graph\">{\"@context\":\"https:\/\/schema.org\",\"@graph\":[{\"@type\":\"WebPage\",\"@id\":\"https:\/\/www.eliassen.nl\/de\/terrassenbrunnen-granit-linda\/\",\"url\":\"https:\/\/www.eliassen.nl\/de\/terrassenbrunnen-granit-linda\/\",\"name\":\"Terrassenbrunnen Granit Linda | Nirgendwo sonst zu kaufen! | Eliassen.co.uk\",\"isPartOf\":{\"@id\":\"https:\/\/www.eliassen.nl\/de\/#website\"},\"primaryImageOfPage\":{\"@id\":\"https:\/\/www.eliassen.nl\/de\/terrassenbrunnen-granit-linda\/#primaryimage\"},\"image\":{\"@id\":\"https:\/\/www.eliassen.nl\/de\/terrassenbrunnen-granit-linda\/#primaryimage\"},\"thumbnailUrl\":\"https:\/\/www.eliassen.nl\/wp-content\/uploads\/2024\/01\/terrasfonteingranietlindaeliassennl.png\",\"datePublished\":\"2020-02-05T16:55:21+00:00\",\"dateModified\":\"2026-01-16T12:48:10+00:00\",\"description\":\"Sie m\u00f6chten einen schwarz-grauen Terrassenbrunnen kaufen? Achten Sie auf diese Kopie. NUR BEI UNS ZU VERKAUFEN! Dieses Exemplar k\u00f6nnen Sie auch in unserem Showroom besichtigen!\",\"breadcrumb\":{\"@id\":\"https:\/\/www.eliassen.nl\/de\/terrassenbrunnen-granit-linda\/#breadcrumb\"},\"inLanguage\":\"de\",\"potentialAction\":[{\"@type\":\"ReadAction\",\"target\":[\"https:\/\/www.eliassen.nl\/de\/terrassenbrunnen-granit-linda\/\"]}]},{\"@type\":\"ImageObject\",\"inLanguage\":\"de\",\"@id\":\"https:\/\/www.eliassen.nl\/de\/terrassenbrunnen-granit-linda\/#primaryimage\",\"url\":\"https:\/\/www.eliassen.nl\/wp-content\/uploads\/2024\/01\/terrasfonteingranietlindaeliassennl.png\",\"contentUrl\":\"https:\/\/www.eliassen.nl\/wp-content\/uploads\/2024\/01\/terrasfonteingranietlindaeliassennl.png\",\"width\":387,\"height\":539,\"caption\":\"Terrassenbrunnen Granit Linda | Eliassen.de\"},{\"@type\":\"BreadcrumbList\",\"@id\":\"https:\/\/www.eliassen.nl\/de\/terrassenbrunnen-granit-linda\/#breadcrumb\",\"itemListElement\":[{\"@type\":\"ListItem\",\"position\":1,\"name\":\"Home\",\"item\":\"https:\/\/www.eliassen.nl\/de\/\"},{\"@type\":\"ListItem\",\"position\":2,\"name\":\"Shop\",\"item\":\"https:\/\/www.eliassen.nl\/de\/shop\/\"},{\"@type\":\"ListItem\",\"position\":3,\"name\":\"Wasserspiele\",\"item\":\"https:\/\/www.eliassen.nl\/de\/wassereigenschaften\/\"},{\"@type\":\"ListItem\",\"position\":4,\"name\":\"Einzigartige eigene Modelle von losen Wasserspielen\",\"item\":\"https:\/\/www.eliassen.nl\/de\/wassereigenschaften\/einzigartige-eigene-modelle-von-losen-wasserspiele\/\"},{\"@type\":\"ListItem\",\"position\":5,\"name\":\"Terrassenbrunnen Granit Linda\"}]},{\"@type\":\"WebSite\",\"@id\":\"https:\/\/www.eliassen.nl\/de\/#website\",\"url\":\"https:\/\/www.eliassen.nl\/de\/\",\"name\":\"Eliassen Home & Garden Pleasure\",\"description\":\"\",\"publisher\":{\"@id\":\"https:\/\/www.eliassen.nl\/de\/#organization\"},\"alternateName\":\"Eliassen.nl\",\"potentialAction\":[{\"@type\":\"SearchAction\",\"target\":{\"@type\":\"EntryPoint\",\"urlTemplate\":\"https:\/\/www.eliassen.nl\/de\/?s={search_term_string}\"},\"query-input\":{\"@type\":\"PropertyValueSpecification\",\"valueRequired\":true,\"valueName\":\"search_term_string\"}}],\"inLanguage\":\"de\"},{\"@type\":[\"Organization\",\"Place\"],\"@id\":\"https:\/\/www.eliassen.nl\/de\/#organization\",\"name\":\"Eliassen Home & Garden Pleasure\",\"url\":\"https:\/\/www.eliassen.nl\/de\/\",\"logo\":{\"@id\":\"https:\/\/www.eliassen.nl\/de\/terrassenbrunnen-granit-linda\/#local-main-organization-logo\"},\"image\":{\"@id\":\"https:\/\/www.eliassen.nl\/de\/terrassenbrunnen-granit-linda\/#local-main-organization-logo\"},\"sameAs\":[\"https:\/\/www.facebook.com\/TuincentrumEliassenAmmerzoden\",\"https:\/\/www.instagram.com\/eliassenhomeandgarden\/\",\"https:\/\/nl.pinterest.com\/eliassenhomeandgarden\/\",\"https:\/\/www.youtube.com\/@eliassenhomegardenpleasure4558\"],\"telephone\":[],\"openingHoursSpecification\":[{\"@type\":\"OpeningHoursSpecification\",\"dayOfWeek\":[\"Monday\",\"Tuesday\",\"Wednesday\",\"Thursday\",\"Friday\",\"Saturday\",\"Sunday\"],\"opens\":\"09:00\",\"closes\":\"17:00\"}]},{\"@type\":\"ImageObject\",\"inLanguage\":\"de\",\"@id\":\"https:\/\/www.eliassen.nl\/de\/terrassenbrunnen-granit-linda\/#local-main-organization-logo\",\"url\":\"https:\/\/www.eliassen.nl\/wp-content\/uploads\/2024\/01\/logo_4nd.jpg\",\"contentUrl\":\"https:\/\/www.eliassen.nl\/wp-content\/uploads\/2024\/01\/logo_4nd.jpg\",\"width\":500,\"height\":500,\"caption\":\"Eliassen Home & Garden Pleasure\"}]}<\/script>\n<meta property=\"product:price:amount\" content=\"530.00\" \/>\n<meta property=\"product:price:currency\" content=\"EUR\" \/>\n<meta property=\"og:availability\" content=\"instock\" \/>\n<meta property=\"product:availability\" content=\"instock\" \/>\n<meta property=\"product:retailer_item_id\" content=\"301210\" \/>\n<meta property=\"product:condition\" content=\"new\" \/>\n<!-- \/ Yoast SEO Premium plugin. -->","yoast_head_json":{"title":"Terrassenbrunnen Granit Linda | Nirgendwo sonst zu kaufen! | Eliassen.co.uk","description":"Sie m\u00f6chten einen schwarz-grauen Terrassenbrunnen kaufen? Achten Sie auf diese Kopie. NUR BEI UNS ZU VERKAUFEN! Dieses Exemplar k\u00f6nnen Sie auch in unserem Showroom besichtigen!","robots":{"index":"index","follow":"follow","max-snippet":"max-snippet:-1","max-image-preview":"max-image-preview:large","max-video-preview":"max-video-preview:-1"},"canonical":"https:\/\/www.eliassen.nl\/de\/terrassenbrunnen-granit-linda\/","og_locale":"de_DE","og_type":"article","og_title":"Sonstige Terrassenbrunnen Granit Linda - Eliassen.nl","og_description":"Sie m\u00f6chten einen schwarz-grauen Terrassenbrunnen kaufen? Achten Sie auf diese Kopie. NUR BEI UNS ZU VERKAUFEN! Dieses Exemplar k\u00f6nnen Sie auch in unserem Showroom besichtigen!","og_url":"https:\/\/www.eliassen.nl\/de\/terrassenbrunnen-granit-linda\/","og_site_name":"Eliassen.nl","article_publisher":"https:\/\/www.facebook.com\/TuincentrumEliassenAmmerzoden","article_modified_time":"2026-01-16T12:48:10+00:00","og_image":[{"width":387,"height":539,"url":"https:\/\/www.eliassen.nl\/wp-content\/uploads\/2024\/01\/terrasfonteingranietlindaeliassennl.png","type":"image\/png"}],"twitter_card":"summary_large_image","schema":{"@context":"https:\/\/schema.org","@graph":[{"@type":"WebPage","@id":"https:\/\/www.eliassen.nl\/de\/terrassenbrunnen-granit-linda\/","url":"https:\/\/www.eliassen.nl\/de\/terrassenbrunnen-granit-linda\/","name":"Terrassenbrunnen Granit Linda | Nirgendwo sonst zu kaufen! | Eliassen.co.uk","isPartOf":{"@id":"https:\/\/www.eliassen.nl\/de\/#website"},"primaryImageOfPage":{"@id":"https:\/\/www.eliassen.nl\/de\/terrassenbrunnen-granit-linda\/#primaryimage"},"image":{"@id":"https:\/\/www.eliassen.nl\/de\/terrassenbrunnen-granit-linda\/#primaryimage"},"thumbnailUrl":"https:\/\/www.eliassen.nl\/wp-content\/uploads\/2024\/01\/terrasfonteingranietlindaeliassennl.png","datePublished":"2020-02-05T16:55:21+00:00","dateModified":"2026-01-16T12:48:10+00:00","description":"Sie m\u00f6chten einen schwarz-grauen Terrassenbrunnen kaufen? Achten Sie auf diese Kopie. NUR BEI UNS ZU VERKAUFEN! Dieses Exemplar k\u00f6nnen Sie auch in unserem Showroom besichtigen!","breadcrumb":{"@id":"https:\/\/www.eliassen.nl\/de\/terrassenbrunnen-granit-linda\/#breadcrumb"},"inLanguage":"de","potentialAction":[{"@type":"ReadAction","target":["https:\/\/www.eliassen.nl\/de\/terrassenbrunnen-granit-linda\/"]}]},{"@type":"ImageObject","inLanguage":"de","@id":"https:\/\/www.eliassen.nl\/de\/terrassenbrunnen-granit-linda\/#primaryimage","url":"https:\/\/www.eliassen.nl\/wp-content\/uploads\/2024\/01\/terrasfonteingranietlindaeliassennl.png","contentUrl":"https:\/\/www.eliassen.nl\/wp-content\/uploads\/2024\/01\/terrasfonteingranietlindaeliassennl.png","width":387,"height":539,"caption":"Terrassenbrunnen Granit Linda | Eliassen.de"},{"@type":"BreadcrumbList","@id":"https:\/\/www.eliassen.nl\/de\/terrassenbrunnen-granit-linda\/#breadcrumb","itemListElement":[{"@type":"ListItem","position":1,"name":"Home","item":"https:\/\/www.eliassen.nl\/de\/"},{"@type":"ListItem","position":2,"name":"Shop","item":"https:\/\/www.eliassen.nl\/de\/shop\/"},{"@type":"ListItem","position":3,"name":"Wasserspiele","item":"https:\/\/www.eliassen.nl\/de\/wassereigenschaften\/"},{"@type":"ListItem","position":4,"name":"Einzigartige eigene Modelle von losen Wasserspielen","item":"https:\/\/www.eliassen.nl\/de\/wassereigenschaften\/einzigartige-eigene-modelle-von-losen-wasserspiele\/"},{"@type":"ListItem","position":5,"name":"Terrassenbrunnen Granit Linda"}]},{"@type":"WebSite","@id":"https:\/\/www.eliassen.nl\/de\/#website","url":"https:\/\/www.eliassen.nl\/de\/","name":"Eliassen Home & Garden Pleasure","description":"","publisher":{"@id":"https:\/\/www.eliassen.nl\/de\/#organization"},"alternateName":"Eliassen.nl","potentialAction":[{"@type":"SearchAction","target":{"@type":"EntryPoint","urlTemplate":"https:\/\/www.eliassen.nl\/de\/?s={search_term_string}"},"query-input":{"@type":"PropertyValueSpecification","valueRequired":true,"valueName":"search_term_string"}}],"inLanguage":"de"},{"@type":["Organization","Place"],"@id":"https:\/\/www.eliassen.nl\/de\/#organization","name":"Eliassen Home & Garden Pleasure","url":"https:\/\/www.eliassen.nl\/de\/","logo":{"@id":"https:\/\/www.eliassen.nl\/de\/terrassenbrunnen-granit-linda\/#local-main-organization-logo"},"image":{"@id":"https:\/\/www.eliassen.nl\/de\/terrassenbrunnen-granit-linda\/#local-main-organization-logo"},"sameAs":["https:\/\/www.facebook.com\/TuincentrumEliassenAmmerzoden","https:\/\/www.instagram.com\/eliassenhomeandgarden\/","https:\/\/nl.pinterest.com\/eliassenhomeandgarden\/","https:\/\/www.youtube.com\/@eliassenhomegardenpleasure4558"],"telephone":[],"openingHoursSpecification":[{"@type":"OpeningHoursSpecification","dayOfWeek":["Monday","Tuesday","Wednesday","Thursday","Friday","Saturday","Sunday"],"opens":"09:00","closes":"17:00"}]},{"@type":"ImageObject","inLanguage":"de","@id":"https:\/\/www.eliassen.nl\/de\/terrassenbrunnen-granit-linda\/#local-main-organization-logo","url":"https:\/\/www.eliassen.nl\/wp-content\/uploads\/2024\/01\/logo_4nd.jpg","contentUrl":"https:\/\/www.eliassen.nl\/wp-content\/uploads\/2024\/01\/logo_4nd.jpg","width":500,"height":500,"caption":"Eliassen Home & Garden Pleasure"}]},"product_price_amount":"530.00","product_price_currency":"EUR","og_availability":"instock","product_availability":"instock","product_retailer_item_id":"301210","product_condition":"new"},"df_price":530,"df_sale_price":"","df_regular_price":530,"df_image_link":"https:\/\/www.eliassen.nl\/wp-content\/uploads\/2024\/01\/terrasfonteingranietlindaeliassennl.png","image":"https:\/\/www.eliassen.nl\/wp-content\/uploads\/2024\/01\/terrasfonteingranietlindaeliassennl.png","price_search":"<span class=\"woocommerce-Price-amount amount\"><bdi><span class=\"woocommerce-Price-currencySymbol\">&euro;<\/span>&nbsp;530,00<\/bdi><\/span>","category":"Einzigartige eigene Modelle von losen Wasserspielen","global_unique_id":"6013803798719","_links":{"self":[{"href":"https:\/\/www.eliassen.nl\/de\/wp-json\/wp\/v2\/product\/21106","targetHints":{"allow":["GET"]}}],"collection":[{"href":"https:\/\/www.eliassen.nl\/de\/wp-json\/wp\/v2\/product"}],"about":[{"href":"https:\/\/www.eliassen.nl\/de\/wp-json\/wp\/v2\/types\/product"}],"wp:featuredmedia":[{"embeddable":true,"href":"https:\/\/www.eliassen.nl\/de\/wp-json\/wp\/v2\/media\/21088"}],"wp:attachment":[{"href":"https:\/\/www.eliassen.nl\/de\/wp-json\/wp\/v2\/media?parent=21106"}],"wp:term":[{"taxonomy":"product_brand","embeddable":true,"href":"https:\/\/www.eliassen.nl\/de\/wp-json\/wp\/v2\/product_brand?post=21106"},{"taxonomy":"product_cat","embeddable":true,"href":"https:\/\/www.eliassen.nl\/de\/wp-json\/wp\/v2\/product_cat?post=21106"},{"taxonomy":"product_tag","embeddable":true,"href":"https:\/\/www.eliassen.nl\/de\/wp-json\/wp\/v2\/product_tag?post=21106"}],"curies":[{"name":"wp","href":"https:\/\/api.w.org\/{rel}","templated":true}]}}