{"id":21085,"date":"2020-02-05T17:53:37","date_gmt":"2020-02-05T16:53:37","guid":{"rendered":"https:\/\/www.eliassen.nl\/?product=terrasfontein-graniet-peter"},"modified":"2026-01-16T13:45:49","modified_gmt":"2026-01-16T12:45:49","slug":"moderner-schwarzer-terrassenbrunnen-aus-granit-peter","status":"publish","type":"product","link":"https:\/\/www.eliassen.nl\/de\/moderner-schwarzer-terrassenbrunnen-aus-granit-peter\/","title":{"rendered":"Moderner schwarzer Terrassenbrunnen Granit Peter"},"content":{"rendered":"<p><strong><video controls=\"controls\" width=\"300\" height=\"150\"><\/video><\/strong><\/p>\n<p>Ein wundersch\u00f6ner, eleganter Springbrunnen f\u00fcr Ihren Garten oder Ihre Terrasse, selbst entwickelt und nirgendwo anders erh\u00e4ltlich. Das Wasserbecken ist aus schlichtem, pechschwarzem, poliertem Granit, die Wassers\u00e4ulen sind aus grauem Granit, der rundherum einges\u00e4gt ist, so dass das Relief sehr sch\u00f6n funkelt, besonders im Dunkeln, wenn ein Scheinwerfer darauf gerichtet ist.<\/p>\n<p>Bei diesem Modell muss nicht gegraben werden, da sich die Wasserversorgung im Inneren des Tanks befindet. Die Bodenplatte hat eine gro\u00dfe \u00d6ffnung mit Edelstahlabdeckung, die einen einfachen Zugang zur Pumpe erm\u00f6glicht. Wird komplett mit Pumpe, Schlauch, Wasserverteiler, LEDs, Anleitung und schwarzen Kieselsteinen geliefert. F\u00fcr den vollst\u00e4ndigen Betrieb ben\u00f6tigen Sie 2 Steckdosen.<\/p>\n<p><strong>Fountain kann auch ohne Glaskugeln funktionieren.<\/strong><\/p>\n<p><strong>Besuchen Sie unseren Ausstellungsraum und bewundern Sie viele Modelle live!!!<\/strong><\/p>\n<ul>\n<li>Gr\u00f6\u00dfe 55x55x85cm hoch  <\/li>\n<li>S\u00e4ulen: 16x16cm und 20, 35 und 50cm<\/li>\n<li>Material: Granit poliert\/ges\u00e4gt, schwarz\/grau<\/li>\n<li>Inklusive Pumpe, Schlauch, Verteiler, LEDs, Anleitung und schwarzen Kieselsteinen<\/li>\n<li>Kabell\u00e4nge der Pumpe 10 Meter und der LEDs 7,5 Meter<\/li>\n<li><strong>Mit Wasserstandsanzeige<\/strong><\/li>\n<li>Mit Ablassschraube  <\/li>\n<li>Garantie 1 Jahr (Trockenlaufsch\u00e4den der Pumpe und Frostsch\u00e4den ausgeschlossen)<\/li>\n<li>In Holzkiste verpackt<\/li>\n<li>Schnelle Lieferung<\/li>\n<li>Nirgendwo sonst zu verkaufen.<\/li>\n<\/ul>\n","protected":false},"excerpt":{"rendered":"<p>Ein wundersch\u00f6ner, eleganter Springbrunnen f\u00fcr Ihren Garten oder Ihre Terrasse, selbst entwickelt und nirgendwo anders erh\u00e4ltlich. Das Wasserbecken ist aus schlichtem, pechschwarzem, poliertem Granit, die Wassers\u00e4ulen sind aus grauem Granit, der rundherum einges\u00e4gt ist, so dass das Relief sehr sch\u00f6n funkelt, besonders im Dunkeln, wenn ein Scheinwerfer darauf gerichtet ist. Bei diesem Modell muss nicht &hellip;<\/p>\n","protected":false},"featured_media":21061,"template":"","meta":{"_acf_changed":false,"_genesis_title":"","_genesis_description":""},"product_brand":[7505],"product_cat":[539,548,536],"product_tag":[],"class_list":{"0":"post-21085","1":"product","2":"type-product","3":"status-publish","4":"has-post-thumbnail","6":"product_brand-sonstige","7":"product_cat-einzigartige-eigene-modelle-von-losen-wasserspiele","8":"product_cat-terrassenbrunnen","9":"product_cat-wassereigenschaften","11":"first","12":"instock","13":"taxable","14":"shipping-taxable","15":"purchasable","16":"product-type-simple"},"acf":[],"meta_all":{"total_sales":"2","wcml_sync_hash":{"postmeta_fields":"c471519fbfacedd1ddc8e53eec0ec7a6"},"attr_label_translations":[]},"meta_all_flat":{"total_sales":"2","wcml_sync_hash.postmeta_fields":"c471519fbfacedd1ddc8e53eec0ec7a6"},"yoast_head":"<!-- This site is optimized with the Yoast SEO Premium plugin v26.2 (Yoast SEO v27.2) - https:\/\/yoast.com\/product\/yoast-seo-premium-wordpress\/ -->\n<title>Moderner schwarzer Terrassenbrunnen aus Granit Peter | Eliassen.co.uk<\/title>\n<meta name=\"description\" content=\"Moderne schwarze Terrassenfont\u00e4ne kaufen? Dieses Modell ist nirgendwo anders zu kaufen! Eigene Entwicklung. F\u00fcr weitere Terrassenbrunnen besuchen Sie unseren Shop!\" \/>\n<meta name=\"robots\" content=\"index, follow, max-snippet:-1, max-image-preview:large, max-video-preview:-1\" \/>\n<link rel=\"canonical\" href=\"https:\/\/www.eliassen.nl\/de\/moderner-schwarzer-terrassenbrunnen-aus-granit-peter\/\" \/>\n<meta property=\"og:locale\" content=\"de_DE\" \/>\n<meta property=\"og:type\" content=\"article\" \/>\n<meta property=\"og:title\" content=\"Sonstige Moderner schwarzer Terrassenbrunnen Granit Peter - Eliassen.nl\" \/>\n<meta property=\"og:description\" content=\"Moderne schwarze Terrassenfont\u00e4ne kaufen? Dieses Modell ist nirgendwo anders zu kaufen! Eigene Entwicklung. F\u00fcr weitere Terrassenbrunnen besuchen Sie unseren Shop!\" \/>\n<meta property=\"og:url\" content=\"https:\/\/www.eliassen.nl\/de\/moderner-schwarzer-terrassenbrunnen-aus-granit-peter\/\" \/>\n<meta property=\"og:site_name\" content=\"Eliassen.nl\" \/>\n<meta property=\"article:publisher\" content=\"https:\/\/www.facebook.com\/TuincentrumEliassenAmmerzoden\" \/>\n<meta property=\"article:modified_time\" content=\"2026-01-16T12:45:49+00:00\" \/>\n<meta property=\"og:image\" content=\"https:\/\/www.eliassen.nl\/wp-content\/uploads\/2024\/01\/modernezwarteterrasfonteingranietpetereliasse.jpg\" \/>\n\t<meta property=\"og:image:width\" content=\"356\" \/>\n\t<meta property=\"og:image:height\" content=\"512\" \/>\n\t<meta property=\"og:image:type\" content=\"image\/jpeg\" \/>\n<meta name=\"twitter:card\" content=\"summary_large_image\" \/>\n<script type=\"application\/ld+json\" class=\"yoast-schema-graph\">{\"@context\":\"https:\/\/schema.org\",\"@graph\":[{\"@type\":\"WebPage\",\"@id\":\"https:\/\/www.eliassen.nl\/de\/moderner-schwarzer-terrassenbrunnen-aus-granit-peter\/\",\"url\":\"https:\/\/www.eliassen.nl\/de\/moderner-schwarzer-terrassenbrunnen-aus-granit-peter\/\",\"name\":\"Moderner schwarzer Terrassenbrunnen aus Granit Peter | Eliassen.co.uk\",\"isPartOf\":{\"@id\":\"https:\/\/www.eliassen.nl\/de\/#website\"},\"primaryImageOfPage\":{\"@id\":\"https:\/\/www.eliassen.nl\/de\/moderner-schwarzer-terrassenbrunnen-aus-granit-peter\/#primaryimage\"},\"image\":{\"@id\":\"https:\/\/www.eliassen.nl\/de\/moderner-schwarzer-terrassenbrunnen-aus-granit-peter\/#primaryimage\"},\"thumbnailUrl\":\"https:\/\/www.eliassen.nl\/wp-content\/uploads\/2024\/01\/modernezwarteterrasfonteingranietpetereliasse.jpg\",\"datePublished\":\"2020-02-05T16:53:37+00:00\",\"dateModified\":\"2026-01-16T12:45:49+00:00\",\"description\":\"Moderne schwarze Terrassenfont\u00e4ne kaufen? Dieses Modell ist nirgendwo anders zu kaufen! Eigene Entwicklung. F\u00fcr weitere Terrassenbrunnen besuchen Sie unseren Shop!\",\"breadcrumb\":{\"@id\":\"https:\/\/www.eliassen.nl\/de\/moderner-schwarzer-terrassenbrunnen-aus-granit-peter\/#breadcrumb\"},\"inLanguage\":\"de\",\"potentialAction\":[{\"@type\":\"ReadAction\",\"target\":[\"https:\/\/www.eliassen.nl\/de\/moderner-schwarzer-terrassenbrunnen-aus-granit-peter\/\"]}]},{\"@type\":\"ImageObject\",\"inLanguage\":\"de\",\"@id\":\"https:\/\/www.eliassen.nl\/de\/moderner-schwarzer-terrassenbrunnen-aus-granit-peter\/#primaryimage\",\"url\":\"https:\/\/www.eliassen.nl\/wp-content\/uploads\/2024\/01\/modernezwarteterrasfonteingranietpetereliasse.jpg\",\"contentUrl\":\"https:\/\/www.eliassen.nl\/wp-content\/uploads\/2024\/01\/modernezwarteterrasfonteingranietpetereliasse.jpg\",\"width\":356,\"height\":512,\"caption\":\"Moderner schwarzer Terrassenbrunnen aus Granit Peter | Eliassen.co.uk\"},{\"@type\":\"BreadcrumbList\",\"@id\":\"https:\/\/www.eliassen.nl\/de\/moderner-schwarzer-terrassenbrunnen-aus-granit-peter\/#breadcrumb\",\"itemListElement\":[{\"@type\":\"ListItem\",\"position\":1,\"name\":\"Home\",\"item\":\"https:\/\/www.eliassen.nl\/de\/\"},{\"@type\":\"ListItem\",\"position\":2,\"name\":\"Shop\",\"item\":\"https:\/\/www.eliassen.nl\/de\/shop\/\"},{\"@type\":\"ListItem\",\"position\":3,\"name\":\"Wasserspiele\",\"item\":\"https:\/\/www.eliassen.nl\/de\/wassereigenschaften\/\"},{\"@type\":\"ListItem\",\"position\":4,\"name\":\"Einzigartige eigene Modelle von losen Wasserspielen\",\"item\":\"https:\/\/www.eliassen.nl\/de\/wassereigenschaften\/einzigartige-eigene-modelle-von-losen-wasserspiele\/\"},{\"@type\":\"ListItem\",\"position\":5,\"name\":\"Moderner schwarzer Terrassenbrunnen Granit Peter\"}]},{\"@type\":\"WebSite\",\"@id\":\"https:\/\/www.eliassen.nl\/de\/#website\",\"url\":\"https:\/\/www.eliassen.nl\/de\/\",\"name\":\"Eliassen Home & Garden Pleasure\",\"description\":\"\",\"publisher\":{\"@id\":\"https:\/\/www.eliassen.nl\/de\/#organization\"},\"alternateName\":\"Eliassen.nl\",\"potentialAction\":[{\"@type\":\"SearchAction\",\"target\":{\"@type\":\"EntryPoint\",\"urlTemplate\":\"https:\/\/www.eliassen.nl\/de\/?s={search_term_string}\"},\"query-input\":{\"@type\":\"PropertyValueSpecification\",\"valueRequired\":true,\"valueName\":\"search_term_string\"}}],\"inLanguage\":\"de\"},{\"@type\":[\"Organization\",\"Place\"],\"@id\":\"https:\/\/www.eliassen.nl\/de\/#organization\",\"name\":\"Eliassen Home & Garden Pleasure\",\"url\":\"https:\/\/www.eliassen.nl\/de\/\",\"logo\":{\"@id\":\"https:\/\/www.eliassen.nl\/de\/moderner-schwarzer-terrassenbrunnen-aus-granit-peter\/#local-main-organization-logo\"},\"image\":{\"@id\":\"https:\/\/www.eliassen.nl\/de\/moderner-schwarzer-terrassenbrunnen-aus-granit-peter\/#local-main-organization-logo\"},\"sameAs\":[\"https:\/\/www.facebook.com\/TuincentrumEliassenAmmerzoden\",\"https:\/\/www.instagram.com\/eliassenhomeandgarden\/\",\"https:\/\/nl.pinterest.com\/eliassenhomeandgarden\/\",\"https:\/\/www.youtube.com\/@eliassenhomegardenpleasure4558\"],\"telephone\":[],\"openingHoursSpecification\":[{\"@type\":\"OpeningHoursSpecification\",\"dayOfWeek\":[\"Monday\",\"Tuesday\",\"Wednesday\",\"Thursday\",\"Friday\",\"Saturday\",\"Sunday\"],\"opens\":\"09:00\",\"closes\":\"17:00\"}]},{\"@type\":\"ImageObject\",\"inLanguage\":\"de\",\"@id\":\"https:\/\/www.eliassen.nl\/de\/moderner-schwarzer-terrassenbrunnen-aus-granit-peter\/#local-main-organization-logo\",\"url\":\"https:\/\/www.eliassen.nl\/wp-content\/uploads\/2024\/01\/logo_4nd.jpg\",\"contentUrl\":\"https:\/\/www.eliassen.nl\/wp-content\/uploads\/2024\/01\/logo_4nd.jpg\",\"width\":500,\"height\":500,\"caption\":\"Eliassen Home & Garden Pleasure\"}]}<\/script>\n<meta property=\"product:price:amount\" content=\"499.00\" \/>\n<meta property=\"product:price:currency\" content=\"EUR\" \/>\n<meta property=\"og:availability\" content=\"instock\" \/>\n<meta property=\"product:availability\" content=\"instock\" \/>\n<meta property=\"product:retailer_item_id\" content=\"301211\" \/>\n<meta property=\"product:condition\" content=\"new\" \/>\n<!-- \/ Yoast SEO Premium plugin. -->","yoast_head_json":{"title":"Moderner schwarzer Terrassenbrunnen aus Granit Peter | Eliassen.co.uk","description":"Moderne schwarze Terrassenfont\u00e4ne kaufen? Dieses Modell ist nirgendwo anders zu kaufen! Eigene Entwicklung. F\u00fcr weitere Terrassenbrunnen besuchen Sie unseren Shop!","robots":{"index":"index","follow":"follow","max-snippet":"max-snippet:-1","max-image-preview":"max-image-preview:large","max-video-preview":"max-video-preview:-1"},"canonical":"https:\/\/www.eliassen.nl\/de\/moderner-schwarzer-terrassenbrunnen-aus-granit-peter\/","og_locale":"de_DE","og_type":"article","og_title":"Sonstige Moderner schwarzer Terrassenbrunnen Granit Peter - Eliassen.nl","og_description":"Moderne schwarze Terrassenfont\u00e4ne kaufen? Dieses Modell ist nirgendwo anders zu kaufen! Eigene Entwicklung. F\u00fcr weitere Terrassenbrunnen besuchen Sie unseren Shop!","og_url":"https:\/\/www.eliassen.nl\/de\/moderner-schwarzer-terrassenbrunnen-aus-granit-peter\/","og_site_name":"Eliassen.nl","article_publisher":"https:\/\/www.facebook.com\/TuincentrumEliassenAmmerzoden","article_modified_time":"2026-01-16T12:45:49+00:00","og_image":[{"width":356,"height":512,"url":"https:\/\/www.eliassen.nl\/wp-content\/uploads\/2024\/01\/modernezwarteterrasfonteingranietpetereliasse.jpg","type":"image\/jpeg"}],"twitter_card":"summary_large_image","schema":{"@context":"https:\/\/schema.org","@graph":[{"@type":"WebPage","@id":"https:\/\/www.eliassen.nl\/de\/moderner-schwarzer-terrassenbrunnen-aus-granit-peter\/","url":"https:\/\/www.eliassen.nl\/de\/moderner-schwarzer-terrassenbrunnen-aus-granit-peter\/","name":"Moderner schwarzer Terrassenbrunnen aus Granit Peter | Eliassen.co.uk","isPartOf":{"@id":"https:\/\/www.eliassen.nl\/de\/#website"},"primaryImageOfPage":{"@id":"https:\/\/www.eliassen.nl\/de\/moderner-schwarzer-terrassenbrunnen-aus-granit-peter\/#primaryimage"},"image":{"@id":"https:\/\/www.eliassen.nl\/de\/moderner-schwarzer-terrassenbrunnen-aus-granit-peter\/#primaryimage"},"thumbnailUrl":"https:\/\/www.eliassen.nl\/wp-content\/uploads\/2024\/01\/modernezwarteterrasfonteingranietpetereliasse.jpg","datePublished":"2020-02-05T16:53:37+00:00","dateModified":"2026-01-16T12:45:49+00:00","description":"Moderne schwarze Terrassenfont\u00e4ne kaufen? Dieses Modell ist nirgendwo anders zu kaufen! Eigene Entwicklung. F\u00fcr weitere Terrassenbrunnen besuchen Sie unseren Shop!","breadcrumb":{"@id":"https:\/\/www.eliassen.nl\/de\/moderner-schwarzer-terrassenbrunnen-aus-granit-peter\/#breadcrumb"},"inLanguage":"de","potentialAction":[{"@type":"ReadAction","target":["https:\/\/www.eliassen.nl\/de\/moderner-schwarzer-terrassenbrunnen-aus-granit-peter\/"]}]},{"@type":"ImageObject","inLanguage":"de","@id":"https:\/\/www.eliassen.nl\/de\/moderner-schwarzer-terrassenbrunnen-aus-granit-peter\/#primaryimage","url":"https:\/\/www.eliassen.nl\/wp-content\/uploads\/2024\/01\/modernezwarteterrasfonteingranietpetereliasse.jpg","contentUrl":"https:\/\/www.eliassen.nl\/wp-content\/uploads\/2024\/01\/modernezwarteterrasfonteingranietpetereliasse.jpg","width":356,"height":512,"caption":"Moderner schwarzer Terrassenbrunnen aus Granit Peter | Eliassen.co.uk"},{"@type":"BreadcrumbList","@id":"https:\/\/www.eliassen.nl\/de\/moderner-schwarzer-terrassenbrunnen-aus-granit-peter\/#breadcrumb","itemListElement":[{"@type":"ListItem","position":1,"name":"Home","item":"https:\/\/www.eliassen.nl\/de\/"},{"@type":"ListItem","position":2,"name":"Shop","item":"https:\/\/www.eliassen.nl\/de\/shop\/"},{"@type":"ListItem","position":3,"name":"Wasserspiele","item":"https:\/\/www.eliassen.nl\/de\/wassereigenschaften\/"},{"@type":"ListItem","position":4,"name":"Einzigartige eigene Modelle von losen Wasserspielen","item":"https:\/\/www.eliassen.nl\/de\/wassereigenschaften\/einzigartige-eigene-modelle-von-losen-wasserspiele\/"},{"@type":"ListItem","position":5,"name":"Moderner schwarzer Terrassenbrunnen Granit Peter"}]},{"@type":"WebSite","@id":"https:\/\/www.eliassen.nl\/de\/#website","url":"https:\/\/www.eliassen.nl\/de\/","name":"Eliassen Home & Garden Pleasure","description":"","publisher":{"@id":"https:\/\/www.eliassen.nl\/de\/#organization"},"alternateName":"Eliassen.nl","potentialAction":[{"@type":"SearchAction","target":{"@type":"EntryPoint","urlTemplate":"https:\/\/www.eliassen.nl\/de\/?s={search_term_string}"},"query-input":{"@type":"PropertyValueSpecification","valueRequired":true,"valueName":"search_term_string"}}],"inLanguage":"de"},{"@type":["Organization","Place"],"@id":"https:\/\/www.eliassen.nl\/de\/#organization","name":"Eliassen Home & Garden Pleasure","url":"https:\/\/www.eliassen.nl\/de\/","logo":{"@id":"https:\/\/www.eliassen.nl\/de\/moderner-schwarzer-terrassenbrunnen-aus-granit-peter\/#local-main-organization-logo"},"image":{"@id":"https:\/\/www.eliassen.nl\/de\/moderner-schwarzer-terrassenbrunnen-aus-granit-peter\/#local-main-organization-logo"},"sameAs":["https:\/\/www.facebook.com\/TuincentrumEliassenAmmerzoden","https:\/\/www.instagram.com\/eliassenhomeandgarden\/","https:\/\/nl.pinterest.com\/eliassenhomeandgarden\/","https:\/\/www.youtube.com\/@eliassenhomegardenpleasure4558"],"telephone":[],"openingHoursSpecification":[{"@type":"OpeningHoursSpecification","dayOfWeek":["Monday","Tuesday","Wednesday","Thursday","Friday","Saturday","Sunday"],"opens":"09:00","closes":"17:00"}]},{"@type":"ImageObject","inLanguage":"de","@id":"https:\/\/www.eliassen.nl\/de\/moderner-schwarzer-terrassenbrunnen-aus-granit-peter\/#local-main-organization-logo","url":"https:\/\/www.eliassen.nl\/wp-content\/uploads\/2024\/01\/logo_4nd.jpg","contentUrl":"https:\/\/www.eliassen.nl\/wp-content\/uploads\/2024\/01\/logo_4nd.jpg","width":500,"height":500,"caption":"Eliassen Home & Garden Pleasure"}]},"product_price_amount":"499.00","product_price_currency":"EUR","og_availability":"instock","product_availability":"instock","product_retailer_item_id":"301211","product_condition":"new"},"df_price":499,"df_sale_price":"","df_regular_price":499,"df_image_link":"https:\/\/www.eliassen.nl\/wp-content\/uploads\/2024\/01\/modernezwarteterrasfonteingranietpetereliasse.jpg","image":"https:\/\/www.eliassen.nl\/wp-content\/uploads\/2024\/01\/modernezwarteterrasfonteingranietpetereliasse.jpg","price_search":"<span class=\"woocommerce-Price-amount amount\"><bdi><span class=\"woocommerce-Price-currencySymbol\">&euro;<\/span>&nbsp;499,00<\/bdi><\/span>","category":"Einzigartige eigene Modelle von losen Wasserspielen","global_unique_id":"6013800324317","_links":{"self":[{"href":"https:\/\/www.eliassen.nl\/de\/wp-json\/wp\/v2\/product\/21085","targetHints":{"allow":["GET"]}}],"collection":[{"href":"https:\/\/www.eliassen.nl\/de\/wp-json\/wp\/v2\/product"}],"about":[{"href":"https:\/\/www.eliassen.nl\/de\/wp-json\/wp\/v2\/types\/product"}],"wp:featuredmedia":[{"embeddable":true,"href":"https:\/\/www.eliassen.nl\/de\/wp-json\/wp\/v2\/media\/21061"}],"wp:attachment":[{"href":"https:\/\/www.eliassen.nl\/de\/wp-json\/wp\/v2\/media?parent=21085"}],"wp:term":[{"taxonomy":"product_brand","embeddable":true,"href":"https:\/\/www.eliassen.nl\/de\/wp-json\/wp\/v2\/product_brand?post=21085"},{"taxonomy":"product_cat","embeddable":true,"href":"https:\/\/www.eliassen.nl\/de\/wp-json\/wp\/v2\/product_cat?post=21085"},{"taxonomy":"product_tag","embeddable":true,"href":"https:\/\/www.eliassen.nl\/de\/wp-json\/wp\/v2\/product_tag?post=21085"}],"curies":[{"name":"wp","href":"https:\/\/api.w.org\/{rel}","templated":true}]}}