{"id":210069,"date":"2026-03-27T12:02:12","date_gmt":"2026-03-27T11:02:12","guid":{"rendered":"https:\/\/www.eliassen.nl\/product\/odin-vasen-set-mit-untertassen-sandfarben-80-und-90cm-hoch\/"},"modified":"2026-04-16T14:03:39","modified_gmt":"2026-04-16T12:03:39","slug":"odin-vasen-set-mit-untertassen-sandfarben-80-und-90cm-hoch","status":"publish","type":"product","link":"https:\/\/www.eliassen.nl\/de\/odin-vasen-set-mit-untertassen-sandfarben-80-und-90cm-hoch\/","title":{"rendered":"Odin Vasen-Set mit Untertassen sandfarben 80 und 90cm hoch"},"content":{"rendered":"<p data-path-to-node=\"1\">Verleihen Sie Ihrem Interieur oder Ihrem Garten einen warmen und nat\u00fcrlichen Look mit diesem sch\u00f6nen Odin Vasen-Set in einer beruhigenden Sandfarbe. Dieses Set besteht aus zwei elegant gestalteten, aufsteigenden Vasen, die dank ihres zeitlosen Designs eine echte Bereicherung f\u00fcr jedes Ambiente sind. Ein sch\u00f6ner Tipp: Stellen Sie die beiden unterschiedlichen Gr\u00f6\u00dfen gem\u00fctlich zusammen f\u00fcr eine verspielte und \u00e4u\u00dferst stimmungsvolle Kombination!<\/p>\n<p data-path-to-node=\"2\">Die Vasen werden aus hochwertigem Kunststoff in einem speziellen Rotationsgussverfahren hergestellt. Dies sorgt f\u00fcr absolute Langlebigkeit und macht sie wesentlich stabiler und sto\u00dffester als viele billigere Vasen, die mit einer herk\u00f6mmlichen Spritzgusstechnik hergestellt werden. Au\u00dferdem ist das Material UV-best\u00e4ndig, so dass es nicht leicht bricht und die weiche Sandfarbe in der Sonne kaum verblasst.<\/p>\n<p data-path-to-node=\"3\">Sie k\u00f6nnen diesem Set sowohl im Innen- als auch im Au\u00dfenbereich einen sch\u00f6nen Platz geben. M\u00f6chten Sie die Vasen drau\u00dfen im Garten oder auf der Terrasse verwenden? Vergessen Sie dann nicht, einige L\u00f6cher in den Boden zu bohren, um eine gute Drainage zu gew\u00e4hrleisten, und verwenden Sie sofort die praktischen, kostenlos mitgelieferten Untersetzer. Die gr\u00f6\u00dfte Vase hat einen Durchmesser von 50 Zentimetern und ist 90 Zentimeter hoch, w\u00e4hrend die kleinere Version einen Durchmesser von 43 Zentimetern und eine H\u00f6he von 80 Zentimetern hat. Sie erhalten satte 5 Jahre Garantie auf dieses Set und nat\u00fcrlich unseren garantiert niedrigsten Preis.<\/p>\n","protected":false},"excerpt":{"rendered":"<p><strong>5 Jahre Garantie<\/strong><\/p>\n","protected":false},"featured_media":210017,"template":"","meta":{"_acf_changed":false,"_genesis_title":"","_genesis_description":""},"product_brand":[7637],"product_cat":[722,740,7174],"product_tag":[],"class_list":{"0":"post-210069","1":"product","2":"type-product","3":"status-publish","4":"has-post-thumbnail","6":"product_brand-odin","7":"product_cat-blumentoepfe-und-pflanzgefaesse","8":"product_cat-pflanzkuebel-fuer-den-aussenbereich-gross-leicht","9":"product_cat-geen-categorie-de","11":"first","12":"instock","13":"taxable","14":"shipping-taxable","15":"purchasable","16":"product-type-simple"},"acf":[],"meta_all":{"cor_restricted_countries":[],"total_sales":"0"},"meta_all_flat":{"total_sales":"0"},"yoast_head":"<!-- This site is optimized with the Yoast SEO Premium plugin v26.2 (Yoast SEO v27.2) - https:\/\/yoast.com\/product\/yoast-seo-premium-wordpress\/ -->\n<title>Odin Odin Vasen-Set mit Untertassen sandfarben 80 und 90cm hoch - Eliassen.nl<\/title>\n<meta name=\"description\" content=\"Sch\u00f6nes 2-teiliges Odin Vasen-Set in Sandfarbe (80 und 90cm). Hergestellt aus hochfestem, UV-best\u00e4ndigem Kunststoff. Kostenlose Gerichte inklusive. Niedrigster Preis!\" \/>\n<meta name=\"robots\" content=\"index, follow, max-snippet:-1, max-image-preview:large, max-video-preview:-1\" \/>\n<link rel=\"canonical\" href=\"https:\/\/www.eliassen.nl\/de\/odin-vasen-set-mit-untertassen-sandfarben-80-und-90cm-hoch\/\" \/>\n<meta property=\"og:locale\" content=\"de_DE\" \/>\n<meta property=\"og:type\" content=\"article\" \/>\n<meta property=\"og:title\" content=\"Odin Odin Vasen-Set mit Untertassen sandfarben 80 und 90cm hoch - Eliassen.nl\" \/>\n<meta property=\"og:description\" content=\"Sch\u00f6nes 2-teiliges Odin Vasen-Set in Sandfarbe (80 und 90cm). Hergestellt aus hochfestem, UV-best\u00e4ndigem Kunststoff. Kostenlose Gerichte inklusive. Niedrigster Preis!\" \/>\n<meta property=\"og:url\" content=\"https:\/\/www.eliassen.nl\/de\/odin-vasen-set-mit-untertassen-sandfarben-80-und-90cm-hoch\/\" \/>\n<meta property=\"og:site_name\" content=\"Eliassen.nl\" \/>\n<meta property=\"article:publisher\" content=\"https:\/\/www.facebook.com\/TuincentrumEliassenAmmerzoden\" \/>\n<meta property=\"article:modified_time\" content=\"2026-04-16T12:03:39+00:00\" \/>\n<meta property=\"og:image\" content=\"https:\/\/www.eliassen.nl\/wp-content\/uploads\/2026\/03\/Odin-Vazenset-set-met-schotel-zandkleur-Eliassen.nl-138342.jpg\" \/>\n\t<meta property=\"og:image:width\" content=\"1920\" \/>\n\t<meta property=\"og:image:height\" content=\"1895\" \/>\n\t<meta property=\"og:image:type\" content=\"image\/jpeg\" \/>\n<meta name=\"twitter:card\" content=\"summary_large_image\" \/>\n<script type=\"application\/ld+json\" class=\"yoast-schema-graph\">{\"@context\":\"https:\/\/schema.org\",\"@graph\":[{\"@type\":\"WebPage\",\"@id\":\"https:\/\/www.eliassen.nl\/de\/odin-vasen-set-mit-untertassen-sandfarben-80-und-90cm-hoch\/\",\"url\":\"https:\/\/www.eliassen.nl\/de\/odin-vasen-set-mit-untertassen-sandfarben-80-und-90cm-hoch\/\",\"name\":\"Odin Odin Vasen-Set mit Untertassen sandfarben 80 und 90cm hoch - Eliassen.nl\",\"isPartOf\":{\"@id\":\"https:\/\/www.eliassen.nl\/de\/#website\"},\"primaryImageOfPage\":{\"@id\":\"https:\/\/www.eliassen.nl\/de\/odin-vasen-set-mit-untertassen-sandfarben-80-und-90cm-hoch\/#primaryimage\"},\"image\":{\"@id\":\"https:\/\/www.eliassen.nl\/de\/odin-vasen-set-mit-untertassen-sandfarben-80-und-90cm-hoch\/#primaryimage\"},\"thumbnailUrl\":\"https:\/\/www.eliassen.nl\/wp-content\/uploads\/2026\/03\/Odin-Vazenset-set-met-schotel-zandkleur-Eliassen.nl-138342.jpg\",\"datePublished\":\"2026-03-27T11:02:12+00:00\",\"dateModified\":\"2026-04-16T12:03:39+00:00\",\"description\":\"Sch\u00f6nes 2-teiliges Odin Vasen-Set in Sandfarbe (80 und 90cm). Hergestellt aus hochfestem, UV-best\u00e4ndigem Kunststoff. Kostenlose Gerichte inklusive. Niedrigster Preis!\",\"breadcrumb\":{\"@id\":\"https:\/\/www.eliassen.nl\/de\/odin-vasen-set-mit-untertassen-sandfarben-80-und-90cm-hoch\/#breadcrumb\"},\"inLanguage\":\"de\",\"potentialAction\":[{\"@type\":\"ReadAction\",\"target\":[\"https:\/\/www.eliassen.nl\/de\/odin-vasen-set-mit-untertassen-sandfarben-80-und-90cm-hoch\/\"]}]},{\"@type\":\"ImageObject\",\"inLanguage\":\"de\",\"@id\":\"https:\/\/www.eliassen.nl\/de\/odin-vasen-set-mit-untertassen-sandfarben-80-und-90cm-hoch\/#primaryimage\",\"url\":\"https:\/\/www.eliassen.nl\/wp-content\/uploads\/2026\/03\/Odin-Vazenset-set-met-schotel-zandkleur-Eliassen.nl-138342.jpg\",\"contentUrl\":\"https:\/\/www.eliassen.nl\/wp-content\/uploads\/2026\/03\/Odin-Vazenset-set-met-schotel-zandkleur-Eliassen.nl-138342.jpg\",\"width\":1920,\"height\":1895,\"caption\":\"Odin Vasen-Set mit Untertasse sandfarben Eliassen.nl\"},{\"@type\":\"BreadcrumbList\",\"@id\":\"https:\/\/www.eliassen.nl\/de\/odin-vasen-set-mit-untertassen-sandfarben-80-und-90cm-hoch\/#breadcrumb\",\"itemListElement\":[{\"@type\":\"ListItem\",\"position\":1,\"name\":\"Home\",\"item\":\"https:\/\/www.eliassen.nl\/de\/\"},{\"@type\":\"ListItem\",\"position\":2,\"name\":\"Shop\",\"item\":\"https:\/\/www.eliassen.nl\/de\/shop\/\"},{\"@type\":\"ListItem\",\"position\":3,\"name\":\"Blument\u00f6pfe und Pflanzgef\u00e4\u00dfe\",\"item\":\"https:\/\/www.eliassen.nl\/de\/blumentoepfe-und-pflanzgefaesse\/\"},{\"@type\":\"ListItem\",\"position\":4,\"name\":\"Pflanzk\u00fcbel f\u00fcr den Au\u00dfenbereich gro\u00df leicht\",\"item\":\"https:\/\/www.eliassen.nl\/de\/blumentoepfe-und-pflanzgefaesse\/pflanzkuebel-fuer-den-aussenbereich-gross-leicht\/\"},{\"@type\":\"ListItem\",\"position\":5,\"name\":\"Odin Vasen-Set mit Untertassen sandfarben 80 und 90cm hoch\"}]},{\"@type\":\"WebSite\",\"@id\":\"https:\/\/www.eliassen.nl\/de\/#website\",\"url\":\"https:\/\/www.eliassen.nl\/de\/\",\"name\":\"Eliassen Home & Garden Pleasure\",\"description\":\"\",\"publisher\":{\"@id\":\"https:\/\/www.eliassen.nl\/de\/#organization\"},\"alternateName\":\"Eliassen.nl\",\"potentialAction\":[{\"@type\":\"SearchAction\",\"target\":{\"@type\":\"EntryPoint\",\"urlTemplate\":\"https:\/\/www.eliassen.nl\/de\/?s={search_term_string}\"},\"query-input\":{\"@type\":\"PropertyValueSpecification\",\"valueRequired\":true,\"valueName\":\"search_term_string\"}}],\"inLanguage\":\"de\"},{\"@type\":[\"Organization\",\"Place\"],\"@id\":\"https:\/\/www.eliassen.nl\/de\/#organization\",\"name\":\"Eliassen Home & Garden Pleasure\",\"url\":\"https:\/\/www.eliassen.nl\/de\/\",\"logo\":{\"@id\":\"https:\/\/www.eliassen.nl\/de\/odin-vasen-set-mit-untertassen-sandfarben-80-und-90cm-hoch\/#local-main-organization-logo\"},\"image\":{\"@id\":\"https:\/\/www.eliassen.nl\/de\/odin-vasen-set-mit-untertassen-sandfarben-80-und-90cm-hoch\/#local-main-organization-logo\"},\"sameAs\":[\"https:\/\/www.facebook.com\/TuincentrumEliassenAmmerzoden\",\"https:\/\/www.instagram.com\/eliassenhomeandgarden\/\",\"https:\/\/nl.pinterest.com\/eliassenhomeandgarden\/\",\"https:\/\/www.youtube.com\/@eliassenhomegardenpleasure4558\"],\"telephone\":[],\"openingHoursSpecification\":[{\"@type\":\"OpeningHoursSpecification\",\"dayOfWeek\":[\"Monday\",\"Tuesday\",\"Wednesday\",\"Thursday\",\"Friday\",\"Saturday\",\"Sunday\"],\"opens\":\"09:00\",\"closes\":\"17:00\"}]},{\"@type\":\"ImageObject\",\"inLanguage\":\"de\",\"@id\":\"https:\/\/www.eliassen.nl\/de\/odin-vasen-set-mit-untertassen-sandfarben-80-und-90cm-hoch\/#local-main-organization-logo\",\"url\":\"https:\/\/www.eliassen.nl\/wp-content\/uploads\/2024\/01\/logo_4nd.jpg\",\"contentUrl\":\"https:\/\/www.eliassen.nl\/wp-content\/uploads\/2024\/01\/logo_4nd.jpg\",\"width\":500,\"height\":500,\"caption\":\"Eliassen Home & Garden Pleasure\"}]}<\/script>\n<meta property=\"product:price:amount\" content=\"109.00\" \/>\n<meta property=\"product:price:currency\" content=\"EUR\" \/>\n<meta property=\"og:availability\" content=\"instock\" \/>\n<meta property=\"product:availability\" content=\"instock\" \/>\n<meta property=\"product:retailer_item_id\" content=\"138342\" \/>\n<meta property=\"product:condition\" content=\"new\" \/>\n<!-- \/ Yoast SEO Premium plugin. -->","yoast_head_json":{"title":"Odin Odin Vasen-Set mit Untertassen sandfarben 80 und 90cm hoch - Eliassen.nl","description":"Sch\u00f6nes 2-teiliges Odin Vasen-Set in Sandfarbe (80 und 90cm). Hergestellt aus hochfestem, UV-best\u00e4ndigem Kunststoff. Kostenlose Gerichte inklusive. Niedrigster Preis!","robots":{"index":"index","follow":"follow","max-snippet":"max-snippet:-1","max-image-preview":"max-image-preview:large","max-video-preview":"max-video-preview:-1"},"canonical":"https:\/\/www.eliassen.nl\/de\/odin-vasen-set-mit-untertassen-sandfarben-80-und-90cm-hoch\/","og_locale":"de_DE","og_type":"article","og_title":"Odin Odin Vasen-Set mit Untertassen sandfarben 80 und 90cm hoch - Eliassen.nl","og_description":"Sch\u00f6nes 2-teiliges Odin Vasen-Set in Sandfarbe (80 und 90cm). Hergestellt aus hochfestem, UV-best\u00e4ndigem Kunststoff. Kostenlose Gerichte inklusive. Niedrigster Preis!","og_url":"https:\/\/www.eliassen.nl\/de\/odin-vasen-set-mit-untertassen-sandfarben-80-und-90cm-hoch\/","og_site_name":"Eliassen.nl","article_publisher":"https:\/\/www.facebook.com\/TuincentrumEliassenAmmerzoden","article_modified_time":"2026-04-16T12:03:39+00:00","og_image":[{"width":1920,"height":1895,"url":"https:\/\/www.eliassen.nl\/wp-content\/uploads\/2026\/03\/Odin-Vazenset-set-met-schotel-zandkleur-Eliassen.nl-138342.jpg","type":"image\/jpeg"}],"twitter_card":"summary_large_image","schema":{"@context":"https:\/\/schema.org","@graph":[{"@type":"WebPage","@id":"https:\/\/www.eliassen.nl\/de\/odin-vasen-set-mit-untertassen-sandfarben-80-und-90cm-hoch\/","url":"https:\/\/www.eliassen.nl\/de\/odin-vasen-set-mit-untertassen-sandfarben-80-und-90cm-hoch\/","name":"Odin Odin Vasen-Set mit Untertassen sandfarben 80 und 90cm hoch - Eliassen.nl","isPartOf":{"@id":"https:\/\/www.eliassen.nl\/de\/#website"},"primaryImageOfPage":{"@id":"https:\/\/www.eliassen.nl\/de\/odin-vasen-set-mit-untertassen-sandfarben-80-und-90cm-hoch\/#primaryimage"},"image":{"@id":"https:\/\/www.eliassen.nl\/de\/odin-vasen-set-mit-untertassen-sandfarben-80-und-90cm-hoch\/#primaryimage"},"thumbnailUrl":"https:\/\/www.eliassen.nl\/wp-content\/uploads\/2026\/03\/Odin-Vazenset-set-met-schotel-zandkleur-Eliassen.nl-138342.jpg","datePublished":"2026-03-27T11:02:12+00:00","dateModified":"2026-04-16T12:03:39+00:00","description":"Sch\u00f6nes 2-teiliges Odin Vasen-Set in Sandfarbe (80 und 90cm). Hergestellt aus hochfestem, UV-best\u00e4ndigem Kunststoff. Kostenlose Gerichte inklusive. Niedrigster Preis!","breadcrumb":{"@id":"https:\/\/www.eliassen.nl\/de\/odin-vasen-set-mit-untertassen-sandfarben-80-und-90cm-hoch\/#breadcrumb"},"inLanguage":"de","potentialAction":[{"@type":"ReadAction","target":["https:\/\/www.eliassen.nl\/de\/odin-vasen-set-mit-untertassen-sandfarben-80-und-90cm-hoch\/"]}]},{"@type":"ImageObject","inLanguage":"de","@id":"https:\/\/www.eliassen.nl\/de\/odin-vasen-set-mit-untertassen-sandfarben-80-und-90cm-hoch\/#primaryimage","url":"https:\/\/www.eliassen.nl\/wp-content\/uploads\/2026\/03\/Odin-Vazenset-set-met-schotel-zandkleur-Eliassen.nl-138342.jpg","contentUrl":"https:\/\/www.eliassen.nl\/wp-content\/uploads\/2026\/03\/Odin-Vazenset-set-met-schotel-zandkleur-Eliassen.nl-138342.jpg","width":1920,"height":1895,"caption":"Odin Vasen-Set mit Untertasse sandfarben Eliassen.nl"},{"@type":"BreadcrumbList","@id":"https:\/\/www.eliassen.nl\/de\/odin-vasen-set-mit-untertassen-sandfarben-80-und-90cm-hoch\/#breadcrumb","itemListElement":[{"@type":"ListItem","position":1,"name":"Home","item":"https:\/\/www.eliassen.nl\/de\/"},{"@type":"ListItem","position":2,"name":"Shop","item":"https:\/\/www.eliassen.nl\/de\/shop\/"},{"@type":"ListItem","position":3,"name":"Blument\u00f6pfe und Pflanzgef\u00e4\u00dfe","item":"https:\/\/www.eliassen.nl\/de\/blumentoepfe-und-pflanzgefaesse\/"},{"@type":"ListItem","position":4,"name":"Pflanzk\u00fcbel f\u00fcr den Au\u00dfenbereich gro\u00df leicht","item":"https:\/\/www.eliassen.nl\/de\/blumentoepfe-und-pflanzgefaesse\/pflanzkuebel-fuer-den-aussenbereich-gross-leicht\/"},{"@type":"ListItem","position":5,"name":"Odin Vasen-Set mit Untertassen sandfarben 80 und 90cm hoch"}]},{"@type":"WebSite","@id":"https:\/\/www.eliassen.nl\/de\/#website","url":"https:\/\/www.eliassen.nl\/de\/","name":"Eliassen Home & Garden Pleasure","description":"","publisher":{"@id":"https:\/\/www.eliassen.nl\/de\/#organization"},"alternateName":"Eliassen.nl","potentialAction":[{"@type":"SearchAction","target":{"@type":"EntryPoint","urlTemplate":"https:\/\/www.eliassen.nl\/de\/?s={search_term_string}"},"query-input":{"@type":"PropertyValueSpecification","valueRequired":true,"valueName":"search_term_string"}}],"inLanguage":"de"},{"@type":["Organization","Place"],"@id":"https:\/\/www.eliassen.nl\/de\/#organization","name":"Eliassen Home & Garden Pleasure","url":"https:\/\/www.eliassen.nl\/de\/","logo":{"@id":"https:\/\/www.eliassen.nl\/de\/odin-vasen-set-mit-untertassen-sandfarben-80-und-90cm-hoch\/#local-main-organization-logo"},"image":{"@id":"https:\/\/www.eliassen.nl\/de\/odin-vasen-set-mit-untertassen-sandfarben-80-und-90cm-hoch\/#local-main-organization-logo"},"sameAs":["https:\/\/www.facebook.com\/TuincentrumEliassenAmmerzoden","https:\/\/www.instagram.com\/eliassenhomeandgarden\/","https:\/\/nl.pinterest.com\/eliassenhomeandgarden\/","https:\/\/www.youtube.com\/@eliassenhomegardenpleasure4558"],"telephone":[],"openingHoursSpecification":[{"@type":"OpeningHoursSpecification","dayOfWeek":["Monday","Tuesday","Wednesday","Thursday","Friday","Saturday","Sunday"],"opens":"09:00","closes":"17:00"}]},{"@type":"ImageObject","inLanguage":"de","@id":"https:\/\/www.eliassen.nl\/de\/odin-vasen-set-mit-untertassen-sandfarben-80-und-90cm-hoch\/#local-main-organization-logo","url":"https:\/\/www.eliassen.nl\/wp-content\/uploads\/2024\/01\/logo_4nd.jpg","contentUrl":"https:\/\/www.eliassen.nl\/wp-content\/uploads\/2024\/01\/logo_4nd.jpg","width":500,"height":500,"caption":"Eliassen Home & Garden Pleasure"}]},"product_price_amount":"109.00","product_price_currency":"EUR","og_availability":"instock","product_availability":"instock","product_retailer_item_id":"138342","product_condition":"new"},"df_price":109,"df_sale_price":"","df_regular_price":109,"df_image_link":"https:\/\/www.eliassen.nl\/wp-content\/uploads\/2026\/03\/Odin-Vazenset-set-met-schotel-zandkleur-Eliassen.nl-138342-300x296.jpg","image":"https:\/\/www.eliassen.nl\/wp-content\/uploads\/2026\/03\/Odin-Vazenset-set-met-schotel-zandkleur-Eliassen.nl-138342-150x150.jpg","price_search":"<span class=\"woocommerce-Price-amount amount\"><bdi><span class=\"woocommerce-Price-currencySymbol\">&euro;<\/span>&nbsp;109,00<\/bdi><\/span>","category":"Blument\u00f6pfe und Pflanzgef\u00e4\u00dfe","global_unique_id":"8714075642639","_links":{"self":[{"href":"https:\/\/www.eliassen.nl\/de\/wp-json\/wp\/v2\/product\/210069","targetHints":{"allow":["GET"]}}],"collection":[{"href":"https:\/\/www.eliassen.nl\/de\/wp-json\/wp\/v2\/product"}],"about":[{"href":"https:\/\/www.eliassen.nl\/de\/wp-json\/wp\/v2\/types\/product"}],"wp:featuredmedia":[{"embeddable":true,"href":"https:\/\/www.eliassen.nl\/de\/wp-json\/wp\/v2\/media\/210017"}],"wp:attachment":[{"href":"https:\/\/www.eliassen.nl\/de\/wp-json\/wp\/v2\/media?parent=210069"}],"wp:term":[{"taxonomy":"product_brand","embeddable":true,"href":"https:\/\/www.eliassen.nl\/de\/wp-json\/wp\/v2\/product_brand?post=210069"},{"taxonomy":"product_cat","embeddable":true,"href":"https:\/\/www.eliassen.nl\/de\/wp-json\/wp\/v2\/product_cat?post=210069"},{"taxonomy":"product_tag","embeddable":true,"href":"https:\/\/www.eliassen.nl\/de\/wp-json\/wp\/v2\/product_tag?post=210069"}],"curies":[{"name":"wp","href":"https:\/\/api.w.org\/{rel}","templated":true}]}}