{"id":210058,"date":"2026-03-27T11:44:13","date_gmt":"2026-03-27T10:44:13","guid":{"rendered":"https:\/\/www.eliassen.nl\/product\/odin-kugeltopf-mit-untertasse-sandfarben-47cm\/"},"modified":"2026-04-01T20:07:24","modified_gmt":"2026-04-01T18:07:24","slug":"odin-kugeltopf-mit-untertasse-sandfarben-47cm","status":"publish","type":"product","link":"https:\/\/www.eliassen.nl\/de\/odin-kugeltopf-mit-untertasse-sandfarben-47cm\/","title":{"rendered":"Odin Kugeltopf mit Untertasse sandfarben 47cm"},"content":{"rendered":"<p data-path-to-node=\"1\">Suchen Sie eine stilvolle und urspr\u00fcngliche Erg\u00e4nzung f\u00fcr Ihren Garten oder Ihr Interieur? Der Odin Kugeltopf in einer sch\u00f6nen, warmen Sandfarbe ist eine zeitlose Wahl. Was bei diesem Modell sofort auff\u00e4llt, ist die raffinierte Verarbeitung: Die obere H\u00e4lfte ist mit einem eleganten, horizontalen Rippenmuster versehen, w\u00e4hrend die untere H\u00e4lfte glatt und geschmeidig verl\u00e4uft. Dies verleiht dem Pflanzgef\u00e4\u00df ein einzigartiges und nat\u00fcrliches Aussehen, das in jeder Umgebung auffallen wird.<\/p>\n<p data-path-to-node=\"2\">Dieser Blumentopf wird in einem speziellen Rotationsgussverfahren hergestellt und besteht aus hochwertigem Kunststoff. Dies garantiert eine absolut lange Lebensdauer und macht das Material deutlich st\u00e4rker als die \u00fcblicherweise verwendeten, billigeren Spritzgusst\u00f6pfe. Das Tablett ist \u00e4u\u00dferst sto\u00dffest und UV-best\u00e4ndig, d.h. es bricht nicht so leicht und seine sanfte Sandfarbe verblasst bei hellem Sonnenschein praktisch nicht.<\/p>\n<p data-path-to-node=\"3\">Sie k\u00f6nnen diesem Zwiebeltopf getrost einen sch\u00f6nen Platz im Innen- und Au\u00dfenbereich geben. Verwenden Sie ihn im Garten oder auf der Terrasse? Dann nehmen Sie sich einen Moment Zeit, um den St\u00f6psel zu ziehen, damit das Wasser richtig abflie\u00dfen kann, und nutzen Sie sofort die mitgelieferte, kostenlose Schale. Mit einem Au\u00dfendurchmesser von 47 Zentimetern und einer H\u00f6he von 40 Zentimetern bietet der Topf viel Platz f\u00fcr Ihre Lieblingspflanzen. Au\u00dferdem genie\u00dfen Sie bei diesem Kauf eine 5-Jahres-Garantie sowie unseren garantiert niedrigsten Preis.<\/p>\n<p data-path-to-node=\"3\">Innendurchmesser oben: 34 cm, unten: 29 cm<\/p>\n","protected":false},"excerpt":{"rendered":"<p>Der Odin Kugeltopf ist ein robustes, sandfarbenes Pflanzgef\u00e4\u00df mit einer eleganten, teilweise gerippten Struktur. Dieser Topf ist aus hochwertigem, UV-best\u00e4ndigem Kunststoff gefertigt, wodurch er extrem langlebig ist und sich sowohl f\u00fcr den Innen- als auch f\u00fcr den Au\u00dfenbereich eignet. Mit einem Durchmesser von 47 Zentimetern bietet sie viel Platz und wird mit einer praktischen, passenden Untertasse geliefert.<\/p>\n","protected":false},"featured_media":210004,"template":"","meta":{"_acf_changed":false,"_genesis_title":"","_genesis_description":""},"product_brand":[7637],"product_cat":[722,740,7174],"product_tag":[],"class_list":{"0":"post-210058","1":"product","2":"type-product","3":"status-publish","4":"has-post-thumbnail","6":"product_brand-odin","7":"product_cat-blumentoepfe-und-pflanzgefaesse","8":"product_cat-pflanzkuebel-fuer-den-aussenbereich-gross-leicht","9":"product_cat-geen-categorie-de","11":"first","12":"instock","13":"taxable","14":"shipping-taxable","15":"purchasable","16":"product-type-simple"},"acf":[],"meta_all":{"cor_restricted_countries":[],"total_sales":"0"},"meta_all_flat":{"total_sales":"0"},"yoast_head":"<!-- This site is optimized with the Yoast SEO Premium plugin v26.2 (Yoast SEO v27.2) - https:\/\/yoast.com\/product\/yoast-seo-premium-wordpress\/ -->\n<title>Odin Odin Kugeltopf mit Untertasse sandfarben 47cm - Eliassen.nl<\/title>\n<meta name=\"description\" content=\"Bringen Sie Atmosph\u00e4re in Ihren Garten mit dem robusten Odin Kugeltopf in Sandfarbe (47cm). Hergestellt aus schlagfestem, UV-best\u00e4ndigem Kunststoff. Inklusive Gericht. Niedrigster Preis!\" \/>\n<meta name=\"robots\" content=\"index, follow, max-snippet:-1, max-image-preview:large, max-video-preview:-1\" \/>\n<link rel=\"canonical\" href=\"https:\/\/www.eliassen.nl\/de\/odin-kugeltopf-mit-untertasse-sandfarben-47cm\/\" \/>\n<meta property=\"og:locale\" content=\"de_DE\" \/>\n<meta property=\"og:type\" content=\"article\" \/>\n<meta property=\"og:title\" content=\"Odin Odin Kugeltopf mit Untertasse sandfarben 47cm - Eliassen.nl\" \/>\n<meta property=\"og:description\" content=\"Bringen Sie Atmosph\u00e4re in Ihren Garten mit dem robusten Odin Kugeltopf in Sandfarbe (47cm). Hergestellt aus schlagfestem, UV-best\u00e4ndigem Kunststoff. Inklusive Gericht. Niedrigster Preis!\" \/>\n<meta property=\"og:url\" content=\"https:\/\/www.eliassen.nl\/de\/odin-kugeltopf-mit-untertasse-sandfarben-47cm\/\" \/>\n<meta property=\"og:site_name\" content=\"Eliassen.nl\" \/>\n<meta property=\"article:publisher\" content=\"https:\/\/www.facebook.com\/TuincentrumEliassenAmmerzoden\" \/>\n<meta property=\"article:modified_time\" content=\"2026-04-01T18:07:24+00:00\" \/>\n<meta property=\"og:image\" content=\"https:\/\/www.eliassen.nl\/wp-content\/uploads\/2026\/03\/Odin-bolpot-met-schotel-zandkleur-Eliassen.nl-138339.jpg\" \/>\n\t<meta property=\"og:image:width\" content=\"1920\" \/>\n\t<meta property=\"og:image:height\" content=\"1822\" \/>\n\t<meta property=\"og:image:type\" content=\"image\/jpeg\" \/>\n<meta name=\"twitter:card\" content=\"summary_large_image\" \/>\n<script type=\"application\/ld+json\" class=\"yoast-schema-graph\">{\"@context\":\"https:\/\/schema.org\",\"@graph\":[{\"@type\":\"WebPage\",\"@id\":\"https:\/\/www.eliassen.nl\/de\/odin-kugeltopf-mit-untertasse-sandfarben-47cm\/\",\"url\":\"https:\/\/www.eliassen.nl\/de\/odin-kugeltopf-mit-untertasse-sandfarben-47cm\/\",\"name\":\"Odin Odin Kugeltopf mit Untertasse sandfarben 47cm - Eliassen.nl\",\"isPartOf\":{\"@id\":\"https:\/\/www.eliassen.nl\/de\/#website\"},\"primaryImageOfPage\":{\"@id\":\"https:\/\/www.eliassen.nl\/de\/odin-kugeltopf-mit-untertasse-sandfarben-47cm\/#primaryimage\"},\"image\":{\"@id\":\"https:\/\/www.eliassen.nl\/de\/odin-kugeltopf-mit-untertasse-sandfarben-47cm\/#primaryimage\"},\"thumbnailUrl\":\"https:\/\/www.eliassen.nl\/wp-content\/uploads\/2026\/03\/Odin-bolpot-met-schotel-zandkleur-Eliassen.nl-138339.jpg\",\"datePublished\":\"2026-03-27T10:44:13+00:00\",\"dateModified\":\"2026-04-01T18:07:24+00:00\",\"description\":\"Bringen Sie Atmosph\u00e4re in Ihren Garten mit dem robusten Odin Kugeltopf in Sandfarbe (47cm). Hergestellt aus schlagfestem, UV-best\u00e4ndigem Kunststoff. Inklusive Gericht. Niedrigster Preis!\",\"breadcrumb\":{\"@id\":\"https:\/\/www.eliassen.nl\/de\/odin-kugeltopf-mit-untertasse-sandfarben-47cm\/#breadcrumb\"},\"inLanguage\":\"de\",\"potentialAction\":[{\"@type\":\"ReadAction\",\"target\":[\"https:\/\/www.eliassen.nl\/de\/odin-kugeltopf-mit-untertasse-sandfarben-47cm\/\"]}]},{\"@type\":\"ImageObject\",\"inLanguage\":\"de\",\"@id\":\"https:\/\/www.eliassen.nl\/de\/odin-kugeltopf-mit-untertasse-sandfarben-47cm\/#primaryimage\",\"url\":\"https:\/\/www.eliassen.nl\/wp-content\/uploads\/2026\/03\/Odin-bolpot-met-schotel-zandkleur-Eliassen.nl-138339.jpg\",\"contentUrl\":\"https:\/\/www.eliassen.nl\/wp-content\/uploads\/2026\/03\/Odin-bolpot-met-schotel-zandkleur-Eliassen.nl-138339.jpg\",\"width\":1920,\"height\":1822,\"caption\":\"Odin Globus Krug mit Untertasse sandfarben Eliassen.nl\"},{\"@type\":\"BreadcrumbList\",\"@id\":\"https:\/\/www.eliassen.nl\/de\/odin-kugeltopf-mit-untertasse-sandfarben-47cm\/#breadcrumb\",\"itemListElement\":[{\"@type\":\"ListItem\",\"position\":1,\"name\":\"Home\",\"item\":\"https:\/\/www.eliassen.nl\/de\/\"},{\"@type\":\"ListItem\",\"position\":2,\"name\":\"Shop\",\"item\":\"https:\/\/www.eliassen.nl\/de\/shop\/\"},{\"@type\":\"ListItem\",\"position\":3,\"name\":\"Blument\u00f6pfe und Pflanzgef\u00e4\u00dfe\",\"item\":\"https:\/\/www.eliassen.nl\/de\/blumentoepfe-und-pflanzgefaesse\/\"},{\"@type\":\"ListItem\",\"position\":4,\"name\":\"Pflanzk\u00fcbel f\u00fcr den Au\u00dfenbereich gro\u00df leicht\",\"item\":\"https:\/\/www.eliassen.nl\/de\/blumentoepfe-und-pflanzgefaesse\/pflanzkuebel-fuer-den-aussenbereich-gross-leicht\/\"},{\"@type\":\"ListItem\",\"position\":5,\"name\":\"Odin Kugeltopf mit Untertasse sandfarben 47cm\"}]},{\"@type\":\"WebSite\",\"@id\":\"https:\/\/www.eliassen.nl\/de\/#website\",\"url\":\"https:\/\/www.eliassen.nl\/de\/\",\"name\":\"Eliassen Home & Garden Pleasure\",\"description\":\"\",\"publisher\":{\"@id\":\"https:\/\/www.eliassen.nl\/de\/#organization\"},\"alternateName\":\"Eliassen.nl\",\"potentialAction\":[{\"@type\":\"SearchAction\",\"target\":{\"@type\":\"EntryPoint\",\"urlTemplate\":\"https:\/\/www.eliassen.nl\/de\/?s={search_term_string}\"},\"query-input\":{\"@type\":\"PropertyValueSpecification\",\"valueRequired\":true,\"valueName\":\"search_term_string\"}}],\"inLanguage\":\"de\"},{\"@type\":[\"Organization\",\"Place\"],\"@id\":\"https:\/\/www.eliassen.nl\/de\/#organization\",\"name\":\"Eliassen Home & Garden Pleasure\",\"url\":\"https:\/\/www.eliassen.nl\/de\/\",\"logo\":{\"@id\":\"https:\/\/www.eliassen.nl\/de\/odin-kugeltopf-mit-untertasse-sandfarben-47cm\/#local-main-organization-logo\"},\"image\":{\"@id\":\"https:\/\/www.eliassen.nl\/de\/odin-kugeltopf-mit-untertasse-sandfarben-47cm\/#local-main-organization-logo\"},\"sameAs\":[\"https:\/\/www.facebook.com\/TuincentrumEliassenAmmerzoden\",\"https:\/\/www.instagram.com\/eliassenhomeandgarden\/\",\"https:\/\/nl.pinterest.com\/eliassenhomeandgarden\/\",\"https:\/\/www.youtube.com\/@eliassenhomegardenpleasure4558\"],\"telephone\":[],\"openingHoursSpecification\":[{\"@type\":\"OpeningHoursSpecification\",\"dayOfWeek\":[\"Monday\",\"Tuesday\",\"Wednesday\",\"Thursday\",\"Friday\",\"Saturday\",\"Sunday\"],\"opens\":\"09:00\",\"closes\":\"17:00\"}]},{\"@type\":\"ImageObject\",\"inLanguage\":\"de\",\"@id\":\"https:\/\/www.eliassen.nl\/de\/odin-kugeltopf-mit-untertasse-sandfarben-47cm\/#local-main-organization-logo\",\"url\":\"https:\/\/www.eliassen.nl\/wp-content\/uploads\/2024\/01\/logo_4nd.jpg\",\"contentUrl\":\"https:\/\/www.eliassen.nl\/wp-content\/uploads\/2024\/01\/logo_4nd.jpg\",\"width\":500,\"height\":500,\"caption\":\"Eliassen Home & Garden Pleasure\"}]}<\/script>\n<meta property=\"product:price:amount\" content=\"39.50\" \/>\n<meta property=\"product:price:currency\" content=\"EUR\" \/>\n<meta property=\"og:availability\" content=\"instock\" \/>\n<meta property=\"product:availability\" content=\"instock\" \/>\n<meta property=\"product:retailer_item_id\" content=\"138339\" \/>\n<meta property=\"product:condition\" content=\"new\" \/>\n<!-- \/ Yoast SEO Premium plugin. -->","yoast_head_json":{"title":"Odin Odin Kugeltopf mit Untertasse sandfarben 47cm - Eliassen.nl","description":"Bringen Sie Atmosph\u00e4re in Ihren Garten mit dem robusten Odin Kugeltopf in Sandfarbe (47cm). Hergestellt aus schlagfestem, UV-best\u00e4ndigem Kunststoff. Inklusive Gericht. Niedrigster Preis!","robots":{"index":"index","follow":"follow","max-snippet":"max-snippet:-1","max-image-preview":"max-image-preview:large","max-video-preview":"max-video-preview:-1"},"canonical":"https:\/\/www.eliassen.nl\/de\/odin-kugeltopf-mit-untertasse-sandfarben-47cm\/","og_locale":"de_DE","og_type":"article","og_title":"Odin Odin Kugeltopf mit Untertasse sandfarben 47cm - Eliassen.nl","og_description":"Bringen Sie Atmosph\u00e4re in Ihren Garten mit dem robusten Odin Kugeltopf in Sandfarbe (47cm). Hergestellt aus schlagfestem, UV-best\u00e4ndigem Kunststoff. Inklusive Gericht. Niedrigster Preis!","og_url":"https:\/\/www.eliassen.nl\/de\/odin-kugeltopf-mit-untertasse-sandfarben-47cm\/","og_site_name":"Eliassen.nl","article_publisher":"https:\/\/www.facebook.com\/TuincentrumEliassenAmmerzoden","article_modified_time":"2026-04-01T18:07:24+00:00","og_image":[{"width":1920,"height":1822,"url":"https:\/\/www.eliassen.nl\/wp-content\/uploads\/2026\/03\/Odin-bolpot-met-schotel-zandkleur-Eliassen.nl-138339.jpg","type":"image\/jpeg"}],"twitter_card":"summary_large_image","schema":{"@context":"https:\/\/schema.org","@graph":[{"@type":"WebPage","@id":"https:\/\/www.eliassen.nl\/de\/odin-kugeltopf-mit-untertasse-sandfarben-47cm\/","url":"https:\/\/www.eliassen.nl\/de\/odin-kugeltopf-mit-untertasse-sandfarben-47cm\/","name":"Odin Odin Kugeltopf mit Untertasse sandfarben 47cm - Eliassen.nl","isPartOf":{"@id":"https:\/\/www.eliassen.nl\/de\/#website"},"primaryImageOfPage":{"@id":"https:\/\/www.eliassen.nl\/de\/odin-kugeltopf-mit-untertasse-sandfarben-47cm\/#primaryimage"},"image":{"@id":"https:\/\/www.eliassen.nl\/de\/odin-kugeltopf-mit-untertasse-sandfarben-47cm\/#primaryimage"},"thumbnailUrl":"https:\/\/www.eliassen.nl\/wp-content\/uploads\/2026\/03\/Odin-bolpot-met-schotel-zandkleur-Eliassen.nl-138339.jpg","datePublished":"2026-03-27T10:44:13+00:00","dateModified":"2026-04-01T18:07:24+00:00","description":"Bringen Sie Atmosph\u00e4re in Ihren Garten mit dem robusten Odin Kugeltopf in Sandfarbe (47cm). Hergestellt aus schlagfestem, UV-best\u00e4ndigem Kunststoff. Inklusive Gericht. Niedrigster Preis!","breadcrumb":{"@id":"https:\/\/www.eliassen.nl\/de\/odin-kugeltopf-mit-untertasse-sandfarben-47cm\/#breadcrumb"},"inLanguage":"de","potentialAction":[{"@type":"ReadAction","target":["https:\/\/www.eliassen.nl\/de\/odin-kugeltopf-mit-untertasse-sandfarben-47cm\/"]}]},{"@type":"ImageObject","inLanguage":"de","@id":"https:\/\/www.eliassen.nl\/de\/odin-kugeltopf-mit-untertasse-sandfarben-47cm\/#primaryimage","url":"https:\/\/www.eliassen.nl\/wp-content\/uploads\/2026\/03\/Odin-bolpot-met-schotel-zandkleur-Eliassen.nl-138339.jpg","contentUrl":"https:\/\/www.eliassen.nl\/wp-content\/uploads\/2026\/03\/Odin-bolpot-met-schotel-zandkleur-Eliassen.nl-138339.jpg","width":1920,"height":1822,"caption":"Odin Globus Krug mit Untertasse sandfarben Eliassen.nl"},{"@type":"BreadcrumbList","@id":"https:\/\/www.eliassen.nl\/de\/odin-kugeltopf-mit-untertasse-sandfarben-47cm\/#breadcrumb","itemListElement":[{"@type":"ListItem","position":1,"name":"Home","item":"https:\/\/www.eliassen.nl\/de\/"},{"@type":"ListItem","position":2,"name":"Shop","item":"https:\/\/www.eliassen.nl\/de\/shop\/"},{"@type":"ListItem","position":3,"name":"Blument\u00f6pfe und Pflanzgef\u00e4\u00dfe","item":"https:\/\/www.eliassen.nl\/de\/blumentoepfe-und-pflanzgefaesse\/"},{"@type":"ListItem","position":4,"name":"Pflanzk\u00fcbel f\u00fcr den Au\u00dfenbereich gro\u00df leicht","item":"https:\/\/www.eliassen.nl\/de\/blumentoepfe-und-pflanzgefaesse\/pflanzkuebel-fuer-den-aussenbereich-gross-leicht\/"},{"@type":"ListItem","position":5,"name":"Odin Kugeltopf mit Untertasse sandfarben 47cm"}]},{"@type":"WebSite","@id":"https:\/\/www.eliassen.nl\/de\/#website","url":"https:\/\/www.eliassen.nl\/de\/","name":"Eliassen Home & Garden Pleasure","description":"","publisher":{"@id":"https:\/\/www.eliassen.nl\/de\/#organization"},"alternateName":"Eliassen.nl","potentialAction":[{"@type":"SearchAction","target":{"@type":"EntryPoint","urlTemplate":"https:\/\/www.eliassen.nl\/de\/?s={search_term_string}"},"query-input":{"@type":"PropertyValueSpecification","valueRequired":true,"valueName":"search_term_string"}}],"inLanguage":"de"},{"@type":["Organization","Place"],"@id":"https:\/\/www.eliassen.nl\/de\/#organization","name":"Eliassen Home & Garden Pleasure","url":"https:\/\/www.eliassen.nl\/de\/","logo":{"@id":"https:\/\/www.eliassen.nl\/de\/odin-kugeltopf-mit-untertasse-sandfarben-47cm\/#local-main-organization-logo"},"image":{"@id":"https:\/\/www.eliassen.nl\/de\/odin-kugeltopf-mit-untertasse-sandfarben-47cm\/#local-main-organization-logo"},"sameAs":["https:\/\/www.facebook.com\/TuincentrumEliassenAmmerzoden","https:\/\/www.instagram.com\/eliassenhomeandgarden\/","https:\/\/nl.pinterest.com\/eliassenhomeandgarden\/","https:\/\/www.youtube.com\/@eliassenhomegardenpleasure4558"],"telephone":[],"openingHoursSpecification":[{"@type":"OpeningHoursSpecification","dayOfWeek":["Monday","Tuesday","Wednesday","Thursday","Friday","Saturday","Sunday"],"opens":"09:00","closes":"17:00"}]},{"@type":"ImageObject","inLanguage":"de","@id":"https:\/\/www.eliassen.nl\/de\/odin-kugeltopf-mit-untertasse-sandfarben-47cm\/#local-main-organization-logo","url":"https:\/\/www.eliassen.nl\/wp-content\/uploads\/2024\/01\/logo_4nd.jpg","contentUrl":"https:\/\/www.eliassen.nl\/wp-content\/uploads\/2024\/01\/logo_4nd.jpg","width":500,"height":500,"caption":"Eliassen Home & Garden Pleasure"}]},"product_price_amount":"39.50","product_price_currency":"EUR","og_availability":"instock","product_availability":"instock","product_retailer_item_id":"138339","product_condition":"new"},"df_price":39.5,"df_sale_price":"","df_regular_price":39.5,"df_image_link":"https:\/\/www.eliassen.nl\/wp-content\/uploads\/2026\/03\/Odin-bolpot-met-schotel-zandkleur-Eliassen.nl-138339-300x285.jpg","image":"https:\/\/www.eliassen.nl\/wp-content\/uploads\/2026\/03\/Odin-bolpot-met-schotel-zandkleur-Eliassen.nl-138339-150x150.jpg","price_search":"<span class=\"woocommerce-Price-amount amount\"><bdi><span class=\"woocommerce-Price-currencySymbol\">&euro;<\/span>&nbsp;39,50<\/bdi><\/span>","category":"Blument\u00f6pfe und Pflanzgef\u00e4\u00dfe","global_unique_id":"8714075642608","_links":{"self":[{"href":"https:\/\/www.eliassen.nl\/de\/wp-json\/wp\/v2\/product\/210058","targetHints":{"allow":["GET"]}}],"collection":[{"href":"https:\/\/www.eliassen.nl\/de\/wp-json\/wp\/v2\/product"}],"about":[{"href":"https:\/\/www.eliassen.nl\/de\/wp-json\/wp\/v2\/types\/product"}],"wp:featuredmedia":[{"embeddable":true,"href":"https:\/\/www.eliassen.nl\/de\/wp-json\/wp\/v2\/media\/210004"}],"wp:attachment":[{"href":"https:\/\/www.eliassen.nl\/de\/wp-json\/wp\/v2\/media?parent=210058"}],"wp:term":[{"taxonomy":"product_brand","embeddable":true,"href":"https:\/\/www.eliassen.nl\/de\/wp-json\/wp\/v2\/product_brand?post=210058"},{"taxonomy":"product_cat","embeddable":true,"href":"https:\/\/www.eliassen.nl\/de\/wp-json\/wp\/v2\/product_cat?post=210058"},{"taxonomy":"product_tag","embeddable":true,"href":"https:\/\/www.eliassen.nl\/de\/wp-json\/wp\/v2\/product_tag?post=210058"}],"curies":[{"name":"wp","href":"https:\/\/api.w.org\/{rel}","templated":true}]}}