{"id":209035,"date":"2026-03-20T14:21:48","date_gmt":"2026-03-20T13:21:48","guid":{"rendered":"https:\/\/www.eliassen.nl\/product\/wasserschale-cortenstahl-mit-wasserablauf-120cm\/"},"modified":"2026-04-10T16:54:01","modified_gmt":"2026-04-10T14:54:01","slug":"wasserschale-cortenstahl-mit-wasserablauf-120cm","status":"publish","type":"product","link":"https:\/\/www.eliassen.nl\/de\/wasserschale-cortenstahl-mit-wasserablauf-120cm\/","title":{"rendered":"Wasserschale Cortenstahl mit Wasserablauf 120cm"},"content":{"rendered":"<div style=\"width: 720px;\" class=\"wp-video\"><video class=\"wp-video-shortcode\" id=\"video-209035-1\" width=\"720\" height=\"1280\" preload=\"metadata\" controls=\"controls\"><source type=\"video\/mp4\" src=\"https:\/\/www.eliassen.nl\/wp-content\/uploads\/2026\/02\/Round-plate-working.mp4?_=1\" \/><a href=\"https:\/\/www.eliassen.nl\/wp-content\/uploads\/2026\/02\/Round-plate-working.mp4\">https:\/\/www.eliassen.nl\/wp-content\/uploads\/2026\/02\/Round-plate-working.mp4<\/a><\/video><\/div>\n<p>&nbsp;<\/p>\n<p data-path-to-node=\"1\">Sind Sie auf der Suche nach einem beeindruckenden und beruhigenden Wasserspiel f\u00fcr Ihren Garten? Diese extragro\u00dfe Wasserschale aus Cortenstahl, das so genannte 120cm-Modell mit einer gro\u00dfz\u00fcgigen Gr\u00f6\u00dfe von 120 x 23 Zentimetern, bietet rundherum einen herrlichen Wasserablauf. Was diese Schale so einzigartig macht, ist der spezielle 15 Millimeter hohe Rand, der nach unten zeigt. Dadurch f\u00e4llt das Wasser zu 100 Prozent dicht vom Rand ab und nichts Unerw\u00fcnschtes l\u00e4uft durch den Boden zur\u00fcck. Au\u00dferdem verf\u00fcgt die Sch\u00fcssel \u00fcber eine intelligente Scheibe \u00fcber dem Wassereinlauf. Dadurch wird das Wasser gleichm\u00e4\u00dfig verteilt und verhindert, dass es sich zu sehr wellt, so dass ein sch\u00f6ner, ruhiger und pl\u00e4tschernder Effekt entsteht. Sie k\u00f6nnen diese beeindruckende Wasserschale wundersch\u00f6n \u00fcber einem eleganten Wasserbecken platzieren oder sie ganz nat\u00fcrlich in einen gro\u00dfen Teich integrieren.<\/p>\n<p data-path-to-node=\"2\">Wir sind die Einzigen, die f\u00fcr diese speziellen Schalen ausschlie\u00dflich echten, 3 Millimeter dicken Cortenstahl in absoluter A-Qualit\u00e4t verwenden. Cortenstahl wird wegen seiner sch\u00f6nen, warmen rostbraunen Farbe, die sich perfekt in nat\u00fcrliche oder moderne Umgebungen einf\u00fcgt, h\u00e4ufig in G\u00e4rten verwendet. Dar\u00fcber hinaus ist er extrem langlebig: Die dichte Rostschicht, die sich mit der Zeit bildet, sch\u00fctzt den darunter liegenden Stahl vor weiterer Verwitterung. Sie erhalten daher satte 5 Jahre Garantie auf diesen hochwertigen Wassernapf, damit Sie jahrelang sorglos genie\u00dfen k\u00f6nnen. Besuchen Sie unseren ger\u00e4umigen Laden und Ausstellungsraum in Ammerzoden, um unsere umfangreiche Kollektion von Wasserornamenten mit eigenen Augen zu sehen und die Materialien zu erleben.<\/p>\n","protected":false},"excerpt":{"rendered":"<p>Dieser extragro\u00dfe Wassernapf (Modell 120cm, Gr\u00f6\u00dfe 120&#215;23 cm) ist aus 3 Millimeter dickem Cortenstahl der A-Qualit\u00e4t gefertigt, der f\u00fcr eine warme Rostfarbe und eine extrem lange Lebensdauer sorgt. Dank der einzigartigen 15 Millimeter breiten Anschnittkante flie\u00dft das Wasser rundherum perfekt ab und wird durch eine interne Verteilerscheibe ruhig gehalten, ideal f\u00fcr einen Teich oder \u00fcber einem Wasserbecken. Damit erhalten Sie einen langlebigen, beeindruckenden Blickfang in Ihrem Garten, an dem Sie dank der 5-Jahres-Garantie jahrelang Freude haben werden.<\/p>\n","protected":false},"featured_media":211862,"template":"","meta":{"_acf_changed":false,"_genesis_title":"","_genesis_description":""},"product_brand":[6916],"product_cat":[560,536],"product_tag":[],"class_list":{"0":"post-209035","1":"product","2":"type-product","3":"status-publish","4":"has-post-thumbnail","6":"product_brand-eliassen-de","7":"product_cat-wasserschalen-aus-crea-bloecken-von-creastone","8":"product_cat-wassereigenschaften","10":"first","11":"outofstock","12":"taxable","13":"shipping-taxable","14":"purchasable","15":"product-type-simple"},"acf":[],"meta_all":{"cor_restricted_countries":[],"total_sales":"0"},"meta_all_flat":{"total_sales":"0"},"yoast_head":"<!-- This site is optimized with the Yoast SEO Premium plugin v26.2 (Yoast SEO v27.2) - https:\/\/yoast.com\/product\/yoast-seo-premium-wordpress\/ -->\n<title>Eliassen Wasserschale Cortenstahl mit Wasserablauf 120cm - Eliassen.nl<\/title>\n<meta name=\"description\" content=\"Schaffen Sie Atmosph\u00e4re in Ihrem Garten mit dieser extragro\u00dfen Wasserschale aus Cortenstahl (120 cm) mit Wasserablauf rundum und 15 mm Rand. 3 mm dicker A-Stahl.\" \/>\n<meta name=\"robots\" content=\"index, follow, max-snippet:-1, max-image-preview:large, max-video-preview:-1\" \/>\n<link rel=\"canonical\" href=\"https:\/\/www.eliassen.nl\/de\/wasserschale-cortenstahl-mit-wasserablauf-120cm\/\" \/>\n<meta property=\"og:locale\" content=\"de_DE\" \/>\n<meta property=\"og:type\" content=\"article\" \/>\n<meta property=\"og:title\" content=\"Eliassen Wasserschale Cortenstahl mit Wasserablauf 120cm - Eliassen.nl\" \/>\n<meta property=\"og:description\" content=\"Schaffen Sie Atmosph\u00e4re in Ihrem Garten mit dieser extragro\u00dfen Wasserschale aus Cortenstahl (120 cm) mit Wasserablauf rundum und 15 mm Rand. 3 mm dicker A-Stahl.\" \/>\n<meta property=\"og:url\" content=\"https:\/\/www.eliassen.nl\/de\/wasserschale-cortenstahl-mit-wasserablauf-120cm\/\" \/>\n<meta property=\"og:site_name\" content=\"Eliassen.nl\" \/>\n<meta property=\"article:publisher\" content=\"https:\/\/www.facebook.com\/TuincentrumEliassenAmmerzoden\" \/>\n<meta property=\"article:modified_time\" content=\"2026-04-10T14:54:01+00:00\" \/>\n<meta name=\"twitter:card\" content=\"summary_large_image\" \/>\n<script type=\"application\/ld+json\" class=\"yoast-schema-graph\">{\"@context\":\"https:\/\/schema.org\",\"@graph\":[{\"@type\":\"WebPage\",\"@id\":\"https:\/\/www.eliassen.nl\/de\/wasserschale-cortenstahl-mit-wasserablauf-120cm\/\",\"url\":\"https:\/\/www.eliassen.nl\/de\/wasserschale-cortenstahl-mit-wasserablauf-120cm\/\",\"name\":\"Eliassen Wasserschale Cortenstahl mit Wasserablauf 120cm - Eliassen.nl\",\"isPartOf\":{\"@id\":\"https:\/\/www.eliassen.nl\/de\/#website\"},\"primaryImageOfPage\":{\"@id\":\"https:\/\/www.eliassen.nl\/de\/wasserschale-cortenstahl-mit-wasserablauf-120cm\/#primaryimage\"},\"image\":{\"@id\":\"https:\/\/www.eliassen.nl\/de\/wasserschale-cortenstahl-mit-wasserablauf-120cm\/#primaryimage\"},\"thumbnailUrl\":\"https:\/\/www.eliassen.nl\/wp-content\/uploads\/2026\/03\/Waterschaal-met-waterafloop-100cm-Eliassen.nl_-1-scaled.jpg\",\"datePublished\":\"2026-03-20T13:21:48+00:00\",\"dateModified\":\"2026-04-10T14:54:01+00:00\",\"description\":\"Schaffen Sie Atmosph\u00e4re in Ihrem Garten mit dieser extragro\u00dfen Wasserschale aus Cortenstahl (120 cm) mit Wasserablauf rundum und 15 mm Rand. 3 mm dicker A-Stahl.\",\"breadcrumb\":{\"@id\":\"https:\/\/www.eliassen.nl\/de\/wasserschale-cortenstahl-mit-wasserablauf-120cm\/#breadcrumb\"},\"inLanguage\":\"de\",\"potentialAction\":[{\"@type\":\"ReadAction\",\"target\":[\"https:\/\/www.eliassen.nl\/de\/wasserschale-cortenstahl-mit-wasserablauf-120cm\/\"]}]},{\"@type\":\"ImageObject\",\"inLanguage\":\"de\",\"@id\":\"https:\/\/www.eliassen.nl\/de\/wasserschale-cortenstahl-mit-wasserablauf-120cm\/#primaryimage\",\"url\":\"https:\/\/www.eliassen.nl\/wp-content\/uploads\/2026\/03\/Waterschaal-met-waterafloop-100cm-Eliassen.nl_-1-scaled.jpg\",\"contentUrl\":\"https:\/\/www.eliassen.nl\/wp-content\/uploads\/2026\/03\/Waterschaal-met-waterafloop-100cm-Eliassen.nl_-1-scaled.jpg\",\"width\":2560,\"height\":1509},{\"@type\":\"BreadcrumbList\",\"@id\":\"https:\/\/www.eliassen.nl\/de\/wasserschale-cortenstahl-mit-wasserablauf-120cm\/#breadcrumb\",\"itemListElement\":[{\"@type\":\"ListItem\",\"position\":1,\"name\":\"Home\",\"item\":\"https:\/\/www.eliassen.nl\/de\/\"},{\"@type\":\"ListItem\",\"position\":2,\"name\":\"Shop\",\"item\":\"https:\/\/www.eliassen.nl\/de\/shop\/\"},{\"@type\":\"ListItem\",\"position\":3,\"name\":\"Wasserspiele\",\"item\":\"https:\/\/www.eliassen.nl\/de\/wassereigenschaften\/\"},{\"@type\":\"ListItem\",\"position\":4,\"name\":\"Wasserschalen aus Crea-Bl\u00f6cken von Creastone\",\"item\":\"https:\/\/www.eliassen.nl\/de\/wassereigenschaften\/wasserschalen-aus-crea-bloecken-von-creastone\/\"},{\"@type\":\"ListItem\",\"position\":5,\"name\":\"Wasserschale Cortenstahl mit Wasserablauf 120cm\"}]},{\"@type\":\"WebSite\",\"@id\":\"https:\/\/www.eliassen.nl\/de\/#website\",\"url\":\"https:\/\/www.eliassen.nl\/de\/\",\"name\":\"Eliassen Home & Garden Pleasure\",\"description\":\"\",\"publisher\":{\"@id\":\"https:\/\/www.eliassen.nl\/de\/#organization\"},\"alternateName\":\"Eliassen.nl\",\"potentialAction\":[{\"@type\":\"SearchAction\",\"target\":{\"@type\":\"EntryPoint\",\"urlTemplate\":\"https:\/\/www.eliassen.nl\/de\/?s={search_term_string}\"},\"query-input\":{\"@type\":\"PropertyValueSpecification\",\"valueRequired\":true,\"valueName\":\"search_term_string\"}}],\"inLanguage\":\"de\"},{\"@type\":[\"Organization\",\"Place\"],\"@id\":\"https:\/\/www.eliassen.nl\/de\/#organization\",\"name\":\"Eliassen Home & Garden Pleasure\",\"url\":\"https:\/\/www.eliassen.nl\/de\/\",\"logo\":{\"@id\":\"https:\/\/www.eliassen.nl\/de\/wasserschale-cortenstahl-mit-wasserablauf-120cm\/#local-main-organization-logo\"},\"image\":{\"@id\":\"https:\/\/www.eliassen.nl\/de\/wasserschale-cortenstahl-mit-wasserablauf-120cm\/#local-main-organization-logo\"},\"sameAs\":[\"https:\/\/www.facebook.com\/TuincentrumEliassenAmmerzoden\",\"https:\/\/www.instagram.com\/eliassenhomeandgarden\/\",\"https:\/\/nl.pinterest.com\/eliassenhomeandgarden\/\",\"https:\/\/www.youtube.com\/@eliassenhomegardenpleasure4558\"],\"telephone\":[],\"openingHoursSpecification\":[{\"@type\":\"OpeningHoursSpecification\",\"dayOfWeek\":[\"Monday\",\"Tuesday\",\"Wednesday\",\"Thursday\",\"Friday\",\"Saturday\",\"Sunday\"],\"opens\":\"09:00\",\"closes\":\"17:00\"}]},{\"@type\":\"ImageObject\",\"inLanguage\":\"de\",\"@id\":\"https:\/\/www.eliassen.nl\/de\/wasserschale-cortenstahl-mit-wasserablauf-120cm\/#local-main-organization-logo\",\"url\":\"https:\/\/www.eliassen.nl\/wp-content\/uploads\/2024\/01\/logo_4nd.jpg\",\"contentUrl\":\"https:\/\/www.eliassen.nl\/wp-content\/uploads\/2024\/01\/logo_4nd.jpg\",\"width\":500,\"height\":500,\"caption\":\"Eliassen Home & Garden Pleasure\"}]}<\/script>\n<meta property=\"product:price:amount\" content=\"399.00\" \/>\n<meta property=\"product:price:currency\" content=\"EUR\" \/>\n<meta property=\"og:availability\" content=\"out of stock\" \/>\n<meta property=\"product:availability\" content=\"out of stock\" \/>\n<meta property=\"product:retailer_item_id\" content=\"swa120\" \/>\n<meta property=\"product:condition\" content=\"new\" \/>\n<!-- \/ Yoast SEO Premium plugin. -->","yoast_head_json":{"title":"Eliassen Wasserschale Cortenstahl mit Wasserablauf 120cm - Eliassen.nl","description":"Schaffen Sie Atmosph\u00e4re in Ihrem Garten mit dieser extragro\u00dfen Wasserschale aus Cortenstahl (120 cm) mit Wasserablauf rundum und 15 mm Rand. 3 mm dicker A-Stahl.","robots":{"index":"index","follow":"follow","max-snippet":"max-snippet:-1","max-image-preview":"max-image-preview:large","max-video-preview":"max-video-preview:-1"},"canonical":"https:\/\/www.eliassen.nl\/de\/wasserschale-cortenstahl-mit-wasserablauf-120cm\/","og_locale":"de_DE","og_type":"article","og_title":"Eliassen Wasserschale Cortenstahl mit Wasserablauf 120cm - Eliassen.nl","og_description":"Schaffen Sie Atmosph\u00e4re in Ihrem Garten mit dieser extragro\u00dfen Wasserschale aus Cortenstahl (120 cm) mit Wasserablauf rundum und 15 mm Rand. 3 mm dicker A-Stahl.","og_url":"https:\/\/www.eliassen.nl\/de\/wasserschale-cortenstahl-mit-wasserablauf-120cm\/","og_site_name":"Eliassen.nl","article_publisher":"https:\/\/www.facebook.com\/TuincentrumEliassenAmmerzoden","article_modified_time":"2026-04-10T14:54:01+00:00","twitter_card":"summary_large_image","schema":{"@context":"https:\/\/schema.org","@graph":[{"@type":"WebPage","@id":"https:\/\/www.eliassen.nl\/de\/wasserschale-cortenstahl-mit-wasserablauf-120cm\/","url":"https:\/\/www.eliassen.nl\/de\/wasserschale-cortenstahl-mit-wasserablauf-120cm\/","name":"Eliassen Wasserschale Cortenstahl mit Wasserablauf 120cm - Eliassen.nl","isPartOf":{"@id":"https:\/\/www.eliassen.nl\/de\/#website"},"primaryImageOfPage":{"@id":"https:\/\/www.eliassen.nl\/de\/wasserschale-cortenstahl-mit-wasserablauf-120cm\/#primaryimage"},"image":{"@id":"https:\/\/www.eliassen.nl\/de\/wasserschale-cortenstahl-mit-wasserablauf-120cm\/#primaryimage"},"thumbnailUrl":"https:\/\/www.eliassen.nl\/wp-content\/uploads\/2026\/03\/Waterschaal-met-waterafloop-100cm-Eliassen.nl_-1-scaled.jpg","datePublished":"2026-03-20T13:21:48+00:00","dateModified":"2026-04-10T14:54:01+00:00","description":"Schaffen Sie Atmosph\u00e4re in Ihrem Garten mit dieser extragro\u00dfen Wasserschale aus Cortenstahl (120 cm) mit Wasserablauf rundum und 15 mm Rand. 3 mm dicker A-Stahl.","breadcrumb":{"@id":"https:\/\/www.eliassen.nl\/de\/wasserschale-cortenstahl-mit-wasserablauf-120cm\/#breadcrumb"},"inLanguage":"de","potentialAction":[{"@type":"ReadAction","target":["https:\/\/www.eliassen.nl\/de\/wasserschale-cortenstahl-mit-wasserablauf-120cm\/"]}]},{"@type":"ImageObject","inLanguage":"de","@id":"https:\/\/www.eliassen.nl\/de\/wasserschale-cortenstahl-mit-wasserablauf-120cm\/#primaryimage","url":"https:\/\/www.eliassen.nl\/wp-content\/uploads\/2026\/03\/Waterschaal-met-waterafloop-100cm-Eliassen.nl_-1-scaled.jpg","contentUrl":"https:\/\/www.eliassen.nl\/wp-content\/uploads\/2026\/03\/Waterschaal-met-waterafloop-100cm-Eliassen.nl_-1-scaled.jpg","width":2560,"height":1509},{"@type":"BreadcrumbList","@id":"https:\/\/www.eliassen.nl\/de\/wasserschale-cortenstahl-mit-wasserablauf-120cm\/#breadcrumb","itemListElement":[{"@type":"ListItem","position":1,"name":"Home","item":"https:\/\/www.eliassen.nl\/de\/"},{"@type":"ListItem","position":2,"name":"Shop","item":"https:\/\/www.eliassen.nl\/de\/shop\/"},{"@type":"ListItem","position":3,"name":"Wasserspiele","item":"https:\/\/www.eliassen.nl\/de\/wassereigenschaften\/"},{"@type":"ListItem","position":4,"name":"Wasserschalen aus Crea-Bl\u00f6cken von Creastone","item":"https:\/\/www.eliassen.nl\/de\/wassereigenschaften\/wasserschalen-aus-crea-bloecken-von-creastone\/"},{"@type":"ListItem","position":5,"name":"Wasserschale Cortenstahl mit Wasserablauf 120cm"}]},{"@type":"WebSite","@id":"https:\/\/www.eliassen.nl\/de\/#website","url":"https:\/\/www.eliassen.nl\/de\/","name":"Eliassen Home & Garden Pleasure","description":"","publisher":{"@id":"https:\/\/www.eliassen.nl\/de\/#organization"},"alternateName":"Eliassen.nl","potentialAction":[{"@type":"SearchAction","target":{"@type":"EntryPoint","urlTemplate":"https:\/\/www.eliassen.nl\/de\/?s={search_term_string}"},"query-input":{"@type":"PropertyValueSpecification","valueRequired":true,"valueName":"search_term_string"}}],"inLanguage":"de"},{"@type":["Organization","Place"],"@id":"https:\/\/www.eliassen.nl\/de\/#organization","name":"Eliassen Home & Garden Pleasure","url":"https:\/\/www.eliassen.nl\/de\/","logo":{"@id":"https:\/\/www.eliassen.nl\/de\/wasserschale-cortenstahl-mit-wasserablauf-120cm\/#local-main-organization-logo"},"image":{"@id":"https:\/\/www.eliassen.nl\/de\/wasserschale-cortenstahl-mit-wasserablauf-120cm\/#local-main-organization-logo"},"sameAs":["https:\/\/www.facebook.com\/TuincentrumEliassenAmmerzoden","https:\/\/www.instagram.com\/eliassenhomeandgarden\/","https:\/\/nl.pinterest.com\/eliassenhomeandgarden\/","https:\/\/www.youtube.com\/@eliassenhomegardenpleasure4558"],"telephone":[],"openingHoursSpecification":[{"@type":"OpeningHoursSpecification","dayOfWeek":["Monday","Tuesday","Wednesday","Thursday","Friday","Saturday","Sunday"],"opens":"09:00","closes":"17:00"}]},{"@type":"ImageObject","inLanguage":"de","@id":"https:\/\/www.eliassen.nl\/de\/wasserschale-cortenstahl-mit-wasserablauf-120cm\/#local-main-organization-logo","url":"https:\/\/www.eliassen.nl\/wp-content\/uploads\/2024\/01\/logo_4nd.jpg","contentUrl":"https:\/\/www.eliassen.nl\/wp-content\/uploads\/2024\/01\/logo_4nd.jpg","width":500,"height":500,"caption":"Eliassen Home & Garden Pleasure"}]},"product_price_amount":"399.00","product_price_currency":"EUR","og_availability":"out of stock","product_availability":"out of stock","product_retailer_item_id":"swa120","product_condition":"new"},"df_price":399,"df_sale_price":"","df_regular_price":399,"df_image_link":"https:\/\/www.eliassen.nl\/wp-content\/uploads\/2026\/03\/Waterschaal-met-waterafloop-100cm-Eliassen.nl_-1-300x177.jpg","image":"https:\/\/www.eliassen.nl\/wp-content\/uploads\/2026\/03\/Waterschaal-met-waterafloop-100cm-Eliassen.nl_-1-150x150.jpg","price_search":"<span class=\"woocommerce-Price-amount amount\"><bdi><span class=\"woocommerce-Price-currencySymbol\">&euro;<\/span>&nbsp;399,00<\/bdi><\/span>","category":"Wasserschalen aus Crea-Bl\u00f6cken von Creastone","global_unique_id":"6096520848882","_links":{"self":[{"href":"https:\/\/www.eliassen.nl\/de\/wp-json\/wp\/v2\/product\/209035","targetHints":{"allow":["GET"]}}],"collection":[{"href":"https:\/\/www.eliassen.nl\/de\/wp-json\/wp\/v2\/product"}],"about":[{"href":"https:\/\/www.eliassen.nl\/de\/wp-json\/wp\/v2\/types\/product"}],"wp:featuredmedia":[{"embeddable":true,"href":"https:\/\/www.eliassen.nl\/de\/wp-json\/wp\/v2\/media\/211862"}],"wp:attachment":[{"href":"https:\/\/www.eliassen.nl\/de\/wp-json\/wp\/v2\/media?parent=209035"}],"wp:term":[{"taxonomy":"product_brand","embeddable":true,"href":"https:\/\/www.eliassen.nl\/de\/wp-json\/wp\/v2\/product_brand?post=209035"},{"taxonomy":"product_cat","embeddable":true,"href":"https:\/\/www.eliassen.nl\/de\/wp-json\/wp\/v2\/product_cat?post=209035"},{"taxonomy":"product_tag","embeddable":true,"href":"https:\/\/www.eliassen.nl\/de\/wp-json\/wp\/v2\/product_tag?post=209035"}],"curies":[{"name":"wp","href":"https:\/\/api.w.org\/{rel}","templated":true}]}}