{"id":208994,"date":"2026-03-20T12:14:11","date_gmt":"2026-03-20T11:14:11","guid":{"rendered":"https:\/\/www.eliassen.nl\/product\/wasserschale-cortenstahl-mit-ausguss-60cm\/"},"modified":"2026-04-14T09:28:44","modified_gmt":"2026-04-14T07:28:44","slug":"wasserschale-cortenstahl-mit-ausguss-60cm","status":"publish","type":"product","link":"https:\/\/www.eliassen.nl\/de\/wasserschale-cortenstahl-mit-ausguss-60cm\/","title":{"rendered":"Wasserschale Cortenstahl mit Ausguss 60cm"},"content":{"rendered":"<div style=\"width: 720px;\" class=\"wp-video\"><video class=\"wp-video-shortcode\" id=\"video-208994-1\" width=\"720\" height=\"1280\" preload=\"metadata\" controls=\"controls\"><source type=\"video\/mp4\" src=\"https:\/\/www.eliassen.nl\/wp-content\/uploads\/2026\/02\/Round-plate-working.mp4?_=1\" \/><a href=\"https:\/\/www.eliassen.nl\/wp-content\/uploads\/2026\/02\/Round-plate-working.mp4\">https:\/\/www.eliassen.nl\/wp-content\/uploads\/2026\/02\/Round-plate-working.mp4<\/a><\/video><\/div>\n<p data-path-to-node=\"1\">Sind Sie auf der Suche nach einer stimmungsvollen und nat\u00fcrlichen Erg\u00e4nzung f\u00fcr Ihren Garten? Diese sch\u00f6ne Wasserschale aus Cortenstahl mit einem Durchmesser von 60 cm und einer H\u00f6he von 14 cm bietet die perfekte L\u00f6sung. Die Schale verf\u00fcgt \u00fcber einen funktionalen 10 cm x 6 cm gro\u00dfen Ausguss, der das Wasser beruhigend nach unten flie\u00dfen l\u00e4sst. Das Besondere an dieser Wasserschale ist, dass Sie sie m\u00fchelos mit anderen Schalen kombinieren k\u00f6nnen, m\u00f6glicherweise in verschiedenen Durchmessern. So k\u00f6nnen Sie ganz einfach einen spielerischen, kaskadenartigen Wasserfall in Ihrem eigenen Garten schaffen. Sie k\u00f6nnen nat\u00fcrlich H\u00f6henunterschiede schaffen, indem Sie einen Erdh\u00fcgel aufsch\u00fctten, aber Sie k\u00f6nnen auch unsere perfekt passenden Cortenstahlerh\u00f6hungen verwenden, um ein engeres Ergebnis zu erzielen.<\/p>\n<p data-path-to-node=\"2\">Wir verwenden f\u00fcr diese Schalen ausschlie\u00dflich echten, 3 Millimeter dicken Cortenstahl in absoluter A-Qualit\u00e4t. Cortenstahl ist aufgrund seiner charakteristischen, warmen rostbraunen Farbe und seiner extremen Haltbarkeit sowohl in modernen als auch in klassischen G\u00e4rten unglaublich beliebt. Mit der Zeit \u00fcberzieht sich das Metall mit einer dichten Rostschicht, die den darunter liegenden Stahl vor weiterer Verwitterung sch\u00fctzt. Au\u00dferdem ist diese Sch\u00fcssel praktisch im Gebrauch: Sie verf\u00fcgt \u00fcber praktische St\u00f6psel im Boden, was die Reinigung f\u00fcr Sie sehr viel einfacher macht. Sie erhalten satte 5 Jahre Garantie auf diese hochwertige Wasserschale, so dass Sie Ihren Kauf sorgenfrei genie\u00dfen k\u00f6nnen. Besuchen Sie unseren gro\u00dfen Laden und Ausstellungsraum in Ammerzoden und \u00fcberzeugen Sie sich selbst von unseren Wasserornamenten.<\/p>\n","protected":false},"excerpt":{"rendered":"<p>Diese einzigartige Wasserschale mit einem Durchmesser von 60 Zentimetern ist aus 3 Millimeter dickem, hochwertigem Cortenstahl gefertigt, der in Ihrem Garten eine sch\u00f6ne, warme Rostfarbe erzeugt. Dank des praktischen Ausgusses k\u00f6nnen Sie m\u00fchelos mehrere Schalen zu einem stimmungsvollen Wasserfall kombinieren, w\u00e4hrend die St\u00f6psel im Boden eine einfache und schnelle Wartung gew\u00e4hrleisten. Er ist ein haltbarer und stilvoller Blickfang mit einer langen Lebensdauer, an dem Sie dank der 5-Jahres-Garantie jahrelang Freude haben werden.<\/p>\n","protected":false},"featured_media":211816,"template":"","meta":{"_acf_changed":false,"_genesis_title":"","_genesis_description":""},"product_brand":[6916],"product_cat":[560,536],"product_tag":[],"class_list":{"0":"post-208994","1":"product","2":"type-product","3":"status-publish","4":"has-post-thumbnail","6":"product_brand-eliassen-de","7":"product_cat-wasserschalen-aus-crea-bloecken-von-creastone","8":"product_cat-wassereigenschaften","10":"first","11":"outofstock","12":"taxable","13":"shipping-taxable","14":"purchasable","15":"product-type-simple"},"acf":[],"meta_all":{"cor_restricted_countries":[],"total_sales":"0"},"meta_all_flat":{"total_sales":"0"},"yoast_head":"<!-- This site is optimized with the Yoast SEO Premium plugin v26.2 (Yoast SEO v27.2) - https:\/\/yoast.com\/product\/yoast-seo-premium-wordpress\/ -->\n<title>Eliassen Wasserschale Cortenstahl mit Ausguss 60cm - Eliassen.nl<\/title>\n<meta name=\"description\" content=\"Schaffen Sie einen stimmungsvollen Wasserfall in Ihrem Garten mit dieser Wasserschale (60 cm) aus Cortenstahl mit Ausguss. Hergestellt aus 3 mm dickem A-Stahl.\" \/>\n<meta name=\"robots\" content=\"index, follow, max-snippet:-1, max-image-preview:large, max-video-preview:-1\" \/>\n<link rel=\"canonical\" href=\"https:\/\/www.eliassen.nl\/de\/wasserschale-cortenstahl-mit-ausguss-60cm\/\" \/>\n<meta property=\"og:locale\" content=\"de_DE\" \/>\n<meta property=\"og:type\" content=\"article\" \/>\n<meta property=\"og:title\" content=\"Eliassen Wasserschale Cortenstahl mit Ausguss 60cm - Eliassen.nl\" \/>\n<meta property=\"og:description\" content=\"Schaffen Sie einen stimmungsvollen Wasserfall in Ihrem Garten mit dieser Wasserschale (60 cm) aus Cortenstahl mit Ausguss. Hergestellt aus 3 mm dickem A-Stahl.\" \/>\n<meta property=\"og:url\" content=\"https:\/\/www.eliassen.nl\/de\/wasserschale-cortenstahl-mit-ausguss-60cm\/\" \/>\n<meta property=\"og:site_name\" content=\"Eliassen.nl\" \/>\n<meta property=\"article:publisher\" content=\"https:\/\/www.facebook.com\/TuincentrumEliassenAmmerzoden\" \/>\n<meta property=\"article:modified_time\" content=\"2026-04-14T07:28:44+00:00\" \/>\n<meta property=\"og:image\" content=\"https:\/\/www.eliassen.nl\/wp-content\/uploads\/2026\/03\/Waterschaal-met-uitloop-Eliassen.nl_-scaled.jpg\" \/>\n\t<meta property=\"og:image:width\" content=\"2560\" \/>\n\t<meta property=\"og:image:height\" content=\"1422\" \/>\n\t<meta property=\"og:image:type\" content=\"image\/jpeg\" \/>\n<meta name=\"twitter:card\" content=\"summary_large_image\" \/>\n<script type=\"application\/ld+json\" class=\"yoast-schema-graph\">{\"@context\":\"https:\/\/schema.org\",\"@graph\":[{\"@type\":\"WebPage\",\"@id\":\"https:\/\/www.eliassen.nl\/de\/wasserschale-cortenstahl-mit-ausguss-60cm\/\",\"url\":\"https:\/\/www.eliassen.nl\/de\/wasserschale-cortenstahl-mit-ausguss-60cm\/\",\"name\":\"Eliassen Wasserschale Cortenstahl mit Ausguss 60cm - Eliassen.nl\",\"isPartOf\":{\"@id\":\"https:\/\/www.eliassen.nl\/de\/#website\"},\"primaryImageOfPage\":{\"@id\":\"https:\/\/www.eliassen.nl\/de\/wasserschale-cortenstahl-mit-ausguss-60cm\/#primaryimage\"},\"image\":{\"@id\":\"https:\/\/www.eliassen.nl\/de\/wasserschale-cortenstahl-mit-ausguss-60cm\/#primaryimage\"},\"thumbnailUrl\":\"https:\/\/www.eliassen.nl\/wp-content\/uploads\/2026\/03\/Waterschaal-met-uitloop-Eliassen.nl_-scaled.jpg\",\"datePublished\":\"2026-03-20T11:14:11+00:00\",\"dateModified\":\"2026-04-14T07:28:44+00:00\",\"description\":\"Schaffen Sie einen stimmungsvollen Wasserfall in Ihrem Garten mit dieser Wasserschale (60 cm) aus Cortenstahl mit Ausguss. Hergestellt aus 3 mm dickem A-Stahl.\",\"breadcrumb\":{\"@id\":\"https:\/\/www.eliassen.nl\/de\/wasserschale-cortenstahl-mit-ausguss-60cm\/#breadcrumb\"},\"inLanguage\":\"de\",\"potentialAction\":[{\"@type\":\"ReadAction\",\"target\":[\"https:\/\/www.eliassen.nl\/de\/wasserschale-cortenstahl-mit-ausguss-60cm\/\"]}]},{\"@type\":\"ImageObject\",\"inLanguage\":\"de\",\"@id\":\"https:\/\/www.eliassen.nl\/de\/wasserschale-cortenstahl-mit-ausguss-60cm\/#primaryimage\",\"url\":\"https:\/\/www.eliassen.nl\/wp-content\/uploads\/2026\/03\/Waterschaal-met-uitloop-Eliassen.nl_-scaled.jpg\",\"contentUrl\":\"https:\/\/www.eliassen.nl\/wp-content\/uploads\/2026\/03\/Waterschaal-met-uitloop-Eliassen.nl_-scaled.jpg\",\"width\":2560,\"height\":1422},{\"@type\":\"BreadcrumbList\",\"@id\":\"https:\/\/www.eliassen.nl\/de\/wasserschale-cortenstahl-mit-ausguss-60cm\/#breadcrumb\",\"itemListElement\":[{\"@type\":\"ListItem\",\"position\":1,\"name\":\"Home\",\"item\":\"https:\/\/www.eliassen.nl\/de\/\"},{\"@type\":\"ListItem\",\"position\":2,\"name\":\"Shop\",\"item\":\"https:\/\/www.eliassen.nl\/de\/shop\/\"},{\"@type\":\"ListItem\",\"position\":3,\"name\":\"Wasserspiele\",\"item\":\"https:\/\/www.eliassen.nl\/de\/wassereigenschaften\/\"},{\"@type\":\"ListItem\",\"position\":4,\"name\":\"Wasserschale Cortenstahl mit Ausguss 60cm\"}]},{\"@type\":\"WebSite\",\"@id\":\"https:\/\/www.eliassen.nl\/de\/#website\",\"url\":\"https:\/\/www.eliassen.nl\/de\/\",\"name\":\"Eliassen Home & Garden Pleasure\",\"description\":\"\",\"publisher\":{\"@id\":\"https:\/\/www.eliassen.nl\/de\/#organization\"},\"alternateName\":\"Eliassen.nl\",\"potentialAction\":[{\"@type\":\"SearchAction\",\"target\":{\"@type\":\"EntryPoint\",\"urlTemplate\":\"https:\/\/www.eliassen.nl\/de\/?s={search_term_string}\"},\"query-input\":{\"@type\":\"PropertyValueSpecification\",\"valueRequired\":true,\"valueName\":\"search_term_string\"}}],\"inLanguage\":\"de\"},{\"@type\":[\"Organization\",\"Place\"],\"@id\":\"https:\/\/www.eliassen.nl\/de\/#organization\",\"name\":\"Eliassen Home & Garden Pleasure\",\"url\":\"https:\/\/www.eliassen.nl\/de\/\",\"logo\":{\"@id\":\"https:\/\/www.eliassen.nl\/de\/wasserschale-cortenstahl-mit-ausguss-60cm\/#local-main-organization-logo\"},\"image\":{\"@id\":\"https:\/\/www.eliassen.nl\/de\/wasserschale-cortenstahl-mit-ausguss-60cm\/#local-main-organization-logo\"},\"sameAs\":[\"https:\/\/www.facebook.com\/TuincentrumEliassenAmmerzoden\",\"https:\/\/www.instagram.com\/eliassenhomeandgarden\/\",\"https:\/\/nl.pinterest.com\/eliassenhomeandgarden\/\",\"https:\/\/www.youtube.com\/@eliassenhomegardenpleasure4558\"],\"telephone\":[],\"openingHoursSpecification\":[{\"@type\":\"OpeningHoursSpecification\",\"dayOfWeek\":[\"Monday\",\"Tuesday\",\"Wednesday\",\"Thursday\",\"Friday\",\"Saturday\",\"Sunday\"],\"opens\":\"09:00\",\"closes\":\"17:00\"}]},{\"@type\":\"ImageObject\",\"inLanguage\":\"de\",\"@id\":\"https:\/\/www.eliassen.nl\/de\/wasserschale-cortenstahl-mit-ausguss-60cm\/#local-main-organization-logo\",\"url\":\"https:\/\/www.eliassen.nl\/wp-content\/uploads\/2024\/01\/logo_4nd.jpg\",\"contentUrl\":\"https:\/\/www.eliassen.nl\/wp-content\/uploads\/2024\/01\/logo_4nd.jpg\",\"width\":500,\"height\":500,\"caption\":\"Eliassen Home & Garden Pleasure\"}]}<\/script>\n<meta property=\"product:price:amount\" content=\"190.00\" \/>\n<meta property=\"product:price:currency\" content=\"EUR\" \/>\n<meta property=\"og:availability\" content=\"out of stock\" \/>\n<meta property=\"product:availability\" content=\"out of stock\" \/>\n<meta property=\"product:retailer_item_id\" content=\"swu60\" \/>\n<meta property=\"product:condition\" content=\"new\" \/>\n<!-- \/ Yoast SEO Premium plugin. -->","yoast_head_json":{"title":"Eliassen Wasserschale Cortenstahl mit Ausguss 60cm - Eliassen.nl","description":"Schaffen Sie einen stimmungsvollen Wasserfall in Ihrem Garten mit dieser Wasserschale (60 cm) aus Cortenstahl mit Ausguss. Hergestellt aus 3 mm dickem A-Stahl.","robots":{"index":"index","follow":"follow","max-snippet":"max-snippet:-1","max-image-preview":"max-image-preview:large","max-video-preview":"max-video-preview:-1"},"canonical":"https:\/\/www.eliassen.nl\/de\/wasserschale-cortenstahl-mit-ausguss-60cm\/","og_locale":"de_DE","og_type":"article","og_title":"Eliassen Wasserschale Cortenstahl mit Ausguss 60cm - Eliassen.nl","og_description":"Schaffen Sie einen stimmungsvollen Wasserfall in Ihrem Garten mit dieser Wasserschale (60 cm) aus Cortenstahl mit Ausguss. Hergestellt aus 3 mm dickem A-Stahl.","og_url":"https:\/\/www.eliassen.nl\/de\/wasserschale-cortenstahl-mit-ausguss-60cm\/","og_site_name":"Eliassen.nl","article_publisher":"https:\/\/www.facebook.com\/TuincentrumEliassenAmmerzoden","article_modified_time":"2026-04-14T07:28:44+00:00","og_image":[{"width":2560,"height":1422,"url":"https:\/\/www.eliassen.nl\/wp-content\/uploads\/2026\/03\/Waterschaal-met-uitloop-Eliassen.nl_-scaled.jpg","type":"image\/jpeg"}],"twitter_card":"summary_large_image","schema":{"@context":"https:\/\/schema.org","@graph":[{"@type":"WebPage","@id":"https:\/\/www.eliassen.nl\/de\/wasserschale-cortenstahl-mit-ausguss-60cm\/","url":"https:\/\/www.eliassen.nl\/de\/wasserschale-cortenstahl-mit-ausguss-60cm\/","name":"Eliassen Wasserschale Cortenstahl mit Ausguss 60cm - Eliassen.nl","isPartOf":{"@id":"https:\/\/www.eliassen.nl\/de\/#website"},"primaryImageOfPage":{"@id":"https:\/\/www.eliassen.nl\/de\/wasserschale-cortenstahl-mit-ausguss-60cm\/#primaryimage"},"image":{"@id":"https:\/\/www.eliassen.nl\/de\/wasserschale-cortenstahl-mit-ausguss-60cm\/#primaryimage"},"thumbnailUrl":"https:\/\/www.eliassen.nl\/wp-content\/uploads\/2026\/03\/Waterschaal-met-uitloop-Eliassen.nl_-scaled.jpg","datePublished":"2026-03-20T11:14:11+00:00","dateModified":"2026-04-14T07:28:44+00:00","description":"Schaffen Sie einen stimmungsvollen Wasserfall in Ihrem Garten mit dieser Wasserschale (60 cm) aus Cortenstahl mit Ausguss. Hergestellt aus 3 mm dickem A-Stahl.","breadcrumb":{"@id":"https:\/\/www.eliassen.nl\/de\/wasserschale-cortenstahl-mit-ausguss-60cm\/#breadcrumb"},"inLanguage":"de","potentialAction":[{"@type":"ReadAction","target":["https:\/\/www.eliassen.nl\/de\/wasserschale-cortenstahl-mit-ausguss-60cm\/"]}]},{"@type":"ImageObject","inLanguage":"de","@id":"https:\/\/www.eliassen.nl\/de\/wasserschale-cortenstahl-mit-ausguss-60cm\/#primaryimage","url":"https:\/\/www.eliassen.nl\/wp-content\/uploads\/2026\/03\/Waterschaal-met-uitloop-Eliassen.nl_-scaled.jpg","contentUrl":"https:\/\/www.eliassen.nl\/wp-content\/uploads\/2026\/03\/Waterschaal-met-uitloop-Eliassen.nl_-scaled.jpg","width":2560,"height":1422},{"@type":"BreadcrumbList","@id":"https:\/\/www.eliassen.nl\/de\/wasserschale-cortenstahl-mit-ausguss-60cm\/#breadcrumb","itemListElement":[{"@type":"ListItem","position":1,"name":"Home","item":"https:\/\/www.eliassen.nl\/de\/"},{"@type":"ListItem","position":2,"name":"Shop","item":"https:\/\/www.eliassen.nl\/de\/shop\/"},{"@type":"ListItem","position":3,"name":"Wasserspiele","item":"https:\/\/www.eliassen.nl\/de\/wassereigenschaften\/"},{"@type":"ListItem","position":4,"name":"Wasserschale Cortenstahl mit Ausguss 60cm"}]},{"@type":"WebSite","@id":"https:\/\/www.eliassen.nl\/de\/#website","url":"https:\/\/www.eliassen.nl\/de\/","name":"Eliassen Home & Garden Pleasure","description":"","publisher":{"@id":"https:\/\/www.eliassen.nl\/de\/#organization"},"alternateName":"Eliassen.nl","potentialAction":[{"@type":"SearchAction","target":{"@type":"EntryPoint","urlTemplate":"https:\/\/www.eliassen.nl\/de\/?s={search_term_string}"},"query-input":{"@type":"PropertyValueSpecification","valueRequired":true,"valueName":"search_term_string"}}],"inLanguage":"de"},{"@type":["Organization","Place"],"@id":"https:\/\/www.eliassen.nl\/de\/#organization","name":"Eliassen Home & Garden Pleasure","url":"https:\/\/www.eliassen.nl\/de\/","logo":{"@id":"https:\/\/www.eliassen.nl\/de\/wasserschale-cortenstahl-mit-ausguss-60cm\/#local-main-organization-logo"},"image":{"@id":"https:\/\/www.eliassen.nl\/de\/wasserschale-cortenstahl-mit-ausguss-60cm\/#local-main-organization-logo"},"sameAs":["https:\/\/www.facebook.com\/TuincentrumEliassenAmmerzoden","https:\/\/www.instagram.com\/eliassenhomeandgarden\/","https:\/\/nl.pinterest.com\/eliassenhomeandgarden\/","https:\/\/www.youtube.com\/@eliassenhomegardenpleasure4558"],"telephone":[],"openingHoursSpecification":[{"@type":"OpeningHoursSpecification","dayOfWeek":["Monday","Tuesday","Wednesday","Thursday","Friday","Saturday","Sunday"],"opens":"09:00","closes":"17:00"}]},{"@type":"ImageObject","inLanguage":"de","@id":"https:\/\/www.eliassen.nl\/de\/wasserschale-cortenstahl-mit-ausguss-60cm\/#local-main-organization-logo","url":"https:\/\/www.eliassen.nl\/wp-content\/uploads\/2024\/01\/logo_4nd.jpg","contentUrl":"https:\/\/www.eliassen.nl\/wp-content\/uploads\/2024\/01\/logo_4nd.jpg","width":500,"height":500,"caption":"Eliassen Home & Garden Pleasure"}]},"product_price_amount":"190.00","product_price_currency":"EUR","og_availability":"out of stock","product_availability":"out of stock","product_retailer_item_id":"swu60","product_condition":"new"},"df_price":190,"df_sale_price":"","df_regular_price":190,"df_image_link":"https:\/\/www.eliassen.nl\/wp-content\/uploads\/2026\/03\/Waterschaal-met-uitloop-Eliassen.nl_-300x167.jpg","image":"https:\/\/www.eliassen.nl\/wp-content\/uploads\/2026\/03\/Waterschaal-met-uitloop-Eliassen.nl_-150x150.jpg","price_search":"<span class=\"woocommerce-Price-amount amount\"><bdi><span class=\"woocommerce-Price-currencySymbol\">&euro;<\/span>&nbsp;190,00<\/bdi><\/span>","category":"Wasserschalen aus Crea-Bl\u00f6cken von Creastone","global_unique_id":"6096536229248","_links":{"self":[{"href":"https:\/\/www.eliassen.nl\/de\/wp-json\/wp\/v2\/product\/208994","targetHints":{"allow":["GET"]}}],"collection":[{"href":"https:\/\/www.eliassen.nl\/de\/wp-json\/wp\/v2\/product"}],"about":[{"href":"https:\/\/www.eliassen.nl\/de\/wp-json\/wp\/v2\/types\/product"}],"wp:featuredmedia":[{"embeddable":true,"href":"https:\/\/www.eliassen.nl\/de\/wp-json\/wp\/v2\/media\/211816"}],"wp:attachment":[{"href":"https:\/\/www.eliassen.nl\/de\/wp-json\/wp\/v2\/media?parent=208994"}],"wp:term":[{"taxonomy":"product_brand","embeddable":true,"href":"https:\/\/www.eliassen.nl\/de\/wp-json\/wp\/v2\/product_brand?post=208994"},{"taxonomy":"product_cat","embeddable":true,"href":"https:\/\/www.eliassen.nl\/de\/wp-json\/wp\/v2\/product_cat?post=208994"},{"taxonomy":"product_tag","embeddable":true,"href":"https:\/\/www.eliassen.nl\/de\/wp-json\/wp\/v2\/product_tag?post=208994"}],"curies":[{"name":"wp","href":"https:\/\/api.w.org\/{rel}","templated":true}]}}