{"id":208894,"date":"2026-03-18T14:20:39","date_gmt":"2026-03-18T13:20:39","guid":{"rendered":"https:\/\/www.eliassen.nl\/product\/bronzestatue-auf-felsbrocken-schmetterling-morpho-blau-11cm\/"},"modified":"2026-03-18T14:20:39","modified_gmt":"2026-03-18T13:20:39","slug":"bronzestatue-auf-felsbrocken-schmetterling-morpho-blau-11cm","status":"publish","type":"product","link":"https:\/\/www.eliassen.nl\/de\/bronzestatue-auf-felsbrocken-schmetterling-morpho-blau-11cm\/","title":{"rendered":"Bronzestatue auf Felsbrocken Schmetterling Morpho blau 11cm"},"content":{"rendered":"<p>Sie sind ein Naturliebhaber und suchen nach einer farbenfrohen, dauerhaften Dekoration f\u00fcr Ihr Haus oder Ihren Garten? Diese sch\u00f6ne, naturgetreue Bronzestatue eines blauen Morpho-Schmetterlings ist ein echter Blickfang. Der zarte Schmetterling ist fachm\u00e4nnisch in den auff\u00e4lligen, leuchtend blauen Farben des Morpho gemalt, mit sch\u00f6nen Details wie den zarten schwarzen Linien und Fl\u00fcgelr\u00e4ndern. Der Schmetterling ruht anmutig auf einem robusten, leichten Felsbrocken. Da jeder Stein eine einzigartige nat\u00fcrliche Form hat, gleicht keine Figur der anderen und Sie werden immer ein exklusives Exemplar in H\u00e4nden halten. Mit einer bescheidenen Gr\u00f6\u00dfe von 11 Zentimetern finden Sie immer ein sch\u00f6nes Pl\u00e4tzchen f\u00fcr ihn, zum Beispiel auf einem Terrassentisch, zwischen Pflanzen oder einfach gem\u00fctlich drinnen auf dem Schrank. Bronze ist ein schweres und langlebiges Material, an dem Sie jahrelang Freude haben werden. M\u00f6chten Sie dieses kunstvolle Kunstwerk oder unsere anderen bronzenen Tierfiguren einmal in natura sehen? In unserem ger\u00e4umigen Showroom in Ammerzoden sind Sie jederzeit willkommen, um sich inspirieren zu lassen.<\/p>\n","protected":false},"excerpt":{"rendered":"<p>Erwecken Sie Ihren Garten oder Ihr Interieur mit dieser atemberaubenden, fachm\u00e4nnisch bemalten Bronzefigur eines blauen Morpho-Schmetterlings zum Leben. Der zierliche, 11 Zentimeter gro\u00dfe Schmetterling ist auf einem leichten Felsblock mit einer einzigartigen Form montiert, die jedes Exemplar wirklich exklusiv macht. Ein langlebiges und anmutiges Kunstwerk aus hochwertiger Bronze, das in jeder Umgebung sofort die Aufmerksamkeit auf sich zieht.<\/p>\n","protected":false},"featured_media":208825,"template":"","meta":{"_acf_changed":false,"_genesis_title":"","_genesis_description":""},"product_brand":[7505],"product_cat":[613,833,635],"product_tag":[],"class_list":{"0":"post-208894","1":"product","2":"type-product","3":"status-publish","4":"has-post-thumbnail","6":"product_brand-sonstige","7":"product_cat-bronzestatuen","8":"product_cat-bronzetiere-auf-stein","9":"product_cat-tierstatuen-aus-bronze","11":"first","12":"instock","13":"taxable","14":"shipping-taxable","15":"purchasable","16":"product-type-simple"},"acf":[],"meta_all":{"cor_restricted_countries":[],"total_sales":"1"},"meta_all_flat":{"total_sales":"1"},"yoast_head":"<!-- This site is optimized with the Yoast SEO Premium plugin v26.2 (Yoast SEO v27.2) - https:\/\/yoast.com\/product\/yoast-seo-premium-wordpress\/ -->\n<title>Sonstige Bronzestatue auf Felsbrocken Schmetterling Morpho blau 11cm - Eliassen.nl<\/title>\n<meta name=\"description\" content=\"Bestellen Sie diese kunstvoll bemalte Bronzeskulptur eines blauen Morpho-Schmetterlings (11 cm) auf einem einzigartigen Felsbrocken von Eliassen. Sch\u00f6n f\u00fcr Haus und Garten!\" \/>\n<meta name=\"robots\" content=\"index, follow, max-snippet:-1, max-image-preview:large, max-video-preview:-1\" \/>\n<link rel=\"canonical\" href=\"https:\/\/www.eliassen.nl\/de\/bronzestatue-auf-felsbrocken-schmetterling-morpho-blau-11cm\/\" \/>\n<meta property=\"og:locale\" content=\"de_DE\" \/>\n<meta property=\"og:type\" content=\"article\" \/>\n<meta property=\"og:title\" content=\"Sonstige Bronzestatue auf Felsbrocken Schmetterling Morpho blau 11cm - Eliassen.nl\" \/>\n<meta property=\"og:description\" content=\"Bestellen Sie diese kunstvoll bemalte Bronzeskulptur eines blauen Morpho-Schmetterlings (11 cm) auf einem einzigartigen Felsbrocken von Eliassen. Sch\u00f6n f\u00fcr Haus und Garten!\" \/>\n<meta property=\"og:url\" content=\"https:\/\/www.eliassen.nl\/de\/bronzestatue-auf-felsbrocken-schmetterling-morpho-blau-11cm\/\" \/>\n<meta property=\"og:site_name\" content=\"Eliassen.nl\" \/>\n<meta property=\"article:publisher\" content=\"https:\/\/www.facebook.com\/TuincentrumEliassenAmmerzoden\" \/>\n<meta property=\"og:image\" content=\"https:\/\/www.eliassen.nl\/wp-content\/uploads\/2026\/03\/BS1545C-Morpho-Bronze-1.png\" \/>\n\t<meta property=\"og:image:width\" content=\"1024\" \/>\n\t<meta property=\"og:image:height\" content=\"1536\" \/>\n\t<meta property=\"og:image:type\" content=\"image\/png\" \/>\n<meta name=\"twitter:card\" content=\"summary_large_image\" \/>\n<script type=\"application\/ld+json\" class=\"yoast-schema-graph\">{\"@context\":\"https:\/\/schema.org\",\"@graph\":[{\"@type\":\"WebPage\",\"@id\":\"https:\/\/www.eliassen.nl\/de\/bronzestatue-auf-felsbrocken-schmetterling-morpho-blau-11cm\/\",\"url\":\"https:\/\/www.eliassen.nl\/de\/bronzestatue-auf-felsbrocken-schmetterling-morpho-blau-11cm\/\",\"name\":\"Sonstige Bronzestatue auf Felsbrocken Schmetterling Morpho blau 11cm - Eliassen.nl\",\"isPartOf\":{\"@id\":\"https:\/\/www.eliassen.nl\/de\/#website\"},\"primaryImageOfPage\":{\"@id\":\"https:\/\/www.eliassen.nl\/de\/bronzestatue-auf-felsbrocken-schmetterling-morpho-blau-11cm\/#primaryimage\"},\"image\":{\"@id\":\"https:\/\/www.eliassen.nl\/de\/bronzestatue-auf-felsbrocken-schmetterling-morpho-blau-11cm\/#primaryimage\"},\"thumbnailUrl\":\"https:\/\/www.eliassen.nl\/wp-content\/uploads\/2026\/03\/BS1545C-Morpho-Bronze-1.png\",\"datePublished\":\"2026-03-18T13:20:39+00:00\",\"description\":\"Bestellen Sie diese kunstvoll bemalte Bronzeskulptur eines blauen Morpho-Schmetterlings (11 cm) auf einem einzigartigen Felsbrocken von Eliassen. Sch\u00f6n f\u00fcr Haus und Garten!\",\"breadcrumb\":{\"@id\":\"https:\/\/www.eliassen.nl\/de\/bronzestatue-auf-felsbrocken-schmetterling-morpho-blau-11cm\/#breadcrumb\"},\"inLanguage\":\"de\",\"potentialAction\":[{\"@type\":\"ReadAction\",\"target\":[\"https:\/\/www.eliassen.nl\/de\/bronzestatue-auf-felsbrocken-schmetterling-morpho-blau-11cm\/\"]}]},{\"@type\":\"ImageObject\",\"inLanguage\":\"de\",\"@id\":\"https:\/\/www.eliassen.nl\/de\/bronzestatue-auf-felsbrocken-schmetterling-morpho-blau-11cm\/#primaryimage\",\"url\":\"https:\/\/www.eliassen.nl\/wp-content\/uploads\/2026\/03\/BS1545C-Morpho-Bronze-1.png\",\"contentUrl\":\"https:\/\/www.eliassen.nl\/wp-content\/uploads\/2026\/03\/BS1545C-Morpho-Bronze-1.png\",\"width\":1024,\"height\":1536,\"caption\":\"Bronzestatue auf Felsbrocken Schmetterling Morpho blau 11cm\"},{\"@type\":\"BreadcrumbList\",\"@id\":\"https:\/\/www.eliassen.nl\/de\/bronzestatue-auf-felsbrocken-schmetterling-morpho-blau-11cm\/#breadcrumb\",\"itemListElement\":[{\"@type\":\"ListItem\",\"position\":1,\"name\":\"Home\",\"item\":\"https:\/\/www.eliassen.nl\/de\/\"},{\"@type\":\"ListItem\",\"position\":2,\"name\":\"Shop\",\"item\":\"https:\/\/www.eliassen.nl\/de\/shop\/\"},{\"@type\":\"ListItem\",\"position\":3,\"name\":\"Bronzestatuen\",\"item\":\"https:\/\/www.eliassen.nl\/de\/bronzestatuen\/\"},{\"@type\":\"ListItem\",\"position\":4,\"name\":\"Bronzestatue auf Felsbrocken Schmetterling Morpho blau 11cm\"}]},{\"@type\":\"WebSite\",\"@id\":\"https:\/\/www.eliassen.nl\/de\/#website\",\"url\":\"https:\/\/www.eliassen.nl\/de\/\",\"name\":\"Eliassen Home & Garden Pleasure\",\"description\":\"\",\"publisher\":{\"@id\":\"https:\/\/www.eliassen.nl\/de\/#organization\"},\"alternateName\":\"Eliassen.nl\",\"potentialAction\":[{\"@type\":\"SearchAction\",\"target\":{\"@type\":\"EntryPoint\",\"urlTemplate\":\"https:\/\/www.eliassen.nl\/de\/?s={search_term_string}\"},\"query-input\":{\"@type\":\"PropertyValueSpecification\",\"valueRequired\":true,\"valueName\":\"search_term_string\"}}],\"inLanguage\":\"de\"},{\"@type\":[\"Organization\",\"Place\"],\"@id\":\"https:\/\/www.eliassen.nl\/de\/#organization\",\"name\":\"Eliassen Home & Garden Pleasure\",\"url\":\"https:\/\/www.eliassen.nl\/de\/\",\"logo\":{\"@id\":\"https:\/\/www.eliassen.nl\/de\/bronzestatue-auf-felsbrocken-schmetterling-morpho-blau-11cm\/#local-main-organization-logo\"},\"image\":{\"@id\":\"https:\/\/www.eliassen.nl\/de\/bronzestatue-auf-felsbrocken-schmetterling-morpho-blau-11cm\/#local-main-organization-logo\"},\"sameAs\":[\"https:\/\/www.facebook.com\/TuincentrumEliassenAmmerzoden\",\"https:\/\/www.instagram.com\/eliassenhomeandgarden\/\",\"https:\/\/nl.pinterest.com\/eliassenhomeandgarden\/\",\"https:\/\/www.youtube.com\/@eliassenhomegardenpleasure4558\"],\"telephone\":[],\"openingHoursSpecification\":[{\"@type\":\"OpeningHoursSpecification\",\"dayOfWeek\":[\"Monday\",\"Tuesday\",\"Wednesday\",\"Thursday\",\"Friday\",\"Saturday\",\"Sunday\"],\"opens\":\"09:00\",\"closes\":\"17:00\"}]},{\"@type\":\"ImageObject\",\"inLanguage\":\"de\",\"@id\":\"https:\/\/www.eliassen.nl\/de\/bronzestatue-auf-felsbrocken-schmetterling-morpho-blau-11cm\/#local-main-organization-logo\",\"url\":\"https:\/\/www.eliassen.nl\/wp-content\/uploads\/2024\/01\/logo_4nd.jpg\",\"contentUrl\":\"https:\/\/www.eliassen.nl\/wp-content\/uploads\/2024\/01\/logo_4nd.jpg\",\"width\":500,\"height\":500,\"caption\":\"Eliassen Home & Garden Pleasure\"}]}<\/script>\n<meta property=\"product:price:amount\" content=\"59.50\" \/>\n<meta property=\"product:price:currency\" content=\"EUR\" \/>\n<meta property=\"og:availability\" content=\"instock\" \/>\n<meta property=\"product:availability\" content=\"instock\" \/>\n<meta property=\"product:retailer_item_id\" content=\"BS1545C\" \/>\n<meta property=\"product:condition\" content=\"new\" \/>\n<!-- \/ Yoast SEO Premium plugin. -->","yoast_head_json":{"title":"Sonstige Bronzestatue auf Felsbrocken Schmetterling Morpho blau 11cm - Eliassen.nl","description":"Bestellen Sie diese kunstvoll bemalte Bronzeskulptur eines blauen Morpho-Schmetterlings (11 cm) auf einem einzigartigen Felsbrocken von Eliassen. Sch\u00f6n f\u00fcr Haus und Garten!","robots":{"index":"index","follow":"follow","max-snippet":"max-snippet:-1","max-image-preview":"max-image-preview:large","max-video-preview":"max-video-preview:-1"},"canonical":"https:\/\/www.eliassen.nl\/de\/bronzestatue-auf-felsbrocken-schmetterling-morpho-blau-11cm\/","og_locale":"de_DE","og_type":"article","og_title":"Sonstige Bronzestatue auf Felsbrocken Schmetterling Morpho blau 11cm - Eliassen.nl","og_description":"Bestellen Sie diese kunstvoll bemalte Bronzeskulptur eines blauen Morpho-Schmetterlings (11 cm) auf einem einzigartigen Felsbrocken von Eliassen. Sch\u00f6n f\u00fcr Haus und Garten!","og_url":"https:\/\/www.eliassen.nl\/de\/bronzestatue-auf-felsbrocken-schmetterling-morpho-blau-11cm\/","og_site_name":"Eliassen.nl","article_publisher":"https:\/\/www.facebook.com\/TuincentrumEliassenAmmerzoden","og_image":[{"width":1024,"height":1536,"url":"https:\/\/www.eliassen.nl\/wp-content\/uploads\/2026\/03\/BS1545C-Morpho-Bronze-1.png","type":"image\/png"}],"twitter_card":"summary_large_image","schema":{"@context":"https:\/\/schema.org","@graph":[{"@type":"WebPage","@id":"https:\/\/www.eliassen.nl\/de\/bronzestatue-auf-felsbrocken-schmetterling-morpho-blau-11cm\/","url":"https:\/\/www.eliassen.nl\/de\/bronzestatue-auf-felsbrocken-schmetterling-morpho-blau-11cm\/","name":"Sonstige Bronzestatue auf Felsbrocken Schmetterling Morpho blau 11cm - Eliassen.nl","isPartOf":{"@id":"https:\/\/www.eliassen.nl\/de\/#website"},"primaryImageOfPage":{"@id":"https:\/\/www.eliassen.nl\/de\/bronzestatue-auf-felsbrocken-schmetterling-morpho-blau-11cm\/#primaryimage"},"image":{"@id":"https:\/\/www.eliassen.nl\/de\/bronzestatue-auf-felsbrocken-schmetterling-morpho-blau-11cm\/#primaryimage"},"thumbnailUrl":"https:\/\/www.eliassen.nl\/wp-content\/uploads\/2026\/03\/BS1545C-Morpho-Bronze-1.png","datePublished":"2026-03-18T13:20:39+00:00","description":"Bestellen Sie diese kunstvoll bemalte Bronzeskulptur eines blauen Morpho-Schmetterlings (11 cm) auf einem einzigartigen Felsbrocken von Eliassen. Sch\u00f6n f\u00fcr Haus und Garten!","breadcrumb":{"@id":"https:\/\/www.eliassen.nl\/de\/bronzestatue-auf-felsbrocken-schmetterling-morpho-blau-11cm\/#breadcrumb"},"inLanguage":"de","potentialAction":[{"@type":"ReadAction","target":["https:\/\/www.eliassen.nl\/de\/bronzestatue-auf-felsbrocken-schmetterling-morpho-blau-11cm\/"]}]},{"@type":"ImageObject","inLanguage":"de","@id":"https:\/\/www.eliassen.nl\/de\/bronzestatue-auf-felsbrocken-schmetterling-morpho-blau-11cm\/#primaryimage","url":"https:\/\/www.eliassen.nl\/wp-content\/uploads\/2026\/03\/BS1545C-Morpho-Bronze-1.png","contentUrl":"https:\/\/www.eliassen.nl\/wp-content\/uploads\/2026\/03\/BS1545C-Morpho-Bronze-1.png","width":1024,"height":1536,"caption":"Bronzestatue auf Felsbrocken Schmetterling Morpho blau 11cm"},{"@type":"BreadcrumbList","@id":"https:\/\/www.eliassen.nl\/de\/bronzestatue-auf-felsbrocken-schmetterling-morpho-blau-11cm\/#breadcrumb","itemListElement":[{"@type":"ListItem","position":1,"name":"Home","item":"https:\/\/www.eliassen.nl\/de\/"},{"@type":"ListItem","position":2,"name":"Shop","item":"https:\/\/www.eliassen.nl\/de\/shop\/"},{"@type":"ListItem","position":3,"name":"Bronzestatuen","item":"https:\/\/www.eliassen.nl\/de\/bronzestatuen\/"},{"@type":"ListItem","position":4,"name":"Bronzestatue auf Felsbrocken Schmetterling Morpho blau 11cm"}]},{"@type":"WebSite","@id":"https:\/\/www.eliassen.nl\/de\/#website","url":"https:\/\/www.eliassen.nl\/de\/","name":"Eliassen Home & Garden Pleasure","description":"","publisher":{"@id":"https:\/\/www.eliassen.nl\/de\/#organization"},"alternateName":"Eliassen.nl","potentialAction":[{"@type":"SearchAction","target":{"@type":"EntryPoint","urlTemplate":"https:\/\/www.eliassen.nl\/de\/?s={search_term_string}"},"query-input":{"@type":"PropertyValueSpecification","valueRequired":true,"valueName":"search_term_string"}}],"inLanguage":"de"},{"@type":["Organization","Place"],"@id":"https:\/\/www.eliassen.nl\/de\/#organization","name":"Eliassen Home & Garden Pleasure","url":"https:\/\/www.eliassen.nl\/de\/","logo":{"@id":"https:\/\/www.eliassen.nl\/de\/bronzestatue-auf-felsbrocken-schmetterling-morpho-blau-11cm\/#local-main-organization-logo"},"image":{"@id":"https:\/\/www.eliassen.nl\/de\/bronzestatue-auf-felsbrocken-schmetterling-morpho-blau-11cm\/#local-main-organization-logo"},"sameAs":["https:\/\/www.facebook.com\/TuincentrumEliassenAmmerzoden","https:\/\/www.instagram.com\/eliassenhomeandgarden\/","https:\/\/nl.pinterest.com\/eliassenhomeandgarden\/","https:\/\/www.youtube.com\/@eliassenhomegardenpleasure4558"],"telephone":[],"openingHoursSpecification":[{"@type":"OpeningHoursSpecification","dayOfWeek":["Monday","Tuesday","Wednesday","Thursday","Friday","Saturday","Sunday"],"opens":"09:00","closes":"17:00"}]},{"@type":"ImageObject","inLanguage":"de","@id":"https:\/\/www.eliassen.nl\/de\/bronzestatue-auf-felsbrocken-schmetterling-morpho-blau-11cm\/#local-main-organization-logo","url":"https:\/\/www.eliassen.nl\/wp-content\/uploads\/2024\/01\/logo_4nd.jpg","contentUrl":"https:\/\/www.eliassen.nl\/wp-content\/uploads\/2024\/01\/logo_4nd.jpg","width":500,"height":500,"caption":"Eliassen Home & Garden Pleasure"}]},"product_price_amount":"59.50","product_price_currency":"EUR","og_availability":"instock","product_availability":"instock","product_retailer_item_id":"BS1545C","product_condition":"new"},"df_price":59.5,"df_sale_price":"","df_regular_price":59.5,"df_image_link":"https:\/\/www.eliassen.nl\/wp-content\/uploads\/2026\/03\/BS1545C-Morpho-Bronze-1-200x300.png","image":"https:\/\/www.eliassen.nl\/wp-content\/uploads\/2026\/03\/BS1545C-Morpho-Bronze-1-150x150.png","price_search":"<span class=\"woocommerce-Price-amount amount\"><bdi><span class=\"woocommerce-Price-currencySymbol\">&euro;<\/span>&nbsp;59,50<\/bdi><\/span>","category":"Bronzestatuen","global_unique_id":"5410807015452","_links":{"self":[{"href":"https:\/\/www.eliassen.nl\/de\/wp-json\/wp\/v2\/product\/208894","targetHints":{"allow":["GET"]}}],"collection":[{"href":"https:\/\/www.eliassen.nl\/de\/wp-json\/wp\/v2\/product"}],"about":[{"href":"https:\/\/www.eliassen.nl\/de\/wp-json\/wp\/v2\/types\/product"}],"wp:featuredmedia":[{"embeddable":true,"href":"https:\/\/www.eliassen.nl\/de\/wp-json\/wp\/v2\/media\/208825"}],"wp:attachment":[{"href":"https:\/\/www.eliassen.nl\/de\/wp-json\/wp\/v2\/media?parent=208894"}],"wp:term":[{"taxonomy":"product_brand","embeddable":true,"href":"https:\/\/www.eliassen.nl\/de\/wp-json\/wp\/v2\/product_brand?post=208894"},{"taxonomy":"product_cat","embeddable":true,"href":"https:\/\/www.eliassen.nl\/de\/wp-json\/wp\/v2\/product_cat?post=208894"},{"taxonomy":"product_tag","embeddable":true,"href":"https:\/\/www.eliassen.nl\/de\/wp-json\/wp\/v2\/product_tag?post=208894"}],"curies":[{"name":"wp","href":"https:\/\/api.w.org\/{rel}","templated":true}]}}