{"id":208889,"date":"2026-03-18T14:14:43","date_gmt":"2026-03-18T13:14:43","guid":{"rendered":"https:\/\/www.eliassen.nl\/product\/bronzestatue-auf-felsbrocken-robin-12cm\/"},"modified":"2026-03-18T14:14:43","modified_gmt":"2026-03-18T13:14:43","slug":"bronzestatue-auf-felsbrocken-robin-12cm","status":"publish","type":"product","link":"https:\/\/www.eliassen.nl\/de\/bronzestatue-auf-felsbrocken-robin-12cm\/","title":{"rendered":"Bronzestatue auf Felsbrocken Robin 12cm"},"content":{"rendered":"<p>Sie sind ein Liebhaber von Gartenv\u00f6geln und suchen nach einer farbenfrohen, dauerhaften Dekoration f\u00fcr Ihr Haus oder Ihren Garten? Diese sch\u00f6ne, lebensechte Bronzestatue eines Rotkehlchens ist ein echter Blickfang. Der lebhafte Vogel ist fachm\u00e4nnisch in den authentischen Farben des Rotkehlchens gemalt, mit sch\u00f6nen Details wie der unverwechselbaren orange-roten Brust, den fein gezeichneten Fl\u00fcgeln und dem braunen R\u00fccken. Der Vogel steht munter auf einem robusten, leichten Felsbrocken. Da jeder Stein eine einzigartige nat\u00fcrliche Form hat, gleicht keine Figur der anderen und Sie werden immer ein exklusives Exemplar in H\u00e4nden halten. Mit einer bescheidenen H\u00f6he von 12 Zentimetern finden Sie immer ein sch\u00f6nes Pl\u00e4tzchen f\u00fcr ihn, zum Beispiel auf einem Terrassentisch, zwischen Pflanzen oder einfach gem\u00fctlich drinnen auf dem Schrank. Bronze ist ein schweres und langlebiges Material, an dem Sie jahrelang Freude haben werden. M\u00f6chten Sie dieses fr\u00f6hliche Kunstwerk oder unsere anderen Tierfiguren aus Bronze einmal in natura sehen? In unserem ger\u00e4umigen Showroom in Ammerzoden sind Sie jederzeit willkommen, um sich inspirieren zu lassen.<\/p>\n","protected":false},"excerpt":{"rendered":"<p>Erwecken Sie Ihren Garten oder Ihr Interieur mit dieser atemberaubenden, fachm\u00e4nnisch bemalten Bronzestatue eines Rotkehlchens zum Leben. Der farbenfrohe, 12 Zentimeter hohe Vogel ist auf einem leichten Felsbrocken mit einer v\u00f6llig einzigartigen Form montiert, die jedes Exemplar wirklich exklusiv macht. Ein langlebiges und fr\u00f6hliches Kunstwerk aus hochwertiger Bronze, das in jeder Umgebung sofort ein L\u00e4cheln auf Ihr Gesicht zaubert.<\/p>\n","protected":false},"featured_media":208819,"template":"","meta":{"_acf_changed":false,"_genesis_title":"","_genesis_description":""},"product_brand":[7505],"product_cat":[613,833,635],"product_tag":[],"class_list":{"0":"post-208889","1":"product","2":"type-product","3":"status-publish","4":"has-post-thumbnail","6":"product_brand-sonstige","7":"product_cat-bronzestatuen","8":"product_cat-bronzetiere-auf-stein","9":"product_cat-tierstatuen-aus-bronze","11":"first","12":"outofstock","13":"taxable","14":"shipping-taxable","15":"purchasable","16":"product-type-simple"},"acf":[],"meta_all":{"cor_restricted_countries":[],"total_sales":"1"},"meta_all_flat":{"total_sales":"1"},"yoast_head":"<!-- This site is optimized with the Yoast SEO Premium plugin v26.2 (Yoast SEO v27.2) - https:\/\/yoast.com\/product\/yoast-seo-premium-wordpress\/ -->\n<title>Sonstige Bronzestatue auf Felsbrocken Robin 12cm - Eliassen.nl<\/title>\n<meta name=\"description\" content=\"Bestellen Sie diese kunstvoll bemalte Bronzeskulptur eines Rotkehlchens (12 cm) auf einem einzigartigen Felsbrocken von Eliassen. Sch\u00f6n f\u00fcr Haus und Garten!\" \/>\n<meta name=\"robots\" content=\"index, follow, max-snippet:-1, max-image-preview:large, max-video-preview:-1\" \/>\n<link rel=\"canonical\" href=\"https:\/\/www.eliassen.nl\/de\/bronzestatue-auf-felsbrocken-robin-12cm\/\" \/>\n<meta property=\"og:locale\" content=\"de_DE\" \/>\n<meta property=\"og:type\" content=\"article\" \/>\n<meta property=\"og:title\" content=\"Sonstige Bronzestatue auf Felsbrocken Robin 12cm - Eliassen.nl\" \/>\n<meta property=\"og:description\" content=\"Bestellen Sie diese kunstvoll bemalte Bronzeskulptur eines Rotkehlchens (12 cm) auf einem einzigartigen Felsbrocken von Eliassen. Sch\u00f6n f\u00fcr Haus und Garten!\" \/>\n<meta property=\"og:url\" content=\"https:\/\/www.eliassen.nl\/de\/bronzestatue-auf-felsbrocken-robin-12cm\/\" \/>\n<meta property=\"og:site_name\" content=\"Eliassen.nl\" \/>\n<meta property=\"article:publisher\" content=\"https:\/\/www.facebook.com\/TuincentrumEliassenAmmerzoden\" \/>\n<meta property=\"og:image\" content=\"https:\/\/www.eliassen.nl\/wp-content\/uploads\/2026\/03\/BS1543C-1.png\" \/>\n\t<meta property=\"og:image:width\" content=\"1024\" \/>\n\t<meta property=\"og:image:height\" content=\"1536\" \/>\n\t<meta property=\"og:image:type\" content=\"image\/png\" \/>\n<meta name=\"twitter:card\" content=\"summary_large_image\" \/>\n<script type=\"application\/ld+json\" class=\"yoast-schema-graph\">{\"@context\":\"https:\/\/schema.org\",\"@graph\":[{\"@type\":\"WebPage\",\"@id\":\"https:\/\/www.eliassen.nl\/de\/bronzestatue-auf-felsbrocken-robin-12cm\/\",\"url\":\"https:\/\/www.eliassen.nl\/de\/bronzestatue-auf-felsbrocken-robin-12cm\/\",\"name\":\"Sonstige Bronzestatue auf Felsbrocken Robin 12cm - Eliassen.nl\",\"isPartOf\":{\"@id\":\"https:\/\/www.eliassen.nl\/de\/#website\"},\"primaryImageOfPage\":{\"@id\":\"https:\/\/www.eliassen.nl\/de\/bronzestatue-auf-felsbrocken-robin-12cm\/#primaryimage\"},\"image\":{\"@id\":\"https:\/\/www.eliassen.nl\/de\/bronzestatue-auf-felsbrocken-robin-12cm\/#primaryimage\"},\"thumbnailUrl\":\"https:\/\/www.eliassen.nl\/wp-content\/uploads\/2026\/03\/BS1543C-1.png\",\"datePublished\":\"2026-03-18T13:14:43+00:00\",\"description\":\"Bestellen Sie diese kunstvoll bemalte Bronzeskulptur eines Rotkehlchens (12 cm) auf einem einzigartigen Felsbrocken von Eliassen. Sch\u00f6n f\u00fcr Haus und Garten!\",\"breadcrumb\":{\"@id\":\"https:\/\/www.eliassen.nl\/de\/bronzestatue-auf-felsbrocken-robin-12cm\/#breadcrumb\"},\"inLanguage\":\"de\",\"potentialAction\":[{\"@type\":\"ReadAction\",\"target\":[\"https:\/\/www.eliassen.nl\/de\/bronzestatue-auf-felsbrocken-robin-12cm\/\"]}]},{\"@type\":\"ImageObject\",\"inLanguage\":\"de\",\"@id\":\"https:\/\/www.eliassen.nl\/de\/bronzestatue-auf-felsbrocken-robin-12cm\/#primaryimage\",\"url\":\"https:\/\/www.eliassen.nl\/wp-content\/uploads\/2026\/03\/BS1543C-1.png\",\"contentUrl\":\"https:\/\/www.eliassen.nl\/wp-content\/uploads\/2026\/03\/BS1543C-1.png\",\"width\":1024,\"height\":1536,\"caption\":\"Bronzestatue auf Felsbrocken Robin 12cm\"},{\"@type\":\"BreadcrumbList\",\"@id\":\"https:\/\/www.eliassen.nl\/de\/bronzestatue-auf-felsbrocken-robin-12cm\/#breadcrumb\",\"itemListElement\":[{\"@type\":\"ListItem\",\"position\":1,\"name\":\"Home\",\"item\":\"https:\/\/www.eliassen.nl\/de\/\"},{\"@type\":\"ListItem\",\"position\":2,\"name\":\"Shop\",\"item\":\"https:\/\/www.eliassen.nl\/de\/shop\/\"},{\"@type\":\"ListItem\",\"position\":3,\"name\":\"Bronzestatuen\",\"item\":\"https:\/\/www.eliassen.nl\/de\/bronzestatuen\/\"},{\"@type\":\"ListItem\",\"position\":4,\"name\":\"Bronzestatue auf Felsbrocken Robin 12cm\"}]},{\"@type\":\"WebSite\",\"@id\":\"https:\/\/www.eliassen.nl\/de\/#website\",\"url\":\"https:\/\/www.eliassen.nl\/de\/\",\"name\":\"Eliassen Home & Garden Pleasure\",\"description\":\"\",\"publisher\":{\"@id\":\"https:\/\/www.eliassen.nl\/de\/#organization\"},\"alternateName\":\"Eliassen.nl\",\"potentialAction\":[{\"@type\":\"SearchAction\",\"target\":{\"@type\":\"EntryPoint\",\"urlTemplate\":\"https:\/\/www.eliassen.nl\/de\/?s={search_term_string}\"},\"query-input\":{\"@type\":\"PropertyValueSpecification\",\"valueRequired\":true,\"valueName\":\"search_term_string\"}}],\"inLanguage\":\"de\"},{\"@type\":[\"Organization\",\"Place\"],\"@id\":\"https:\/\/www.eliassen.nl\/de\/#organization\",\"name\":\"Eliassen Home & Garden Pleasure\",\"url\":\"https:\/\/www.eliassen.nl\/de\/\",\"logo\":{\"@id\":\"https:\/\/www.eliassen.nl\/de\/bronzestatue-auf-felsbrocken-robin-12cm\/#local-main-organization-logo\"},\"image\":{\"@id\":\"https:\/\/www.eliassen.nl\/de\/bronzestatue-auf-felsbrocken-robin-12cm\/#local-main-organization-logo\"},\"sameAs\":[\"https:\/\/www.facebook.com\/TuincentrumEliassenAmmerzoden\",\"https:\/\/www.instagram.com\/eliassenhomeandgarden\/\",\"https:\/\/nl.pinterest.com\/eliassenhomeandgarden\/\",\"https:\/\/www.youtube.com\/@eliassenhomegardenpleasure4558\"],\"telephone\":[],\"openingHoursSpecification\":[{\"@type\":\"OpeningHoursSpecification\",\"dayOfWeek\":[\"Monday\",\"Tuesday\",\"Wednesday\",\"Thursday\",\"Friday\",\"Saturday\",\"Sunday\"],\"opens\":\"09:00\",\"closes\":\"17:00\"}]},{\"@type\":\"ImageObject\",\"inLanguage\":\"de\",\"@id\":\"https:\/\/www.eliassen.nl\/de\/bronzestatue-auf-felsbrocken-robin-12cm\/#local-main-organization-logo\",\"url\":\"https:\/\/www.eliassen.nl\/wp-content\/uploads\/2024\/01\/logo_4nd.jpg\",\"contentUrl\":\"https:\/\/www.eliassen.nl\/wp-content\/uploads\/2024\/01\/logo_4nd.jpg\",\"width\":500,\"height\":500,\"caption\":\"Eliassen Home & Garden Pleasure\"}]}<\/script>\n<meta property=\"product:price:amount\" content=\"109.00\" \/>\n<meta property=\"product:price:currency\" content=\"EUR\" \/>\n<meta property=\"og:availability\" content=\"out of stock\" \/>\n<meta property=\"product:availability\" content=\"out of stock\" \/>\n<meta property=\"product:retailer_item_id\" content=\"BS1543C\" \/>\n<meta property=\"product:condition\" content=\"new\" \/>\n<!-- \/ Yoast SEO Premium plugin. -->","yoast_head_json":{"title":"Sonstige Bronzestatue auf Felsbrocken Robin 12cm - Eliassen.nl","description":"Bestellen Sie diese kunstvoll bemalte Bronzeskulptur eines Rotkehlchens (12 cm) auf einem einzigartigen Felsbrocken von Eliassen. Sch\u00f6n f\u00fcr Haus und Garten!","robots":{"index":"index","follow":"follow","max-snippet":"max-snippet:-1","max-image-preview":"max-image-preview:large","max-video-preview":"max-video-preview:-1"},"canonical":"https:\/\/www.eliassen.nl\/de\/bronzestatue-auf-felsbrocken-robin-12cm\/","og_locale":"de_DE","og_type":"article","og_title":"Sonstige Bronzestatue auf Felsbrocken Robin 12cm - Eliassen.nl","og_description":"Bestellen Sie diese kunstvoll bemalte Bronzeskulptur eines Rotkehlchens (12 cm) auf einem einzigartigen Felsbrocken von Eliassen. Sch\u00f6n f\u00fcr Haus und Garten!","og_url":"https:\/\/www.eliassen.nl\/de\/bronzestatue-auf-felsbrocken-robin-12cm\/","og_site_name":"Eliassen.nl","article_publisher":"https:\/\/www.facebook.com\/TuincentrumEliassenAmmerzoden","og_image":[{"width":1024,"height":1536,"url":"https:\/\/www.eliassen.nl\/wp-content\/uploads\/2026\/03\/BS1543C-1.png","type":"image\/png"}],"twitter_card":"summary_large_image","schema":{"@context":"https:\/\/schema.org","@graph":[{"@type":"WebPage","@id":"https:\/\/www.eliassen.nl\/de\/bronzestatue-auf-felsbrocken-robin-12cm\/","url":"https:\/\/www.eliassen.nl\/de\/bronzestatue-auf-felsbrocken-robin-12cm\/","name":"Sonstige Bronzestatue auf Felsbrocken Robin 12cm - Eliassen.nl","isPartOf":{"@id":"https:\/\/www.eliassen.nl\/de\/#website"},"primaryImageOfPage":{"@id":"https:\/\/www.eliassen.nl\/de\/bronzestatue-auf-felsbrocken-robin-12cm\/#primaryimage"},"image":{"@id":"https:\/\/www.eliassen.nl\/de\/bronzestatue-auf-felsbrocken-robin-12cm\/#primaryimage"},"thumbnailUrl":"https:\/\/www.eliassen.nl\/wp-content\/uploads\/2026\/03\/BS1543C-1.png","datePublished":"2026-03-18T13:14:43+00:00","description":"Bestellen Sie diese kunstvoll bemalte Bronzeskulptur eines Rotkehlchens (12 cm) auf einem einzigartigen Felsbrocken von Eliassen. Sch\u00f6n f\u00fcr Haus und Garten!","breadcrumb":{"@id":"https:\/\/www.eliassen.nl\/de\/bronzestatue-auf-felsbrocken-robin-12cm\/#breadcrumb"},"inLanguage":"de","potentialAction":[{"@type":"ReadAction","target":["https:\/\/www.eliassen.nl\/de\/bronzestatue-auf-felsbrocken-robin-12cm\/"]}]},{"@type":"ImageObject","inLanguage":"de","@id":"https:\/\/www.eliassen.nl\/de\/bronzestatue-auf-felsbrocken-robin-12cm\/#primaryimage","url":"https:\/\/www.eliassen.nl\/wp-content\/uploads\/2026\/03\/BS1543C-1.png","contentUrl":"https:\/\/www.eliassen.nl\/wp-content\/uploads\/2026\/03\/BS1543C-1.png","width":1024,"height":1536,"caption":"Bronzestatue auf Felsbrocken Robin 12cm"},{"@type":"BreadcrumbList","@id":"https:\/\/www.eliassen.nl\/de\/bronzestatue-auf-felsbrocken-robin-12cm\/#breadcrumb","itemListElement":[{"@type":"ListItem","position":1,"name":"Home","item":"https:\/\/www.eliassen.nl\/de\/"},{"@type":"ListItem","position":2,"name":"Shop","item":"https:\/\/www.eliassen.nl\/de\/shop\/"},{"@type":"ListItem","position":3,"name":"Bronzestatuen","item":"https:\/\/www.eliassen.nl\/de\/bronzestatuen\/"},{"@type":"ListItem","position":4,"name":"Bronzestatue auf Felsbrocken Robin 12cm"}]},{"@type":"WebSite","@id":"https:\/\/www.eliassen.nl\/de\/#website","url":"https:\/\/www.eliassen.nl\/de\/","name":"Eliassen Home & Garden Pleasure","description":"","publisher":{"@id":"https:\/\/www.eliassen.nl\/de\/#organization"},"alternateName":"Eliassen.nl","potentialAction":[{"@type":"SearchAction","target":{"@type":"EntryPoint","urlTemplate":"https:\/\/www.eliassen.nl\/de\/?s={search_term_string}"},"query-input":{"@type":"PropertyValueSpecification","valueRequired":true,"valueName":"search_term_string"}}],"inLanguage":"de"},{"@type":["Organization","Place"],"@id":"https:\/\/www.eliassen.nl\/de\/#organization","name":"Eliassen Home & Garden Pleasure","url":"https:\/\/www.eliassen.nl\/de\/","logo":{"@id":"https:\/\/www.eliassen.nl\/de\/bronzestatue-auf-felsbrocken-robin-12cm\/#local-main-organization-logo"},"image":{"@id":"https:\/\/www.eliassen.nl\/de\/bronzestatue-auf-felsbrocken-robin-12cm\/#local-main-organization-logo"},"sameAs":["https:\/\/www.facebook.com\/TuincentrumEliassenAmmerzoden","https:\/\/www.instagram.com\/eliassenhomeandgarden\/","https:\/\/nl.pinterest.com\/eliassenhomeandgarden\/","https:\/\/www.youtube.com\/@eliassenhomegardenpleasure4558"],"telephone":[],"openingHoursSpecification":[{"@type":"OpeningHoursSpecification","dayOfWeek":["Monday","Tuesday","Wednesday","Thursday","Friday","Saturday","Sunday"],"opens":"09:00","closes":"17:00"}]},{"@type":"ImageObject","inLanguage":"de","@id":"https:\/\/www.eliassen.nl\/de\/bronzestatue-auf-felsbrocken-robin-12cm\/#local-main-organization-logo","url":"https:\/\/www.eliassen.nl\/wp-content\/uploads\/2024\/01\/logo_4nd.jpg","contentUrl":"https:\/\/www.eliassen.nl\/wp-content\/uploads\/2024\/01\/logo_4nd.jpg","width":500,"height":500,"caption":"Eliassen Home & Garden Pleasure"}]},"product_price_amount":"109.00","product_price_currency":"EUR","og_availability":"out of stock","product_availability":"out of stock","product_retailer_item_id":"BS1543C","product_condition":"new"},"df_price":109,"df_sale_price":"","df_regular_price":109,"df_image_link":"https:\/\/www.eliassen.nl\/wp-content\/uploads\/2026\/03\/BS1543C-1-200x300.png","image":"https:\/\/www.eliassen.nl\/wp-content\/uploads\/2026\/03\/BS1543C-1-150x150.png","price_search":"<span class=\"woocommerce-Price-amount amount\"><bdi><span class=\"woocommerce-Price-currencySymbol\">&euro;<\/span>&nbsp;109,00<\/bdi><\/span>","category":"Bronzestatuen","global_unique_id":"5410807015438","_links":{"self":[{"href":"https:\/\/www.eliassen.nl\/de\/wp-json\/wp\/v2\/product\/208889","targetHints":{"allow":["GET"]}}],"collection":[{"href":"https:\/\/www.eliassen.nl\/de\/wp-json\/wp\/v2\/product"}],"about":[{"href":"https:\/\/www.eliassen.nl\/de\/wp-json\/wp\/v2\/types\/product"}],"wp:featuredmedia":[{"embeddable":true,"href":"https:\/\/www.eliassen.nl\/de\/wp-json\/wp\/v2\/media\/208819"}],"wp:attachment":[{"href":"https:\/\/www.eliassen.nl\/de\/wp-json\/wp\/v2\/media?parent=208889"}],"wp:term":[{"taxonomy":"product_brand","embeddable":true,"href":"https:\/\/www.eliassen.nl\/de\/wp-json\/wp\/v2\/product_brand?post=208889"},{"taxonomy":"product_cat","embeddable":true,"href":"https:\/\/www.eliassen.nl\/de\/wp-json\/wp\/v2\/product_cat?post=208889"},{"taxonomy":"product_tag","embeddable":true,"href":"https:\/\/www.eliassen.nl\/de\/wp-json\/wp\/v2\/product_tag?post=208889"}],"curies":[{"name":"wp","href":"https:\/\/api.w.org\/{rel}","templated":true}]}}