{"id":208885,"date":"2026-03-18T15:05:01","date_gmt":"2026-03-18T14:05:01","guid":{"rendered":"https:\/\/www.eliassen.nl\/product\/vogeltraenke-auf-bein-gusseisen-76cm\/"},"modified":"2026-03-18T15:05:01","modified_gmt":"2026-03-18T14:05:01","slug":"vogeltraenke-auf-bein-gusseisen-76cm","status":"publish","type":"product","link":"https:\/\/www.eliassen.nl\/de\/vogeltraenke-auf-bein-gusseisen-76cm\/","title":{"rendered":"Vogeltr\u00e4nke auf Bein Gusseisen 76cm"},"content":{"rendered":"<p>Sind Sie auf der Suche nach einer stimmungsvollen Methode, um mehr Gartenv\u00f6gel in Ihren Garten zu locken? Diese sch\u00f6ne gusseiserne Vogeltr\u00e4nke auf Beinen ist eine klassische und stilvolle Erg\u00e4nzung f\u00fcr jede Terrasse, jeden Balkon oder Rasen. Die Trinkschale ist elegant mit einem h\u00fcbschen Rippenmuster gestaltet und am Rand mit zwei niedlichen, detaillierten V\u00f6geln aus Gusseisen verziert. So entsteht sofort eine charmante und lebendige Szene. Mit einem Schalendurchmesser von 45 Zentimetern und einer stattlichen H\u00f6he von 76 Zentimetern ist sie eine auff\u00e4llige und dekorative Zierde f\u00fcr den Au\u00dfenbereich. Dank des massiven Gusseisens und des beeindruckenden Gewichts von nicht weniger als 30 Kilo steht diese Vogeltr\u00e4nke \u00e4u\u00dferst stabil. Selbst bei den st\u00e4rksten Windb\u00f6en m\u00fcssen Sie nicht bef\u00fcrchten, dass er umkippt. Der runde Sockel misst 27 Zentimeter und verj\u00fcngt sich subtil zu einem anmutigen Bein mit klassischen Elementen. Diese Details passen perfekt zu der nostalgischen, verwitterten Rostfarbe des Ornaments. M\u00f6chten Sie dieses dekorative Vogelbad oder unsere anderen einzigartigen Gartenaccessoires mit eigenen Augen bewundern? In unserem ger\u00e4umigen Showroom in Ammerzoden sind Sie jederzeit willkommen, um sich inspirieren zu lassen.<\/p>\n","protected":false},"excerpt":{"rendered":"<p>Mit ihrem klassischen Design und den zwei verzierten kleinen V\u00f6geln auf dem Rand wird diese Vogeltr\u00e4nke aus massivem Gusseisen auf Beinen sofort mehr Leben in Ihren Garten bringen. Mit einer stattlichen H\u00f6he von 76 Zentimetern, einer sch\u00f6nen rostigen Oberfl\u00e4che und einem enormen Gewicht von 30 Kilo steht dieses authentische Ornament \u00e4u\u00dferst stabil auf jeder Oberfl\u00e4che. Ein stimmungsvoller, wetterfester Blickfang von schwerer Qualit\u00e4t, der jeden romantischen oder l\u00e4ndlichen Au\u00dfenbereich vervollst\u00e4ndigt.<\/p>\n","protected":false},"featured_media":208293,"template":"","meta":{"_acf_changed":false,"_genesis_title":"","_genesis_description":""},"product_brand":[7505],"product_cat":[707],"product_tag":[],"class_list":{"0":"post-208885","1":"product","2":"type-product","3":"status-publish","4":"has-post-thumbnail","6":"product_brand-sonstige","7":"product_cat-vogeltraenken","9":"first","10":"instock","11":"taxable","12":"shipping-taxable","13":"purchasable","14":"product-type-simple"},"acf":[],"meta_all":{"cor_restricted_countries":[],"total_sales":"1"},"meta_all_flat":{"total_sales":"1"},"yoast_head":"<!-- This site is optimized with the Yoast SEO Premium plugin v26.2 (Yoast SEO v27.2) - https:\/\/yoast.com\/product\/yoast-seo-premium-wordpress\/ -->\n<title>Sonstige Vogeltr\u00e4nke auf Bein Gusseisen 76cm - Eliassen.nl<\/title>\n<meta name=\"description\" content=\"Bestellen Sie diese klassische gusseiserne Vogeltr\u00e4nke auf Beinen (76 cm) direkt online bei Eliassen. Ein schweres und stabiles 30 kg schweres Ornament mit zwei dekorativen V\u00f6geln.\" \/>\n<meta name=\"robots\" content=\"index, follow, max-snippet:-1, max-image-preview:large, max-video-preview:-1\" \/>\n<link rel=\"canonical\" href=\"https:\/\/www.eliassen.nl\/de\/vogeltraenke-auf-bein-gusseisen-76cm\/\" \/>\n<meta property=\"og:locale\" content=\"de_DE\" \/>\n<meta property=\"og:type\" content=\"article\" \/>\n<meta property=\"og:title\" content=\"Sonstige Vogeltr\u00e4nke auf Bein Gusseisen 76cm - Eliassen.nl\" \/>\n<meta property=\"og:description\" content=\"Bestellen Sie diese klassische gusseiserne Vogeltr\u00e4nke auf Beinen (76 cm) direkt online bei Eliassen. Ein schweres und stabiles 30 kg schweres Ornament mit zwei dekorativen V\u00f6geln.\" \/>\n<meta property=\"og:url\" content=\"https:\/\/www.eliassen.nl\/de\/vogeltraenke-auf-bein-gusseisen-76cm\/\" \/>\n<meta property=\"og:site_name\" content=\"Eliassen.nl\" \/>\n<meta property=\"article:publisher\" content=\"https:\/\/www.facebook.com\/TuincentrumEliassenAmmerzoden\" \/>\n<meta property=\"og:image\" content=\"https:\/\/www.eliassen.nl\/wp-content\/uploads\/2026\/03\/Vogeldrinkschaal-Klassiek-gietijzer-Eliassen.nl-CI-190.jpg\" \/>\n\t<meta property=\"og:image:width\" content=\"1224\" \/>\n\t<meta property=\"og:image:height\" content=\"1632\" \/>\n\t<meta property=\"og:image:type\" content=\"image\/jpeg\" \/>\n<meta name=\"twitter:card\" content=\"summary_large_image\" \/>\n<script type=\"application\/ld+json\" class=\"yoast-schema-graph\">{\"@context\":\"https:\/\/schema.org\",\"@graph\":[{\"@type\":\"WebPage\",\"@id\":\"https:\/\/www.eliassen.nl\/de\/vogeltraenke-auf-bein-gusseisen-76cm\/\",\"url\":\"https:\/\/www.eliassen.nl\/de\/vogeltraenke-auf-bein-gusseisen-76cm\/\",\"name\":\"Sonstige Vogeltr\u00e4nke auf Bein Gusseisen 76cm - Eliassen.nl\",\"isPartOf\":{\"@id\":\"https:\/\/www.eliassen.nl\/de\/#website\"},\"primaryImageOfPage\":{\"@id\":\"https:\/\/www.eliassen.nl\/de\/vogeltraenke-auf-bein-gusseisen-76cm\/#primaryimage\"},\"image\":{\"@id\":\"https:\/\/www.eliassen.nl\/de\/vogeltraenke-auf-bein-gusseisen-76cm\/#primaryimage\"},\"thumbnailUrl\":\"https:\/\/www.eliassen.nl\/wp-content\/uploads\/2026\/03\/Vogeldrinkschaal-Klassiek-gietijzer-Eliassen.nl-CI-190.jpg\",\"datePublished\":\"2026-03-18T14:05:01+00:00\",\"description\":\"Bestellen Sie diese klassische gusseiserne Vogeltr\u00e4nke auf Beinen (76 cm) direkt online bei Eliassen. Ein schweres und stabiles 30 kg schweres Ornament mit zwei dekorativen V\u00f6geln.\",\"breadcrumb\":{\"@id\":\"https:\/\/www.eliassen.nl\/de\/vogeltraenke-auf-bein-gusseisen-76cm\/#breadcrumb\"},\"inLanguage\":\"de\",\"potentialAction\":[{\"@type\":\"ReadAction\",\"target\":[\"https:\/\/www.eliassen.nl\/de\/vogeltraenke-auf-bein-gusseisen-76cm\/\"]}]},{\"@type\":\"ImageObject\",\"inLanguage\":\"de\",\"@id\":\"https:\/\/www.eliassen.nl\/de\/vogeltraenke-auf-bein-gusseisen-76cm\/#primaryimage\",\"url\":\"https:\/\/www.eliassen.nl\/wp-content\/uploads\/2026\/03\/Vogeldrinkschaal-Klassiek-gietijzer-Eliassen.nl-CI-190.jpg\",\"contentUrl\":\"https:\/\/www.eliassen.nl\/wp-content\/uploads\/2026\/03\/Vogeldrinkschaal-Klassiek-gietijzer-Eliassen.nl-CI-190.jpg\",\"width\":1224,\"height\":1632,\"caption\":\"Vogeltr\u00e4nkeschale Classic Gusseisen Eliassen.de\"},{\"@type\":\"BreadcrumbList\",\"@id\":\"https:\/\/www.eliassen.nl\/de\/vogeltraenke-auf-bein-gusseisen-76cm\/#breadcrumb\",\"itemListElement\":[{\"@type\":\"ListItem\",\"position\":1,\"name\":\"Home\",\"item\":\"https:\/\/www.eliassen.nl\/de\/\"},{\"@type\":\"ListItem\",\"position\":2,\"name\":\"Shop\",\"item\":\"https:\/\/www.eliassen.nl\/de\/shop\/\"},{\"@type\":\"ListItem\",\"position\":3,\"name\":\"Vogeltr\u00e4nken\",\"item\":\"https:\/\/www.eliassen.nl\/de\/vogeltraenken\/\"},{\"@type\":\"ListItem\",\"position\":4,\"name\":\"Vogeltr\u00e4nke auf Bein Gusseisen 76cm\"}]},{\"@type\":\"WebSite\",\"@id\":\"https:\/\/www.eliassen.nl\/de\/#website\",\"url\":\"https:\/\/www.eliassen.nl\/de\/\",\"name\":\"Eliassen Home & Garden Pleasure\",\"description\":\"\",\"publisher\":{\"@id\":\"https:\/\/www.eliassen.nl\/de\/#organization\"},\"alternateName\":\"Eliassen.nl\",\"potentialAction\":[{\"@type\":\"SearchAction\",\"target\":{\"@type\":\"EntryPoint\",\"urlTemplate\":\"https:\/\/www.eliassen.nl\/de\/?s={search_term_string}\"},\"query-input\":{\"@type\":\"PropertyValueSpecification\",\"valueRequired\":true,\"valueName\":\"search_term_string\"}}],\"inLanguage\":\"de\"},{\"@type\":[\"Organization\",\"Place\"],\"@id\":\"https:\/\/www.eliassen.nl\/de\/#organization\",\"name\":\"Eliassen Home & Garden Pleasure\",\"url\":\"https:\/\/www.eliassen.nl\/de\/\",\"logo\":{\"@id\":\"https:\/\/www.eliassen.nl\/de\/vogeltraenke-auf-bein-gusseisen-76cm\/#local-main-organization-logo\"},\"image\":{\"@id\":\"https:\/\/www.eliassen.nl\/de\/vogeltraenke-auf-bein-gusseisen-76cm\/#local-main-organization-logo\"},\"sameAs\":[\"https:\/\/www.facebook.com\/TuincentrumEliassenAmmerzoden\",\"https:\/\/www.instagram.com\/eliassenhomeandgarden\/\",\"https:\/\/nl.pinterest.com\/eliassenhomeandgarden\/\",\"https:\/\/www.youtube.com\/@eliassenhomegardenpleasure4558\"],\"telephone\":[],\"openingHoursSpecification\":[{\"@type\":\"OpeningHoursSpecification\",\"dayOfWeek\":[\"Monday\",\"Tuesday\",\"Wednesday\",\"Thursday\",\"Friday\",\"Saturday\",\"Sunday\"],\"opens\":\"09:00\",\"closes\":\"17:00\"}]},{\"@type\":\"ImageObject\",\"inLanguage\":\"de\",\"@id\":\"https:\/\/www.eliassen.nl\/de\/vogeltraenke-auf-bein-gusseisen-76cm\/#local-main-organization-logo\",\"url\":\"https:\/\/www.eliassen.nl\/wp-content\/uploads\/2024\/01\/logo_4nd.jpg\",\"contentUrl\":\"https:\/\/www.eliassen.nl\/wp-content\/uploads\/2024\/01\/logo_4nd.jpg\",\"width\":500,\"height\":500,\"caption\":\"Eliassen Home & Garden Pleasure\"}]}<\/script>\n<meta property=\"product:price:amount\" content=\"129.00\" \/>\n<meta property=\"product:price:currency\" content=\"EUR\" \/>\n<meta property=\"og:availability\" content=\"instock\" \/>\n<meta property=\"product:availability\" content=\"instock\" \/>\n<meta property=\"product:retailer_item_id\" content=\"cl-190\" \/>\n<meta property=\"product:condition\" content=\"new\" \/>\n<!-- \/ Yoast SEO Premium plugin. -->","yoast_head_json":{"title":"Sonstige Vogeltr\u00e4nke auf Bein Gusseisen 76cm - Eliassen.nl","description":"Bestellen Sie diese klassische gusseiserne Vogeltr\u00e4nke auf Beinen (76 cm) direkt online bei Eliassen. Ein schweres und stabiles 30 kg schweres Ornament mit zwei dekorativen V\u00f6geln.","robots":{"index":"index","follow":"follow","max-snippet":"max-snippet:-1","max-image-preview":"max-image-preview:large","max-video-preview":"max-video-preview:-1"},"canonical":"https:\/\/www.eliassen.nl\/de\/vogeltraenke-auf-bein-gusseisen-76cm\/","og_locale":"de_DE","og_type":"article","og_title":"Sonstige Vogeltr\u00e4nke auf Bein Gusseisen 76cm - Eliassen.nl","og_description":"Bestellen Sie diese klassische gusseiserne Vogeltr\u00e4nke auf Beinen (76 cm) direkt online bei Eliassen. Ein schweres und stabiles 30 kg schweres Ornament mit zwei dekorativen V\u00f6geln.","og_url":"https:\/\/www.eliassen.nl\/de\/vogeltraenke-auf-bein-gusseisen-76cm\/","og_site_name":"Eliassen.nl","article_publisher":"https:\/\/www.facebook.com\/TuincentrumEliassenAmmerzoden","og_image":[{"width":1224,"height":1632,"url":"https:\/\/www.eliassen.nl\/wp-content\/uploads\/2026\/03\/Vogeldrinkschaal-Klassiek-gietijzer-Eliassen.nl-CI-190.jpg","type":"image\/jpeg"}],"twitter_card":"summary_large_image","schema":{"@context":"https:\/\/schema.org","@graph":[{"@type":"WebPage","@id":"https:\/\/www.eliassen.nl\/de\/vogeltraenke-auf-bein-gusseisen-76cm\/","url":"https:\/\/www.eliassen.nl\/de\/vogeltraenke-auf-bein-gusseisen-76cm\/","name":"Sonstige Vogeltr\u00e4nke auf Bein Gusseisen 76cm - Eliassen.nl","isPartOf":{"@id":"https:\/\/www.eliassen.nl\/de\/#website"},"primaryImageOfPage":{"@id":"https:\/\/www.eliassen.nl\/de\/vogeltraenke-auf-bein-gusseisen-76cm\/#primaryimage"},"image":{"@id":"https:\/\/www.eliassen.nl\/de\/vogeltraenke-auf-bein-gusseisen-76cm\/#primaryimage"},"thumbnailUrl":"https:\/\/www.eliassen.nl\/wp-content\/uploads\/2026\/03\/Vogeldrinkschaal-Klassiek-gietijzer-Eliassen.nl-CI-190.jpg","datePublished":"2026-03-18T14:05:01+00:00","description":"Bestellen Sie diese klassische gusseiserne Vogeltr\u00e4nke auf Beinen (76 cm) direkt online bei Eliassen. Ein schweres und stabiles 30 kg schweres Ornament mit zwei dekorativen V\u00f6geln.","breadcrumb":{"@id":"https:\/\/www.eliassen.nl\/de\/vogeltraenke-auf-bein-gusseisen-76cm\/#breadcrumb"},"inLanguage":"de","potentialAction":[{"@type":"ReadAction","target":["https:\/\/www.eliassen.nl\/de\/vogeltraenke-auf-bein-gusseisen-76cm\/"]}]},{"@type":"ImageObject","inLanguage":"de","@id":"https:\/\/www.eliassen.nl\/de\/vogeltraenke-auf-bein-gusseisen-76cm\/#primaryimage","url":"https:\/\/www.eliassen.nl\/wp-content\/uploads\/2026\/03\/Vogeldrinkschaal-Klassiek-gietijzer-Eliassen.nl-CI-190.jpg","contentUrl":"https:\/\/www.eliassen.nl\/wp-content\/uploads\/2026\/03\/Vogeldrinkschaal-Klassiek-gietijzer-Eliassen.nl-CI-190.jpg","width":1224,"height":1632,"caption":"Vogeltr\u00e4nkeschale Classic Gusseisen Eliassen.de"},{"@type":"BreadcrumbList","@id":"https:\/\/www.eliassen.nl\/de\/vogeltraenke-auf-bein-gusseisen-76cm\/#breadcrumb","itemListElement":[{"@type":"ListItem","position":1,"name":"Home","item":"https:\/\/www.eliassen.nl\/de\/"},{"@type":"ListItem","position":2,"name":"Shop","item":"https:\/\/www.eliassen.nl\/de\/shop\/"},{"@type":"ListItem","position":3,"name":"Vogeltr\u00e4nken","item":"https:\/\/www.eliassen.nl\/de\/vogeltraenken\/"},{"@type":"ListItem","position":4,"name":"Vogeltr\u00e4nke auf Bein Gusseisen 76cm"}]},{"@type":"WebSite","@id":"https:\/\/www.eliassen.nl\/de\/#website","url":"https:\/\/www.eliassen.nl\/de\/","name":"Eliassen Home & Garden Pleasure","description":"","publisher":{"@id":"https:\/\/www.eliassen.nl\/de\/#organization"},"alternateName":"Eliassen.nl","potentialAction":[{"@type":"SearchAction","target":{"@type":"EntryPoint","urlTemplate":"https:\/\/www.eliassen.nl\/de\/?s={search_term_string}"},"query-input":{"@type":"PropertyValueSpecification","valueRequired":true,"valueName":"search_term_string"}}],"inLanguage":"de"},{"@type":["Organization","Place"],"@id":"https:\/\/www.eliassen.nl\/de\/#organization","name":"Eliassen Home & Garden Pleasure","url":"https:\/\/www.eliassen.nl\/de\/","logo":{"@id":"https:\/\/www.eliassen.nl\/de\/vogeltraenke-auf-bein-gusseisen-76cm\/#local-main-organization-logo"},"image":{"@id":"https:\/\/www.eliassen.nl\/de\/vogeltraenke-auf-bein-gusseisen-76cm\/#local-main-organization-logo"},"sameAs":["https:\/\/www.facebook.com\/TuincentrumEliassenAmmerzoden","https:\/\/www.instagram.com\/eliassenhomeandgarden\/","https:\/\/nl.pinterest.com\/eliassenhomeandgarden\/","https:\/\/www.youtube.com\/@eliassenhomegardenpleasure4558"],"telephone":[],"openingHoursSpecification":[{"@type":"OpeningHoursSpecification","dayOfWeek":["Monday","Tuesday","Wednesday","Thursday","Friday","Saturday","Sunday"],"opens":"09:00","closes":"17:00"}]},{"@type":"ImageObject","inLanguage":"de","@id":"https:\/\/www.eliassen.nl\/de\/vogeltraenke-auf-bein-gusseisen-76cm\/#local-main-organization-logo","url":"https:\/\/www.eliassen.nl\/wp-content\/uploads\/2024\/01\/logo_4nd.jpg","contentUrl":"https:\/\/www.eliassen.nl\/wp-content\/uploads\/2024\/01\/logo_4nd.jpg","width":500,"height":500,"caption":"Eliassen Home & Garden Pleasure"}]},"product_price_amount":"129.00","product_price_currency":"EUR","og_availability":"instock","product_availability":"instock","product_retailer_item_id":"cl-190","product_condition":"new"},"df_price":129,"df_sale_price":"","df_regular_price":129,"df_image_link":"https:\/\/www.eliassen.nl\/wp-content\/uploads\/2026\/03\/Vogeldrinkschaal-Klassiek-gietijzer-Eliassen.nl-CI-190-225x300.jpg","image":"https:\/\/www.eliassen.nl\/wp-content\/uploads\/2026\/03\/Vogeldrinkschaal-Klassiek-gietijzer-Eliassen.nl-CI-190-150x150.jpg","price_search":"<span class=\"woocommerce-Price-amount amount\"><bdi><span class=\"woocommerce-Price-currencySymbol\">&euro;<\/span>&nbsp;129,00<\/bdi><\/span>","category":"Vogeltr\u00e4nken","global_unique_id":"6096531860859","_links":{"self":[{"href":"https:\/\/www.eliassen.nl\/de\/wp-json\/wp\/v2\/product\/208885","targetHints":{"allow":["GET"]}}],"collection":[{"href":"https:\/\/www.eliassen.nl\/de\/wp-json\/wp\/v2\/product"}],"about":[{"href":"https:\/\/www.eliassen.nl\/de\/wp-json\/wp\/v2\/types\/product"}],"wp:featuredmedia":[{"embeddable":true,"href":"https:\/\/www.eliassen.nl\/de\/wp-json\/wp\/v2\/media\/208293"}],"wp:attachment":[{"href":"https:\/\/www.eliassen.nl\/de\/wp-json\/wp\/v2\/media?parent=208885"}],"wp:term":[{"taxonomy":"product_brand","embeddable":true,"href":"https:\/\/www.eliassen.nl\/de\/wp-json\/wp\/v2\/product_brand?post=208885"},{"taxonomy":"product_cat","embeddable":true,"href":"https:\/\/www.eliassen.nl\/de\/wp-json\/wp\/v2\/product_cat?post=208885"},{"taxonomy":"product_tag","embeddable":true,"href":"https:\/\/www.eliassen.nl\/de\/wp-json\/wp\/v2\/product_tag?post=208885"}],"curies":[{"name":"wp","href":"https:\/\/api.w.org\/{rel}","templated":true}]}}