{"id":208869,"date":"2026-03-18T14:23:00","date_gmt":"2026-03-18T13:23:00","guid":{"rendered":"https:\/\/www.eliassen.nl\/product\/sockel-quadratisch-konisch-gusseisen-mit-verzierungen-44cm\/"},"modified":"2026-03-18T14:23:00","modified_gmt":"2026-03-18T13:23:00","slug":"sockel-quadratisch-konisch-gusseisen-mit-verzierungen-44cm","status":"publish","type":"product","link":"https:\/\/www.eliassen.nl\/de\/sockel-quadratisch-konisch-gusseisen-mit-verzierungen-44cm\/","title":{"rendered":"Sockel quadratisch, konisch, Gusseisen mit Verzierungen 44cm"},"content":{"rendered":"<p data-path-to-node=\"1\">Gusseisen ist eine Legierung aus Eisen, Kohlenstoff und Silizium, die in einer Sandform gegossen wird. Dieses handwerkliche Verfahren wird seit dem achtzehnten und neunzehnten Jahrhundert verwendet, um sch\u00f6ne und stilvolle Dekorationen f\u00fcr den Garten zu schaffen. Das Material hat eine sehr lange Lebensdauer und ist felsenfest. Allerdings sollten Sie sich dar\u00fcber im Klaren sein, dass es brechen kann, wenn es hart aufgeschlagen oder fallen gelassen wird.<\/p>\n<p data-path-to-node=\"2\">Dieser quadratische, spitz zulaufende Sockel aus Gusseisen mit einer H\u00f6he von 44 Zentimetern ist reichhaltig verarbeitet und stellt eine beeindruckende Erg\u00e4nzung f\u00fcr jeden Garten dar. Das Design zeichnet sich durch seine spitz zulaufende Form und wundersch\u00f6n detaillierte, klassische Reliefs mit verschn\u00f6rkelten Motiven auf den Seitenteilen aus. Mit einem Gewicht von 22 Kilogramm ist dies ein robustes und stabiles Modell. Der Sockel hat eine obere Abmessung von 24&#215;24 Zentimetern und eine breitere untere Abmessung von 33,5&#215;33,5 Zentimetern, was einen extrem stabilen Stand gew\u00e4hrleistet. Es ist ein perfekter, stimmungsvoller Sockel f\u00fcr eine Vielzahl von Vasen, wie eine kleine bis mittelgro\u00dfe Gartenvase, eine Coupe-Vase oder eine klassische Skulptur.<\/p>\n<p data-path-to-node=\"3\">Bitte beachten Sie beim Hantieren und Aufstellen, dass die authentische rostbraune Farbe auf Ihre H\u00e4nde, Kleidung oder den B\u00fcrgersteig abf\u00e4rben kann. Beim Gie\u00dfen von Eisen kann es zu kleinen Unebenheiten, L\u00f6chern oder anderen Unregelm\u00e4\u00dfigkeiten kommen. Dies ist dem Gie\u00dfprozess inh\u00e4rent, v\u00f6llig normal und kann nicht Gegenstand von Reklamationen sein. Sie sind nat\u00fcrlich herzlich eingeladen, sich selbst ein Bild von diesem anmutigen Exemplar zu machen, denn in unserem Gesch\u00e4ft k\u00f6nnen Sie praktisch alles in natura sehen.<\/p>\n<p data-path-to-node=\"3\">Dieser Sockel passt sehr gut zu der gusseisernen Vase CL-1019<\/p>\n","protected":false},"excerpt":{"rendered":"<p>Dieser reich geschnitzte, quadratische, sich verj\u00fcngende Sockel aus Gusseisen ist 44 cm hoch und weist rundherum beeindruckende klassische Reliefs auf. Das stabile Modell wiegt 22 Kilogramm und bietet mit einer Topgr\u00f6\u00dfe von 24&#215;24 cm eine sch\u00f6ne rostbraune Basis f\u00fcr Ihre Lieblingsgartenvase. Das authentische und robuste Gusseisen wird jahrelang halten und bringt sofort Atmosph\u00e4re in Ihren Garten oder auf Ihre Terrasse.<\/p>\n","protected":false},"featured_media":208254,"template":"","meta":{"_acf_changed":false,"_genesis_title":"","_genesis_description":""},"product_brand":[7505],"product_cat":[722,1424,797,782],"product_tag":[],"class_list":{"0":"post-208869","1":"product","2":"type-product","3":"status-publish","4":"has-post-thumbnail","6":"product_brand-sonstige","7":"product_cat-blumentoepfe-und-pflanzgefaesse","8":"product_cat-gartenvasen-aus-gusseisen","9":"product_cat-metallsockel","10":"product_cat-sockel","12":"first","13":"instock","14":"taxable","15":"shipping-taxable","16":"purchasable","17":"product-type-simple"},"acf":[],"meta_all":{"cor_restricted_countries":[],"total_sales":"0"},"meta_all_flat":{"total_sales":"0"},"yoast_head":"<!-- This site is optimized with the Yoast SEO Premium plugin v26.2 (Yoast SEO v27.2) - https:\/\/yoast.com\/product\/yoast-seo-premium-wordpress\/ -->\n<title>Sonstige Sockel quadratisch, konisch, Gusseisen mit Verzierungen 44cm - Eliassen.nl<\/title>\n<meta name=\"description\" content=\"Bereichern Sie Ihren Garten mit diesem handgefertigten, konisch zulaufenden Sockel aus Gusseisen (44cm, 22kg). Mit einer Spitzengr\u00f6\u00dfe von 24x24cm eine stimmungsvolle und starke Basis!\" \/>\n<meta name=\"robots\" content=\"index, follow, max-snippet:-1, max-image-preview:large, max-video-preview:-1\" \/>\n<link rel=\"canonical\" href=\"https:\/\/www.eliassen.nl\/de\/sockel-quadratisch-konisch-gusseisen-mit-verzierungen-44cm\/\" \/>\n<meta property=\"og:locale\" content=\"de_DE\" \/>\n<meta property=\"og:type\" content=\"article\" \/>\n<meta property=\"og:title\" content=\"Sonstige Sockel quadratisch, konisch, Gusseisen mit Verzierungen 44cm - Eliassen.nl\" \/>\n<meta property=\"og:description\" content=\"Bereichern Sie Ihren Garten mit diesem handgefertigten, konisch zulaufenden Sockel aus Gusseisen (44cm, 22kg). Mit einer Spitzengr\u00f6\u00dfe von 24x24cm eine stimmungsvolle und starke Basis!\" \/>\n<meta property=\"og:url\" content=\"https:\/\/www.eliassen.nl\/de\/sockel-quadratisch-konisch-gusseisen-mit-verzierungen-44cm\/\" \/>\n<meta property=\"og:site_name\" content=\"Eliassen.nl\" \/>\n<meta property=\"article:publisher\" content=\"https:\/\/www.facebook.com\/TuincentrumEliassenAmmerzoden\" \/>\n<meta property=\"og:image\" content=\"https:\/\/www.eliassen.nl\/wp-content\/uploads\/2026\/03\/Sokkel-bewerkt-gietijzer-Eliassen.nl-CI-1017.jpg\" \/>\n\t<meta property=\"og:image:width\" content=\"1368\" \/>\n\t<meta property=\"og:image:height\" content=\"1706\" \/>\n\t<meta property=\"og:image:type\" content=\"image\/jpeg\" \/>\n<meta name=\"twitter:card\" content=\"summary_large_image\" \/>\n<script type=\"application\/ld+json\" class=\"yoast-schema-graph\">{\"@context\":\"https:\/\/schema.org\",\"@graph\":[{\"@type\":\"WebPage\",\"@id\":\"https:\/\/www.eliassen.nl\/de\/sockel-quadratisch-konisch-gusseisen-mit-verzierungen-44cm\/\",\"url\":\"https:\/\/www.eliassen.nl\/de\/sockel-quadratisch-konisch-gusseisen-mit-verzierungen-44cm\/\",\"name\":\"Sonstige Sockel quadratisch, konisch, Gusseisen mit Verzierungen 44cm - Eliassen.nl\",\"isPartOf\":{\"@id\":\"https:\/\/www.eliassen.nl\/de\/#website\"},\"primaryImageOfPage\":{\"@id\":\"https:\/\/www.eliassen.nl\/de\/sockel-quadratisch-konisch-gusseisen-mit-verzierungen-44cm\/#primaryimage\"},\"image\":{\"@id\":\"https:\/\/www.eliassen.nl\/de\/sockel-quadratisch-konisch-gusseisen-mit-verzierungen-44cm\/#primaryimage\"},\"thumbnailUrl\":\"https:\/\/www.eliassen.nl\/wp-content\/uploads\/2026\/03\/Sokkel-bewerkt-gietijzer-Eliassen.nl-CI-1017.jpg\",\"datePublished\":\"2026-03-18T13:23:00+00:00\",\"description\":\"Bereichern Sie Ihren Garten mit diesem handgefertigten, konisch zulaufenden Sockel aus Gusseisen (44cm, 22kg). Mit einer Spitzengr\u00f6\u00dfe von 24x24cm eine stimmungsvolle und starke Basis!\",\"breadcrumb\":{\"@id\":\"https:\/\/www.eliassen.nl\/de\/sockel-quadratisch-konisch-gusseisen-mit-verzierungen-44cm\/#breadcrumb\"},\"inLanguage\":\"de\",\"potentialAction\":[{\"@type\":\"ReadAction\",\"target\":[\"https:\/\/www.eliassen.nl\/de\/sockel-quadratisch-konisch-gusseisen-mit-verzierungen-44cm\/\"]}]},{\"@type\":\"ImageObject\",\"inLanguage\":\"de\",\"@id\":\"https:\/\/www.eliassen.nl\/de\/sockel-quadratisch-konisch-gusseisen-mit-verzierungen-44cm\/#primaryimage\",\"url\":\"https:\/\/www.eliassen.nl\/wp-content\/uploads\/2026\/03\/Sokkel-bewerkt-gietijzer-Eliassen.nl-CI-1017.jpg\",\"contentUrl\":\"https:\/\/www.eliassen.nl\/wp-content\/uploads\/2026\/03\/Sokkel-bewerkt-gietijzer-Eliassen.nl-CI-1017.jpg\",\"width\":1368,\"height\":1706,\"caption\":\"Sockel aus Gusseisen Eliassen.de\"},{\"@type\":\"BreadcrumbList\",\"@id\":\"https:\/\/www.eliassen.nl\/de\/sockel-quadratisch-konisch-gusseisen-mit-verzierungen-44cm\/#breadcrumb\",\"itemListElement\":[{\"@type\":\"ListItem\",\"position\":1,\"name\":\"Home\",\"item\":\"https:\/\/www.eliassen.nl\/de\/\"},{\"@type\":\"ListItem\",\"position\":2,\"name\":\"Shop\",\"item\":\"https:\/\/www.eliassen.nl\/de\/shop\/\"},{\"@type\":\"ListItem\",\"position\":3,\"name\":\"Blument\u00f6pfe und Pflanzgef\u00e4\u00dfe\",\"item\":\"https:\/\/www.eliassen.nl\/de\/blumentoepfe-und-pflanzgefaesse\/\"},{\"@type\":\"ListItem\",\"position\":4,\"name\":\"Sockel quadratisch, konisch, Gusseisen mit Verzierungen 44cm\"}]},{\"@type\":\"WebSite\",\"@id\":\"https:\/\/www.eliassen.nl\/de\/#website\",\"url\":\"https:\/\/www.eliassen.nl\/de\/\",\"name\":\"Eliassen Home & Garden Pleasure\",\"description\":\"\",\"publisher\":{\"@id\":\"https:\/\/www.eliassen.nl\/de\/#organization\"},\"alternateName\":\"Eliassen.nl\",\"potentialAction\":[{\"@type\":\"SearchAction\",\"target\":{\"@type\":\"EntryPoint\",\"urlTemplate\":\"https:\/\/www.eliassen.nl\/de\/?s={search_term_string}\"},\"query-input\":{\"@type\":\"PropertyValueSpecification\",\"valueRequired\":true,\"valueName\":\"search_term_string\"}}],\"inLanguage\":\"de\"},{\"@type\":[\"Organization\",\"Place\"],\"@id\":\"https:\/\/www.eliassen.nl\/de\/#organization\",\"name\":\"Eliassen Home & Garden Pleasure\",\"url\":\"https:\/\/www.eliassen.nl\/de\/\",\"logo\":{\"@id\":\"https:\/\/www.eliassen.nl\/de\/sockel-quadratisch-konisch-gusseisen-mit-verzierungen-44cm\/#local-main-organization-logo\"},\"image\":{\"@id\":\"https:\/\/www.eliassen.nl\/de\/sockel-quadratisch-konisch-gusseisen-mit-verzierungen-44cm\/#local-main-organization-logo\"},\"sameAs\":[\"https:\/\/www.facebook.com\/TuincentrumEliassenAmmerzoden\",\"https:\/\/www.instagram.com\/eliassenhomeandgarden\/\",\"https:\/\/nl.pinterest.com\/eliassenhomeandgarden\/\",\"https:\/\/www.youtube.com\/@eliassenhomegardenpleasure4558\"],\"telephone\":[],\"openingHoursSpecification\":[{\"@type\":\"OpeningHoursSpecification\",\"dayOfWeek\":[\"Monday\",\"Tuesday\",\"Wednesday\",\"Thursday\",\"Friday\",\"Saturday\",\"Sunday\"],\"opens\":\"09:00\",\"closes\":\"17:00\"}]},{\"@type\":\"ImageObject\",\"inLanguage\":\"de\",\"@id\":\"https:\/\/www.eliassen.nl\/de\/sockel-quadratisch-konisch-gusseisen-mit-verzierungen-44cm\/#local-main-organization-logo\",\"url\":\"https:\/\/www.eliassen.nl\/wp-content\/uploads\/2024\/01\/logo_4nd.jpg\",\"contentUrl\":\"https:\/\/www.eliassen.nl\/wp-content\/uploads\/2024\/01\/logo_4nd.jpg\",\"width\":500,\"height\":500,\"caption\":\"Eliassen Home & Garden Pleasure\"}]}<\/script>\n<meta property=\"product:price:amount\" content=\"185.00\" \/>\n<meta property=\"product:price:currency\" content=\"EUR\" \/>\n<meta property=\"og:availability\" content=\"instock\" \/>\n<meta property=\"product:availability\" content=\"instock\" \/>\n<meta property=\"product:retailer_item_id\" content=\"cl-1017\" \/>\n<meta property=\"product:condition\" content=\"new\" \/>\n<!-- \/ Yoast SEO Premium plugin. -->","yoast_head_json":{"title":"Sonstige Sockel quadratisch, konisch, Gusseisen mit Verzierungen 44cm - Eliassen.nl","description":"Bereichern Sie Ihren Garten mit diesem handgefertigten, konisch zulaufenden Sockel aus Gusseisen (44cm, 22kg). Mit einer Spitzengr\u00f6\u00dfe von 24x24cm eine stimmungsvolle und starke Basis!","robots":{"index":"index","follow":"follow","max-snippet":"max-snippet:-1","max-image-preview":"max-image-preview:large","max-video-preview":"max-video-preview:-1"},"canonical":"https:\/\/www.eliassen.nl\/de\/sockel-quadratisch-konisch-gusseisen-mit-verzierungen-44cm\/","og_locale":"de_DE","og_type":"article","og_title":"Sonstige Sockel quadratisch, konisch, Gusseisen mit Verzierungen 44cm - Eliassen.nl","og_description":"Bereichern Sie Ihren Garten mit diesem handgefertigten, konisch zulaufenden Sockel aus Gusseisen (44cm, 22kg). Mit einer Spitzengr\u00f6\u00dfe von 24x24cm eine stimmungsvolle und starke Basis!","og_url":"https:\/\/www.eliassen.nl\/de\/sockel-quadratisch-konisch-gusseisen-mit-verzierungen-44cm\/","og_site_name":"Eliassen.nl","article_publisher":"https:\/\/www.facebook.com\/TuincentrumEliassenAmmerzoden","og_image":[{"width":1368,"height":1706,"url":"https:\/\/www.eliassen.nl\/wp-content\/uploads\/2026\/03\/Sokkel-bewerkt-gietijzer-Eliassen.nl-CI-1017.jpg","type":"image\/jpeg"}],"twitter_card":"summary_large_image","schema":{"@context":"https:\/\/schema.org","@graph":[{"@type":"WebPage","@id":"https:\/\/www.eliassen.nl\/de\/sockel-quadratisch-konisch-gusseisen-mit-verzierungen-44cm\/","url":"https:\/\/www.eliassen.nl\/de\/sockel-quadratisch-konisch-gusseisen-mit-verzierungen-44cm\/","name":"Sonstige Sockel quadratisch, konisch, Gusseisen mit Verzierungen 44cm - Eliassen.nl","isPartOf":{"@id":"https:\/\/www.eliassen.nl\/de\/#website"},"primaryImageOfPage":{"@id":"https:\/\/www.eliassen.nl\/de\/sockel-quadratisch-konisch-gusseisen-mit-verzierungen-44cm\/#primaryimage"},"image":{"@id":"https:\/\/www.eliassen.nl\/de\/sockel-quadratisch-konisch-gusseisen-mit-verzierungen-44cm\/#primaryimage"},"thumbnailUrl":"https:\/\/www.eliassen.nl\/wp-content\/uploads\/2026\/03\/Sokkel-bewerkt-gietijzer-Eliassen.nl-CI-1017.jpg","datePublished":"2026-03-18T13:23:00+00:00","description":"Bereichern Sie Ihren Garten mit diesem handgefertigten, konisch zulaufenden Sockel aus Gusseisen (44cm, 22kg). Mit einer Spitzengr\u00f6\u00dfe von 24x24cm eine stimmungsvolle und starke Basis!","breadcrumb":{"@id":"https:\/\/www.eliassen.nl\/de\/sockel-quadratisch-konisch-gusseisen-mit-verzierungen-44cm\/#breadcrumb"},"inLanguage":"de","potentialAction":[{"@type":"ReadAction","target":["https:\/\/www.eliassen.nl\/de\/sockel-quadratisch-konisch-gusseisen-mit-verzierungen-44cm\/"]}]},{"@type":"ImageObject","inLanguage":"de","@id":"https:\/\/www.eliassen.nl\/de\/sockel-quadratisch-konisch-gusseisen-mit-verzierungen-44cm\/#primaryimage","url":"https:\/\/www.eliassen.nl\/wp-content\/uploads\/2026\/03\/Sokkel-bewerkt-gietijzer-Eliassen.nl-CI-1017.jpg","contentUrl":"https:\/\/www.eliassen.nl\/wp-content\/uploads\/2026\/03\/Sokkel-bewerkt-gietijzer-Eliassen.nl-CI-1017.jpg","width":1368,"height":1706,"caption":"Sockel aus Gusseisen Eliassen.de"},{"@type":"BreadcrumbList","@id":"https:\/\/www.eliassen.nl\/de\/sockel-quadratisch-konisch-gusseisen-mit-verzierungen-44cm\/#breadcrumb","itemListElement":[{"@type":"ListItem","position":1,"name":"Home","item":"https:\/\/www.eliassen.nl\/de\/"},{"@type":"ListItem","position":2,"name":"Shop","item":"https:\/\/www.eliassen.nl\/de\/shop\/"},{"@type":"ListItem","position":3,"name":"Blument\u00f6pfe und Pflanzgef\u00e4\u00dfe","item":"https:\/\/www.eliassen.nl\/de\/blumentoepfe-und-pflanzgefaesse\/"},{"@type":"ListItem","position":4,"name":"Sockel quadratisch, konisch, Gusseisen mit Verzierungen 44cm"}]},{"@type":"WebSite","@id":"https:\/\/www.eliassen.nl\/de\/#website","url":"https:\/\/www.eliassen.nl\/de\/","name":"Eliassen Home & Garden Pleasure","description":"","publisher":{"@id":"https:\/\/www.eliassen.nl\/de\/#organization"},"alternateName":"Eliassen.nl","potentialAction":[{"@type":"SearchAction","target":{"@type":"EntryPoint","urlTemplate":"https:\/\/www.eliassen.nl\/de\/?s={search_term_string}"},"query-input":{"@type":"PropertyValueSpecification","valueRequired":true,"valueName":"search_term_string"}}],"inLanguage":"de"},{"@type":["Organization","Place"],"@id":"https:\/\/www.eliassen.nl\/de\/#organization","name":"Eliassen Home & Garden Pleasure","url":"https:\/\/www.eliassen.nl\/de\/","logo":{"@id":"https:\/\/www.eliassen.nl\/de\/sockel-quadratisch-konisch-gusseisen-mit-verzierungen-44cm\/#local-main-organization-logo"},"image":{"@id":"https:\/\/www.eliassen.nl\/de\/sockel-quadratisch-konisch-gusseisen-mit-verzierungen-44cm\/#local-main-organization-logo"},"sameAs":["https:\/\/www.facebook.com\/TuincentrumEliassenAmmerzoden","https:\/\/www.instagram.com\/eliassenhomeandgarden\/","https:\/\/nl.pinterest.com\/eliassenhomeandgarden\/","https:\/\/www.youtube.com\/@eliassenhomegardenpleasure4558"],"telephone":[],"openingHoursSpecification":[{"@type":"OpeningHoursSpecification","dayOfWeek":["Monday","Tuesday","Wednesday","Thursday","Friday","Saturday","Sunday"],"opens":"09:00","closes":"17:00"}]},{"@type":"ImageObject","inLanguage":"de","@id":"https:\/\/www.eliassen.nl\/de\/sockel-quadratisch-konisch-gusseisen-mit-verzierungen-44cm\/#local-main-organization-logo","url":"https:\/\/www.eliassen.nl\/wp-content\/uploads\/2024\/01\/logo_4nd.jpg","contentUrl":"https:\/\/www.eliassen.nl\/wp-content\/uploads\/2024\/01\/logo_4nd.jpg","width":500,"height":500,"caption":"Eliassen Home & Garden Pleasure"}]},"product_price_amount":"185.00","product_price_currency":"EUR","og_availability":"instock","product_availability":"instock","product_retailer_item_id":"cl-1017","product_condition":"new"},"df_price":185,"df_sale_price":"","df_regular_price":185,"df_image_link":"https:\/\/www.eliassen.nl\/wp-content\/uploads\/2026\/03\/Sokkel-bewerkt-gietijzer-Eliassen.nl-CI-1017-241x300.jpg","image":"https:\/\/www.eliassen.nl\/wp-content\/uploads\/2026\/03\/Sokkel-bewerkt-gietijzer-Eliassen.nl-CI-1017-150x150.jpg","price_search":"<span class=\"woocommerce-Price-amount amount\"><bdi><span class=\"woocommerce-Price-currencySymbol\">&euro;<\/span>&nbsp;185,00<\/bdi><\/span>","category":"Blument\u00f6pfe und Pflanzgef\u00e4\u00dfe","global_unique_id":"6096520316350","_links":{"self":[{"href":"https:\/\/www.eliassen.nl\/de\/wp-json\/wp\/v2\/product\/208869","targetHints":{"allow":["GET"]}}],"collection":[{"href":"https:\/\/www.eliassen.nl\/de\/wp-json\/wp\/v2\/product"}],"about":[{"href":"https:\/\/www.eliassen.nl\/de\/wp-json\/wp\/v2\/types\/product"}],"wp:featuredmedia":[{"embeddable":true,"href":"https:\/\/www.eliassen.nl\/de\/wp-json\/wp\/v2\/media\/208254"}],"wp:attachment":[{"href":"https:\/\/www.eliassen.nl\/de\/wp-json\/wp\/v2\/media?parent=208869"}],"wp:term":[{"taxonomy":"product_brand","embeddable":true,"href":"https:\/\/www.eliassen.nl\/de\/wp-json\/wp\/v2\/product_brand?post=208869"},{"taxonomy":"product_cat","embeddable":true,"href":"https:\/\/www.eliassen.nl\/de\/wp-json\/wp\/v2\/product_cat?post=208869"},{"taxonomy":"product_tag","embeddable":true,"href":"https:\/\/www.eliassen.nl\/de\/wp-json\/wp\/v2\/product_tag?post=208869"}],"curies":[{"name":"wp","href":"https:\/\/api.w.org\/{rel}","templated":true}]}}