{"id":208859,"date":"2026-03-18T14:20:34","date_gmt":"2026-03-18T13:20:34","guid":{"rendered":"https:\/\/www.eliassen.nl\/product\/sockel-gusseisen-rund-romanisch-75cm\/"},"modified":"2026-03-18T14:20:34","modified_gmt":"2026-03-18T13:20:34","slug":"sockel-gusseisen-rund-romanisch-75cm","status":"publish","type":"product","link":"https:\/\/www.eliassen.nl\/de\/sockel-gusseisen-rund-romanisch-75cm\/","title":{"rendered":"Sockel Gusseisen rund romanisch 75cm"},"content":{"rendered":"<p data-path-to-node=\"1\">Gusseisen ist eine Legierung aus Eisen, Kohlenstoff und Silizium, die in einer Sandform gegossen wird. Dieses handwerkliche Verfahren wird seit dem achtzehnten und neunzehnten Jahrhundert verwendet, um sch\u00f6ne und stilvolle Dekorationen f\u00fcr den Garten zu schaffen. Das Material hat eine sehr lange Lebensdauer und ist felsenfest. Allerdings sollten Sie sich dar\u00fcber im Klaren sein, dass es brechen kann, wenn es hart aufgeschlagen oder fallen gelassen wird.<\/p>\n<p data-path-to-node=\"2\">Dieser runde romanische Sockel aus Gusseisen mit einer H\u00f6he von 75 Zentimetern ist eine elegante und zeitlose Erg\u00e4nzung f\u00fcr jeden Garten. Das Design zeigt einen schlanken, cannel\u00e9 (gerillten) runden Schaft, der auf einem massiven runden Sockel ruht, der sofort einen Hauch von historischer Eleganz vermittelt. Mit einem Gewicht von 45 Kilogramm ist dies ein stabiles und solides Modell. Die Basis misst 22&#215;75 Zentimeter, mit einer runden Oberseite von 25 Zentimetern Durchmesser und einer Basis von 22 Zentimetern Durchmesser. Sie ist die perfekte Basis f\u00fcr verschiedene Vasenmodelle, wie z.B. eine Gartenvase, eine Coupe-Vase, eine franz\u00f6sische Vase, eine Louvre-Vase oder eine Versailles-Vase.<\/p>\n<p data-path-to-node=\"3\">Bitte beachten Sie beim Hantieren und Aufstellen, dass die authentische rostbraune Farbe auf Ihre H\u00e4nde, Kleidung oder den B\u00fcrgersteig abf\u00e4rben kann. Beim Gie\u00dfen von Eisen kann es zu kleinen Unebenheiten, L\u00f6chern oder anderen Unregelm\u00e4\u00dfigkeiten kommen. Dies ist dem Gie\u00dfprozess inh\u00e4rent, v\u00f6llig normal und kann nicht Gegenstand von Reklamationen sein. Sie sind nat\u00fcrlich herzlich eingeladen, dieses romanische Exemplar selbst zu begutachten, denn in unserem Gesch\u00e4ft k\u00f6nnen Sie fast alles in natura sehen.<\/p>\n","protected":false},"excerpt":{"rendered":"<p>Dieser zeitlose runde Sockel aus romanischem Gusseisen mit einer H\u00f6he von 75 cm verf\u00fcgt \u00fcber einen verschn\u00f6rkelten Schaft aus Cannel\u00e9, der Ihrem Garten einen klassischen Look verleiht. Das stabile Modell wiegt 45 Kilogramm und bietet mit einem oberen Durchmesser von 25 Zentimetern eine solide Grundlage f\u00fcr Ihre Lieblingsgartenvase. Das authentische, robuste Gusseisen wird jahrelang halten und ist ein absoluter Blickfang.<\/p>\n","protected":false},"featured_media":208281,"template":"","meta":{"_acf_changed":false,"_genesis_title":"","_genesis_description":""},"product_brand":[7505],"product_cat":[722,1424,797,782],"product_tag":[],"class_list":{"0":"post-208859","1":"product","2":"type-product","3":"status-publish","4":"has-post-thumbnail","6":"product_brand-sonstige","7":"product_cat-blumentoepfe-und-pflanzgefaesse","8":"product_cat-gartenvasen-aus-gusseisen","9":"product_cat-metallsockel","10":"product_cat-sockel","12":"first","13":"instock","14":"taxable","15":"shipping-taxable","16":"purchasable","17":"product-type-simple"},"acf":[],"meta_all":{"cor_restricted_countries":[],"total_sales":"0"},"meta_all_flat":{"total_sales":"0"},"yoast_head":"<!-- This site is optimized with the Yoast SEO Premium plugin v26.2 (Yoast SEO v27.2) - https:\/\/yoast.com\/product\/yoast-seo-premium-wordpress\/ -->\n<title>Sonstige Sockel Gusseisen rund romanisch 75cm - Eliassen.nl<\/title>\n<meta name=\"description\" content=\"Bereichern Sie Ihren Garten mit dem klassischen runden gusseisernen Sockel Romanesque (75cm, 45kg, oberer \u00d825cm). Ein starker, rostbrauner Sockel f\u00fcr Ihre Lieblingsgartenvase!\" \/>\n<meta name=\"robots\" content=\"index, follow, max-snippet:-1, max-image-preview:large, max-video-preview:-1\" \/>\n<link rel=\"canonical\" href=\"https:\/\/www.eliassen.nl\/de\/sockel-gusseisen-rund-romanisch-75cm\/\" \/>\n<meta property=\"og:locale\" content=\"de_DE\" \/>\n<meta property=\"og:type\" content=\"article\" \/>\n<meta property=\"og:title\" content=\"Sonstige Sockel Gusseisen rund romanisch 75cm - Eliassen.nl\" \/>\n<meta property=\"og:description\" content=\"Bereichern Sie Ihren Garten mit dem klassischen runden gusseisernen Sockel Romanesque (75cm, 45kg, oberer \u00d825cm). Ein starker, rostbrauner Sockel f\u00fcr Ihre Lieblingsgartenvase!\" \/>\n<meta property=\"og:url\" content=\"https:\/\/www.eliassen.nl\/de\/sockel-gusseisen-rund-romanisch-75cm\/\" \/>\n<meta property=\"og:site_name\" content=\"Eliassen.nl\" \/>\n<meta property=\"article:publisher\" content=\"https:\/\/www.facebook.com\/TuincentrumEliassenAmmerzoden\" \/>\n<meta property=\"og:image\" content=\"https:\/\/www.eliassen.nl\/wp-content\/uploads\/2026\/03\/Sokkel-rond-gietijzer-Eliassen.nl-CI-751.jpg\" \/>\n\t<meta property=\"og:image:width\" content=\"480\" \/>\n\t<meta property=\"og:image:height\" content=\"640\" \/>\n\t<meta property=\"og:image:type\" content=\"image\/jpeg\" \/>\n<meta name=\"twitter:card\" content=\"summary_large_image\" \/>\n<script type=\"application\/ld+json\" class=\"yoast-schema-graph\">{\"@context\":\"https:\/\/schema.org\",\"@graph\":[{\"@type\":\"WebPage\",\"@id\":\"https:\/\/www.eliassen.nl\/de\/sockel-gusseisen-rund-romanisch-75cm\/\",\"url\":\"https:\/\/www.eliassen.nl\/de\/sockel-gusseisen-rund-romanisch-75cm\/\",\"name\":\"Sonstige Sockel Gusseisen rund romanisch 75cm - Eliassen.nl\",\"isPartOf\":{\"@id\":\"https:\/\/www.eliassen.nl\/de\/#website\"},\"primaryImageOfPage\":{\"@id\":\"https:\/\/www.eliassen.nl\/de\/sockel-gusseisen-rund-romanisch-75cm\/#primaryimage\"},\"image\":{\"@id\":\"https:\/\/www.eliassen.nl\/de\/sockel-gusseisen-rund-romanisch-75cm\/#primaryimage\"},\"thumbnailUrl\":\"https:\/\/www.eliassen.nl\/wp-content\/uploads\/2026\/03\/Sokkel-rond-gietijzer-Eliassen.nl-CI-751.jpg\",\"datePublished\":\"2026-03-18T13:20:34+00:00\",\"description\":\"Bereichern Sie Ihren Garten mit dem klassischen runden gusseisernen Sockel Romanesque (75cm, 45kg, oberer \u00d825cm). Ein starker, rostbrauner Sockel f\u00fcr Ihre Lieblingsgartenvase!\",\"breadcrumb\":{\"@id\":\"https:\/\/www.eliassen.nl\/de\/sockel-gusseisen-rund-romanisch-75cm\/#breadcrumb\"},\"inLanguage\":\"de\",\"potentialAction\":[{\"@type\":\"ReadAction\",\"target\":[\"https:\/\/www.eliassen.nl\/de\/sockel-gusseisen-rund-romanisch-75cm\/\"]}]},{\"@type\":\"ImageObject\",\"inLanguage\":\"de\",\"@id\":\"https:\/\/www.eliassen.nl\/de\/sockel-gusseisen-rund-romanisch-75cm\/#primaryimage\",\"url\":\"https:\/\/www.eliassen.nl\/wp-content\/uploads\/2026\/03\/Sokkel-rond-gietijzer-Eliassen.nl-CI-751.jpg\",\"contentUrl\":\"https:\/\/www.eliassen.nl\/wp-content\/uploads\/2026\/03\/Sokkel-rond-gietijzer-Eliassen.nl-CI-751.jpg\",\"width\":480,\"height\":640,\"caption\":\"Sockel aus Gusseisen rund Gusseisen - Eliassen.de\"},{\"@type\":\"BreadcrumbList\",\"@id\":\"https:\/\/www.eliassen.nl\/de\/sockel-gusseisen-rund-romanisch-75cm\/#breadcrumb\",\"itemListElement\":[{\"@type\":\"ListItem\",\"position\":1,\"name\":\"Home\",\"item\":\"https:\/\/www.eliassen.nl\/de\/\"},{\"@type\":\"ListItem\",\"position\":2,\"name\":\"Shop\",\"item\":\"https:\/\/www.eliassen.nl\/de\/shop\/\"},{\"@type\":\"ListItem\",\"position\":3,\"name\":\"Blument\u00f6pfe und Pflanzgef\u00e4\u00dfe\",\"item\":\"https:\/\/www.eliassen.nl\/de\/blumentoepfe-und-pflanzgefaesse\/\"},{\"@type\":\"ListItem\",\"position\":4,\"name\":\"Sockel Gusseisen rund romanisch 75cm\"}]},{\"@type\":\"WebSite\",\"@id\":\"https:\/\/www.eliassen.nl\/de\/#website\",\"url\":\"https:\/\/www.eliassen.nl\/de\/\",\"name\":\"Eliassen Home & Garden Pleasure\",\"description\":\"\",\"publisher\":{\"@id\":\"https:\/\/www.eliassen.nl\/de\/#organization\"},\"alternateName\":\"Eliassen.nl\",\"potentialAction\":[{\"@type\":\"SearchAction\",\"target\":{\"@type\":\"EntryPoint\",\"urlTemplate\":\"https:\/\/www.eliassen.nl\/de\/?s={search_term_string}\"},\"query-input\":{\"@type\":\"PropertyValueSpecification\",\"valueRequired\":true,\"valueName\":\"search_term_string\"}}],\"inLanguage\":\"de\"},{\"@type\":[\"Organization\",\"Place\"],\"@id\":\"https:\/\/www.eliassen.nl\/de\/#organization\",\"name\":\"Eliassen Home & Garden Pleasure\",\"url\":\"https:\/\/www.eliassen.nl\/de\/\",\"logo\":{\"@id\":\"https:\/\/www.eliassen.nl\/de\/sockel-gusseisen-rund-romanisch-75cm\/#local-main-organization-logo\"},\"image\":{\"@id\":\"https:\/\/www.eliassen.nl\/de\/sockel-gusseisen-rund-romanisch-75cm\/#local-main-organization-logo\"},\"sameAs\":[\"https:\/\/www.facebook.com\/TuincentrumEliassenAmmerzoden\",\"https:\/\/www.instagram.com\/eliassenhomeandgarden\/\",\"https:\/\/nl.pinterest.com\/eliassenhomeandgarden\/\",\"https:\/\/www.youtube.com\/@eliassenhomegardenpleasure4558\"],\"telephone\":[],\"openingHoursSpecification\":[{\"@type\":\"OpeningHoursSpecification\",\"dayOfWeek\":[\"Monday\",\"Tuesday\",\"Wednesday\",\"Thursday\",\"Friday\",\"Saturday\",\"Sunday\"],\"opens\":\"09:00\",\"closes\":\"17:00\"}]},{\"@type\":\"ImageObject\",\"inLanguage\":\"de\",\"@id\":\"https:\/\/www.eliassen.nl\/de\/sockel-gusseisen-rund-romanisch-75cm\/#local-main-organization-logo\",\"url\":\"https:\/\/www.eliassen.nl\/wp-content\/uploads\/2024\/01\/logo_4nd.jpg\",\"contentUrl\":\"https:\/\/www.eliassen.nl\/wp-content\/uploads\/2024\/01\/logo_4nd.jpg\",\"width\":500,\"height\":500,\"caption\":\"Eliassen Home & Garden Pleasure\"}]}<\/script>\n<meta property=\"product:price:amount\" content=\"179.00\" \/>\n<meta property=\"product:price:currency\" content=\"EUR\" \/>\n<meta property=\"og:availability\" content=\"instock\" \/>\n<meta property=\"product:availability\" content=\"instock\" \/>\n<meta property=\"product:retailer_item_id\" content=\"cl-751\" \/>\n<meta property=\"product:condition\" content=\"new\" \/>\n<!-- \/ Yoast SEO Premium plugin. -->","yoast_head_json":{"title":"Sonstige Sockel Gusseisen rund romanisch 75cm - Eliassen.nl","description":"Bereichern Sie Ihren Garten mit dem klassischen runden gusseisernen Sockel Romanesque (75cm, 45kg, oberer \u00d825cm). Ein starker, rostbrauner Sockel f\u00fcr Ihre Lieblingsgartenvase!","robots":{"index":"index","follow":"follow","max-snippet":"max-snippet:-1","max-image-preview":"max-image-preview:large","max-video-preview":"max-video-preview:-1"},"canonical":"https:\/\/www.eliassen.nl\/de\/sockel-gusseisen-rund-romanisch-75cm\/","og_locale":"de_DE","og_type":"article","og_title":"Sonstige Sockel Gusseisen rund romanisch 75cm - Eliassen.nl","og_description":"Bereichern Sie Ihren Garten mit dem klassischen runden gusseisernen Sockel Romanesque (75cm, 45kg, oberer \u00d825cm). Ein starker, rostbrauner Sockel f\u00fcr Ihre Lieblingsgartenvase!","og_url":"https:\/\/www.eliassen.nl\/de\/sockel-gusseisen-rund-romanisch-75cm\/","og_site_name":"Eliassen.nl","article_publisher":"https:\/\/www.facebook.com\/TuincentrumEliassenAmmerzoden","og_image":[{"width":480,"height":640,"url":"https:\/\/www.eliassen.nl\/wp-content\/uploads\/2026\/03\/Sokkel-rond-gietijzer-Eliassen.nl-CI-751.jpg","type":"image\/jpeg"}],"twitter_card":"summary_large_image","schema":{"@context":"https:\/\/schema.org","@graph":[{"@type":"WebPage","@id":"https:\/\/www.eliassen.nl\/de\/sockel-gusseisen-rund-romanisch-75cm\/","url":"https:\/\/www.eliassen.nl\/de\/sockel-gusseisen-rund-romanisch-75cm\/","name":"Sonstige Sockel Gusseisen rund romanisch 75cm - Eliassen.nl","isPartOf":{"@id":"https:\/\/www.eliassen.nl\/de\/#website"},"primaryImageOfPage":{"@id":"https:\/\/www.eliassen.nl\/de\/sockel-gusseisen-rund-romanisch-75cm\/#primaryimage"},"image":{"@id":"https:\/\/www.eliassen.nl\/de\/sockel-gusseisen-rund-romanisch-75cm\/#primaryimage"},"thumbnailUrl":"https:\/\/www.eliassen.nl\/wp-content\/uploads\/2026\/03\/Sokkel-rond-gietijzer-Eliassen.nl-CI-751.jpg","datePublished":"2026-03-18T13:20:34+00:00","description":"Bereichern Sie Ihren Garten mit dem klassischen runden gusseisernen Sockel Romanesque (75cm, 45kg, oberer \u00d825cm). Ein starker, rostbrauner Sockel f\u00fcr Ihre Lieblingsgartenvase!","breadcrumb":{"@id":"https:\/\/www.eliassen.nl\/de\/sockel-gusseisen-rund-romanisch-75cm\/#breadcrumb"},"inLanguage":"de","potentialAction":[{"@type":"ReadAction","target":["https:\/\/www.eliassen.nl\/de\/sockel-gusseisen-rund-romanisch-75cm\/"]}]},{"@type":"ImageObject","inLanguage":"de","@id":"https:\/\/www.eliassen.nl\/de\/sockel-gusseisen-rund-romanisch-75cm\/#primaryimage","url":"https:\/\/www.eliassen.nl\/wp-content\/uploads\/2026\/03\/Sokkel-rond-gietijzer-Eliassen.nl-CI-751.jpg","contentUrl":"https:\/\/www.eliassen.nl\/wp-content\/uploads\/2026\/03\/Sokkel-rond-gietijzer-Eliassen.nl-CI-751.jpg","width":480,"height":640,"caption":"Sockel aus Gusseisen rund Gusseisen - Eliassen.de"},{"@type":"BreadcrumbList","@id":"https:\/\/www.eliassen.nl\/de\/sockel-gusseisen-rund-romanisch-75cm\/#breadcrumb","itemListElement":[{"@type":"ListItem","position":1,"name":"Home","item":"https:\/\/www.eliassen.nl\/de\/"},{"@type":"ListItem","position":2,"name":"Shop","item":"https:\/\/www.eliassen.nl\/de\/shop\/"},{"@type":"ListItem","position":3,"name":"Blument\u00f6pfe und Pflanzgef\u00e4\u00dfe","item":"https:\/\/www.eliassen.nl\/de\/blumentoepfe-und-pflanzgefaesse\/"},{"@type":"ListItem","position":4,"name":"Sockel Gusseisen rund romanisch 75cm"}]},{"@type":"WebSite","@id":"https:\/\/www.eliassen.nl\/de\/#website","url":"https:\/\/www.eliassen.nl\/de\/","name":"Eliassen Home & Garden Pleasure","description":"","publisher":{"@id":"https:\/\/www.eliassen.nl\/de\/#organization"},"alternateName":"Eliassen.nl","potentialAction":[{"@type":"SearchAction","target":{"@type":"EntryPoint","urlTemplate":"https:\/\/www.eliassen.nl\/de\/?s={search_term_string}"},"query-input":{"@type":"PropertyValueSpecification","valueRequired":true,"valueName":"search_term_string"}}],"inLanguage":"de"},{"@type":["Organization","Place"],"@id":"https:\/\/www.eliassen.nl\/de\/#organization","name":"Eliassen Home & Garden Pleasure","url":"https:\/\/www.eliassen.nl\/de\/","logo":{"@id":"https:\/\/www.eliassen.nl\/de\/sockel-gusseisen-rund-romanisch-75cm\/#local-main-organization-logo"},"image":{"@id":"https:\/\/www.eliassen.nl\/de\/sockel-gusseisen-rund-romanisch-75cm\/#local-main-organization-logo"},"sameAs":["https:\/\/www.facebook.com\/TuincentrumEliassenAmmerzoden","https:\/\/www.instagram.com\/eliassenhomeandgarden\/","https:\/\/nl.pinterest.com\/eliassenhomeandgarden\/","https:\/\/www.youtube.com\/@eliassenhomegardenpleasure4558"],"telephone":[],"openingHoursSpecification":[{"@type":"OpeningHoursSpecification","dayOfWeek":["Monday","Tuesday","Wednesday","Thursday","Friday","Saturday","Sunday"],"opens":"09:00","closes":"17:00"}]},{"@type":"ImageObject","inLanguage":"de","@id":"https:\/\/www.eliassen.nl\/de\/sockel-gusseisen-rund-romanisch-75cm\/#local-main-organization-logo","url":"https:\/\/www.eliassen.nl\/wp-content\/uploads\/2024\/01\/logo_4nd.jpg","contentUrl":"https:\/\/www.eliassen.nl\/wp-content\/uploads\/2024\/01\/logo_4nd.jpg","width":500,"height":500,"caption":"Eliassen Home & Garden Pleasure"}]},"product_price_amount":"179.00","product_price_currency":"EUR","og_availability":"instock","product_availability":"instock","product_retailer_item_id":"cl-751","product_condition":"new"},"df_price":179,"df_sale_price":"","df_regular_price":179,"df_image_link":"https:\/\/www.eliassen.nl\/wp-content\/uploads\/2026\/03\/Sokkel-rond-gietijzer-Eliassen.nl-CI-751-225x300.jpg","image":"https:\/\/www.eliassen.nl\/wp-content\/uploads\/2026\/03\/Sokkel-rond-gietijzer-Eliassen.nl-CI-751-150x150.jpg","price_search":"<span class=\"woocommerce-Price-amount amount\"><bdi><span class=\"woocommerce-Price-currencySymbol\">&euro;<\/span>&nbsp;179,00<\/bdi><\/span>","category":"Blument\u00f6pfe und Pflanzgef\u00e4\u00dfe","global_unique_id":"6096522864828","_links":{"self":[{"href":"https:\/\/www.eliassen.nl\/de\/wp-json\/wp\/v2\/product\/208859","targetHints":{"allow":["GET"]}}],"collection":[{"href":"https:\/\/www.eliassen.nl\/de\/wp-json\/wp\/v2\/product"}],"about":[{"href":"https:\/\/www.eliassen.nl\/de\/wp-json\/wp\/v2\/types\/product"}],"wp:featuredmedia":[{"embeddable":true,"href":"https:\/\/www.eliassen.nl\/de\/wp-json\/wp\/v2\/media\/208281"}],"wp:attachment":[{"href":"https:\/\/www.eliassen.nl\/de\/wp-json\/wp\/v2\/media?parent=208859"}],"wp:term":[{"taxonomy":"product_brand","embeddable":true,"href":"https:\/\/www.eliassen.nl\/de\/wp-json\/wp\/v2\/product_brand?post=208859"},{"taxonomy":"product_cat","embeddable":true,"href":"https:\/\/www.eliassen.nl\/de\/wp-json\/wp\/v2\/product_cat?post=208859"},{"taxonomy":"product_tag","embeddable":true,"href":"https:\/\/www.eliassen.nl\/de\/wp-json\/wp\/v2\/product_tag?post=208859"}],"curies":[{"name":"wp","href":"https:\/\/api.w.org\/{rel}","templated":true}]}}