{"id":20878,"date":"2020-02-04T09:23:50","date_gmt":"2020-02-04T09:23:50","guid":{"rendered":"https:\/\/www.eliassen.nl\/?product=vogeldrinkschaal-basalt-ijsvogel"},"modified":"2025-11-27T15:42:27","modified_gmt":"2025-11-27T14:42:27","slug":"vogeltrinkschussel-basalt-eisvogel","status":"publish","type":"product","link":"https:\/\/www.eliassen.nl\/de\/product\/vogeltrinkschussel-basalt-eisvogel\/","title":{"rendered":"Vogel Trinkschale Basalt Eisvogel"},"content":{"rendered":"<p>Sch\u00f6ner Anblick im Garten; badende und trinkende V\u00f6gel&#8230;. eine Vogeltr\u00e4nke ist also ein Geschenk des Himmels und eine Zierde f\u00fcr Ihren Garten. Dieses Modell wird ein Leben lang halten, denn es ist aus Basaltstein gefertigt. Diese Vogelschale hat eine verspielte Form, da sie aus einem Basaltsteinblock gefertigt ist, der direkt aus der Felswand gehauen wurde.<\/p>\n<p>Da es sich um ein Naturprodukt handelt, kann das Foto in Farbe und Form der Trinkschale variieren.<\/p>\n<ul>\n<li>Gr\u00f6\u00dfe: ca. 35 cm breit und 50 cm hoch (ca.)<\/li>\n<li>Material: Basaltstein<\/li>\n<li>Oben poliert<\/li>\n<li>Diese solide Konstruktion<\/li>\n<li>Nirgendwo sonst zu verkaufen.<\/li>\n<\/ul>\n","protected":false},"excerpt":{"rendered":"<p>Sch\u00f6ner Anblick im Garten; badende und trinkende V\u00f6gel&#8230;. eine Vogeltr\u00e4nke ist also ein Geschenk des Himmels und eine Zierde f\u00fcr Ihren Garten. Dieses Modell wird ein Leben lang halten, denn es ist aus Basaltstein gefertigt. Diese Vogelschale hat eine verspielte Form, da sie aus einem Basaltsteinblock gefertigt ist, der direkt aus der Felswand gehauen wurde. &hellip;<\/p>\n","protected":false},"featured_media":20872,"template":"","meta":{"_acf_changed":false,"_genesis_title":"","_genesis_description":""},"product_brand":[7505],"product_cat":[707],"product_tag":[],"class_list":{"0":"post-20878","1":"product","2":"type-product","3":"status-publish","4":"has-post-thumbnail","6":"product_brand-sonstige","7":"product_cat-vogeltraenken","9":"first","10":"instock","11":"taxable","12":"shipping-taxable","13":"purchasable","14":"product-type-simple"},"acf":[],"meta_all":{"total_sales":"4","wcml_sync_hash":{"postmeta_fields":"ed512b0534169e81afeda889a33580ad"},"attr_label_translations":[]},"meta_all_flat":{"total_sales":"4","wcml_sync_hash.postmeta_fields":"ed512b0534169e81afeda889a33580ad"},"yoast_head":"<!-- This site is optimized with the Yoast SEO Premium plugin v26.2 (Yoast SEO v27.2) - https:\/\/yoast.com\/product\/yoast-seo-premium-wordpress\/ -->\n<title>Vogel-Trinkschale Basalt Eisvogel - Eliassen<\/title>\n<meta name=\"description\" content=\"Suchen Sie eine Vogeltr\u00e4nke? Bestellen Sie jetzt Vogeltrinkschale Basalt Kingfisher. Kaufen Sie Vogelb\u00e4der einfach auf unserer Website. Gro\u00dfe Auswahl \u2713 Schnelle Lieferung\" \/>\n<meta name=\"robots\" content=\"index, follow, max-snippet:-1, max-image-preview:large, max-video-preview:-1\" \/>\n<link rel=\"canonical\" href=\"https:\/\/www.eliassen.nl\/de\/product\/vogeltrinkschussel-basalt-eisvogel\/\" \/>\n<meta property=\"og:locale\" content=\"de_DE\" \/>\n<meta property=\"og:type\" content=\"article\" \/>\n<meta property=\"og:title\" content=\"Sonstige Vogel Trinkschale Basalt Eisvogel - Eliassen.nl\" \/>\n<meta property=\"og:description\" content=\"Suchen Sie eine Vogeltr\u00e4nke? Bestellen Sie jetzt Vogeltrinkschale Basalt Kingfisher. Kaufen Sie Vogelb\u00e4der einfach auf unserer Website. Gro\u00dfe Auswahl \u2713 Schnelle Lieferung\" \/>\n<meta property=\"og:url\" content=\"https:\/\/www.eliassen.nl\/de\/product\/vogeltrinkschussel-basalt-eisvogel\/\" \/>\n<meta property=\"og:site_name\" content=\"Eliassen.nl\" \/>\n<meta property=\"article:publisher\" content=\"https:\/\/www.facebook.com\/TuincentrumEliassenAmmerzoden\" \/>\n<meta property=\"article:modified_time\" content=\"2025-11-27T14:42:27+00:00\" \/>\n<meta property=\"og:image\" content=\"https:\/\/www.eliassen.nl\/wp-content\/uploads\/2024\/01\/eliassenvogeldrinkschaalbasaltijsvogel.jpg\" \/>\n\t<meta property=\"og:image:width\" content=\"178\" \/>\n\t<meta property=\"og:image:height\" content=\"178\" \/>\n\t<meta property=\"og:image:type\" content=\"image\/jpeg\" \/>\n<meta name=\"twitter:card\" content=\"summary_large_image\" \/>\n<script type=\"application\/ld+json\" class=\"yoast-schema-graph\">{\"@context\":\"https:\/\/schema.org\",\"@graph\":[{\"@type\":\"WebPage\",\"@id\":\"https:\/\/www.eliassen.nl\/de\/product\/vogeltrinkschussel-basalt-eisvogel\/\",\"url\":\"https:\/\/www.eliassen.nl\/de\/product\/vogeltrinkschussel-basalt-eisvogel\/\",\"name\":\"Vogel-Trinkschale Basalt Eisvogel - Eliassen\",\"isPartOf\":{\"@id\":\"https:\/\/www.eliassen.nl\/de\/#website\"},\"primaryImageOfPage\":{\"@id\":\"https:\/\/www.eliassen.nl\/de\/product\/vogeltrinkschussel-basalt-eisvogel\/#primaryimage\"},\"image\":{\"@id\":\"https:\/\/www.eliassen.nl\/de\/product\/vogeltrinkschussel-basalt-eisvogel\/#primaryimage\"},\"thumbnailUrl\":\"https:\/\/www.eliassen.nl\/wp-content\/uploads\/2024\/01\/eliassenvogeldrinkschaalbasaltijsvogel.jpg\",\"datePublished\":\"2020-02-04T09:23:50+00:00\",\"dateModified\":\"2025-11-27T14:42:27+00:00\",\"description\":\"Suchen Sie eine Vogeltr\u00e4nke? Bestellen Sie jetzt Vogeltrinkschale Basalt Kingfisher. Kaufen Sie Vogelb\u00e4der einfach auf unserer Website. Gro\u00dfe Auswahl \u2713 Schnelle Lieferung\",\"breadcrumb\":{\"@id\":\"https:\/\/www.eliassen.nl\/de\/product\/vogeltrinkschussel-basalt-eisvogel\/#breadcrumb\"},\"inLanguage\":\"de\",\"potentialAction\":[{\"@type\":\"ReadAction\",\"target\":[\"https:\/\/www.eliassen.nl\/de\/product\/vogeltrinkschussel-basalt-eisvogel\/\"]}]},{\"@type\":\"ImageObject\",\"inLanguage\":\"de\",\"@id\":\"https:\/\/www.eliassen.nl\/de\/product\/vogeltrinkschussel-basalt-eisvogel\/#primaryimage\",\"url\":\"https:\/\/www.eliassen.nl\/wp-content\/uploads\/2024\/01\/eliassenvogeldrinkschaalbasaltijsvogel.jpg\",\"contentUrl\":\"https:\/\/www.eliassen.nl\/wp-content\/uploads\/2024\/01\/eliassenvogeldrinkschaalbasaltijsvogel.jpg\",\"width\":178,\"height\":178,\"caption\":\"eliassen-vogel trinkschale-basalt-eisvogel\"},{\"@type\":\"BreadcrumbList\",\"@id\":\"https:\/\/www.eliassen.nl\/de\/product\/vogeltrinkschussel-basalt-eisvogel\/#breadcrumb\",\"itemListElement\":[{\"@type\":\"ListItem\",\"position\":1,\"name\":\"Home\",\"item\":\"https:\/\/www.eliassen.nl\/de\/\"},{\"@type\":\"ListItem\",\"position\":2,\"name\":\"Shop\",\"item\":\"https:\/\/www.eliassen.nl\/de\/shop\/\"},{\"@type\":\"ListItem\",\"position\":3,\"name\":\"Vogeltr\u00e4nken\",\"item\":\"https:\/\/www.eliassen.nl\/de\/vogeltraenken\/\"},{\"@type\":\"ListItem\",\"position\":4,\"name\":\"Vogel Trinkschale Basalt Eisvogel\"}]},{\"@type\":\"WebSite\",\"@id\":\"https:\/\/www.eliassen.nl\/de\/#website\",\"url\":\"https:\/\/www.eliassen.nl\/de\/\",\"name\":\"Eliassen Home & Garden Pleasure\",\"description\":\"\",\"publisher\":{\"@id\":\"https:\/\/www.eliassen.nl\/de\/#organization\"},\"alternateName\":\"Eliassen.nl\",\"potentialAction\":[{\"@type\":\"SearchAction\",\"target\":{\"@type\":\"EntryPoint\",\"urlTemplate\":\"https:\/\/www.eliassen.nl\/de\/?s={search_term_string}\"},\"query-input\":{\"@type\":\"PropertyValueSpecification\",\"valueRequired\":true,\"valueName\":\"search_term_string\"}}],\"inLanguage\":\"de\"},{\"@type\":[\"Organization\",\"Place\"],\"@id\":\"https:\/\/www.eliassen.nl\/de\/#organization\",\"name\":\"Eliassen Home & Garden Pleasure\",\"url\":\"https:\/\/www.eliassen.nl\/de\/\",\"logo\":{\"@id\":\"https:\/\/www.eliassen.nl\/de\/product\/vogeltrinkschussel-basalt-eisvogel\/#local-main-organization-logo\"},\"image\":{\"@id\":\"https:\/\/www.eliassen.nl\/de\/product\/vogeltrinkschussel-basalt-eisvogel\/#local-main-organization-logo\"},\"sameAs\":[\"https:\/\/www.facebook.com\/TuincentrumEliassenAmmerzoden\",\"https:\/\/www.instagram.com\/eliassenhomeandgarden\/\",\"https:\/\/nl.pinterest.com\/eliassenhomeandgarden\/\",\"https:\/\/www.youtube.com\/@eliassenhomegardenpleasure4558\"],\"telephone\":[],\"openingHoursSpecification\":[{\"@type\":\"OpeningHoursSpecification\",\"dayOfWeek\":[\"Monday\",\"Tuesday\",\"Wednesday\",\"Thursday\",\"Friday\",\"Saturday\",\"Sunday\"],\"opens\":\"09:00\",\"closes\":\"17:00\"}]},{\"@type\":\"ImageObject\",\"inLanguage\":\"de\",\"@id\":\"https:\/\/www.eliassen.nl\/de\/product\/vogeltrinkschussel-basalt-eisvogel\/#local-main-organization-logo\",\"url\":\"https:\/\/www.eliassen.nl\/wp-content\/uploads\/2024\/01\/logo_4nd.jpg\",\"contentUrl\":\"https:\/\/www.eliassen.nl\/wp-content\/uploads\/2024\/01\/logo_4nd.jpg\",\"width\":500,\"height\":500,\"caption\":\"Eliassen Home & Garden Pleasure\"}]}<\/script>\n<meta property=\"product:price:amount\" content=\"149.00\" \/>\n<meta property=\"product:price:currency\" content=\"EUR\" \/>\n<meta property=\"og:availability\" content=\"instock\" \/>\n<meta property=\"product:availability\" content=\"instock\" \/>\n<meta property=\"product:retailer_item_id\" content=\"Ijsvogel\" \/>\n<meta property=\"product:condition\" content=\"new\" \/>\n<!-- \/ Yoast SEO Premium plugin. -->","yoast_head_json":{"title":"Vogel-Trinkschale Basalt Eisvogel - Eliassen","description":"Suchen Sie eine Vogeltr\u00e4nke? Bestellen Sie jetzt Vogeltrinkschale Basalt Kingfisher. Kaufen Sie Vogelb\u00e4der einfach auf unserer Website. Gro\u00dfe Auswahl \u2713 Schnelle Lieferung","robots":{"index":"index","follow":"follow","max-snippet":"max-snippet:-1","max-image-preview":"max-image-preview:large","max-video-preview":"max-video-preview:-1"},"canonical":"https:\/\/www.eliassen.nl\/de\/product\/vogeltrinkschussel-basalt-eisvogel\/","og_locale":"de_DE","og_type":"article","og_title":"Sonstige Vogel Trinkschale Basalt Eisvogel - Eliassen.nl","og_description":"Suchen Sie eine Vogeltr\u00e4nke? Bestellen Sie jetzt Vogeltrinkschale Basalt Kingfisher. Kaufen Sie Vogelb\u00e4der einfach auf unserer Website. Gro\u00dfe Auswahl \u2713 Schnelle Lieferung","og_url":"https:\/\/www.eliassen.nl\/de\/product\/vogeltrinkschussel-basalt-eisvogel\/","og_site_name":"Eliassen.nl","article_publisher":"https:\/\/www.facebook.com\/TuincentrumEliassenAmmerzoden","article_modified_time":"2025-11-27T14:42:27+00:00","og_image":[{"width":178,"height":178,"url":"https:\/\/www.eliassen.nl\/wp-content\/uploads\/2024\/01\/eliassenvogeldrinkschaalbasaltijsvogel.jpg","type":"image\/jpeg"}],"twitter_card":"summary_large_image","schema":{"@context":"https:\/\/schema.org","@graph":[{"@type":"WebPage","@id":"https:\/\/www.eliassen.nl\/de\/product\/vogeltrinkschussel-basalt-eisvogel\/","url":"https:\/\/www.eliassen.nl\/de\/product\/vogeltrinkschussel-basalt-eisvogel\/","name":"Vogel-Trinkschale Basalt Eisvogel - Eliassen","isPartOf":{"@id":"https:\/\/www.eliassen.nl\/de\/#website"},"primaryImageOfPage":{"@id":"https:\/\/www.eliassen.nl\/de\/product\/vogeltrinkschussel-basalt-eisvogel\/#primaryimage"},"image":{"@id":"https:\/\/www.eliassen.nl\/de\/product\/vogeltrinkschussel-basalt-eisvogel\/#primaryimage"},"thumbnailUrl":"https:\/\/www.eliassen.nl\/wp-content\/uploads\/2024\/01\/eliassenvogeldrinkschaalbasaltijsvogel.jpg","datePublished":"2020-02-04T09:23:50+00:00","dateModified":"2025-11-27T14:42:27+00:00","description":"Suchen Sie eine Vogeltr\u00e4nke? Bestellen Sie jetzt Vogeltrinkschale Basalt Kingfisher. Kaufen Sie Vogelb\u00e4der einfach auf unserer Website. Gro\u00dfe Auswahl \u2713 Schnelle Lieferung","breadcrumb":{"@id":"https:\/\/www.eliassen.nl\/de\/product\/vogeltrinkschussel-basalt-eisvogel\/#breadcrumb"},"inLanguage":"de","potentialAction":[{"@type":"ReadAction","target":["https:\/\/www.eliassen.nl\/de\/product\/vogeltrinkschussel-basalt-eisvogel\/"]}]},{"@type":"ImageObject","inLanguage":"de","@id":"https:\/\/www.eliassen.nl\/de\/product\/vogeltrinkschussel-basalt-eisvogel\/#primaryimage","url":"https:\/\/www.eliassen.nl\/wp-content\/uploads\/2024\/01\/eliassenvogeldrinkschaalbasaltijsvogel.jpg","contentUrl":"https:\/\/www.eliassen.nl\/wp-content\/uploads\/2024\/01\/eliassenvogeldrinkschaalbasaltijsvogel.jpg","width":178,"height":178,"caption":"eliassen-vogel trinkschale-basalt-eisvogel"},{"@type":"BreadcrumbList","@id":"https:\/\/www.eliassen.nl\/de\/product\/vogeltrinkschussel-basalt-eisvogel\/#breadcrumb","itemListElement":[{"@type":"ListItem","position":1,"name":"Home","item":"https:\/\/www.eliassen.nl\/de\/"},{"@type":"ListItem","position":2,"name":"Shop","item":"https:\/\/www.eliassen.nl\/de\/shop\/"},{"@type":"ListItem","position":3,"name":"Vogeltr\u00e4nken","item":"https:\/\/www.eliassen.nl\/de\/vogeltraenken\/"},{"@type":"ListItem","position":4,"name":"Vogel Trinkschale Basalt Eisvogel"}]},{"@type":"WebSite","@id":"https:\/\/www.eliassen.nl\/de\/#website","url":"https:\/\/www.eliassen.nl\/de\/","name":"Eliassen Home & Garden Pleasure","description":"","publisher":{"@id":"https:\/\/www.eliassen.nl\/de\/#organization"},"alternateName":"Eliassen.nl","potentialAction":[{"@type":"SearchAction","target":{"@type":"EntryPoint","urlTemplate":"https:\/\/www.eliassen.nl\/de\/?s={search_term_string}"},"query-input":{"@type":"PropertyValueSpecification","valueRequired":true,"valueName":"search_term_string"}}],"inLanguage":"de"},{"@type":["Organization","Place"],"@id":"https:\/\/www.eliassen.nl\/de\/#organization","name":"Eliassen Home & Garden Pleasure","url":"https:\/\/www.eliassen.nl\/de\/","logo":{"@id":"https:\/\/www.eliassen.nl\/de\/product\/vogeltrinkschussel-basalt-eisvogel\/#local-main-organization-logo"},"image":{"@id":"https:\/\/www.eliassen.nl\/de\/product\/vogeltrinkschussel-basalt-eisvogel\/#local-main-organization-logo"},"sameAs":["https:\/\/www.facebook.com\/TuincentrumEliassenAmmerzoden","https:\/\/www.instagram.com\/eliassenhomeandgarden\/","https:\/\/nl.pinterest.com\/eliassenhomeandgarden\/","https:\/\/www.youtube.com\/@eliassenhomegardenpleasure4558"],"telephone":[],"openingHoursSpecification":[{"@type":"OpeningHoursSpecification","dayOfWeek":["Monday","Tuesday","Wednesday","Thursday","Friday","Saturday","Sunday"],"opens":"09:00","closes":"17:00"}]},{"@type":"ImageObject","inLanguage":"de","@id":"https:\/\/www.eliassen.nl\/de\/product\/vogeltrinkschussel-basalt-eisvogel\/#local-main-organization-logo","url":"https:\/\/www.eliassen.nl\/wp-content\/uploads\/2024\/01\/logo_4nd.jpg","contentUrl":"https:\/\/www.eliassen.nl\/wp-content\/uploads\/2024\/01\/logo_4nd.jpg","width":500,"height":500,"caption":"Eliassen Home & Garden Pleasure"}]},"product_price_amount":"149.00","product_price_currency":"EUR","og_availability":"instock","product_availability":"instock","product_retailer_item_id":"Ijsvogel","product_condition":"new"},"df_price":149,"df_sale_price":"","df_regular_price":149,"df_image_link":"https:\/\/www.eliassen.nl\/wp-content\/uploads\/2024\/01\/eliassenvogeldrinkschaalbasaltijsvogel.jpg","image":"https:\/\/www.eliassen.nl\/wp-content\/uploads\/2024\/01\/eliassenvogeldrinkschaalbasaltijsvogel.jpg","price_search":"<span class=\"woocommerce-Price-amount amount\"><bdi><span class=\"woocommerce-Price-currencySymbol\">&euro;<\/span>&nbsp;149,00<\/bdi><\/span>","category":"Vogeltr\u00e4nken","global_unique_id":"6013821037081","_links":{"self":[{"href":"https:\/\/www.eliassen.nl\/de\/wp-json\/wp\/v2\/product\/20878","targetHints":{"allow":["GET"]}}],"collection":[{"href":"https:\/\/www.eliassen.nl\/de\/wp-json\/wp\/v2\/product"}],"about":[{"href":"https:\/\/www.eliassen.nl\/de\/wp-json\/wp\/v2\/types\/product"}],"wp:featuredmedia":[{"embeddable":true,"href":"https:\/\/www.eliassen.nl\/de\/wp-json\/wp\/v2\/media\/20872"}],"wp:attachment":[{"href":"https:\/\/www.eliassen.nl\/de\/wp-json\/wp\/v2\/media?parent=20878"}],"wp:term":[{"taxonomy":"product_brand","embeddable":true,"href":"https:\/\/www.eliassen.nl\/de\/wp-json\/wp\/v2\/product_brand?post=20878"},{"taxonomy":"product_cat","embeddable":true,"href":"https:\/\/www.eliassen.nl\/de\/wp-json\/wp\/v2\/product_cat?post=20878"},{"taxonomy":"product_tag","embeddable":true,"href":"https:\/\/www.eliassen.nl\/de\/wp-json\/wp\/v2\/product_tag?post=20878"}],"curies":[{"name":"wp","href":"https:\/\/api.w.org\/{rel}","templated":true}]}}