{"id":208387,"date":"2026-03-13T16:44:11","date_gmt":"2026-03-13T15:44:11","guid":{"rendered":"https:\/\/www.eliassen.nl\/?post_type=product&#038;p=208387"},"modified":"2026-03-20T12:01:36","modified_gmt":"2026-03-20T11:01:36","slug":"afrikanische-bronzestatue-schaukelndes-paar-22cm-kopie","status":"publish","type":"product","link":"https:\/\/www.eliassen.nl\/de\/afrikanische-bronzestatue-schaukelndes-paar-22cm-kopie\/","title":{"rendered":"Afrikanische Bronzestatue sitzende Frau mit goldgeripptem Kleid 23cm"},"content":{"rendered":"<p>Sch\u00f6ne, massive Bronzestatue einer sitzenden Mutter in einem goldenen Kleid aus hochwertiger Bronze. Wundersch\u00f6n f\u00fcr Ihr Zuhause oder als Geschenk.<\/p>\n<p>Diese Skulptur wird auf sehr primitive Weise hergestellt, so wie es schon seit Hunderten von Jahren gemacht wird. Dazu wird ein holzbefeuerter Schmelzofen verwendet und in eine Form gegossen, die jedes Mal erneuert werden muss. Nach dem Gussprozess wird die Bronzeskulptur weiter poliert, geschliffen und bemalt.<\/p>\n<p>Dieses Produkt tr\u00e4gt zur Besch\u00e4ftigung im Sahelland Burkino Faso bei. Die Menschen dort sind uns sehr dankbar f\u00fcr die Bestellungen und daf\u00fcr, dass ein fairer Preis daf\u00fcr gezahlt wird, der es den Menschen dort erm\u00f6glicht, einen angemessenen Lebensunterhalt zu verdienen.<\/p>\n<p>In unserem Gesch\u00e4ft haben wir sehr viele Sockel und S\u00e4ulen, auf denen diese Bronzeskulptur wundersch\u00f6n pr\u00e4sentiert wird. kommen Sie und sehen Sie es sich selbst an.<\/p>\n<ul>\n<li>Gr\u00f6\u00dfe: 14x4x23cm.<\/li>\n<li>Farbe: Schwarz und Gold.<\/li>\n<li>Einzigartiges Produkt aus fairem Handel.<\/li>\n<li>Material: Massive Bronze<\/li>\n<li>15 Jahre Garantie.<\/li>\n<li><strong>Sehr viele aus dieser Serie von Bronzeskulpturen k\u00f6nnen Sie auch live in unserem Shop besichtigen!<\/strong><\/li>\n<\/ul>\n","protected":false},"excerpt":{"rendered":"<p>Nach klassischer Art hergestellt \u2713 Produkt aus fairem Handel<\/p>\n","protected":false},"featured_media":208397,"template":"","meta":{"_acf_changed":false,"_genesis_title":"","_genesis_description":""},"product_brand":[7505],"product_cat":[1373,613],"product_tag":[],"class_list":{"0":"post-208387","1":"product","2":"type-product","3":"status-publish","4":"has-post-thumbnail","6":"product_brand-sonstige","7":"product_cat-afrikanische-bronzestatuen","8":"product_cat-bronzestatuen","10":"first","11":"instock","12":"taxable","13":"shipping-taxable","14":"purchasable","15":"product-type-simple"},"acf":[],"meta_all":{"total_sales":"0","wcml_sync_hash":{"postmeta_fields":"a6aa0339456b68141e852cf09b7c7581"},"attr_label_translations":[],"cor_restricted_countries":[],"wpseo_global_identifier_values":{"gtin8":"","gtin12":"","gtin13":"","gtin14":"","isbn":"","mpn":""}},"meta_all_flat":{"total_sales":"0","wcml_sync_hash.postmeta_fields":"a6aa0339456b68141e852cf09b7c7581","wpseo_global_identifier_values.gtin8":"","wpseo_global_identifier_values.gtin12":"","wpseo_global_identifier_values.gtin13":"","wpseo_global_identifier_values.gtin14":"","wpseo_global_identifier_values.isbn":"","wpseo_global_identifier_values.mpn":""},"yoast_head":"<!-- This site is optimized with the Yoast SEO Premium plugin v26.2 (Yoast SEO v27.2) - https:\/\/yoast.com\/product\/yoast-seo-premium-wordpress\/ -->\n<title>Afrikanische Bronzestatue Schaukelndes Paar 22cm<\/title>\n<meta name=\"description\" content=\"Eine sch\u00f6ne afrikanische Bronzestatue einer sitzenden Dame in einem goldenen Kleid. V\u00f6llig bronzefarben und schnell verf\u00fcgbar. Fairtrade-Produkt.\" \/>\n<meta name=\"robots\" content=\"index, follow, max-snippet:-1, max-image-preview:large, max-video-preview:-1\" \/>\n<link rel=\"canonical\" href=\"https:\/\/www.eliassen.nl\/de\/afrikanische-bronzestatue-schaukelndes-paar-22cm-kopie\/\" \/>\n<meta property=\"og:locale\" content=\"de_DE\" \/>\n<meta property=\"og:type\" content=\"article\" \/>\n<meta property=\"og:title\" content=\"Sonstige Afrikanische Bronzestatue sitzende Frau mit goldgeripptem Kleid 23cm - Eliassen.nl\" \/>\n<meta property=\"og:description\" content=\"Eine sch\u00f6ne afrikanische Bronzestatue einer sitzenden Dame in einem goldenen Kleid. V\u00f6llig bronzefarben und schnell verf\u00fcgbar. Fairtrade-Produkt.\" \/>\n<meta property=\"og:url\" content=\"https:\/\/www.eliassen.nl\/de\/afrikanische-bronzestatue-schaukelndes-paar-22cm-kopie\/\" \/>\n<meta property=\"og:site_name\" content=\"Eliassen.nl\" \/>\n<meta property=\"article:publisher\" content=\"https:\/\/www.facebook.com\/TuincentrumEliassenAmmerzoden\" \/>\n<meta property=\"article:modified_time\" content=\"2026-03-20T11:01:36+00:00\" \/>\n<meta property=\"og:image\" content=\"https:\/\/www.eliassen.nl\/wp-content\/uploads\/2026\/03\/Afrikaans-bronzen-beeld-zittende-vrouw-met-goud-geribbelde-jurk-23cm-eliassen.nl-1-scaled.jpg\" \/>\n\t<meta property=\"og:image:width\" content=\"1928\" \/>\n\t<meta property=\"og:image:height\" content=\"2560\" \/>\n\t<meta property=\"og:image:type\" content=\"image\/jpeg\" \/>\n<meta name=\"twitter:card\" content=\"summary_large_image\" \/>\n<script type=\"application\/ld+json\" class=\"yoast-schema-graph\">{\"@context\":\"https:\/\/schema.org\",\"@graph\":[{\"@type\":\"WebPage\",\"@id\":\"https:\/\/www.eliassen.nl\/de\/afrikanische-bronzestatue-schaukelndes-paar-22cm-kopie\/\",\"url\":\"https:\/\/www.eliassen.nl\/de\/afrikanische-bronzestatue-schaukelndes-paar-22cm-kopie\/\",\"name\":\"Afrikanische Bronzestatue Schaukelndes Paar 22cm\",\"isPartOf\":{\"@id\":\"https:\/\/www.eliassen.nl\/de\/#website\"},\"primaryImageOfPage\":{\"@id\":\"https:\/\/www.eliassen.nl\/de\/afrikanische-bronzestatue-schaukelndes-paar-22cm-kopie\/#primaryimage\"},\"image\":{\"@id\":\"https:\/\/www.eliassen.nl\/de\/afrikanische-bronzestatue-schaukelndes-paar-22cm-kopie\/#primaryimage\"},\"thumbnailUrl\":\"https:\/\/www.eliassen.nl\/wp-content\/uploads\/2026\/03\/Afrikaans-bronzen-beeld-zittende-vrouw-met-goud-geribbelde-jurk-23cm-eliassen.nl-1-scaled.jpg\",\"datePublished\":\"2026-03-13T15:44:11+00:00\",\"dateModified\":\"2026-03-20T11:01:36+00:00\",\"description\":\"Eine sch\u00f6ne afrikanische Bronzestatue einer sitzenden Dame in einem goldenen Kleid. V\u00f6llig bronzefarben und schnell verf\u00fcgbar. Fairtrade-Produkt.\",\"breadcrumb\":{\"@id\":\"https:\/\/www.eliassen.nl\/de\/afrikanische-bronzestatue-schaukelndes-paar-22cm-kopie\/#breadcrumb\"},\"inLanguage\":\"de\",\"potentialAction\":[{\"@type\":\"ReadAction\",\"target\":[\"https:\/\/www.eliassen.nl\/de\/afrikanische-bronzestatue-schaukelndes-paar-22cm-kopie\/\"]}]},{\"@type\":\"ImageObject\",\"inLanguage\":\"de\",\"@id\":\"https:\/\/www.eliassen.nl\/de\/afrikanische-bronzestatue-schaukelndes-paar-22cm-kopie\/#primaryimage\",\"url\":\"https:\/\/www.eliassen.nl\/wp-content\/uploads\/2026\/03\/Afrikaans-bronzen-beeld-zittende-vrouw-met-goud-geribbelde-jurk-23cm-eliassen.nl-1-scaled.jpg\",\"contentUrl\":\"https:\/\/www.eliassen.nl\/wp-content\/uploads\/2026\/03\/Afrikaans-bronzen-beeld-zittende-vrouw-met-goud-geribbelde-jurk-23cm-eliassen.nl-1-scaled.jpg\",\"width\":1928,\"height\":2560,\"caption\":\"Afrikanische Bronzestatue sitzende Frau mit goldgeripptem Kleid 23cm eliassen.co.uk 3\"},{\"@type\":\"BreadcrumbList\",\"@id\":\"https:\/\/www.eliassen.nl\/de\/afrikanische-bronzestatue-schaukelndes-paar-22cm-kopie\/#breadcrumb\",\"itemListElement\":[{\"@type\":\"ListItem\",\"position\":1,\"name\":\"Home\",\"item\":\"https:\/\/www.eliassen.nl\/de\/\"},{\"@type\":\"ListItem\",\"position\":2,\"name\":\"Shop\",\"item\":\"https:\/\/www.eliassen.nl\/de\/shop\/\"},{\"@type\":\"ListItem\",\"position\":3,\"name\":\"Bronzestatuen\",\"item\":\"https:\/\/www.eliassen.nl\/de\/bronzestatuen\/\"},{\"@type\":\"ListItem\",\"position\":4,\"name\":\"Afrikanische Bronzestatue sitzende Frau mit goldgeripptem Kleid 23cm\"}]},{\"@type\":\"WebSite\",\"@id\":\"https:\/\/www.eliassen.nl\/de\/#website\",\"url\":\"https:\/\/www.eliassen.nl\/de\/\",\"name\":\"Eliassen Home & Garden Pleasure\",\"description\":\"\",\"publisher\":{\"@id\":\"https:\/\/www.eliassen.nl\/de\/#organization\"},\"alternateName\":\"Eliassen.nl\",\"potentialAction\":[{\"@type\":\"SearchAction\",\"target\":{\"@type\":\"EntryPoint\",\"urlTemplate\":\"https:\/\/www.eliassen.nl\/de\/?s={search_term_string}\"},\"query-input\":{\"@type\":\"PropertyValueSpecification\",\"valueRequired\":true,\"valueName\":\"search_term_string\"}}],\"inLanguage\":\"de\"},{\"@type\":[\"Organization\",\"Place\"],\"@id\":\"https:\/\/www.eliassen.nl\/de\/#organization\",\"name\":\"Eliassen Home & Garden Pleasure\",\"url\":\"https:\/\/www.eliassen.nl\/de\/\",\"logo\":{\"@id\":\"https:\/\/www.eliassen.nl\/de\/afrikanische-bronzestatue-schaukelndes-paar-22cm-kopie\/#local-main-organization-logo\"},\"image\":{\"@id\":\"https:\/\/www.eliassen.nl\/de\/afrikanische-bronzestatue-schaukelndes-paar-22cm-kopie\/#local-main-organization-logo\"},\"sameAs\":[\"https:\/\/www.facebook.com\/TuincentrumEliassenAmmerzoden\",\"https:\/\/www.instagram.com\/eliassenhomeandgarden\/\",\"https:\/\/nl.pinterest.com\/eliassenhomeandgarden\/\",\"https:\/\/www.youtube.com\/@eliassenhomegardenpleasure4558\"],\"telephone\":[],\"openingHoursSpecification\":[{\"@type\":\"OpeningHoursSpecification\",\"dayOfWeek\":[\"Monday\",\"Tuesday\",\"Wednesday\",\"Thursday\",\"Friday\",\"Saturday\",\"Sunday\"],\"opens\":\"09:00\",\"closes\":\"17:00\"}]},{\"@type\":\"ImageObject\",\"inLanguage\":\"de\",\"@id\":\"https:\/\/www.eliassen.nl\/de\/afrikanische-bronzestatue-schaukelndes-paar-22cm-kopie\/#local-main-organization-logo\",\"url\":\"https:\/\/www.eliassen.nl\/wp-content\/uploads\/2024\/01\/logo_4nd.jpg\",\"contentUrl\":\"https:\/\/www.eliassen.nl\/wp-content\/uploads\/2024\/01\/logo_4nd.jpg\",\"width\":500,\"height\":500,\"caption\":\"Eliassen Home & Garden Pleasure\"}]}<\/script>\n<meta property=\"product:price:amount\" content=\"119.00\" \/>\n<meta property=\"product:price:currency\" content=\"EUR\" \/>\n<meta property=\"og:availability\" content=\"instock\" \/>\n<meta property=\"product:availability\" content=\"instock\" \/>\n<meta property=\"product:retailer_item_id\" content=\"A0042\" \/>\n<meta property=\"product:condition\" content=\"new\" \/>\n<!-- \/ Yoast SEO Premium plugin. -->","yoast_head_json":{"title":"Afrikanische Bronzestatue Schaukelndes Paar 22cm","description":"Eine sch\u00f6ne afrikanische Bronzestatue einer sitzenden Dame in einem goldenen Kleid. V\u00f6llig bronzefarben und schnell verf\u00fcgbar. Fairtrade-Produkt.","robots":{"index":"index","follow":"follow","max-snippet":"max-snippet:-1","max-image-preview":"max-image-preview:large","max-video-preview":"max-video-preview:-1"},"canonical":"https:\/\/www.eliassen.nl\/de\/afrikanische-bronzestatue-schaukelndes-paar-22cm-kopie\/","og_locale":"de_DE","og_type":"article","og_title":"Sonstige Afrikanische Bronzestatue sitzende Frau mit goldgeripptem Kleid 23cm - Eliassen.nl","og_description":"Eine sch\u00f6ne afrikanische Bronzestatue einer sitzenden Dame in einem goldenen Kleid. V\u00f6llig bronzefarben und schnell verf\u00fcgbar. Fairtrade-Produkt.","og_url":"https:\/\/www.eliassen.nl\/de\/afrikanische-bronzestatue-schaukelndes-paar-22cm-kopie\/","og_site_name":"Eliassen.nl","article_publisher":"https:\/\/www.facebook.com\/TuincentrumEliassenAmmerzoden","article_modified_time":"2026-03-20T11:01:36+00:00","og_image":[{"width":1928,"height":2560,"url":"https:\/\/www.eliassen.nl\/wp-content\/uploads\/2026\/03\/Afrikaans-bronzen-beeld-zittende-vrouw-met-goud-geribbelde-jurk-23cm-eliassen.nl-1-scaled.jpg","type":"image\/jpeg"}],"twitter_card":"summary_large_image","schema":{"@context":"https:\/\/schema.org","@graph":[{"@type":"WebPage","@id":"https:\/\/www.eliassen.nl\/de\/afrikanische-bronzestatue-schaukelndes-paar-22cm-kopie\/","url":"https:\/\/www.eliassen.nl\/de\/afrikanische-bronzestatue-schaukelndes-paar-22cm-kopie\/","name":"Afrikanische Bronzestatue Schaukelndes Paar 22cm","isPartOf":{"@id":"https:\/\/www.eliassen.nl\/de\/#website"},"primaryImageOfPage":{"@id":"https:\/\/www.eliassen.nl\/de\/afrikanische-bronzestatue-schaukelndes-paar-22cm-kopie\/#primaryimage"},"image":{"@id":"https:\/\/www.eliassen.nl\/de\/afrikanische-bronzestatue-schaukelndes-paar-22cm-kopie\/#primaryimage"},"thumbnailUrl":"https:\/\/www.eliassen.nl\/wp-content\/uploads\/2026\/03\/Afrikaans-bronzen-beeld-zittende-vrouw-met-goud-geribbelde-jurk-23cm-eliassen.nl-1-scaled.jpg","datePublished":"2026-03-13T15:44:11+00:00","dateModified":"2026-03-20T11:01:36+00:00","description":"Eine sch\u00f6ne afrikanische Bronzestatue einer sitzenden Dame in einem goldenen Kleid. V\u00f6llig bronzefarben und schnell verf\u00fcgbar. Fairtrade-Produkt.","breadcrumb":{"@id":"https:\/\/www.eliassen.nl\/de\/afrikanische-bronzestatue-schaukelndes-paar-22cm-kopie\/#breadcrumb"},"inLanguage":"de","potentialAction":[{"@type":"ReadAction","target":["https:\/\/www.eliassen.nl\/de\/afrikanische-bronzestatue-schaukelndes-paar-22cm-kopie\/"]}]},{"@type":"ImageObject","inLanguage":"de","@id":"https:\/\/www.eliassen.nl\/de\/afrikanische-bronzestatue-schaukelndes-paar-22cm-kopie\/#primaryimage","url":"https:\/\/www.eliassen.nl\/wp-content\/uploads\/2026\/03\/Afrikaans-bronzen-beeld-zittende-vrouw-met-goud-geribbelde-jurk-23cm-eliassen.nl-1-scaled.jpg","contentUrl":"https:\/\/www.eliassen.nl\/wp-content\/uploads\/2026\/03\/Afrikaans-bronzen-beeld-zittende-vrouw-met-goud-geribbelde-jurk-23cm-eliassen.nl-1-scaled.jpg","width":1928,"height":2560,"caption":"Afrikanische Bronzestatue sitzende Frau mit goldgeripptem Kleid 23cm eliassen.co.uk 3"},{"@type":"BreadcrumbList","@id":"https:\/\/www.eliassen.nl\/de\/afrikanische-bronzestatue-schaukelndes-paar-22cm-kopie\/#breadcrumb","itemListElement":[{"@type":"ListItem","position":1,"name":"Home","item":"https:\/\/www.eliassen.nl\/de\/"},{"@type":"ListItem","position":2,"name":"Shop","item":"https:\/\/www.eliassen.nl\/de\/shop\/"},{"@type":"ListItem","position":3,"name":"Bronzestatuen","item":"https:\/\/www.eliassen.nl\/de\/bronzestatuen\/"},{"@type":"ListItem","position":4,"name":"Afrikanische Bronzestatue sitzende Frau mit goldgeripptem Kleid 23cm"}]},{"@type":"WebSite","@id":"https:\/\/www.eliassen.nl\/de\/#website","url":"https:\/\/www.eliassen.nl\/de\/","name":"Eliassen Home & Garden Pleasure","description":"","publisher":{"@id":"https:\/\/www.eliassen.nl\/de\/#organization"},"alternateName":"Eliassen.nl","potentialAction":[{"@type":"SearchAction","target":{"@type":"EntryPoint","urlTemplate":"https:\/\/www.eliassen.nl\/de\/?s={search_term_string}"},"query-input":{"@type":"PropertyValueSpecification","valueRequired":true,"valueName":"search_term_string"}}],"inLanguage":"de"},{"@type":["Organization","Place"],"@id":"https:\/\/www.eliassen.nl\/de\/#organization","name":"Eliassen Home & Garden Pleasure","url":"https:\/\/www.eliassen.nl\/de\/","logo":{"@id":"https:\/\/www.eliassen.nl\/de\/afrikanische-bronzestatue-schaukelndes-paar-22cm-kopie\/#local-main-organization-logo"},"image":{"@id":"https:\/\/www.eliassen.nl\/de\/afrikanische-bronzestatue-schaukelndes-paar-22cm-kopie\/#local-main-organization-logo"},"sameAs":["https:\/\/www.facebook.com\/TuincentrumEliassenAmmerzoden","https:\/\/www.instagram.com\/eliassenhomeandgarden\/","https:\/\/nl.pinterest.com\/eliassenhomeandgarden\/","https:\/\/www.youtube.com\/@eliassenhomegardenpleasure4558"],"telephone":[],"openingHoursSpecification":[{"@type":"OpeningHoursSpecification","dayOfWeek":["Monday","Tuesday","Wednesday","Thursday","Friday","Saturday","Sunday"],"opens":"09:00","closes":"17:00"}]},{"@type":"ImageObject","inLanguage":"de","@id":"https:\/\/www.eliassen.nl\/de\/afrikanische-bronzestatue-schaukelndes-paar-22cm-kopie\/#local-main-organization-logo","url":"https:\/\/www.eliassen.nl\/wp-content\/uploads\/2024\/01\/logo_4nd.jpg","contentUrl":"https:\/\/www.eliassen.nl\/wp-content\/uploads\/2024\/01\/logo_4nd.jpg","width":500,"height":500,"caption":"Eliassen Home & Garden Pleasure"}]},"product_price_amount":"119.00","product_price_currency":"EUR","og_availability":"instock","product_availability":"instock","product_retailer_item_id":"A0042","product_condition":"new"},"df_price":119,"df_sale_price":"","df_regular_price":119,"df_image_link":"https:\/\/www.eliassen.nl\/wp-content\/uploads\/2026\/03\/Afrikaans-bronzen-beeld-zittende-vrouw-met-goud-geribbelde-jurk-23cm-eliassen.nl-1-226x300.jpg","image":"https:\/\/www.eliassen.nl\/wp-content\/uploads\/2026\/03\/Afrikaans-bronzen-beeld-zittende-vrouw-met-goud-geribbelde-jurk-23cm-eliassen.nl-1-150x150.jpg","price_search":"<span class=\"woocommerce-Price-amount amount\"><bdi><span class=\"woocommerce-Price-currencySymbol\">&euro;<\/span>&nbsp;119,00<\/bdi><\/span>","category":"Afrikanische Bronzestatuen","global_unique_id":"8718531728158","_links":{"self":[{"href":"https:\/\/www.eliassen.nl\/de\/wp-json\/wp\/v2\/product\/208387","targetHints":{"allow":["GET"]}}],"collection":[{"href":"https:\/\/www.eliassen.nl\/de\/wp-json\/wp\/v2\/product"}],"about":[{"href":"https:\/\/www.eliassen.nl\/de\/wp-json\/wp\/v2\/types\/product"}],"wp:featuredmedia":[{"embeddable":true,"href":"https:\/\/www.eliassen.nl\/de\/wp-json\/wp\/v2\/media\/208397"}],"wp:attachment":[{"href":"https:\/\/www.eliassen.nl\/de\/wp-json\/wp\/v2\/media?parent=208387"}],"wp:term":[{"taxonomy":"product_brand","embeddable":true,"href":"https:\/\/www.eliassen.nl\/de\/wp-json\/wp\/v2\/product_brand?post=208387"},{"taxonomy":"product_cat","embeddable":true,"href":"https:\/\/www.eliassen.nl\/de\/wp-json\/wp\/v2\/product_cat?post=208387"},{"taxonomy":"product_tag","embeddable":true,"href":"https:\/\/www.eliassen.nl\/de\/wp-json\/wp\/v2\/product_tag?post=208387"}],"curies":[{"name":"wp","href":"https:\/\/api.w.org\/{rel}","templated":true}]}}