{"id":208083,"date":"2026-03-12T10:23:29","date_gmt":"2026-03-12T09:23:29","guid":{"rendered":"https:\/\/www.eliassen.nl\/product\/sockel-eleganter-blaustein-hoch-schmal-8x8x110cm\/"},"modified":"2026-03-12T10:23:29","modified_gmt":"2026-03-12T09:23:29","slug":"sockel-eleganter-blaustein-hoch-schmal-8x8x110cm","status":"publish","type":"product","link":"https:\/\/www.eliassen.nl\/de\/product\/sockel-eleganter-blaustein-hoch-schmal-8x8x110cm\/","title":{"rendered":"Sockel Eleganter Blaustein hoch schmal 8x8x110cm"},"content":{"rendered":"<p>Suchen Sie nach einer eleganten M\u00f6glichkeit, ein kleines Kunstwerk oder eine Skulptur zu pr\u00e4sentieren? Der Elegant-Sockel ist ein sch\u00f6ner, schlanker Sockel, der speziell daf\u00fcr entworfen wurde, Ihren kleinen Lieblingsskulpturen die Aufmerksamkeit zu schenken, die sie verdienen. Dieser hohe und schmale Sockel misst 8x8x110 Zentimeter und ist vollst\u00e4ndig aus hochwertigem belgischem Blaustein gefertigt, der auch als Blaustein oder belgischer Blaustein bekannt ist. Dieses sch\u00f6ne Naturmaterial zeichnet sich durch seine Langlebigkeit, Wetterbest\u00e4ndigkeit und sein zeitloses, graublaues Aussehen aus. Damit die S\u00e4ule immer fest und sicher steht, ist sie auf einem stabilen Sockel von 20x20x3 Zentimetern montiert. Ganz gleich, ob Sie diesem Sockel einen prominenten Platz in der Diele, im Wohnzimmer oder drau\u00dfen im Garten geben, sein schlankes Design passt m\u00fchelos in jede Umgebung. Der authentische Blaustein bietet auch einen atemberaubenden Kontrast, zum Beispiel zu einer klassischen oder modernen Statue. Geben Sie Ihren Kunstwerken eine verdiente B\u00fchne mit diesem stilvollen und felsenfesten Sockel.<\/p>\n","protected":false},"excerpt":{"rendered":"<p>Der Elegante Sockel ist ein wundersch\u00f6n schlankes und hohes Modell mit den Ma\u00dfen 8x8x111 Zentimeter, das vollst\u00e4ndig aus echtem belgischem Blaustein gefertigt ist. Dank seiner robusten 20x20x3 Zentimeter gro\u00dfen Basis und seines zeitlosen Charakters ist dieser Blaustein die ideale, stabile Basis, um Ihre kleinen Skulpturen sowohl im Innen- als auch im Au\u00dfenbereich sch\u00f6n zu pr\u00e4sentieren.<\/p>\n","protected":false},"featured_media":207913,"template":"","meta":{"_acf_changed":false,"_genesis_title":"","_genesis_description":""},"product_brand":[7505],"product_cat":[782,785],"product_tag":[],"class_list":{"0":"post-208083","1":"product","2":"type-product","3":"status-publish","4":"has-post-thumbnail","6":"product_brand-sonstige","7":"product_cat-sockel","8":"product_cat-sockel-aus-naturstein","10":"first","11":"instock","12":"taxable","13":"shipping-taxable","14":"purchasable","15":"product-type-simple"},"acf":[],"meta_all":{"cor_restricted_countries":[],"total_sales":"0"},"meta_all_flat":{"total_sales":"0"},"yoast_head":"<!-- This site is optimized with the Yoast SEO Premium plugin v26.2 (Yoast SEO v27.2) - https:\/\/yoast.com\/product\/yoast-seo-premium-wordpress\/ -->\n<title>Sonstige Sockel Eleganter Blaustein hoch schmal 8x8x110cm - Eliassen.nl<\/title>\n<meta name=\"description\" content=\"Pr\u00e4sentieren Sie Ihre kleinen Skulpturen auf diesem schmalen, hohen Sockel (8x110cm) aus authentischem belgischem Blaustein mit stabilem Sockel. Bestellen Sie einfach online!\" \/>\n<meta name=\"robots\" content=\"index, follow, max-snippet:-1, max-image-preview:large, max-video-preview:-1\" \/>\n<link rel=\"canonical\" href=\"https:\/\/www.eliassen.nl\/de\/product\/sockel-eleganter-blaustein-hoch-schmal-8x8x110cm\/\" \/>\n<meta property=\"og:locale\" content=\"de_DE\" \/>\n<meta property=\"og:type\" content=\"article\" \/>\n<meta property=\"og:title\" content=\"Sonstige Sockel Eleganter Blaustein hoch schmal 8x8x110cm - Eliassen.nl\" \/>\n<meta property=\"og:description\" content=\"Pr\u00e4sentieren Sie Ihre kleinen Skulpturen auf diesem schmalen, hohen Sockel (8x110cm) aus authentischem belgischem Blaustein mit stabilem Sockel. Bestellen Sie einfach online!\" \/>\n<meta property=\"og:url\" content=\"https:\/\/www.eliassen.nl\/de\/product\/sockel-eleganter-blaustein-hoch-schmal-8x8x110cm\/\" \/>\n<meta property=\"og:site_name\" content=\"Eliassen.nl\" \/>\n<meta property=\"article:publisher\" content=\"https:\/\/www.facebook.com\/TuincentrumEliassenAmmerzoden\" \/>\n<meta property=\"og:image\" content=\"https:\/\/www.eliassen.nl\/wp-content\/uploads\/2026\/03\/zuil-elegant-Eliassen.nl_-scaled.jpg\" \/>\n\t<meta property=\"og:image:width\" content=\"1441\" \/>\n\t<meta property=\"og:image:height\" content=\"2560\" \/>\n\t<meta property=\"og:image:type\" content=\"image\/jpeg\" \/>\n<meta name=\"twitter:card\" content=\"summary_large_image\" \/>\n<script type=\"application\/ld+json\" class=\"yoast-schema-graph\">{\"@context\":\"https:\/\/schema.org\",\"@graph\":[{\"@type\":\"WebPage\",\"@id\":\"https:\/\/www.eliassen.nl\/de\/product\/sockel-eleganter-blaustein-hoch-schmal-8x8x110cm\/\",\"url\":\"https:\/\/www.eliassen.nl\/de\/product\/sockel-eleganter-blaustein-hoch-schmal-8x8x110cm\/\",\"name\":\"Sonstige Sockel Eleganter Blaustein hoch schmal 8x8x110cm - Eliassen.nl\",\"isPartOf\":{\"@id\":\"https:\/\/www.eliassen.nl\/de\/#website\"},\"primaryImageOfPage\":{\"@id\":\"https:\/\/www.eliassen.nl\/de\/product\/sockel-eleganter-blaustein-hoch-schmal-8x8x110cm\/#primaryimage\"},\"image\":{\"@id\":\"https:\/\/www.eliassen.nl\/de\/product\/sockel-eleganter-blaustein-hoch-schmal-8x8x110cm\/#primaryimage\"},\"thumbnailUrl\":\"https:\/\/www.eliassen.nl\/wp-content\/uploads\/2026\/03\/zuil-elegant-Eliassen.nl_-scaled.jpg\",\"datePublished\":\"2026-03-12T09:23:29+00:00\",\"description\":\"Pr\u00e4sentieren Sie Ihre kleinen Skulpturen auf diesem schmalen, hohen Sockel (8x110cm) aus authentischem belgischem Blaustein mit stabilem Sockel. Bestellen Sie einfach online!\",\"breadcrumb\":{\"@id\":\"https:\/\/www.eliassen.nl\/de\/product\/sockel-eleganter-blaustein-hoch-schmal-8x8x110cm\/#breadcrumb\"},\"inLanguage\":\"de\",\"potentialAction\":[{\"@type\":\"ReadAction\",\"target\":[\"https:\/\/www.eliassen.nl\/de\/product\/sockel-eleganter-blaustein-hoch-schmal-8x8x110cm\/\"]}]},{\"@type\":\"ImageObject\",\"inLanguage\":\"de\",\"@id\":\"https:\/\/www.eliassen.nl\/de\/product\/sockel-eleganter-blaustein-hoch-schmal-8x8x110cm\/#primaryimage\",\"url\":\"https:\/\/www.eliassen.nl\/wp-content\/uploads\/2026\/03\/zuil-elegant-Eliassen.nl_-scaled.jpg\",\"contentUrl\":\"https:\/\/www.eliassen.nl\/wp-content\/uploads\/2026\/03\/zuil-elegant-Eliassen.nl_-scaled.jpg\",\"width\":1441,\"height\":2560,\"caption\":\"Blaustein-Sockel 8x8x110cm - Eliassen.nl\"},{\"@type\":\"BreadcrumbList\",\"@id\":\"https:\/\/www.eliassen.nl\/de\/product\/sockel-eleganter-blaustein-hoch-schmal-8x8x110cm\/#breadcrumb\",\"itemListElement\":[{\"@type\":\"ListItem\",\"position\":1,\"name\":\"Home\",\"item\":\"https:\/\/www.eliassen.nl\/de\/\"},{\"@type\":\"ListItem\",\"position\":2,\"name\":\"Shop\",\"item\":\"https:\/\/www.eliassen.nl\/de\/shop\/\"},{\"@type\":\"ListItem\",\"position\":3,\"name\":\"Sockel\",\"item\":\"https:\/\/www.eliassen.nl\/de\/sockel\/\"},{\"@type\":\"ListItem\",\"position\":4,\"name\":\"Sockel Eleganter Blaustein hoch schmal 8x8x110cm\"}]},{\"@type\":\"WebSite\",\"@id\":\"https:\/\/www.eliassen.nl\/de\/#website\",\"url\":\"https:\/\/www.eliassen.nl\/de\/\",\"name\":\"Eliassen Home & Garden Pleasure\",\"description\":\"\",\"publisher\":{\"@id\":\"https:\/\/www.eliassen.nl\/de\/#organization\"},\"alternateName\":\"Eliassen.nl\",\"potentialAction\":[{\"@type\":\"SearchAction\",\"target\":{\"@type\":\"EntryPoint\",\"urlTemplate\":\"https:\/\/www.eliassen.nl\/de\/?s={search_term_string}\"},\"query-input\":{\"@type\":\"PropertyValueSpecification\",\"valueRequired\":true,\"valueName\":\"search_term_string\"}}],\"inLanguage\":\"de\"},{\"@type\":[\"Organization\",\"Place\"],\"@id\":\"https:\/\/www.eliassen.nl\/de\/#organization\",\"name\":\"Eliassen Home & Garden Pleasure\",\"url\":\"https:\/\/www.eliassen.nl\/de\/\",\"logo\":{\"@id\":\"https:\/\/www.eliassen.nl\/de\/product\/sockel-eleganter-blaustein-hoch-schmal-8x8x110cm\/#local-main-organization-logo\"},\"image\":{\"@id\":\"https:\/\/www.eliassen.nl\/de\/product\/sockel-eleganter-blaustein-hoch-schmal-8x8x110cm\/#local-main-organization-logo\"},\"sameAs\":[\"https:\/\/www.facebook.com\/TuincentrumEliassenAmmerzoden\",\"https:\/\/www.instagram.com\/eliassenhomeandgarden\/\",\"https:\/\/nl.pinterest.com\/eliassenhomeandgarden\/\",\"https:\/\/www.youtube.com\/@eliassenhomegardenpleasure4558\"],\"telephone\":[],\"openingHoursSpecification\":[{\"@type\":\"OpeningHoursSpecification\",\"dayOfWeek\":[\"Monday\",\"Tuesday\",\"Wednesday\",\"Thursday\",\"Friday\",\"Saturday\",\"Sunday\"],\"opens\":\"09:00\",\"closes\":\"17:00\"}]},{\"@type\":\"ImageObject\",\"inLanguage\":\"de\",\"@id\":\"https:\/\/www.eliassen.nl\/de\/product\/sockel-eleganter-blaustein-hoch-schmal-8x8x110cm\/#local-main-organization-logo\",\"url\":\"https:\/\/www.eliassen.nl\/wp-content\/uploads\/2024\/01\/logo_4nd.jpg\",\"contentUrl\":\"https:\/\/www.eliassen.nl\/wp-content\/uploads\/2024\/01\/logo_4nd.jpg\",\"width\":500,\"height\":500,\"caption\":\"Eliassen Home & Garden Pleasure\"}]}<\/script>\n<meta property=\"product:price:amount\" content=\"199.00\" \/>\n<meta property=\"product:price:currency\" content=\"EUR\" \/>\n<meta property=\"og:availability\" content=\"instock\" \/>\n<meta property=\"product:availability\" content=\"instock\" \/>\n<meta property=\"product:retailer_item_id\" content=\"DS88110\" \/>\n<meta property=\"product:condition\" content=\"new\" \/>\n<!-- \/ Yoast SEO Premium plugin. -->","yoast_head_json":{"title":"Sonstige Sockel Eleganter Blaustein hoch schmal 8x8x110cm - Eliassen.nl","description":"Pr\u00e4sentieren Sie Ihre kleinen Skulpturen auf diesem schmalen, hohen Sockel (8x110cm) aus authentischem belgischem Blaustein mit stabilem Sockel. Bestellen Sie einfach online!","robots":{"index":"index","follow":"follow","max-snippet":"max-snippet:-1","max-image-preview":"max-image-preview:large","max-video-preview":"max-video-preview:-1"},"canonical":"https:\/\/www.eliassen.nl\/de\/product\/sockel-eleganter-blaustein-hoch-schmal-8x8x110cm\/","og_locale":"de_DE","og_type":"article","og_title":"Sonstige Sockel Eleganter Blaustein hoch schmal 8x8x110cm - Eliassen.nl","og_description":"Pr\u00e4sentieren Sie Ihre kleinen Skulpturen auf diesem schmalen, hohen Sockel (8x110cm) aus authentischem belgischem Blaustein mit stabilem Sockel. Bestellen Sie einfach online!","og_url":"https:\/\/www.eliassen.nl\/de\/product\/sockel-eleganter-blaustein-hoch-schmal-8x8x110cm\/","og_site_name":"Eliassen.nl","article_publisher":"https:\/\/www.facebook.com\/TuincentrumEliassenAmmerzoden","og_image":[{"width":1441,"height":2560,"url":"https:\/\/www.eliassen.nl\/wp-content\/uploads\/2026\/03\/zuil-elegant-Eliassen.nl_-scaled.jpg","type":"image\/jpeg"}],"twitter_card":"summary_large_image","schema":{"@context":"https:\/\/schema.org","@graph":[{"@type":"WebPage","@id":"https:\/\/www.eliassen.nl\/de\/product\/sockel-eleganter-blaustein-hoch-schmal-8x8x110cm\/","url":"https:\/\/www.eliassen.nl\/de\/product\/sockel-eleganter-blaustein-hoch-schmal-8x8x110cm\/","name":"Sonstige Sockel Eleganter Blaustein hoch schmal 8x8x110cm - Eliassen.nl","isPartOf":{"@id":"https:\/\/www.eliassen.nl\/de\/#website"},"primaryImageOfPage":{"@id":"https:\/\/www.eliassen.nl\/de\/product\/sockel-eleganter-blaustein-hoch-schmal-8x8x110cm\/#primaryimage"},"image":{"@id":"https:\/\/www.eliassen.nl\/de\/product\/sockel-eleganter-blaustein-hoch-schmal-8x8x110cm\/#primaryimage"},"thumbnailUrl":"https:\/\/www.eliassen.nl\/wp-content\/uploads\/2026\/03\/zuil-elegant-Eliassen.nl_-scaled.jpg","datePublished":"2026-03-12T09:23:29+00:00","description":"Pr\u00e4sentieren Sie Ihre kleinen Skulpturen auf diesem schmalen, hohen Sockel (8x110cm) aus authentischem belgischem Blaustein mit stabilem Sockel. Bestellen Sie einfach online!","breadcrumb":{"@id":"https:\/\/www.eliassen.nl\/de\/product\/sockel-eleganter-blaustein-hoch-schmal-8x8x110cm\/#breadcrumb"},"inLanguage":"de","potentialAction":[{"@type":"ReadAction","target":["https:\/\/www.eliassen.nl\/de\/product\/sockel-eleganter-blaustein-hoch-schmal-8x8x110cm\/"]}]},{"@type":"ImageObject","inLanguage":"de","@id":"https:\/\/www.eliassen.nl\/de\/product\/sockel-eleganter-blaustein-hoch-schmal-8x8x110cm\/#primaryimage","url":"https:\/\/www.eliassen.nl\/wp-content\/uploads\/2026\/03\/zuil-elegant-Eliassen.nl_-scaled.jpg","contentUrl":"https:\/\/www.eliassen.nl\/wp-content\/uploads\/2026\/03\/zuil-elegant-Eliassen.nl_-scaled.jpg","width":1441,"height":2560,"caption":"Blaustein-Sockel 8x8x110cm - Eliassen.nl"},{"@type":"BreadcrumbList","@id":"https:\/\/www.eliassen.nl\/de\/product\/sockel-eleganter-blaustein-hoch-schmal-8x8x110cm\/#breadcrumb","itemListElement":[{"@type":"ListItem","position":1,"name":"Home","item":"https:\/\/www.eliassen.nl\/de\/"},{"@type":"ListItem","position":2,"name":"Shop","item":"https:\/\/www.eliassen.nl\/de\/shop\/"},{"@type":"ListItem","position":3,"name":"Sockel","item":"https:\/\/www.eliassen.nl\/de\/sockel\/"},{"@type":"ListItem","position":4,"name":"Sockel Eleganter Blaustein hoch schmal 8x8x110cm"}]},{"@type":"WebSite","@id":"https:\/\/www.eliassen.nl\/de\/#website","url":"https:\/\/www.eliassen.nl\/de\/","name":"Eliassen Home & Garden Pleasure","description":"","publisher":{"@id":"https:\/\/www.eliassen.nl\/de\/#organization"},"alternateName":"Eliassen.nl","potentialAction":[{"@type":"SearchAction","target":{"@type":"EntryPoint","urlTemplate":"https:\/\/www.eliassen.nl\/de\/?s={search_term_string}"},"query-input":{"@type":"PropertyValueSpecification","valueRequired":true,"valueName":"search_term_string"}}],"inLanguage":"de"},{"@type":["Organization","Place"],"@id":"https:\/\/www.eliassen.nl\/de\/#organization","name":"Eliassen Home & Garden Pleasure","url":"https:\/\/www.eliassen.nl\/de\/","logo":{"@id":"https:\/\/www.eliassen.nl\/de\/product\/sockel-eleganter-blaustein-hoch-schmal-8x8x110cm\/#local-main-organization-logo"},"image":{"@id":"https:\/\/www.eliassen.nl\/de\/product\/sockel-eleganter-blaustein-hoch-schmal-8x8x110cm\/#local-main-organization-logo"},"sameAs":["https:\/\/www.facebook.com\/TuincentrumEliassenAmmerzoden","https:\/\/www.instagram.com\/eliassenhomeandgarden\/","https:\/\/nl.pinterest.com\/eliassenhomeandgarden\/","https:\/\/www.youtube.com\/@eliassenhomegardenpleasure4558"],"telephone":[],"openingHoursSpecification":[{"@type":"OpeningHoursSpecification","dayOfWeek":["Monday","Tuesday","Wednesday","Thursday","Friday","Saturday","Sunday"],"opens":"09:00","closes":"17:00"}]},{"@type":"ImageObject","inLanguage":"de","@id":"https:\/\/www.eliassen.nl\/de\/product\/sockel-eleganter-blaustein-hoch-schmal-8x8x110cm\/#local-main-organization-logo","url":"https:\/\/www.eliassen.nl\/wp-content\/uploads\/2024\/01\/logo_4nd.jpg","contentUrl":"https:\/\/www.eliassen.nl\/wp-content\/uploads\/2024\/01\/logo_4nd.jpg","width":500,"height":500,"caption":"Eliassen Home & Garden Pleasure"}]},"product_price_amount":"199.00","product_price_currency":"EUR","og_availability":"instock","product_availability":"instock","product_retailer_item_id":"DS88110","product_condition":"new"},"df_price":199,"df_sale_price":"","df_regular_price":199,"df_image_link":"https:\/\/www.eliassen.nl\/wp-content\/uploads\/2026\/03\/zuil-elegant-Eliassen.nl_-169x300.jpg","image":"https:\/\/www.eliassen.nl\/wp-content\/uploads\/2026\/03\/zuil-elegant-Eliassen.nl_-150x150.jpg","price_search":"<span class=\"woocommerce-Price-amount amount\"><bdi><span class=\"woocommerce-Price-currencySymbol\">&euro;<\/span>&nbsp;199,00<\/bdi><\/span>","category":"Sockel","global_unique_id":"6096520630630","_links":{"self":[{"href":"https:\/\/www.eliassen.nl\/de\/wp-json\/wp\/v2\/product\/208083","targetHints":{"allow":["GET"]}}],"collection":[{"href":"https:\/\/www.eliassen.nl\/de\/wp-json\/wp\/v2\/product"}],"about":[{"href":"https:\/\/www.eliassen.nl\/de\/wp-json\/wp\/v2\/types\/product"}],"wp:featuredmedia":[{"embeddable":true,"href":"https:\/\/www.eliassen.nl\/de\/wp-json\/wp\/v2\/media\/207913"}],"wp:attachment":[{"href":"https:\/\/www.eliassen.nl\/de\/wp-json\/wp\/v2\/media?parent=208083"}],"wp:term":[{"taxonomy":"product_brand","embeddable":true,"href":"https:\/\/www.eliassen.nl\/de\/wp-json\/wp\/v2\/product_brand?post=208083"},{"taxonomy":"product_cat","embeddable":true,"href":"https:\/\/www.eliassen.nl\/de\/wp-json\/wp\/v2\/product_cat?post=208083"},{"taxonomy":"product_tag","embeddable":true,"href":"https:\/\/www.eliassen.nl\/de\/wp-json\/wp\/v2\/product_tag?post=208083"}],"curies":[{"name":"wp","href":"https:\/\/api.w.org\/{rel}","templated":true}]}}