{"id":207186,"date":"2026-02-23T14:07:14","date_gmt":"2026-02-23T13:07:14","guid":{"rendered":"https:\/\/www.eliassen.nl\/product\/glasgemaelde-mit-led-licht-mona-lisa-63x93cm\/"},"modified":"2026-02-23T14:07:14","modified_gmt":"2026-02-23T13:07:14","slug":"glasgemaelde-mit-led-licht-mona-lisa-63x93cm","status":"publish","type":"product","link":"https:\/\/www.eliassen.nl\/de\/glasgemaelde-mit-led-licht-mona-lisa-63x93cm\/","title":{"rendered":"Glasgem\u00e4lde mit LED-Licht Mona Lisa 63x93cm"},"content":{"rendered":"<p data-path-to-node=\"1\">Dieses brandneue und super-moderne Glasgem\u00e4lde ist ein echter Blickfang f\u00fcr Ihre Wand. Es zeigt eine abstrakte, gesichtslose Darstellung der ikonischen Mona Lisa in auff\u00e4lligen Gelb-, Schwarz- und Gr\u00fcnt\u00f6nen. Was dieses Kunstwerk wirklich einzigartig macht, ist die Hinzuf\u00fcgung von rosa LED-Lichtern entlang der Konturen ihrer Figur. Dieses Licht l\u00e4sst sich leicht mit Batterien oder einem Schalter steuern. Dieses hohe Glasgem\u00e4lde passt hervorragend in ein schlichtes und modernes Interieur, verleiht aber auch Ihrem B\u00fcro oder Gesch\u00e4ftsraum einen sehr geschmackvollen und k\u00fcnstlerischen Look.<\/p>\n<p data-path-to-node=\"2\">Wenn das superscharfe Bild auf die R\u00fcckseite des 4 mm dicken geh\u00e4rteten Glases aufgebracht wird, entsteht ein atemberaubender Tiefeneffekt. Das Material ist praktisch unzerbrechlich und unempfindlich gegen Kratzer und bewahrt seinen luxuri\u00f6sen Glanz perfekt. Mit einer gro\u00dfz\u00fcgigen Gr\u00f6\u00dfe von 63&#215;93 Zentimetern erhalten Sie ein auff\u00e4lliges St\u00fcck in Ihrem Zuhause, das Sie dank der zwei montierten Haken leicht aufh\u00e4ngen k\u00f6nnen. In unserem gro\u00dfen Ausstellungsraum in Ammerzoden haben wir fast die gesamte Kollektion dieser Gem\u00e4lde auf Lager, was in den Niederlanden einzigartig ist!<\/p>\n","protected":false},"excerpt":{"rendered":"<p>Verleihen Sie Ihrem Interieur einen modernen Twist mit diesem einzigartigen Glasgem\u00e4lde einer abstrakten Mona Lisa in auff\u00e4lligen Gelb- und Gr\u00fcnt\u00f6nen, das mit einer verspielten rosa LED-Beleuchtung versehen ist. Das superscharfe Bild befindet sich hinter 4 mm dickem, praktisch unzerbrechlichem Glas, das eine wundersch\u00f6ne Tiefenwirkung und ein luxuri\u00f6ses Aussehen erzeugt. Mit einer Gr\u00f6\u00dfe von 63&#215;93 Zentimetern erhalten Sie ein kratzfestes und modernes Kunstwerk, das sich leicht aufh\u00e4ngen l\u00e4sst und sofort Atmosph\u00e4re schafft.<\/p>\n","protected":false},"featured_media":206606,"template":"","meta":{"_acf_changed":false,"_genesis_title":"","_genesis_description":""},"product_brand":[7505],"product_cat":[470,410,443,7420],"product_tag":[],"class_list":{"0":"post-207186","1":"product","2":"type-product","3":"status-publish","4":"has-post-thumbnail","6":"product_brand-sonstige","7":"product_cat-andere-groessen-von-glasgemaelden","8":"product_cat-gemaelde","9":"product_cat-glasmalereien","10":"product_cat-glasmalereien-mit-ledbeleuchtung","12":"first","13":"instock","14":"taxable","15":"shipping-taxable","16":"purchasable","17":"product-type-simple"},"acf":[],"meta_all":{"cor_restricted_countries":[],"total_sales":"0"},"meta_all_flat":{"total_sales":"0"},"yoast_head":"<!-- This site is optimized with the Yoast SEO Premium plugin v26.2 (Yoast SEO v27.2) - https:\/\/yoast.com\/product\/yoast-seo-premium-wordpress\/ -->\n<title>Sonstige Glasgem\u00e4lde mit LED-Licht Mona Lisa 63x93cm - Eliassen.nl<\/title>\n<meta name=\"description\" content=\"Modernes Glasgem\u00e4lde (63x93cm) einer abstrakten Mona Lisa mit rosa LED-Beleuchtung. Kratzfestes Glas f\u00fcr eine einzigartige Atmosph\u00e4re in Ihrem Zuhause.\" \/>\n<meta name=\"robots\" content=\"index, follow, max-snippet:-1, max-image-preview:large, max-video-preview:-1\" \/>\n<link rel=\"canonical\" href=\"https:\/\/www.eliassen.nl\/de\/glasgemaelde-mit-led-licht-mona-lisa-63x93cm\/\" \/>\n<meta property=\"og:locale\" content=\"de_DE\" \/>\n<meta property=\"og:type\" content=\"article\" \/>\n<meta property=\"og:title\" content=\"Sonstige Glasgem\u00e4lde mit LED-Licht Mona Lisa 63x93cm - Eliassen.nl\" \/>\n<meta property=\"og:description\" content=\"Modernes Glasgem\u00e4lde (63x93cm) einer abstrakten Mona Lisa mit rosa LED-Beleuchtung. Kratzfestes Glas f\u00fcr eine einzigartige Atmosph\u00e4re in Ihrem Zuhause.\" \/>\n<meta property=\"og:url\" content=\"https:\/\/www.eliassen.nl\/de\/glasgemaelde-mit-led-licht-mona-lisa-63x93cm\/\" \/>\n<meta property=\"og:site_name\" content=\"Eliassen.nl\" \/>\n<meta property=\"article:publisher\" content=\"https:\/\/www.facebook.com\/TuincentrumEliassenAmmerzoden\" \/>\n<meta property=\"og:image\" content=\"https:\/\/www.eliassen.nl\/wp-content\/uploads\/2026\/02\/Schilderij-mona-lisa-Eliassen.nl-fk5112.jpg\" \/>\n\t<meta property=\"og:image:width\" content=\"1200\" \/>\n\t<meta property=\"og:image:height\" content=\"1200\" \/>\n\t<meta property=\"og:image:type\" content=\"image\/jpeg\" \/>\n<meta name=\"twitter:card\" content=\"summary_large_image\" \/>\n<script type=\"application\/ld+json\" class=\"yoast-schema-graph\">{\"@context\":\"https:\/\/schema.org\",\"@graph\":[{\"@type\":\"WebPage\",\"@id\":\"https:\/\/www.eliassen.nl\/de\/glasgemaelde-mit-led-licht-mona-lisa-63x93cm\/\",\"url\":\"https:\/\/www.eliassen.nl\/de\/glasgemaelde-mit-led-licht-mona-lisa-63x93cm\/\",\"name\":\"Sonstige Glasgem\u00e4lde mit LED-Licht Mona Lisa 63x93cm - Eliassen.nl\",\"isPartOf\":{\"@id\":\"https:\/\/www.eliassen.nl\/de\/#website\"},\"primaryImageOfPage\":{\"@id\":\"https:\/\/www.eliassen.nl\/de\/glasgemaelde-mit-led-licht-mona-lisa-63x93cm\/#primaryimage\"},\"image\":{\"@id\":\"https:\/\/www.eliassen.nl\/de\/glasgemaelde-mit-led-licht-mona-lisa-63x93cm\/#primaryimage\"},\"thumbnailUrl\":\"https:\/\/www.eliassen.nl\/wp-content\/uploads\/2026\/02\/Schilderij-mona-lisa-Eliassen.nl-fk5112.jpg\",\"datePublished\":\"2026-02-23T13:07:14+00:00\",\"description\":\"Modernes Glasgem\u00e4lde (63x93cm) einer abstrakten Mona Lisa mit rosa LED-Beleuchtung. Kratzfestes Glas f\u00fcr eine einzigartige Atmosph\u00e4re in Ihrem Zuhause.\",\"breadcrumb\":{\"@id\":\"https:\/\/www.eliassen.nl\/de\/glasgemaelde-mit-led-licht-mona-lisa-63x93cm\/#breadcrumb\"},\"inLanguage\":\"de\",\"potentialAction\":[{\"@type\":\"ReadAction\",\"target\":[\"https:\/\/www.eliassen.nl\/de\/glasgemaelde-mit-led-licht-mona-lisa-63x93cm\/\"]}]},{\"@type\":\"ImageObject\",\"inLanguage\":\"de\",\"@id\":\"https:\/\/www.eliassen.nl\/de\/glasgemaelde-mit-led-licht-mona-lisa-63x93cm\/#primaryimage\",\"url\":\"https:\/\/www.eliassen.nl\/wp-content\/uploads\/2026\/02\/Schilderij-mona-lisa-Eliassen.nl-fk5112.jpg\",\"contentUrl\":\"https:\/\/www.eliassen.nl\/wp-content\/uploads\/2026\/02\/Schilderij-mona-lisa-Eliassen.nl-fk5112.jpg\",\"width\":1200,\"height\":1200,\"caption\":\"Gem\u00e4lde mona lisa Eliassen.nl fk5112\"},{\"@type\":\"BreadcrumbList\",\"@id\":\"https:\/\/www.eliassen.nl\/de\/glasgemaelde-mit-led-licht-mona-lisa-63x93cm\/#breadcrumb\",\"itemListElement\":[{\"@type\":\"ListItem\",\"position\":1,\"name\":\"Home\",\"item\":\"https:\/\/www.eliassen.nl\/de\/\"},{\"@type\":\"ListItem\",\"position\":2,\"name\":\"Shop\",\"item\":\"https:\/\/www.eliassen.nl\/de\/shop\/\"},{\"@type\":\"ListItem\",\"position\":3,\"name\":\"Glasmalereien\",\"item\":\"https:\/\/www.eliassen.nl\/de\/gemaelde\/glasmalereien\/\"},{\"@type\":\"ListItem\",\"position\":4,\"name\":\"Glasgem\u00e4lde mit LED-Licht Mona Lisa 63x93cm\"}]},{\"@type\":\"WebSite\",\"@id\":\"https:\/\/www.eliassen.nl\/de\/#website\",\"url\":\"https:\/\/www.eliassen.nl\/de\/\",\"name\":\"Eliassen Home & Garden Pleasure\",\"description\":\"\",\"publisher\":{\"@id\":\"https:\/\/www.eliassen.nl\/de\/#organization\"},\"alternateName\":\"Eliassen.nl\",\"potentialAction\":[{\"@type\":\"SearchAction\",\"target\":{\"@type\":\"EntryPoint\",\"urlTemplate\":\"https:\/\/www.eliassen.nl\/de\/?s={search_term_string}\"},\"query-input\":{\"@type\":\"PropertyValueSpecification\",\"valueRequired\":true,\"valueName\":\"search_term_string\"}}],\"inLanguage\":\"de\"},{\"@type\":[\"Organization\",\"Place\"],\"@id\":\"https:\/\/www.eliassen.nl\/de\/#organization\",\"name\":\"Eliassen Home & Garden Pleasure\",\"url\":\"https:\/\/www.eliassen.nl\/de\/\",\"logo\":{\"@id\":\"https:\/\/www.eliassen.nl\/de\/glasgemaelde-mit-led-licht-mona-lisa-63x93cm\/#local-main-organization-logo\"},\"image\":{\"@id\":\"https:\/\/www.eliassen.nl\/de\/glasgemaelde-mit-led-licht-mona-lisa-63x93cm\/#local-main-organization-logo\"},\"sameAs\":[\"https:\/\/www.facebook.com\/TuincentrumEliassenAmmerzoden\",\"https:\/\/www.instagram.com\/eliassenhomeandgarden\/\",\"https:\/\/nl.pinterest.com\/eliassenhomeandgarden\/\",\"https:\/\/www.youtube.com\/@eliassenhomegardenpleasure4558\"],\"telephone\":[],\"openingHoursSpecification\":[{\"@type\":\"OpeningHoursSpecification\",\"dayOfWeek\":[\"Monday\",\"Tuesday\",\"Wednesday\",\"Thursday\",\"Friday\",\"Saturday\",\"Sunday\"],\"opens\":\"09:00\",\"closes\":\"17:00\"}]},{\"@type\":\"ImageObject\",\"inLanguage\":\"de\",\"@id\":\"https:\/\/www.eliassen.nl\/de\/glasgemaelde-mit-led-licht-mona-lisa-63x93cm\/#local-main-organization-logo\",\"url\":\"https:\/\/www.eliassen.nl\/wp-content\/uploads\/2024\/01\/logo_4nd.jpg\",\"contentUrl\":\"https:\/\/www.eliassen.nl\/wp-content\/uploads\/2024\/01\/logo_4nd.jpg\",\"width\":500,\"height\":500,\"caption\":\"Eliassen Home & Garden Pleasure\"}]}<\/script>\n<meta property=\"product:price:amount\" content=\"129.00\" \/>\n<meta property=\"product:price:currency\" content=\"EUR\" \/>\n<meta property=\"og:availability\" content=\"instock\" \/>\n<meta property=\"product:availability\" content=\"instock\" \/>\n<meta property=\"product:retailer_item_id\" content=\"fk5112\" \/>\n<meta property=\"product:condition\" content=\"new\" \/>\n<!-- \/ Yoast SEO Premium plugin. -->","yoast_head_json":{"title":"Sonstige Glasgem\u00e4lde mit LED-Licht Mona Lisa 63x93cm - Eliassen.nl","description":"Modernes Glasgem\u00e4lde (63x93cm) einer abstrakten Mona Lisa mit rosa LED-Beleuchtung. Kratzfestes Glas f\u00fcr eine einzigartige Atmosph\u00e4re in Ihrem Zuhause.","robots":{"index":"index","follow":"follow","max-snippet":"max-snippet:-1","max-image-preview":"max-image-preview:large","max-video-preview":"max-video-preview:-1"},"canonical":"https:\/\/www.eliassen.nl\/de\/glasgemaelde-mit-led-licht-mona-lisa-63x93cm\/","og_locale":"de_DE","og_type":"article","og_title":"Sonstige Glasgem\u00e4lde mit LED-Licht Mona Lisa 63x93cm - Eliassen.nl","og_description":"Modernes Glasgem\u00e4lde (63x93cm) einer abstrakten Mona Lisa mit rosa LED-Beleuchtung. Kratzfestes Glas f\u00fcr eine einzigartige Atmosph\u00e4re in Ihrem Zuhause.","og_url":"https:\/\/www.eliassen.nl\/de\/glasgemaelde-mit-led-licht-mona-lisa-63x93cm\/","og_site_name":"Eliassen.nl","article_publisher":"https:\/\/www.facebook.com\/TuincentrumEliassenAmmerzoden","og_image":[{"width":1200,"height":1200,"url":"https:\/\/www.eliassen.nl\/wp-content\/uploads\/2026\/02\/Schilderij-mona-lisa-Eliassen.nl-fk5112.jpg","type":"image\/jpeg"}],"twitter_card":"summary_large_image","schema":{"@context":"https:\/\/schema.org","@graph":[{"@type":"WebPage","@id":"https:\/\/www.eliassen.nl\/de\/glasgemaelde-mit-led-licht-mona-lisa-63x93cm\/","url":"https:\/\/www.eliassen.nl\/de\/glasgemaelde-mit-led-licht-mona-lisa-63x93cm\/","name":"Sonstige Glasgem\u00e4lde mit LED-Licht Mona Lisa 63x93cm - Eliassen.nl","isPartOf":{"@id":"https:\/\/www.eliassen.nl\/de\/#website"},"primaryImageOfPage":{"@id":"https:\/\/www.eliassen.nl\/de\/glasgemaelde-mit-led-licht-mona-lisa-63x93cm\/#primaryimage"},"image":{"@id":"https:\/\/www.eliassen.nl\/de\/glasgemaelde-mit-led-licht-mona-lisa-63x93cm\/#primaryimage"},"thumbnailUrl":"https:\/\/www.eliassen.nl\/wp-content\/uploads\/2026\/02\/Schilderij-mona-lisa-Eliassen.nl-fk5112.jpg","datePublished":"2026-02-23T13:07:14+00:00","description":"Modernes Glasgem\u00e4lde (63x93cm) einer abstrakten Mona Lisa mit rosa LED-Beleuchtung. Kratzfestes Glas f\u00fcr eine einzigartige Atmosph\u00e4re in Ihrem Zuhause.","breadcrumb":{"@id":"https:\/\/www.eliassen.nl\/de\/glasgemaelde-mit-led-licht-mona-lisa-63x93cm\/#breadcrumb"},"inLanguage":"de","potentialAction":[{"@type":"ReadAction","target":["https:\/\/www.eliassen.nl\/de\/glasgemaelde-mit-led-licht-mona-lisa-63x93cm\/"]}]},{"@type":"ImageObject","inLanguage":"de","@id":"https:\/\/www.eliassen.nl\/de\/glasgemaelde-mit-led-licht-mona-lisa-63x93cm\/#primaryimage","url":"https:\/\/www.eliassen.nl\/wp-content\/uploads\/2026\/02\/Schilderij-mona-lisa-Eliassen.nl-fk5112.jpg","contentUrl":"https:\/\/www.eliassen.nl\/wp-content\/uploads\/2026\/02\/Schilderij-mona-lisa-Eliassen.nl-fk5112.jpg","width":1200,"height":1200,"caption":"Gem\u00e4lde mona lisa Eliassen.nl fk5112"},{"@type":"BreadcrumbList","@id":"https:\/\/www.eliassen.nl\/de\/glasgemaelde-mit-led-licht-mona-lisa-63x93cm\/#breadcrumb","itemListElement":[{"@type":"ListItem","position":1,"name":"Home","item":"https:\/\/www.eliassen.nl\/de\/"},{"@type":"ListItem","position":2,"name":"Shop","item":"https:\/\/www.eliassen.nl\/de\/shop\/"},{"@type":"ListItem","position":3,"name":"Glasmalereien","item":"https:\/\/www.eliassen.nl\/de\/gemaelde\/glasmalereien\/"},{"@type":"ListItem","position":4,"name":"Glasgem\u00e4lde mit LED-Licht Mona Lisa 63x93cm"}]},{"@type":"WebSite","@id":"https:\/\/www.eliassen.nl\/de\/#website","url":"https:\/\/www.eliassen.nl\/de\/","name":"Eliassen Home & Garden Pleasure","description":"","publisher":{"@id":"https:\/\/www.eliassen.nl\/de\/#organization"},"alternateName":"Eliassen.nl","potentialAction":[{"@type":"SearchAction","target":{"@type":"EntryPoint","urlTemplate":"https:\/\/www.eliassen.nl\/de\/?s={search_term_string}"},"query-input":{"@type":"PropertyValueSpecification","valueRequired":true,"valueName":"search_term_string"}}],"inLanguage":"de"},{"@type":["Organization","Place"],"@id":"https:\/\/www.eliassen.nl\/de\/#organization","name":"Eliassen Home & Garden Pleasure","url":"https:\/\/www.eliassen.nl\/de\/","logo":{"@id":"https:\/\/www.eliassen.nl\/de\/glasgemaelde-mit-led-licht-mona-lisa-63x93cm\/#local-main-organization-logo"},"image":{"@id":"https:\/\/www.eliassen.nl\/de\/glasgemaelde-mit-led-licht-mona-lisa-63x93cm\/#local-main-organization-logo"},"sameAs":["https:\/\/www.facebook.com\/TuincentrumEliassenAmmerzoden","https:\/\/www.instagram.com\/eliassenhomeandgarden\/","https:\/\/nl.pinterest.com\/eliassenhomeandgarden\/","https:\/\/www.youtube.com\/@eliassenhomegardenpleasure4558"],"telephone":[],"openingHoursSpecification":[{"@type":"OpeningHoursSpecification","dayOfWeek":["Monday","Tuesday","Wednesday","Thursday","Friday","Saturday","Sunday"],"opens":"09:00","closes":"17:00"}]},{"@type":"ImageObject","inLanguage":"de","@id":"https:\/\/www.eliassen.nl\/de\/glasgemaelde-mit-led-licht-mona-lisa-63x93cm\/#local-main-organization-logo","url":"https:\/\/www.eliassen.nl\/wp-content\/uploads\/2024\/01\/logo_4nd.jpg","contentUrl":"https:\/\/www.eliassen.nl\/wp-content\/uploads\/2024\/01\/logo_4nd.jpg","width":500,"height":500,"caption":"Eliassen Home & Garden Pleasure"}]},"product_price_amount":"129.00","product_price_currency":"EUR","og_availability":"instock","product_availability":"instock","product_retailer_item_id":"fk5112","product_condition":"new"},"df_price":129,"df_sale_price":"","df_regular_price":129,"df_image_link":"https:\/\/www.eliassen.nl\/wp-content\/uploads\/2026\/02\/Schilderij-mona-lisa-Eliassen.nl-fk5112-300x300.jpg","image":"https:\/\/www.eliassen.nl\/wp-content\/uploads\/2026\/02\/Schilderij-mona-lisa-Eliassen.nl-fk5112-150x150.jpg","price_search":"<span class=\"woocommerce-Price-amount amount\"><bdi><span class=\"woocommerce-Price-currencySymbol\">&euro;<\/span>&nbsp;129,00<\/bdi><\/span>","category":"Andere Gr\u00f6\u00dfen von Glasgem\u00e4lden","global_unique_id":"8719097135022","_links":{"self":[{"href":"https:\/\/www.eliassen.nl\/de\/wp-json\/wp\/v2\/product\/207186","targetHints":{"allow":["GET"]}}],"collection":[{"href":"https:\/\/www.eliassen.nl\/de\/wp-json\/wp\/v2\/product"}],"about":[{"href":"https:\/\/www.eliassen.nl\/de\/wp-json\/wp\/v2\/types\/product"}],"wp:featuredmedia":[{"embeddable":true,"href":"https:\/\/www.eliassen.nl\/de\/wp-json\/wp\/v2\/media\/206606"}],"wp:attachment":[{"href":"https:\/\/www.eliassen.nl\/de\/wp-json\/wp\/v2\/media?parent=207186"}],"wp:term":[{"taxonomy":"product_brand","embeddable":true,"href":"https:\/\/www.eliassen.nl\/de\/wp-json\/wp\/v2\/product_brand?post=207186"},{"taxonomy":"product_cat","embeddable":true,"href":"https:\/\/www.eliassen.nl\/de\/wp-json\/wp\/v2\/product_cat?post=207186"},{"taxonomy":"product_tag","embeddable":true,"href":"https:\/\/www.eliassen.nl\/de\/wp-json\/wp\/v2\/product_tag?post=207186"}],"curies":[{"name":"wp","href":"https:\/\/api.w.org\/{rel}","templated":true}]}}