{"id":206829,"date":"2026-02-17T15:19:37","date_gmt":"2026-02-17T14:19:37","guid":{"rendered":"https:\/\/www.eliassen.nl\/?post_type=product&#038;p=206829"},"modified":"2026-02-17T15:28:02","modified_gmt":"2026-02-17T14:28:02","slug":"olfass-wanddekoration-baum-des-lebens-sandra-58cm-kopie","status":"publish","type":"product","link":"https:\/\/www.eliassen.nl\/de\/olfass-wanddekoration-baum-des-lebens-sandra-58cm-kopie\/","title":{"rendered":"\u00d6lfass Wanddekoration bunte V\u00f6gel im Baum des Lebens 58cm"},"content":{"rendered":"<p data-path-to-node=\"2\">Holen Sie sich mit dieser sch\u00f6nen Wanddekoration ein St\u00fcck einzigartiger Weltkunst in Ihr Zuhause. Der Baum des Lebens oder Tree of Life ist wundersch\u00f6n gestaltet mit einem ornamentalen Wurzelsystem und einer vollen Krone aus gr\u00fcnen Bl\u00e4ttern. Was sofort auff\u00e4llt, sind die beiden bunten V\u00f6gelchen, die sich gem\u00fctlich auf den unteren \u00c4sten gegen\u00fcbersitzen. Dieses Kunstwerk ist nicht nur ein dekoratives St\u00fcck, sondern erz\u00e4hlt eine besondere Geschichte von Handwerkskunst und Recycling.<\/p>\n<p data-path-to-node=\"3\">Dieses in Haiti von den so genannten Forest Metal-Arbeitern hergestellte Objekt besteht vollst\u00e4ndig aus dem Deckel von recycelten \u00d6lf\u00e4ssern. Es ist ein Meisterwerk der reinen Handwerkskunst, an dem tagelang von Hand gearbeitet wurde. Vom Aufschneiden der F\u00e4sser bis hin zum H\u00e4mmern, Nivellieren, Arbeiten mit einem D\u00fcbel und der abschlie\u00dfenden Lackierung ist jeder Schritt Handarbeit. So gleicht kein St\u00fcck dem anderen und Sie haben immer ein einzigartiges St\u00fcck an Ihrer Wand h\u00e4ngen.<\/p>\n<p data-path-to-node=\"4\">Mit einem Durchmesser von 58 cm ist er ein Blickfang in Ihrem Wohnzimmer, im Flur oder sogar drau\u00dfen unter einem Baldachin. Mit dem Kauf dieses fair gehandelten Produkts unterst\u00fctzen Sie direkt die Menschen vor Ort in Haiti und die Organisation Our Market. Eine wunderbare Kombination aus \u00c4sthetik, Nachhaltigkeit und einem guten Zweck.<\/p>\n","protected":false},"excerpt":{"rendered":"<p data-path-to-node=\"6\">Diese handgefertigte 58 cm gro\u00dfe Wanddekoration zeigt einen detaillierten Lebensbaum mit gr\u00fcnen Bl\u00e4ttern und zwei fr\u00f6hlichen, bunten V\u00f6geln. Das Kunstwerk wird in Haiti fachm\u00e4nnisch aus recycelten \u00d6lf\u00e4ssern hergestellt und bringt ein einzigartiges und nachhaltiges Fair-Trade-Produkt in Ihr Zuhause. Die nat\u00fcrlichen Farben und das Metallrelief sorgen f\u00fcr einen stimmungsvollen Look, der auch unter einem Baldachin gut aussieht.<\/p>\n","protected":false},"featured_media":206889,"template":"","meta":{"_acf_changed":false,"_genesis_title":"","_genesis_description":""},"product_brand":[6954],"product_cat":[509,7056],"product_tag":[],"class_list":{"0":"post-206829","1":"product","2":"type-product","3":"status-publish","4":"has-post-thumbnail","6":"product_brand-our-market-de","7":"product_cat-wanddekoration","8":"product_cat-wanddekorationen-aus-haiti","10":"first","11":"instock","12":"taxable","13":"shipping-taxable","14":"purchasable","15":"product-type-simple"},"acf":[],"meta_all":{"total_sales":"0","wcml_sync_hash":{"postmeta_fields":"81e18f9842174d7fa35fe34deec91e2f"},"attr_label_translations":[],"cor_restricted_countries":[],"wpseo_global_identifier_values":{"gtin8":"","gtin12":"","gtin13":"","gtin14":"","isbn":"","mpn":""}},"meta_all_flat":{"total_sales":"0","wcml_sync_hash.postmeta_fields":"81e18f9842174d7fa35fe34deec91e2f","wpseo_global_identifier_values.gtin8":"","wpseo_global_identifier_values.gtin12":"","wpseo_global_identifier_values.gtin13":"","wpseo_global_identifier_values.gtin14":"","wpseo_global_identifier_values.isbn":"","wpseo_global_identifier_values.mpn":""},"yoast_head":"<!-- This site is optimized with the Yoast SEO Premium plugin v26.2 (Yoast SEO v27.2) - https:\/\/yoast.com\/product\/yoast-seo-premium-wordpress\/ -->\n<title>\u00d6lfass Wanddekoration Baum des Lebens Sandra 58cm<\/title>\n<meta name=\"description\" content=\"Einzigartige Wanddekoration Baum des Lebens (58cm) mit bunten V\u00f6geln. Handgefertigt in Haiti aus recycelten \u00d6lf\u00e4ssern. Fair gehandelte Metallkunst f\u00fcr den Innen- und Au\u00dfenbereich.\" \/>\n<meta name=\"robots\" content=\"index, follow, max-snippet:-1, max-image-preview:large, max-video-preview:-1\" \/>\n<link rel=\"canonical\" href=\"https:\/\/www.eliassen.nl\/de\/olfass-wanddekoration-baum-des-lebens-sandra-58cm-kopie\/\" \/>\n<meta property=\"og:locale\" content=\"de_DE\" \/>\n<meta property=\"og:type\" content=\"article\" \/>\n<meta property=\"og:title\" content=\"Our market \u00d6lfass Wanddekoration bunte V\u00f6gel im Baum des Lebens 58cm - Eliassen.nl\" \/>\n<meta property=\"og:description\" content=\"Einzigartige Wanddekoration Baum des Lebens (58cm) mit bunten V\u00f6geln. Handgefertigt in Haiti aus recycelten \u00d6lf\u00e4ssern. Fair gehandelte Metallkunst f\u00fcr den Innen- und Au\u00dfenbereich.\" \/>\n<meta property=\"og:url\" content=\"https:\/\/www.eliassen.nl\/de\/olfass-wanddekoration-baum-des-lebens-sandra-58cm-kopie\/\" \/>\n<meta property=\"og:site_name\" content=\"Eliassen.nl\" \/>\n<meta property=\"article:publisher\" content=\"https:\/\/www.facebook.com\/TuincentrumEliassenAmmerzoden\" \/>\n<meta property=\"article:modified_time\" content=\"2026-02-17T14:28:02+00:00\" \/>\n<meta property=\"og:image\" content=\"https:\/\/www.eliassen.nl\/wp-content\/uploads\/2026\/02\/Edwas-Lebensbaum-in-Grun.webp\" \/>\n\t<meta property=\"og:image:width\" content=\"1889\" \/>\n\t<meta property=\"og:image:height\" content=\"1889\" \/>\n\t<meta property=\"og:image:type\" content=\"image\/webp\" \/>\n<meta name=\"twitter:card\" content=\"summary_large_image\" \/>\n<script type=\"application\/ld+json\" class=\"yoast-schema-graph\">{\"@context\":\"https:\/\/schema.org\",\"@graph\":[{\"@type\":\"WebPage\",\"@id\":\"https:\/\/www.eliassen.nl\/de\/olfass-wanddekoration-baum-des-lebens-sandra-58cm-kopie\/\",\"url\":\"https:\/\/www.eliassen.nl\/de\/olfass-wanddekoration-baum-des-lebens-sandra-58cm-kopie\/\",\"name\":\"\u00d6lfass Wanddekoration Baum des Lebens Sandra 58cm\",\"isPartOf\":{\"@id\":\"https:\/\/www.eliassen.nl\/de\/#website\"},\"primaryImageOfPage\":{\"@id\":\"https:\/\/www.eliassen.nl\/de\/olfass-wanddekoration-baum-des-lebens-sandra-58cm-kopie\/#primaryimage\"},\"image\":{\"@id\":\"https:\/\/www.eliassen.nl\/de\/olfass-wanddekoration-baum-des-lebens-sandra-58cm-kopie\/#primaryimage\"},\"thumbnailUrl\":\"https:\/\/www.eliassen.nl\/wp-content\/uploads\/2026\/02\/Edwas-Lebensbaum-in-Grun.webp\",\"datePublished\":\"2026-02-17T14:19:37+00:00\",\"dateModified\":\"2026-02-17T14:28:02+00:00\",\"description\":\"Einzigartige Wanddekoration Baum des Lebens (58cm) mit bunten V\u00f6geln. Handgefertigt in Haiti aus recycelten \u00d6lf\u00e4ssern. Fair gehandelte Metallkunst f\u00fcr den Innen- und Au\u00dfenbereich.\",\"breadcrumb\":{\"@id\":\"https:\/\/www.eliassen.nl\/de\/olfass-wanddekoration-baum-des-lebens-sandra-58cm-kopie\/#breadcrumb\"},\"inLanguage\":\"de\",\"potentialAction\":[{\"@type\":\"ReadAction\",\"target\":[\"https:\/\/www.eliassen.nl\/de\/olfass-wanddekoration-baum-des-lebens-sandra-58cm-kopie\/\"]}]},{\"@type\":\"ImageObject\",\"inLanguage\":\"de\",\"@id\":\"https:\/\/www.eliassen.nl\/de\/olfass-wanddekoration-baum-des-lebens-sandra-58cm-kopie\/#primaryimage\",\"url\":\"https:\/\/www.eliassen.nl\/wp-content\/uploads\/2026\/02\/Edwas-Lebensbaum-in-Grun.webp\",\"contentUrl\":\"https:\/\/www.eliassen.nl\/wp-content\/uploads\/2026\/02\/Edwas-Lebensbaum-in-Grun.webp\",\"width\":1889,\"height\":1889,\"caption\":\"Wandecoratie van oliedrum kleurrijke vogeltjes in Levensboom 58cm\"},{\"@type\":\"BreadcrumbList\",\"@id\":\"https:\/\/www.eliassen.nl\/de\/olfass-wanddekoration-baum-des-lebens-sandra-58cm-kopie\/#breadcrumb\",\"itemListElement\":[{\"@type\":\"ListItem\",\"position\":1,\"name\":\"Home\",\"item\":\"https:\/\/www.eliassen.nl\/de\/\"},{\"@type\":\"ListItem\",\"position\":2,\"name\":\"Shop\",\"item\":\"https:\/\/www.eliassen.nl\/de\/shop\/\"},{\"@type\":\"ListItem\",\"position\":3,\"name\":\"Wanddekoration\",\"item\":\"https:\/\/www.eliassen.nl\/de\/wanddekoration\/\"},{\"@type\":\"ListItem\",\"position\":4,\"name\":\"Wanddekorationen aus Haiti\",\"item\":\"https:\/\/www.eliassen.nl\/de\/wanddekoration\/wanddekorationen-aus-haiti\/\"},{\"@type\":\"ListItem\",\"position\":5,\"name\":\"\u00d6lfass Wanddekoration bunte V\u00f6gel im Baum des Lebens 58cm\"}]},{\"@type\":\"WebSite\",\"@id\":\"https:\/\/www.eliassen.nl\/de\/#website\",\"url\":\"https:\/\/www.eliassen.nl\/de\/\",\"name\":\"Eliassen Home & Garden Pleasure\",\"description\":\"\",\"publisher\":{\"@id\":\"https:\/\/www.eliassen.nl\/de\/#organization\"},\"alternateName\":\"Eliassen.nl\",\"potentialAction\":[{\"@type\":\"SearchAction\",\"target\":{\"@type\":\"EntryPoint\",\"urlTemplate\":\"https:\/\/www.eliassen.nl\/de\/?s={search_term_string}\"},\"query-input\":{\"@type\":\"PropertyValueSpecification\",\"valueRequired\":true,\"valueName\":\"search_term_string\"}}],\"inLanguage\":\"de\"},{\"@type\":[\"Organization\",\"Place\"],\"@id\":\"https:\/\/www.eliassen.nl\/de\/#organization\",\"name\":\"Eliassen Home & Garden Pleasure\",\"url\":\"https:\/\/www.eliassen.nl\/de\/\",\"logo\":{\"@id\":\"https:\/\/www.eliassen.nl\/de\/olfass-wanddekoration-baum-des-lebens-sandra-58cm-kopie\/#local-main-organization-logo\"},\"image\":{\"@id\":\"https:\/\/www.eliassen.nl\/de\/olfass-wanddekoration-baum-des-lebens-sandra-58cm-kopie\/#local-main-organization-logo\"},\"sameAs\":[\"https:\/\/www.facebook.com\/TuincentrumEliassenAmmerzoden\",\"https:\/\/www.instagram.com\/eliassenhomeandgarden\/\",\"https:\/\/nl.pinterest.com\/eliassenhomeandgarden\/\",\"https:\/\/www.youtube.com\/@eliassenhomegardenpleasure4558\"],\"telephone\":[],\"openingHoursSpecification\":[{\"@type\":\"OpeningHoursSpecification\",\"dayOfWeek\":[\"Monday\",\"Tuesday\",\"Wednesday\",\"Thursday\",\"Friday\",\"Saturday\",\"Sunday\"],\"opens\":\"09:00\",\"closes\":\"17:00\"}]},{\"@type\":\"ImageObject\",\"inLanguage\":\"de\",\"@id\":\"https:\/\/www.eliassen.nl\/de\/olfass-wanddekoration-baum-des-lebens-sandra-58cm-kopie\/#local-main-organization-logo\",\"url\":\"https:\/\/www.eliassen.nl\/wp-content\/uploads\/2024\/01\/logo_4nd.jpg\",\"contentUrl\":\"https:\/\/www.eliassen.nl\/wp-content\/uploads\/2024\/01\/logo_4nd.jpg\",\"width\":500,\"height\":500,\"caption\":\"Eliassen Home & Garden Pleasure\"}]}<\/script>\n<meta property=\"product:price:amount\" content=\"95.00\" \/>\n<meta property=\"product:price:currency\" content=\"EUR\" \/>\n<meta property=\"og:availability\" content=\"instock\" \/>\n<meta property=\"product:availability\" content=\"instock\" \/>\n<meta property=\"product:retailer_item_id\" content=\"EDLG226\" \/>\n<meta property=\"product:condition\" content=\"new\" \/>\n<!-- \/ Yoast SEO Premium plugin. -->","yoast_head_json":{"title":"\u00d6lfass Wanddekoration Baum des Lebens Sandra 58cm","description":"Einzigartige Wanddekoration Baum des Lebens (58cm) mit bunten V\u00f6geln. Handgefertigt in Haiti aus recycelten \u00d6lf\u00e4ssern. Fair gehandelte Metallkunst f\u00fcr den Innen- und Au\u00dfenbereich.","robots":{"index":"index","follow":"follow","max-snippet":"max-snippet:-1","max-image-preview":"max-image-preview:large","max-video-preview":"max-video-preview:-1"},"canonical":"https:\/\/www.eliassen.nl\/de\/olfass-wanddekoration-baum-des-lebens-sandra-58cm-kopie\/","og_locale":"de_DE","og_type":"article","og_title":"Our market \u00d6lfass Wanddekoration bunte V\u00f6gel im Baum des Lebens 58cm - Eliassen.nl","og_description":"Einzigartige Wanddekoration Baum des Lebens (58cm) mit bunten V\u00f6geln. Handgefertigt in Haiti aus recycelten \u00d6lf\u00e4ssern. Fair gehandelte Metallkunst f\u00fcr den Innen- und Au\u00dfenbereich.","og_url":"https:\/\/www.eliassen.nl\/de\/olfass-wanddekoration-baum-des-lebens-sandra-58cm-kopie\/","og_site_name":"Eliassen.nl","article_publisher":"https:\/\/www.facebook.com\/TuincentrumEliassenAmmerzoden","article_modified_time":"2026-02-17T14:28:02+00:00","og_image":[{"width":1889,"height":1889,"url":"https:\/\/www.eliassen.nl\/wp-content\/uploads\/2026\/02\/Edwas-Lebensbaum-in-Grun.webp","type":"image\/webp"}],"twitter_card":"summary_large_image","schema":{"@context":"https:\/\/schema.org","@graph":[{"@type":"WebPage","@id":"https:\/\/www.eliassen.nl\/de\/olfass-wanddekoration-baum-des-lebens-sandra-58cm-kopie\/","url":"https:\/\/www.eliassen.nl\/de\/olfass-wanddekoration-baum-des-lebens-sandra-58cm-kopie\/","name":"\u00d6lfass Wanddekoration Baum des Lebens Sandra 58cm","isPartOf":{"@id":"https:\/\/www.eliassen.nl\/de\/#website"},"primaryImageOfPage":{"@id":"https:\/\/www.eliassen.nl\/de\/olfass-wanddekoration-baum-des-lebens-sandra-58cm-kopie\/#primaryimage"},"image":{"@id":"https:\/\/www.eliassen.nl\/de\/olfass-wanddekoration-baum-des-lebens-sandra-58cm-kopie\/#primaryimage"},"thumbnailUrl":"https:\/\/www.eliassen.nl\/wp-content\/uploads\/2026\/02\/Edwas-Lebensbaum-in-Grun.webp","datePublished":"2026-02-17T14:19:37+00:00","dateModified":"2026-02-17T14:28:02+00:00","description":"Einzigartige Wanddekoration Baum des Lebens (58cm) mit bunten V\u00f6geln. Handgefertigt in Haiti aus recycelten \u00d6lf\u00e4ssern. Fair gehandelte Metallkunst f\u00fcr den Innen- und Au\u00dfenbereich.","breadcrumb":{"@id":"https:\/\/www.eliassen.nl\/de\/olfass-wanddekoration-baum-des-lebens-sandra-58cm-kopie\/#breadcrumb"},"inLanguage":"de","potentialAction":[{"@type":"ReadAction","target":["https:\/\/www.eliassen.nl\/de\/olfass-wanddekoration-baum-des-lebens-sandra-58cm-kopie\/"]}]},{"@type":"ImageObject","inLanguage":"de","@id":"https:\/\/www.eliassen.nl\/de\/olfass-wanddekoration-baum-des-lebens-sandra-58cm-kopie\/#primaryimage","url":"https:\/\/www.eliassen.nl\/wp-content\/uploads\/2026\/02\/Edwas-Lebensbaum-in-Grun.webp","contentUrl":"https:\/\/www.eliassen.nl\/wp-content\/uploads\/2026\/02\/Edwas-Lebensbaum-in-Grun.webp","width":1889,"height":1889,"caption":"Wandecoratie van oliedrum kleurrijke vogeltjes in Levensboom 58cm"},{"@type":"BreadcrumbList","@id":"https:\/\/www.eliassen.nl\/de\/olfass-wanddekoration-baum-des-lebens-sandra-58cm-kopie\/#breadcrumb","itemListElement":[{"@type":"ListItem","position":1,"name":"Home","item":"https:\/\/www.eliassen.nl\/de\/"},{"@type":"ListItem","position":2,"name":"Shop","item":"https:\/\/www.eliassen.nl\/de\/shop\/"},{"@type":"ListItem","position":3,"name":"Wanddekoration","item":"https:\/\/www.eliassen.nl\/de\/wanddekoration\/"},{"@type":"ListItem","position":4,"name":"Wanddekorationen aus Haiti","item":"https:\/\/www.eliassen.nl\/de\/wanddekoration\/wanddekorationen-aus-haiti\/"},{"@type":"ListItem","position":5,"name":"\u00d6lfass Wanddekoration bunte V\u00f6gel im Baum des Lebens 58cm"}]},{"@type":"WebSite","@id":"https:\/\/www.eliassen.nl\/de\/#website","url":"https:\/\/www.eliassen.nl\/de\/","name":"Eliassen Home & Garden Pleasure","description":"","publisher":{"@id":"https:\/\/www.eliassen.nl\/de\/#organization"},"alternateName":"Eliassen.nl","potentialAction":[{"@type":"SearchAction","target":{"@type":"EntryPoint","urlTemplate":"https:\/\/www.eliassen.nl\/de\/?s={search_term_string}"},"query-input":{"@type":"PropertyValueSpecification","valueRequired":true,"valueName":"search_term_string"}}],"inLanguage":"de"},{"@type":["Organization","Place"],"@id":"https:\/\/www.eliassen.nl\/de\/#organization","name":"Eliassen Home & Garden Pleasure","url":"https:\/\/www.eliassen.nl\/de\/","logo":{"@id":"https:\/\/www.eliassen.nl\/de\/olfass-wanddekoration-baum-des-lebens-sandra-58cm-kopie\/#local-main-organization-logo"},"image":{"@id":"https:\/\/www.eliassen.nl\/de\/olfass-wanddekoration-baum-des-lebens-sandra-58cm-kopie\/#local-main-organization-logo"},"sameAs":["https:\/\/www.facebook.com\/TuincentrumEliassenAmmerzoden","https:\/\/www.instagram.com\/eliassenhomeandgarden\/","https:\/\/nl.pinterest.com\/eliassenhomeandgarden\/","https:\/\/www.youtube.com\/@eliassenhomegardenpleasure4558"],"telephone":[],"openingHoursSpecification":[{"@type":"OpeningHoursSpecification","dayOfWeek":["Monday","Tuesday","Wednesday","Thursday","Friday","Saturday","Sunday"],"opens":"09:00","closes":"17:00"}]},{"@type":"ImageObject","inLanguage":"de","@id":"https:\/\/www.eliassen.nl\/de\/olfass-wanddekoration-baum-des-lebens-sandra-58cm-kopie\/#local-main-organization-logo","url":"https:\/\/www.eliassen.nl\/wp-content\/uploads\/2024\/01\/logo_4nd.jpg","contentUrl":"https:\/\/www.eliassen.nl\/wp-content\/uploads\/2024\/01\/logo_4nd.jpg","width":500,"height":500,"caption":"Eliassen Home & Garden Pleasure"}]},"product_price_amount":"95.00","product_price_currency":"EUR","og_availability":"instock","product_availability":"instock","product_retailer_item_id":"EDLG226","product_condition":"new"},"df_price":95,"df_sale_price":"","df_regular_price":95,"df_image_link":"https:\/\/www.eliassen.nl\/wp-content\/uploads\/2026\/02\/Edwas-Lebensbaum-in-Grun-300x300.webp","image":"https:\/\/www.eliassen.nl\/wp-content\/uploads\/2026\/02\/Edwas-Lebensbaum-in-Grun-150x150.webp","price_search":"<span class=\"woocommerce-Price-amount amount\"><bdi><span class=\"woocommerce-Price-currencySymbol\">&euro;<\/span>&nbsp;95,00<\/bdi><\/span>","category":"Wanddekoration","global_unique_id":"6096532586581","_links":{"self":[{"href":"https:\/\/www.eliassen.nl\/de\/wp-json\/wp\/v2\/product\/206829","targetHints":{"allow":["GET"]}}],"collection":[{"href":"https:\/\/www.eliassen.nl\/de\/wp-json\/wp\/v2\/product"}],"about":[{"href":"https:\/\/www.eliassen.nl\/de\/wp-json\/wp\/v2\/types\/product"}],"wp:featuredmedia":[{"embeddable":true,"href":"https:\/\/www.eliassen.nl\/de\/wp-json\/wp\/v2\/media\/206889"}],"wp:attachment":[{"href":"https:\/\/www.eliassen.nl\/de\/wp-json\/wp\/v2\/media?parent=206829"}],"wp:term":[{"taxonomy":"product_brand","embeddable":true,"href":"https:\/\/www.eliassen.nl\/de\/wp-json\/wp\/v2\/product_brand?post=206829"},{"taxonomy":"product_cat","embeddable":true,"href":"https:\/\/www.eliassen.nl\/de\/wp-json\/wp\/v2\/product_cat?post=206829"},{"taxonomy":"product_tag","embeddable":true,"href":"https:\/\/www.eliassen.nl\/de\/wp-json\/wp\/v2\/product_tag?post=206829"}],"curies":[{"name":"wp","href":"https:\/\/api.w.org\/{rel}","templated":true}]}}