{"id":206735,"date":"2026-02-16T16:48:44","date_gmt":"2026-02-16T15:48:44","guid":{"rendered":"https:\/\/www.eliassen.nl\/?post_type=product&#038;p=206735"},"modified":"2026-02-16T16:54:38","modified_gmt":"2026-02-16T15:54:38","slug":"statue-baum-des-lebens-holz-stehend-56cm-kopie","status":"publish","type":"product","link":"https:\/\/www.eliassen.nl\/de\/statue-baum-des-lebens-holz-stehend-56cm-kopie\/","title":{"rendered":"Statue Baum des Lebens Holz stehend 30cm"},"content":{"rendered":"<p data-path-to-node=\"2\">Diese h\u00f6lzerne Statue eines Lebensbaums ist ein sch\u00f6nes Dekorationsst\u00fcck f\u00fcr Ihr Haus oder Ihren Garten. Mit einer H\u00f6he von 30 cm passt er perfekt auf eine Fensterbank, einen Kaminsims oder einen Tisch. Der Baum symbolisiert Wachstum und Verbundenheit, wobei die herzf\u00f6rmigen Bl\u00e4tter dem Design eine zus\u00e4tzliche liebevolle Bedeutung verleihen. Da diese Skulptur vollst\u00e4ndig von Hand gefertigt wird, ist jedes Exemplar ein Unikat. Das bedeutet, dass Ihr Bild in Bezug auf die Holzmaserung oder das Finish leicht vom Foto abweichen kann, was den Charme echter Handwerkskunst nur noch unterstreicht.<\/p>\n<p data-path-to-node=\"3\">Wenn Sie die Skulptur im Freien aufstellen, wird das Holz durch die Witterung nat\u00fcrlich altern. Durch Temperaturschwankungen k\u00f6nnen auch kleine Risse im Holz entstehen. Dies ist ein normaler Vorgang bei nat\u00fcrlichen Materialien und tr\u00e4gt zum rustikalen und lebendigen Aussehen des Kunstwerks bei. Es ist ein stimmungsvoller Gegenstand, der Ihrer Umgebung \u00fcberall eine warme und nat\u00fcrliche Note verleiht.<\/p>\n","protected":false},"excerpt":{"rendered":"<p data-path-to-node=\"6\">Diese handgefertigte Lebensbaum-Statue aus Holz ist 30 cm hoch, hat einzigartige herzf\u00f6rmige Bl\u00e4tter und steht auf einem stabilen Sockel. Aufgrund des nat\u00fcrlichen Materials und der handwerklichen Verarbeitung ist jedes St\u00fcck ein Unikat. Das Holz kann im Laufe der Zeit anfangen, nach au\u00dfen zu arbeiten und eine graue Farbe anzunehmen.<\/p>\n","protected":false},"featured_media":206748,"template":"","meta":{"_acf_changed":false,"_genesis_title":"","_genesis_description":""},"product_brand":[7505],"product_cat":[1367,7239],"product_tag":[],"class_list":{"0":"post-206735","1":"product","2":"type-product","3":"status-publish","4":"has-post-thumbnail","6":"product_brand-sonstige","7":"product_cat-holzstatuen","8":"product_cat-bilder","10":"first","11":"instock","12":"taxable","13":"shipping-taxable","14":"purchasable","15":"product-type-simple"},"acf":[],"meta_all":{"total_sales":"1","cor_restricted_countries":[],"wpseo_global_identifier_values":{"gtin8":"","gtin12":"","gtin13":"","gtin14":"","isbn":"","mpn":""}},"meta_all_flat":{"total_sales":"1","wpseo_global_identifier_values.gtin8":"","wpseo_global_identifier_values.gtin12":"","wpseo_global_identifier_values.gtin13":"","wpseo_global_identifier_values.gtin14":"","wpseo_global_identifier_values.isbn":"","wpseo_global_identifier_values.mpn":""},"yoast_head":"<!-- This site is optimized with the Yoast SEO Premium plugin v26.2 (Yoast SEO v27.2) - https:\/\/yoast.com\/product\/yoast-seo-premium-wordpress\/ -->\n<title>Sonstige Statue Baum des Lebens Holz stehend 30cm - Eliassen.nl<\/title>\n<meta name=\"description\" content=\"Atmosph\u00e4rische 30 cm gro\u00dfe Lebensbaum-Statue aus Holz mit herzf\u00f6rmigen Bl\u00e4ttern. Handgefertigt und einzigartig, daher variieren Farbe und Form. F\u00fcr den Innen- und Au\u00dfenbereich geeignet.\" \/>\n<meta name=\"robots\" content=\"index, follow, max-snippet:-1, max-image-preview:large, max-video-preview:-1\" \/>\n<link rel=\"canonical\" href=\"https:\/\/www.eliassen.nl\/de\/statue-baum-des-lebens-holz-stehend-56cm-kopie\/\" \/>\n<meta property=\"og:locale\" content=\"de_DE\" \/>\n<meta property=\"og:type\" content=\"article\" \/>\n<meta property=\"og:title\" content=\"Sonstige Statue Baum des Lebens Holz stehend 30cm - Eliassen.nl\" \/>\n<meta property=\"og:description\" content=\"Atmosph\u00e4rische 30 cm gro\u00dfe Lebensbaum-Statue aus Holz mit herzf\u00f6rmigen Bl\u00e4ttern. Handgefertigt und einzigartig, daher variieren Farbe und Form. F\u00fcr den Innen- und Au\u00dfenbereich geeignet.\" \/>\n<meta property=\"og:url\" content=\"https:\/\/www.eliassen.nl\/de\/statue-baum-des-lebens-holz-stehend-56cm-kopie\/\" \/>\n<meta property=\"og:site_name\" content=\"Eliassen.nl\" \/>\n<meta property=\"article:publisher\" content=\"https:\/\/www.facebook.com\/TuincentrumEliassenAmmerzoden\" \/>\n<meta property=\"article:modified_time\" content=\"2026-02-16T15:54:38+00:00\" \/>\n<meta property=\"og:image\" content=\"https:\/\/www.eliassen.nl\/wp-content\/uploads\/2026\/02\/Beeld-Levensboom-hout-staand-30cm-eliassen.nl-1-scaled.jpg\" \/>\n\t<meta property=\"og:image:width\" content=\"1928\" \/>\n\t<meta property=\"og:image:height\" content=\"2560\" \/>\n\t<meta property=\"og:image:type\" content=\"image\/jpeg\" \/>\n<meta name=\"twitter:card\" content=\"summary_large_image\" \/>\n<script type=\"application\/ld+json\" class=\"yoast-schema-graph\">{\"@context\":\"https:\/\/schema.org\",\"@graph\":[{\"@type\":\"WebPage\",\"@id\":\"https:\/\/www.eliassen.nl\/de\/statue-baum-des-lebens-holz-stehend-56cm-kopie\/\",\"url\":\"https:\/\/www.eliassen.nl\/de\/statue-baum-des-lebens-holz-stehend-56cm-kopie\/\",\"name\":\"Sonstige Statue Baum des Lebens Holz stehend 30cm - Eliassen.nl\",\"isPartOf\":{\"@id\":\"https:\/\/www.eliassen.nl\/de\/#website\"},\"primaryImageOfPage\":{\"@id\":\"https:\/\/www.eliassen.nl\/de\/statue-baum-des-lebens-holz-stehend-56cm-kopie\/#primaryimage\"},\"image\":{\"@id\":\"https:\/\/www.eliassen.nl\/de\/statue-baum-des-lebens-holz-stehend-56cm-kopie\/#primaryimage\"},\"thumbnailUrl\":\"https:\/\/www.eliassen.nl\/wp-content\/uploads\/2026\/02\/Beeld-Levensboom-hout-staand-30cm-eliassen.nl-1-scaled.jpg\",\"datePublished\":\"2026-02-16T15:48:44+00:00\",\"dateModified\":\"2026-02-16T15:54:38+00:00\",\"description\":\"Atmosph\u00e4rische 30 cm gro\u00dfe Lebensbaum-Statue aus Holz mit herzf\u00f6rmigen Bl\u00e4ttern. Handgefertigt und einzigartig, daher variieren Farbe und Form. F\u00fcr den Innen- und Au\u00dfenbereich geeignet.\",\"breadcrumb\":{\"@id\":\"https:\/\/www.eliassen.nl\/de\/statue-baum-des-lebens-holz-stehend-56cm-kopie\/#breadcrumb\"},\"inLanguage\":\"de\",\"potentialAction\":[{\"@type\":\"ReadAction\",\"target\":[\"https:\/\/www.eliassen.nl\/de\/statue-baum-des-lebens-holz-stehend-56cm-kopie\/\"]}]},{\"@type\":\"ImageObject\",\"inLanguage\":\"de\",\"@id\":\"https:\/\/www.eliassen.nl\/de\/statue-baum-des-lebens-holz-stehend-56cm-kopie\/#primaryimage\",\"url\":\"https:\/\/www.eliassen.nl\/wp-content\/uploads\/2026\/02\/Beeld-Levensboom-hout-staand-30cm-eliassen.nl-1-scaled.jpg\",\"contentUrl\":\"https:\/\/www.eliassen.nl\/wp-content\/uploads\/2026\/02\/Beeld-Levensboom-hout-staand-30cm-eliassen.nl-1-scaled.jpg\",\"width\":1928,\"height\":2560,\"caption\":\"Statue Baum des Lebens Holz stehend 30cm eliassen.nl\"},{\"@type\":\"BreadcrumbList\",\"@id\":\"https:\/\/www.eliassen.nl\/de\/statue-baum-des-lebens-holz-stehend-56cm-kopie\/#breadcrumb\",\"itemListElement\":[{\"@type\":\"ListItem\",\"position\":1,\"name\":\"Home\",\"item\":\"https:\/\/www.eliassen.nl\/de\/\"},{\"@type\":\"ListItem\",\"position\":2,\"name\":\"Shop\",\"item\":\"https:\/\/www.eliassen.nl\/de\/shop\/\"},{\"@type\":\"ListItem\",\"position\":3,\"name\":\"Bilder\",\"item\":\"https:\/\/www.eliassen.nl\/de\/bilder\/\"},{\"@type\":\"ListItem\",\"position\":4,\"name\":\"Statue Baum des Lebens Holz stehend 30cm\"}]},{\"@type\":\"WebSite\",\"@id\":\"https:\/\/www.eliassen.nl\/de\/#website\",\"url\":\"https:\/\/www.eliassen.nl\/de\/\",\"name\":\"Eliassen Home & Garden Pleasure\",\"description\":\"\",\"publisher\":{\"@id\":\"https:\/\/www.eliassen.nl\/de\/#organization\"},\"alternateName\":\"Eliassen.nl\",\"potentialAction\":[{\"@type\":\"SearchAction\",\"target\":{\"@type\":\"EntryPoint\",\"urlTemplate\":\"https:\/\/www.eliassen.nl\/de\/?s={search_term_string}\"},\"query-input\":{\"@type\":\"PropertyValueSpecification\",\"valueRequired\":true,\"valueName\":\"search_term_string\"}}],\"inLanguage\":\"de\"},{\"@type\":[\"Organization\",\"Place\"],\"@id\":\"https:\/\/www.eliassen.nl\/de\/#organization\",\"name\":\"Eliassen Home & Garden Pleasure\",\"url\":\"https:\/\/www.eliassen.nl\/de\/\",\"logo\":{\"@id\":\"https:\/\/www.eliassen.nl\/de\/statue-baum-des-lebens-holz-stehend-56cm-kopie\/#local-main-organization-logo\"},\"image\":{\"@id\":\"https:\/\/www.eliassen.nl\/de\/statue-baum-des-lebens-holz-stehend-56cm-kopie\/#local-main-organization-logo\"},\"sameAs\":[\"https:\/\/www.facebook.com\/TuincentrumEliassenAmmerzoden\",\"https:\/\/www.instagram.com\/eliassenhomeandgarden\/\",\"https:\/\/nl.pinterest.com\/eliassenhomeandgarden\/\",\"https:\/\/www.youtube.com\/@eliassenhomegardenpleasure4558\"],\"telephone\":[],\"openingHoursSpecification\":[{\"@type\":\"OpeningHoursSpecification\",\"dayOfWeek\":[\"Monday\",\"Tuesday\",\"Wednesday\",\"Thursday\",\"Friday\",\"Saturday\",\"Sunday\"],\"opens\":\"09:00\",\"closes\":\"17:00\"}]},{\"@type\":\"ImageObject\",\"inLanguage\":\"de\",\"@id\":\"https:\/\/www.eliassen.nl\/de\/statue-baum-des-lebens-holz-stehend-56cm-kopie\/#local-main-organization-logo\",\"url\":\"https:\/\/www.eliassen.nl\/wp-content\/uploads\/2024\/01\/logo_4nd.jpg\",\"contentUrl\":\"https:\/\/www.eliassen.nl\/wp-content\/uploads\/2024\/01\/logo_4nd.jpg\",\"width\":500,\"height\":500,\"caption\":\"Eliassen Home & Garden Pleasure\"}]}<\/script>\n<meta property=\"product:price:amount\" content=\"49.90\" \/>\n<meta property=\"product:price:currency\" content=\"EUR\" \/>\n<meta property=\"og:availability\" content=\"instock\" \/>\n<meta property=\"product:availability\" content=\"instock\" \/>\n<meta property=\"product:retailer_item_id\" content=\"180529\" \/>\n<meta property=\"product:condition\" content=\"new\" \/>\n<!-- \/ Yoast SEO Premium plugin. -->","yoast_head_json":{"title":"Sonstige Statue Baum des Lebens Holz stehend 30cm - Eliassen.nl","description":"Atmosph\u00e4rische 30 cm gro\u00dfe Lebensbaum-Statue aus Holz mit herzf\u00f6rmigen Bl\u00e4ttern. Handgefertigt und einzigartig, daher variieren Farbe und Form. F\u00fcr den Innen- und Au\u00dfenbereich geeignet.","robots":{"index":"index","follow":"follow","max-snippet":"max-snippet:-1","max-image-preview":"max-image-preview:large","max-video-preview":"max-video-preview:-1"},"canonical":"https:\/\/www.eliassen.nl\/de\/statue-baum-des-lebens-holz-stehend-56cm-kopie\/","og_locale":"de_DE","og_type":"article","og_title":"Sonstige Statue Baum des Lebens Holz stehend 30cm - Eliassen.nl","og_description":"Atmosph\u00e4rische 30 cm gro\u00dfe Lebensbaum-Statue aus Holz mit herzf\u00f6rmigen Bl\u00e4ttern. Handgefertigt und einzigartig, daher variieren Farbe und Form. F\u00fcr den Innen- und Au\u00dfenbereich geeignet.","og_url":"https:\/\/www.eliassen.nl\/de\/statue-baum-des-lebens-holz-stehend-56cm-kopie\/","og_site_name":"Eliassen.nl","article_publisher":"https:\/\/www.facebook.com\/TuincentrumEliassenAmmerzoden","article_modified_time":"2026-02-16T15:54:38+00:00","og_image":[{"width":1928,"height":2560,"url":"https:\/\/www.eliassen.nl\/wp-content\/uploads\/2026\/02\/Beeld-Levensboom-hout-staand-30cm-eliassen.nl-1-scaled.jpg","type":"image\/jpeg"}],"twitter_card":"summary_large_image","schema":{"@context":"https:\/\/schema.org","@graph":[{"@type":"WebPage","@id":"https:\/\/www.eliassen.nl\/de\/statue-baum-des-lebens-holz-stehend-56cm-kopie\/","url":"https:\/\/www.eliassen.nl\/de\/statue-baum-des-lebens-holz-stehend-56cm-kopie\/","name":"Sonstige Statue Baum des Lebens Holz stehend 30cm - Eliassen.nl","isPartOf":{"@id":"https:\/\/www.eliassen.nl\/de\/#website"},"primaryImageOfPage":{"@id":"https:\/\/www.eliassen.nl\/de\/statue-baum-des-lebens-holz-stehend-56cm-kopie\/#primaryimage"},"image":{"@id":"https:\/\/www.eliassen.nl\/de\/statue-baum-des-lebens-holz-stehend-56cm-kopie\/#primaryimage"},"thumbnailUrl":"https:\/\/www.eliassen.nl\/wp-content\/uploads\/2026\/02\/Beeld-Levensboom-hout-staand-30cm-eliassen.nl-1-scaled.jpg","datePublished":"2026-02-16T15:48:44+00:00","dateModified":"2026-02-16T15:54:38+00:00","description":"Atmosph\u00e4rische 30 cm gro\u00dfe Lebensbaum-Statue aus Holz mit herzf\u00f6rmigen Bl\u00e4ttern. Handgefertigt und einzigartig, daher variieren Farbe und Form. F\u00fcr den Innen- und Au\u00dfenbereich geeignet.","breadcrumb":{"@id":"https:\/\/www.eliassen.nl\/de\/statue-baum-des-lebens-holz-stehend-56cm-kopie\/#breadcrumb"},"inLanguage":"de","potentialAction":[{"@type":"ReadAction","target":["https:\/\/www.eliassen.nl\/de\/statue-baum-des-lebens-holz-stehend-56cm-kopie\/"]}]},{"@type":"ImageObject","inLanguage":"de","@id":"https:\/\/www.eliassen.nl\/de\/statue-baum-des-lebens-holz-stehend-56cm-kopie\/#primaryimage","url":"https:\/\/www.eliassen.nl\/wp-content\/uploads\/2026\/02\/Beeld-Levensboom-hout-staand-30cm-eliassen.nl-1-scaled.jpg","contentUrl":"https:\/\/www.eliassen.nl\/wp-content\/uploads\/2026\/02\/Beeld-Levensboom-hout-staand-30cm-eliassen.nl-1-scaled.jpg","width":1928,"height":2560,"caption":"Statue Baum des Lebens Holz stehend 30cm eliassen.nl"},{"@type":"BreadcrumbList","@id":"https:\/\/www.eliassen.nl\/de\/statue-baum-des-lebens-holz-stehend-56cm-kopie\/#breadcrumb","itemListElement":[{"@type":"ListItem","position":1,"name":"Home","item":"https:\/\/www.eliassen.nl\/de\/"},{"@type":"ListItem","position":2,"name":"Shop","item":"https:\/\/www.eliassen.nl\/de\/shop\/"},{"@type":"ListItem","position":3,"name":"Bilder","item":"https:\/\/www.eliassen.nl\/de\/bilder\/"},{"@type":"ListItem","position":4,"name":"Statue Baum des Lebens Holz stehend 30cm"}]},{"@type":"WebSite","@id":"https:\/\/www.eliassen.nl\/de\/#website","url":"https:\/\/www.eliassen.nl\/de\/","name":"Eliassen Home & Garden Pleasure","description":"","publisher":{"@id":"https:\/\/www.eliassen.nl\/de\/#organization"},"alternateName":"Eliassen.nl","potentialAction":[{"@type":"SearchAction","target":{"@type":"EntryPoint","urlTemplate":"https:\/\/www.eliassen.nl\/de\/?s={search_term_string}"},"query-input":{"@type":"PropertyValueSpecification","valueRequired":true,"valueName":"search_term_string"}}],"inLanguage":"de"},{"@type":["Organization","Place"],"@id":"https:\/\/www.eliassen.nl\/de\/#organization","name":"Eliassen Home & Garden Pleasure","url":"https:\/\/www.eliassen.nl\/de\/","logo":{"@id":"https:\/\/www.eliassen.nl\/de\/statue-baum-des-lebens-holz-stehend-56cm-kopie\/#local-main-organization-logo"},"image":{"@id":"https:\/\/www.eliassen.nl\/de\/statue-baum-des-lebens-holz-stehend-56cm-kopie\/#local-main-organization-logo"},"sameAs":["https:\/\/www.facebook.com\/TuincentrumEliassenAmmerzoden","https:\/\/www.instagram.com\/eliassenhomeandgarden\/","https:\/\/nl.pinterest.com\/eliassenhomeandgarden\/","https:\/\/www.youtube.com\/@eliassenhomegardenpleasure4558"],"telephone":[],"openingHoursSpecification":[{"@type":"OpeningHoursSpecification","dayOfWeek":["Monday","Tuesday","Wednesday","Thursday","Friday","Saturday","Sunday"],"opens":"09:00","closes":"17:00"}]},{"@type":"ImageObject","inLanguage":"de","@id":"https:\/\/www.eliassen.nl\/de\/statue-baum-des-lebens-holz-stehend-56cm-kopie\/#local-main-organization-logo","url":"https:\/\/www.eliassen.nl\/wp-content\/uploads\/2024\/01\/logo_4nd.jpg","contentUrl":"https:\/\/www.eliassen.nl\/wp-content\/uploads\/2024\/01\/logo_4nd.jpg","width":500,"height":500,"caption":"Eliassen Home & Garden Pleasure"}]},"product_price_amount":"49.90","product_price_currency":"EUR","og_availability":"instock","product_availability":"instock","product_retailer_item_id":"180529","product_condition":"new"},"df_price":49.9,"df_sale_price":"","df_regular_price":49.9,"df_image_link":"https:\/\/www.eliassen.nl\/wp-content\/uploads\/2026\/02\/Beeld-Levensboom-hout-staand-30cm-eliassen.nl-1-226x300.jpg","image":"https:\/\/www.eliassen.nl\/wp-content\/uploads\/2026\/02\/Beeld-Levensboom-hout-staand-30cm-eliassen.nl-1-150x150.jpg","price_search":"<span class=\"woocommerce-Price-amount amount\"><bdi><span class=\"woocommerce-Price-currencySymbol\">&euro;<\/span>&nbsp;49,90<\/bdi><\/span>","category":"Holzstatuen","global_unique_id":"6096527064001","_links":{"self":[{"href":"https:\/\/www.eliassen.nl\/de\/wp-json\/wp\/v2\/product\/206735","targetHints":{"allow":["GET"]}}],"collection":[{"href":"https:\/\/www.eliassen.nl\/de\/wp-json\/wp\/v2\/product"}],"about":[{"href":"https:\/\/www.eliassen.nl\/de\/wp-json\/wp\/v2\/types\/product"}],"wp:featuredmedia":[{"embeddable":true,"href":"https:\/\/www.eliassen.nl\/de\/wp-json\/wp\/v2\/media\/206748"}],"wp:attachment":[{"href":"https:\/\/www.eliassen.nl\/de\/wp-json\/wp\/v2\/media?parent=206735"}],"wp:term":[{"taxonomy":"product_brand","embeddable":true,"href":"https:\/\/www.eliassen.nl\/de\/wp-json\/wp\/v2\/product_brand?post=206735"},{"taxonomy":"product_cat","embeddable":true,"href":"https:\/\/www.eliassen.nl\/de\/wp-json\/wp\/v2\/product_cat?post=206735"},{"taxonomy":"product_tag","embeddable":true,"href":"https:\/\/www.eliassen.nl\/de\/wp-json\/wp\/v2\/product_tag?post=206735"}],"curies":[{"name":"wp","href":"https:\/\/api.w.org\/{rel}","templated":true}]}}