{"id":20653,"date":"2020-01-27T17:23:13","date_gmt":"2020-01-27T17:23:13","guid":{"rendered":"https:\/\/www.eliassen.nl\/?product=metalen-3d-schilderij-kaartspel-dame"},"modified":"2026-01-07T13:18:17","modified_gmt":"2026-01-07T12:18:17","slug":"metall-3d-malerei-kartenspiel-lady","status":"publish","type":"product","link":"https:\/\/www.eliassen.nl\/de\/metall-3d-malerei-kartenspiel-lady\/","title":{"rendered":"Metall 3d Malerei Kartenspiel Lady"},"content":{"rendered":"<p>Ihr Haus, Ihr Gesch\u00e4ft oder Ihre Veranda (drau\u00dfen unter einem Vordach) wird mit einem 3D-Gem\u00e4lde wundersch\u00f6n aussehen. Dieses Modell mit einer Kreuz-Dame-Karte ist vollst\u00e4ndig von Hand gefertigt. Alles ist aus Metall, also Hintergrund und Figur. Da es handbemalt ist, kann die Farbe leicht vom Foto abweichen, sie sind nie genau gleich.<br \/>Wir haben fast die gesamte Kollektion dieser Serie in unserem Gesch\u00e4ft, was in den Niederlanden einzigartig ist.<br \/>Nirgendwo finden Sie eine so gro\u00dfe Sammlung. Sie sind herzlich willkommen.<\/p>\n<ul>\n<li>  Gr\u00f6\u00dfe 80 x 120 cm.<\/li>\n<li>  Einfach mit 2 Schrauben aufzuh\u00e4ngen.<\/li>\n<li>  Schnelle Lieferung.<\/li>\n<li>  Die gr\u00f6\u00dfte Sammlung in den Benelux-L\u00e4ndern, die Sie auch live sehen k\u00f6nnen.<\/li>\n<\/ul>\n","protected":false},"excerpt":{"rendered":"<p>Ihr Haus, Ihr Gesch\u00e4ft oder Ihre Veranda (drau\u00dfen unter einem Vordach) wird mit einem 3D-Gem\u00e4lde wundersch\u00f6n aussehen. Dieses Modell mit einer Kreuz-Dame-Karte ist vollst\u00e4ndig von Hand gefertigt. Alles ist aus Metall, also Hintergrund und Figur. Da es handbemalt ist, kann die Farbe leicht vom Foto abweichen, sie sind nie genau gleich.Wir haben fast die gesamte &hellip;<\/p>\n","protected":false},"featured_media":20650,"template":"","meta":{"_acf_changed":false,"_genesis_title":"","_genesis_description":""},"product_brand":[7505],"product_cat":[419,434,410],"product_tag":[],"class_list":{"0":"post-20653","1":"product","2":"type-product","3":"status-publish","4":"has-post-thumbnail","6":"product_brand-sonstige","7":"product_cat-3d-gemaelde-aus-metall","8":"product_cat-3d-gemaelde-aus-metall-im-format-80x120cm","9":"product_cat-gemaelde","11":"first","12":"instock","13":"taxable","14":"shipping-taxable","15":"purchasable","16":"product-type-simple"},"acf":[],"meta_all":{"total_sales":"0","wcml_sync_hash":{"postmeta_fields":"aab0935160f1186193ec57d9b8e40fd8"},"attr_label_translations":[]},"meta_all_flat":{"total_sales":"0","wcml_sync_hash.postmeta_fields":"aab0935160f1186193ec57d9b8e40fd8"},"yoast_head":"<!-- This site is optimized with the Yoast SEO Premium plugin v26.2 (Yoast SEO v27.2) - https:\/\/yoast.com\/product\/yoast-seo-premium-wordpress\/ -->\n<title>Metall 3d Malerei Kartenspiel Lady - Eliases<\/title>\n<meta name=\"description\" content=\"Suchen Sie ein Metallbild? Bestellen Sie Metal 3d painting Card Game Lady jetzt. Kaufen Sie Gem\u00e4lde einfach auf unserer Website. Gro\u00dfe Auswahl \u2713 Schnelle Lieferung\" \/>\n<meta name=\"robots\" content=\"index, follow, max-snippet:-1, max-image-preview:large, max-video-preview:-1\" \/>\n<link rel=\"canonical\" href=\"https:\/\/www.eliassen.nl\/de\/metall-3d-malerei-kartenspiel-lady\/\" \/>\n<meta property=\"og:locale\" content=\"de_DE\" \/>\n<meta property=\"og:type\" content=\"article\" \/>\n<meta property=\"og:title\" content=\"Sonstige Metall 3d Malerei Kartenspiel Lady - Eliassen.nl\" \/>\n<meta property=\"og:description\" content=\"Suchen Sie ein Metallbild? Bestellen Sie Metal 3d painting Card Game Lady jetzt. Kaufen Sie Gem\u00e4lde einfach auf unserer Website. Gro\u00dfe Auswahl \u2713 Schnelle Lieferung\" \/>\n<meta property=\"og:url\" content=\"https:\/\/www.eliassen.nl\/de\/metall-3d-malerei-kartenspiel-lady\/\" \/>\n<meta property=\"og:site_name\" content=\"Eliassen.nl\" \/>\n<meta property=\"article:publisher\" content=\"https:\/\/www.facebook.com\/TuincentrumEliassenAmmerzoden\" \/>\n<meta property=\"article:modified_time\" content=\"2026-01-07T12:18:17+00:00\" \/>\n<meta property=\"og:image\" content=\"https:\/\/www.eliassen.nl\/wp-content\/uploads\/2024\/01\/eliassenmetalen3dschilderijkaartspeldame.jpg\" \/>\n\t<meta property=\"og:image:width\" content=\"1000\" \/>\n\t<meta property=\"og:image:height\" content=\"750\" \/>\n\t<meta property=\"og:image:type\" content=\"image\/jpeg\" \/>\n<meta name=\"twitter:card\" content=\"summary_large_image\" \/>\n<script type=\"application\/ld+json\" class=\"yoast-schema-graph\">{\"@context\":\"https:\/\/schema.org\",\"@graph\":[{\"@type\":\"WebPage\",\"@id\":\"https:\/\/www.eliassen.nl\/de\/metall-3d-malerei-kartenspiel-lady\/\",\"url\":\"https:\/\/www.eliassen.nl\/de\/metall-3d-malerei-kartenspiel-lady\/\",\"name\":\"Metall 3d Malerei Kartenspiel Lady - Eliases\",\"isPartOf\":{\"@id\":\"https:\/\/www.eliassen.nl\/de\/#website\"},\"primaryImageOfPage\":{\"@id\":\"https:\/\/www.eliassen.nl\/de\/metall-3d-malerei-kartenspiel-lady\/#primaryimage\"},\"image\":{\"@id\":\"https:\/\/www.eliassen.nl\/de\/metall-3d-malerei-kartenspiel-lady\/#primaryimage\"},\"thumbnailUrl\":\"https:\/\/www.eliassen.nl\/wp-content\/uploads\/2024\/01\/eliassenmetalen3dschilderijkaartspeldame.jpg\",\"datePublished\":\"2020-01-27T17:23:13+00:00\",\"dateModified\":\"2026-01-07T12:18:17+00:00\",\"description\":\"Suchen Sie ein Metallbild? Bestellen Sie Metal 3d painting Card Game Lady jetzt. Kaufen Sie Gem\u00e4lde einfach auf unserer Website. Gro\u00dfe Auswahl \u2713 Schnelle Lieferung\",\"breadcrumb\":{\"@id\":\"https:\/\/www.eliassen.nl\/de\/metall-3d-malerei-kartenspiel-lady\/#breadcrumb\"},\"inLanguage\":\"de\",\"potentialAction\":[{\"@type\":\"ReadAction\",\"target\":[\"https:\/\/www.eliassen.nl\/de\/metall-3d-malerei-kartenspiel-lady\/\"]}]},{\"@type\":\"ImageObject\",\"inLanguage\":\"de\",\"@id\":\"https:\/\/www.eliassen.nl\/de\/metall-3d-malerei-kartenspiel-lady\/#primaryimage\",\"url\":\"https:\/\/www.eliassen.nl\/wp-content\/uploads\/2024\/01\/eliassenmetalen3dschilderijkaartspeldame.jpg\",\"contentUrl\":\"https:\/\/www.eliassen.nl\/wp-content\/uploads\/2024\/01\/eliassenmetalen3dschilderijkaartspeldame.jpg\",\"width\":1000,\"height\":750,\"caption\":\"Eliassen Metall 3d Malerei Kartenspiel Lady\"},{\"@type\":\"BreadcrumbList\",\"@id\":\"https:\/\/www.eliassen.nl\/de\/metall-3d-malerei-kartenspiel-lady\/#breadcrumb\",\"itemListElement\":[{\"@type\":\"ListItem\",\"position\":1,\"name\":\"Home\",\"item\":\"https:\/\/www.eliassen.nl\/de\/\"},{\"@type\":\"ListItem\",\"position\":2,\"name\":\"Shop\",\"item\":\"https:\/\/www.eliassen.nl\/de\/shop\/\"},{\"@type\":\"ListItem\",\"position\":3,\"name\":\"Gem\u00e4lde\",\"item\":\"https:\/\/www.eliassen.nl\/de\/gemaelde\/\"},{\"@type\":\"ListItem\",\"position\":4,\"name\":\"3D Gem\u00e4lde aus Metall\",\"item\":\"https:\/\/www.eliassen.nl\/de\/gemaelde\/3d-gemaelde-aus-metall\/\"},{\"@type\":\"ListItem\",\"position\":5,\"name\":\"3D Gem\u00e4lde aus Metall 80x120 cm\",\"item\":\"https:\/\/www.eliassen.nl\/de\/gemaelde\/3d-gemaelde-aus-metall\/3d-gemaelde-aus-metall-im-format-80x120cm\/\"},{\"@type\":\"ListItem\",\"position\":6,\"name\":\"Metall 3d Malerei Kartenspiel Lady\"}]},{\"@type\":\"WebSite\",\"@id\":\"https:\/\/www.eliassen.nl\/de\/#website\",\"url\":\"https:\/\/www.eliassen.nl\/de\/\",\"name\":\"Eliassen Home & Garden Pleasure\",\"description\":\"\",\"publisher\":{\"@id\":\"https:\/\/www.eliassen.nl\/de\/#organization\"},\"alternateName\":\"Eliassen.nl\",\"potentialAction\":[{\"@type\":\"SearchAction\",\"target\":{\"@type\":\"EntryPoint\",\"urlTemplate\":\"https:\/\/www.eliassen.nl\/de\/?s={search_term_string}\"},\"query-input\":{\"@type\":\"PropertyValueSpecification\",\"valueRequired\":true,\"valueName\":\"search_term_string\"}}],\"inLanguage\":\"de\"},{\"@type\":[\"Organization\",\"Place\"],\"@id\":\"https:\/\/www.eliassen.nl\/de\/#organization\",\"name\":\"Eliassen Home & Garden Pleasure\",\"url\":\"https:\/\/www.eliassen.nl\/de\/\",\"logo\":{\"@id\":\"https:\/\/www.eliassen.nl\/de\/metall-3d-malerei-kartenspiel-lady\/#local-main-organization-logo\"},\"image\":{\"@id\":\"https:\/\/www.eliassen.nl\/de\/metall-3d-malerei-kartenspiel-lady\/#local-main-organization-logo\"},\"sameAs\":[\"https:\/\/www.facebook.com\/TuincentrumEliassenAmmerzoden\",\"https:\/\/www.instagram.com\/eliassenhomeandgarden\/\",\"https:\/\/nl.pinterest.com\/eliassenhomeandgarden\/\",\"https:\/\/www.youtube.com\/@eliassenhomegardenpleasure4558\"],\"telephone\":[],\"openingHoursSpecification\":[{\"@type\":\"OpeningHoursSpecification\",\"dayOfWeek\":[\"Monday\",\"Tuesday\",\"Wednesday\",\"Thursday\",\"Friday\",\"Saturday\",\"Sunday\"],\"opens\":\"09:00\",\"closes\":\"17:00\"}]},{\"@type\":\"ImageObject\",\"inLanguage\":\"de\",\"@id\":\"https:\/\/www.eliassen.nl\/de\/metall-3d-malerei-kartenspiel-lady\/#local-main-organization-logo\",\"url\":\"https:\/\/www.eliassen.nl\/wp-content\/uploads\/2024\/01\/logo_4nd.jpg\",\"contentUrl\":\"https:\/\/www.eliassen.nl\/wp-content\/uploads\/2024\/01\/logo_4nd.jpg\",\"width\":500,\"height\":500,\"caption\":\"Eliassen Home & Garden Pleasure\"}]}<\/script>\n<meta property=\"product:price:amount\" content=\"199.00\" \/>\n<meta property=\"product:price:currency\" content=\"EUR\" \/>\n<meta property=\"og:availability\" content=\"instock\" \/>\n<meta property=\"product:availability\" content=\"instock\" \/>\n<meta property=\"product:retailer_item_id\" content=\"T1640\" \/>\n<meta property=\"product:condition\" content=\"new\" \/>\n<!-- \/ Yoast SEO Premium plugin. -->","yoast_head_json":{"title":"Metall 3d Malerei Kartenspiel Lady - Eliases","description":"Suchen Sie ein Metallbild? Bestellen Sie Metal 3d painting Card Game Lady jetzt. Kaufen Sie Gem\u00e4lde einfach auf unserer Website. Gro\u00dfe Auswahl \u2713 Schnelle Lieferung","robots":{"index":"index","follow":"follow","max-snippet":"max-snippet:-1","max-image-preview":"max-image-preview:large","max-video-preview":"max-video-preview:-1"},"canonical":"https:\/\/www.eliassen.nl\/de\/metall-3d-malerei-kartenspiel-lady\/","og_locale":"de_DE","og_type":"article","og_title":"Sonstige Metall 3d Malerei Kartenspiel Lady - Eliassen.nl","og_description":"Suchen Sie ein Metallbild? Bestellen Sie Metal 3d painting Card Game Lady jetzt. Kaufen Sie Gem\u00e4lde einfach auf unserer Website. Gro\u00dfe Auswahl \u2713 Schnelle Lieferung","og_url":"https:\/\/www.eliassen.nl\/de\/metall-3d-malerei-kartenspiel-lady\/","og_site_name":"Eliassen.nl","article_publisher":"https:\/\/www.facebook.com\/TuincentrumEliassenAmmerzoden","article_modified_time":"2026-01-07T12:18:17+00:00","og_image":[{"width":1000,"height":750,"url":"https:\/\/www.eliassen.nl\/wp-content\/uploads\/2024\/01\/eliassenmetalen3dschilderijkaartspeldame.jpg","type":"image\/jpeg"}],"twitter_card":"summary_large_image","schema":{"@context":"https:\/\/schema.org","@graph":[{"@type":"WebPage","@id":"https:\/\/www.eliassen.nl\/de\/metall-3d-malerei-kartenspiel-lady\/","url":"https:\/\/www.eliassen.nl\/de\/metall-3d-malerei-kartenspiel-lady\/","name":"Metall 3d Malerei Kartenspiel Lady - Eliases","isPartOf":{"@id":"https:\/\/www.eliassen.nl\/de\/#website"},"primaryImageOfPage":{"@id":"https:\/\/www.eliassen.nl\/de\/metall-3d-malerei-kartenspiel-lady\/#primaryimage"},"image":{"@id":"https:\/\/www.eliassen.nl\/de\/metall-3d-malerei-kartenspiel-lady\/#primaryimage"},"thumbnailUrl":"https:\/\/www.eliassen.nl\/wp-content\/uploads\/2024\/01\/eliassenmetalen3dschilderijkaartspeldame.jpg","datePublished":"2020-01-27T17:23:13+00:00","dateModified":"2026-01-07T12:18:17+00:00","description":"Suchen Sie ein Metallbild? Bestellen Sie Metal 3d painting Card Game Lady jetzt. Kaufen Sie Gem\u00e4lde einfach auf unserer Website. Gro\u00dfe Auswahl \u2713 Schnelle Lieferung","breadcrumb":{"@id":"https:\/\/www.eliassen.nl\/de\/metall-3d-malerei-kartenspiel-lady\/#breadcrumb"},"inLanguage":"de","potentialAction":[{"@type":"ReadAction","target":["https:\/\/www.eliassen.nl\/de\/metall-3d-malerei-kartenspiel-lady\/"]}]},{"@type":"ImageObject","inLanguage":"de","@id":"https:\/\/www.eliassen.nl\/de\/metall-3d-malerei-kartenspiel-lady\/#primaryimage","url":"https:\/\/www.eliassen.nl\/wp-content\/uploads\/2024\/01\/eliassenmetalen3dschilderijkaartspeldame.jpg","contentUrl":"https:\/\/www.eliassen.nl\/wp-content\/uploads\/2024\/01\/eliassenmetalen3dschilderijkaartspeldame.jpg","width":1000,"height":750,"caption":"Eliassen Metall 3d Malerei Kartenspiel Lady"},{"@type":"BreadcrumbList","@id":"https:\/\/www.eliassen.nl\/de\/metall-3d-malerei-kartenspiel-lady\/#breadcrumb","itemListElement":[{"@type":"ListItem","position":1,"name":"Home","item":"https:\/\/www.eliassen.nl\/de\/"},{"@type":"ListItem","position":2,"name":"Shop","item":"https:\/\/www.eliassen.nl\/de\/shop\/"},{"@type":"ListItem","position":3,"name":"Gem\u00e4lde","item":"https:\/\/www.eliassen.nl\/de\/gemaelde\/"},{"@type":"ListItem","position":4,"name":"3D Gem\u00e4lde aus Metall","item":"https:\/\/www.eliassen.nl\/de\/gemaelde\/3d-gemaelde-aus-metall\/"},{"@type":"ListItem","position":5,"name":"3D Gem\u00e4lde aus Metall 80x120 cm","item":"https:\/\/www.eliassen.nl\/de\/gemaelde\/3d-gemaelde-aus-metall\/3d-gemaelde-aus-metall-im-format-80x120cm\/"},{"@type":"ListItem","position":6,"name":"Metall 3d Malerei Kartenspiel Lady"}]},{"@type":"WebSite","@id":"https:\/\/www.eliassen.nl\/de\/#website","url":"https:\/\/www.eliassen.nl\/de\/","name":"Eliassen Home & Garden Pleasure","description":"","publisher":{"@id":"https:\/\/www.eliassen.nl\/de\/#organization"},"alternateName":"Eliassen.nl","potentialAction":[{"@type":"SearchAction","target":{"@type":"EntryPoint","urlTemplate":"https:\/\/www.eliassen.nl\/de\/?s={search_term_string}"},"query-input":{"@type":"PropertyValueSpecification","valueRequired":true,"valueName":"search_term_string"}}],"inLanguage":"de"},{"@type":["Organization","Place"],"@id":"https:\/\/www.eliassen.nl\/de\/#organization","name":"Eliassen Home & Garden Pleasure","url":"https:\/\/www.eliassen.nl\/de\/","logo":{"@id":"https:\/\/www.eliassen.nl\/de\/metall-3d-malerei-kartenspiel-lady\/#local-main-organization-logo"},"image":{"@id":"https:\/\/www.eliassen.nl\/de\/metall-3d-malerei-kartenspiel-lady\/#local-main-organization-logo"},"sameAs":["https:\/\/www.facebook.com\/TuincentrumEliassenAmmerzoden","https:\/\/www.instagram.com\/eliassenhomeandgarden\/","https:\/\/nl.pinterest.com\/eliassenhomeandgarden\/","https:\/\/www.youtube.com\/@eliassenhomegardenpleasure4558"],"telephone":[],"openingHoursSpecification":[{"@type":"OpeningHoursSpecification","dayOfWeek":["Monday","Tuesday","Wednesday","Thursday","Friday","Saturday","Sunday"],"opens":"09:00","closes":"17:00"}]},{"@type":"ImageObject","inLanguage":"de","@id":"https:\/\/www.eliassen.nl\/de\/metall-3d-malerei-kartenspiel-lady\/#local-main-organization-logo","url":"https:\/\/www.eliassen.nl\/wp-content\/uploads\/2024\/01\/logo_4nd.jpg","contentUrl":"https:\/\/www.eliassen.nl\/wp-content\/uploads\/2024\/01\/logo_4nd.jpg","width":500,"height":500,"caption":"Eliassen Home & Garden Pleasure"}]},"product_price_amount":"199.00","product_price_currency":"EUR","og_availability":"instock","product_availability":"instock","product_retailer_item_id":"T1640","product_condition":"new"},"df_price":199,"df_sale_price":"","df_regular_price":199,"df_image_link":"https:\/\/www.eliassen.nl\/wp-content\/uploads\/2024\/01\/eliassenmetalen3dschilderijkaartspeldame.jpg","image":"https:\/\/www.eliassen.nl\/wp-content\/uploads\/2024\/01\/eliassenmetalen3dschilderijkaartspeldame.jpg","price_search":"<span class=\"woocommerce-Price-amount amount\"><bdi><span class=\"woocommerce-Price-currencySymbol\">&euro;<\/span>&nbsp;199,00<\/bdi><\/span>","category":"3D Gem\u00e4lde aus Metall","global_unique_id":"5410807016404","_links":{"self":[{"href":"https:\/\/www.eliassen.nl\/de\/wp-json\/wp\/v2\/product\/20653","targetHints":{"allow":["GET"]}}],"collection":[{"href":"https:\/\/www.eliassen.nl\/de\/wp-json\/wp\/v2\/product"}],"about":[{"href":"https:\/\/www.eliassen.nl\/de\/wp-json\/wp\/v2\/types\/product"}],"wp:featuredmedia":[{"embeddable":true,"href":"https:\/\/www.eliassen.nl\/de\/wp-json\/wp\/v2\/media\/20650"}],"wp:attachment":[{"href":"https:\/\/www.eliassen.nl\/de\/wp-json\/wp\/v2\/media?parent=20653"}],"wp:term":[{"taxonomy":"product_brand","embeddable":true,"href":"https:\/\/www.eliassen.nl\/de\/wp-json\/wp\/v2\/product_brand?post=20653"},{"taxonomy":"product_cat","embeddable":true,"href":"https:\/\/www.eliassen.nl\/de\/wp-json\/wp\/v2\/product_cat?post=20653"},{"taxonomy":"product_tag","embeddable":true,"href":"https:\/\/www.eliassen.nl\/de\/wp-json\/wp\/v2\/product_tag?post=20653"}],"curies":[{"name":"wp","href":"https:\/\/api.w.org\/{rel}","templated":true}]}}