{"id":206018,"date":"2026-02-05T13:44:14","date_gmt":"2026-02-05T12:44:14","guid":{"rendered":"https:\/\/www.eliassen.nl\/?post_type=product&#038;p=206018"},"modified":"2026-02-06T14:38:07","modified_gmt":"2026-02-06T13:38:07","slug":"glasvase-herz-bohmischer-kristall-blau-grun-20cm-kopie","status":"publish","type":"product","link":"https:\/\/www.eliassen.nl\/de\/glasvase-herz-bohmischer-kristall-blau-grun-20cm-kopie\/","title":{"rendered":"Glasvase Feuerrot\/Braun 28cm"},"content":{"rendered":"<p data-path-to-node=\"2\">Bringen Sie die W\u00e4rme und Energie eines flackernden Feuers in Ihr Interieur mit dieser beeindruckenden <b data-path-to-node=\"2\" data-index-in-node=\"91\">Glasvase Fire rot\/braun<\/b>. Mit einer H\u00f6he von 28 cm und einer klassischen, abgerundeten Silhouette ist diese Vase ein kraftvolles Dekorationsst\u00fcck, das sofort Atmosph\u00e4re verspr\u00fcht. Das Design besteht aus einer tiefen, r\u00f6tlich-braunen Basis, die nach oben hin in hellere Creme- und Gelbt\u00f6ne \u00fcbergeht, durchsetzt mit dunklen, gezackten Linien, die an tanzende Flammen und Rauch erinnern.<\/p>\n<p data-path-to-node=\"3\">Da diese Vase das Ergebnis reiner <b data-path-to-node=\"3\" data-index-in-node=\"42\">Handarbeit<\/b> ist, holen Sie sich mit jeder Vase ein einzigartiges Kunstwerk in Ihr Zuhause. Kein Muster gleicht dem anderen. Die Art und Weise, wie die Farben ineinander \u00fcbergehen und die &#8222;Flammen&#8220; durch das Glas wandern, ist von Vase zu Vase unterschiedlich. Dieses Handwerk l\u00e4sst das Licht wunderbar mit den warmen T\u00f6nen spielen und verleiht der Vase einen lebendigen und exklusiven Look. Ob Sie sie auf einem Sideboard oder als Tafelaufsatz bei Eliassen in Ammerzoden platzieren, diese Vase ist immer ein feuriges Statement.<\/p>\n","protected":false},"excerpt":{"rendered":"<p data-path-to-node=\"6\">Mit einer H\u00f6he von 28 cm besticht diese handgefertigte Glasvase durch ihr lebhaftes &#8218;Fire&#8216; Design mit warmen Rot-, Braun- und Cremet\u00f6nen. Dank der handwerklichen Verarbeitung ist jedes Exemplar in seinem Muster und Farbverlauf v\u00f6llig einzigartig und ein exklusiver Blickfang in Ihrer Einrichtung.<\/p>\n","protected":false},"featured_media":206022,"template":"","meta":{"_acf_changed":false,"_genesis_title":"","_genesis_description":""},"product_brand":[6958],"product_cat":[812,800],"product_tag":[],"class_list":{"0":"post-206018","1":"product","2":"type-product","3":"status-publish","4":"has-post-thumbnail","6":"product_brand-loranto-de","7":"product_cat-farbige-glasvasen","8":"product_cat-glaskunst","10":"first","11":"instock","12":"taxable","13":"shipping-taxable","14":"purchasable","15":"product-type-simple"},"acf":[],"meta_all":{"total_sales":"1","cor_restricted_countries":[],"wpseo_global_identifier_values":{"gtin8":"","gtin12":"","gtin13":"","gtin14":"","isbn":"","mpn":""}},"meta_all_flat":{"total_sales":"1","wpseo_global_identifier_values.gtin8":"","wpseo_global_identifier_values.gtin12":"","wpseo_global_identifier_values.gtin13":"","wpseo_global_identifier_values.gtin14":"","wpseo_global_identifier_values.isbn":"","wpseo_global_identifier_values.mpn":""},"yoast_head":"<!-- This site is optimized with the Yoast SEO Premium plugin v26.2 (Yoast SEO v27.2) - https:\/\/yoast.com\/product\/yoast-seo-premium-wordpress\/ -->\n<title>Loranto Glasvase Feuerrot\/Braun 28cm - Eliassen.nl<\/title>\n<meta name=\"description\" content=\"Einzigartige handgefertigte Glasvase Fire (28cm). Sch\u00f6ne warme Rot- und Braunt\u00f6ne in einem feurigen Muster. Jedes St\u00fcck ist ein handgefertigtes Unikat. Entdecken Sie ihn bei Eliassen!\" \/>\n<meta name=\"robots\" content=\"index, follow, max-snippet:-1, max-image-preview:large, max-video-preview:-1\" \/>\n<link rel=\"canonical\" href=\"https:\/\/www.eliassen.nl\/de\/glasvase-herz-bohmischer-kristall-blau-grun-20cm-kopie\/\" \/>\n<meta property=\"og:locale\" content=\"de_DE\" \/>\n<meta property=\"og:type\" content=\"article\" \/>\n<meta property=\"og:title\" content=\"Loranto Glasvase Feuerrot\/Braun 28cm - Eliassen.nl\" \/>\n<meta property=\"og:description\" content=\"Einzigartige handgefertigte Glasvase Fire (28cm). Sch\u00f6ne warme Rot- und Braunt\u00f6ne in einem feurigen Muster. Jedes St\u00fcck ist ein handgefertigtes Unikat. Entdecken Sie ihn bei Eliassen!\" \/>\n<meta property=\"og:url\" content=\"https:\/\/www.eliassen.nl\/de\/glasvase-herz-bohmischer-kristall-blau-grun-20cm-kopie\/\" \/>\n<meta property=\"og:site_name\" content=\"Eliassen.nl\" \/>\n<meta property=\"article:publisher\" content=\"https:\/\/www.facebook.com\/TuincentrumEliassenAmmerzoden\" \/>\n<meta property=\"article:modified_time\" content=\"2026-02-06T13:38:07+00:00\" \/>\n<meta property=\"og:image\" content=\"https:\/\/www.eliassen.nl\/wp-content\/uploads\/2026\/02\/Glasvaas-Fire-roodbruin-28cm-eliassen.nl_-scaled.jpg\" \/>\n\t<meta property=\"og:image:width\" content=\"2560\" \/>\n\t<meta property=\"og:image:height\" content=\"1707\" \/>\n\t<meta property=\"og:image:type\" content=\"image\/jpeg\" \/>\n<meta name=\"twitter:card\" content=\"summary_large_image\" \/>\n<script type=\"application\/ld+json\" class=\"yoast-schema-graph\">{\"@context\":\"https:\/\/schema.org\",\"@graph\":[{\"@type\":\"WebPage\",\"@id\":\"https:\/\/www.eliassen.nl\/de\/glasvase-herz-bohmischer-kristall-blau-grun-20cm-kopie\/\",\"url\":\"https:\/\/www.eliassen.nl\/de\/glasvase-herz-bohmischer-kristall-blau-grun-20cm-kopie\/\",\"name\":\"Loranto Glasvase Feuerrot\/Braun 28cm - Eliassen.nl\",\"isPartOf\":{\"@id\":\"https:\/\/www.eliassen.nl\/de\/#website\"},\"primaryImageOfPage\":{\"@id\":\"https:\/\/www.eliassen.nl\/de\/glasvase-herz-bohmischer-kristall-blau-grun-20cm-kopie\/#primaryimage\"},\"image\":{\"@id\":\"https:\/\/www.eliassen.nl\/de\/glasvase-herz-bohmischer-kristall-blau-grun-20cm-kopie\/#primaryimage\"},\"thumbnailUrl\":\"https:\/\/www.eliassen.nl\/wp-content\/uploads\/2026\/02\/Glasvaas-Fire-roodbruin-28cm-eliassen.nl_-scaled.jpg\",\"datePublished\":\"2026-02-05T12:44:14+00:00\",\"dateModified\":\"2026-02-06T13:38:07+00:00\",\"description\":\"Einzigartige handgefertigte Glasvase Fire (28cm). Sch\u00f6ne warme Rot- und Braunt\u00f6ne in einem feurigen Muster. Jedes St\u00fcck ist ein handgefertigtes Unikat. Entdecken Sie ihn bei Eliassen!\",\"breadcrumb\":{\"@id\":\"https:\/\/www.eliassen.nl\/de\/glasvase-herz-bohmischer-kristall-blau-grun-20cm-kopie\/#breadcrumb\"},\"inLanguage\":\"de\",\"potentialAction\":[{\"@type\":\"ReadAction\",\"target\":[\"https:\/\/www.eliassen.nl\/de\/glasvase-herz-bohmischer-kristall-blau-grun-20cm-kopie\/\"]}]},{\"@type\":\"ImageObject\",\"inLanguage\":\"de\",\"@id\":\"https:\/\/www.eliassen.nl\/de\/glasvase-herz-bohmischer-kristall-blau-grun-20cm-kopie\/#primaryimage\",\"url\":\"https:\/\/www.eliassen.nl\/wp-content\/uploads\/2026\/02\/Glasvaas-Fire-roodbruin-28cm-eliassen.nl_-scaled.jpg\",\"contentUrl\":\"https:\/\/www.eliassen.nl\/wp-content\/uploads\/2026\/02\/Glasvaas-Fire-roodbruin-28cm-eliassen.nl_-scaled.jpg\",\"width\":2560,\"height\":1707,\"caption\":\"Glasvase Feuerrot Braun 28cm eliassen.de\"},{\"@type\":\"BreadcrumbList\",\"@id\":\"https:\/\/www.eliassen.nl\/de\/glasvase-herz-bohmischer-kristall-blau-grun-20cm-kopie\/#breadcrumb\",\"itemListElement\":[{\"@type\":\"ListItem\",\"position\":1,\"name\":\"Home\",\"item\":\"https:\/\/www.eliassen.nl\/de\/\"},{\"@type\":\"ListItem\",\"position\":2,\"name\":\"Shop\",\"item\":\"https:\/\/www.eliassen.nl\/de\/shop\/\"},{\"@type\":\"ListItem\",\"position\":3,\"name\":\"Glaskunst\",\"item\":\"https:\/\/www.eliassen.nl\/de\/glaskunst\/\"},{\"@type\":\"ListItem\",\"position\":4,\"name\":\"Glasvase Feuerrot\/Braun 28cm\"}]},{\"@type\":\"WebSite\",\"@id\":\"https:\/\/www.eliassen.nl\/de\/#website\",\"url\":\"https:\/\/www.eliassen.nl\/de\/\",\"name\":\"Eliassen Home & Garden Pleasure\",\"description\":\"\",\"publisher\":{\"@id\":\"https:\/\/www.eliassen.nl\/de\/#organization\"},\"alternateName\":\"Eliassen.nl\",\"potentialAction\":[{\"@type\":\"SearchAction\",\"target\":{\"@type\":\"EntryPoint\",\"urlTemplate\":\"https:\/\/www.eliassen.nl\/de\/?s={search_term_string}\"},\"query-input\":{\"@type\":\"PropertyValueSpecification\",\"valueRequired\":true,\"valueName\":\"search_term_string\"}}],\"inLanguage\":\"de\"},{\"@type\":[\"Organization\",\"Place\"],\"@id\":\"https:\/\/www.eliassen.nl\/de\/#organization\",\"name\":\"Eliassen Home & Garden Pleasure\",\"url\":\"https:\/\/www.eliassen.nl\/de\/\",\"logo\":{\"@id\":\"https:\/\/www.eliassen.nl\/de\/glasvase-herz-bohmischer-kristall-blau-grun-20cm-kopie\/#local-main-organization-logo\"},\"image\":{\"@id\":\"https:\/\/www.eliassen.nl\/de\/glasvase-herz-bohmischer-kristall-blau-grun-20cm-kopie\/#local-main-organization-logo\"},\"sameAs\":[\"https:\/\/www.facebook.com\/TuincentrumEliassenAmmerzoden\",\"https:\/\/www.instagram.com\/eliassenhomeandgarden\/\",\"https:\/\/nl.pinterest.com\/eliassenhomeandgarden\/\",\"https:\/\/www.youtube.com\/@eliassenhomegardenpleasure4558\"],\"telephone\":[],\"openingHoursSpecification\":[{\"@type\":\"OpeningHoursSpecification\",\"dayOfWeek\":[\"Monday\",\"Tuesday\",\"Wednesday\",\"Thursday\",\"Friday\",\"Saturday\",\"Sunday\"],\"opens\":\"09:00\",\"closes\":\"17:00\"}]},{\"@type\":\"ImageObject\",\"inLanguage\":\"de\",\"@id\":\"https:\/\/www.eliassen.nl\/de\/glasvase-herz-bohmischer-kristall-blau-grun-20cm-kopie\/#local-main-organization-logo\",\"url\":\"https:\/\/www.eliassen.nl\/wp-content\/uploads\/2024\/01\/logo_4nd.jpg\",\"contentUrl\":\"https:\/\/www.eliassen.nl\/wp-content\/uploads\/2024\/01\/logo_4nd.jpg\",\"width\":500,\"height\":500,\"caption\":\"Eliassen Home & Garden Pleasure\"}]}<\/script>\n<meta property=\"product:price:amount\" content=\"72.50\" \/>\n<meta property=\"product:price:currency\" content=\"EUR\" \/>\n<meta property=\"og:availability\" content=\"instock\" \/>\n<meta property=\"product:availability\" content=\"instock\" \/>\n<meta property=\"product:retailer_item_id\" content=\"708.28.028r\" \/>\n<meta property=\"product:condition\" content=\"new\" \/>\n<!-- \/ Yoast SEO Premium plugin. -->","yoast_head_json":{"title":"Loranto Glasvase Feuerrot\/Braun 28cm - Eliassen.nl","description":"Einzigartige handgefertigte Glasvase Fire (28cm). Sch\u00f6ne warme Rot- und Braunt\u00f6ne in einem feurigen Muster. Jedes St\u00fcck ist ein handgefertigtes Unikat. Entdecken Sie ihn bei Eliassen!","robots":{"index":"index","follow":"follow","max-snippet":"max-snippet:-1","max-image-preview":"max-image-preview:large","max-video-preview":"max-video-preview:-1"},"canonical":"https:\/\/www.eliassen.nl\/de\/glasvase-herz-bohmischer-kristall-blau-grun-20cm-kopie\/","og_locale":"de_DE","og_type":"article","og_title":"Loranto Glasvase Feuerrot\/Braun 28cm - Eliassen.nl","og_description":"Einzigartige handgefertigte Glasvase Fire (28cm). Sch\u00f6ne warme Rot- und Braunt\u00f6ne in einem feurigen Muster. Jedes St\u00fcck ist ein handgefertigtes Unikat. Entdecken Sie ihn bei Eliassen!","og_url":"https:\/\/www.eliassen.nl\/de\/glasvase-herz-bohmischer-kristall-blau-grun-20cm-kopie\/","og_site_name":"Eliassen.nl","article_publisher":"https:\/\/www.facebook.com\/TuincentrumEliassenAmmerzoden","article_modified_time":"2026-02-06T13:38:07+00:00","og_image":[{"width":2560,"height":1707,"url":"https:\/\/www.eliassen.nl\/wp-content\/uploads\/2026\/02\/Glasvaas-Fire-roodbruin-28cm-eliassen.nl_-scaled.jpg","type":"image\/jpeg"}],"twitter_card":"summary_large_image","schema":{"@context":"https:\/\/schema.org","@graph":[{"@type":"WebPage","@id":"https:\/\/www.eliassen.nl\/de\/glasvase-herz-bohmischer-kristall-blau-grun-20cm-kopie\/","url":"https:\/\/www.eliassen.nl\/de\/glasvase-herz-bohmischer-kristall-blau-grun-20cm-kopie\/","name":"Loranto Glasvase Feuerrot\/Braun 28cm - Eliassen.nl","isPartOf":{"@id":"https:\/\/www.eliassen.nl\/de\/#website"},"primaryImageOfPage":{"@id":"https:\/\/www.eliassen.nl\/de\/glasvase-herz-bohmischer-kristall-blau-grun-20cm-kopie\/#primaryimage"},"image":{"@id":"https:\/\/www.eliassen.nl\/de\/glasvase-herz-bohmischer-kristall-blau-grun-20cm-kopie\/#primaryimage"},"thumbnailUrl":"https:\/\/www.eliassen.nl\/wp-content\/uploads\/2026\/02\/Glasvaas-Fire-roodbruin-28cm-eliassen.nl_-scaled.jpg","datePublished":"2026-02-05T12:44:14+00:00","dateModified":"2026-02-06T13:38:07+00:00","description":"Einzigartige handgefertigte Glasvase Fire (28cm). Sch\u00f6ne warme Rot- und Braunt\u00f6ne in einem feurigen Muster. Jedes St\u00fcck ist ein handgefertigtes Unikat. Entdecken Sie ihn bei Eliassen!","breadcrumb":{"@id":"https:\/\/www.eliassen.nl\/de\/glasvase-herz-bohmischer-kristall-blau-grun-20cm-kopie\/#breadcrumb"},"inLanguage":"de","potentialAction":[{"@type":"ReadAction","target":["https:\/\/www.eliassen.nl\/de\/glasvase-herz-bohmischer-kristall-blau-grun-20cm-kopie\/"]}]},{"@type":"ImageObject","inLanguage":"de","@id":"https:\/\/www.eliassen.nl\/de\/glasvase-herz-bohmischer-kristall-blau-grun-20cm-kopie\/#primaryimage","url":"https:\/\/www.eliassen.nl\/wp-content\/uploads\/2026\/02\/Glasvaas-Fire-roodbruin-28cm-eliassen.nl_-scaled.jpg","contentUrl":"https:\/\/www.eliassen.nl\/wp-content\/uploads\/2026\/02\/Glasvaas-Fire-roodbruin-28cm-eliassen.nl_-scaled.jpg","width":2560,"height":1707,"caption":"Glasvase Feuerrot Braun 28cm eliassen.de"},{"@type":"BreadcrumbList","@id":"https:\/\/www.eliassen.nl\/de\/glasvase-herz-bohmischer-kristall-blau-grun-20cm-kopie\/#breadcrumb","itemListElement":[{"@type":"ListItem","position":1,"name":"Home","item":"https:\/\/www.eliassen.nl\/de\/"},{"@type":"ListItem","position":2,"name":"Shop","item":"https:\/\/www.eliassen.nl\/de\/shop\/"},{"@type":"ListItem","position":3,"name":"Glaskunst","item":"https:\/\/www.eliassen.nl\/de\/glaskunst\/"},{"@type":"ListItem","position":4,"name":"Glasvase Feuerrot\/Braun 28cm"}]},{"@type":"WebSite","@id":"https:\/\/www.eliassen.nl\/de\/#website","url":"https:\/\/www.eliassen.nl\/de\/","name":"Eliassen Home & Garden Pleasure","description":"","publisher":{"@id":"https:\/\/www.eliassen.nl\/de\/#organization"},"alternateName":"Eliassen.nl","potentialAction":[{"@type":"SearchAction","target":{"@type":"EntryPoint","urlTemplate":"https:\/\/www.eliassen.nl\/de\/?s={search_term_string}"},"query-input":{"@type":"PropertyValueSpecification","valueRequired":true,"valueName":"search_term_string"}}],"inLanguage":"de"},{"@type":["Organization","Place"],"@id":"https:\/\/www.eliassen.nl\/de\/#organization","name":"Eliassen Home & Garden Pleasure","url":"https:\/\/www.eliassen.nl\/de\/","logo":{"@id":"https:\/\/www.eliassen.nl\/de\/glasvase-herz-bohmischer-kristall-blau-grun-20cm-kopie\/#local-main-organization-logo"},"image":{"@id":"https:\/\/www.eliassen.nl\/de\/glasvase-herz-bohmischer-kristall-blau-grun-20cm-kopie\/#local-main-organization-logo"},"sameAs":["https:\/\/www.facebook.com\/TuincentrumEliassenAmmerzoden","https:\/\/www.instagram.com\/eliassenhomeandgarden\/","https:\/\/nl.pinterest.com\/eliassenhomeandgarden\/","https:\/\/www.youtube.com\/@eliassenhomegardenpleasure4558"],"telephone":[],"openingHoursSpecification":[{"@type":"OpeningHoursSpecification","dayOfWeek":["Monday","Tuesday","Wednesday","Thursday","Friday","Saturday","Sunday"],"opens":"09:00","closes":"17:00"}]},{"@type":"ImageObject","inLanguage":"de","@id":"https:\/\/www.eliassen.nl\/de\/glasvase-herz-bohmischer-kristall-blau-grun-20cm-kopie\/#local-main-organization-logo","url":"https:\/\/www.eliassen.nl\/wp-content\/uploads\/2024\/01\/logo_4nd.jpg","contentUrl":"https:\/\/www.eliassen.nl\/wp-content\/uploads\/2024\/01\/logo_4nd.jpg","width":500,"height":500,"caption":"Eliassen Home & Garden Pleasure"}]},"product_price_amount":"72.50","product_price_currency":"EUR","og_availability":"instock","product_availability":"instock","product_retailer_item_id":"708.28.028r","product_condition":"new"},"df_price":72.5,"df_sale_price":"","df_regular_price":72.5,"df_image_link":"https:\/\/www.eliassen.nl\/wp-content\/uploads\/2026\/02\/Glasvaas-Fire-roodbruin-28cm-eliassen.nl_-300x200.jpg","image":"https:\/\/www.eliassen.nl\/wp-content\/uploads\/2026\/02\/Glasvaas-Fire-roodbruin-28cm-eliassen.nl_-150x150.jpg","price_search":"<span class=\"woocommerce-Price-amount amount\"><bdi><span class=\"woocommerce-Price-currencySymbol\">&euro;<\/span>&nbsp;72,50<\/bdi><\/span>","category":"Farbige Glasvasen","global_unique_id":"6096520281283","_links":{"self":[{"href":"https:\/\/www.eliassen.nl\/de\/wp-json\/wp\/v2\/product\/206018","targetHints":{"allow":["GET"]}}],"collection":[{"href":"https:\/\/www.eliassen.nl\/de\/wp-json\/wp\/v2\/product"}],"about":[{"href":"https:\/\/www.eliassen.nl\/de\/wp-json\/wp\/v2\/types\/product"}],"wp:featuredmedia":[{"embeddable":true,"href":"https:\/\/www.eliassen.nl\/de\/wp-json\/wp\/v2\/media\/206022"}],"wp:attachment":[{"href":"https:\/\/www.eliassen.nl\/de\/wp-json\/wp\/v2\/media?parent=206018"}],"wp:term":[{"taxonomy":"product_brand","embeddable":true,"href":"https:\/\/www.eliassen.nl\/de\/wp-json\/wp\/v2\/product_brand?post=206018"},{"taxonomy":"product_cat","embeddable":true,"href":"https:\/\/www.eliassen.nl\/de\/wp-json\/wp\/v2\/product_cat?post=206018"},{"taxonomy":"product_tag","embeddable":true,"href":"https:\/\/www.eliassen.nl\/de\/wp-json\/wp\/v2\/product_tag?post=206018"}],"curies":[{"name":"wp","href":"https:\/\/api.w.org\/{rel}","templated":true}]}}