{"id":206012,"date":"2026-02-05T13:39:35","date_gmt":"2026-02-05T12:39:35","guid":{"rendered":"https:\/\/www.eliassen.nl\/?post_type=product&#038;p=206012"},"modified":"2026-02-06T14:45:31","modified_gmt":"2026-02-06T13:45:31","slug":"glasvase-rund-green-life-27cm-kopie-2","status":"publish","type":"product","link":"https:\/\/www.eliassen.nl\/de\/glasvase-rund-green-life-27cm-kopie-2\/","title":{"rendered":"Glasvase Herz b\u00f6hmischer Kristall blau\/gr\u00fcn 20cm"},"content":{"rendered":"<p data-path-to-node=\"2\">Bringen Sie Liebe in die Blumen mit dieser sch\u00f6nen <b data-path-to-node=\"2\" data-index-in-node=\"50\">Glasvase Herz b\u00f6hmisch kristallblau\/gr\u00fcn<\/b>. Diese 20 cm hohe Vase ist ein beeindruckendes Beispiel f\u00fcr Handwerkskunst und Symbolik. Die organische Herzform in hochwertigem b\u00f6hmischem Kristall hat einen tief blaugr\u00fcnen Kern, der einen sch\u00f6nen Kontrast zu dem kristallklaren Glasrahmen bildet.<\/p>\n<p data-path-to-node=\"3\">Da jede Vase <b data-path-to-node=\"3\" data-index-in-node=\"16\">komplett handgefertigt<\/b> ist, gleicht keine der anderen. Bei Ihrer Vase sind die Art und Weise, wie die Farben durch das Kristall flie\u00dfen und die subtilen Linien des Herzens immer einzigartig. Dieses Handwerk sorgt daf\u00fcr, dass das Licht jedes Mal anders eingefangen und reflektiert wird. Ob Sie es zu einem besonderen Anlass verschenken oder ihm einen eigenen Platz auf Ihrem Sideboard bei Eliassen in Ammerzoden geben, dieses einzigartige Kunstwerk wird sofort Farbe und W\u00e4rme in Ihr Interieur bringen.<\/p>\n","protected":false},"excerpt":{"rendered":"<p>Diese handgefertigte, 20 cm hohe, herzf\u00f6rmige Vase ist aus hochwertigem b\u00f6hmischem Kristall mit einem bezaubernden blau-gr\u00fcnen Zentrum gefertigt. Dank der handwerklichen Verarbeitung ist jedes Exemplar ein Unikat, das ein exklusives Farbenspiel und ein zeitloses Symbol der Liebe f\u00fcr Ihr Zuhause darstellt.<\/p>\n","protected":false},"featured_media":206016,"template":"","meta":{"_acf_changed":false,"_genesis_title":"","_genesis_description":""},"product_brand":[6958],"product_cat":[812,800],"product_tag":[],"class_list":{"0":"post-206012","1":"product","2":"type-product","3":"status-publish","4":"has-post-thumbnail","6":"product_brand-loranto-de","7":"product_cat-farbige-glasvasen","8":"product_cat-glaskunst","10":"first","11":"instock","12":"taxable","13":"shipping-taxable","14":"purchasable","15":"product-type-simple"},"acf":[],"meta_all":{"total_sales":"0","cor_restricted_countries":[],"wpseo_global_identifier_values":{"gtin8":"","gtin12":"","gtin13":"","gtin14":"","isbn":"","mpn":""}},"meta_all_flat":{"total_sales":"0","wpseo_global_identifier_values.gtin8":"","wpseo_global_identifier_values.gtin12":"","wpseo_global_identifier_values.gtin13":"","wpseo_global_identifier_values.gtin14":"","wpseo_global_identifier_values.isbn":"","wpseo_global_identifier_values.mpn":""},"yoast_head":"<!-- This site is optimized with the Yoast SEO Premium plugin v26.2 (Yoast SEO v27.2) - https:\/\/yoast.com\/product\/yoast-seo-premium-wordpress\/ -->\n<title>Loranto Glasvase Herz b\u00f6hmischer Kristall blau\/gr\u00fcn 20cm - Eliassen.nl<\/title>\n<meta name=\"description\" content=\"Einzigartige handgefertigte 20cm Herzvase in blau\/gr\u00fcnem b\u00f6hmischem Kristall. Jedes St\u00fcck ist ein einzigartiges Kunstwerk. Entdecken Sie diesen Blickfang bei Eliassen!\" \/>\n<meta name=\"robots\" content=\"index, follow, max-snippet:-1, max-image-preview:large, max-video-preview:-1\" \/>\n<link rel=\"canonical\" href=\"https:\/\/www.eliassen.nl\/de\/glasvase-rund-green-life-27cm-kopie-2\/\" \/>\n<meta property=\"og:locale\" content=\"de_DE\" \/>\n<meta property=\"og:type\" content=\"article\" \/>\n<meta property=\"og:title\" content=\"Loranto Glasvase Herz b\u00f6hmischer Kristall blau\/gr\u00fcn 20cm - Eliassen.nl\" \/>\n<meta property=\"og:description\" content=\"Einzigartige handgefertigte 20cm Herzvase in blau\/gr\u00fcnem b\u00f6hmischem Kristall. Jedes St\u00fcck ist ein einzigartiges Kunstwerk. Entdecken Sie diesen Blickfang bei Eliassen!\" \/>\n<meta property=\"og:url\" content=\"https:\/\/www.eliassen.nl\/de\/glasvase-rund-green-life-27cm-kopie-2\/\" \/>\n<meta property=\"og:site_name\" content=\"Eliassen.nl\" \/>\n<meta property=\"article:publisher\" content=\"https:\/\/www.facebook.com\/TuincentrumEliassenAmmerzoden\" \/>\n<meta property=\"article:modified_time\" content=\"2026-02-06T13:45:31+00:00\" \/>\n<meta property=\"og:image\" content=\"https:\/\/www.eliassen.nl\/wp-content\/uploads\/2026\/02\/Glasvaas-Hart-boheems-kristal-blauwgroen-20cm-eliassen.nl_-scaled.jpg\" \/>\n\t<meta property=\"og:image:width\" content=\"2560\" \/>\n\t<meta property=\"og:image:height\" content=\"1707\" \/>\n\t<meta property=\"og:image:type\" content=\"image\/jpeg\" \/>\n<meta name=\"twitter:card\" content=\"summary_large_image\" \/>\n<script type=\"application\/ld+json\" class=\"yoast-schema-graph\">{\"@context\":\"https:\/\/schema.org\",\"@graph\":[{\"@type\":\"WebPage\",\"@id\":\"https:\/\/www.eliassen.nl\/de\/glasvase-rund-green-life-27cm-kopie-2\/\",\"url\":\"https:\/\/www.eliassen.nl\/de\/glasvase-rund-green-life-27cm-kopie-2\/\",\"name\":\"Loranto Glasvase Herz b\u00f6hmischer Kristall blau\/gr\u00fcn 20cm - Eliassen.nl\",\"isPartOf\":{\"@id\":\"https:\/\/www.eliassen.nl\/de\/#website\"},\"primaryImageOfPage\":{\"@id\":\"https:\/\/www.eliassen.nl\/de\/glasvase-rund-green-life-27cm-kopie-2\/#primaryimage\"},\"image\":{\"@id\":\"https:\/\/www.eliassen.nl\/de\/glasvase-rund-green-life-27cm-kopie-2\/#primaryimage\"},\"thumbnailUrl\":\"https:\/\/www.eliassen.nl\/wp-content\/uploads\/2026\/02\/Glasvaas-Hart-boheems-kristal-blauwgroen-20cm-eliassen.nl_-scaled.jpg\",\"datePublished\":\"2026-02-05T12:39:35+00:00\",\"dateModified\":\"2026-02-06T13:45:31+00:00\",\"description\":\"Einzigartige handgefertigte 20cm Herzvase in blau\/gr\u00fcnem b\u00f6hmischem Kristall. Jedes St\u00fcck ist ein einzigartiges Kunstwerk. Entdecken Sie diesen Blickfang bei Eliassen!\",\"breadcrumb\":{\"@id\":\"https:\/\/www.eliassen.nl\/de\/glasvase-rund-green-life-27cm-kopie-2\/#breadcrumb\"},\"inLanguage\":\"de\",\"potentialAction\":[{\"@type\":\"ReadAction\",\"target\":[\"https:\/\/www.eliassen.nl\/de\/glasvase-rund-green-life-27cm-kopie-2\/\"]}]},{\"@type\":\"ImageObject\",\"inLanguage\":\"de\",\"@id\":\"https:\/\/www.eliassen.nl\/de\/glasvase-rund-green-life-27cm-kopie-2\/#primaryimage\",\"url\":\"https:\/\/www.eliassen.nl\/wp-content\/uploads\/2026\/02\/Glasvaas-Hart-boheems-kristal-blauwgroen-20cm-eliassen.nl_-scaled.jpg\",\"contentUrl\":\"https:\/\/www.eliassen.nl\/wp-content\/uploads\/2026\/02\/Glasvaas-Hart-boheems-kristal-blauwgroen-20cm-eliassen.nl_-scaled.jpg\",\"width\":2560,\"height\":1707,\"caption\":\"Glasvase Herz b\u00f6hmisches Kristall blau\/gr\u00fcn 20cm eliassen.nl\"},{\"@type\":\"BreadcrumbList\",\"@id\":\"https:\/\/www.eliassen.nl\/de\/glasvase-rund-green-life-27cm-kopie-2\/#breadcrumb\",\"itemListElement\":[{\"@type\":\"ListItem\",\"position\":1,\"name\":\"Home\",\"item\":\"https:\/\/www.eliassen.nl\/de\/\"},{\"@type\":\"ListItem\",\"position\":2,\"name\":\"Shop\",\"item\":\"https:\/\/www.eliassen.nl\/de\/shop\/\"},{\"@type\":\"ListItem\",\"position\":3,\"name\":\"Glaskunst\",\"item\":\"https:\/\/www.eliassen.nl\/de\/glaskunst\/\"},{\"@type\":\"ListItem\",\"position\":4,\"name\":\"Glasvase Herz b\u00f6hmischer Kristall blau\/gr\u00fcn 20cm\"}]},{\"@type\":\"WebSite\",\"@id\":\"https:\/\/www.eliassen.nl\/de\/#website\",\"url\":\"https:\/\/www.eliassen.nl\/de\/\",\"name\":\"Eliassen Home & Garden Pleasure\",\"description\":\"\",\"publisher\":{\"@id\":\"https:\/\/www.eliassen.nl\/de\/#organization\"},\"alternateName\":\"Eliassen.nl\",\"potentialAction\":[{\"@type\":\"SearchAction\",\"target\":{\"@type\":\"EntryPoint\",\"urlTemplate\":\"https:\/\/www.eliassen.nl\/de\/?s={search_term_string}\"},\"query-input\":{\"@type\":\"PropertyValueSpecification\",\"valueRequired\":true,\"valueName\":\"search_term_string\"}}],\"inLanguage\":\"de\"},{\"@type\":[\"Organization\",\"Place\"],\"@id\":\"https:\/\/www.eliassen.nl\/de\/#organization\",\"name\":\"Eliassen Home & Garden Pleasure\",\"url\":\"https:\/\/www.eliassen.nl\/de\/\",\"logo\":{\"@id\":\"https:\/\/www.eliassen.nl\/de\/glasvase-rund-green-life-27cm-kopie-2\/#local-main-organization-logo\"},\"image\":{\"@id\":\"https:\/\/www.eliassen.nl\/de\/glasvase-rund-green-life-27cm-kopie-2\/#local-main-organization-logo\"},\"sameAs\":[\"https:\/\/www.facebook.com\/TuincentrumEliassenAmmerzoden\",\"https:\/\/www.instagram.com\/eliassenhomeandgarden\/\",\"https:\/\/nl.pinterest.com\/eliassenhomeandgarden\/\",\"https:\/\/www.youtube.com\/@eliassenhomegardenpleasure4558\"],\"telephone\":[],\"openingHoursSpecification\":[{\"@type\":\"OpeningHoursSpecification\",\"dayOfWeek\":[\"Monday\",\"Tuesday\",\"Wednesday\",\"Thursday\",\"Friday\",\"Saturday\",\"Sunday\"],\"opens\":\"09:00\",\"closes\":\"17:00\"}]},{\"@type\":\"ImageObject\",\"inLanguage\":\"de\",\"@id\":\"https:\/\/www.eliassen.nl\/de\/glasvase-rund-green-life-27cm-kopie-2\/#local-main-organization-logo\",\"url\":\"https:\/\/www.eliassen.nl\/wp-content\/uploads\/2024\/01\/logo_4nd.jpg\",\"contentUrl\":\"https:\/\/www.eliassen.nl\/wp-content\/uploads\/2024\/01\/logo_4nd.jpg\",\"width\":500,\"height\":500,\"caption\":\"Eliassen Home & Garden Pleasure\"}]}<\/script>\n<meta property=\"product:price:amount\" content=\"169.50\" \/>\n<meta property=\"product:price:currency\" content=\"EUR\" \/>\n<meta property=\"og:availability\" content=\"instock\" \/>\n<meta property=\"product:availability\" content=\"instock\" \/>\n<meta property=\"product:retailer_item_id\" content=\"12.20.bl\" \/>\n<meta property=\"product:condition\" content=\"new\" \/>\n<!-- \/ Yoast SEO Premium plugin. -->","yoast_head_json":{"title":"Loranto Glasvase Herz b\u00f6hmischer Kristall blau\/gr\u00fcn 20cm - Eliassen.nl","description":"Einzigartige handgefertigte 20cm Herzvase in blau\/gr\u00fcnem b\u00f6hmischem Kristall. Jedes St\u00fcck ist ein einzigartiges Kunstwerk. Entdecken Sie diesen Blickfang bei Eliassen!","robots":{"index":"index","follow":"follow","max-snippet":"max-snippet:-1","max-image-preview":"max-image-preview:large","max-video-preview":"max-video-preview:-1"},"canonical":"https:\/\/www.eliassen.nl\/de\/glasvase-rund-green-life-27cm-kopie-2\/","og_locale":"de_DE","og_type":"article","og_title":"Loranto Glasvase Herz b\u00f6hmischer Kristall blau\/gr\u00fcn 20cm - Eliassen.nl","og_description":"Einzigartige handgefertigte 20cm Herzvase in blau\/gr\u00fcnem b\u00f6hmischem Kristall. Jedes St\u00fcck ist ein einzigartiges Kunstwerk. Entdecken Sie diesen Blickfang bei Eliassen!","og_url":"https:\/\/www.eliassen.nl\/de\/glasvase-rund-green-life-27cm-kopie-2\/","og_site_name":"Eliassen.nl","article_publisher":"https:\/\/www.facebook.com\/TuincentrumEliassenAmmerzoden","article_modified_time":"2026-02-06T13:45:31+00:00","og_image":[{"width":2560,"height":1707,"url":"https:\/\/www.eliassen.nl\/wp-content\/uploads\/2026\/02\/Glasvaas-Hart-boheems-kristal-blauwgroen-20cm-eliassen.nl_-scaled.jpg","type":"image\/jpeg"}],"twitter_card":"summary_large_image","schema":{"@context":"https:\/\/schema.org","@graph":[{"@type":"WebPage","@id":"https:\/\/www.eliassen.nl\/de\/glasvase-rund-green-life-27cm-kopie-2\/","url":"https:\/\/www.eliassen.nl\/de\/glasvase-rund-green-life-27cm-kopie-2\/","name":"Loranto Glasvase Herz b\u00f6hmischer Kristall blau\/gr\u00fcn 20cm - Eliassen.nl","isPartOf":{"@id":"https:\/\/www.eliassen.nl\/de\/#website"},"primaryImageOfPage":{"@id":"https:\/\/www.eliassen.nl\/de\/glasvase-rund-green-life-27cm-kopie-2\/#primaryimage"},"image":{"@id":"https:\/\/www.eliassen.nl\/de\/glasvase-rund-green-life-27cm-kopie-2\/#primaryimage"},"thumbnailUrl":"https:\/\/www.eliassen.nl\/wp-content\/uploads\/2026\/02\/Glasvaas-Hart-boheems-kristal-blauwgroen-20cm-eliassen.nl_-scaled.jpg","datePublished":"2026-02-05T12:39:35+00:00","dateModified":"2026-02-06T13:45:31+00:00","description":"Einzigartige handgefertigte 20cm Herzvase in blau\/gr\u00fcnem b\u00f6hmischem Kristall. Jedes St\u00fcck ist ein einzigartiges Kunstwerk. Entdecken Sie diesen Blickfang bei Eliassen!","breadcrumb":{"@id":"https:\/\/www.eliassen.nl\/de\/glasvase-rund-green-life-27cm-kopie-2\/#breadcrumb"},"inLanguage":"de","potentialAction":[{"@type":"ReadAction","target":["https:\/\/www.eliassen.nl\/de\/glasvase-rund-green-life-27cm-kopie-2\/"]}]},{"@type":"ImageObject","inLanguage":"de","@id":"https:\/\/www.eliassen.nl\/de\/glasvase-rund-green-life-27cm-kopie-2\/#primaryimage","url":"https:\/\/www.eliassen.nl\/wp-content\/uploads\/2026\/02\/Glasvaas-Hart-boheems-kristal-blauwgroen-20cm-eliassen.nl_-scaled.jpg","contentUrl":"https:\/\/www.eliassen.nl\/wp-content\/uploads\/2026\/02\/Glasvaas-Hart-boheems-kristal-blauwgroen-20cm-eliassen.nl_-scaled.jpg","width":2560,"height":1707,"caption":"Glasvase Herz b\u00f6hmisches Kristall blau\/gr\u00fcn 20cm eliassen.nl"},{"@type":"BreadcrumbList","@id":"https:\/\/www.eliassen.nl\/de\/glasvase-rund-green-life-27cm-kopie-2\/#breadcrumb","itemListElement":[{"@type":"ListItem","position":1,"name":"Home","item":"https:\/\/www.eliassen.nl\/de\/"},{"@type":"ListItem","position":2,"name":"Shop","item":"https:\/\/www.eliassen.nl\/de\/shop\/"},{"@type":"ListItem","position":3,"name":"Glaskunst","item":"https:\/\/www.eliassen.nl\/de\/glaskunst\/"},{"@type":"ListItem","position":4,"name":"Glasvase Herz b\u00f6hmischer Kristall blau\/gr\u00fcn 20cm"}]},{"@type":"WebSite","@id":"https:\/\/www.eliassen.nl\/de\/#website","url":"https:\/\/www.eliassen.nl\/de\/","name":"Eliassen Home & Garden Pleasure","description":"","publisher":{"@id":"https:\/\/www.eliassen.nl\/de\/#organization"},"alternateName":"Eliassen.nl","potentialAction":[{"@type":"SearchAction","target":{"@type":"EntryPoint","urlTemplate":"https:\/\/www.eliassen.nl\/de\/?s={search_term_string}"},"query-input":{"@type":"PropertyValueSpecification","valueRequired":true,"valueName":"search_term_string"}}],"inLanguage":"de"},{"@type":["Organization","Place"],"@id":"https:\/\/www.eliassen.nl\/de\/#organization","name":"Eliassen Home & Garden Pleasure","url":"https:\/\/www.eliassen.nl\/de\/","logo":{"@id":"https:\/\/www.eliassen.nl\/de\/glasvase-rund-green-life-27cm-kopie-2\/#local-main-organization-logo"},"image":{"@id":"https:\/\/www.eliassen.nl\/de\/glasvase-rund-green-life-27cm-kopie-2\/#local-main-organization-logo"},"sameAs":["https:\/\/www.facebook.com\/TuincentrumEliassenAmmerzoden","https:\/\/www.instagram.com\/eliassenhomeandgarden\/","https:\/\/nl.pinterest.com\/eliassenhomeandgarden\/","https:\/\/www.youtube.com\/@eliassenhomegardenpleasure4558"],"telephone":[],"openingHoursSpecification":[{"@type":"OpeningHoursSpecification","dayOfWeek":["Monday","Tuesday","Wednesday","Thursday","Friday","Saturday","Sunday"],"opens":"09:00","closes":"17:00"}]},{"@type":"ImageObject","inLanguage":"de","@id":"https:\/\/www.eliassen.nl\/de\/glasvase-rund-green-life-27cm-kopie-2\/#local-main-organization-logo","url":"https:\/\/www.eliassen.nl\/wp-content\/uploads\/2024\/01\/logo_4nd.jpg","contentUrl":"https:\/\/www.eliassen.nl\/wp-content\/uploads\/2024\/01\/logo_4nd.jpg","width":500,"height":500,"caption":"Eliassen Home & Garden Pleasure"}]},"product_price_amount":"169.50","product_price_currency":"EUR","og_availability":"instock","product_availability":"instock","product_retailer_item_id":"12.20.bl","product_condition":"new"},"df_price":169.5,"df_sale_price":"","df_regular_price":169.5,"df_image_link":"https:\/\/www.eliassen.nl\/wp-content\/uploads\/2026\/02\/Glasvaas-Hart-boheems-kristal-blauwgroen-20cm-eliassen.nl_-300x200.jpg","image":"https:\/\/www.eliassen.nl\/wp-content\/uploads\/2026\/02\/Glasvaas-Hart-boheems-kristal-blauwgroen-20cm-eliassen.nl_-150x150.jpg","price_search":"<span class=\"woocommerce-Price-amount amount\"><bdi><span class=\"woocommerce-Price-currencySymbol\">&euro;<\/span>&nbsp;169,50<\/bdi><\/span>","category":"Farbige Glasvasen","global_unique_id":"6096537192190","_links":{"self":[{"href":"https:\/\/www.eliassen.nl\/de\/wp-json\/wp\/v2\/product\/206012","targetHints":{"allow":["GET"]}}],"collection":[{"href":"https:\/\/www.eliassen.nl\/de\/wp-json\/wp\/v2\/product"}],"about":[{"href":"https:\/\/www.eliassen.nl\/de\/wp-json\/wp\/v2\/types\/product"}],"wp:featuredmedia":[{"embeddable":true,"href":"https:\/\/www.eliassen.nl\/de\/wp-json\/wp\/v2\/media\/206016"}],"wp:attachment":[{"href":"https:\/\/www.eliassen.nl\/de\/wp-json\/wp\/v2\/media?parent=206012"}],"wp:term":[{"taxonomy":"product_brand","embeddable":true,"href":"https:\/\/www.eliassen.nl\/de\/wp-json\/wp\/v2\/product_brand?post=206012"},{"taxonomy":"product_cat","embeddable":true,"href":"https:\/\/www.eliassen.nl\/de\/wp-json\/wp\/v2\/product_cat?post=206012"},{"taxonomy":"product_tag","embeddable":true,"href":"https:\/\/www.eliassen.nl\/de\/wp-json\/wp\/v2\/product_tag?post=206012"}],"curies":[{"name":"wp","href":"https:\/\/api.w.org\/{rel}","templated":true}]}}