{"id":205926,"date":"2026-02-05T10:56:39","date_gmt":"2026-02-05T09:56:39","guid":{"rendered":"https:\/\/www.eliassen.nl\/?post_type=product&#038;p=205926"},"modified":"2026-03-02T14:06:34","modified_gmt":"2026-03-02T13:06:34","slug":"glasvase-dreieck-aqua-blau-35cm-kopie","status":"publish","type":"product","link":"https:\/\/www.eliassen.nl\/de\/glasvase-dreieck-aqua-blau-35cm-kopie\/","title":{"rendered":"Glasvase Blau Lagune Blau 35cm"},"content":{"rendered":"<p data-path-to-node=\"2\">Verleihen Sie Ihrer Einrichtung einen beruhigenden und k\u00fcnstlerischen Look mit dieser sch\u00f6nen <b data-path-to-node=\"2\" data-index-in-node=\"79\">Glasvase Blue Lagoon Blue<\/b>. Dieses Modell zeichnet sich durch eine elegante, eif\u00f6rmige Silhouette mit flie\u00dfenden Linien aus, die perfekt in moderne oder l\u00e4ndliche Interieurs passen. Die Vase ist in tiefen Blaut\u00f6nen gehalten, die von dunklen, gezackten Streifen durchzogen sind. Das Glas erinnert an die nat\u00fcrlichen Str\u00f6mungen in einer tropischen Lagune.<\/p>\n<p data-path-to-node=\"3\">Da diese Vase das Ergebnis reiner <b data-path-to-node=\"3\" data-index-in-node=\"42\">Handarbeit<\/b> ist, holen Sie sich ein einzigartiges Kunstwerk in Ihr Heim. Keine zwei St\u00fccke sind genau gleich; die Verteilung der Farben und die spezifischen Markierungen im Glas variieren von Modell zu Modell. Dadurch wird sichergestellt, dass das Licht jedes Mal auf andere Weise durch das blaue Glas f\u00e4llt und Ihrem Exemplar einen ganz eigenen Charakter verleiht. Ein stilvoller Blickfang von Eliassen, der in Ihrem Wohnbereich sowohl mit als auch ohne Blumen beeindruckt.<\/p>\n","protected":false},"excerpt":{"rendered":"<p data-path-to-node=\"6\">Diese handgefertigte Glasvase hat eine elegante, eif\u00f6rmige Form und ein einzigartiges Muster in tiefblauen Lagunent\u00f6nen. Da jedes St\u00fcck handgefertigt ist, ist Ihre Vase ein exklusives Objekt mit einem einzigartigen Farbspiel und Charakter.<\/p>\n","protected":false},"featured_media":205930,"template":"","meta":{"_acf_changed":false,"_genesis_title":"","_genesis_description":""},"product_brand":[6958],"product_cat":[812,800],"product_tag":[],"class_list":{"0":"post-205926","1":"product","2":"type-product","3":"status-publish","4":"has-post-thumbnail","6":"product_brand-loranto-de","7":"product_cat-farbige-glasvasen","8":"product_cat-glaskunst","10":"first","11":"outofstock","12":"taxable","13":"shipping-taxable","14":"purchasable","15":"product-type-simple"},"acf":[],"meta_all":{"total_sales":"1","cor_restricted_countries":[],"wpseo_global_identifier_values":{"gtin8":"","gtin12":"","gtin13":"","gtin14":"","isbn":"","mpn":""}},"meta_all_flat":{"total_sales":"1","wpseo_global_identifier_values.gtin8":"","wpseo_global_identifier_values.gtin12":"","wpseo_global_identifier_values.gtin13":"","wpseo_global_identifier_values.gtin14":"","wpseo_global_identifier_values.isbn":"","wpseo_global_identifier_values.mpn":""},"yoast_head":"<!-- This site is optimized with the Yoast SEO Premium plugin v26.2 (Yoast SEO v27.2) - https:\/\/yoast.com\/product\/yoast-seo-premium-wordpress\/ -->\n<title>Loranto Glasvase Blau Lagune Blau 35cm - Eliassen.nl<\/title>\n<meta name=\"description\" content=\"Einzigartige handgefertigte eif\u00f6rmige Glasvase Blue Lagoon. Ein exklusives Kunstwerk mit tiefen Blaut\u00f6nen. Jeder von ihnen ist anders. Informieren Sie sich bei Eliassen.\" \/>\n<meta name=\"robots\" content=\"index, follow, max-snippet:-1, max-image-preview:large, max-video-preview:-1\" \/>\n<link rel=\"canonical\" href=\"https:\/\/www.eliassen.nl\/de\/glasvase-dreieck-aqua-blau-35cm-kopie\/\" \/>\n<meta property=\"og:locale\" content=\"de_DE\" \/>\n<meta property=\"og:type\" content=\"article\" \/>\n<meta property=\"og:title\" content=\"Loranto Glasvase Blau Lagune Blau 35cm - Eliassen.nl\" \/>\n<meta property=\"og:description\" content=\"Einzigartige handgefertigte eif\u00f6rmige Glasvase Blue Lagoon. Ein exklusives Kunstwerk mit tiefen Blaut\u00f6nen. Jeder von ihnen ist anders. Informieren Sie sich bei Eliassen.\" \/>\n<meta property=\"og:url\" content=\"https:\/\/www.eliassen.nl\/de\/glasvase-dreieck-aqua-blau-35cm-kopie\/\" \/>\n<meta property=\"og:site_name\" content=\"Eliassen.nl\" \/>\n<meta property=\"article:publisher\" content=\"https:\/\/www.facebook.com\/TuincentrumEliassenAmmerzoden\" \/>\n<meta property=\"article:modified_time\" content=\"2026-03-02T13:06:34+00:00\" \/>\n<meta property=\"og:image\" content=\"https:\/\/www.eliassen.nl\/wp-content\/uploads\/2026\/02\/Glasvaas-Blue-Lagoon-Blauw-35cm-eliassen.nl_-scaled.jpg\" \/>\n\t<meta property=\"og:image:width\" content=\"2560\" \/>\n\t<meta property=\"og:image:height\" content=\"1707\" \/>\n\t<meta property=\"og:image:type\" content=\"image\/jpeg\" \/>\n<meta name=\"twitter:card\" content=\"summary_large_image\" \/>\n<script type=\"application\/ld+json\" class=\"yoast-schema-graph\">{\"@context\":\"https:\/\/schema.org\",\"@graph\":[{\"@type\":\"WebPage\",\"@id\":\"https:\/\/www.eliassen.nl\/de\/glasvase-dreieck-aqua-blau-35cm-kopie\/\",\"url\":\"https:\/\/www.eliassen.nl\/de\/glasvase-dreieck-aqua-blau-35cm-kopie\/\",\"name\":\"Loranto Glasvase Blau Lagune Blau 35cm - Eliassen.nl\",\"isPartOf\":{\"@id\":\"https:\/\/www.eliassen.nl\/de\/#website\"},\"primaryImageOfPage\":{\"@id\":\"https:\/\/www.eliassen.nl\/de\/glasvase-dreieck-aqua-blau-35cm-kopie\/#primaryimage\"},\"image\":{\"@id\":\"https:\/\/www.eliassen.nl\/de\/glasvase-dreieck-aqua-blau-35cm-kopie\/#primaryimage\"},\"thumbnailUrl\":\"https:\/\/www.eliassen.nl\/wp-content\/uploads\/2026\/02\/Glasvaas-Blue-Lagoon-Blauw-35cm-eliassen.nl_-scaled.jpg\",\"datePublished\":\"2026-02-05T09:56:39+00:00\",\"dateModified\":\"2026-03-02T13:06:34+00:00\",\"description\":\"Einzigartige handgefertigte eif\u00f6rmige Glasvase Blue Lagoon. Ein exklusives Kunstwerk mit tiefen Blaut\u00f6nen. Jeder von ihnen ist anders. Informieren Sie sich bei Eliassen.\",\"breadcrumb\":{\"@id\":\"https:\/\/www.eliassen.nl\/de\/glasvase-dreieck-aqua-blau-35cm-kopie\/#breadcrumb\"},\"inLanguage\":\"de\",\"potentialAction\":[{\"@type\":\"ReadAction\",\"target\":[\"https:\/\/www.eliassen.nl\/de\/glasvase-dreieck-aqua-blau-35cm-kopie\/\"]}]},{\"@type\":\"ImageObject\",\"inLanguage\":\"de\",\"@id\":\"https:\/\/www.eliassen.nl\/de\/glasvase-dreieck-aqua-blau-35cm-kopie\/#primaryimage\",\"url\":\"https:\/\/www.eliassen.nl\/wp-content\/uploads\/2026\/02\/Glasvaas-Blue-Lagoon-Blauw-35cm-eliassen.nl_-scaled.jpg\",\"contentUrl\":\"https:\/\/www.eliassen.nl\/wp-content\/uploads\/2026\/02\/Glasvaas-Blue-Lagoon-Blauw-35cm-eliassen.nl_-scaled.jpg\",\"width\":2560,\"height\":1707,\"caption\":\"Glasvase Blau Lagune Blau 35cm eliassen.nl\"},{\"@type\":\"BreadcrumbList\",\"@id\":\"https:\/\/www.eliassen.nl\/de\/glasvase-dreieck-aqua-blau-35cm-kopie\/#breadcrumb\",\"itemListElement\":[{\"@type\":\"ListItem\",\"position\":1,\"name\":\"Home\",\"item\":\"https:\/\/www.eliassen.nl\/de\/\"},{\"@type\":\"ListItem\",\"position\":2,\"name\":\"Shop\",\"item\":\"https:\/\/www.eliassen.nl\/de\/shop\/\"},{\"@type\":\"ListItem\",\"position\":3,\"name\":\"Glaskunst\",\"item\":\"https:\/\/www.eliassen.nl\/de\/glaskunst\/\"},{\"@type\":\"ListItem\",\"position\":4,\"name\":\"Glasvase Blau Lagune Blau 35cm\"}]},{\"@type\":\"WebSite\",\"@id\":\"https:\/\/www.eliassen.nl\/de\/#website\",\"url\":\"https:\/\/www.eliassen.nl\/de\/\",\"name\":\"Eliassen Home & Garden Pleasure\",\"description\":\"\",\"publisher\":{\"@id\":\"https:\/\/www.eliassen.nl\/de\/#organization\"},\"alternateName\":\"Eliassen.nl\",\"potentialAction\":[{\"@type\":\"SearchAction\",\"target\":{\"@type\":\"EntryPoint\",\"urlTemplate\":\"https:\/\/www.eliassen.nl\/de\/?s={search_term_string}\"},\"query-input\":{\"@type\":\"PropertyValueSpecification\",\"valueRequired\":true,\"valueName\":\"search_term_string\"}}],\"inLanguage\":\"de\"},{\"@type\":[\"Organization\",\"Place\"],\"@id\":\"https:\/\/www.eliassen.nl\/de\/#organization\",\"name\":\"Eliassen Home & Garden Pleasure\",\"url\":\"https:\/\/www.eliassen.nl\/de\/\",\"logo\":{\"@id\":\"https:\/\/www.eliassen.nl\/de\/glasvase-dreieck-aqua-blau-35cm-kopie\/#local-main-organization-logo\"},\"image\":{\"@id\":\"https:\/\/www.eliassen.nl\/de\/glasvase-dreieck-aqua-blau-35cm-kopie\/#local-main-organization-logo\"},\"sameAs\":[\"https:\/\/www.facebook.com\/TuincentrumEliassenAmmerzoden\",\"https:\/\/www.instagram.com\/eliassenhomeandgarden\/\",\"https:\/\/nl.pinterest.com\/eliassenhomeandgarden\/\",\"https:\/\/www.youtube.com\/@eliassenhomegardenpleasure4558\"],\"telephone\":[],\"openingHoursSpecification\":[{\"@type\":\"OpeningHoursSpecification\",\"dayOfWeek\":[\"Monday\",\"Tuesday\",\"Wednesday\",\"Thursday\",\"Friday\",\"Saturday\",\"Sunday\"],\"opens\":\"09:00\",\"closes\":\"17:00\"}]},{\"@type\":\"ImageObject\",\"inLanguage\":\"de\",\"@id\":\"https:\/\/www.eliassen.nl\/de\/glasvase-dreieck-aqua-blau-35cm-kopie\/#local-main-organization-logo\",\"url\":\"https:\/\/www.eliassen.nl\/wp-content\/uploads\/2024\/01\/logo_4nd.jpg\",\"contentUrl\":\"https:\/\/www.eliassen.nl\/wp-content\/uploads\/2024\/01\/logo_4nd.jpg\",\"width\":500,\"height\":500,\"caption\":\"Eliassen Home & Garden Pleasure\"}]}<\/script>\n<meta property=\"product:price:amount\" content=\"89.00\" \/>\n<meta property=\"product:price:currency\" content=\"EUR\" \/>\n<meta property=\"og:availability\" content=\"out of stock\" \/>\n<meta property=\"product:availability\" content=\"out of stock\" \/>\n<meta property=\"product:retailer_item_id\" content=\"13.35.2060\" \/>\n<meta property=\"product:condition\" content=\"new\" \/>\n<!-- \/ Yoast SEO Premium plugin. -->","yoast_head_json":{"title":"Loranto Glasvase Blau Lagune Blau 35cm - Eliassen.nl","description":"Einzigartige handgefertigte eif\u00f6rmige Glasvase Blue Lagoon. Ein exklusives Kunstwerk mit tiefen Blaut\u00f6nen. Jeder von ihnen ist anders. Informieren Sie sich bei Eliassen.","robots":{"index":"index","follow":"follow","max-snippet":"max-snippet:-1","max-image-preview":"max-image-preview:large","max-video-preview":"max-video-preview:-1"},"canonical":"https:\/\/www.eliassen.nl\/de\/glasvase-dreieck-aqua-blau-35cm-kopie\/","og_locale":"de_DE","og_type":"article","og_title":"Loranto Glasvase Blau Lagune Blau 35cm - Eliassen.nl","og_description":"Einzigartige handgefertigte eif\u00f6rmige Glasvase Blue Lagoon. Ein exklusives Kunstwerk mit tiefen Blaut\u00f6nen. Jeder von ihnen ist anders. Informieren Sie sich bei Eliassen.","og_url":"https:\/\/www.eliassen.nl\/de\/glasvase-dreieck-aqua-blau-35cm-kopie\/","og_site_name":"Eliassen.nl","article_publisher":"https:\/\/www.facebook.com\/TuincentrumEliassenAmmerzoden","article_modified_time":"2026-03-02T13:06:34+00:00","og_image":[{"width":2560,"height":1707,"url":"https:\/\/www.eliassen.nl\/wp-content\/uploads\/2026\/02\/Glasvaas-Blue-Lagoon-Blauw-35cm-eliassen.nl_-scaled.jpg","type":"image\/jpeg"}],"twitter_card":"summary_large_image","schema":{"@context":"https:\/\/schema.org","@graph":[{"@type":"WebPage","@id":"https:\/\/www.eliassen.nl\/de\/glasvase-dreieck-aqua-blau-35cm-kopie\/","url":"https:\/\/www.eliassen.nl\/de\/glasvase-dreieck-aqua-blau-35cm-kopie\/","name":"Loranto Glasvase Blau Lagune Blau 35cm - Eliassen.nl","isPartOf":{"@id":"https:\/\/www.eliassen.nl\/de\/#website"},"primaryImageOfPage":{"@id":"https:\/\/www.eliassen.nl\/de\/glasvase-dreieck-aqua-blau-35cm-kopie\/#primaryimage"},"image":{"@id":"https:\/\/www.eliassen.nl\/de\/glasvase-dreieck-aqua-blau-35cm-kopie\/#primaryimage"},"thumbnailUrl":"https:\/\/www.eliassen.nl\/wp-content\/uploads\/2026\/02\/Glasvaas-Blue-Lagoon-Blauw-35cm-eliassen.nl_-scaled.jpg","datePublished":"2026-02-05T09:56:39+00:00","dateModified":"2026-03-02T13:06:34+00:00","description":"Einzigartige handgefertigte eif\u00f6rmige Glasvase Blue Lagoon. Ein exklusives Kunstwerk mit tiefen Blaut\u00f6nen. Jeder von ihnen ist anders. Informieren Sie sich bei Eliassen.","breadcrumb":{"@id":"https:\/\/www.eliassen.nl\/de\/glasvase-dreieck-aqua-blau-35cm-kopie\/#breadcrumb"},"inLanguage":"de","potentialAction":[{"@type":"ReadAction","target":["https:\/\/www.eliassen.nl\/de\/glasvase-dreieck-aqua-blau-35cm-kopie\/"]}]},{"@type":"ImageObject","inLanguage":"de","@id":"https:\/\/www.eliassen.nl\/de\/glasvase-dreieck-aqua-blau-35cm-kopie\/#primaryimage","url":"https:\/\/www.eliassen.nl\/wp-content\/uploads\/2026\/02\/Glasvaas-Blue-Lagoon-Blauw-35cm-eliassen.nl_-scaled.jpg","contentUrl":"https:\/\/www.eliassen.nl\/wp-content\/uploads\/2026\/02\/Glasvaas-Blue-Lagoon-Blauw-35cm-eliassen.nl_-scaled.jpg","width":2560,"height":1707,"caption":"Glasvase Blau Lagune Blau 35cm eliassen.nl"},{"@type":"BreadcrumbList","@id":"https:\/\/www.eliassen.nl\/de\/glasvase-dreieck-aqua-blau-35cm-kopie\/#breadcrumb","itemListElement":[{"@type":"ListItem","position":1,"name":"Home","item":"https:\/\/www.eliassen.nl\/de\/"},{"@type":"ListItem","position":2,"name":"Shop","item":"https:\/\/www.eliassen.nl\/de\/shop\/"},{"@type":"ListItem","position":3,"name":"Glaskunst","item":"https:\/\/www.eliassen.nl\/de\/glaskunst\/"},{"@type":"ListItem","position":4,"name":"Glasvase Blau Lagune Blau 35cm"}]},{"@type":"WebSite","@id":"https:\/\/www.eliassen.nl\/de\/#website","url":"https:\/\/www.eliassen.nl\/de\/","name":"Eliassen Home & Garden Pleasure","description":"","publisher":{"@id":"https:\/\/www.eliassen.nl\/de\/#organization"},"alternateName":"Eliassen.nl","potentialAction":[{"@type":"SearchAction","target":{"@type":"EntryPoint","urlTemplate":"https:\/\/www.eliassen.nl\/de\/?s={search_term_string}"},"query-input":{"@type":"PropertyValueSpecification","valueRequired":true,"valueName":"search_term_string"}}],"inLanguage":"de"},{"@type":["Organization","Place"],"@id":"https:\/\/www.eliassen.nl\/de\/#organization","name":"Eliassen Home & Garden Pleasure","url":"https:\/\/www.eliassen.nl\/de\/","logo":{"@id":"https:\/\/www.eliassen.nl\/de\/glasvase-dreieck-aqua-blau-35cm-kopie\/#local-main-organization-logo"},"image":{"@id":"https:\/\/www.eliassen.nl\/de\/glasvase-dreieck-aqua-blau-35cm-kopie\/#local-main-organization-logo"},"sameAs":["https:\/\/www.facebook.com\/TuincentrumEliassenAmmerzoden","https:\/\/www.instagram.com\/eliassenhomeandgarden\/","https:\/\/nl.pinterest.com\/eliassenhomeandgarden\/","https:\/\/www.youtube.com\/@eliassenhomegardenpleasure4558"],"telephone":[],"openingHoursSpecification":[{"@type":"OpeningHoursSpecification","dayOfWeek":["Monday","Tuesday","Wednesday","Thursday","Friday","Saturday","Sunday"],"opens":"09:00","closes":"17:00"}]},{"@type":"ImageObject","inLanguage":"de","@id":"https:\/\/www.eliassen.nl\/de\/glasvase-dreieck-aqua-blau-35cm-kopie\/#local-main-organization-logo","url":"https:\/\/www.eliassen.nl\/wp-content\/uploads\/2024\/01\/logo_4nd.jpg","contentUrl":"https:\/\/www.eliassen.nl\/wp-content\/uploads\/2024\/01\/logo_4nd.jpg","width":500,"height":500,"caption":"Eliassen Home & Garden Pleasure"}]},"product_price_amount":"89.00","product_price_currency":"EUR","og_availability":"out of stock","product_availability":"out of stock","product_retailer_item_id":"13.35.2060","product_condition":"new"},"df_price":89,"df_sale_price":"","df_regular_price":89,"df_image_link":"https:\/\/www.eliassen.nl\/wp-content\/uploads\/2026\/02\/Glasvaas-Blue-Lagoon-Blauw-35cm-eliassen.nl_-300x200.jpg","image":"https:\/\/www.eliassen.nl\/wp-content\/uploads\/2026\/02\/Glasvaas-Blue-Lagoon-Blauw-35cm-eliassen.nl_-150x150.jpg","price_search":"<span class=\"woocommerce-Price-amount amount\"><bdi><span class=\"woocommerce-Price-currencySymbol\">&euro;<\/span>&nbsp;89,00<\/bdi><\/span>","category":"Farbige Glasvasen","global_unique_id":"6096520083061","_links":{"self":[{"href":"https:\/\/www.eliassen.nl\/de\/wp-json\/wp\/v2\/product\/205926","targetHints":{"allow":["GET"]}}],"collection":[{"href":"https:\/\/www.eliassen.nl\/de\/wp-json\/wp\/v2\/product"}],"about":[{"href":"https:\/\/www.eliassen.nl\/de\/wp-json\/wp\/v2\/types\/product"}],"wp:featuredmedia":[{"embeddable":true,"href":"https:\/\/www.eliassen.nl\/de\/wp-json\/wp\/v2\/media\/205930"}],"wp:attachment":[{"href":"https:\/\/www.eliassen.nl\/de\/wp-json\/wp\/v2\/media?parent=205926"}],"wp:term":[{"taxonomy":"product_brand","embeddable":true,"href":"https:\/\/www.eliassen.nl\/de\/wp-json\/wp\/v2\/product_brand?post=205926"},{"taxonomy":"product_cat","embeddable":true,"href":"https:\/\/www.eliassen.nl\/de\/wp-json\/wp\/v2\/product_cat?post=205926"},{"taxonomy":"product_tag","embeddable":true,"href":"https:\/\/www.eliassen.nl\/de\/wp-json\/wp\/v2\/product_tag?post=205926"}],"curies":[{"name":"wp","href":"https:\/\/api.w.org\/{rel}","templated":true}]}}