{"id":205911,"date":"2026-02-05T10:02:42","date_gmt":"2026-02-05T09:02:42","guid":{"rendered":"https:\/\/www.eliassen.nl\/?post_type=product&#038;p=205911"},"modified":"2026-03-07T15:40:33","modified_gmt":"2026-03-07T14:40:33","slug":"statue-glas-liebende-verbindung-herz-blau-29cm-kopie","status":"publish","type":"product","link":"https:\/\/www.eliassen.nl\/de\/statue-glas-liebende-verbindung-herz-blau-29cm-kopie\/","title":{"rendered":"Glasskulptur Bonding Herz rot 29cm"},"content":{"rendered":"<p data-path-to-node=\"2\">Holen Sie sich mit dieser sch\u00f6nen Glasskulptur &#8218;Lovers&#8216; ein einzigartiges Symbol der Liebe in Ihr Zuhause. Dieses 29 cm hohe Kunstwerk ist vollst\u00e4ndig handgefertigt, so dass kein St\u00fcck dem anderen gleicht. Die beiden stilisierten Figuren verschmelzen elegant zu einer Herzform, wobei der feurige, tiefrote Kern einen brillanten Kontrast zum kristallklaren Glas bildet.<\/p>\n<p data-path-to-node=\"3\">Da jede Skulptur <b data-path-to-node=\"3\" data-index-in-node=\"16\">vollst\u00e4ndig von Hand gefertigt<\/b> wird, nehmen Sie immer ein exklusives Objekt mit seinen eigenen charakteristischen Details und subtilen Farbnuancen mit nach Hause. Das Licht spielt jedes Mal anders mit dem Glas und den roten Akzenten und verleiht der Skulptur ein lebendiges Aussehen. Ganz gleich, ob Sie es zu einem besonderen Anlass verschenken oder ihm einen eigenen Platz auf einem Sideboard oder Sockel geben, Sie erhalten garantiert ein authentisches Kunstwerk, das nirgendwo anders genau so zu finden ist.<\/p>\n","protected":false},"excerpt":{"rendered":"<p>Diese handgefertigte Glasskulptur ist 29 cm hoch und zeigt zwei Liebende, die zusammen ein anmutiges rotes Herz bilden. Da jedes St\u00fcck handgefertigt wird, ist es in Form und Farbgebung einzigartig und somit ein exklusives und pers\u00f6nliches Dekorationsst\u00fcck.<\/p>\n","protected":false},"featured_media":205915,"template":"","meta":{"_acf_changed":false,"_genesis_title":"","_genesis_description":""},"product_brand":[6958],"product_cat":[800,821,827],"product_tag":[],"class_list":{"0":"post-205911","1":"product","2":"type-product","3":"status-publish","4":"has-post-thumbnail","6":"product_brand-loranto-de","7":"product_cat-glaskunst","8":"product_cat-glasskulpturen","9":"product_cat-menschen-aus-glas","11":"first","12":"instock","13":"taxable","14":"shipping-taxable","15":"purchasable","16":"product-type-simple"},"acf":[],"meta_all":{"total_sales":"1","cor_restricted_countries":[],"wpseo_global_identifier_values":{"gtin8":"","gtin12":"","gtin13":"","gtin14":"","isbn":"","mpn":""}},"meta_all_flat":{"total_sales":"1","wpseo_global_identifier_values.gtin8":"","wpseo_global_identifier_values.gtin12":"","wpseo_global_identifier_values.gtin13":"","wpseo_global_identifier_values.gtin14":"","wpseo_global_identifier_values.isbn":"","wpseo_global_identifier_values.mpn":""},"yoast_head":"<!-- This site is optimized with the Yoast SEO Premium plugin v26.2 (Yoast SEO v27.2) - https:\/\/yoast.com\/product\/yoast-seo-premium-wordpress\/ -->\n<title>Loranto Glasskulptur Bonding Herz rot 29cm - Eliassen.nl<\/title>\n<meta name=\"description\" content=\"Einzigartige handgefertigte Glasskulptur &#039;Lovers&#039;, 29 cm gro\u00df. Zwei Figuren bilden ein rotes Herz. Jedes St\u00fcck ist ein handgefertigtes Unikat. Sch\u00f6ne Glaskunst von Eliassen.\" \/>\n<meta name=\"robots\" content=\"index, follow, max-snippet:-1, max-image-preview:large, max-video-preview:-1\" \/>\n<link rel=\"canonical\" href=\"https:\/\/www.eliassen.nl\/de\/statue-glas-liebende-verbindung-herz-blau-29cm-kopie\/\" \/>\n<meta property=\"og:locale\" content=\"de_DE\" \/>\n<meta property=\"og:type\" content=\"article\" \/>\n<meta property=\"og:title\" content=\"Loranto Glasskulptur Bonding Herz rot 29cm - Eliassen.nl\" \/>\n<meta property=\"og:description\" content=\"Einzigartige handgefertigte Glasskulptur &#039;Lovers&#039;, 29 cm gro\u00df. Zwei Figuren bilden ein rotes Herz. Jedes St\u00fcck ist ein handgefertigtes Unikat. Sch\u00f6ne Glaskunst von Eliassen.\" \/>\n<meta property=\"og:url\" content=\"https:\/\/www.eliassen.nl\/de\/statue-glas-liebende-verbindung-herz-blau-29cm-kopie\/\" \/>\n<meta property=\"og:site_name\" content=\"Eliassen.nl\" \/>\n<meta property=\"article:publisher\" content=\"https:\/\/www.facebook.com\/TuincentrumEliassenAmmerzoden\" \/>\n<meta property=\"article:modified_time\" content=\"2026-03-07T14:40:33+00:00\" \/>\n<meta property=\"og:image\" content=\"https:\/\/www.eliassen.nl\/wp-content\/uploads\/2026\/02\/Beeld-glas-Lovers-verbondenheid-hart-rood-29cm-eliassen.nl_-scaled.jpg\" \/>\n\t<meta property=\"og:image:width\" content=\"2560\" \/>\n\t<meta property=\"og:image:height\" content=\"1707\" \/>\n\t<meta property=\"og:image:type\" content=\"image\/jpeg\" \/>\n<meta name=\"twitter:card\" content=\"summary_large_image\" \/>\n<script type=\"application\/ld+json\" class=\"yoast-schema-graph\">{\"@context\":\"https:\/\/schema.org\",\"@graph\":[{\"@type\":\"WebPage\",\"@id\":\"https:\/\/www.eliassen.nl\/de\/statue-glas-liebende-verbindung-herz-blau-29cm-kopie\/\",\"url\":\"https:\/\/www.eliassen.nl\/de\/statue-glas-liebende-verbindung-herz-blau-29cm-kopie\/\",\"name\":\"Loranto Glasskulptur Bonding Herz rot 29cm - Eliassen.nl\",\"isPartOf\":{\"@id\":\"https:\/\/www.eliassen.nl\/de\/#website\"},\"primaryImageOfPage\":{\"@id\":\"https:\/\/www.eliassen.nl\/de\/statue-glas-liebende-verbindung-herz-blau-29cm-kopie\/#primaryimage\"},\"image\":{\"@id\":\"https:\/\/www.eliassen.nl\/de\/statue-glas-liebende-verbindung-herz-blau-29cm-kopie\/#primaryimage\"},\"thumbnailUrl\":\"https:\/\/www.eliassen.nl\/wp-content\/uploads\/2026\/02\/Beeld-glas-Lovers-verbondenheid-hart-rood-29cm-eliassen.nl_-scaled.jpg\",\"datePublished\":\"2026-02-05T09:02:42+00:00\",\"dateModified\":\"2026-03-07T14:40:33+00:00\",\"description\":\"Einzigartige handgefertigte Glasskulptur 'Lovers', 29 cm gro\u00df. Zwei Figuren bilden ein rotes Herz. Jedes St\u00fcck ist ein handgefertigtes Unikat. Sch\u00f6ne Glaskunst von Eliassen.\",\"breadcrumb\":{\"@id\":\"https:\/\/www.eliassen.nl\/de\/statue-glas-liebende-verbindung-herz-blau-29cm-kopie\/#breadcrumb\"},\"inLanguage\":\"de\",\"potentialAction\":[{\"@type\":\"ReadAction\",\"target\":[\"https:\/\/www.eliassen.nl\/de\/statue-glas-liebende-verbindung-herz-blau-29cm-kopie\/\"]}]},{\"@type\":\"ImageObject\",\"inLanguage\":\"de\",\"@id\":\"https:\/\/www.eliassen.nl\/de\/statue-glas-liebende-verbindung-herz-blau-29cm-kopie\/#primaryimage\",\"url\":\"https:\/\/www.eliassen.nl\/wp-content\/uploads\/2026\/02\/Beeld-glas-Lovers-verbondenheid-hart-rood-29cm-eliassen.nl_-scaled.jpg\",\"contentUrl\":\"https:\/\/www.eliassen.nl\/wp-content\/uploads\/2026\/02\/Beeld-glas-Lovers-verbondenheid-hart-rood-29cm-eliassen.nl_-scaled.jpg\",\"width\":2560,\"height\":1707,\"caption\":\"Statue Glas Liebende Verbindung Herz rot 29cm eliassen.nl\"},{\"@type\":\"BreadcrumbList\",\"@id\":\"https:\/\/www.eliassen.nl\/de\/statue-glas-liebende-verbindung-herz-blau-29cm-kopie\/#breadcrumb\",\"itemListElement\":[{\"@type\":\"ListItem\",\"position\":1,\"name\":\"Home\",\"item\":\"https:\/\/www.eliassen.nl\/de\/\"},{\"@type\":\"ListItem\",\"position\":2,\"name\":\"Shop\",\"item\":\"https:\/\/www.eliassen.nl\/de\/shop\/\"},{\"@type\":\"ListItem\",\"position\":3,\"name\":\"Glaskunst\",\"item\":\"https:\/\/www.eliassen.nl\/de\/glaskunst\/\"},{\"@type\":\"ListItem\",\"position\":4,\"name\":\"Glasskulptur Bonding Herz rot 29cm\"}]},{\"@type\":\"WebSite\",\"@id\":\"https:\/\/www.eliassen.nl\/de\/#website\",\"url\":\"https:\/\/www.eliassen.nl\/de\/\",\"name\":\"Eliassen Home & Garden Pleasure\",\"description\":\"\",\"publisher\":{\"@id\":\"https:\/\/www.eliassen.nl\/de\/#organization\"},\"alternateName\":\"Eliassen.nl\",\"potentialAction\":[{\"@type\":\"SearchAction\",\"target\":{\"@type\":\"EntryPoint\",\"urlTemplate\":\"https:\/\/www.eliassen.nl\/de\/?s={search_term_string}\"},\"query-input\":{\"@type\":\"PropertyValueSpecification\",\"valueRequired\":true,\"valueName\":\"search_term_string\"}}],\"inLanguage\":\"de\"},{\"@type\":[\"Organization\",\"Place\"],\"@id\":\"https:\/\/www.eliassen.nl\/de\/#organization\",\"name\":\"Eliassen Home & Garden Pleasure\",\"url\":\"https:\/\/www.eliassen.nl\/de\/\",\"logo\":{\"@id\":\"https:\/\/www.eliassen.nl\/de\/statue-glas-liebende-verbindung-herz-blau-29cm-kopie\/#local-main-organization-logo\"},\"image\":{\"@id\":\"https:\/\/www.eliassen.nl\/de\/statue-glas-liebende-verbindung-herz-blau-29cm-kopie\/#local-main-organization-logo\"},\"sameAs\":[\"https:\/\/www.facebook.com\/TuincentrumEliassenAmmerzoden\",\"https:\/\/www.instagram.com\/eliassenhomeandgarden\/\",\"https:\/\/nl.pinterest.com\/eliassenhomeandgarden\/\",\"https:\/\/www.youtube.com\/@eliassenhomegardenpleasure4558\"],\"telephone\":[],\"openingHoursSpecification\":[{\"@type\":\"OpeningHoursSpecification\",\"dayOfWeek\":[\"Monday\",\"Tuesday\",\"Wednesday\",\"Thursday\",\"Friday\",\"Saturday\",\"Sunday\"],\"opens\":\"09:00\",\"closes\":\"17:00\"}]},{\"@type\":\"ImageObject\",\"inLanguage\":\"de\",\"@id\":\"https:\/\/www.eliassen.nl\/de\/statue-glas-liebende-verbindung-herz-blau-29cm-kopie\/#local-main-organization-logo\",\"url\":\"https:\/\/www.eliassen.nl\/wp-content\/uploads\/2024\/01\/logo_4nd.jpg\",\"contentUrl\":\"https:\/\/www.eliassen.nl\/wp-content\/uploads\/2024\/01\/logo_4nd.jpg\",\"width\":500,\"height\":500,\"caption\":\"Eliassen Home & Garden Pleasure\"}]}<\/script>\n<meta property=\"product:price:amount\" content=\"149.50\" \/>\n<meta property=\"product:price:currency\" content=\"EUR\" \/>\n<meta property=\"og:availability\" content=\"instock\" \/>\n<meta property=\"product:availability\" content=\"instock\" \/>\n<meta property=\"product:retailer_item_id\" content=\"138.29.r\" \/>\n<meta property=\"product:condition\" content=\"new\" \/>\n<!-- \/ Yoast SEO Premium plugin. -->","yoast_head_json":{"title":"Loranto Glasskulptur Bonding Herz rot 29cm - Eliassen.nl","description":"Einzigartige handgefertigte Glasskulptur 'Lovers', 29 cm gro\u00df. Zwei Figuren bilden ein rotes Herz. Jedes St\u00fcck ist ein handgefertigtes Unikat. Sch\u00f6ne Glaskunst von Eliassen.","robots":{"index":"index","follow":"follow","max-snippet":"max-snippet:-1","max-image-preview":"max-image-preview:large","max-video-preview":"max-video-preview:-1"},"canonical":"https:\/\/www.eliassen.nl\/de\/statue-glas-liebende-verbindung-herz-blau-29cm-kopie\/","og_locale":"de_DE","og_type":"article","og_title":"Loranto Glasskulptur Bonding Herz rot 29cm - Eliassen.nl","og_description":"Einzigartige handgefertigte Glasskulptur 'Lovers', 29 cm gro\u00df. Zwei Figuren bilden ein rotes Herz. Jedes St\u00fcck ist ein handgefertigtes Unikat. Sch\u00f6ne Glaskunst von Eliassen.","og_url":"https:\/\/www.eliassen.nl\/de\/statue-glas-liebende-verbindung-herz-blau-29cm-kopie\/","og_site_name":"Eliassen.nl","article_publisher":"https:\/\/www.facebook.com\/TuincentrumEliassenAmmerzoden","article_modified_time":"2026-03-07T14:40:33+00:00","og_image":[{"width":2560,"height":1707,"url":"https:\/\/www.eliassen.nl\/wp-content\/uploads\/2026\/02\/Beeld-glas-Lovers-verbondenheid-hart-rood-29cm-eliassen.nl_-scaled.jpg","type":"image\/jpeg"}],"twitter_card":"summary_large_image","schema":{"@context":"https:\/\/schema.org","@graph":[{"@type":"WebPage","@id":"https:\/\/www.eliassen.nl\/de\/statue-glas-liebende-verbindung-herz-blau-29cm-kopie\/","url":"https:\/\/www.eliassen.nl\/de\/statue-glas-liebende-verbindung-herz-blau-29cm-kopie\/","name":"Loranto Glasskulptur Bonding Herz rot 29cm - Eliassen.nl","isPartOf":{"@id":"https:\/\/www.eliassen.nl\/de\/#website"},"primaryImageOfPage":{"@id":"https:\/\/www.eliassen.nl\/de\/statue-glas-liebende-verbindung-herz-blau-29cm-kopie\/#primaryimage"},"image":{"@id":"https:\/\/www.eliassen.nl\/de\/statue-glas-liebende-verbindung-herz-blau-29cm-kopie\/#primaryimage"},"thumbnailUrl":"https:\/\/www.eliassen.nl\/wp-content\/uploads\/2026\/02\/Beeld-glas-Lovers-verbondenheid-hart-rood-29cm-eliassen.nl_-scaled.jpg","datePublished":"2026-02-05T09:02:42+00:00","dateModified":"2026-03-07T14:40:33+00:00","description":"Einzigartige handgefertigte Glasskulptur 'Lovers', 29 cm gro\u00df. Zwei Figuren bilden ein rotes Herz. Jedes St\u00fcck ist ein handgefertigtes Unikat. Sch\u00f6ne Glaskunst von Eliassen.","breadcrumb":{"@id":"https:\/\/www.eliassen.nl\/de\/statue-glas-liebende-verbindung-herz-blau-29cm-kopie\/#breadcrumb"},"inLanguage":"de","potentialAction":[{"@type":"ReadAction","target":["https:\/\/www.eliassen.nl\/de\/statue-glas-liebende-verbindung-herz-blau-29cm-kopie\/"]}]},{"@type":"ImageObject","inLanguage":"de","@id":"https:\/\/www.eliassen.nl\/de\/statue-glas-liebende-verbindung-herz-blau-29cm-kopie\/#primaryimage","url":"https:\/\/www.eliassen.nl\/wp-content\/uploads\/2026\/02\/Beeld-glas-Lovers-verbondenheid-hart-rood-29cm-eliassen.nl_-scaled.jpg","contentUrl":"https:\/\/www.eliassen.nl\/wp-content\/uploads\/2026\/02\/Beeld-glas-Lovers-verbondenheid-hart-rood-29cm-eliassen.nl_-scaled.jpg","width":2560,"height":1707,"caption":"Statue Glas Liebende Verbindung Herz rot 29cm eliassen.nl"},{"@type":"BreadcrumbList","@id":"https:\/\/www.eliassen.nl\/de\/statue-glas-liebende-verbindung-herz-blau-29cm-kopie\/#breadcrumb","itemListElement":[{"@type":"ListItem","position":1,"name":"Home","item":"https:\/\/www.eliassen.nl\/de\/"},{"@type":"ListItem","position":2,"name":"Shop","item":"https:\/\/www.eliassen.nl\/de\/shop\/"},{"@type":"ListItem","position":3,"name":"Glaskunst","item":"https:\/\/www.eliassen.nl\/de\/glaskunst\/"},{"@type":"ListItem","position":4,"name":"Glasskulptur Bonding Herz rot 29cm"}]},{"@type":"WebSite","@id":"https:\/\/www.eliassen.nl\/de\/#website","url":"https:\/\/www.eliassen.nl\/de\/","name":"Eliassen Home & Garden Pleasure","description":"","publisher":{"@id":"https:\/\/www.eliassen.nl\/de\/#organization"},"alternateName":"Eliassen.nl","potentialAction":[{"@type":"SearchAction","target":{"@type":"EntryPoint","urlTemplate":"https:\/\/www.eliassen.nl\/de\/?s={search_term_string}"},"query-input":{"@type":"PropertyValueSpecification","valueRequired":true,"valueName":"search_term_string"}}],"inLanguage":"de"},{"@type":["Organization","Place"],"@id":"https:\/\/www.eliassen.nl\/de\/#organization","name":"Eliassen Home & Garden Pleasure","url":"https:\/\/www.eliassen.nl\/de\/","logo":{"@id":"https:\/\/www.eliassen.nl\/de\/statue-glas-liebende-verbindung-herz-blau-29cm-kopie\/#local-main-organization-logo"},"image":{"@id":"https:\/\/www.eliassen.nl\/de\/statue-glas-liebende-verbindung-herz-blau-29cm-kopie\/#local-main-organization-logo"},"sameAs":["https:\/\/www.facebook.com\/TuincentrumEliassenAmmerzoden","https:\/\/www.instagram.com\/eliassenhomeandgarden\/","https:\/\/nl.pinterest.com\/eliassenhomeandgarden\/","https:\/\/www.youtube.com\/@eliassenhomegardenpleasure4558"],"telephone":[],"openingHoursSpecification":[{"@type":"OpeningHoursSpecification","dayOfWeek":["Monday","Tuesday","Wednesday","Thursday","Friday","Saturday","Sunday"],"opens":"09:00","closes":"17:00"}]},{"@type":"ImageObject","inLanguage":"de","@id":"https:\/\/www.eliassen.nl\/de\/statue-glas-liebende-verbindung-herz-blau-29cm-kopie\/#local-main-organization-logo","url":"https:\/\/www.eliassen.nl\/wp-content\/uploads\/2024\/01\/logo_4nd.jpg","contentUrl":"https:\/\/www.eliassen.nl\/wp-content\/uploads\/2024\/01\/logo_4nd.jpg","width":500,"height":500,"caption":"Eliassen Home & Garden Pleasure"}]},"product_price_amount":"149.50","product_price_currency":"EUR","og_availability":"instock","product_availability":"instock","product_retailer_item_id":"138.29.r","product_condition":"new"},"df_price":149.5,"df_sale_price":"","df_regular_price":149.5,"df_image_link":"https:\/\/www.eliassen.nl\/wp-content\/uploads\/2026\/02\/Beeld-glas-Lovers-verbondenheid-hart-rood-29cm-eliassen.nl_-300x200.jpg","image":"https:\/\/www.eliassen.nl\/wp-content\/uploads\/2026\/02\/Beeld-glas-Lovers-verbondenheid-hart-rood-29cm-eliassen.nl_-150x150.jpg","price_search":"<span class=\"woocommerce-Price-amount amount\"><bdi><span class=\"woocommerce-Price-currencySymbol\">&euro;<\/span>&nbsp;149,50<\/bdi><\/span>","category":"Glaskunst","global_unique_id":"6096519337328","_links":{"self":[{"href":"https:\/\/www.eliassen.nl\/de\/wp-json\/wp\/v2\/product\/205911","targetHints":{"allow":["GET"]}}],"collection":[{"href":"https:\/\/www.eliassen.nl\/de\/wp-json\/wp\/v2\/product"}],"about":[{"href":"https:\/\/www.eliassen.nl\/de\/wp-json\/wp\/v2\/types\/product"}],"wp:featuredmedia":[{"embeddable":true,"href":"https:\/\/www.eliassen.nl\/de\/wp-json\/wp\/v2\/media\/205915"}],"wp:attachment":[{"href":"https:\/\/www.eliassen.nl\/de\/wp-json\/wp\/v2\/media?parent=205911"}],"wp:term":[{"taxonomy":"product_brand","embeddable":true,"href":"https:\/\/www.eliassen.nl\/de\/wp-json\/wp\/v2\/product_brand?post=205911"},{"taxonomy":"product_cat","embeddable":true,"href":"https:\/\/www.eliassen.nl\/de\/wp-json\/wp\/v2\/product_cat?post=205911"},{"taxonomy":"product_tag","embeddable":true,"href":"https:\/\/www.eliassen.nl\/de\/wp-json\/wp\/v2\/product_tag?post=205911"}],"curies":[{"name":"wp","href":"https:\/\/api.w.org\/{rel}","templated":true}]}}