{"id":205903,"date":"2026-02-04T16:56:06","date_gmt":"2026-02-04T15:56:06","guid":{"rendered":"https:\/\/www.eliassen.nl\/?post_type=product&#038;p=205903"},"modified":"2026-03-07T15:40:16","modified_gmt":"2026-03-07T14:40:16","slug":"statue-glas-lovers-verbindung-herz-gold-braun-kopie","status":"publish","type":"product","link":"https:\/\/www.eliassen.nl\/de\/statue-glas-lovers-verbindung-herz-gold-braun-kopie\/","title":{"rendered":"Glasskulptur Bonding Herz blau 29cm"},"content":{"rendered":"<p data-path-to-node=\"2\">Diese wundersch\u00f6ne Glasskulptur mit dem Namen &#8218;Lovers&#8216; ist eine atemberaubende k\u00fcnstlerische Darstellung von Verbindung und Liebe. Die Skulptur zeigt zwei stilisierte Figuren, die auf elegante Weise zu einer Herzform verschmelzen und so die unzerbrechliche Verbindung zwischen zwei Menschen symbolisieren. Die Skulptur ist aus hochwertigem, klarem Glas gefertigt, das auf subtile Weise tiefe, ozeanblaue T\u00f6ne enth\u00e4lt. Da jede Skulptur handgefertigt ist, gleicht keine der anderen. Kleine Unterschiede in der Form und im Verlauf der Blaut\u00f6ne machen jedes St\u00fcck zu einem Unikat, so dass Sie immer etwas Originelles in den H\u00e4nden halten werden.<\/p>\n<p data-path-to-node=\"3\">Dieses Kunstwerk macht sich perfekt an einem hellen Ort in Ihrem Wohnzimmer, auf einem Sideboard oder auf der Fensterbank, wo das Tageslicht die blauen Akzente zum Strahlen bringt. Er ist nicht nur eine stilvolle und moderne Erg\u00e4nzung f\u00fcr Ihre eigene Einrichtung, sondern auch ein \u00e4u\u00dferst passendes Geschenk. Denken Sie an eine Hochzeit, einen Jahrestag oder als romantische Geste, um Ihren Partner zu \u00fcberraschen. Mit diesem handgefertigten Glasobjekt holen Sie sich ein exklusives und zeitloses Symbol der Liebe in Ihr Zuhause.<\/p>\n","protected":false},"excerpt":{"rendered":"<p data-path-to-node=\"5\">Diese elegante Glasskulptur &#8218;Lovers&#8216; mit blauen Akzenten zeigt zwei Figuren, die zu einem Herz verschmelzen und die ewige Liebe symbolisieren. Da sie mundgeblasen sind, unterscheidet sich jedes Exemplar leicht in Form und Farbe, so dass Sie immer ein einzigartiges Kunstwerk besitzen. Die Kombination aus klarem Glas mit leuchtend blauen Details macht sie zu einem wundersch\u00f6nen Blickfang und einem perfekten Geschenk f\u00fcr eine Hochzeit oder einen Jahrestag.<\/p>\n","protected":false},"featured_media":205907,"template":"","meta":{"_acf_changed":false,"_genesis_title":"","_genesis_description":""},"product_brand":[6958],"product_cat":[800,821,827],"product_tag":[],"class_list":{"0":"post-205903","1":"product","2":"type-product","3":"status-publish","4":"has-post-thumbnail","6":"product_brand-loranto-de","7":"product_cat-glaskunst","8":"product_cat-glasskulpturen","9":"product_cat-menschen-aus-glas","11":"first","12":"instock","13":"taxable","14":"shipping-taxable","15":"purchasable","16":"product-type-simple"},"acf":[],"meta_all":{"total_sales":"0","cor_restricted_countries":[],"wpseo_global_identifier_values":{"gtin8":"","gtin12":"","gtin13":"","gtin14":"","isbn":"","mpn":""}},"meta_all_flat":{"total_sales":"0","wpseo_global_identifier_values.gtin8":"","wpseo_global_identifier_values.gtin12":"","wpseo_global_identifier_values.gtin13":"","wpseo_global_identifier_values.gtin14":"","wpseo_global_identifier_values.isbn":"","wpseo_global_identifier_values.mpn":""},"yoast_head":"<!-- This site is optimized with the Yoast SEO Premium plugin v26.2 (Yoast SEO v27.2) - https:\/\/yoast.com\/product\/yoast-seo-premium-wordpress\/ -->\n<title>Loranto Glasskulptur Bonding Herz blau 29cm - Eliassen.nl<\/title>\n<meta name=\"description\" content=\"Einzigartige handgefertigte Glasskulptur &#039;Lovers&#039; in Blau. Zwei Figuren in Herzform, die die Liebe symbolisieren. Jede ist etwas anders. Bestellen Sie sofort online!\" \/>\n<meta name=\"robots\" content=\"index, follow, max-snippet:-1, max-image-preview:large, max-video-preview:-1\" \/>\n<link rel=\"canonical\" href=\"https:\/\/www.eliassen.nl\/de\/statue-glas-lovers-verbindung-herz-gold-braun-kopie\/\" \/>\n<meta property=\"og:locale\" content=\"de_DE\" \/>\n<meta property=\"og:type\" content=\"article\" \/>\n<meta property=\"og:title\" content=\"Loranto Glasskulptur Bonding Herz blau 29cm - Eliassen.nl\" \/>\n<meta property=\"og:description\" content=\"Einzigartige handgefertigte Glasskulptur &#039;Lovers&#039; in Blau. Zwei Figuren in Herzform, die die Liebe symbolisieren. Jede ist etwas anders. Bestellen Sie sofort online!\" \/>\n<meta property=\"og:url\" content=\"https:\/\/www.eliassen.nl\/de\/statue-glas-lovers-verbindung-herz-gold-braun-kopie\/\" \/>\n<meta property=\"og:site_name\" content=\"Eliassen.nl\" \/>\n<meta property=\"article:publisher\" content=\"https:\/\/www.facebook.com\/TuincentrumEliassenAmmerzoden\" \/>\n<meta property=\"article:modified_time\" content=\"2026-03-07T14:40:16+00:00\" \/>\n<meta property=\"og:image\" content=\"https:\/\/www.eliassen.nl\/wp-content\/uploads\/2026\/02\/Beeld-glas-Lovers-verbondenheid-hart-blauw-eliassen.nl_-scaled.jpg\" \/>\n\t<meta property=\"og:image:width\" content=\"2560\" \/>\n\t<meta property=\"og:image:height\" content=\"1707\" \/>\n\t<meta property=\"og:image:type\" content=\"image\/jpeg\" \/>\n<meta name=\"twitter:card\" content=\"summary_large_image\" \/>\n<script type=\"application\/ld+json\" class=\"yoast-schema-graph\">{\"@context\":\"https:\/\/schema.org\",\"@graph\":[{\"@type\":\"WebPage\",\"@id\":\"https:\/\/www.eliassen.nl\/de\/statue-glas-lovers-verbindung-herz-gold-braun-kopie\/\",\"url\":\"https:\/\/www.eliassen.nl\/de\/statue-glas-lovers-verbindung-herz-gold-braun-kopie\/\",\"name\":\"Loranto Glasskulptur Bonding Herz blau 29cm - Eliassen.nl\",\"isPartOf\":{\"@id\":\"https:\/\/www.eliassen.nl\/de\/#website\"},\"primaryImageOfPage\":{\"@id\":\"https:\/\/www.eliassen.nl\/de\/statue-glas-lovers-verbindung-herz-gold-braun-kopie\/#primaryimage\"},\"image\":{\"@id\":\"https:\/\/www.eliassen.nl\/de\/statue-glas-lovers-verbindung-herz-gold-braun-kopie\/#primaryimage\"},\"thumbnailUrl\":\"https:\/\/www.eliassen.nl\/wp-content\/uploads\/2026\/02\/Beeld-glas-Lovers-verbondenheid-hart-blauw-eliassen.nl_-scaled.jpg\",\"datePublished\":\"2026-02-04T15:56:06+00:00\",\"dateModified\":\"2026-03-07T14:40:16+00:00\",\"description\":\"Einzigartige handgefertigte Glasskulptur 'Lovers' in Blau. Zwei Figuren in Herzform, die die Liebe symbolisieren. Jede ist etwas anders. Bestellen Sie sofort online!\",\"breadcrumb\":{\"@id\":\"https:\/\/www.eliassen.nl\/de\/statue-glas-lovers-verbindung-herz-gold-braun-kopie\/#breadcrumb\"},\"inLanguage\":\"de\",\"potentialAction\":[{\"@type\":\"ReadAction\",\"target\":[\"https:\/\/www.eliassen.nl\/de\/statue-glas-lovers-verbindung-herz-gold-braun-kopie\/\"]}]},{\"@type\":\"ImageObject\",\"inLanguage\":\"de\",\"@id\":\"https:\/\/www.eliassen.nl\/de\/statue-glas-lovers-verbindung-herz-gold-braun-kopie\/#primaryimage\",\"url\":\"https:\/\/www.eliassen.nl\/wp-content\/uploads\/2026\/02\/Beeld-glas-Lovers-verbondenheid-hart-blauw-eliassen.nl_-scaled.jpg\",\"contentUrl\":\"https:\/\/www.eliassen.nl\/wp-content\/uploads\/2026\/02\/Beeld-glas-Lovers-verbondenheid-hart-blauw-eliassen.nl_-scaled.jpg\",\"width\":2560,\"height\":1707,\"caption\":\"Statue Glas Liebende Verbindung Herz blau eliassen.de\"},{\"@type\":\"BreadcrumbList\",\"@id\":\"https:\/\/www.eliassen.nl\/de\/statue-glas-lovers-verbindung-herz-gold-braun-kopie\/#breadcrumb\",\"itemListElement\":[{\"@type\":\"ListItem\",\"position\":1,\"name\":\"Home\",\"item\":\"https:\/\/www.eliassen.nl\/de\/\"},{\"@type\":\"ListItem\",\"position\":2,\"name\":\"Shop\",\"item\":\"https:\/\/www.eliassen.nl\/de\/shop\/\"},{\"@type\":\"ListItem\",\"position\":3,\"name\":\"Glaskunst\",\"item\":\"https:\/\/www.eliassen.nl\/de\/glaskunst\/\"},{\"@type\":\"ListItem\",\"position\":4,\"name\":\"Glasskulptur Bonding Herz blau 29cm\"}]},{\"@type\":\"WebSite\",\"@id\":\"https:\/\/www.eliassen.nl\/de\/#website\",\"url\":\"https:\/\/www.eliassen.nl\/de\/\",\"name\":\"Eliassen Home & Garden Pleasure\",\"description\":\"\",\"publisher\":{\"@id\":\"https:\/\/www.eliassen.nl\/de\/#organization\"},\"alternateName\":\"Eliassen.nl\",\"potentialAction\":[{\"@type\":\"SearchAction\",\"target\":{\"@type\":\"EntryPoint\",\"urlTemplate\":\"https:\/\/www.eliassen.nl\/de\/?s={search_term_string}\"},\"query-input\":{\"@type\":\"PropertyValueSpecification\",\"valueRequired\":true,\"valueName\":\"search_term_string\"}}],\"inLanguage\":\"de\"},{\"@type\":[\"Organization\",\"Place\"],\"@id\":\"https:\/\/www.eliassen.nl\/de\/#organization\",\"name\":\"Eliassen Home & Garden Pleasure\",\"url\":\"https:\/\/www.eliassen.nl\/de\/\",\"logo\":{\"@id\":\"https:\/\/www.eliassen.nl\/de\/statue-glas-lovers-verbindung-herz-gold-braun-kopie\/#local-main-organization-logo\"},\"image\":{\"@id\":\"https:\/\/www.eliassen.nl\/de\/statue-glas-lovers-verbindung-herz-gold-braun-kopie\/#local-main-organization-logo\"},\"sameAs\":[\"https:\/\/www.facebook.com\/TuincentrumEliassenAmmerzoden\",\"https:\/\/www.instagram.com\/eliassenhomeandgarden\/\",\"https:\/\/nl.pinterest.com\/eliassenhomeandgarden\/\",\"https:\/\/www.youtube.com\/@eliassenhomegardenpleasure4558\"],\"telephone\":[],\"openingHoursSpecification\":[{\"@type\":\"OpeningHoursSpecification\",\"dayOfWeek\":[\"Monday\",\"Tuesday\",\"Wednesday\",\"Thursday\",\"Friday\",\"Saturday\",\"Sunday\"],\"opens\":\"09:00\",\"closes\":\"17:00\"}]},{\"@type\":\"ImageObject\",\"inLanguage\":\"de\",\"@id\":\"https:\/\/www.eliassen.nl\/de\/statue-glas-lovers-verbindung-herz-gold-braun-kopie\/#local-main-organization-logo\",\"url\":\"https:\/\/www.eliassen.nl\/wp-content\/uploads\/2024\/01\/logo_4nd.jpg\",\"contentUrl\":\"https:\/\/www.eliassen.nl\/wp-content\/uploads\/2024\/01\/logo_4nd.jpg\",\"width\":500,\"height\":500,\"caption\":\"Eliassen Home & Garden Pleasure\"}]}<\/script>\n<meta property=\"product:price:amount\" content=\"149.50\" \/>\n<meta property=\"product:price:currency\" content=\"EUR\" \/>\n<meta property=\"og:availability\" content=\"instock\" \/>\n<meta property=\"product:availability\" content=\"instock\" \/>\n<meta property=\"product:retailer_item_id\" content=\"138.29.bl\" \/>\n<meta property=\"product:condition\" content=\"new\" \/>\n<!-- \/ Yoast SEO Premium plugin. -->","yoast_head_json":{"title":"Loranto Glasskulptur Bonding Herz blau 29cm - Eliassen.nl","description":"Einzigartige handgefertigte Glasskulptur 'Lovers' in Blau. Zwei Figuren in Herzform, die die Liebe symbolisieren. Jede ist etwas anders. Bestellen Sie sofort online!","robots":{"index":"index","follow":"follow","max-snippet":"max-snippet:-1","max-image-preview":"max-image-preview:large","max-video-preview":"max-video-preview:-1"},"canonical":"https:\/\/www.eliassen.nl\/de\/statue-glas-lovers-verbindung-herz-gold-braun-kopie\/","og_locale":"de_DE","og_type":"article","og_title":"Loranto Glasskulptur Bonding Herz blau 29cm - Eliassen.nl","og_description":"Einzigartige handgefertigte Glasskulptur 'Lovers' in Blau. Zwei Figuren in Herzform, die die Liebe symbolisieren. Jede ist etwas anders. Bestellen Sie sofort online!","og_url":"https:\/\/www.eliassen.nl\/de\/statue-glas-lovers-verbindung-herz-gold-braun-kopie\/","og_site_name":"Eliassen.nl","article_publisher":"https:\/\/www.facebook.com\/TuincentrumEliassenAmmerzoden","article_modified_time":"2026-03-07T14:40:16+00:00","og_image":[{"width":2560,"height":1707,"url":"https:\/\/www.eliassen.nl\/wp-content\/uploads\/2026\/02\/Beeld-glas-Lovers-verbondenheid-hart-blauw-eliassen.nl_-scaled.jpg","type":"image\/jpeg"}],"twitter_card":"summary_large_image","schema":{"@context":"https:\/\/schema.org","@graph":[{"@type":"WebPage","@id":"https:\/\/www.eliassen.nl\/de\/statue-glas-lovers-verbindung-herz-gold-braun-kopie\/","url":"https:\/\/www.eliassen.nl\/de\/statue-glas-lovers-verbindung-herz-gold-braun-kopie\/","name":"Loranto Glasskulptur Bonding Herz blau 29cm - Eliassen.nl","isPartOf":{"@id":"https:\/\/www.eliassen.nl\/de\/#website"},"primaryImageOfPage":{"@id":"https:\/\/www.eliassen.nl\/de\/statue-glas-lovers-verbindung-herz-gold-braun-kopie\/#primaryimage"},"image":{"@id":"https:\/\/www.eliassen.nl\/de\/statue-glas-lovers-verbindung-herz-gold-braun-kopie\/#primaryimage"},"thumbnailUrl":"https:\/\/www.eliassen.nl\/wp-content\/uploads\/2026\/02\/Beeld-glas-Lovers-verbondenheid-hart-blauw-eliassen.nl_-scaled.jpg","datePublished":"2026-02-04T15:56:06+00:00","dateModified":"2026-03-07T14:40:16+00:00","description":"Einzigartige handgefertigte Glasskulptur 'Lovers' in Blau. Zwei Figuren in Herzform, die die Liebe symbolisieren. Jede ist etwas anders. Bestellen Sie sofort online!","breadcrumb":{"@id":"https:\/\/www.eliassen.nl\/de\/statue-glas-lovers-verbindung-herz-gold-braun-kopie\/#breadcrumb"},"inLanguage":"de","potentialAction":[{"@type":"ReadAction","target":["https:\/\/www.eliassen.nl\/de\/statue-glas-lovers-verbindung-herz-gold-braun-kopie\/"]}]},{"@type":"ImageObject","inLanguage":"de","@id":"https:\/\/www.eliassen.nl\/de\/statue-glas-lovers-verbindung-herz-gold-braun-kopie\/#primaryimage","url":"https:\/\/www.eliassen.nl\/wp-content\/uploads\/2026\/02\/Beeld-glas-Lovers-verbondenheid-hart-blauw-eliassen.nl_-scaled.jpg","contentUrl":"https:\/\/www.eliassen.nl\/wp-content\/uploads\/2026\/02\/Beeld-glas-Lovers-verbondenheid-hart-blauw-eliassen.nl_-scaled.jpg","width":2560,"height":1707,"caption":"Statue Glas Liebende Verbindung Herz blau eliassen.de"},{"@type":"BreadcrumbList","@id":"https:\/\/www.eliassen.nl\/de\/statue-glas-lovers-verbindung-herz-gold-braun-kopie\/#breadcrumb","itemListElement":[{"@type":"ListItem","position":1,"name":"Home","item":"https:\/\/www.eliassen.nl\/de\/"},{"@type":"ListItem","position":2,"name":"Shop","item":"https:\/\/www.eliassen.nl\/de\/shop\/"},{"@type":"ListItem","position":3,"name":"Glaskunst","item":"https:\/\/www.eliassen.nl\/de\/glaskunst\/"},{"@type":"ListItem","position":4,"name":"Glasskulptur Bonding Herz blau 29cm"}]},{"@type":"WebSite","@id":"https:\/\/www.eliassen.nl\/de\/#website","url":"https:\/\/www.eliassen.nl\/de\/","name":"Eliassen Home & Garden Pleasure","description":"","publisher":{"@id":"https:\/\/www.eliassen.nl\/de\/#organization"},"alternateName":"Eliassen.nl","potentialAction":[{"@type":"SearchAction","target":{"@type":"EntryPoint","urlTemplate":"https:\/\/www.eliassen.nl\/de\/?s={search_term_string}"},"query-input":{"@type":"PropertyValueSpecification","valueRequired":true,"valueName":"search_term_string"}}],"inLanguage":"de"},{"@type":["Organization","Place"],"@id":"https:\/\/www.eliassen.nl\/de\/#organization","name":"Eliassen Home & Garden Pleasure","url":"https:\/\/www.eliassen.nl\/de\/","logo":{"@id":"https:\/\/www.eliassen.nl\/de\/statue-glas-lovers-verbindung-herz-gold-braun-kopie\/#local-main-organization-logo"},"image":{"@id":"https:\/\/www.eliassen.nl\/de\/statue-glas-lovers-verbindung-herz-gold-braun-kopie\/#local-main-organization-logo"},"sameAs":["https:\/\/www.facebook.com\/TuincentrumEliassenAmmerzoden","https:\/\/www.instagram.com\/eliassenhomeandgarden\/","https:\/\/nl.pinterest.com\/eliassenhomeandgarden\/","https:\/\/www.youtube.com\/@eliassenhomegardenpleasure4558"],"telephone":[],"openingHoursSpecification":[{"@type":"OpeningHoursSpecification","dayOfWeek":["Monday","Tuesday","Wednesday","Thursday","Friday","Saturday","Sunday"],"opens":"09:00","closes":"17:00"}]},{"@type":"ImageObject","inLanguage":"de","@id":"https:\/\/www.eliassen.nl\/de\/statue-glas-lovers-verbindung-herz-gold-braun-kopie\/#local-main-organization-logo","url":"https:\/\/www.eliassen.nl\/wp-content\/uploads\/2024\/01\/logo_4nd.jpg","contentUrl":"https:\/\/www.eliassen.nl\/wp-content\/uploads\/2024\/01\/logo_4nd.jpg","width":500,"height":500,"caption":"Eliassen Home & Garden Pleasure"}]},"product_price_amount":"149.50","product_price_currency":"EUR","og_availability":"instock","product_availability":"instock","product_retailer_item_id":"138.29.bl","product_condition":"new"},"df_price":149.5,"df_sale_price":"","df_regular_price":149.5,"df_image_link":"https:\/\/www.eliassen.nl\/wp-content\/uploads\/2026\/02\/Beeld-glas-Lovers-verbondenheid-hart-blauw-eliassen.nl_-300x200.jpg","image":"https:\/\/www.eliassen.nl\/wp-content\/uploads\/2026\/02\/Beeld-glas-Lovers-verbondenheid-hart-blauw-eliassen.nl_-150x150.jpg","price_search":"<span class=\"woocommerce-Price-amount amount\"><bdi><span class=\"woocommerce-Price-currencySymbol\">&euro;<\/span>&nbsp;149,50<\/bdi><\/span>","category":"Glaskunst","global_unique_id":"6096520371304","_links":{"self":[{"href":"https:\/\/www.eliassen.nl\/de\/wp-json\/wp\/v2\/product\/205903","targetHints":{"allow":["GET"]}}],"collection":[{"href":"https:\/\/www.eliassen.nl\/de\/wp-json\/wp\/v2\/product"}],"about":[{"href":"https:\/\/www.eliassen.nl\/de\/wp-json\/wp\/v2\/types\/product"}],"wp:featuredmedia":[{"embeddable":true,"href":"https:\/\/www.eliassen.nl\/de\/wp-json\/wp\/v2\/media\/205907"}],"wp:attachment":[{"href":"https:\/\/www.eliassen.nl\/de\/wp-json\/wp\/v2\/media?parent=205903"}],"wp:term":[{"taxonomy":"product_brand","embeddable":true,"href":"https:\/\/www.eliassen.nl\/de\/wp-json\/wp\/v2\/product_brand?post=205903"},{"taxonomy":"product_cat","embeddable":true,"href":"https:\/\/www.eliassen.nl\/de\/wp-json\/wp\/v2\/product_cat?post=205903"},{"taxonomy":"product_tag","embeddable":true,"href":"https:\/\/www.eliassen.nl\/de\/wp-json\/wp\/v2\/product_tag?post=205903"}],"curies":[{"name":"wp","href":"https:\/\/api.w.org\/{rel}","templated":true}]}}