{"id":205900,"date":"2026-02-04T16:53:01","date_gmt":"2026-02-04T15:53:01","guid":{"rendered":"https:\/\/www.eliassen.nl\/product\/statue-glas-lovers-verbindung-herz-gold-braun\/"},"modified":"2026-03-07T15:39:32","modified_gmt":"2026-03-07T14:39:32","slug":"statue-glas-lovers-verbindung-herz-gold-braun","status":"publish","type":"product","link":"https:\/\/www.eliassen.nl\/de\/statue-glas-lovers-verbindung-herz-gold-braun\/","title":{"rendered":"Glasskulptur Bonding Herz gold\/braun 29cm"},"content":{"rendered":"<p data-path-to-node=\"2\">Diese wundersch\u00f6ne Glasskulptur mit dem Titel &#8218;Lovers&#8216; ist eine atemberaubende Darstellung von Liebe und tiefer Verbundenheit. Die beiden abstrakten Figuren w\u00f6lben sich aufeinander zu und flie\u00dfen in einer eleganten Herzform zusammen, was dieses Objekt zu einem perfekten Geschenk f\u00fcr eine Hochzeit, eine Verlobung oder einen Jahrestag macht. Die klaren Glask\u00f6pfe bieten einen frischen Kontrast zu den K\u00f6rpern, die mit warmen Gold- und Braunt\u00f6nen angereichert sind.<\/p>\n<p data-path-to-node=\"3\">Es ist wichtig zu wissen, dass dieses Glasobjekt von Hand gefertigt wird. Das macht jede Skulptur zu einem Unikat. Farben und Muster k\u00f6nnen leicht vom Foto abweichen, was Ihrer Skulptur einen ganz eigenen Charakter verleiht. Da Glas ein vielseitiges Material ist, spielt das Licht wunderbar mit diesen einzigartigen Farbnuancen. Sie sind herzlich eingeladen, sich dieses Modell und unsere gro\u00dfe Glaskunstsammlung &#8211; bei der kein St\u00fcck dem anderen gleicht &#8211; in unserem Ausstellungsraum in Ammerzoden in natura anzusehen oder es ganz einfach \u00fcber unseren Webshop zu bestellen.<\/p>\n","protected":false},"excerpt":{"rendered":"<p>Diese k\u00fcnstlerische Glasskulptur symbolisiert die ultimative Verbindung, bei der zwei Figuren zu einer liebevollen Herzform verschmelzen. Da es handgefertigt ist, sind die warmen Gold- und Braunt\u00f6ne bei jedem St\u00fcck etwas anders und machen es zu einem einzigartigen Kunstwerk f\u00fcr Ihr Zuhause. Ein wundersch\u00f6nes Geschenk, das Handwerk und Emotionen perfekt verbindet.<\/p>\n","protected":false},"featured_media":205899,"template":"","meta":{"_acf_changed":false,"_genesis_title":"","_genesis_description":""},"product_brand":[6958],"product_cat":[800,821,827],"product_tag":[],"class_list":{"0":"post-205900","1":"product","2":"type-product","3":"status-publish","4":"has-post-thumbnail","6":"product_brand-loranto-de","7":"product_cat-glaskunst","8":"product_cat-glasskulpturen","9":"product_cat-menschen-aus-glas","11":"first","12":"instock","13":"taxable","14":"shipping-taxable","15":"purchasable","16":"product-type-simple"},"acf":[],"meta_all":{"cor_restricted_countries":[],"total_sales":"0"},"meta_all_flat":{"total_sales":"0"},"yoast_head":"<!-- This site is optimized with the Yoast SEO Premium plugin v26.2 (Yoast SEO v27.2) - https:\/\/yoast.com\/product\/yoast-seo-premium-wordpress\/ -->\n<title>Loranto Glasskulptur Bonding Herz gold\/braun 29cm - Eliassen.nl<\/title>\n<meta name=\"description\" content=\"Handgefertigte Glasskulptur &#039;Lovers&#039; in Herzform mit einzigartigen Gold\/Braun-T\u00f6nen. Jede ist etwas anders! Bestellen Sie direkt online oder besuchen Sie Eliassen.\" \/>\n<meta name=\"robots\" content=\"index, follow, max-snippet:-1, max-image-preview:large, max-video-preview:-1\" \/>\n<link rel=\"canonical\" href=\"https:\/\/www.eliassen.nl\/de\/statue-glas-lovers-verbindung-herz-gold-braun\/\" \/>\n<meta property=\"og:locale\" content=\"de_DE\" \/>\n<meta property=\"og:type\" content=\"article\" \/>\n<meta property=\"og:title\" content=\"Loranto Glasskulptur Bonding Herz gold\/braun 29cm - Eliassen.nl\" \/>\n<meta property=\"og:description\" content=\"Handgefertigte Glasskulptur &#039;Lovers&#039; in Herzform mit einzigartigen Gold\/Braun-T\u00f6nen. Jede ist etwas anders! Bestellen Sie direkt online oder besuchen Sie Eliassen.\" \/>\n<meta property=\"og:url\" content=\"https:\/\/www.eliassen.nl\/de\/statue-glas-lovers-verbindung-herz-gold-braun\/\" \/>\n<meta property=\"og:site_name\" content=\"Eliassen.nl\" \/>\n<meta property=\"article:publisher\" content=\"https:\/\/www.facebook.com\/TuincentrumEliassenAmmerzoden\" \/>\n<meta property=\"article:modified_time\" content=\"2026-03-07T14:39:32+00:00\" \/>\n<meta property=\"og:image\" content=\"https:\/\/www.eliassen.nl\/wp-content\/uploads\/2026\/02\/Beeld-glas-Lovers-verbondenheid-hart-goudbruin-eliassen.nl_-scaled.jpg\" \/>\n\t<meta property=\"og:image:width\" content=\"2560\" \/>\n\t<meta property=\"og:image:height\" content=\"1707\" \/>\n\t<meta property=\"og:image:type\" content=\"image\/jpeg\" \/>\n<meta name=\"twitter:card\" content=\"summary_large_image\" \/>\n<script type=\"application\/ld+json\" class=\"yoast-schema-graph\">{\"@context\":\"https:\/\/schema.org\",\"@graph\":[{\"@type\":\"WebPage\",\"@id\":\"https:\/\/www.eliassen.nl\/de\/statue-glas-lovers-verbindung-herz-gold-braun\/\",\"url\":\"https:\/\/www.eliassen.nl\/de\/statue-glas-lovers-verbindung-herz-gold-braun\/\",\"name\":\"Loranto Glasskulptur Bonding Herz gold\/braun 29cm - Eliassen.nl\",\"isPartOf\":{\"@id\":\"https:\/\/www.eliassen.nl\/de\/#website\"},\"primaryImageOfPage\":{\"@id\":\"https:\/\/www.eliassen.nl\/de\/statue-glas-lovers-verbindung-herz-gold-braun\/#primaryimage\"},\"image\":{\"@id\":\"https:\/\/www.eliassen.nl\/de\/statue-glas-lovers-verbindung-herz-gold-braun\/#primaryimage\"},\"thumbnailUrl\":\"https:\/\/www.eliassen.nl\/wp-content\/uploads\/2026\/02\/Beeld-glas-Lovers-verbondenheid-hart-goudbruin-eliassen.nl_-scaled.jpg\",\"datePublished\":\"2026-02-04T15:53:01+00:00\",\"dateModified\":\"2026-03-07T14:39:32+00:00\",\"description\":\"Handgefertigte Glasskulptur 'Lovers' in Herzform mit einzigartigen Gold\/Braun-T\u00f6nen. Jede ist etwas anders! Bestellen Sie direkt online oder besuchen Sie Eliassen.\",\"breadcrumb\":{\"@id\":\"https:\/\/www.eliassen.nl\/de\/statue-glas-lovers-verbindung-herz-gold-braun\/#breadcrumb\"},\"inLanguage\":\"de\",\"potentialAction\":[{\"@type\":\"ReadAction\",\"target\":[\"https:\/\/www.eliassen.nl\/de\/statue-glas-lovers-verbindung-herz-gold-braun\/\"]}]},{\"@type\":\"ImageObject\",\"inLanguage\":\"de\",\"@id\":\"https:\/\/www.eliassen.nl\/de\/statue-glas-lovers-verbindung-herz-gold-braun\/#primaryimage\",\"url\":\"https:\/\/www.eliassen.nl\/wp-content\/uploads\/2026\/02\/Beeld-glas-Lovers-verbondenheid-hart-goudbruin-eliassen.nl_-scaled.jpg\",\"contentUrl\":\"https:\/\/www.eliassen.nl\/wp-content\/uploads\/2026\/02\/Beeld-glas-Lovers-verbondenheid-hart-goudbruin-eliassen.nl_-scaled.jpg\",\"width\":2560,\"height\":1707,\"caption\":\"Statue Glas Lovers Verbindung Herz gold\/braun eliassen.nl\"},{\"@type\":\"BreadcrumbList\",\"@id\":\"https:\/\/www.eliassen.nl\/de\/statue-glas-lovers-verbindung-herz-gold-braun\/#breadcrumb\",\"itemListElement\":[{\"@type\":\"ListItem\",\"position\":1,\"name\":\"Home\",\"item\":\"https:\/\/www.eliassen.nl\/de\/\"},{\"@type\":\"ListItem\",\"position\":2,\"name\":\"Shop\",\"item\":\"https:\/\/www.eliassen.nl\/de\/shop\/\"},{\"@type\":\"ListItem\",\"position\":3,\"name\":\"Glaskunst\",\"item\":\"https:\/\/www.eliassen.nl\/de\/glaskunst\/\"},{\"@type\":\"ListItem\",\"position\":4,\"name\":\"Glasskulptur Bonding Herz gold\/braun 29cm\"}]},{\"@type\":\"WebSite\",\"@id\":\"https:\/\/www.eliassen.nl\/de\/#website\",\"url\":\"https:\/\/www.eliassen.nl\/de\/\",\"name\":\"Eliassen Home & Garden Pleasure\",\"description\":\"\",\"publisher\":{\"@id\":\"https:\/\/www.eliassen.nl\/de\/#organization\"},\"alternateName\":\"Eliassen.nl\",\"potentialAction\":[{\"@type\":\"SearchAction\",\"target\":{\"@type\":\"EntryPoint\",\"urlTemplate\":\"https:\/\/www.eliassen.nl\/de\/?s={search_term_string}\"},\"query-input\":{\"@type\":\"PropertyValueSpecification\",\"valueRequired\":true,\"valueName\":\"search_term_string\"}}],\"inLanguage\":\"de\"},{\"@type\":[\"Organization\",\"Place\"],\"@id\":\"https:\/\/www.eliassen.nl\/de\/#organization\",\"name\":\"Eliassen Home & Garden Pleasure\",\"url\":\"https:\/\/www.eliassen.nl\/de\/\",\"logo\":{\"@id\":\"https:\/\/www.eliassen.nl\/de\/statue-glas-lovers-verbindung-herz-gold-braun\/#local-main-organization-logo\"},\"image\":{\"@id\":\"https:\/\/www.eliassen.nl\/de\/statue-glas-lovers-verbindung-herz-gold-braun\/#local-main-organization-logo\"},\"sameAs\":[\"https:\/\/www.facebook.com\/TuincentrumEliassenAmmerzoden\",\"https:\/\/www.instagram.com\/eliassenhomeandgarden\/\",\"https:\/\/nl.pinterest.com\/eliassenhomeandgarden\/\",\"https:\/\/www.youtube.com\/@eliassenhomegardenpleasure4558\"],\"telephone\":[],\"openingHoursSpecification\":[{\"@type\":\"OpeningHoursSpecification\",\"dayOfWeek\":[\"Monday\",\"Tuesday\",\"Wednesday\",\"Thursday\",\"Friday\",\"Saturday\",\"Sunday\"],\"opens\":\"09:00\",\"closes\":\"17:00\"}]},{\"@type\":\"ImageObject\",\"inLanguage\":\"de\",\"@id\":\"https:\/\/www.eliassen.nl\/de\/statue-glas-lovers-verbindung-herz-gold-braun\/#local-main-organization-logo\",\"url\":\"https:\/\/www.eliassen.nl\/wp-content\/uploads\/2024\/01\/logo_4nd.jpg\",\"contentUrl\":\"https:\/\/www.eliassen.nl\/wp-content\/uploads\/2024\/01\/logo_4nd.jpg\",\"width\":500,\"height\":500,\"caption\":\"Eliassen Home & Garden Pleasure\"}]}<\/script>\n<meta property=\"product:price:amount\" content=\"149.50\" \/>\n<meta property=\"product:price:currency\" content=\"EUR\" \/>\n<meta property=\"og:availability\" content=\"instock\" \/>\n<meta property=\"product:availability\" content=\"instock\" \/>\n<meta property=\"product:retailer_item_id\" content=\"138.29.br\" \/>\n<meta property=\"product:condition\" content=\"new\" \/>\n<!-- \/ Yoast SEO Premium plugin. -->","yoast_head_json":{"title":"Loranto Glasskulptur Bonding Herz gold\/braun 29cm - Eliassen.nl","description":"Handgefertigte Glasskulptur 'Lovers' in Herzform mit einzigartigen Gold\/Braun-T\u00f6nen. Jede ist etwas anders! Bestellen Sie direkt online oder besuchen Sie Eliassen.","robots":{"index":"index","follow":"follow","max-snippet":"max-snippet:-1","max-image-preview":"max-image-preview:large","max-video-preview":"max-video-preview:-1"},"canonical":"https:\/\/www.eliassen.nl\/de\/statue-glas-lovers-verbindung-herz-gold-braun\/","og_locale":"de_DE","og_type":"article","og_title":"Loranto Glasskulptur Bonding Herz gold\/braun 29cm - Eliassen.nl","og_description":"Handgefertigte Glasskulptur 'Lovers' in Herzform mit einzigartigen Gold\/Braun-T\u00f6nen. Jede ist etwas anders! Bestellen Sie direkt online oder besuchen Sie Eliassen.","og_url":"https:\/\/www.eliassen.nl\/de\/statue-glas-lovers-verbindung-herz-gold-braun\/","og_site_name":"Eliassen.nl","article_publisher":"https:\/\/www.facebook.com\/TuincentrumEliassenAmmerzoden","article_modified_time":"2026-03-07T14:39:32+00:00","og_image":[{"width":2560,"height":1707,"url":"https:\/\/www.eliassen.nl\/wp-content\/uploads\/2026\/02\/Beeld-glas-Lovers-verbondenheid-hart-goudbruin-eliassen.nl_-scaled.jpg","type":"image\/jpeg"}],"twitter_card":"summary_large_image","schema":{"@context":"https:\/\/schema.org","@graph":[{"@type":"WebPage","@id":"https:\/\/www.eliassen.nl\/de\/statue-glas-lovers-verbindung-herz-gold-braun\/","url":"https:\/\/www.eliassen.nl\/de\/statue-glas-lovers-verbindung-herz-gold-braun\/","name":"Loranto Glasskulptur Bonding Herz gold\/braun 29cm - Eliassen.nl","isPartOf":{"@id":"https:\/\/www.eliassen.nl\/de\/#website"},"primaryImageOfPage":{"@id":"https:\/\/www.eliassen.nl\/de\/statue-glas-lovers-verbindung-herz-gold-braun\/#primaryimage"},"image":{"@id":"https:\/\/www.eliassen.nl\/de\/statue-glas-lovers-verbindung-herz-gold-braun\/#primaryimage"},"thumbnailUrl":"https:\/\/www.eliassen.nl\/wp-content\/uploads\/2026\/02\/Beeld-glas-Lovers-verbondenheid-hart-goudbruin-eliassen.nl_-scaled.jpg","datePublished":"2026-02-04T15:53:01+00:00","dateModified":"2026-03-07T14:39:32+00:00","description":"Handgefertigte Glasskulptur 'Lovers' in Herzform mit einzigartigen Gold\/Braun-T\u00f6nen. Jede ist etwas anders! Bestellen Sie direkt online oder besuchen Sie Eliassen.","breadcrumb":{"@id":"https:\/\/www.eliassen.nl\/de\/statue-glas-lovers-verbindung-herz-gold-braun\/#breadcrumb"},"inLanguage":"de","potentialAction":[{"@type":"ReadAction","target":["https:\/\/www.eliassen.nl\/de\/statue-glas-lovers-verbindung-herz-gold-braun\/"]}]},{"@type":"ImageObject","inLanguage":"de","@id":"https:\/\/www.eliassen.nl\/de\/statue-glas-lovers-verbindung-herz-gold-braun\/#primaryimage","url":"https:\/\/www.eliassen.nl\/wp-content\/uploads\/2026\/02\/Beeld-glas-Lovers-verbondenheid-hart-goudbruin-eliassen.nl_-scaled.jpg","contentUrl":"https:\/\/www.eliassen.nl\/wp-content\/uploads\/2026\/02\/Beeld-glas-Lovers-verbondenheid-hart-goudbruin-eliassen.nl_-scaled.jpg","width":2560,"height":1707,"caption":"Statue Glas Lovers Verbindung Herz gold\/braun eliassen.nl"},{"@type":"BreadcrumbList","@id":"https:\/\/www.eliassen.nl\/de\/statue-glas-lovers-verbindung-herz-gold-braun\/#breadcrumb","itemListElement":[{"@type":"ListItem","position":1,"name":"Home","item":"https:\/\/www.eliassen.nl\/de\/"},{"@type":"ListItem","position":2,"name":"Shop","item":"https:\/\/www.eliassen.nl\/de\/shop\/"},{"@type":"ListItem","position":3,"name":"Glaskunst","item":"https:\/\/www.eliassen.nl\/de\/glaskunst\/"},{"@type":"ListItem","position":4,"name":"Glasskulptur Bonding Herz gold\/braun 29cm"}]},{"@type":"WebSite","@id":"https:\/\/www.eliassen.nl\/de\/#website","url":"https:\/\/www.eliassen.nl\/de\/","name":"Eliassen Home & Garden Pleasure","description":"","publisher":{"@id":"https:\/\/www.eliassen.nl\/de\/#organization"},"alternateName":"Eliassen.nl","potentialAction":[{"@type":"SearchAction","target":{"@type":"EntryPoint","urlTemplate":"https:\/\/www.eliassen.nl\/de\/?s={search_term_string}"},"query-input":{"@type":"PropertyValueSpecification","valueRequired":true,"valueName":"search_term_string"}}],"inLanguage":"de"},{"@type":["Organization","Place"],"@id":"https:\/\/www.eliassen.nl\/de\/#organization","name":"Eliassen Home & Garden Pleasure","url":"https:\/\/www.eliassen.nl\/de\/","logo":{"@id":"https:\/\/www.eliassen.nl\/de\/statue-glas-lovers-verbindung-herz-gold-braun\/#local-main-organization-logo"},"image":{"@id":"https:\/\/www.eliassen.nl\/de\/statue-glas-lovers-verbindung-herz-gold-braun\/#local-main-organization-logo"},"sameAs":["https:\/\/www.facebook.com\/TuincentrumEliassenAmmerzoden","https:\/\/www.instagram.com\/eliassenhomeandgarden\/","https:\/\/nl.pinterest.com\/eliassenhomeandgarden\/","https:\/\/www.youtube.com\/@eliassenhomegardenpleasure4558"],"telephone":[],"openingHoursSpecification":[{"@type":"OpeningHoursSpecification","dayOfWeek":["Monday","Tuesday","Wednesday","Thursday","Friday","Saturday","Sunday"],"opens":"09:00","closes":"17:00"}]},{"@type":"ImageObject","inLanguage":"de","@id":"https:\/\/www.eliassen.nl\/de\/statue-glas-lovers-verbindung-herz-gold-braun\/#local-main-organization-logo","url":"https:\/\/www.eliassen.nl\/wp-content\/uploads\/2024\/01\/logo_4nd.jpg","contentUrl":"https:\/\/www.eliassen.nl\/wp-content\/uploads\/2024\/01\/logo_4nd.jpg","width":500,"height":500,"caption":"Eliassen Home & Garden Pleasure"}]},"product_price_amount":"149.50","product_price_currency":"EUR","og_availability":"instock","product_availability":"instock","product_retailer_item_id":"138.29.br","product_condition":"new"},"df_price":149.5,"df_sale_price":"","df_regular_price":149.5,"df_image_link":"https:\/\/www.eliassen.nl\/wp-content\/uploads\/2026\/02\/Beeld-glas-Lovers-verbondenheid-hart-goudbruin-eliassen.nl_-300x200.jpg","image":"https:\/\/www.eliassen.nl\/wp-content\/uploads\/2026\/02\/Beeld-glas-Lovers-verbondenheid-hart-goudbruin-eliassen.nl_-150x150.jpg","price_search":"<span class=\"woocommerce-Price-amount amount\"><bdi><span class=\"woocommerce-Price-currencySymbol\">&euro;<\/span>&nbsp;149,50<\/bdi><\/span>","category":"Glaskunst","global_unique_id":"6096521031030","_links":{"self":[{"href":"https:\/\/www.eliassen.nl\/de\/wp-json\/wp\/v2\/product\/205900","targetHints":{"allow":["GET"]}}],"collection":[{"href":"https:\/\/www.eliassen.nl\/de\/wp-json\/wp\/v2\/product"}],"about":[{"href":"https:\/\/www.eliassen.nl\/de\/wp-json\/wp\/v2\/types\/product"}],"wp:featuredmedia":[{"embeddable":true,"href":"https:\/\/www.eliassen.nl\/de\/wp-json\/wp\/v2\/media\/205899"}],"wp:attachment":[{"href":"https:\/\/www.eliassen.nl\/de\/wp-json\/wp\/v2\/media?parent=205900"}],"wp:term":[{"taxonomy":"product_brand","embeddable":true,"href":"https:\/\/www.eliassen.nl\/de\/wp-json\/wp\/v2\/product_brand?post=205900"},{"taxonomy":"product_cat","embeddable":true,"href":"https:\/\/www.eliassen.nl\/de\/wp-json\/wp\/v2\/product_cat?post=205900"},{"taxonomy":"product_tag","embeddable":true,"href":"https:\/\/www.eliassen.nl\/de\/wp-json\/wp\/v2\/product_tag?post=205900"}],"curies":[{"name":"wp","href":"https:\/\/api.w.org\/{rel}","templated":true}]}}