{"id":205674,"date":"2026-02-02T12:24:04","date_gmt":"2026-02-02T11:24:04","guid":{"rendered":"https:\/\/www.eliassen.nl\/product\/asli-runder-dicker-rattankorb-65cm-mit-holzboden\/"},"modified":"2026-03-09T16:51:55","modified_gmt":"2026-03-09T15:51:55","slug":"asli-runder-dicker-rattankorb-65cm-mit-holzboden","status":"publish","type":"product","link":"https:\/\/www.eliassen.nl\/de\/asli-runder-dicker-rattankorb-65cm-mit-holzboden\/","title":{"rendered":"Asli runder dicker Rattankorb 65cm mit Holzboden"},"content":{"rendered":"<p data-path-to-node=\"2\"><strong>Bitte \u00fcberpr\u00fcfen Sie die von Ihnen gew\u00e4hlte Korbgr\u00f6\u00dfe. Die Ma\u00dfe sind Au\u00dfenma\u00dfe! Wenden Sie sich im Zweifelsfall an uns.<\/strong><\/p>\n<p data-path-to-node=\"2\">Bringen Sie mit dem robusten Korb Asli ein k\u00fchles und nat\u00fcrliches Element in Ihr Zuhause. Dieser Korb ist aus sehr dickem, grob geflochtenem Rattan gefertigt, was ihm ein kraftvolles und rustikales Aussehen verleiht. Mit einem Durchmesser von 50 cm und einer H\u00f6he von 65 cm ist dieses Modell ein echter Blickfang, der perfekt in eine l\u00e4ndliche oder industrielle Einrichtung passt. Einzigartig an diesem Modell ist der robuste Holzsockel, der nicht nur f\u00fcr zus\u00e4tzliche Stabilit\u00e4t sorgt, sondern auch einen Bodenschutz bietet, um Kratzer auf Ihrem Untergrund zu vermeiden.<\/p>\n<p data-path-to-node=\"3\">Der Korb ist auf der Innenseite vollst\u00e4ndig mit einer Schutzfolie ausgekleidet, so dass Sie ihn sofort als \u00dcbertopf f\u00fcr eine gro\u00dfe Zimmerpflanze verwenden k\u00f6nnen, ohne sich Gedanken \u00fcber undichte Stellen zu machen. Ganz gleich, ob Sie ihn im Wohnzimmer, im Flur oder im Wintergarten aufstellen, der Asli-Korb sorgt sofort f\u00fcr Atmosph\u00e4re. M\u00f6chten Sie die Qualit\u00e4t des Rattans f\u00fchlen oder sehen, ob die Gr\u00f6\u00dfe f\u00fcr Ihre Pflanze geeignet ist? Sie sind herzlich eingeladen, unseren Ausstellungsraum in Ammerzoden zu besuchen, wo wir eine gro\u00dfe Kollektion von Korbwaren und T\u00f6pferwaren f\u00fcr Sie bereithalten.<\/p>\n","protected":false},"excerpt":{"rendered":"<p>Der runde Korb Asli ist ein robuster Stimmungsmacher aus dickem Rattangeflecht mit einem stabilen Holzfu\u00df und Bodenschutz. Dank seines praktischen Innenfutters und der gro\u00dfz\u00fcgigen Gr\u00f6\u00dfe von 50&#215;65 cm kann dieser Korb sofort als stilvolles Pflanzgef\u00e4\u00df verwendet werden. Ein langlebiger und dekorativer Artikel, der in jeder Einrichtung gut aussieht.<\/p>\n","protected":false},"featured_media":204094,"template":"","meta":{"_acf_changed":false,"_genesis_title":"","_genesis_description":""},"product_brand":[7488],"product_cat":[722,1418],"product_tag":[],"class_list":{"0":"post-205674","1":"product","2":"type-product","3":"status-publish","4":"has-post-thumbnail","6":"product_brand-trockentopf","7":"product_cat-blumentoepfe-und-pflanzgefaesse","8":"product_cat-koerbe-aus-rattan","10":"first","11":"instock","12":"taxable","13":"shipping-taxable","14":"purchasable","15":"product-type-simple"},"acf":[],"meta_all":{"cor_restricted_countries":[],"total_sales":"1"},"meta_all_flat":{"total_sales":"1"},"yoast_head":"<!-- This site is optimized with the Yoast SEO Premium plugin v26.2 (Yoast SEO v27.2) - https:\/\/yoast.com\/product\/yoast-seo-premium-wordpress\/ -->\n<title>Trockentopf Asli runder dicker Rattankorb 65cm mit Holzboden - Eliassen.nl<\/title>\n<meta name=\"description\" content=\"Kaufen Sie den Asli Korb (65cm) aus dickem Rattan bei Eliassen. Mit Holzboden, Bodenschutz und Innenauskleidung. Sehen Sie sich diesen robusten Korb in unserem Ausstellungsraum an!\" \/>\n<meta name=\"robots\" content=\"index, follow, max-snippet:-1, max-image-preview:large, max-video-preview:-1\" \/>\n<link rel=\"canonical\" href=\"https:\/\/www.eliassen.nl\/de\/asli-runder-dicker-rattankorb-65cm-mit-holzboden\/\" \/>\n<meta property=\"og:locale\" content=\"de_DE\" \/>\n<meta property=\"og:type\" content=\"article\" \/>\n<meta property=\"og:title\" content=\"Trockentopf Asli runder dicker Rattankorb 65cm mit Holzboden - Eliassen.nl\" \/>\n<meta property=\"og:description\" content=\"Kaufen Sie den Asli Korb (65cm) aus dickem Rattan bei Eliassen. Mit Holzboden, Bodenschutz und Innenauskleidung. Sehen Sie sich diesen robusten Korb in unserem Ausstellungsraum an!\" \/>\n<meta property=\"og:url\" content=\"https:\/\/www.eliassen.nl\/de\/asli-runder-dicker-rattankorb-65cm-mit-holzboden\/\" \/>\n<meta property=\"og:site_name\" content=\"Eliassen.nl\" \/>\n<meta property=\"article:publisher\" content=\"https:\/\/www.facebook.com\/TuincentrumEliassenAmmerzoden\" \/>\n<meta property=\"article:modified_time\" content=\"2026-03-09T15:51:55+00:00\" \/>\n<meta property=\"og:image\" content=\"https:\/\/www.eliassen.nl\/wp-content\/uploads\/2026\/01\/Mand-asli-rond-hoog-dik-rotan-Eliassen.nl-65cm-304264.jpg\" \/>\n\t<meta property=\"og:image:width\" content=\"640\" \/>\n\t<meta property=\"og:image:height\" content=\"480\" \/>\n\t<meta property=\"og:image:type\" content=\"image\/jpeg\" \/>\n<meta name=\"twitter:card\" content=\"summary_large_image\" \/>\n<script type=\"application\/ld+json\" class=\"yoast-schema-graph\">{\"@context\":\"https:\/\/schema.org\",\"@graph\":[{\"@type\":\"WebPage\",\"@id\":\"https:\/\/www.eliassen.nl\/de\/asli-runder-dicker-rattankorb-65cm-mit-holzboden\/\",\"url\":\"https:\/\/www.eliassen.nl\/de\/asli-runder-dicker-rattankorb-65cm-mit-holzboden\/\",\"name\":\"Trockentopf Asli runder dicker Rattankorb 65cm mit Holzboden - Eliassen.nl\",\"isPartOf\":{\"@id\":\"https:\/\/www.eliassen.nl\/de\/#website\"},\"primaryImageOfPage\":{\"@id\":\"https:\/\/www.eliassen.nl\/de\/asli-runder-dicker-rattankorb-65cm-mit-holzboden\/#primaryimage\"},\"image\":{\"@id\":\"https:\/\/www.eliassen.nl\/de\/asli-runder-dicker-rattankorb-65cm-mit-holzboden\/#primaryimage\"},\"thumbnailUrl\":\"https:\/\/www.eliassen.nl\/wp-content\/uploads\/2026\/01\/Mand-asli-rond-hoog-dik-rotan-Eliassen.nl-65cm-304264.jpg\",\"datePublished\":\"2026-02-02T11:24:04+00:00\",\"dateModified\":\"2026-03-09T15:51:55+00:00\",\"description\":\"Kaufen Sie den Asli Korb (65cm) aus dickem Rattan bei Eliassen. Mit Holzboden, Bodenschutz und Innenauskleidung. Sehen Sie sich diesen robusten Korb in unserem Ausstellungsraum an!\",\"breadcrumb\":{\"@id\":\"https:\/\/www.eliassen.nl\/de\/asli-runder-dicker-rattankorb-65cm-mit-holzboden\/#breadcrumb\"},\"inLanguage\":\"de\",\"potentialAction\":[{\"@type\":\"ReadAction\",\"target\":[\"https:\/\/www.eliassen.nl\/de\/asli-runder-dicker-rattankorb-65cm-mit-holzboden\/\"]}]},{\"@type\":\"ImageObject\",\"inLanguage\":\"de\",\"@id\":\"https:\/\/www.eliassen.nl\/de\/asli-runder-dicker-rattankorb-65cm-mit-holzboden\/#primaryimage\",\"url\":\"https:\/\/www.eliassen.nl\/wp-content\/uploads\/2026\/01\/Mand-asli-rond-hoog-dik-rotan-Eliassen.nl-65cm-304264.jpg\",\"contentUrl\":\"https:\/\/www.eliassen.nl\/wp-content\/uploads\/2026\/01\/Mand-asli-rond-hoog-dik-rotan-Eliassen.nl-65cm-304264.jpg\",\"width\":640,\"height\":480,\"caption\":\"Korb asli rund hoch dick Rattan Eliassen.nl 65cm 304264\"},{\"@type\":\"BreadcrumbList\",\"@id\":\"https:\/\/www.eliassen.nl\/de\/asli-runder-dicker-rattankorb-65cm-mit-holzboden\/#breadcrumb\",\"itemListElement\":[{\"@type\":\"ListItem\",\"position\":1,\"name\":\"Home\",\"item\":\"https:\/\/www.eliassen.nl\/de\/\"},{\"@type\":\"ListItem\",\"position\":2,\"name\":\"Shop\",\"item\":\"https:\/\/www.eliassen.nl\/de\/shop\/\"},{\"@type\":\"ListItem\",\"position\":3,\"name\":\"Blument\u00f6pfe und Pflanzgef\u00e4\u00dfe\",\"item\":\"https:\/\/www.eliassen.nl\/de\/blumentoepfe-und-pflanzgefaesse\/\"},{\"@type\":\"ListItem\",\"position\":4,\"name\":\"Asli runder dicker Rattankorb 65cm mit Holzboden\"}]},{\"@type\":\"WebSite\",\"@id\":\"https:\/\/www.eliassen.nl\/de\/#website\",\"url\":\"https:\/\/www.eliassen.nl\/de\/\",\"name\":\"Eliassen Home & Garden Pleasure\",\"description\":\"\",\"publisher\":{\"@id\":\"https:\/\/www.eliassen.nl\/de\/#organization\"},\"alternateName\":\"Eliassen.nl\",\"potentialAction\":[{\"@type\":\"SearchAction\",\"target\":{\"@type\":\"EntryPoint\",\"urlTemplate\":\"https:\/\/www.eliassen.nl\/de\/?s={search_term_string}\"},\"query-input\":{\"@type\":\"PropertyValueSpecification\",\"valueRequired\":true,\"valueName\":\"search_term_string\"}}],\"inLanguage\":\"de\"},{\"@type\":[\"Organization\",\"Place\"],\"@id\":\"https:\/\/www.eliassen.nl\/de\/#organization\",\"name\":\"Eliassen Home & Garden Pleasure\",\"url\":\"https:\/\/www.eliassen.nl\/de\/\",\"logo\":{\"@id\":\"https:\/\/www.eliassen.nl\/de\/asli-runder-dicker-rattankorb-65cm-mit-holzboden\/#local-main-organization-logo\"},\"image\":{\"@id\":\"https:\/\/www.eliassen.nl\/de\/asli-runder-dicker-rattankorb-65cm-mit-holzboden\/#local-main-organization-logo\"},\"sameAs\":[\"https:\/\/www.facebook.com\/TuincentrumEliassenAmmerzoden\",\"https:\/\/www.instagram.com\/eliassenhomeandgarden\/\",\"https:\/\/nl.pinterest.com\/eliassenhomeandgarden\/\",\"https:\/\/www.youtube.com\/@eliassenhomegardenpleasure4558\"],\"telephone\":[],\"openingHoursSpecification\":[{\"@type\":\"OpeningHoursSpecification\",\"dayOfWeek\":[\"Monday\",\"Tuesday\",\"Wednesday\",\"Thursday\",\"Friday\",\"Saturday\",\"Sunday\"],\"opens\":\"09:00\",\"closes\":\"17:00\"}]},{\"@type\":\"ImageObject\",\"inLanguage\":\"de\",\"@id\":\"https:\/\/www.eliassen.nl\/de\/asli-runder-dicker-rattankorb-65cm-mit-holzboden\/#local-main-organization-logo\",\"url\":\"https:\/\/www.eliassen.nl\/wp-content\/uploads\/2024\/01\/logo_4nd.jpg\",\"contentUrl\":\"https:\/\/www.eliassen.nl\/wp-content\/uploads\/2024\/01\/logo_4nd.jpg\",\"width\":500,\"height\":500,\"caption\":\"Eliassen Home & Garden Pleasure\"}]}<\/script>\n<meta property=\"product:price:amount\" content=\"119.00\" \/>\n<meta property=\"product:price:currency\" content=\"EUR\" \/>\n<meta property=\"og:availability\" content=\"instock\" \/>\n<meta property=\"product:availability\" content=\"instock\" \/>\n<meta property=\"product:retailer_item_id\" content=\"304264\" \/>\n<meta property=\"product:condition\" content=\"new\" \/>\n<!-- \/ Yoast SEO Premium plugin. -->","yoast_head_json":{"title":"Trockentopf Asli runder dicker Rattankorb 65cm mit Holzboden - Eliassen.nl","description":"Kaufen Sie den Asli Korb (65cm) aus dickem Rattan bei Eliassen. Mit Holzboden, Bodenschutz und Innenauskleidung. Sehen Sie sich diesen robusten Korb in unserem Ausstellungsraum an!","robots":{"index":"index","follow":"follow","max-snippet":"max-snippet:-1","max-image-preview":"max-image-preview:large","max-video-preview":"max-video-preview:-1"},"canonical":"https:\/\/www.eliassen.nl\/de\/asli-runder-dicker-rattankorb-65cm-mit-holzboden\/","og_locale":"de_DE","og_type":"article","og_title":"Trockentopf Asli runder dicker Rattankorb 65cm mit Holzboden - Eliassen.nl","og_description":"Kaufen Sie den Asli Korb (65cm) aus dickem Rattan bei Eliassen. Mit Holzboden, Bodenschutz und Innenauskleidung. Sehen Sie sich diesen robusten Korb in unserem Ausstellungsraum an!","og_url":"https:\/\/www.eliassen.nl\/de\/asli-runder-dicker-rattankorb-65cm-mit-holzboden\/","og_site_name":"Eliassen.nl","article_publisher":"https:\/\/www.facebook.com\/TuincentrumEliassenAmmerzoden","article_modified_time":"2026-03-09T15:51:55+00:00","og_image":[{"width":640,"height":480,"url":"https:\/\/www.eliassen.nl\/wp-content\/uploads\/2026\/01\/Mand-asli-rond-hoog-dik-rotan-Eliassen.nl-65cm-304264.jpg","type":"image\/jpeg"}],"twitter_card":"summary_large_image","schema":{"@context":"https:\/\/schema.org","@graph":[{"@type":"WebPage","@id":"https:\/\/www.eliassen.nl\/de\/asli-runder-dicker-rattankorb-65cm-mit-holzboden\/","url":"https:\/\/www.eliassen.nl\/de\/asli-runder-dicker-rattankorb-65cm-mit-holzboden\/","name":"Trockentopf Asli runder dicker Rattankorb 65cm mit Holzboden - Eliassen.nl","isPartOf":{"@id":"https:\/\/www.eliassen.nl\/de\/#website"},"primaryImageOfPage":{"@id":"https:\/\/www.eliassen.nl\/de\/asli-runder-dicker-rattankorb-65cm-mit-holzboden\/#primaryimage"},"image":{"@id":"https:\/\/www.eliassen.nl\/de\/asli-runder-dicker-rattankorb-65cm-mit-holzboden\/#primaryimage"},"thumbnailUrl":"https:\/\/www.eliassen.nl\/wp-content\/uploads\/2026\/01\/Mand-asli-rond-hoog-dik-rotan-Eliassen.nl-65cm-304264.jpg","datePublished":"2026-02-02T11:24:04+00:00","dateModified":"2026-03-09T15:51:55+00:00","description":"Kaufen Sie den Asli Korb (65cm) aus dickem Rattan bei Eliassen. Mit Holzboden, Bodenschutz und Innenauskleidung. Sehen Sie sich diesen robusten Korb in unserem Ausstellungsraum an!","breadcrumb":{"@id":"https:\/\/www.eliassen.nl\/de\/asli-runder-dicker-rattankorb-65cm-mit-holzboden\/#breadcrumb"},"inLanguage":"de","potentialAction":[{"@type":"ReadAction","target":["https:\/\/www.eliassen.nl\/de\/asli-runder-dicker-rattankorb-65cm-mit-holzboden\/"]}]},{"@type":"ImageObject","inLanguage":"de","@id":"https:\/\/www.eliassen.nl\/de\/asli-runder-dicker-rattankorb-65cm-mit-holzboden\/#primaryimage","url":"https:\/\/www.eliassen.nl\/wp-content\/uploads\/2026\/01\/Mand-asli-rond-hoog-dik-rotan-Eliassen.nl-65cm-304264.jpg","contentUrl":"https:\/\/www.eliassen.nl\/wp-content\/uploads\/2026\/01\/Mand-asli-rond-hoog-dik-rotan-Eliassen.nl-65cm-304264.jpg","width":640,"height":480,"caption":"Korb asli rund hoch dick Rattan Eliassen.nl 65cm 304264"},{"@type":"BreadcrumbList","@id":"https:\/\/www.eliassen.nl\/de\/asli-runder-dicker-rattankorb-65cm-mit-holzboden\/#breadcrumb","itemListElement":[{"@type":"ListItem","position":1,"name":"Home","item":"https:\/\/www.eliassen.nl\/de\/"},{"@type":"ListItem","position":2,"name":"Shop","item":"https:\/\/www.eliassen.nl\/de\/shop\/"},{"@type":"ListItem","position":3,"name":"Blument\u00f6pfe und Pflanzgef\u00e4\u00dfe","item":"https:\/\/www.eliassen.nl\/de\/blumentoepfe-und-pflanzgefaesse\/"},{"@type":"ListItem","position":4,"name":"Asli runder dicker Rattankorb 65cm mit Holzboden"}]},{"@type":"WebSite","@id":"https:\/\/www.eliassen.nl\/de\/#website","url":"https:\/\/www.eliassen.nl\/de\/","name":"Eliassen Home & Garden Pleasure","description":"","publisher":{"@id":"https:\/\/www.eliassen.nl\/de\/#organization"},"alternateName":"Eliassen.nl","potentialAction":[{"@type":"SearchAction","target":{"@type":"EntryPoint","urlTemplate":"https:\/\/www.eliassen.nl\/de\/?s={search_term_string}"},"query-input":{"@type":"PropertyValueSpecification","valueRequired":true,"valueName":"search_term_string"}}],"inLanguage":"de"},{"@type":["Organization","Place"],"@id":"https:\/\/www.eliassen.nl\/de\/#organization","name":"Eliassen Home & Garden Pleasure","url":"https:\/\/www.eliassen.nl\/de\/","logo":{"@id":"https:\/\/www.eliassen.nl\/de\/asli-runder-dicker-rattankorb-65cm-mit-holzboden\/#local-main-organization-logo"},"image":{"@id":"https:\/\/www.eliassen.nl\/de\/asli-runder-dicker-rattankorb-65cm-mit-holzboden\/#local-main-organization-logo"},"sameAs":["https:\/\/www.facebook.com\/TuincentrumEliassenAmmerzoden","https:\/\/www.instagram.com\/eliassenhomeandgarden\/","https:\/\/nl.pinterest.com\/eliassenhomeandgarden\/","https:\/\/www.youtube.com\/@eliassenhomegardenpleasure4558"],"telephone":[],"openingHoursSpecification":[{"@type":"OpeningHoursSpecification","dayOfWeek":["Monday","Tuesday","Wednesday","Thursday","Friday","Saturday","Sunday"],"opens":"09:00","closes":"17:00"}]},{"@type":"ImageObject","inLanguage":"de","@id":"https:\/\/www.eliassen.nl\/de\/asli-runder-dicker-rattankorb-65cm-mit-holzboden\/#local-main-organization-logo","url":"https:\/\/www.eliassen.nl\/wp-content\/uploads\/2024\/01\/logo_4nd.jpg","contentUrl":"https:\/\/www.eliassen.nl\/wp-content\/uploads\/2024\/01\/logo_4nd.jpg","width":500,"height":500,"caption":"Eliassen Home & Garden Pleasure"}]},"product_price_amount":"119.00","product_price_currency":"EUR","og_availability":"instock","product_availability":"instock","product_retailer_item_id":"304264","product_condition":"new"},"df_price":119,"df_sale_price":"","df_regular_price":119,"df_image_link":"https:\/\/www.eliassen.nl\/wp-content\/uploads\/2026\/01\/Mand-asli-rond-hoog-dik-rotan-Eliassen.nl-65cm-304264-300x225.jpg","image":"https:\/\/www.eliassen.nl\/wp-content\/uploads\/2026\/01\/Mand-asli-rond-hoog-dik-rotan-Eliassen.nl-65cm-304264-150x150.jpg","price_search":"<span class=\"woocommerce-Price-amount amount\"><bdi><span class=\"woocommerce-Price-currencySymbol\">&euro;<\/span>&nbsp;119,00<\/bdi><\/span>","category":"Blument\u00f6pfe und Pflanzgef\u00e4\u00dfe","global_unique_id":"8714763320405","_links":{"self":[{"href":"https:\/\/www.eliassen.nl\/de\/wp-json\/wp\/v2\/product\/205674","targetHints":{"allow":["GET"]}}],"collection":[{"href":"https:\/\/www.eliassen.nl\/de\/wp-json\/wp\/v2\/product"}],"about":[{"href":"https:\/\/www.eliassen.nl\/de\/wp-json\/wp\/v2\/types\/product"}],"wp:featuredmedia":[{"embeddable":true,"href":"https:\/\/www.eliassen.nl\/de\/wp-json\/wp\/v2\/media\/204094"}],"wp:attachment":[{"href":"https:\/\/www.eliassen.nl\/de\/wp-json\/wp\/v2\/media?parent=205674"}],"wp:term":[{"taxonomy":"product_brand","embeddable":true,"href":"https:\/\/www.eliassen.nl\/de\/wp-json\/wp\/v2\/product_brand?post=205674"},{"taxonomy":"product_cat","embeddable":true,"href":"https:\/\/www.eliassen.nl\/de\/wp-json\/wp\/v2\/product_cat?post=205674"},{"taxonomy":"product_tag","embeddable":true,"href":"https:\/\/www.eliassen.nl\/de\/wp-json\/wp\/v2\/product_tag?post=205674"}],"curies":[{"name":"wp","href":"https:\/\/api.w.org\/{rel}","templated":true}]}}