{"id":205660,"date":"2026-02-02T12:09:25","date_gmt":"2026-02-02T11:09:25","guid":{"rendered":"https:\/\/www.eliassen.nl\/product\/fidrio-vase-bloom-gemischte-farben-30cm\/"},"modified":"2026-02-17T16:33:34","modified_gmt":"2026-02-17T15:33:34","slug":"fidrio-vase-bloom-gemischte-farben-30cm","status":"publish","type":"product","link":"https:\/\/www.eliassen.nl\/de\/fidrio-vase-bloom-gemischte-farben-30cm\/","title":{"rendered":"Fidrio Vase Bloom gemischte Farben 30cm"},"content":{"rendered":"<p data-path-to-node=\"2\">Bringen Sie Lebendigkeit und Eleganz in Ihr Zuhause mit der Fidrio Vase Bloom im sch\u00f6nen &#8218;mixed colours&#8216; Design. Diese Vase mit einer H\u00f6he von 30 cm zeichnet sich durch eine robuste Form aus, die sich oben zum Hals hin stilvoll verj\u00fcngt. Das mundgeblasene Glas setzt eine malerische Szene in Szene, in der frische Gr\u00fcnt\u00f6ne, leuchtende Rott\u00f6ne, zarte Rosat\u00f6ne und goldene Akzente auf einem hellen Hintergrund harmonisch zusammenkommen.<\/p>\n<p data-path-to-node=\"3\">Mit einer breiten \u00d6ffnung von 12 cm eignet sich das Modell Bloom perfekt f\u00fcr das Arrangieren eines mittelgro\u00dfen bis gro\u00dfen Blumenstrau\u00dfes und bietet den Blumen gen\u00fcgend Platz, um sich zu entfalten. Da der Herstellungsprozess vollst\u00e4ndig von Hand erfolgt (mundgeblasen), sind keine zwei Vasen identisch; Sie werden also garantiert ein einzigartiges Kunstobjekt mit nach Hause nehmen. Fragen Sie sich, wie diese Vase in Kombination mit anderen Modellen oder Farben aussieht? Wir laden Sie herzlich in unseren Ausstellungsraum in Ammerzoden ein, um unsere umfangreiche Fidrio-Kollektion und andere Wohnaccessoires zu bewundern.<\/p>\n","protected":false},"excerpt":{"rendered":"<p>Die Fidrio Vase Bloom &#8218;mixed colours&#8216; ist eine stimmungsvolle, mundgeblasene 30 cm hohe Vase mit einem einzigartigen und farbenfrohen Charakter. Die kunstvolle Mischung aus Rot, Gr\u00fcn und Rosa, kombiniert mit einer gro\u00dfz\u00fcgigen \u00d6ffnung von 12 cm, macht dieses Modell perfekt f\u00fcr die Pr\u00e4sentation sch\u00f6ner Blumenstr\u00e4u\u00dfe. Ein zeitloser Blickfang, der jeder Einrichtung eine fr\u00f6hliche und stilvolle Note verleiht.<\/p>\n","protected":false},"featured_media":205351,"template":"","meta":{"_acf_changed":false,"_genesis_title":"","_genesis_description":""},"product_brand":[6950],"product_cat":[812,800,7060],"product_tag":[],"class_list":{"0":"post-205660","1":"product","2":"type-product","3":"status-publish","4":"has-post-thumbnail","6":"product_brand-fidrio-de","7":"product_cat-farbige-glasvasen","8":"product_cat-glaskunst","9":"product_cat-fidrio-glaskollektion","11":"first","12":"instock","13":"taxable","14":"shipping-taxable","15":"purchasable","16":"product-type-simple"},"acf":[],"meta_all":{"cor_restricted_countries":[],"total_sales":"1"},"meta_all_flat":{"total_sales":"1"},"yoast_head":"<!-- This site is optimized with the Yoast SEO Premium plugin v26.2 (Yoast SEO v27.2) - https:\/\/yoast.com\/product\/yoast-seo-premium-wordpress\/ -->\n<title>Fidrio Fidrio Vase Bloom gemischte Farben 30cm - Eliassen.nl<\/title>\n<meta name=\"description\" content=\"Bestellen Sie die Fidrio Vase Bloom (30cm) in verschiedenen Farben bei Eliassen. Sch\u00f6nes mundgeblasenes Glas mit 12 cm \u00d6ffnung. Sehen Sie sich die Kollektion im Showroom an!\" \/>\n<meta name=\"robots\" content=\"index, follow, max-snippet:-1, max-image-preview:large, max-video-preview:-1\" \/>\n<link rel=\"canonical\" href=\"https:\/\/www.eliassen.nl\/de\/fidrio-vase-bloom-gemischte-farben-30cm\/\" \/>\n<meta property=\"og:locale\" content=\"de_DE\" \/>\n<meta property=\"og:type\" content=\"article\" \/>\n<meta property=\"og:title\" content=\"Fidrio Fidrio Vase Bloom gemischte Farben 30cm - Eliassen.nl\" \/>\n<meta property=\"og:description\" content=\"Bestellen Sie die Fidrio Vase Bloom (30cm) in verschiedenen Farben bei Eliassen. Sch\u00f6nes mundgeblasenes Glas mit 12 cm \u00d6ffnung. Sehen Sie sich die Kollektion im Showroom an!\" \/>\n<meta property=\"og:url\" content=\"https:\/\/www.eliassen.nl\/de\/fidrio-vase-bloom-gemischte-farben-30cm\/\" \/>\n<meta property=\"og:site_name\" content=\"Eliassen.nl\" \/>\n<meta property=\"article:publisher\" content=\"https:\/\/www.facebook.com\/TuincentrumEliassenAmmerzoden\" \/>\n<meta property=\"article:modified_time\" content=\"2026-02-17T15:33:34+00:00\" \/>\n<meta property=\"og:image\" content=\"https:\/\/www.eliassen.nl\/wp-content\/uploads\/2026\/01\/Fidrio-bloom-30cm-Mix-colors-Eliassen.nl_.jpg\" \/>\n\t<meta property=\"og:image:width\" content=\"650\" \/>\n\t<meta property=\"og:image:height\" content=\"650\" \/>\n\t<meta property=\"og:image:type\" content=\"image\/jpeg\" \/>\n<meta name=\"twitter:card\" content=\"summary_large_image\" \/>\n<script type=\"application\/ld+json\" class=\"yoast-schema-graph\">{\"@context\":\"https:\/\/schema.org\",\"@graph\":[{\"@type\":\"WebPage\",\"@id\":\"https:\/\/www.eliassen.nl\/de\/fidrio-vase-bloom-gemischte-farben-30cm\/\",\"url\":\"https:\/\/www.eliassen.nl\/de\/fidrio-vase-bloom-gemischte-farben-30cm\/\",\"name\":\"Fidrio Fidrio Vase Bloom gemischte Farben 30cm - Eliassen.nl\",\"isPartOf\":{\"@id\":\"https:\/\/www.eliassen.nl\/de\/#website\"},\"primaryImageOfPage\":{\"@id\":\"https:\/\/www.eliassen.nl\/de\/fidrio-vase-bloom-gemischte-farben-30cm\/#primaryimage\"},\"image\":{\"@id\":\"https:\/\/www.eliassen.nl\/de\/fidrio-vase-bloom-gemischte-farben-30cm\/#primaryimage\"},\"thumbnailUrl\":\"https:\/\/www.eliassen.nl\/wp-content\/uploads\/2026\/01\/Fidrio-bloom-30cm-Mix-colors-Eliassen.nl_.jpg\",\"datePublished\":\"2026-02-02T11:09:25+00:00\",\"dateModified\":\"2026-02-17T15:33:34+00:00\",\"description\":\"Bestellen Sie die Fidrio Vase Bloom (30cm) in verschiedenen Farben bei Eliassen. Sch\u00f6nes mundgeblasenes Glas mit 12 cm \u00d6ffnung. Sehen Sie sich die Kollektion im Showroom an!\",\"breadcrumb\":{\"@id\":\"https:\/\/www.eliassen.nl\/de\/fidrio-vase-bloom-gemischte-farben-30cm\/#breadcrumb\"},\"inLanguage\":\"de\",\"potentialAction\":[{\"@type\":\"ReadAction\",\"target\":[\"https:\/\/www.eliassen.nl\/de\/fidrio-vase-bloom-gemischte-farben-30cm\/\"]}]},{\"@type\":\"ImageObject\",\"inLanguage\":\"de\",\"@id\":\"https:\/\/www.eliassen.nl\/de\/fidrio-vase-bloom-gemischte-farben-30cm\/#primaryimage\",\"url\":\"https:\/\/www.eliassen.nl\/wp-content\/uploads\/2026\/01\/Fidrio-bloom-30cm-Mix-colors-Eliassen.nl_.jpg\",\"contentUrl\":\"https:\/\/www.eliassen.nl\/wp-content\/uploads\/2026\/01\/Fidrio-bloom-30cm-Mix-colors-Eliassen.nl_.jpg\",\"width\":650,\"height\":650,\"caption\":\"Fidrio Bl\u00fcte 30cm Mix Farben Eliassen.nl\"},{\"@type\":\"BreadcrumbList\",\"@id\":\"https:\/\/www.eliassen.nl\/de\/fidrio-vase-bloom-gemischte-farben-30cm\/#breadcrumb\",\"itemListElement\":[{\"@type\":\"ListItem\",\"position\":1,\"name\":\"Home\",\"item\":\"https:\/\/www.eliassen.nl\/de\/\"},{\"@type\":\"ListItem\",\"position\":2,\"name\":\"Shop\",\"item\":\"https:\/\/www.eliassen.nl\/de\/shop\/\"},{\"@type\":\"ListItem\",\"position\":3,\"name\":\"Glaskunst\",\"item\":\"https:\/\/www.eliassen.nl\/de\/glaskunst\/\"},{\"@type\":\"ListItem\",\"position\":4,\"name\":\"Farbige Glasvasen\",\"item\":\"https:\/\/www.eliassen.nl\/de\/glaskunst\/farbige-glasvasen\/\"},{\"@type\":\"ListItem\",\"position\":5,\"name\":\"Fidrio Vase Bloom gemischte Farben 30cm\"}]},{\"@type\":\"WebSite\",\"@id\":\"https:\/\/www.eliassen.nl\/de\/#website\",\"url\":\"https:\/\/www.eliassen.nl\/de\/\",\"name\":\"Eliassen Home & Garden Pleasure\",\"description\":\"\",\"publisher\":{\"@id\":\"https:\/\/www.eliassen.nl\/de\/#organization\"},\"alternateName\":\"Eliassen.nl\",\"potentialAction\":[{\"@type\":\"SearchAction\",\"target\":{\"@type\":\"EntryPoint\",\"urlTemplate\":\"https:\/\/www.eliassen.nl\/de\/?s={search_term_string}\"},\"query-input\":{\"@type\":\"PropertyValueSpecification\",\"valueRequired\":true,\"valueName\":\"search_term_string\"}}],\"inLanguage\":\"de\"},{\"@type\":[\"Organization\",\"Place\"],\"@id\":\"https:\/\/www.eliassen.nl\/de\/#organization\",\"name\":\"Eliassen Home & Garden Pleasure\",\"url\":\"https:\/\/www.eliassen.nl\/de\/\",\"logo\":{\"@id\":\"https:\/\/www.eliassen.nl\/de\/fidrio-vase-bloom-gemischte-farben-30cm\/#local-main-organization-logo\"},\"image\":{\"@id\":\"https:\/\/www.eliassen.nl\/de\/fidrio-vase-bloom-gemischte-farben-30cm\/#local-main-organization-logo\"},\"sameAs\":[\"https:\/\/www.facebook.com\/TuincentrumEliassenAmmerzoden\",\"https:\/\/www.instagram.com\/eliassenhomeandgarden\/\",\"https:\/\/nl.pinterest.com\/eliassenhomeandgarden\/\",\"https:\/\/www.youtube.com\/@eliassenhomegardenpleasure4558\"],\"telephone\":[],\"openingHoursSpecification\":[{\"@type\":\"OpeningHoursSpecification\",\"dayOfWeek\":[\"Monday\",\"Tuesday\",\"Wednesday\",\"Thursday\",\"Friday\",\"Saturday\",\"Sunday\"],\"opens\":\"09:00\",\"closes\":\"17:00\"}]},{\"@type\":\"ImageObject\",\"inLanguage\":\"de\",\"@id\":\"https:\/\/www.eliassen.nl\/de\/fidrio-vase-bloom-gemischte-farben-30cm\/#local-main-organization-logo\",\"url\":\"https:\/\/www.eliassen.nl\/wp-content\/uploads\/2024\/01\/logo_4nd.jpg\",\"contentUrl\":\"https:\/\/www.eliassen.nl\/wp-content\/uploads\/2024\/01\/logo_4nd.jpg\",\"width\":500,\"height\":500,\"caption\":\"Eliassen Home & Garden Pleasure\"}]}<\/script>\n<meta property=\"product:price:amount\" content=\"64.50\" \/>\n<meta property=\"product:price:currency\" content=\"EUR\" \/>\n<meta property=\"og:availability\" content=\"instock\" \/>\n<meta property=\"product:availability\" content=\"instock\" \/>\n<meta property=\"product:retailer_item_id\" content=\"430\/6436\/mc\" \/>\n<meta property=\"product:condition\" content=\"new\" \/>\n<!-- \/ Yoast SEO Premium plugin. -->","yoast_head_json":{"title":"Fidrio Fidrio Vase Bloom gemischte Farben 30cm - Eliassen.nl","description":"Bestellen Sie die Fidrio Vase Bloom (30cm) in verschiedenen Farben bei Eliassen. Sch\u00f6nes mundgeblasenes Glas mit 12 cm \u00d6ffnung. Sehen Sie sich die Kollektion im Showroom an!","robots":{"index":"index","follow":"follow","max-snippet":"max-snippet:-1","max-image-preview":"max-image-preview:large","max-video-preview":"max-video-preview:-1"},"canonical":"https:\/\/www.eliassen.nl\/de\/fidrio-vase-bloom-gemischte-farben-30cm\/","og_locale":"de_DE","og_type":"article","og_title":"Fidrio Fidrio Vase Bloom gemischte Farben 30cm - Eliassen.nl","og_description":"Bestellen Sie die Fidrio Vase Bloom (30cm) in verschiedenen Farben bei Eliassen. Sch\u00f6nes mundgeblasenes Glas mit 12 cm \u00d6ffnung. Sehen Sie sich die Kollektion im Showroom an!","og_url":"https:\/\/www.eliassen.nl\/de\/fidrio-vase-bloom-gemischte-farben-30cm\/","og_site_name":"Eliassen.nl","article_publisher":"https:\/\/www.facebook.com\/TuincentrumEliassenAmmerzoden","article_modified_time":"2026-02-17T15:33:34+00:00","og_image":[{"width":650,"height":650,"url":"https:\/\/www.eliassen.nl\/wp-content\/uploads\/2026\/01\/Fidrio-bloom-30cm-Mix-colors-Eliassen.nl_.jpg","type":"image\/jpeg"}],"twitter_card":"summary_large_image","schema":{"@context":"https:\/\/schema.org","@graph":[{"@type":"WebPage","@id":"https:\/\/www.eliassen.nl\/de\/fidrio-vase-bloom-gemischte-farben-30cm\/","url":"https:\/\/www.eliassen.nl\/de\/fidrio-vase-bloom-gemischte-farben-30cm\/","name":"Fidrio Fidrio Vase Bloom gemischte Farben 30cm - Eliassen.nl","isPartOf":{"@id":"https:\/\/www.eliassen.nl\/de\/#website"},"primaryImageOfPage":{"@id":"https:\/\/www.eliassen.nl\/de\/fidrio-vase-bloom-gemischte-farben-30cm\/#primaryimage"},"image":{"@id":"https:\/\/www.eliassen.nl\/de\/fidrio-vase-bloom-gemischte-farben-30cm\/#primaryimage"},"thumbnailUrl":"https:\/\/www.eliassen.nl\/wp-content\/uploads\/2026\/01\/Fidrio-bloom-30cm-Mix-colors-Eliassen.nl_.jpg","datePublished":"2026-02-02T11:09:25+00:00","dateModified":"2026-02-17T15:33:34+00:00","description":"Bestellen Sie die Fidrio Vase Bloom (30cm) in verschiedenen Farben bei Eliassen. Sch\u00f6nes mundgeblasenes Glas mit 12 cm \u00d6ffnung. Sehen Sie sich die Kollektion im Showroom an!","breadcrumb":{"@id":"https:\/\/www.eliassen.nl\/de\/fidrio-vase-bloom-gemischte-farben-30cm\/#breadcrumb"},"inLanguage":"de","potentialAction":[{"@type":"ReadAction","target":["https:\/\/www.eliassen.nl\/de\/fidrio-vase-bloom-gemischte-farben-30cm\/"]}]},{"@type":"ImageObject","inLanguage":"de","@id":"https:\/\/www.eliassen.nl\/de\/fidrio-vase-bloom-gemischte-farben-30cm\/#primaryimage","url":"https:\/\/www.eliassen.nl\/wp-content\/uploads\/2026\/01\/Fidrio-bloom-30cm-Mix-colors-Eliassen.nl_.jpg","contentUrl":"https:\/\/www.eliassen.nl\/wp-content\/uploads\/2026\/01\/Fidrio-bloom-30cm-Mix-colors-Eliassen.nl_.jpg","width":650,"height":650,"caption":"Fidrio Bl\u00fcte 30cm Mix Farben Eliassen.nl"},{"@type":"BreadcrumbList","@id":"https:\/\/www.eliassen.nl\/de\/fidrio-vase-bloom-gemischte-farben-30cm\/#breadcrumb","itemListElement":[{"@type":"ListItem","position":1,"name":"Home","item":"https:\/\/www.eliassen.nl\/de\/"},{"@type":"ListItem","position":2,"name":"Shop","item":"https:\/\/www.eliassen.nl\/de\/shop\/"},{"@type":"ListItem","position":3,"name":"Glaskunst","item":"https:\/\/www.eliassen.nl\/de\/glaskunst\/"},{"@type":"ListItem","position":4,"name":"Farbige Glasvasen","item":"https:\/\/www.eliassen.nl\/de\/glaskunst\/farbige-glasvasen\/"},{"@type":"ListItem","position":5,"name":"Fidrio Vase Bloom gemischte Farben 30cm"}]},{"@type":"WebSite","@id":"https:\/\/www.eliassen.nl\/de\/#website","url":"https:\/\/www.eliassen.nl\/de\/","name":"Eliassen Home & Garden Pleasure","description":"","publisher":{"@id":"https:\/\/www.eliassen.nl\/de\/#organization"},"alternateName":"Eliassen.nl","potentialAction":[{"@type":"SearchAction","target":{"@type":"EntryPoint","urlTemplate":"https:\/\/www.eliassen.nl\/de\/?s={search_term_string}"},"query-input":{"@type":"PropertyValueSpecification","valueRequired":true,"valueName":"search_term_string"}}],"inLanguage":"de"},{"@type":["Organization","Place"],"@id":"https:\/\/www.eliassen.nl\/de\/#organization","name":"Eliassen Home & Garden Pleasure","url":"https:\/\/www.eliassen.nl\/de\/","logo":{"@id":"https:\/\/www.eliassen.nl\/de\/fidrio-vase-bloom-gemischte-farben-30cm\/#local-main-organization-logo"},"image":{"@id":"https:\/\/www.eliassen.nl\/de\/fidrio-vase-bloom-gemischte-farben-30cm\/#local-main-organization-logo"},"sameAs":["https:\/\/www.facebook.com\/TuincentrumEliassenAmmerzoden","https:\/\/www.instagram.com\/eliassenhomeandgarden\/","https:\/\/nl.pinterest.com\/eliassenhomeandgarden\/","https:\/\/www.youtube.com\/@eliassenhomegardenpleasure4558"],"telephone":[],"openingHoursSpecification":[{"@type":"OpeningHoursSpecification","dayOfWeek":["Monday","Tuesday","Wednesday","Thursday","Friday","Saturday","Sunday"],"opens":"09:00","closes":"17:00"}]},{"@type":"ImageObject","inLanguage":"de","@id":"https:\/\/www.eliassen.nl\/de\/fidrio-vase-bloom-gemischte-farben-30cm\/#local-main-organization-logo","url":"https:\/\/www.eliassen.nl\/wp-content\/uploads\/2024\/01\/logo_4nd.jpg","contentUrl":"https:\/\/www.eliassen.nl\/wp-content\/uploads\/2024\/01\/logo_4nd.jpg","width":500,"height":500,"caption":"Eliassen Home & Garden Pleasure"}]},"product_price_amount":"64.50","product_price_currency":"EUR","og_availability":"instock","product_availability":"instock","product_retailer_item_id":"430\/6436\/mc","product_condition":"new"},"df_price":64.5,"df_sale_price":"","df_regular_price":64.5,"df_image_link":"https:\/\/www.eliassen.nl\/wp-content\/uploads\/2026\/01\/Fidrio-bloom-30cm-Mix-colors-Eliassen.nl_-300x300.jpg","image":"https:\/\/www.eliassen.nl\/wp-content\/uploads\/2026\/01\/Fidrio-bloom-30cm-Mix-colors-Eliassen.nl_-150x150.jpg","price_search":"<span class=\"woocommerce-Price-amount amount\"><bdi><span class=\"woocommerce-Price-currencySymbol\">&euro;<\/span>&nbsp;64,50<\/bdi><\/span>","category":"Farbige Glasvasen","global_unique_id":"2036807489760","_links":{"self":[{"href":"https:\/\/www.eliassen.nl\/de\/wp-json\/wp\/v2\/product\/205660","targetHints":{"allow":["GET"]}}],"collection":[{"href":"https:\/\/www.eliassen.nl\/de\/wp-json\/wp\/v2\/product"}],"about":[{"href":"https:\/\/www.eliassen.nl\/de\/wp-json\/wp\/v2\/types\/product"}],"wp:featuredmedia":[{"embeddable":true,"href":"https:\/\/www.eliassen.nl\/de\/wp-json\/wp\/v2\/media\/205351"}],"wp:attachment":[{"href":"https:\/\/www.eliassen.nl\/de\/wp-json\/wp\/v2\/media?parent=205660"}],"wp:term":[{"taxonomy":"product_brand","embeddable":true,"href":"https:\/\/www.eliassen.nl\/de\/wp-json\/wp\/v2\/product_brand?post=205660"},{"taxonomy":"product_cat","embeddable":true,"href":"https:\/\/www.eliassen.nl\/de\/wp-json\/wp\/v2\/product_cat?post=205660"},{"taxonomy":"product_tag","embeddable":true,"href":"https:\/\/www.eliassen.nl\/de\/wp-json\/wp\/v2\/product_tag?post=205660"}],"curies":[{"name":"wp","href":"https:\/\/api.w.org\/{rel}","templated":true}]}}