{"id":205652,"date":"2026-02-02T12:01:41","date_gmt":"2026-02-02T11:01:41","guid":{"rendered":"https:\/\/www.eliassen.nl\/product\/fidrio-vase-oblique-gemischte-farben-30cm\/"},"modified":"2026-04-16T11:18:57","modified_gmt":"2026-04-16T09:18:57","slug":"fidrio-vase-oblique-gemischte-farben-30cm","status":"publish","type":"product","link":"https:\/\/www.eliassen.nl\/de\/fidrio-vase-oblique-gemischte-farben-30cm\/","title":{"rendered":"Fidrio Vase Oblique gemischte Farben 22cm"},"content":{"rendered":"<p data-path-to-node=\"2\">Holen Sie sich ein wahres Kunstwerk in Ihr Zuhause mit der Fidrio Vase Oblique im Design &#8218;mixed colours&#8216;. Diese sch\u00f6ne Vase mit einer H\u00f6he von 22 cm ist aus hochwertigem mundgeblasenem Glas gefertigt und zieht mit ihrem kunstvollen Aussehen sofort die Blicke auf sich. Der Sockel der Vase hat einen hellen Farbton, der als Leinwand f\u00fcr eine lebhafte Farbexplosion dient: Tiefes Rot, frisches Gr\u00fcn, Violett und Goldakzente wechseln sich in einem einzigartigen, malerischen Muster ab.<\/p>\n<p data-path-to-node=\"3\">Dank seiner robusten Form und der gro\u00dfen \u00d6ffnung von 11 cm ist dieses Modell perfekt f\u00fcr die Pr\u00e4sentation eines gro\u00dfen und vollen Blumenstrau\u00dfes geeignet. Da jede Vase von Hand geformt wird, gleicht keine der anderen, so dass Sie immer ein exklusives St\u00fcck mit eigenem Charakter besitzen werden. M\u00f6chten Sie sehen, wie diese farbenfrohe Vase Ihr Interieur bereichern kann? Dann schauen Sie doch in unserem Ausstellungsraum in Ammerzoden vorbei, wo Sie sich in aller Ruhe unsere komplette Kollektion von Fidrio-Glaswaren und anderen stimmungsvollen Wohnaccessoires ansehen k\u00f6nnen.<\/p>\n<p data-path-to-node=\"3\">Gr\u00f6\u00dfe 20x20x22cm hoch.<\/p>\n","protected":false},"excerpt":{"rendered":"<p>Die Fidrio Vase Oblique &#8218;mixed colours&#8216; ist eine 30 cm hohe mundgeblasene Glasvase mit einem einzigartigen, k\u00fcnstlerischen Look. Die Mischung aus Rot-, Gr\u00fcn- und Goldt\u00f6nen auf hellem Grund macht dieses Modell mit einer breiten \u00d6ffnung von 11 cm perfekt f\u00fcr sch\u00f6ne Str\u00e4u\u00dfe. Ein farbenfroher und stilvoller Blickfang f\u00fcr jedes Interieur.<\/p>\n","protected":false},"featured_media":205308,"template":"","meta":{"_acf_changed":false,"_genesis_title":"","_genesis_description":""},"product_brand":[6950],"product_cat":[812,800,7060],"product_tag":[],"class_list":{"0":"post-205652","1":"product","2":"type-product","3":"status-publish","4":"has-post-thumbnail","6":"product_brand-fidrio-de","7":"product_cat-farbige-glasvasen","8":"product_cat-glaskunst","9":"product_cat-fidrio-glaskollektion","11":"first","12":"instock","13":"taxable","14":"shipping-taxable","15":"purchasable","16":"product-type-simple"},"acf":[],"meta_all":{"cor_restricted_countries":[],"total_sales":"3"},"meta_all_flat":{"total_sales":"3"},"yoast_head":"<!-- This site is optimized with the Yoast SEO Premium plugin v26.2 (Yoast SEO v27.2) - https:\/\/yoast.com\/product\/yoast-seo-premium-wordpress\/ -->\n<title>Fidrio Fidrio Vase Oblique gemischte Farben 22cm - Eliassen.nl<\/title>\n<meta name=\"description\" content=\"Kaufen Sie die einzigartige Fidrio Vase Oblique (22cm) in verschiedenen Farben bei Eliassen. Mundgeblasenes Glas, weite \u00d6ffnung (11 cm) f\u00fcr Str\u00e4u\u00dfe. Sehen Sie es sich in unserem Ausstellungsraum an!\" \/>\n<meta name=\"robots\" content=\"index, follow, max-snippet:-1, max-image-preview:large, max-video-preview:-1\" \/>\n<link rel=\"canonical\" href=\"https:\/\/www.eliassen.nl\/de\/fidrio-vase-oblique-gemischte-farben-30cm\/\" \/>\n<meta property=\"og:locale\" content=\"de_DE\" \/>\n<meta property=\"og:type\" content=\"article\" \/>\n<meta property=\"og:title\" content=\"Fidrio Fidrio Vase Oblique gemischte Farben 22cm - Eliassen.nl\" \/>\n<meta property=\"og:description\" content=\"Kaufen Sie die einzigartige Fidrio Vase Oblique (22cm) in verschiedenen Farben bei Eliassen. Mundgeblasenes Glas, weite \u00d6ffnung (11 cm) f\u00fcr Str\u00e4u\u00dfe. Sehen Sie es sich in unserem Ausstellungsraum an!\" \/>\n<meta property=\"og:url\" content=\"https:\/\/www.eliassen.nl\/de\/fidrio-vase-oblique-gemischte-farben-30cm\/\" \/>\n<meta property=\"og:site_name\" content=\"Eliassen.nl\" \/>\n<meta property=\"article:publisher\" content=\"https:\/\/www.facebook.com\/TuincentrumEliassenAmmerzoden\" \/>\n<meta property=\"article:modified_time\" content=\"2026-04-16T09:18:57+00:00\" \/>\n<meta property=\"og:image\" content=\"https:\/\/www.eliassen.nl\/wp-content\/uploads\/2026\/01\/Fidrio-oblique-22cm-Mix-colors-Eliassen.nl_.jpg\" \/>\n\t<meta property=\"og:image:width\" content=\"650\" \/>\n\t<meta property=\"og:image:height\" content=\"650\" \/>\n\t<meta property=\"og:image:type\" content=\"image\/jpeg\" \/>\n<meta name=\"twitter:card\" content=\"summary_large_image\" \/>\n<script type=\"application\/ld+json\" class=\"yoast-schema-graph\">{\"@context\":\"https:\/\/schema.org\",\"@graph\":[{\"@type\":\"WebPage\",\"@id\":\"https:\/\/www.eliassen.nl\/de\/fidrio-vase-oblique-gemischte-farben-30cm\/\",\"url\":\"https:\/\/www.eliassen.nl\/de\/fidrio-vase-oblique-gemischte-farben-30cm\/\",\"name\":\"Fidrio Fidrio Vase Oblique gemischte Farben 22cm - Eliassen.nl\",\"isPartOf\":{\"@id\":\"https:\/\/www.eliassen.nl\/de\/#website\"},\"primaryImageOfPage\":{\"@id\":\"https:\/\/www.eliassen.nl\/de\/fidrio-vase-oblique-gemischte-farben-30cm\/#primaryimage\"},\"image\":{\"@id\":\"https:\/\/www.eliassen.nl\/de\/fidrio-vase-oblique-gemischte-farben-30cm\/#primaryimage\"},\"thumbnailUrl\":\"https:\/\/www.eliassen.nl\/wp-content\/uploads\/2026\/01\/Fidrio-oblique-22cm-Mix-colors-Eliassen.nl_.jpg\",\"datePublished\":\"2026-02-02T11:01:41+00:00\",\"dateModified\":\"2026-04-16T09:18:57+00:00\",\"description\":\"Kaufen Sie die einzigartige Fidrio Vase Oblique (22cm) in verschiedenen Farben bei Eliassen. Mundgeblasenes Glas, weite \u00d6ffnung (11 cm) f\u00fcr Str\u00e4u\u00dfe. Sehen Sie es sich in unserem Ausstellungsraum an!\",\"breadcrumb\":{\"@id\":\"https:\/\/www.eliassen.nl\/de\/fidrio-vase-oblique-gemischte-farben-30cm\/#breadcrumb\"},\"inLanguage\":\"de\",\"potentialAction\":[{\"@type\":\"ReadAction\",\"target\":[\"https:\/\/www.eliassen.nl\/de\/fidrio-vase-oblique-gemischte-farben-30cm\/\"]}]},{\"@type\":\"ImageObject\",\"inLanguage\":\"de\",\"@id\":\"https:\/\/www.eliassen.nl\/de\/fidrio-vase-oblique-gemischte-farben-30cm\/#primaryimage\",\"url\":\"https:\/\/www.eliassen.nl\/wp-content\/uploads\/2026\/01\/Fidrio-oblique-22cm-Mix-colors-Eliassen.nl_.jpg\",\"contentUrl\":\"https:\/\/www.eliassen.nl\/wp-content\/uploads\/2026\/01\/Fidrio-oblique-22cm-Mix-colors-Eliassen.nl_.jpg\",\"width\":650,\"height\":650,\"caption\":\"Fidrio schr\u00e4g 22cm Mix Farben Eliassen.nl\"},{\"@type\":\"BreadcrumbList\",\"@id\":\"https:\/\/www.eliassen.nl\/de\/fidrio-vase-oblique-gemischte-farben-30cm\/#breadcrumb\",\"itemListElement\":[{\"@type\":\"ListItem\",\"position\":1,\"name\":\"Home\",\"item\":\"https:\/\/www.eliassen.nl\/de\/\"},{\"@type\":\"ListItem\",\"position\":2,\"name\":\"Shop\",\"item\":\"https:\/\/www.eliassen.nl\/de\/shop\/\"},{\"@type\":\"ListItem\",\"position\":3,\"name\":\"Glaskunst\",\"item\":\"https:\/\/www.eliassen.nl\/de\/glaskunst\/\"},{\"@type\":\"ListItem\",\"position\":4,\"name\":\"Farbige Glasvasen\",\"item\":\"https:\/\/www.eliassen.nl\/de\/glaskunst\/farbige-glasvasen\/\"},{\"@type\":\"ListItem\",\"position\":5,\"name\":\"Fidrio Vase Oblique gemischte Farben 22cm\"}]},{\"@type\":\"WebSite\",\"@id\":\"https:\/\/www.eliassen.nl\/de\/#website\",\"url\":\"https:\/\/www.eliassen.nl\/de\/\",\"name\":\"Eliassen Home & Garden Pleasure\",\"description\":\"\",\"publisher\":{\"@id\":\"https:\/\/www.eliassen.nl\/de\/#organization\"},\"alternateName\":\"Eliassen.nl\",\"potentialAction\":[{\"@type\":\"SearchAction\",\"target\":{\"@type\":\"EntryPoint\",\"urlTemplate\":\"https:\/\/www.eliassen.nl\/de\/?s={search_term_string}\"},\"query-input\":{\"@type\":\"PropertyValueSpecification\",\"valueRequired\":true,\"valueName\":\"search_term_string\"}}],\"inLanguage\":\"de\"},{\"@type\":[\"Organization\",\"Place\"],\"@id\":\"https:\/\/www.eliassen.nl\/de\/#organization\",\"name\":\"Eliassen Home & Garden Pleasure\",\"url\":\"https:\/\/www.eliassen.nl\/de\/\",\"logo\":{\"@id\":\"https:\/\/www.eliassen.nl\/de\/fidrio-vase-oblique-gemischte-farben-30cm\/#local-main-organization-logo\"},\"image\":{\"@id\":\"https:\/\/www.eliassen.nl\/de\/fidrio-vase-oblique-gemischte-farben-30cm\/#local-main-organization-logo\"},\"sameAs\":[\"https:\/\/www.facebook.com\/TuincentrumEliassenAmmerzoden\",\"https:\/\/www.instagram.com\/eliassenhomeandgarden\/\",\"https:\/\/nl.pinterest.com\/eliassenhomeandgarden\/\",\"https:\/\/www.youtube.com\/@eliassenhomegardenpleasure4558\"],\"telephone\":[],\"openingHoursSpecification\":[{\"@type\":\"OpeningHoursSpecification\",\"dayOfWeek\":[\"Monday\",\"Tuesday\",\"Wednesday\",\"Thursday\",\"Friday\",\"Saturday\",\"Sunday\"],\"opens\":\"09:00\",\"closes\":\"17:00\"}]},{\"@type\":\"ImageObject\",\"inLanguage\":\"de\",\"@id\":\"https:\/\/www.eliassen.nl\/de\/fidrio-vase-oblique-gemischte-farben-30cm\/#local-main-organization-logo\",\"url\":\"https:\/\/www.eliassen.nl\/wp-content\/uploads\/2024\/01\/logo_4nd.jpg\",\"contentUrl\":\"https:\/\/www.eliassen.nl\/wp-content\/uploads\/2024\/01\/logo_4nd.jpg\",\"width\":500,\"height\":500,\"caption\":\"Eliassen Home & Garden Pleasure\"}]}<\/script>\n<meta property=\"product:price:amount\" content=\"49.50\" \/>\n<meta property=\"product:price:currency\" content=\"EUR\" \/>\n<meta property=\"og:availability\" content=\"instock\" \/>\n<meta property=\"product:availability\" content=\"instock\" \/>\n<meta property=\"product:retailer_item_id\" content=\"430\/9383\/mc\" \/>\n<meta property=\"product:condition\" content=\"new\" \/>\n<!-- \/ Yoast SEO Premium plugin. -->","yoast_head_json":{"title":"Fidrio Fidrio Vase Oblique gemischte Farben 22cm - Eliassen.nl","description":"Kaufen Sie die einzigartige Fidrio Vase Oblique (22cm) in verschiedenen Farben bei Eliassen. Mundgeblasenes Glas, weite \u00d6ffnung (11 cm) f\u00fcr Str\u00e4u\u00dfe. Sehen Sie es sich in unserem Ausstellungsraum an!","robots":{"index":"index","follow":"follow","max-snippet":"max-snippet:-1","max-image-preview":"max-image-preview:large","max-video-preview":"max-video-preview:-1"},"canonical":"https:\/\/www.eliassen.nl\/de\/fidrio-vase-oblique-gemischte-farben-30cm\/","og_locale":"de_DE","og_type":"article","og_title":"Fidrio Fidrio Vase Oblique gemischte Farben 22cm - Eliassen.nl","og_description":"Kaufen Sie die einzigartige Fidrio Vase Oblique (22cm) in verschiedenen Farben bei Eliassen. Mundgeblasenes Glas, weite \u00d6ffnung (11 cm) f\u00fcr Str\u00e4u\u00dfe. Sehen Sie es sich in unserem Ausstellungsraum an!","og_url":"https:\/\/www.eliassen.nl\/de\/fidrio-vase-oblique-gemischte-farben-30cm\/","og_site_name":"Eliassen.nl","article_publisher":"https:\/\/www.facebook.com\/TuincentrumEliassenAmmerzoden","article_modified_time":"2026-04-16T09:18:57+00:00","og_image":[{"width":650,"height":650,"url":"https:\/\/www.eliassen.nl\/wp-content\/uploads\/2026\/01\/Fidrio-oblique-22cm-Mix-colors-Eliassen.nl_.jpg","type":"image\/jpeg"}],"twitter_card":"summary_large_image","schema":{"@context":"https:\/\/schema.org","@graph":[{"@type":"WebPage","@id":"https:\/\/www.eliassen.nl\/de\/fidrio-vase-oblique-gemischte-farben-30cm\/","url":"https:\/\/www.eliassen.nl\/de\/fidrio-vase-oblique-gemischte-farben-30cm\/","name":"Fidrio Fidrio Vase Oblique gemischte Farben 22cm - Eliassen.nl","isPartOf":{"@id":"https:\/\/www.eliassen.nl\/de\/#website"},"primaryImageOfPage":{"@id":"https:\/\/www.eliassen.nl\/de\/fidrio-vase-oblique-gemischte-farben-30cm\/#primaryimage"},"image":{"@id":"https:\/\/www.eliassen.nl\/de\/fidrio-vase-oblique-gemischte-farben-30cm\/#primaryimage"},"thumbnailUrl":"https:\/\/www.eliassen.nl\/wp-content\/uploads\/2026\/01\/Fidrio-oblique-22cm-Mix-colors-Eliassen.nl_.jpg","datePublished":"2026-02-02T11:01:41+00:00","dateModified":"2026-04-16T09:18:57+00:00","description":"Kaufen Sie die einzigartige Fidrio Vase Oblique (22cm) in verschiedenen Farben bei Eliassen. Mundgeblasenes Glas, weite \u00d6ffnung (11 cm) f\u00fcr Str\u00e4u\u00dfe. Sehen Sie es sich in unserem Ausstellungsraum an!","breadcrumb":{"@id":"https:\/\/www.eliassen.nl\/de\/fidrio-vase-oblique-gemischte-farben-30cm\/#breadcrumb"},"inLanguage":"de","potentialAction":[{"@type":"ReadAction","target":["https:\/\/www.eliassen.nl\/de\/fidrio-vase-oblique-gemischte-farben-30cm\/"]}]},{"@type":"ImageObject","inLanguage":"de","@id":"https:\/\/www.eliassen.nl\/de\/fidrio-vase-oblique-gemischte-farben-30cm\/#primaryimage","url":"https:\/\/www.eliassen.nl\/wp-content\/uploads\/2026\/01\/Fidrio-oblique-22cm-Mix-colors-Eliassen.nl_.jpg","contentUrl":"https:\/\/www.eliassen.nl\/wp-content\/uploads\/2026\/01\/Fidrio-oblique-22cm-Mix-colors-Eliassen.nl_.jpg","width":650,"height":650,"caption":"Fidrio schr\u00e4g 22cm Mix Farben Eliassen.nl"},{"@type":"BreadcrumbList","@id":"https:\/\/www.eliassen.nl\/de\/fidrio-vase-oblique-gemischte-farben-30cm\/#breadcrumb","itemListElement":[{"@type":"ListItem","position":1,"name":"Home","item":"https:\/\/www.eliassen.nl\/de\/"},{"@type":"ListItem","position":2,"name":"Shop","item":"https:\/\/www.eliassen.nl\/de\/shop\/"},{"@type":"ListItem","position":3,"name":"Glaskunst","item":"https:\/\/www.eliassen.nl\/de\/glaskunst\/"},{"@type":"ListItem","position":4,"name":"Farbige Glasvasen","item":"https:\/\/www.eliassen.nl\/de\/glaskunst\/farbige-glasvasen\/"},{"@type":"ListItem","position":5,"name":"Fidrio Vase Oblique gemischte Farben 22cm"}]},{"@type":"WebSite","@id":"https:\/\/www.eliassen.nl\/de\/#website","url":"https:\/\/www.eliassen.nl\/de\/","name":"Eliassen Home & Garden Pleasure","description":"","publisher":{"@id":"https:\/\/www.eliassen.nl\/de\/#organization"},"alternateName":"Eliassen.nl","potentialAction":[{"@type":"SearchAction","target":{"@type":"EntryPoint","urlTemplate":"https:\/\/www.eliassen.nl\/de\/?s={search_term_string}"},"query-input":{"@type":"PropertyValueSpecification","valueRequired":true,"valueName":"search_term_string"}}],"inLanguage":"de"},{"@type":["Organization","Place"],"@id":"https:\/\/www.eliassen.nl\/de\/#organization","name":"Eliassen Home & Garden Pleasure","url":"https:\/\/www.eliassen.nl\/de\/","logo":{"@id":"https:\/\/www.eliassen.nl\/de\/fidrio-vase-oblique-gemischte-farben-30cm\/#local-main-organization-logo"},"image":{"@id":"https:\/\/www.eliassen.nl\/de\/fidrio-vase-oblique-gemischte-farben-30cm\/#local-main-organization-logo"},"sameAs":["https:\/\/www.facebook.com\/TuincentrumEliassenAmmerzoden","https:\/\/www.instagram.com\/eliassenhomeandgarden\/","https:\/\/nl.pinterest.com\/eliassenhomeandgarden\/","https:\/\/www.youtube.com\/@eliassenhomegardenpleasure4558"],"telephone":[],"openingHoursSpecification":[{"@type":"OpeningHoursSpecification","dayOfWeek":["Monday","Tuesday","Wednesday","Thursday","Friday","Saturday","Sunday"],"opens":"09:00","closes":"17:00"}]},{"@type":"ImageObject","inLanguage":"de","@id":"https:\/\/www.eliassen.nl\/de\/fidrio-vase-oblique-gemischte-farben-30cm\/#local-main-organization-logo","url":"https:\/\/www.eliassen.nl\/wp-content\/uploads\/2024\/01\/logo_4nd.jpg","contentUrl":"https:\/\/www.eliassen.nl\/wp-content\/uploads\/2024\/01\/logo_4nd.jpg","width":500,"height":500,"caption":"Eliassen Home & Garden Pleasure"}]},"product_price_amount":"49.50","product_price_currency":"EUR","og_availability":"instock","product_availability":"instock","product_retailer_item_id":"430\/9383\/mc","product_condition":"new"},"df_price":49.5,"df_sale_price":"","df_regular_price":49.5,"df_image_link":"https:\/\/www.eliassen.nl\/wp-content\/uploads\/2026\/01\/Fidrio-oblique-22cm-Mix-colors-Eliassen.nl_-300x300.jpg","image":"https:\/\/www.eliassen.nl\/wp-content\/uploads\/2026\/01\/Fidrio-oblique-22cm-Mix-colors-Eliassen.nl_-150x150.jpg","price_search":"<span class=\"woocommerce-Price-amount amount\"><bdi><span class=\"woocommerce-Price-currencySymbol\">&euro;<\/span>&nbsp;49,50<\/bdi><\/span>","category":"Farbige Glasvasen","global_unique_id":"2036817116373","_links":{"self":[{"href":"https:\/\/www.eliassen.nl\/de\/wp-json\/wp\/v2\/product\/205652","targetHints":{"allow":["GET"]}}],"collection":[{"href":"https:\/\/www.eliassen.nl\/de\/wp-json\/wp\/v2\/product"}],"about":[{"href":"https:\/\/www.eliassen.nl\/de\/wp-json\/wp\/v2\/types\/product"}],"wp:featuredmedia":[{"embeddable":true,"href":"https:\/\/www.eliassen.nl\/de\/wp-json\/wp\/v2\/media\/205308"}],"wp:attachment":[{"href":"https:\/\/www.eliassen.nl\/de\/wp-json\/wp\/v2\/media?parent=205652"}],"wp:term":[{"taxonomy":"product_brand","embeddable":true,"href":"https:\/\/www.eliassen.nl\/de\/wp-json\/wp\/v2\/product_brand?post=205652"},{"taxonomy":"product_cat","embeddable":true,"href":"https:\/\/www.eliassen.nl\/de\/wp-json\/wp\/v2\/product_cat?post=205652"},{"taxonomy":"product_tag","embeddable":true,"href":"https:\/\/www.eliassen.nl\/de\/wp-json\/wp\/v2\/product_tag?post=205652"}],"curies":[{"name":"wp","href":"https:\/\/api.w.org\/{rel}","templated":true}]}}